{"id":1877,"date":"2025-07-11T13:55:36","date_gmt":"2025-07-11T11:55:36","guid":{"rendered":"https:\/\/bno-travel.com\/?page_id=1877"},"modified":"2025-07-11T13:56:15","modified_gmt":"2025-07-11T11:56:15","slug":"rejser-her-til-trysil","status":"publish","type":"page","link":"https:\/\/bno-travel.com\/da\/rejser-her-til-trysil\/","title":{"rendered":"Rejser her til Trysil"},"content":{"rendered":"\n<div class=\"wp-block-group alignfull is-content-justification-center is-layout-constrained wp-block-group-is-layout-constrained\" style=\"margin-top:0;margin-bottom:0;padding-top:var(--wp--preset--spacing--40);padding-bottom:var(--wp--preset--spacing--40)\">\n<figure class=\"wp-block-image alignwide size-full aspect-16\/9\"><img data-recalc-dims=\"1\" fetchpriority=\"high\" decoding=\"async\" width=\"800\" height=\"533\" src=\"https:\/\/i0.wp.com\/bno-travel.com\/wp-content\/uploads\/2025\/06\/10001-20191216-Drone0784-scaled-1.jpg?resize=800%2C533&#038;ssl=1\" alt=\"\" class=\"wp-image-13\" srcset=\"https:\/\/i0.wp.com\/bno-travel.com\/wp-content\/uploads\/2025\/06\/10001-20191216-Drone0784-scaled-1.jpg?w=2560&amp;ssl=1 2560w, https:\/\/i0.wp.com\/bno-travel.com\/wp-content\/uploads\/2025\/06\/10001-20191216-Drone0784-scaled-1.jpg?resize=300%2C200&amp;ssl=1 300w, https:\/\/i0.wp.com\/bno-travel.com\/wp-content\/uploads\/2025\/06\/10001-20191216-Drone0784-scaled-1.jpg?resize=1024%2C682&amp;ssl=1 1024w, https:\/\/i0.wp.com\/bno-travel.com\/wp-content\/uploads\/2025\/06\/10001-20191216-Drone0784-scaled-1.jpg?resize=768%2C512&amp;ssl=1 768w, https:\/\/i0.wp.com\/bno-travel.com\/wp-content\/uploads\/2025\/06\/10001-20191216-Drone0784-scaled-1.jpg?resize=1536%2C1024&amp;ssl=1 1536w, https:\/\/i0.wp.com\/bno-travel.com\/wp-content\/uploads\/2025\/06\/10001-20191216-Drone0784-scaled-1.jpg?resize=2048%2C1365&amp;ssl=1 2048w, https:\/\/i0.wp.com\/bno-travel.com\/wp-content\/uploads\/2025\/06\/10001-20191216-Drone0784-scaled-1.jpg?w=1600&amp;ssl=1 1600w, https:\/\/i0.wp.com\/bno-travel.com\/wp-content\/uploads\/2025\/06\/10001-20191216-Drone0784-scaled-1.jpg?w=2400&amp;ssl=1 2400w\" sizes=\"(max-width: 800px) 100vw, 800px\" \/><\/figure>\n<\/div>\n\n<div class=\"wp-block-group alignfull is-style-section-3 is-content-justification-center is-layout-constrained wp-container-core-group-is-layout-b54e18b3 wp-block-group-is-layout-constrained\" style=\"margin-top:0;margin-bottom:0;padding-top:var(--wp--preset--spacing--50);padding-bottom:var(--wp--preset--spacing--50)\">\n<h2 class=\"wp-block-heading alignwide has-text-align-left\">S\u00e5dan kommer du til Trysil - med fly, biludlejning, bus, tog eller privatbil<\/h2>\n\n\n\n<p class=\"wp-block-paragraph\"><\/p>\n\n\n\n<div class=\"wp-block-group alignwide is-layout-flow wp-container-core-group-is-layout-a7dce961 wp-block-group-is-layout-flow\">\n<div class=\"wp-block-columns alignwide is-layout-flex wp-container-core-columns-is-layout-cb1de518 wp-block-columns-is-layout-flex\">\n<div class=\"wp-block-column is-layout-flow wp-block-column-is-layout-flow\" style=\"padding-top:24px;padding-bottom:24px\">\n<h3 class=\"wp-block-heading alignwide has-text-align-left is-service-name\">\u2708\ufe0f Med fly til Oslo Lufthavn Gardermoen (OSL)<\/h3>\n<\/div>\n\n\n\n<div class=\"wp-block-column is-layout-flow wp-block-column-is-layout-flow\">\n<div class=\"wp-block-group alignwide is-layout-flow wp-block-group-is-layout-flow\" style=\"border-bottom-width:1px;padding-top:40px;padding-bottom:40px\">\n<p class=\"is-service-description wp-block-paragraph\"><\/p>\n\n\n\n<p class=\"wp-block-paragraph\">Oslo Lufthavn er det mest almindelige indgangssted for Trysil-rejsende. Der er direkte fly fra en r\u00e6kke st\u00f8rre europ\u00e6iske byer. <\/p>\n\n\n\n<p class=\"wp-block-paragraph\"><strong>Forts\u00e6t til Trysil fra Gardermoen:<\/strong><\/p>\n\n\n\n<p class=\"is-service-description wp-block-paragraph\"><strong>Bus<\/strong>: Trysilekspressen har flere daglige afgange i vinterhalv\u00e5ret. Rejsetid ca. 3,5 timer.  <\/p>\n\n\n\n<p class=\"wp-block-paragraph\"><strong>Leje<\/strong> af <strong>bil<\/strong>: BNO Travel tilbyder biludlejning med afhentning i lufthavnen - k\u00f8retid til Trysil ca. 2 timer. <\/p>\n<\/div>\n<\/div>\n<\/div>\n\n\n\n<div class=\"wp-block-columns alignwide is-layout-flex wp-container-core-columns-is-layout-cb1de518 wp-block-columns-is-layout-flex\">\n<div class=\"wp-block-column is-layout-flow wp-block-column-is-layout-flow\" style=\"padding-top:24px;padding-bottom:24px\">\n<h3 class=\"wp-block-heading alignwide has-text-align-left is-service-name\">\u2708\ufe0f Med fly til Scandinavian Mountains Airport (SCR)<\/h3>\n<\/div>\n\n\n\n<div class=\"wp-block-column is-layout-flow wp-block-column-is-layout-flow\">\n<div class=\"wp-block-group alignwide is-layout-flow wp-block-group-is-layout-flow\" style=\"border-bottom-width:1px;padding-top:40px;padding-bottom:40px\">\n<p class=\"is-service-description wp-block-paragraph\">Scandinavian Mountains Airport ligger kun 45 minutter fra Trysil og har s\u00e6sonbestemte afgange fra flere europ\u00e6iske byer.<\/p>\n\n\n\n<p class=\"wp-block-paragraph\"><strong>Forts\u00e6t til Trysil fra SCR:<\/strong><\/p>\n\n\n\n<p class=\"is-service-description wp-block-paragraph\"><strong>Bus<\/strong>: Der tilbydes shuttlebus til Trysil for ankomster i vinters\u00e6sonen.<\/p>\n\n\n\n<p class=\"wp-block-paragraph\"><strong>Lej<\/strong> en <strong>bil<\/strong>: Book din lejebil gennem BNO Travel.<\/p>\n<\/div>\n<\/div>\n<\/div>\n\n\n\n<div class=\"wp-block-columns alignwide is-layout-flex wp-container-core-columns-is-layout-cb1de518 wp-block-columns-is-layout-flex\">\n<div class=\"wp-block-column is-layout-flow wp-block-column-is-layout-flow\" style=\"padding-top:24px;padding-bottom:24px\">\n<h3 class=\"wp-block-heading alignwide has-text-align-left is-service-name\">\ud83d\ude86\ud83d\ude8d At rejse fra by til by - med tog, bus eller bil<\/h3>\n<\/div>\n\n\n\n<div class=\"wp-block-column is-layout-flow wp-block-column-is-layout-flow\">\n<div class=\"wp-block-group alignwide is-layout-flow wp-block-group-is-layout-flow\" style=\"border-bottom-width:1px;padding-top:40px;padding-bottom:40px\">\n<p class=\"wp-block-paragraph\"><\/p>\n\n\n\n<h3 class=\"wp-block-heading\"><strong>Fra Stockholm<\/strong><\/h3>\n\n\n\n<p class=\"is-service-description wp-block-paragraph\"><strong>I bil<\/strong>: Ca. 5,5-6 timer via E18 og hovedvej 62. <\/p>\n\n\n\n<p class=\"wp-block-paragraph\"><strong>Tog og bus:<\/strong> Tag toget til <strong>Karlstad<\/strong> eller <strong>Hamar<\/strong> og derefter bussen til Trysil. Tog til Hamar g\u00e5r via Oslo. Samlet rejsetid: 6-7 timer.  <\/p>\n\n\n\n<p class=\"wp-block-paragraph\"><strong>Bus<\/strong>: Flixbus til Oslo, derefter Trysilekspressen.<\/p>\n\n\n\n<h3 class=\"wp-block-heading\"><strong>Fra G\u00f6teborg<\/strong><\/h3>\n\n\n\n<ul class=\"wp-block-list\">\n<li>Med <strong>tog<\/strong>: Tog til Oslo (ca. 4 timer), derefter tog til Hamar og bus til Trysil.<\/li>\n\n\n\n<li><strong>Bus<\/strong>: Flixbus eller Vy til Oslo, derefter Trysilekspressen.<\/li>\n\n\n\n<li><strong>I bil<\/strong>: Ca. 6-6,5 timer via E6 og E18 mod Elverum. <\/li>\n<\/ul>\n\n\n\n<h3 class=\"wp-block-heading\"><strong>Fra Helsinki<\/strong><\/h3>\n\n\n\n<ul class=\"wp-block-list\">\n<li><strong>Tog og f\u00e6rge<\/strong>: Tag en f\u00e6rge til Stockholm eller Turku, tog til Oslo via Karlstad og bus til Trysil.<\/li>\n\n\n\n<li><strong>Bus<\/strong>: Kombination af f\u00e6rge + langdistancebus til Oslo, derefter Trysilekspressen.<\/li>\n\n\n\n<li><strong>I bil<\/strong>: Ca. 12-13 timer via Stockholm og videre som ovenfor. <\/li>\n<\/ul>\n\n\n\n<h3 class=\"wp-block-heading\"><strong>Fra K\u00f8enhavn<\/strong><\/h3>\n\n\n\n<p class=\"wp-block-paragraph\"><strong>Tog<\/strong>: Tog til G\u00f6teborg, videre til Oslo, derefter tog til Hamar og bus til Trysil.<\/p>\n\n\n\n<p class=\"wp-block-paragraph\">Med <strong>bus<\/strong>: Langdistancebus til Oslo, videre med Trysilekspressen.<\/p>\n\n\n\n<p class=\"wp-block-paragraph\"><strong>I bil<\/strong>: Ca. 9-10 timer via \u00d8resundsbroen og G\u00f6teborg-Oslo. <\/p>\n\n\n\n<h3 class=\"wp-block-heading\"><strong>Fra Fredrikshavn<\/strong> (f\u00e6rge fra Danmark)<\/h3>\n\n\n\n<ul class=\"wp-block-list\">\n<li>Med <strong>tog<\/strong>: Tog fra Frederikshavn til Oslo via G\u00f6teborg, derefter videre til Trysil med bus eller tog\/bus-kombination.<\/li>\n\n\n\n<li>Med <strong>bus<\/strong>: Langdistancebus via Oslo.<\/li>\n\n\n\n<li><strong>Bil:<\/strong> Ca. 7-7,5 timer. <\/li>\n<\/ul>\n\n\n\n<h3 class=\"wp-block-heading\"><strong>Fra Kiel <\/strong>(f\u00e6rge fra Tyskland)<\/h3>\n\n\n\n<p class=\"wp-block-paragraph\">Med <strong>tog<\/strong>: Tog til K\u00f8benhavn eller G\u00f6teborg, videre til Oslo, derefter Hamar og bus til Trysil.<\/p>\n\n\n\n<p class=\"wp-block-paragraph\"><strong>Bus<\/strong>: Langdistancelinjer via Danmark og Sverige til Oslo, derefter Trysilekspressen.<\/p>\n\n\n\n<p class=\"wp-block-paragraph\"><strong>I bil<\/strong>: Ca. 12-13 timer via Danmark og ind i Norge via Svinesund. <\/p>\n<\/div>\n<\/div>\n<\/div>\n<\/div>\n<\/div>\n\n<div class=\"wp-block-group alignwide is-layout-flow wp-block-group-is-layout-flow\" style=\"border-bottom-width:1px;padding-top:40px;padding-bottom:40px\">\n<p class=\"is-service-description wp-block-paragraph\"><mark style=\"background-color:rgba(0, 0, 0, 0);color:#000000\" class=\"has-inline-color\">\ud83d\ude99 BNO Travel - din rejsepartner til Trysil<\/mark><\/p>\n\n\n\n<p class=\"wp-block-paragraph\">Uanset hvordan du v\u00e6lger at rejse, g\u00f8r vi din rejse lettere:<\/p>\n\n\n\n<ul class=\"wp-block-list\">\n<li><strong>Biludlejning p\u00e5 flere destinationer<\/strong><\/li>\n\n\n\n<li><strong>Bestilling af bus og transport<\/strong><\/li>\n\n\n\n<li><strong>R\u00e5dgivning og rejseplanl\u00e6gning<\/strong><\/li>\n<\/ul>\n\n\n\n<p class=\"wp-block-paragraph\">Kontakt os for at f\u00e5 hj\u00e6lp til din Trysil-rejse!<\/p>\n<\/div>\n\n<p class=\"wp-block-paragraph\"><\/p>\n","protected":false},"excerpt":{"rendered":"<p>S\u00e5dan kommer du til Trysil - med fly, biludlejning, bus, tog eller privatbil \u2708\ufe0f Med fly til Oslo Lufthavn Gardermoen (OSL) Oslo Lufthavn er det mest almindelige indgangssted for Trysil-rejsende. Der er direkte fly fra en r\u00e6kke st\u00f8rre europ\u00e6iske byer. Forts\u00e6t til Trysil fra Gardermoen: Bus: Trysilekspressen har flere daglige afgange i vinterhalv\u00e5ret. Rejsetid ca. [&hellip;]<\/p>\n","protected":false},"author":260013438,"featured_media":0,"parent":0,"menu_order":0,"comment_status":"closed","ping_status":"closed","template":"","meta":{"_crdt_document":"","footnotes":""},"class_list":["post-1877","page","type-page","status-publish","hentry"],"jetpack_likes_enabled":true,"jetpack_sharing_enabled":true,"jetpack_shortlink":"https:\/\/wp.me\/PgDuwj-uh","jetpack-related-posts":[{"id":2853,"url":"https:\/\/bno-travel.com\/da\/din-rejse\/","url_meta":{"origin":1877,"position":0},"title":"Din rejse til Trysil og S\u00e4len","author":"Jan Terje \u00c5s","date":"11. juli 2025","format":false,"excerpt":"Find dit yndlingssted Din rejse til Trysil og S\u00e4len. Dr\u00f8mmer du om en fjeldferie i Trysil eller S\u00e4len? Din rejse med BNO Travel byder p\u00e5 trygge og fleksible ferier til Norges og Sveriges mest popul\u00e6re vintersportsdestinationer. Nyd skil\u00f8b, sne, naturoplevelser og familieaktiviteter - med klare rejsebetingelser og alt tilrettelagt for\u2026","rel":"","context":"Similar post","block_context":{"text":"Similar post","link":""},"img":{"alt_text":"Vandring i Trysil Skagsvola - en herlig vandretur for hele familien.","src":"https:\/\/i0.wp.com\/bno-travel.com\/wp-content\/uploads\/2025\/06\/28177379886_c8a50193b0_c.jpg?resize=350%2C200","width":350,"height":200,"srcset":"https:\/\/i0.wp.com\/bno-travel.com\/wp-content\/uploads\/2025\/06\/28177379886_c8a50193b0_c.jpg?resize=350%2C200 1x, https:\/\/i0.wp.com\/bno-travel.com\/wp-content\/uploads\/2025\/06\/28177379886_c8a50193b0_c.jpg?resize=525%2C300 1.5x, https:\/\/i0.wp.com\/bno-travel.com\/wp-content\/uploads\/2025\/06\/28177379886_c8a50193b0_c.jpg?resize=700%2C400 2x"},"classes":[]},{"id":4294,"url":"https:\/\/bno-travel.com\/da\/golf-i-trysil\/","url_meta":{"origin":1877,"position":1},"title":"Golf i Trysil","author":"Jan Terje \u00c5s","date":"18. juli 2025","format":false,"excerpt":"Golf i Trysil og Engerdal - Spil med udsigt til fjelde, skove og stilhed Velkommen til Trysil og Engerdal - et sandt golfparadis i natursk\u00f8nne omgivelser! Her finder du velholdte baner, spektakul\u00e6re udsigter og rolige omgivelser, som giver en helt s\u00e6rlig golfoplevelse. Uanset om du er en erfaren golfspiller eller\u2026","rel":"","context":"Similar post","block_context":{"text":"Similar post","link":""},"img":{"alt_text":"Golf i Trysil","src":"https:\/\/i0.wp.com\/bno-travel.com\/wp-content\/uploads\/2025\/06\/18670754034_e10bf74a7e_c.jpg?resize=350%2C200&ssl=1","width":350,"height":200,"srcset":"https:\/\/i0.wp.com\/bno-travel.com\/wp-content\/uploads\/2025\/06\/18670754034_e10bf74a7e_c.jpg?resize=350%2C200&ssl=1 1x, https:\/\/i0.wp.com\/bno-travel.com\/wp-content\/uploads\/2025\/06\/18670754034_e10bf74a7e_c.jpg?resize=525%2C300&ssl=1 1.5x"},"classes":[]},{"id":2763,"url":"https:\/\/bno-travel.com\/da\/kontakt-os\/","url_meta":{"origin":1877,"position":2},"title":"Kontakt os","author":"Jan Terje \u00c5s","date":"11. juli 2025","format":false,"excerpt":"Har du sp\u00f8rgsm\u00e5l om rejser, bookinger eller vores tjenester? Vi er glade for at kunne hj\u00e6lpe dig! Udfyld kontaktformularen, send os en e-mail eller ring til os, s\u00e5 vender vi tilbage til dig s\u00e5 hurtigt som muligt. Vestmovegen 7, 2420 Trysil, Norge","rel":"","context":"Similar post","block_context":{"text":"Similar post","link":""},"img":{"alt_text":"Alpint i Trysil","src":"https:\/\/i0.wp.com\/bno-travel.com\/wp-content\/uploads\/2025\/06\/AdobeStock_182554441-e1750784403298.jpeg?resize=350%2C200&ssl=1","width":350,"height":200,"srcset":"https:\/\/i0.wp.com\/bno-travel.com\/wp-content\/uploads\/2025\/06\/AdobeStock_182554441-e1750784403298.jpeg?resize=350%2C200&ssl=1 1x, https:\/\/i0.wp.com\/bno-travel.com\/wp-content\/uploads\/2025\/06\/AdobeStock_182554441-e1750784403298.jpeg?resize=525%2C300&ssl=1 1.5x, https:\/\/i0.wp.com\/bno-travel.com\/wp-content\/uploads\/2025\/06\/AdobeStock_182554441-e1750784403298.jpeg?resize=700%2C400&ssl=1 2x"},"classes":[]},{"id":4129,"url":"https:\/\/bno-travel.com\/da\/cykling-i-trysil\/","url_meta":{"origin":1877,"position":3},"title":"Cykling i Trysil","author":"Jan Terje \u00c5s","date":"18. juli 2025","format":false,"excerpt":"Cykling i Trysil - Norges bedste destination for trailcykling Velkommen til Trysil - en af Skandinaviens mest popul\u00e6re sommerdestinationer for cykelentusiaster! Her finder du et unikt terr\u00e6n, som er velegnet til b\u00e5de familier og erfarne cyklister. Med over 50 kilometer anlagte stier, naturlige fjeldruter og liftbaseret cykling er Trysil et\u2026","rel":"","context":"Similar post","block_context":{"text":"Similar post","link":""},"img":{"alt_text":"Fjellrunden i Trysil","src":"https:\/\/i0.wp.com\/bno-travel.com\/wp-content\/uploads\/2025\/07\/2016JH106071-1.jpg?resize=350%2C200&ssl=1","width":350,"height":200,"srcset":"https:\/\/i0.wp.com\/bno-travel.com\/wp-content\/uploads\/2025\/07\/2016JH106071-1.jpg?resize=350%2C200&ssl=1 1x, https:\/\/i0.wp.com\/bno-travel.com\/wp-content\/uploads\/2025\/07\/2016JH106071-1.jpg?resize=525%2C300&ssl=1 1.5x, https:\/\/i0.wp.com\/bno-travel.com\/wp-content\/uploads\/2025\/07\/2016JH106071-1.jpg?resize=700%2C400&ssl=1 2x, https:\/\/i0.wp.com\/bno-travel.com\/wp-content\/uploads\/2025\/07\/2016JH106071-1.jpg?resize=1050%2C600&ssl=1 3x, https:\/\/i0.wp.com\/bno-travel.com\/wp-content\/uploads\/2025\/07\/2016JH106071-1.jpg?resize=1400%2C800&ssl=1 4x"},"classes":[]},{"id":4116,"url":"https:\/\/bno-travel.com\/da\/restauranter-i-trysil\/","url_meta":{"origin":1877,"position":4},"title":"Restauranter i Trysil","author":"Jan Terje \u00c5s","date":"18. juli 2025","format":false,"excerpt":"Restauranter og spisesteder i Trysil - Smagfuld hele \u00e5ret rundt Trysil byder p\u00e5 meget mere end fantastiske skil\u00f8jper og bjerglandskab. Uanset om du bes\u00f8ger omr\u00e5det om vinteren eller sommeren, kan du nyde et rigt udvalg af restauranter, caf\u00e9er og afterski-steder - alt fra gourmet til fastfood. Der er noget for\u2026","rel":"","context":"Similar post","block_context":{"text":"Similar post","link":""},"img":{"alt_text":"Skistar Logde Trysil","src":"https:\/\/i0.wp.com\/bno-travel.com\/wp-content\/uploads\/2025\/07\/52199845033_2c000ed2d7_c.jpg?resize=350%2C200&ssl=1","width":350,"height":200,"srcset":"https:\/\/i0.wp.com\/bno-travel.com\/wp-content\/uploads\/2025\/07\/52199845033_2c000ed2d7_c.jpg?resize=350%2C200&ssl=1 1x, https:\/\/i0.wp.com\/bno-travel.com\/wp-content\/uploads\/2025\/07\/52199845033_2c000ed2d7_c.jpg?resize=525%2C300&ssl=1 1.5x, https:\/\/i0.wp.com\/bno-travel.com\/wp-content\/uploads\/2025\/07\/52199845033_2c000ed2d7_c.jpg?resize=700%2C400&ssl=1 2x"},"classes":[]}],"_links":{"self":[{"href":"https:\/\/bno-travel.com\/da\/wp-json\/wp\/v2\/pages\/1877","targetHints":{"allow":["GET"]}}],"collection":[{"href":"https:\/\/bno-travel.com\/da\/wp-json\/wp\/v2\/pages"}],"about":[{"href":"https:\/\/bno-travel.com\/da\/wp-json\/wp\/v2\/types\/page"}],"author":[{"embeddable":true,"href":"https:\/\/bno-travel.com\/da\/wp-json\/wp\/v2\/users\/260013438"}],"replies":[{"embeddable":true,"href":"https:\/\/bno-travel.com\/da\/wp-json\/wp\/v2\/comments?post=1877"}],"version-history":[{"count":1,"href":"https:\/\/bno-travel.com\/da\/wp-json\/wp\/v2\/pages\/1877\/revisions"}],"predecessor-version":[{"id":1878,"href":"https:\/\/bno-travel.com\/da\/wp-json\/wp\/v2\/pages\/1877\/revisions\/1878"}],"wp:attachment":[{"href":"https:\/\/bno-travel.com\/da\/wp-json\/wp\/v2\/media?parent=1877"}],"curies":[{"name":"wp","href":"https:\/\/api.w.org\/{rel}","templated":true}]}}