{"id":2763,"date":"2025-07-11T13:50:20","date_gmt":"2025-07-11T11:50:20","guid":{"rendered":"https:\/\/bno-travel.com\/?page_id=2763"},"modified":"2025-07-11T13:51:05","modified_gmt":"2025-07-11T11:51:05","slug":"kontakt-os","status":"publish","type":"page","link":"https:\/\/bno-travel.com\/da\/kontakt-os\/","title":{"rendered":"Kontakt os"},"content":{"rendered":"\n<div class=\"wp-block-group alignfull is-layout-constrained wp-container-core-group-is-layout-082b0574 wp-block-group-is-layout-constrained\" style=\"padding-top:var(--wp--preset--spacing--50);padding-bottom:var(--wp--preset--spacing--40)\">\n<div class=\"wp-block-columns alignwide is-layout-flex wp-container-core-columns-is-layout-632e7d69 wp-block-columns-is-layout-flex\">\n<div class=\"wp-block-column is-layout-flow wp-container-core-column-is-layout-5185c3d0 wp-block-column-is-layout-flow\" style=\"flex-basis:50%\">\n<h2 class=\"wp-block-heading\"><\/h2>\n\n\n\n<figure class=\"wp-block-image size-full is-resized\"><img data-recalc-dims=\"1\" fetchpriority=\"high\" decoding=\"async\" width=\"732\" height=\"924\" src=\"https:\/\/i0.wp.com\/bno-travel.com\/wp-content\/uploads\/2025\/06\/AdobeStock_182554441-e1750784403298.jpeg?resize=732%2C924&#038;ssl=1\" alt=\"\" class=\"wp-image-887\" style=\"aspect-ratio:1;object-fit:cover;width:501px;height:auto\" srcset=\"https:\/\/i0.wp.com\/bno-travel.com\/wp-content\/uploads\/2025\/06\/AdobeStock_182554441-e1750784403298.jpeg?w=732&amp;ssl=1 732w, https:\/\/i0.wp.com\/bno-travel.com\/wp-content\/uploads\/2025\/06\/AdobeStock_182554441-e1750784403298.jpeg?resize=238%2C300&amp;ssl=1 238w\" sizes=\"(max-width: 732px) 100vw, 732px\" \/><\/figure>\n<\/div>\n\n\n\n<div class=\"wp-block-column is-layout-flow wp-container-core-column-is-layout-23912308 wp-block-column-is-layout-flow\" style=\"flex-basis:50%\">\n<p class=\"wp-block-paragraph\">Har du sp\u00f8rgsm\u00e5l om rejser, bookinger eller vores tjenester? Vi er glade for at kunne hj\u00e6lpe dig! <\/p>\n\n\n\n<p class=\"wp-block-paragraph\"><br\/>Udfyld kontaktformularen, send os en e-mail eller ring til os, s\u00e5 vender vi tilbage til dig s\u00e5 hurtigt som muligt.<\/p>\n\n\n<\/div>\n<\/div>\n\n\n\n<div class=\"wp-block-group alignfull has-background-color has-foreground-background-color has-text-color has-background has-link-color wp-elements-be8dce9b125b3ce45bbff9c8b028e6bc is-layout-flow wp-block-group-is-layout-flow\" style=\"padding-top:0;padding-right:var(--wp--preset--spacing--40);padding-bottom:0;padding-left:var(--wp--preset--spacing--40)\">\n<div class=\"wp-block-jetpack-map is-style-default\" data-map-id=\"jp-map-1\" data-map-provider=\"mapkit\" data-api-key=\"pk.eyJ1IjoiYXV0b21hdHRpYyIsImEiOiJjazVpZjA5aWswYTFvM21sOWtzNW1rNG9lIn0.Gu-sp4wRxnnQB-Qa8CpuZQ\" data-map-style=\"default\" data-blog-id=\"245833491\"><ul><li><a href=\"https:\/\/www.google.com\/maps\/search\/?api=1&amp;query=61.300231,12.2643206\" target=\"_blank\" rel=\"noopener\">Vestmovegen 7, 2420 Trysil, Norge<\/a><\/li><\/ul><\/div>\n<\/div>\n<\/div>\n","protected":false},"excerpt":{"rendered":"<p>Har du sp\u00f8rgsm\u00e5l om rejser, bookinger eller vores tjenester? Vi er glade for at kunne hj\u00e6lpe dig! Udfyld kontaktformularen, send os en e-mail eller ring til os, s\u00e5 vender vi tilbage til dig s\u00e5 hurtigt som muligt.<\/p>\n","protected":false},"author":260013438,"featured_media":0,"parent":0,"menu_order":0,"comment_status":"closed","ping_status":"closed","template":"","meta":{"_crdt_document":"","footnotes":""},"class_list":["post-2763","page","type-page","status-publish","hentry"],"jetpack_likes_enabled":true,"jetpack_sharing_enabled":true,"jetpack_shortlink":"https:\/\/wp.me\/PgDuwj-Iz","jetpack-related-posts":[{"id":11503,"url":"https:\/\/bno-travel.com\/da\/vil-du-vide-mere-om-udlejning\/","url_meta":{"origin":2763,"position":0},"title":"Vil du vide mere om udlejning?","author":"Jan Terje \u00c5s","date":"29. september 2025","format":false,"excerpt":"Kom i kontakt med os i dag!","rel":"","context":"Similar post","block_context":{"text":"Similar post","link":""},"img":{"alt_text":"","src":"","width":0,"height":0},"classes":[]},{"id":11553,"url":"https:\/\/bno-travel.com\/da\/vaertskab-bno-travel\/","url_meta":{"origin":2763,"position":1},"title":"V\u00e6rtskab - BNO Travel","author":"Jan Terje \u00c5s","date":"29. september 2025","format":false,"excerpt":"V\u00e6rt er BNO Travel: BNO Travel g\u00f8r arbejdet med synlighed, booking og g\u00e6steh\u00e5ndtering, mens du bevarer kontrollen. Fordelene ved at bruge BNO Travel Lav provision - kun 3 % til BNO Travel (kontakt os, s\u00e5 viser vi dig regnestykket) Ugentlige betalinger direkte til din konto. Fuld kontrol over din egen\u2026","rel":"","context":"Similar post","block_context":{"text":"Similar post","link":""},"img":{"alt_text":"Utleie av hytter i Trysil & S\u00e4len","src":"https:\/\/i0.wp.com\/bno-travel.com\/wp-content\/uploads\/2025\/09\/10001-Fagerasen1120_3616.jpg?resize=350%2C200&ssl=1","width":350,"height":200,"srcset":"https:\/\/i0.wp.com\/bno-travel.com\/wp-content\/uploads\/2025\/09\/10001-Fagerasen1120_3616.jpg?resize=350%2C200&ssl=1 1x, https:\/\/i0.wp.com\/bno-travel.com\/wp-content\/uploads\/2025\/09\/10001-Fagerasen1120_3616.jpg?resize=525%2C300&ssl=1 1.5x, https:\/\/i0.wp.com\/bno-travel.com\/wp-content\/uploads\/2025\/09\/10001-Fagerasen1120_3616.jpg?resize=700%2C400&ssl=1 2x, https:\/\/i0.wp.com\/bno-travel.com\/wp-content\/uploads\/2025\/09\/10001-Fagerasen1120_3616.jpg?resize=1050%2C600&ssl=1 3x, https:\/\/i0.wp.com\/bno-travel.com\/wp-content\/uploads\/2025\/09\/10001-Fagerasen1120_3616.jpg?resize=1400%2C800&ssl=1 4x"},"classes":[]},{"id":34761,"url":"https:\/\/bno-travel.com\/da\/offentlige-vilkaar\/","url_meta":{"origin":2763,"position":2},"title":"Offentlige vilk\u00e5r","author":"Jan Terje \u00c5s","date":"13. april 2026","format":false,"excerpt":"Vilk\u00e5r og betingelser for partnere Offentlige vilk\u00e5r og samarbejdsprincipper for professionelle overnatningspartnere Denne side beskriver de generelle principper for samarbejdet mellem BNO Travel og professionelle indkvarteringsoperat\u00f8rer. Den kommercielle model, individuelle betingelser og partner-specifikke ops\u00e6tninger aftales separat i en s\u00e6rskilt samarbejdsaftale. L\u00e6s vilk\u00e5r og betingelser Kontakt os p\u00e5 For Mews-partnere En\u2026","rel":"","context":"Similar post","block_context":{"text":"Similar post","link":""},"img":{"alt_text":"","src":"","width":0,"height":0},"classes":[]},{"id":914,"url":"https:\/\/bno-travel.com\/kontankt-oss\/","url_meta":{"origin":2763,"position":3},"title":"Kontankt oss","author":"Jan Terje \u00c5s","date":"11. juli 2025","format":false,"excerpt":"Kontakt oss Vi er her for \u00e5 hjelpe deg videre \u2013 f\u00f8r, under og etter reisen Har du sp\u00f8rsm\u00e5l om reiser, bestillinger eller v\u00e5re tjenester? Vi hjelper deg gjerne. Her finner du en ryddig og enkel inngang til kontakt med BNO Travel, enten du vil sende en melding, f\u00e5 hjelp\u2026","rel":"","context":"Similar post","block_context":{"text":"Similar post","link":""},"img":{"alt_text":"","src":"","width":0,"height":0},"classes":[]},{"id":4554,"url":"https:\/\/bno-travel.com\/da\/fortrolighedspolitik\/","url_meta":{"origin":2763,"position":4},"title":"Fortrolighedspolitik","author":"Jan Terje \u00c5s","date":"11. juli 2025","format":false,"excerpt":"Fortrolighedspolitik Fortrolighedspolitik Denne privatlivspolitik handler om, hvordan BNO TRAVEL indsamler og bruger personoplysninger om dig. Vi bruger cookies p\u00e5 bno-travel.com. N\u00e5r du bruger vores hjemmeside med cookies sl\u00e5et til i din browser (hvilket er standard), accepterer du, at vi gemmer cookies for at kunne levere vores tjenester. Hvis du \u00f8nsker\u2026","rel":"","context":"Similar post","block_context":{"text":"Similar post","link":""},"img":{"alt_text":"","src":"","width":0,"height":0},"classes":[]},{"id":4064,"url":"https:\/\/bno-travel.com\/da\/spa-og-bad-i-trysil\/","url_meta":{"origin":2763,"position":5},"title":"Spa og bad i Trysil","author":"Jan Terje \u00c5s","date":"18. juli 2025","format":false,"excerpt":"Spa og bad i Trysil - Afslapning og wellness i fjeldene Trysil er ikke kun for dem, der s\u00f8ger fart og sp\u00e6nding - det er ogs\u00e5 en destination for dem, der s\u00f8ger ro, velv\u00e6re og \u00e6gte fjeldhygge. Med et godt udvalg af spa- og badeoplevelser for b\u00e5de familier og par\u2026","rel":"","context":"Similar post","block_context":{"text":"Similar post","link":""},"img":{"alt_text":"Spa og bad i Trysil","src":"https:\/\/i0.wp.com\/bno-travel.com\/wp-content\/uploads\/2025\/07\/52199820901_706171c188_c.jpg?resize=350%2C200&ssl=1","width":350,"height":200,"srcset":"https:\/\/i0.wp.com\/bno-travel.com\/wp-content\/uploads\/2025\/07\/52199820901_706171c188_c.jpg?resize=350%2C200&ssl=1 1x, https:\/\/i0.wp.com\/bno-travel.com\/wp-content\/uploads\/2025\/07\/52199820901_706171c188_c.jpg?resize=525%2C300&ssl=1 1.5x, https:\/\/i0.wp.com\/bno-travel.com\/wp-content\/uploads\/2025\/07\/52199820901_706171c188_c.jpg?resize=700%2C400&ssl=1 2x"},"classes":[]}],"_links":{"self":[{"href":"https:\/\/bno-travel.com\/da\/wp-json\/wp\/v2\/pages\/2763","targetHints":{"allow":["GET"]}}],"collection":[{"href":"https:\/\/bno-travel.com\/da\/wp-json\/wp\/v2\/pages"}],"about":[{"href":"https:\/\/bno-travel.com\/da\/wp-json\/wp\/v2\/types\/page"}],"author":[{"embeddable":true,"href":"https:\/\/bno-travel.com\/da\/wp-json\/wp\/v2\/users\/260013438"}],"replies":[{"embeddable":true,"href":"https:\/\/bno-travel.com\/da\/wp-json\/wp\/v2\/comments?post=2763"}],"version-history":[{"count":2,"href":"https:\/\/bno-travel.com\/da\/wp-json\/wp\/v2\/pages\/2763\/revisions"}],"predecessor-version":[{"id":4976,"href":"https:\/\/bno-travel.com\/da\/wp-json\/wp\/v2\/pages\/2763\/revisions\/4976"}],"wp:attachment":[{"href":"https:\/\/bno-travel.com\/da\/wp-json\/wp\/v2\/media?parent=2763"}],"curies":[{"name":"wp","href":"https:\/\/api.w.org\/{rel}","templated":true}]}}