{"id":3853,"date":"2025-07-18T20:25:31","date_gmt":"2025-07-18T18:25:31","guid":{"rendered":"https:\/\/bno-travel.com\/?page_id=3853"},"modified":"2025-07-18T20:25:48","modified_gmt":"2025-07-18T18:25:48","slug":"bowling-i-salen","status":"publish","type":"page","link":"https:\/\/bno-travel.com\/da\/bowling-i-salen\/","title":{"rendered":"Bowling i S\u00e4len"},"content":{"rendered":"\n<p class=\"wp-block-paragraph\"><\/p>\n\n<div class=\"wp-block-cover alignfull\" style=\"margin-top:0;margin-bottom:0;padding-top:var(--wp--preset--spacing--20);padding-right:var(--wp--preset--spacing--40);padding-bottom:var(--wp--preset--spacing--20);padding-left:var(--wp--preset--spacing--40);min-height:857px;aspect-ratio:unset;\"><img data-recalc-dims=\"1\" fetchpriority=\"high\" decoding=\"async\" width=\"800\" height=\"636\" class=\"wp-block-cover__image-background wp-image-2526 size-full\" alt=\"Bowling i Trysil\" src=\"https:\/\/i0.wp.com\/bno-travel.com\/wp-content\/uploads\/2025\/06\/52198855347_f963be3dbf_c.jpg?resize=800%2C636&#038;ssl=1\" style=\"object-position:50% 20%\" data-object-fit=\"cover\" data-object-position=\"50% 20%\" srcset=\"https:\/\/i0.wp.com\/bno-travel.com\/wp-content\/uploads\/2025\/06\/52198855347_f963be3dbf_c.jpg?w=800&amp;ssl=1 800w, https:\/\/i0.wp.com\/bno-travel.com\/wp-content\/uploads\/2025\/06\/52198855347_f963be3dbf_c.jpg?resize=300%2C239&amp;ssl=1 300w, https:\/\/i0.wp.com\/bno-travel.com\/wp-content\/uploads\/2025\/06\/52198855347_f963be3dbf_c.jpg?resize=768%2C611&amp;ssl=1 768w\" sizes=\"(max-width: 800px) 100vw, 800px\" \/><span aria-hidden=\"true\" class=\"wp-block-cover__background has-theme-1-background-color has-background-dim-30 has-background-dim\"><\/span><div class=\"wp-block-cover__inner-container is-layout-flow wp-block-cover-is-layout-flow\">\n<div style=\"height:var(--wp--preset--spacing--50)\" aria-hidden=\"true\" class=\"wp-block-spacer\"><\/div>\n\n\n\n<div style=\"height:var(--wp--preset--spacing--50)\" aria-hidden=\"true\" class=\"wp-block-spacer\"><\/div>\n<\/div><\/div>\n\n<div class=\"wp-block-group alignfull is-style-section-3 is-layout-constrained wp-block-group-is-layout-constrained\" style=\"margin-top:0;margin-bottom:0;padding-top:var(--wp--preset--spacing--40);padding-bottom:var(--wp--preset--spacing--40)\">\n<div class=\"wp-block-columns alignwide are-vertically-aligned-center is-layout-flex wp-container-core-columns-is-layout-d9ad523d wp-block-columns-is-layout-flex\">\n<div class=\"wp-block-column is-vertically-aligned-center is-layout-flow wp-block-column-is-layout-flow\">\n<figure class=\"wp-block-image size-full\"><img data-recalc-dims=\"1\" decoding=\"async\" width=\"685\" height=\"386\" src=\"https:\/\/i0.wp.com\/bno-travel.com\/wp-content\/uploads\/2025\/07\/bowling-salen-experium-aktiviteter-1.jpg?resize=685%2C386&#038;ssl=1\" alt=\"Bowling i S&#xE4;len\" class=\"wp-image-3788\" style=\"aspect-ratio:3\/4;object-fit:cover\" title=\"titel\" srcset=\"https:\/\/i0.wp.com\/bno-travel.com\/wp-content\/uploads\/2025\/07\/bowling-salen-experium-aktiviteter-1.jpg?w=685&amp;ssl=1 685w, https:\/\/i0.wp.com\/bno-travel.com\/wp-content\/uploads\/2025\/07\/bowling-salen-experium-aktiviteter-1.jpg?resize=300%2C169&amp;ssl=1 300w\" sizes=\"(max-width: 685px) 100vw, 685px\" \/><\/figure>\n<\/div>\n\n\n\n<div class=\"wp-block-column is-vertically-aligned-center is-content-justification-left is-layout-constrained wp-container-core-column-is-layout-b64f6bf5 wp-block-column-is-layout-constrained\">\n<p class=\"wp-block-paragraph\"><\/p>\n\n\n\n<h2 class=\"wp-block-heading\"><strong>Bowling i S\u00e4len - sjove aktiviteter for hele familien, hele \u00e5ret rundt<\/strong><\/h2>\n\n\n\n<p class=\"wp-block-paragraph\">Bowling er en hyggelig og familievenlig aktivitet, som er det perfekte afbr\u00e6k fra skil\u00f8b, cykling eller vandring - og i S\u00e4len finder du en moderne bowlingbane i centrum af Lindvallen. Her kan b\u00e5de b\u00f8rn og voksne nyde at spille og konkurrere uanset vejr og \u00e5rstid. <\/p>\n\n\n\n<p class=\"wp-block-paragraph\"><strong>Experium Bowling<\/strong> ligger i det popul\u00e6re <strong>Experium<\/strong> oplevelsescenter og har alt, hvad man skal bruge til en hyggelig og aktiv pause fra bjergene. <a href=\"https:\/\/www.skistar.com\/no\/experium\/bowling-spill\/bowling\/\" target=\"_blank\" rel=\"noopener\">Bowlingcentret<\/a> har flere moderne baner med digitale scoresystemer og b\u00f8rnevenlige rulleskinner, s\u00e5 selv de yngste kan v\u00e6re med. Atmosf\u00e6ren er uformel og indbydende - perfekt til aftenaktiviteter med familien, vennerne eller som en del af firmaudflugter og grupper. <\/p>\n\n\n\n<p class=\"wp-block-paragraph\">Ud over bowling tilbyder Experium ogs\u00e5 <strong>billard, arkadespil og restauranter,<\/strong> s\u00e5 du nemt kan kombinere aktiviteten med mad, drikke og afslapning. Du kan ogs\u00e5 reservere baner til f\u00f8dselsdage eller andre lejligheder. <\/p>\n\n\n\n<p class=\"wp-block-paragraph\">Bowling i S\u00e4len er et godt alternativ p\u00e5 dage med d\u00e5rligt vejr - eller bare som en sjov aktivitet efter en dag ude i naturen. Et naturligt m\u00f8dested for leg, latter og f\u00e6llesskab - lige i hjertet af Lindvallen. <\/p>\n<\/div>\n<\/div>\n<\/div>\n\n<div class=\"wp-block-group alignfull is-style-default is-content-justification-center is-layout-constrained wp-container-core-group-is-layout-69af11d0 wp-block-group-is-layout-constrained\" style=\"margin-top:0;margin-bottom:0;padding-top:var(--wp--preset--spacing--40);padding-bottom:var(--wp--preset--spacing--40)\"><\/div>\n\n<div class=\"wp-block-group alignfull is-content-justification-center is-layout-constrained wp-block-group-is-layout-constrained\" style=\"margin-top:0;margin-bottom:0;padding-top:var(--wp--preset--spacing--40);padding-bottom:var(--wp--preset--spacing--40)\">\n<div class=\"wp-block-columns alignwide are-vertically-aligned-center is-layout-flex wp-container-core-columns-is-layout-7387b849 wp-block-columns-is-layout-flex\">\n<div class=\"wp-block-column is-vertically-aligned-center is-content-justification-left is-layout-constrained wp-container-core-column-is-layout-b64f6bf5 wp-block-column-is-layout-constrained\">\n<p class=\"wp-block-paragraph\"><strong>Hvorfor v\u00e6lge bowling i S\u00e4len?<\/strong><\/p>\n\n\n\n<p class=\"wp-block-paragraph\">Bowling i S\u00e4len er en perfekt aktivitet hele \u00e5ret rundt - uanset vejr og \u00e5rstid. Det er velegnet til b\u00f8rn, voksne, vennegrupper og familier og er en sjov pause fra skil\u00f8b, cykling eller vandring. <\/p>\n\n\n\n<ul class=\"wp-block-list\">\n<li>\u00c5bent hele \u00e5ret - et godt alternativ, n\u00e5r vejret er d\u00e5rligt<\/li>\n\n\n\n<li>Velegnet til alle aldre og evner<\/li>\n\n\n\n<li>B\u00f8rnevenlige baner med rulleskinner og letv\u00e6gtsbolde<\/li>\n\n\n\n<li>Let at kombinere med mad, caf\u00e9bes\u00f8g eller andre aktiviteter<\/li>\n\n\n\n<li>Beliggende i centrum af Lindvallen - t\u00e6t p\u00e5 boliger og transport<\/li>\n<\/ul>\n\n\n\n<p class=\"wp-block-paragraph\"><strong>Oplevelser i S\u00e4len - mere end bare alpint skil\u00f8b<\/strong><\/p>\n\n\n\n<p class=\"wp-block-paragraph\">S\u00e4len er en af Skandinaviens st\u00f8rste vintersportsdestinationer, men der er ogs\u00e5 mange aktiviteter for dem, der vil have mere end bare skil\u00f8b - b\u00e5de vinter og sommer.<\/p>\n\n\n\n<p class=\"wp-block-paragraph\"><strong>Vinteraktiviteter i S\u00e4len (undtagen alpint skil\u00f8b)<\/strong><\/p>\n\n\n\n<ul class=\"wp-block-list\">\n<li>Langrend p\u00e5 ski: Over 250 km pr\u00e6parerede l\u00f8jper i varierende landskaber<\/li>\n\n\n\n<li>Hundesl\u00e6dek\u00f8rsel: En rolig og magisk m\u00e5de at opleve vinterbjergene p\u00e5<\/li>\n\n\n\n<li>Sneskovandring: For dem, der \u00f8nsker at udforske bjerget i fred og ro<\/li>\n\n\n\n<li>Snescooterk\u00f8rsel: Guidede ture for b\u00e5de begyndere og erfarne<\/li>\n\n\n\n<li>Bad og spa: Oplev Experium Spa med pool, saunaer og wellness-behandlinger<\/li>\n<\/ul>\n\n\n\n<p class=\"wp-block-paragraph\"><strong>Sommeraktiviteter i S\u00e4len<\/strong><\/p>\n\n\n\n<ul class=\"wp-block-list\">\n<li>Trailcykling og downhill: Liftbaseret cykling og naturlige stier for hele familien<\/li>\n\n\n\n<li>Klatreparker og sv\u00e6vebaner: Sjov og udfordringer i h\u00f8jden for b\u00f8rn og voksne<\/li>\n\n\n\n<li>Vandring i bjergene: Afm\u00e6rkede ruter, bjergtoppe og udsigtspunkter<\/li>\n\n\n\n<li>Fiskeri og kanosejlads: Stilhed og natur i bjergs\u00f8er og floder<\/li>\n\n\n\n<li>Golf: Spil p\u00e5 smukke S\u00e4lenfj\u00e4llens Golfklubb, midt i naturen<\/li>\n<\/ul>\n\n\n\n<p class=\"wp-block-paragraph\"><strong>Med bowling som en del af dit ophold f\u00e5r du en komplet ferieoplevelse i S\u00e4len - uanset \u00e5rstid.<\/strong> Hos <strong>BNO TRAVEL<\/strong> hj\u00e6lper vi dig gerne med indkvartering, aktivitetsplanl\u00e6gning og tips til, hvad du kan lave - b\u00e5de p\u00e5 og uden for bowlingbanen.<\/p>\n<\/div>\n\n\n\n<div class=\"wp-block-column is-vertically-aligned-center is-layout-flow wp-block-column-is-layout-flow\">\n<figure class=\"wp-block-image size-full\"><img data-recalc-dims=\"1\" decoding=\"async\" width=\"799\" height=\"532\" src=\"https:\/\/i0.wp.com\/bno-travel.com\/wp-content\/uploads\/2025\/06\/19105672288_2155e3dd4c_c.jpg?resize=799%2C532&#038;ssl=1\" alt=\"Sommer i Trysil\" class=\"wp-image-2278\" style=\"aspect-ratio:3\/4;object-fit:cover\" srcset=\"https:\/\/i0.wp.com\/bno-travel.com\/wp-content\/uploads\/2025\/06\/19105672288_2155e3dd4c_c.jpg?w=799&amp;ssl=1 799w, https:\/\/i0.wp.com\/bno-travel.com\/wp-content\/uploads\/2025\/06\/19105672288_2155e3dd4c_c.jpg?resize=300%2C200&amp;ssl=1 300w, https:\/\/i0.wp.com\/bno-travel.com\/wp-content\/uploads\/2025\/06\/19105672288_2155e3dd4c_c.jpg?resize=768%2C511&amp;ssl=1 768w\" sizes=\"(max-width: 799px) 100vw, 799px\" \/><\/figure>\n<\/div>\n<\/div>\n<\/div>\n\n<div class=\"wp-block-group alignfull is-style-default is-content-justification-center is-layout-constrained wp-container-core-group-is-layout-69af11d0 wp-block-group-is-layout-constrained\" style=\"margin-top:0;margin-bottom:0;padding-top:var(--wp--preset--spacing--40);padding-bottom:var(--wp--preset--spacing--40)\">\n<div class=\"wp-block-group alignfull is-content-justification-center is-layout-constrained wp-container-core-group-is-layout-4853c3a7 wp-block-group-is-layout-constrained\" style=\"margin-top:0;margin-bottom:0;padding-top:calc( 0.5 * var(u002du002dwpu002du002dstyleu002du002drootu002du002dpadding-right, var(u002du002dwpu002du002dcustomu002du002dgapu002du002dhorizontal)));padding-right:var(u002du002dwpu002du002dstyleu002du002drootu002du002dpadding-right, var(u002du002dwpu002du002dcustomu002du002dgapu002du002dhorizontal));padding-bottom:calc( 0.5 * var(u002du002dwpu002du002dstyleu002du002drootu002du002dpadding-right, var(u002du002dwpu002du002dcustomu002du002dgapu002du002dhorizontal)));padding-left:var(u002du002dwpu002du002dstyleu002du002drootu002du002dpadding-left, var(u002du002dwpu002du002dcustomu002du002dgapu002du002dhorizontal))\">\n<div style=\"height:calc( 0.25 * var(u002du002dwpu002du002dstyleu002du002drootu002du002dpadding-right, var(u002du002dwpu002du002dcustomu002du002dgapu002du002dhorizontal)))\" aria-hidden=\"true\" class=\"wp-block-spacer\"><\/div>\n\n\n\n<div class=\"wp-block-columns alignwide is-layout-flex wp-container-core-columns-is-layout-7387b849 wp-block-columns-is-layout-flex\">\n<div class=\"wp-block-column is-vertically-aligned-center is-layout-flow wp-block-column-is-layout-flow\">\n<figure class=\"wp-block-image size-full\"><img data-recalc-dims=\"1\" loading=\"lazy\" decoding=\"async\" width=\"532\" height=\"799\" src=\"https:\/\/i0.wp.com\/bno-travel.com\/wp-content\/uploads\/2025\/06\/18670754034_e10bf74a7e_c.jpg?resize=532%2C799&#038;ssl=1\" alt=\"\" class=\"wp-image-2265\" style=\"aspect-ratio:3\/4;object-fit:cover\" srcset=\"https:\/\/i0.wp.com\/bno-travel.com\/wp-content\/uploads\/2025\/06\/18670754034_e10bf74a7e_c.jpg?w=532&amp;ssl=1 532w, https:\/\/i0.wp.com\/bno-travel.com\/wp-content\/uploads\/2025\/06\/18670754034_e10bf74a7e_c.jpg?resize=200%2C300&amp;ssl=1 200w\" sizes=\"(max-width: 532px) 100vw, 532px\" \/><\/figure>\n<\/div>\n\n\n\n<div class=\"wp-block-column is-vertically-aligned-center is-layout-flow wp-block-column-is-layout-flow\">\n<p class=\"has-text-align-left wp-block-paragraph\"><strong>Book din ferie med BNO TRAVEL - Oplev det bedste af S\u00e4len<\/strong><\/p>\n\n\n\n<p class=\"wp-block-paragraph\">Uanset om du planl\u00e6gger en aktiv vinterferie med skil\u00f8b og sne, en sommerferie fyldt med bjergeventyr og cykling eller en afslappende weekendtur med venner eller familie - <strong>BNO TRAVEL<\/strong> hj\u00e6lper dig med at skr\u00e6ddersy et ophold, der passer til dine behov. Vi tilbyder komplette pakker med <strong>indkvartering og personlige aktivitetstips<\/strong> - herunder bowling, langrend, vandreture og meget mere. <\/p>\n\n\n\n<p class=\"wp-block-paragraph\">N\u00e5r det g\u00e6lder overnatning i S\u00e4len, tilbyder vi muligheder i flere af de mest popul\u00e6re omr\u00e5der:<\/p>\n\n\n\n<p class=\"wp-block-paragraph\"><strong>Lindvallen - midt i begivenhedernes<\/strong> centrum<br\/>Lindvallen er S\u00e4lens mest centrale og familievenlige omr\u00e5de med g\u00e5afstand til lifter, cykelstier, butikker, restauranter, badeland og <strong>Experium - oplevelsescentret med bowling, spa og biograf<\/strong>. Her finder du moderne lejligheder og hoteller med h\u00f8j komfort, perfekt til dem, der vil bo centralt med alt lige uden for d\u00f8ren. <\/p>\n\n\n\n<p class=\"wp-block-paragraph\"><strong>H\u00f6gfj\u00e4llet - traditionel fjeldro inden for r\u00e6kkevidde af alt<\/strong><br\/>H\u00f6gfj\u00e4llet tilbyder en mere klassisk fjeldoplevelse med rolige omgivelser og smuk natur. Her bor du i hytter og lejligheder, som ligger t\u00e6t p\u00e5 langrendsl\u00f8jper, i g\u00e5afstand fra restauranter og med en mere enkel atmosf\u00e6re. Et godt valg for familier og par, der \u00f8nsker fjeldhygge og adgang til b\u00e5de natur og faciliteter.  <\/p>\n\n\n\n<p class=\"wp-block-paragraph\"><strong>Tand\u00e5dalen og Hundfj\u00e4llet - for dem, der vil have masser af sne og masser af plads<\/strong><br\/>Tand\u00e5dalen og Hundfj\u00e4llet byder p\u00e5 varieret terr\u00e6n b\u00e5de sommer og vinter, og her finder du mange privatejede hytter og lejligheder - ofte med ski-in\/ski-out og t\u00e6t p\u00e5 langrendsl\u00f8jper og vandrestier. Dette omr\u00e5de er perfekt til st\u00f8rre grupper, b\u00f8rnefamilier og dem, der \u00f8nsker at kombinere aktivitet med rolige omgivelser. <\/p>\n\n\n\n<p class=\"wp-block-paragraph\"><strong>Kontakt BNO TRAVEL i dag<\/strong> for at planl\u00e6gge din n\u00e6ste ferie til S\u00e4len - vi hj\u00e6lper dig med at finde den rigtige <a href=\"https:\/\/bno-travel.com\/da\/?page_id=2869\">indkvartering<\/a>, anbefaler aktiviteter og s\u00f8rger for, at dit ophold bliver problemfrit fra start til slut. Og glem ikke at s\u00e6tte tid af til en <strong>omgang bowling i Lindvallen<\/strong> - en sikker vinder for b\u00e5de store og sm\u00e5! <\/p>\n<\/div>\n<\/div>\n\n\n\n<div style=\"height:calc( 0.25 * var(u002du002dwpu002du002dstyleu002du002drootu002du002dpadding-right, var(u002du002dwpu002du002dcustomu002du002dgapu002du002dhorizontal)))\" aria-hidden=\"true\" class=\"wp-block-spacer\"><\/div>\n<\/div>\n<\/div>\n\n<div class=\"wp-block-group alignfull is-style-default is-content-justification-center is-layout-constrained wp-container-core-group-is-layout-cdf99998 wp-block-group-is-layout-constrained\" style=\"margin-top:0;margin-bottom:0;padding-top:var(--wp--preset--spacing--40);padding-bottom:var(--wp--preset--spacing--40)\"><\/div>\n\n<p class=\"wp-block-paragraph\"><\/p>\n","protected":false},"excerpt":{"rendered":"<p>Bowling i S\u00e4len - sjove aktiviteter for hele familien, hele \u00e5ret rundt Bowling er en hyggelig og familievenlig aktivitet, som er det perfekte afbr\u00e6k fra skil\u00f8b, cykling eller vandring - og i S\u00e4len finder du en moderne bowlingbane i centrum af Lindvallen. Her kan b\u00e5de b\u00f8rn og voksne nyde at spille og konkurrere uanset vejr [&hellip;]<\/p>\n","protected":false},"author":260013438,"featured_media":0,"parent":0,"menu_order":0,"comment_status":"closed","ping_status":"closed","template":"","meta":{"_crdt_document":"","footnotes":""},"class_list":["post-3853","page","type-page","status-publish","hentry"],"jetpack_likes_enabled":true,"jetpack_sharing_enabled":true,"jetpack_shortlink":"https:\/\/wp.me\/PgDuwj-109","jetpack-related-posts":[{"id":3772,"url":"https:\/\/bno-travel.com\/bowling-i-salen-perfekt-for-hele-familien\/","url_meta":{"origin":3853,"position":0},"title":"Bowling i S\u00e4len","author":"Jan Terje \u00c5s","date":"18. juli 2025","format":false,"excerpt":"Bowling i S\u00e4len En sosial og familievennlig aktivitet \u00e5ret rundt \u2013 perfekt som avbrekk fra fjellet, v\u00e6ret og de aktive dagene Bowling i S\u00e4len er et sikkert h\u00f8ydepunkt for deg som vil fylle ferien med mer enn bare ski, sykling eller fjellturer. Midt i Lindvallen finner du en moderne bowlinghall\u2026","rel":"","context":"Similar post","block_context":{"text":"Similar post","link":""},"img":{"alt_text":"","src":"","width":0,"height":0},"classes":[]},{"id":4258,"url":"https:\/\/bno-travel.com\/sv\/bowling-i-salen\/","url_meta":{"origin":3853,"position":1},"title":"Bowling i S\u00e4len","author":"Jan Terje \u00c5s","date":"18. juli 2025","format":false,"excerpt":"Bowling i S\u00e4len - roliga aktiviteter f\u00f6r hela familjen, \u00e5ret runt Bowling \u00e4r en social och familjev\u00e4nlig aktivitet som passar perfekt som avbrott fr\u00e5n skid\u00e5kning, cykling eller vandring - och i S\u00e4len hittar du en modern bowlinghall mitt i Lindvallen. H\u00e4r kan b\u00e5de barn och vuxna njuta av att spela\u2026","rel":"","context":"Similar post","block_context":{"text":"Similar post","link":""},"img":{"alt_text":"Bowling i S\u00e4len","src":"https:\/\/i0.wp.com\/bno-travel.com\/wp-content\/uploads\/2025\/07\/bowling-salen-experium-aktiviteter-1.jpg?resize=350%2C200&ssl=1","width":350,"height":200,"srcset":"https:\/\/i0.wp.com\/bno-travel.com\/wp-content\/uploads\/2025\/07\/bowling-salen-experium-aktiviteter-1.jpg?resize=350%2C200&ssl=1 1x, https:\/\/i0.wp.com\/bno-travel.com\/wp-content\/uploads\/2025\/07\/bowling-salen-experium-aktiviteter-1.jpg?resize=525%2C300&ssl=1 1.5x"},"classes":[]},{"id":36239,"url":"https:\/\/bno-travel.com\/en\/bowling-in-salen\/","url_meta":{"origin":3853,"position":2},"title":"Bowling in S\u00e4len","author":"Jan Terje \u00c5s","date":"18. juli 2025","format":false,"excerpt":"Bowling in S\u00e4len A social and family-friendly activity all year round \u2013 perfect as a break from the mountains, the weather and active days Bowling in S\u00e4len is a guaranteed highlight for those who want to fill their holiday with more than just skiing, cycling or mountain hikes. In the\u2026","rel":"","context":"Similar post","block_context":{"text":"Similar post","link":""},"img":{"alt_text":"","src":"","width":0,"height":0},"classes":[]},{"id":3851,"url":"https:\/\/bno-travel.com\/de\/bowling-in-salen\/","url_meta":{"origin":3853,"position":3},"title":"Bowling in S\u00e4len","author":"Jan Terje \u00c5s","date":"18. juli 2025","format":false,"excerpt":"Bowling in S\u00e4len - Spa\u00df f\u00fcr die ganze Familie, das ganze Jahr \u00fcber Bowling ist eine gesellige und familienfreundliche Aktivit\u00e4t, die die perfekte Abwechslung zum Skifahren, Radfahren oder Wandern ist - und in S\u00e4len finden Sie eine moderne Bowlingbahn im Zentrum von Lindvallen. Kinder und Erwachsene k\u00f6nnen hier bei jedem\u2026","rel":"","context":"Similar post","block_context":{"text":"Similar post","link":""},"img":{"alt_text":"Bowling i S\u00e4len","src":"https:\/\/i0.wp.com\/bno-travel.com\/wp-content\/uploads\/2025\/07\/bowling-salen-experium-aktiviteter-1.jpg?resize=350%2C200&ssl=1","width":350,"height":200,"srcset":"https:\/\/i0.wp.com\/bno-travel.com\/wp-content\/uploads\/2025\/07\/bowling-salen-experium-aktiviteter-1.jpg?resize=350%2C200&ssl=1 1x, https:\/\/i0.wp.com\/bno-travel.com\/wp-content\/uploads\/2025\/07\/bowling-salen-experium-aktiviteter-1.jpg?resize=525%2C300&ssl=1 1.5x"},"classes":[]},{"id":3859,"url":"https:\/\/bno-travel.com\/pt-pt\/bowling-em-salen\/","url_meta":{"origin":3853,"position":4},"title":"Bowling em S\u00e4len","author":"Jan Terje \u00c5s","date":"18. juli 2025","format":false,"excerpt":"Bowling em S\u00e4len - Actividades divertidas para toda a fam\u00edlia, durante todo o ano O bowling \u00e9 uma atividade soci\u00e1vel e familiar que constitui a pausa perfeita entre o esqui, o ciclismo ou as caminhadas - e em S\u00e4len encontrar\u00e1s uma moderna pista de bowling no centro de Lindvallen. Tanto\u2026","rel":"","context":"Similar post","block_context":{"text":"Similar post","link":""},"img":{"alt_text":"Bowling i S\u00e4len","src":"https:\/\/i0.wp.com\/bno-travel.com\/wp-content\/uploads\/2025\/07\/bowling-salen-experium-aktiviteter-1.jpg?resize=350%2C200&ssl=1","width":350,"height":200,"srcset":"https:\/\/i0.wp.com\/bno-travel.com\/wp-content\/uploads\/2025\/07\/bowling-salen-experium-aktiviteter-1.jpg?resize=350%2C200&ssl=1 1x, https:\/\/i0.wp.com\/bno-travel.com\/wp-content\/uploads\/2025\/07\/bowling-salen-experium-aktiviteter-1.jpg?resize=525%2C300&ssl=1 1.5x"},"classes":[]},{"id":3862,"url":"https:\/\/bno-travel.com\/fr\/bowling-a-salen\/","url_meta":{"origin":3853,"position":5},"title":"Bowling \u00e0 S\u00e4len","author":"Jan Terje \u00c5s","date":"18. juli 2025","format":false,"excerpt":"Bowling \u00e0 S\u00e4len - Activit\u00e9s ludiques pour toute la famille, toute l'ann\u00e9e Le bowling est une activit\u00e9 sociable et familiale qui constitue une pause parfaite apr\u00e8s le ski, le v\u00e9lo ou la randonn\u00e9e. \u00c0 S\u00e4len, vous trouverez un bowling moderne dans le centre de Lindvallen. Les enfants et les adultes\u2026","rel":"","context":"Similar post","block_context":{"text":"Similar post","link":""},"img":{"alt_text":"Bowling i S\u00e4len","src":"https:\/\/i0.wp.com\/bno-travel.com\/wp-content\/uploads\/2025\/07\/bowling-salen-experium-aktiviteter-1.jpg?resize=350%2C200&ssl=1","width":350,"height":200,"srcset":"https:\/\/i0.wp.com\/bno-travel.com\/wp-content\/uploads\/2025\/07\/bowling-salen-experium-aktiviteter-1.jpg?resize=350%2C200&ssl=1 1x, https:\/\/i0.wp.com\/bno-travel.com\/wp-content\/uploads\/2025\/07\/bowling-salen-experium-aktiviteter-1.jpg?resize=525%2C300&ssl=1 1.5x"},"classes":[]}],"_links":{"self":[{"href":"https:\/\/bno-travel.com\/da\/wp-json\/wp\/v2\/pages\/3853","targetHints":{"allow":["GET"]}}],"collection":[{"href":"https:\/\/bno-travel.com\/da\/wp-json\/wp\/v2\/pages"}],"about":[{"href":"https:\/\/bno-travel.com\/da\/wp-json\/wp\/v2\/types\/page"}],"author":[{"embeddable":true,"href":"https:\/\/bno-travel.com\/da\/wp-json\/wp\/v2\/users\/260013438"}],"replies":[{"embeddable":true,"href":"https:\/\/bno-travel.com\/da\/wp-json\/wp\/v2\/comments?post=3853"}],"version-history":[{"count":2,"href":"https:\/\/bno-travel.com\/da\/wp-json\/wp\/v2\/pages\/3853\/revisions"}],"predecessor-version":[{"id":4631,"href":"https:\/\/bno-travel.com\/da\/wp-json\/wp\/v2\/pages\/3853\/revisions\/4631"}],"wp:attachment":[{"href":"https:\/\/bno-travel.com\/da\/wp-json\/wp\/v2\/media?parent=3853"}],"curies":[{"name":"wp","href":"https:\/\/api.w.org\/{rel}","templated":true}]}}