{"id":3900,"date":"2025-07-18T20:52:29","date_gmt":"2025-07-18T18:52:29","guid":{"rendered":"https:\/\/bno-travel.com\/?page_id=3900"},"modified":"2025-07-18T20:52:29","modified_gmt":"2025-07-18T18:52:29","slug":"cykling-i-salen","status":"publish","type":"page","link":"https:\/\/bno-travel.com\/da\/cykling-i-salen\/","title":{"rendered":"Cykling i S\u00e4len"},"content":{"rendered":"\n<p class=\"wp-block-paragraph\"><\/p>\n\n<div class=\"wp-block-cover alignfull\" style=\"margin-top:0;margin-bottom:0;padding-top:var(--wp--preset--spacing--20);padding-right:var(--wp--preset--spacing--40);padding-bottom:var(--wp--preset--spacing--20);padding-left:var(--wp--preset--spacing--40);min-height:922px;aspect-ratio:unset;\"><img data-recalc-dims=\"1\" fetchpriority=\"high\" decoding=\"async\" width=\"800\" height=\"530\" class=\"wp-block-cover__image-background wp-image-3720 size-full\" alt=\"Sykkel i S\u00e4len\" src=\"https:\/\/i0.wp.com\/bno-travel.com\/wp-content\/uploads\/2025\/07\/2016JH070360.jpg?resize=800%2C530&#038;ssl=1\" data-object-fit=\"cover\" srcset=\"https:\/\/i0.wp.com\/bno-travel.com\/wp-content\/uploads\/2025\/07\/2016JH070360.jpg?w=6016&amp;ssl=1 6016w, https:\/\/i0.wp.com\/bno-travel.com\/wp-content\/uploads\/2025\/07\/2016JH070360.jpg?resize=300%2C199&amp;ssl=1 300w, https:\/\/i0.wp.com\/bno-travel.com\/wp-content\/uploads\/2025\/07\/2016JH070360.jpg?resize=1024%2C678&amp;ssl=1 1024w, https:\/\/i0.wp.com\/bno-travel.com\/wp-content\/uploads\/2025\/07\/2016JH070360.jpg?resize=768%2C509&amp;ssl=1 768w, https:\/\/i0.wp.com\/bno-travel.com\/wp-content\/uploads\/2025\/07\/2016JH070360.jpg?resize=1536%2C1017&amp;ssl=1 1536w, https:\/\/i0.wp.com\/bno-travel.com\/wp-content\/uploads\/2025\/07\/2016JH070360.jpg?resize=2048%2C1357&amp;ssl=1 2048w, https:\/\/i0.wp.com\/bno-travel.com\/wp-content\/uploads\/2025\/07\/2016JH070360.jpg?w=1600&amp;ssl=1 1600w, https:\/\/i0.wp.com\/bno-travel.com\/wp-content\/uploads\/2025\/07\/2016JH070360.jpg?w=2400&amp;ssl=1 2400w\" sizes=\"(max-width: 800px) 100vw, 800px\" \/><span aria-hidden=\"true\" class=\"wp-block-cover__background has-theme-1-background-color has-background-dim-30 has-background-dim\"><\/span><div class=\"wp-block-cover__inner-container is-layout-flow wp-block-cover-is-layout-flow\">\n<div style=\"height:var(--wp--preset--spacing--50)\" aria-hidden=\"true\" class=\"wp-block-spacer\"><\/div>\n\n\n\n<div style=\"height:var(--wp--preset--spacing--50)\" aria-hidden=\"true\" class=\"wp-block-spacer\"><\/div>\n<\/div><\/div>\n\n<div class=\"wp-block-group alignfull is-style-section-3 is-layout-constrained wp-block-group-is-layout-constrained\" style=\"margin-top:0;margin-bottom:0;padding-top:var(--wp--preset--spacing--40);padding-bottom:var(--wp--preset--spacing--40)\">\n<div class=\"wp-block-columns alignwide are-vertically-aligned-center is-layout-flex wp-container-core-columns-is-layout-d9ad523d wp-block-columns-is-layout-flex\">\n<div class=\"wp-block-column is-vertically-aligned-center is-layout-flow wp-block-column-is-layout-flow\">\n<figure class=\"wp-block-image size-full\"><img data-recalc-dims=\"1\" decoding=\"async\" width=\"799\" height=\"533\" src=\"https:\/\/i0.wp.com\/bno-travel.com\/wp-content\/uploads\/2025\/06\/50812495673_42073df1cc_c.jpg?resize=799%2C533&#038;ssl=1\" alt=\"Trysil Bike Arena\" class=\"wp-image-2447\" style=\"aspect-ratio:3\/4;object-fit:cover\" title=\"title\" srcset=\"https:\/\/i0.wp.com\/bno-travel.com\/wp-content\/uploads\/2025\/06\/50812495673_42073df1cc_c.jpg?w=799&amp;ssl=1 799w, https:\/\/i0.wp.com\/bno-travel.com\/wp-content\/uploads\/2025\/06\/50812495673_42073df1cc_c.jpg?resize=300%2C200&amp;ssl=1 300w, https:\/\/i0.wp.com\/bno-travel.com\/wp-content\/uploads\/2025\/06\/50812495673_42073df1cc_c.jpg?resize=768%2C512&amp;ssl=1 768w\" sizes=\"(max-width: 799px) 100vw, 799px\" \/><\/figure>\n<\/div>\n\n\n\n<div class=\"wp-block-column is-vertically-aligned-center is-content-justification-left is-layout-constrained wp-container-core-column-is-layout-b64f6bf5 wp-block-column-is-layout-constrained\">\n<p class=\"wp-block-paragraph\"><\/p>\n\n\n\n<h2 class=\"wp-block-heading\"><strong>Sykkel i S\u00e4len \u2013 Stisykling i naturskj\u00f8nne fjellomgivelser<\/strong><\/h2>\n\n\n\n<p class=\"wp-block-paragraph\">Velkommen til <strong>S\u00e4len<\/strong> \u2013 en av Sveriges mest popul\u00e6re sommerdestinasjoner for <strong>terrengsykling og sykkelopplevelser for hele familien<\/strong>. Her finner du et variert terreng tilrettelagt for b\u00e5de nybegynnere og erfarne syklister. Med <strong>bygd sti, naturlige skogstraseer og h\u00f8yfjellsterreng<\/strong>, er S\u00e4len et ideelt reisem\u00e5l for deg som elsker \u00e5 oppleve fjellet fra sykkelsetet.<\/p>\n\n\n\n<p class=\"wp-block-paragraph\">Hos <strong>BNO TRAVEL<\/strong> f\u00e5r du hjelp til \u00e5 planlegge et komplett sykkelopphold med <strong>overnatting, sykkelleie, kart, heiskort og aktivitetsforslag<\/strong>. Enten du reiser med barn, partner eller vennegjengen, er S\u00e4len et trygt og tilrettelagt valg \u2013 med store naturopplevelser og kort vei mellom aktivitetene.<\/p>\n\n\n\n<p class=\"wp-block-paragraph\"><strong>S\u00e4len Bike Park \u2013 S\u00e4lens sykkelhjerte<\/strong><\/p>\n\n\n\n<p class=\"wp-block-paragraph\"><strong>S\u00e4len Bike Park i Lindvallen<\/strong> er det naturlige startpunktet for stisykling i omr\u00e5det. Her finner du <strong>maskinbygde flytstier og pumptrack<\/strong>, perfekt for b\u00e5de \u00f8ving og lek. Omr\u00e5det er skiltet som i et skianlegg \u2013 med <strong>gr\u00f8nne, bl\u00e5, r\u00f8de og svarte l\u00f8yper<\/strong> tilpasset ulike ferdighetsniv\u00e5er.<\/p>\n\n\n\n<p class=\"wp-block-paragraph\">Her f\u00e5r du:<\/p>\n\n\n\n<ul class=\"wp-block-list\">\n<li><strong>Flytstier<\/strong> med god flyt, svinger og lette hopp \u2013 uten bratte partier<\/li>\n\n\n\n<li><strong>Barne- og nybegynnervennlige l\u00f8yper<\/strong> som \u201cEasy Rider\u201d og \u201cGreen Trail\u201d<\/li>\n\n\n\n<li><strong>Mer tekniske utfordringer<\/strong> som \u201cLindvallen Black\u201d for erfarne ryttere<\/li>\n\n\n\n<li><strong>Pumptrack og ferdighetsomr\u00e5de<\/strong> ved startpunktet \u2013 for \u00e5 varme opp eller trene balanse<\/li>\n\n\n\n<li><strong>Sykkelheis<\/strong> i sommerdrift (Express 303) som tar deg til toppen raskt og enkelt<\/li>\n<\/ul>\n\n\n\n<p class=\"wp-block-paragraph\">S\u00e4len Bike Park er utviklet for \u00e5 gj\u00f8re stisykling tilgjengelig og g\u00f8y \u2013 uansett alder eller niv\u00e5. Det er kort vei fra leiligheter, hytter og hoteller til sykkelstiene, noe som gj\u00f8r logistikken enkel og barnevennlig.<\/p>\n\n\n\n<p class=\"wp-block-paragraph\"><strong>Mer enn bare park \u2013 naturlige fjellstier og landevei<\/strong><\/p>\n\n\n\n<p class=\"wp-block-paragraph\"><\/p>\n<\/div>\n<\/div>\n<\/div>\n\n<div class=\"wp-block-group alignfull is-style-default is-content-justification-center is-layout-constrained wp-container-core-group-is-layout-69af11d0 wp-block-group-is-layout-constrained\" style=\"margin-top:0;margin-bottom:0;padding-top:var(--wp--preset--spacing--40);padding-bottom:var(--wp--preset--spacing--40)\">\n<div class=\"wp-block-group alignwide is-content-justification-left is-layout-constrained wp-container-core-group-is-layout-54d22900 wp-block-group-is-layout-constrained\"><\/div>\n<\/div>\n\n<div class=\"wp-block-group alignfull is-content-justification-center is-layout-constrained wp-block-group-is-layout-constrained\" style=\"margin-top:0;margin-bottom:0;padding-top:var(--wp--preset--spacing--40);padding-bottom:var(--wp--preset--spacing--40)\">\n<div class=\"wp-block-columns alignwide are-vertically-aligned-center is-layout-flex wp-container-core-columns-is-layout-7387b849 wp-block-columns-is-layout-flex\">\n<div class=\"wp-block-column is-vertically-aligned-center is-content-justification-left is-layout-constrained wp-container-core-column-is-layout-b64f6bf5 wp-block-column-is-layout-constrained\">\n<p class=\"wp-block-paragraph\">I tillegg til Bike Park finnes det <strong>naturlige grusstier, fjellveier og skogsl\u00f8yper<\/strong> som gir mulighet for lengre turer og ekte fjellf\u00f8lelse. Du kan kombinere sykling med <strong>fisking, fotturer eller en piknik ved elva<\/strong>, og det er lett \u00e5 finne b\u00e5de korte og lange ruter med god utsikt.<\/p>\n\n\n\n<h2 class=\"wp-block-heading has-xx-large-font-size\"><strong>Fakta om cykeltjenester i S\u00e4len<\/strong><\/h2>\n\n\n\n<p class=\"wp-block-paragraph\">I de senere \u00e5r har S\u00e4len etableret sig som en af Sveriges mest sp\u00e6ndende mountainbikedestinationer om sommeren. Med et<a href=\"https:\/\/www.visitdalarna.se\/biking\/biking-dalarna\" target=\"_blank\" rel=\"noopener\"> voksende netv\u00e6rk af cykelstier<\/a>, moderne faciliteter og bjergterr\u00e6n, der passer til alle niveauer, tiltr\u00e6kker omr\u00e5det b\u00e5de familier og erfarne cyklister. <\/p>\n\n\n\n<ul class=\"wp-block-list\">\n<li>Over 30 kilometer maskinbyggede stier i forskellige sv\u00e6rhedsgrader<\/li>\n\n\n\n<li>Liftbaseret cykling via Express-liften i Lindvallen<\/li>\n\n\n\n<li>Pumptrack, balancebaner og teknikomr\u00e5der for b\u00f8rn og begyndere<\/li>\n\n\n\n<li>Cykeludlejning, workshop og guidede ture er tilg\u00e6ngelige<\/li>\n\n\n\n<li>En del af det anerkendte koncept SkiStar Bike Park S\u00e4len<\/li>\n<\/ul>\n\n\n\n<p class=\"wp-block-paragraph\">S\u00e4len investerer aktivt i sommeraktiviteter og har gjort omr\u00e5det til et popul\u00e6rt valg for dem, der s\u00f8ger aktivitet, naturoplevelser og nem logistik.<\/p>\n\n\n\n<p class=\"wp-block-paragraph\"><strong>Liftbaseret cykling i S\u00e4len<\/strong><\/p>\n\n\n\n<p class=\"wp-block-paragraph\">Hvis du vil have mere fart og flow, er liftbaseret cykling i Lindvallen vejen frem. Express-liften (303) tager dig og din cykel op til toppen, hvor flere popul\u00e6re stier starter. Du kan v\u00e6lge mellem lette flowspor eller mere tekniske nedk\u00f8rsler, der udfordrer din balance og kontrol.  <\/p>\n\n\n\n<p class=\"wp-block-paragraph\">Eksempler p\u00e5 stier fra toppen er:<br\/>Easy Rider - en familievenlig og legende flowsti, der er perfekt til begyndere<br\/>Lindvallen Blue - en middelkr\u00e6vende sti med fine sving og let terr\u00e6n<br\/>Lindvallen Black - en mere teknisk udfordring for erfarne ryttere<\/p>\n\n\n\n<p class=\"wp-block-paragraph\">Du kan ogs\u00e5 kombinere liftbaseret cykling med naturlige grus- og fjeldstier i omr\u00e5det omkring H\u00f6gfj\u00e4llet og Tand\u00e5dalen, hvilket giver stor variation og mulighed for l\u00e6ngere ture. S\u00e4len er derfor velegnet til b\u00e5de korte dagsbes\u00f8g og hele uger med mountainbiking. Naturlige bjergstier til en heldagsoplevelse med spektakul\u00e6re udsigter. <\/p>\n<\/div>\n\n\n\n<div class=\"wp-block-column is-vertically-aligned-center is-layout-flow wp-block-column-is-layout-flow\">\n<figure class=\"wp-block-image size-full\"><img data-recalc-dims=\"1\" decoding=\"async\" width=\"800\" height=\"534\" src=\"https:\/\/i0.wp.com\/bno-travel.com\/wp-content\/uploads\/2025\/07\/2016JH106267.jpg?resize=800%2C534&#038;ssl=1\" alt=\"Cykling i S&#xE4;len\" class=\"wp-image-3706\" style=\"aspect-ratio:3\/4;object-fit:cover\" srcset=\"https:\/\/i0.wp.com\/bno-travel.com\/wp-content\/uploads\/2025\/07\/2016JH106267.jpg?w=6016&amp;ssl=1 6016w, https:\/\/i0.wp.com\/bno-travel.com\/wp-content\/uploads\/2025\/07\/2016JH106267.jpg?resize=300%2C200&amp;ssl=1 300w, https:\/\/i0.wp.com\/bno-travel.com\/wp-content\/uploads\/2025\/07\/2016JH106267.jpg?resize=1024%2C684&amp;ssl=1 1024w, https:\/\/i0.wp.com\/bno-travel.com\/wp-content\/uploads\/2025\/07\/2016JH106267.jpg?resize=768%2C513&amp;ssl=1 768w, https:\/\/i0.wp.com\/bno-travel.com\/wp-content\/uploads\/2025\/07\/2016JH106267.jpg?resize=1536%2C1025&amp;ssl=1 1536w, https:\/\/i0.wp.com\/bno-travel.com\/wp-content\/uploads\/2025\/07\/2016JH106267.jpg?resize=2048%2C1367&amp;ssl=1 2048w, https:\/\/i0.wp.com\/bno-travel.com\/wp-content\/uploads\/2025\/07\/2016JH106267.jpg?w=1600&amp;ssl=1 1600w, https:\/\/i0.wp.com\/bno-travel.com\/wp-content\/uploads\/2025\/07\/2016JH106267.jpg?w=2400&amp;ssl=1 2400w\" sizes=\"(max-width: 800px) 100vw, 800px\" \/><\/figure>\n<\/div>\n<\/div>\n<\/div>\n\n<div class=\"wp-block-group alignfull is-style-default is-content-justification-center is-layout-constrained wp-container-core-group-is-layout-69af11d0 wp-block-group-is-layout-constrained\" style=\"margin-top:0;margin-bottom:0;padding-top:var(--wp--preset--spacing--40);padding-bottom:var(--wp--preset--spacing--40)\">\n<div class=\"wp-block-group alignfull is-content-justification-center is-layout-constrained wp-container-core-group-is-layout-4853c3a7 wp-block-group-is-layout-constrained\" style=\"margin-top:0;margin-bottom:0;padding-top:calc( 0.5 * var(u002du002dwpu002du002dstyleu002du002drootu002du002dpadding-right, var(u002du002dwpu002du002dcustomu002du002dgapu002du002dhorizontal)));padding-right:var(u002du002dwpu002du002dstyleu002du002drootu002du002dpadding-right, var(u002du002dwpu002du002dcustomu002du002dgapu002du002dhorizontal));padding-bottom:calc( 0.5 * var(u002du002dwpu002du002dstyleu002du002drootu002du002dpadding-right, var(u002du002dwpu002du002dcustomu002du002dgapu002du002dhorizontal)));padding-left:var(u002du002dwpu002du002dstyleu002du002drootu002du002dpadding-left, var(u002du002dwpu002du002dcustomu002du002dgapu002du002dhorizontal))\">\n<div style=\"height:calc( 0.25 * var(u002du002dwpu002du002dstyleu002du002drootu002du002dpadding-right, var(u002du002dwpu002du002dcustomu002du002dgapu002du002dhorizontal)))\" aria-hidden=\"true\" class=\"wp-block-spacer\"><\/div>\n\n\n\n<div class=\"wp-block-columns alignwide is-layout-flex wp-container-core-columns-is-layout-7387b849 wp-block-columns-is-layout-flex\">\n<div class=\"wp-block-column is-vertically-aligned-center is-layout-flow wp-block-column-is-layout-flow\">\n<figure class=\"wp-block-image size-full\"><img data-recalc-dims=\"1\" loading=\"lazy\" decoding=\"async\" width=\"799\" height=\"533\" src=\"https:\/\/i0.wp.com\/bno-travel.com\/wp-content\/uploads\/2025\/06\/30949654317_6b7658a402_c.jpg?resize=799%2C533&#038;ssl=1\" alt=\"\" class=\"wp-image-2395\" style=\"aspect-ratio:3\/4;object-fit:cover\" srcset=\"https:\/\/i0.wp.com\/bno-travel.com\/wp-content\/uploads\/2025\/06\/30949654317_6b7658a402_c.jpg?w=799&amp;ssl=1 799w, https:\/\/i0.wp.com\/bno-travel.com\/wp-content\/uploads\/2025\/06\/30949654317_6b7658a402_c.jpg?resize=300%2C200&amp;ssl=1 300w, https:\/\/i0.wp.com\/bno-travel.com\/wp-content\/uploads\/2025\/06\/30949654317_6b7658a402_c.jpg?resize=768%2C512&amp;ssl=1 768w\" sizes=\"(max-width: 799px) 100vw, 799px\" \/><\/figure>\n<\/div>\n\n\n\n<div class=\"wp-block-column is-vertically-aligned-center is-layout-flow wp-block-column-is-layout-flow\">\n<p class=\"has-text-align-left wp-block-paragraph\"><strong>S\u00e4lens andre sommeraktiviteter<\/strong><\/p>\n\n\n\n<p class=\"wp-block-paragraph\">Cykling er en stor attraktion i S\u00e4len, men omr\u00e5det byder ogs\u00e5 p\u00e5 en r\u00e6kke <strong>sommeraktiviteter<\/strong>, der fuldender din fjeldferie - for b\u00e5de store og sm\u00e5.<\/p>\n\n\n\n<ul class=\"wp-block-list\">\n<li>Klatreparker og sv\u00e6vebaner i Lindvallen med baner, der passer til b\u00e5de b\u00f8rn og voksne<\/li>\n\n\n\n<li>Kano eller kajak p\u00e5 V\u00e4sterdal\u00e4lven eller stille fjelds\u00f8er<\/li>\n\n\n\n<li>Vandring i h\u00f8je bjerge og skove med velafm\u00e6rkede stier<\/li>\n\n\n\n<li>Fiskeri i floder og s\u00f8er - b\u00e5de fluefiskeri og traditionelt fiskeri<\/li>\n\n\n\n<li><a href=\"https:\/\/bno-travel.com\/da\/?page_id=4011\">Golf p\u00e5 S\u00e4lenfj\u00e4llens Golfklubb<\/a> - 18 huller i et natursk\u00f8nt fjeldlandskab<\/li>\n<\/ul>\n\n\n\n<p class=\"wp-block-paragraph\">S\u00e4len har ogs\u00e5 et godt udvalg af <strong>restauranter og caf\u00e9er<\/strong> med b\u00e5de lokale og internationale menuer - perfekt efter en aktiv dag i fjeldet.<\/p>\n\n\n\n<p class=\"wp-block-paragraph\"><strong>Indkvartering med BNO TRAVEL<\/strong><\/p>\n\n\n\n<p class=\"wp-block-paragraph\">N\u00e5r du booker gennem BNO TRAVEL, f\u00e5r du adgang til en bred vifte af <a href=\"https:\/\/bno-travel.com\/da\/?page_id=2869\">overnatningsmuligheder<\/a> i hele S\u00e4len. Vi tilbyder: <\/p>\n\n\n\n<p class=\"wp-block-paragraph\">Moderne lejligheder i Lindvallen - t\u00e6t p\u00e5 cykelstier, klatrepark og restauranter<br\/>Hyggelige hytter i H\u00f6gfj\u00e4llet og Tand\u00e5dalen - perfekte til familier og vennegrupper<br\/>Rolige enheder i natursk\u00f8nne omgivelser med udsigt og vandreterr\u00e6n lige uden for d\u00f8ren<br\/>Overnatning med sengelinned, slutreng\u00f8ring og n\u00f8gleh\u00e5ndtering inkluderet<\/p>\n\n\n\n<p class=\"wp-block-paragraph\">Vi hj\u00e6lper dig med at finde den l\u00f8sning, der passer bedst til dine behov, og s\u00f8rger for, at alt er klar, n\u00e5r du ankommer.<\/p>\n\n\n\n<p class=\"wp-block-paragraph\"><strong>S\u00e4len - en sommerdestination for hele familien<\/strong><\/p>\n\n\n\n<p class=\"wp-block-paragraph\">Uanset om du er en erfaren cyklist, vandrer eller bare vil have en ferie med aktivitet, natur og afslapning - s\u00e5 er S\u00e4len en ideel destination. Her f\u00e5r du <strong>bjergf\u00f8lelse, frisk luft og store oplevelser,<\/strong> kombineret med h\u00f8j komfort og kort afstand til alt. <\/p>\n\n\n\n<p class=\"wp-block-paragraph\"><strong>Lad BNO TRAVEL tage sig af detaljerne - s\u00e5 du kan nyde din sommer i S\u00e4len fuldt ud.<\/strong><\/p>\n\n\n\n<p class=\"wp-block-paragraph\">Vil du planl\u00e6gge din n\u00e6ste fjeldferie i S\u00e4len? Kontakt BNO TRAVEL for et uforpligtende tilbud i dag. <\/p>\n\n\n\n<p class=\"wp-block-paragraph\">Sp\u00f8rg ChatGPT<\/p>\n<\/div>\n<\/div>\n\n\n\n<div style=\"height:calc( 0.25 * var(u002du002dwpu002du002dstyleu002du002drootu002du002dpadding-right, var(u002du002dwpu002du002dcustomu002du002dgapu002du002dhorizontal)))\" aria-hidden=\"true\" class=\"wp-block-spacer\"><\/div>\n<\/div>\n\n\n\n<div class=\"wp-block-group alignwide is-content-justification-left is-layout-constrained wp-container-core-group-is-layout-54d22900 wp-block-group-is-layout-constrained\"><\/div>\n<\/div>\n\n<div class=\"wp-block-group alignfull is-style-default is-content-justification-center is-layout-constrained wp-container-core-group-is-layout-cdf99998 wp-block-group-is-layout-constrained\" style=\"margin-top:0;margin-bottom:0;padding-top:var(--wp--preset--spacing--40);padding-bottom:var(--wp--preset--spacing--40)\"><\/div>\n\n<p class=\"wp-block-paragraph\"><\/p>\n","protected":false},"excerpt":{"rendered":"<p>Sykkel i S\u00e4len \u2013 Stisykling i naturskj\u00f8nne fjellomgivelser Velkommen til S\u00e4len \u2013 en av Sveriges mest popul\u00e6re sommerdestinasjoner for terrengsykling og sykkelopplevelser for hele familien. Her finner du et variert terreng tilrettelagt for b\u00e5de nybegynnere og erfarne syklister. Med bygd sti, naturlige skogstraseer og h\u00f8yfjellsterreng, er S\u00e4len et ideelt reisem\u00e5l for deg som elsker \u00e5 [&hellip;]<\/p>\n","protected":false},"author":260013438,"featured_media":0,"parent":0,"menu_order":0,"comment_status":"closed","ping_status":"closed","template":"","meta":{"_crdt_document":"","footnotes":""},"class_list":["post-3900","page","type-page","status-publish","hentry"],"jetpack_likes_enabled":true,"jetpack_sharing_enabled":true,"jetpack_shortlink":"https:\/\/wp.me\/PgDuwj-10U","jetpack-related-posts":[{"id":2887,"url":"https:\/\/bno-travel.com\/en\/discover-salenfjellet-all-year-round-for-active-holidaymakers\/","url_meta":{"origin":3900,"position":0},"title":"Discover S\u00e4lenfjellet - The adventure starts here","author":"Jan Terje \u00c5s","date":"18. juli 2025","format":false,"excerpt":"Oppdag S\u00e4len Hel\u00e5rsdestinasjonen for gode opplevelser, aktivitet og minner i naturen Oppdag S\u00e4len og S\u00e4lenfjellet, en destinasjon der vintereventyr, sommerdager i fjellet og roligere naturopplevelser m\u00f8tes i samme reise. Med BNO Travel blir det enklere \u00e5 planlegge opphold, aktiviteter og opplevelser \u2013 med naturen i sentrum. Oppdag S\u00e4len Se aktiviteter\u2026","rel":"","context":"Similar post","block_context":{"text":"Similar post","link":""},"img":{"alt_text":"","src":"","width":0,"height":0},"classes":[]},{"id":28670,"url":"https:\/\/bno-travel.com\/en\/elementor-28637\/","url_meta":{"origin":3900,"position":1},"title":"Elementor #28637","author":"Jan Terje \u00c5s","date":"4. april 2026","format":false,"excerpt":"Destination \u00b7 S\u00e4len Accommodation in S\u00e4len with access to the areas that best suit your stay Explore areas in S\u00e4len such as Lindvallen, Tand\u00e5dalen, H\u00f6gfj\u00e4llet, and Hundfj\u00e4llet \u2013 and find a stay with the right balance of location, nature, and activities. Explore areas in S\u00e4len Discover S\u00e4len Find the right\u2026","rel":"","context":"Similar post","block_context":{"text":"Similar post","link":""},"img":{"alt_text":"","src":"","width":0,"height":0},"classes":[]},{"id":4256,"url":"https:\/\/bno-travel.com\/en\/alpine-skiing-in-salen\/","url_meta":{"origin":3900,"position":2},"title":"Alpine skiing in S\u00e4len","author":"Jan Terje \u00c5s","date":"18. juli 2025","format":false,"excerpt":"Alpine skiing in S\u00e4len - Explore Sweden's most complete ski destination Welcome to S\u00e4len, one of Sweden's most popular alpine res orts - perfect for both families with children and experienced skiers! With several mountains and ski resorts such as Lindvallen, H\u00f6gfj\u00e4llet, Tand\u00e5dalen and Hundfj\u00e4llet, S\u00e4len offers varied slopes, modern\u2026","rel":"","context":"Similar post","block_context":{"text":"Similar post","link":""},"img":{"alt_text":"Alpint i S\u00e4len","src":"https:\/\/i0.wp.com\/bno-travel.com\/wp-content\/uploads\/2025\/06\/JAP7037.jpg?resize=350%2C200&ssl=1","width":350,"height":200,"srcset":"https:\/\/i0.wp.com\/bno-travel.com\/wp-content\/uploads\/2025\/06\/JAP7037.jpg?resize=350%2C200&ssl=1 1x, https:\/\/i0.wp.com\/bno-travel.com\/wp-content\/uploads\/2025\/06\/JAP7037.jpg?resize=525%2C300&ssl=1 1.5x, https:\/\/i0.wp.com\/bno-travel.com\/wp-content\/uploads\/2025\/06\/JAP7037.jpg?resize=700%2C400&ssl=1 2x, https:\/\/i0.wp.com\/bno-travel.com\/wp-content\/uploads\/2025\/06\/JAP7037.jpg?resize=1050%2C600&ssl=1 3x, https:\/\/i0.wp.com\/bno-travel.com\/wp-content\/uploads\/2025\/06\/JAP7037.jpg?resize=1400%2C800&ssl=1 4x"},"classes":[]},{"id":3825,"url":"https:\/\/bno-travel.com\/en\/spa-and-bath-in-salen\/","url_meta":{"origin":3900,"position":3},"title":"Spa and swimming in S\u00e4len","author":"Jan Terje \u00c5s","date":"18. juli 2025","format":false,"excerpt":"Spa and baths in S\u00e4len - Wellness and relaxation in a mountain environment S\u00e4len isn't just about skiing, cycling and the great outdoors - it's also a fantastic destination if you're looking for peace, relaxation and true mountain harmony. Whether you're coming for a romantic weekend, a family vacation or\u2026","rel":"","context":"Similar post","block_context":{"text":"Similar post","link":""},"img":{"alt_text":"","src":"https:\/\/i0.wp.com\/bno-travel.com\/wp-content\/uploads\/2025\/07\/52200128044_b550a6c33d_c.jpg?resize=350%2C200&ssl=1","width":350,"height":200,"srcset":"https:\/\/i0.wp.com\/bno-travel.com\/wp-content\/uploads\/2025\/07\/52200128044_b550a6c33d_c.jpg?resize=350%2C200&ssl=1 1x, https:\/\/i0.wp.com\/bno-travel.com\/wp-content\/uploads\/2025\/07\/52200128044_b550a6c33d_c.jpg?resize=525%2C300&ssl=1 1.5x, https:\/\/i0.wp.com\/bno-travel.com\/wp-content\/uploads\/2025\/07\/52200128044_b550a6c33d_c.jpg?resize=700%2C400&ssl=1 2x"},"classes":[]},{"id":2865,"url":"https:\/\/bno-travel.com\/en\/the-journey-here-to-salenfjellet\/","url_meta":{"origin":3900,"position":4},"title":"The journey here to S\u00e4lenfjellet","author":"Jan Terje \u00c5s","date":"11. juli 2025","format":false,"excerpt":". How to get to S\u00e4lenfjellet - by plane, rental car, bus, train or own car \u2708\ufe0f By plane to Oslo Airport Gardermoen (OSL) Oslo Airport is one of the most common entry points for travelers to S\u00e4len. There are direct flights from a number of major European cities. Continue\u2026","rel":"","context":"Similar post","block_context":{"text":"Similar post","link":""},"img":{"alt_text":"overnatting i salen","src":"https:\/\/i0.wp.com\/bno-travel.com\/wp-content\/uploads\/2025\/06\/AdobeStock_121113275-e1751307052527.jpeg?resize=350%2C200&ssl=1","width":350,"height":200,"srcset":"https:\/\/i0.wp.com\/bno-travel.com\/wp-content\/uploads\/2025\/06\/AdobeStock_121113275-e1751307052527.jpeg?resize=350%2C200&ssl=1 1x, https:\/\/i0.wp.com\/bno-travel.com\/wp-content\/uploads\/2025\/06\/AdobeStock_121113275-e1751307052527.jpeg?resize=525%2C300&ssl=1 1.5x, https:\/\/i0.wp.com\/bno-travel.com\/wp-content\/uploads\/2025\/06\/AdobeStock_121113275-e1751307052527.jpeg?resize=700%2C400&ssl=1 2x, https:\/\/i0.wp.com\/bno-travel.com\/wp-content\/uploads\/2025\/06\/AdobeStock_121113275-e1751307052527.jpeg?resize=1050%2C600&ssl=1 3x, https:\/\/i0.wp.com\/bno-travel.com\/wp-content\/uploads\/2025\/06\/AdobeStock_121113275-e1751307052527.jpeg?resize=1400%2C800&ssl=1 4x"},"classes":[]},{"id":4001,"url":"https:\/\/bno-travel.com\/en\/climbing-park-in-salen\/","url_meta":{"origin":3900,"position":5},"title":"Climbing park in S\u00e4len","author":"Jan Terje \u00c5s","date":"18. juli 2025","format":false,"excerpt":"Climbing park in S\u00e4len - Excitement, mastery and fun for the whole family Welcome to H\u00f6gt & L\u00e5gt S\u00e4len, a modern and family-friendly climbing park beautifully situated by Svansj\u00f6n in Lindvallen. Here you'll find airy ziplines, exciting obstacle courses in the trees and challenges suitable for young children, teenagers, adults\u2026","rel":"","context":"Similar post","block_context":{"text":"Similar post","link":""},"img":{"alt_text":"Klatrepark i S\u00e4len","src":"https:\/\/i0.wp.com\/bno-travel.com\/wp-content\/uploads\/2025\/06\/43311668904_2a700093da_c.jpg?resize=350%2C200&ssl=1","width":350,"height":200,"srcset":"https:\/\/i0.wp.com\/bno-travel.com\/wp-content\/uploads\/2025\/06\/43311668904_2a700093da_c.jpg?resize=350%2C200&ssl=1 1x, https:\/\/i0.wp.com\/bno-travel.com\/wp-content\/uploads\/2025\/06\/43311668904_2a700093da_c.jpg?resize=525%2C300&ssl=1 1.5x, https:\/\/i0.wp.com\/bno-travel.com\/wp-content\/uploads\/2025\/06\/43311668904_2a700093da_c.jpg?resize=700%2C400&ssl=1 2x"},"classes":[]}],"_links":{"self":[{"href":"https:\/\/bno-travel.com\/da\/wp-json\/wp\/v2\/pages\/3900","targetHints":{"allow":["GET"]}}],"collection":[{"href":"https:\/\/bno-travel.com\/da\/wp-json\/wp\/v2\/pages"}],"about":[{"href":"https:\/\/bno-travel.com\/da\/wp-json\/wp\/v2\/types\/page"}],"author":[{"embeddable":true,"href":"https:\/\/bno-travel.com\/da\/wp-json\/wp\/v2\/users\/260013438"}],"replies":[{"embeddable":true,"href":"https:\/\/bno-travel.com\/da\/wp-json\/wp\/v2\/comments?post=3900"}],"version-history":[{"count":2,"href":"https:\/\/bno-travel.com\/da\/wp-json\/wp\/v2\/pages\/3900\/revisions"}],"predecessor-version":[{"id":4857,"href":"https:\/\/bno-travel.com\/da\/wp-json\/wp\/v2\/pages\/3900\/revisions\/4857"}],"wp:attachment":[{"href":"https:\/\/bno-travel.com\/da\/wp-json\/wp\/v2\/media?parent=3900"}],"curies":[{"name":"wp","href":"https:\/\/api.w.org\/{rel}","templated":true}]}}