{"id":4005,"date":"2025-07-18T20:35:21","date_gmt":"2025-07-18T18:35:21","guid":{"rendered":"https:\/\/bno-travel.com\/?page_id=4005"},"modified":"2025-07-18T20:36:00","modified_gmt":"2025-07-18T18:36:00","slug":"klatrepark-i-salen","status":"publish","type":"page","link":"https:\/\/bno-travel.com\/da\/klatrepark-i-salen\/","title":{"rendered":"Klatrepark i S\u00e4len"},"content":{"rendered":"\n<p class=\"wp-block-paragraph\"><\/p>\n\n<div class=\"wp-block-cover alignfull\" style=\"margin-top:0;margin-bottom:0;padding-top:var(--wp--preset--spacing--20);padding-right:var(--wp--preset--spacing--40);padding-bottom:var(--wp--preset--spacing--20);padding-left:var(--wp--preset--spacing--40);min-height:917px;aspect-ratio:unset;\"><img data-recalc-dims=\"1\" fetchpriority=\"high\" decoding=\"async\" width=\"800\" height=\"534\" class=\"wp-block-cover__image-background wp-image-2239 size-full\" alt=\"\" src=\"https:\/\/i0.wp.com\/bno-travel.com\/wp-content\/uploads\/2025\/06\/43124442155_8f90996eef_c.jpg?resize=800%2C534&#038;ssl=1\" style=\"object-position:54% 56%\" data-object-fit=\"cover\" data-object-position=\"54% 56%\" srcset=\"https:\/\/i0.wp.com\/bno-travel.com\/wp-content\/uploads\/2025\/06\/43124442155_8f90996eef_c.jpg?w=800&amp;ssl=1 800w, https:\/\/i0.wp.com\/bno-travel.com\/wp-content\/uploads\/2025\/06\/43124442155_8f90996eef_c.jpg?resize=300%2C200&amp;ssl=1 300w, https:\/\/i0.wp.com\/bno-travel.com\/wp-content\/uploads\/2025\/06\/43124442155_8f90996eef_c.jpg?resize=768%2C513&amp;ssl=1 768w\" sizes=\"(max-width: 800px) 100vw, 800px\" \/><span aria-hidden=\"true\" class=\"wp-block-cover__background has-theme-1-background-color has-background-dim-30 has-background-dim\"><\/span><div class=\"wp-block-cover__inner-container is-layout-flow wp-block-cover-is-layout-flow\">\n<div style=\"height:var(--wp--preset--spacing--50)\" aria-hidden=\"true\" class=\"wp-block-spacer\"><\/div>\n\n\n\n<div style=\"height:var(--wp--preset--spacing--50)\" aria-hidden=\"true\" class=\"wp-block-spacer\"><\/div>\n<\/div><\/div>\n\n<div class=\"wp-block-group alignfull is-style-section-3 is-layout-constrained wp-block-group-is-layout-constrained\" style=\"margin-top:0;margin-bottom:0;padding-top:var(--wp--preset--spacing--40);padding-bottom:var(--wp--preset--spacing--40)\">\n<div class=\"wp-block-columns alignwide are-vertically-aligned-center is-layout-flex wp-container-core-columns-is-layout-d9ad523d wp-block-columns-is-layout-flex\">\n<div class=\"wp-block-column is-vertically-aligned-center is-layout-flow wp-block-column-is-layout-flow\">\n<figure class=\"wp-block-image size-full\"><img data-recalc-dims=\"1\" decoding=\"async\" width=\"800\" height=\"534\" src=\"https:\/\/i0.wp.com\/bno-travel.com\/wp-content\/uploads\/2025\/06\/43311668904_2a700093da_c.jpg?resize=800%2C534&#038;ssl=1\" alt=\"Klatrepark i S&#xE4;len\" class=\"wp-image-2434\" style=\"aspect-ratio:3\/4;object-fit:cover\" title=\"titel\" srcset=\"https:\/\/i0.wp.com\/bno-travel.com\/wp-content\/uploads\/2025\/06\/43311668904_2a700093da_c.jpg?w=800&amp;ssl=1 800w, https:\/\/i0.wp.com\/bno-travel.com\/wp-content\/uploads\/2025\/06\/43311668904_2a700093da_c.jpg?resize=300%2C200&amp;ssl=1 300w, https:\/\/i0.wp.com\/bno-travel.com\/wp-content\/uploads\/2025\/06\/43311668904_2a700093da_c.jpg?resize=768%2C513&amp;ssl=1 768w\" sizes=\"(max-width: 800px) 100vw, 800px\" \/><\/figure>\n<\/div>\n\n\n\n<div class=\"wp-block-column is-vertically-aligned-center is-content-justification-left is-layout-constrained wp-container-core-column-is-layout-b64f6bf5 wp-block-column-is-layout-constrained\">\n<p class=\"wp-block-paragraph\"><\/p>\n\n\n\n<h2 class=\"wp-block-heading\"><strong>Klatrepark i S\u00e4len - Sp\u00e6nding, mestring og sjov for hele familien<\/strong><\/h2>\n\n\n\n<p class=\"wp-block-paragraph\">Velkommen til <a href=\"https:\/\/www.skistar.com\/sv\/vara-skidorter\/salen\/sommar-i-salen\/aktiviteter\/klatterpark\/\" target=\"_blank\" rel=\"noopener\"><strong>H\u00f6gt &amp; L\u00e5gt S\u00e4len<\/strong>, en moderne og familievenlig klatrepark<\/a> smukt beliggende ved Svansj\u00f6n i Lindvallen. Her finder du luftige sv\u00e6vebaner, sp\u00e6ndende forhindringsbaner i tr\u00e6erne og udfordringer, der passer til b\u00e5de sm\u00e5 b\u00f8rn, teenagere, voksne og adrenalins\u00f8gende eventyrere. <\/p>\n\n\n\n<p class=\"wp-block-paragraph\">Med <strong>BNO TRAVEL<\/strong> kan du nemt planl\u00e6gge og booke en aktiv ferie i S\u00e4len, hvor klatreparken vil v\u00e6re et naturligt h\u00f8jdepunkt - uanset om du rejser med familie, venner eller p\u00e5 firmarejse.<\/p>\n\n\n\n<p class=\"wp-block-paragraph\"><strong>En oplevelse for alle aldre<\/strong><\/p>\n\n\n\n<p class=\"wp-block-paragraph\">Klatreparken i S\u00e4len har ruter, der passer til b\u00f8rn helt ned til 3 \u00e5r (fra en h\u00f8jde p\u00e5 80 cm), og flere ruter til unge og voksne, der vil have mere sp\u00e6nding og st\u00f8rre udfordringer. Den kombinerer mestring, bev\u00e6gelse og naturoplevelse p\u00e5 en sikker og sjov m\u00e5de. <\/p>\n\n\n\n<p class=\"wp-block-paragraph\">Dette er en ideel aktivitet for:<\/p>\n\n\n\n<ul class=\"wp-block-list\">\n<li>Familieferie<\/li>\n\n\n\n<li>Teambuilding og firmaudflugter<\/li>\n\n\n\n<li>Venskabsgrupper og polterabender<\/li>\n\n\n\n<li>Aktive par og solorejsende<\/li>\n<\/ul>\n\n\n\n<p class=\"wp-block-paragraph\">At klatre sammen, udfordre sine egne gr\u00e6nser og opleve mestring i h\u00f8jderne giver b\u00e5de f\u00e6llesskab og gode minder. Klatreparken i S\u00e4len er et must for alle, der \u00f8nsker en aktiv sommeroplevelse i fjeldene med gode minder og \u00e6gte kammeratskab.<\/p>\n<\/div>\n<\/div>\n<\/div>\n\n<div class=\"wp-block-group alignfull is-style-default is-content-justification-center is-layout-constrained wp-container-core-group-is-layout-69af11d0 wp-block-group-is-layout-constrained\" style=\"margin-top:0;margin-bottom:0;padding-top:var(--wp--preset--spacing--40);padding-bottom:var(--wp--preset--spacing--40)\">\n<div class=\"wp-block-group alignwide is-content-justification-left is-layout-constrained wp-container-core-group-is-layout-54d22900 wp-block-group-is-layout-constrained\"><\/div>\n<\/div>\n\n<div class=\"wp-block-group alignfull is-content-justification-center is-layout-constrained wp-block-group-is-layout-constrained\" style=\"margin-top:0;margin-bottom:0;padding-top:var(--wp--preset--spacing--40);padding-bottom:var(--wp--preset--spacing--40)\">\n<div class=\"wp-block-columns alignwide are-vertically-aligned-center is-layout-flex wp-container-core-columns-is-layout-7387b849 wp-block-columns-is-layout-flex\">\n<div class=\"wp-block-column is-vertically-aligned-center is-content-justification-left is-layout-constrained wp-container-core-column-is-layout-b64f6bf5 wp-block-column-is-layout-constrained\">\n<h2 class=\"wp-block-heading has-xx-large-font-size\"><strong>Fakta om klatreparken i S\u00e4len<\/strong><\/h2>\n\n\n\n<p class=\"wp-block-paragraph\">Klatreparken i S\u00e4len ligger idyllisk ved Svansj\u00f6n i Lindvallen, lige i hjertet af S\u00e4len-bjergene. Parken er en del af SkiStars store udbud af sommer- og efter\u00e5rsaktiviteter og byder p\u00e5 en sp\u00e6ndende kombination af natur, fysisk aktivitet og mestring for hele familien. Her finder du:  <\/p>\n\n\n\n<ul class=\"wp-block-list\">\n<li>Over <strong>75 forhindringer og aktiviteter i<\/strong> h\u00f8jden<\/li>\n\n\n\n<li><strong>9 forskellige klatreruter<\/strong>, tilpasset forskellige h\u00f8jder, aldre og f\u00e6rdighedsniveauer<\/li>\n\n\n\n<li><strong>11 ziplines<\/strong>, herunder tre, der sv\u00e6ver over vand<\/li>\n\n\n\n<li>Dedikerede <strong>b\u00f8rneruter fra 80 cm h\u00f8jde<\/strong> og mere kr\u00e6vende ruter for erfarne klatrere<\/li>\n\n\n\n<li>Fokus p\u00e5 sikkerhed med moderne <strong>seler og kontinuerligt sikringssystem<\/strong><\/li>\n\n\n\n<li>Faciliteter som <strong>terrasser, b\u00e6nke og picnicomr\u00e5der<\/strong> ved s\u00f8en<\/li>\n<\/ul>\n\n\n\n<p class=\"wp-block-paragraph\">Parken er omhyggeligt kategoriseret efter sv\u00e6rhedsgrad, s\u00e5 alle - fra de mindste b\u00f8rn til voksne med klatreerfaring - kan finde passende udfordringer. Man kan starte p\u00e5 de nemmeste gr\u00f8nne ruter og arbejde sig op til bl\u00e5, r\u00f8de og sorte ruter for at f\u00e5 maksimal h\u00f8jde og sp\u00e6nding. <\/p>\n\n\n\n<p class=\"wp-block-paragraph\"><strong>Ekstra tips: Oplev sommeren i S\u00e4len<\/strong><\/p>\n\n\n\n<p class=\"wp-block-paragraph\">Klatreparken er bare en af mange sommeraktiviteter i S\u00e4len! N\u00e5r du er her, kan du ogs\u00e5 udforske vandring, cykling, kanosejlads og fiskeri - alt sammen i det smukke svenske fjeldlandskab. For dem, der \u00f8nsker en aktiv ferie med b\u00e5de tempo og ro, byder S\u00e4len p\u00e5 en bred vifte af oplevelser.  <\/p>\n<\/div>\n\n\n\n<div class=\"wp-block-column is-vertically-aligned-center is-layout-flow wp-block-column-is-layout-flow\">\n<figure class=\"wp-block-image size-full\"><img data-recalc-dims=\"1\" decoding=\"async\" width=\"800\" height=\"534\" src=\"https:\/\/i0.wp.com\/bno-travel.com\/wp-content\/uploads\/2025\/06\/43124440865_479eca7e07_c.jpg?resize=800%2C534&#038;ssl=1\" alt=\"Klatrepark i Trysil\" class=\"wp-image-2421\" style=\"aspect-ratio:3\/4;object-fit:cover\" srcset=\"https:\/\/i0.wp.com\/bno-travel.com\/wp-content\/uploads\/2025\/06\/43124440865_479eca7e07_c.jpg?w=800&amp;ssl=1 800w, https:\/\/i0.wp.com\/bno-travel.com\/wp-content\/uploads\/2025\/06\/43124440865_479eca7e07_c.jpg?resize=300%2C200&amp;ssl=1 300w, https:\/\/i0.wp.com\/bno-travel.com\/wp-content\/uploads\/2025\/06\/43124440865_479eca7e07_c.jpg?resize=768%2C513&amp;ssl=1 768w\" sizes=\"(max-width: 800px) 100vw, 800px\" \/><\/figure>\n<\/div>\n<\/div>\n<\/div>\n\n<div class=\"wp-block-group alignfull is-style-default is-content-justification-center is-layout-constrained wp-container-core-group-is-layout-69af11d0 wp-block-group-is-layout-constrained\" style=\"margin-top:0;margin-bottom:0;padding-top:var(--wp--preset--spacing--40);padding-bottom:var(--wp--preset--spacing--40)\">\n<div class=\"wp-block-group alignfull is-content-justification-center is-layout-constrained wp-container-core-group-is-layout-4853c3a7 wp-block-group-is-layout-constrained\" style=\"margin-top:0;margin-bottom:0;padding-top:calc( 0.5 * var(u002du002dwpu002du002dstyleu002du002drootu002du002dpadding-right, var(u002du002dwpu002du002dcustomu002du002dgapu002du002dhorizontal)));padding-right:var(u002du002dwpu002du002dstyleu002du002drootu002du002dpadding-right, var(u002du002dwpu002du002dcustomu002du002dgapu002du002dhorizontal));padding-bottom:calc( 0.5 * var(u002du002dwpu002du002dstyleu002du002drootu002du002dpadding-right, var(u002du002dwpu002du002dcustomu002du002dgapu002du002dhorizontal)));padding-left:var(u002du002dwpu002du002dstyleu002du002drootu002du002dpadding-left, var(u002du002dwpu002du002dcustomu002du002dgapu002du002dhorizontal))\">\n<div style=\"height:calc( 0.25 * var(u002du002dwpu002du002dstyleu002du002drootu002du002dpadding-right, var(u002du002dwpu002du002dcustomu002du002dgapu002du002dhorizontal)))\" aria-hidden=\"true\" class=\"wp-block-spacer\"><\/div>\n\n\n\n<div class=\"wp-block-columns alignwide is-layout-flex wp-container-core-columns-is-layout-7387b849 wp-block-columns-is-layout-flex\">\n<div class=\"wp-block-column is-vertically-aligned-center is-layout-flow wp-block-column-is-layout-flow\">\n<figure class=\"wp-block-image size-full\"><img data-recalc-dims=\"1\" loading=\"lazy\" decoding=\"async\" width=\"800\" height=\"534\" src=\"https:\/\/i0.wp.com\/bno-travel.com\/wp-content\/uploads\/2025\/07\/20D.jpg?resize=800%2C534&#038;ssl=1\" alt=\"Steder at overnatte i S&#xE4;len\" class=\"wp-image-5262\" style=\"aspect-ratio:3\/4;object-fit:cover\" srcset=\"https:\/\/i0.wp.com\/bno-travel.com\/wp-content\/uploads\/2025\/07\/20D.jpg?w=1200&amp;ssl=1 1200w, https:\/\/i0.wp.com\/bno-travel.com\/wp-content\/uploads\/2025\/07\/20D.jpg?resize=300%2C200&amp;ssl=1 300w, https:\/\/i0.wp.com\/bno-travel.com\/wp-content\/uploads\/2025\/07\/20D.jpg?resize=1024%2C684&amp;ssl=1 1024w, https:\/\/i0.wp.com\/bno-travel.com\/wp-content\/uploads\/2025\/07\/20D.jpg?resize=768%2C513&amp;ssl=1 768w\" sizes=\"(max-width: 800px) 100vw, 800px\" \/><\/figure>\n<\/div>\n\n\n\n<div class=\"wp-block-column is-vertically-aligned-center is-layout-flow wp-block-column-is-layout-flow\">\n<p class=\"has-text-align-left wp-block-paragraph\"><strong>Disse aktiviteter kombinerer naturoplevelser, adrenalin og afslapning p\u00e5 en unik m\u00e5de.<\/strong><\/p>\n\n\n\n<p class=\"wp-block-paragraph\"><strong>Overnatning i S\u00e4len - bo t\u00e6t p\u00e5 aktiviteterne<\/strong><\/p>\n\n\n\n<p class=\"wp-block-paragraph\"><strong>BNO TRAVEL<\/strong> tilbyder et varieret udvalg af <a href=\"https:\/\/bno-travel.com\/da\/indkvartering\/\">overnatningsmuligheder <\/a>i S\u00e4len, som ligger i og omkring Lindvallen, H\u00f6gfj\u00e4llet, Tand\u00e5dalen og Hundfj\u00e4llet. Her kan du v\u00e6lge mellem: <\/p>\n\n\n\n<ul class=\"wp-block-list\">\n<li>Moderne hytter og lejligheder med h\u00f8j standard og kort afstand til klatreparken<\/li>\n\n\n\n<li>Familievenlige enheder med masser af plads og praktiske faciliteter<\/li>\n\n\n\n<li>Overnatning i rolige omgivelser - t\u00e6t p\u00e5 bjerge, vand og vandremuligheder<\/li>\n<\/ul>\n\n\n\n<p class=\"wp-block-paragraph\">Alle overnatningsmuligheder giver dig nem adgang til naturoplevelser, vandrestier, cykelstier og aktivitetsomr\u00e5der. Med vores hj\u00e6lp finder du det sted, der passer dig bedst - uanset om du er p\u00e5 udkig efter et h\u00f8jt komfortniveau, en budgetvenlig l\u00f8sning eller noget midt imellem. Priserne i sommers\u00e6sonen er ofte meget fordelagtige, hvilket g\u00f8r <strong>S\u00e4len til et overkommeligt valg for en aktiv ferie.<\/strong>  <\/p>\n\n\n\n<p class=\"wp-block-paragraph\">Et ekstra tip: Tag din cykel og dine vandrest\u00f8vler med - omr\u00e5det byder p\u00e5 utallige muligheder for b\u00e5de afslappede og udfordrende vandreture i smuk svensk fjeldnatur.<\/p>\n\n\n\n<p class=\"wp-block-paragraph\"><strong>Planl\u00e6g din aktive ferie med BNO TRAVEL<\/strong><\/p>\n\n\n\n<p class=\"wp-block-paragraph\">Hos <strong>BNO TRAVEL<\/strong> kan du nemt skr\u00e6ddersy en ferie fyldt med aktivitet, natur og store oplevelser. Vi hj\u00e6lper dig med: <\/p>\n\n\n\n<ul class=\"wp-block-list\">\n<li>Booking af klatreparken og andre aktiviteter i omr\u00e5det<\/li>\n\n\n\n<li>Overnatning i hele S\u00e4len-regionen<\/li>\n\n\n\n<li>Tips til spisning, udflugter og lokale h\u00f8jdepunkter<\/li>\n\n\n\n<li>Lokalkendskab og personlig service f\u00f8r og under dit ophold<\/li>\n<\/ul>\n\n\n\n<p class=\"wp-block-paragraph\">S\u00e4len er meget mere end et vintersportscenter - det er en hel\u00e5rsdestination, hvor natur, aktivitet og familieoplevelser m\u00f8des. Uanset om du vil klatre i tr\u00e6toppene, sv\u00f8mme i bjergs\u00f8er, cykle p\u00e5 stier eller bare nyde freden og roen i bjergluften, s\u00e5 finder du det her. <\/p>\n<\/div>\n<\/div>\n\n\n\n<div style=\"height:calc( 0.25 * var(u002du002dwpu002du002dstyleu002du002drootu002du002dpadding-right, var(u002du002dwpu002du002dcustomu002du002dgapu002du002dhorizontal)))\" aria-hidden=\"true\" class=\"wp-block-spacer\"><\/div>\n<\/div>\n\n\n\n<div class=\"wp-block-group alignwide is-content-justification-left is-layout-constrained wp-container-core-group-is-layout-54d22900 wp-block-group-is-layout-constrained\"><\/div>\n<\/div>\n\n<div class=\"wp-block-group alignfull is-style-default is-content-justification-center is-layout-constrained wp-container-core-group-is-layout-cdf99998 wp-block-group-is-layout-constrained\" style=\"margin-top:0;margin-bottom:0;padding-top:var(--wp--preset--spacing--40);padding-bottom:var(--wp--preset--spacing--40)\"><\/div>\n\n<p class=\"wp-block-paragraph\"><\/p>\n","protected":false},"excerpt":{"rendered":"<p>Klatrepark i S\u00e4len - Sp\u00e6nding, mestring og sjov for hele familien Velkommen til H\u00f6gt &amp; L\u00e5gt S\u00e4len, en moderne og familievenlig klatrepark smukt beliggende ved Svansj\u00f6n i Lindvallen. Her finder du luftige sv\u00e6vebaner, sp\u00e6ndende forhindringsbaner i tr\u00e6erne og udfordringer, der passer til b\u00e5de sm\u00e5 b\u00f8rn, teenagere, voksne og adrenalins\u00f8gende eventyrere. Med BNO TRAVEL kan du [&hellip;]<\/p>\n","protected":false},"author":260013438,"featured_media":0,"parent":0,"menu_order":0,"comment_status":"closed","ping_status":"closed","template":"","meta":{"_crdt_document":"","footnotes":""},"class_list":["post-4005","page","type-page","status-publish","hentry"],"jetpack_likes_enabled":true,"jetpack_sharing_enabled":true,"jetpack_shortlink":"https:\/\/wp.me\/PgDuwj-12B","jetpack-related-posts":[{"id":3687,"url":"https:\/\/bno-travel.com\/klatreparken-i-salen-opplevelse-for-hele-familien\/","url_meta":{"origin":4005,"position":0},"title":"Klatrepark i S\u00e4len","author":"Jan Terje \u00c5s","date":"18. juli 2025","format":false,"excerpt":"Klatrepark i S\u00e4len Spenning, mestring og sommermoro i tretoppene \u2013 for hele familien og alle som vil v\u00e6re aktive i fjellet H\u00f6gt & L\u00e5gt S\u00e4len er en moderne og familievennlig klatrepark ved Svansj\u00f6n i Lindvallen, der zipliner, hinderl\u00f8yper og luftige utfordringer gj\u00f8r sommerdagene i S\u00e4len b\u00e5de mer lekne og mer\u2026","rel":"","context":"Similar post","block_context":{"text":"Similar post","link":""},"img":{"alt_text":"","src":"","width":0,"height":0},"classes":[]},{"id":2633,"url":"https:\/\/bno-travel.com\/oppdag-salen-familiens-feriefavoritt-i-sverige\/","url_meta":{"origin":4005,"position":1},"title":"Oppdag S\u00e4lenfjellet \u2013 Eventyret starter her","author":"Jan Terje \u00c5s","date":"18. juli 2025","format":false,"excerpt":"Oppdag S\u00e4len Hel\u00e5rsdestinasjonen for gode opplevelser, aktivitet og minner i naturen Oppdag S\u00e4len og S\u00e4lenfjellet, en destinasjon der vintereventyr, sommerdager i fjellet og roligere naturopplevelser m\u00f8tes i samme reise. Med BNO Travel blir det enklere \u00e5 planlegge opphold, aktiviteter og opplevelser \u2013 med naturen i sentrum. Oppdag S\u00e4len Se aktiviteter\u2026","rel":"","context":"Similar post","block_context":{"text":"Similar post","link":""},"img":{"alt_text":"","src":"","width":0,"height":0},"classes":[]},{"id":3700,"url":"https:\/\/bno-travel.com\/sykkel-i-salen-pa-2-hjul-perfekt-for-familien\/","url_meta":{"origin":4005,"position":2},"title":"Sykkel i S\u00e4len","author":"Jan Terje \u00c5s","date":"18. juli 2025","format":false,"excerpt":"Sykkel i S\u00e4len Stisykling i naturskj\u00f8nne fjellomgivelser \u2013 med flytstier, familievennlige l\u00f8yper og ekte sommerf\u00f8lelse i fjellet S\u00e4len er blitt en av Sveriges mest attraktive sommerdestinasjoner for deg som vil oppleve fjellet fra sykkelsetet. Her finner du maskinbygde flytstier, pumptrack, naturlige grusveier og skogstraseer som gj\u00f8r det enkelt \u00e5 kombinere\u2026","rel":"","context":"Similar post","block_context":{"text":"Similar post","link":""},"img":{"alt_text":"","src":"","width":0,"height":0},"classes":[]},{"id":2891,"url":"https:\/\/bno-travel.com\/da\/oplev-salenfjellet-hele-aret-rundt-for-aktive-feriegaester\/","url_meta":{"origin":4005,"position":3},"title":"Oplev S\u00e4lenfjellet - Eventyret starter her","author":"Jan Terje \u00c5s","date":"18. juli 2025","format":false,"excerpt":"Oplev S\u00e4len \u2605\u2605\u2605\u2605\u2605 Her finder du overnatningsmuligheder i S\u00e4len Oplev S\u00e4len og S\u00e4lenfjellet, en hel\u00e5rsdestination, der kombinerer fantastisk natur med en bred vifte af aktiviteter og oplevelser. Med BNO TRAVEL er det nemt og bekvemt at rejse til S\u00e4len - uanset om du er p\u00e5 udkig efter snekl\u00e6dte vintereventyr eller\u2026","rel":"","context":"Similar post","block_context":{"text":"Similar post","link":""},"img":{"alt_text":"","src":"https:\/\/i0.wp.com\/bno-travel.com\/wp-content\/uploads\/2025\/06\/2016JH070404.jpg?resize=350%2C200&ssl=1","width":350,"height":200,"srcset":"https:\/\/i0.wp.com\/bno-travel.com\/wp-content\/uploads\/2025\/06\/2016JH070404.jpg?resize=350%2C200&ssl=1 1x, https:\/\/i0.wp.com\/bno-travel.com\/wp-content\/uploads\/2025\/06\/2016JH070404.jpg?resize=525%2C300&ssl=1 1.5x, https:\/\/i0.wp.com\/bno-travel.com\/wp-content\/uploads\/2025\/06\/2016JH070404.jpg?resize=700%2C400&ssl=1 2x, https:\/\/i0.wp.com\/bno-travel.com\/wp-content\/uploads\/2025\/06\/2016JH070404.jpg?resize=1050%2C600&ssl=1 3x, https:\/\/i0.wp.com\/bno-travel.com\/wp-content\/uploads\/2025\/06\/2016JH070404.jpg?resize=1400%2C800&ssl=1 4x"},"classes":[]},{"id":3875,"url":"https:\/\/bno-travel.com\/da\/vandring-i-salen\/","url_meta":{"origin":4005,"position":4},"title":"Vandring i S\u00e4len","author":"Jan Terje \u00c5s","date":"18. juli 2025","format":false,"excerpt":"Vandring i S\u00e4len - Fjeldvandringer, udsigter og naturoplevelser for alle Velkommen til S\u00e4len - en hel\u00e5rsdestination, der er kendt for skil\u00f8b om vinteren og smukke vandreoplevelser om sommeren! N\u00e5r sneen smelter, og fjeldene bliver gr\u00f8nne, \u00e5bner S\u00e4len op for en bred vifte af fjeldvandringer, topture og familievenlige vandreture i storsl\u00e5et\u2026","rel":"","context":"Similar post","block_context":{"text":"Similar post","link":""},"img":{"alt_text":"Vandring i Trysil","src":"https:\/\/i0.wp.com\/bno-travel.com\/wp-content\/uploads\/2025\/06\/27930399740_e3e100021e_c.jpg?resize=350%2C200&ssl=1","width":350,"height":200,"srcset":"https:\/\/i0.wp.com\/bno-travel.com\/wp-content\/uploads\/2025\/06\/27930399740_e3e100021e_c.jpg?resize=350%2C200&ssl=1 1x, https:\/\/i0.wp.com\/bno-travel.com\/wp-content\/uploads\/2025\/06\/27930399740_e3e100021e_c.jpg?resize=525%2C300&ssl=1 1.5x, https:\/\/i0.wp.com\/bno-travel.com\/wp-content\/uploads\/2025\/06\/27930399740_e3e100021e_c.jpg?resize=700%2C400&ssl=1 2x"},"classes":[]},{"id":3887,"url":"https:\/\/bno-travel.com\/da\/restauranter-i-salen\/","url_meta":{"origin":4005,"position":5},"title":"Restauranter i S\u00e4len","author":"Jan Terje \u00c5s","date":"18. juli 2025","format":false,"excerpt":"Restauranter i S\u00e4len - Smagsoplevelser hele \u00e5ret rundt S\u00e4len er kendt for sine fantastiske ski- og cykelmuligheder, men destinationen byder ogs\u00e5 p\u00e5 et varieret og smagfuldt udvalg af restauranter, caf\u00e9er og spisesteder - hele \u00e5ret rundt. Uanset om du bes\u00f8ger S\u00e4len om vinteren eller sommeren, vil du finde noget, der\u2026","rel":"","context":"Similar post","block_context":{"text":"Similar post","link":""},"img":{"alt_text":"Restauranter i S\u00e4len","src":"https:\/\/i0.wp.com\/bno-travel.com\/wp-content\/uploads\/2025\/07\/AdobeStock_206047084.jpeg?resize=350%2C200&ssl=1","width":350,"height":200,"srcset":"https:\/\/i0.wp.com\/bno-travel.com\/wp-content\/uploads\/2025\/07\/AdobeStock_206047084.jpeg?resize=350%2C200&ssl=1 1x, https:\/\/i0.wp.com\/bno-travel.com\/wp-content\/uploads\/2025\/07\/AdobeStock_206047084.jpeg?resize=525%2C300&ssl=1 1.5x, https:\/\/i0.wp.com\/bno-travel.com\/wp-content\/uploads\/2025\/07\/AdobeStock_206047084.jpeg?resize=700%2C400&ssl=1 2x, https:\/\/i0.wp.com\/bno-travel.com\/wp-content\/uploads\/2025\/07\/AdobeStock_206047084.jpeg?resize=1050%2C600&ssl=1 3x, https:\/\/i0.wp.com\/bno-travel.com\/wp-content\/uploads\/2025\/07\/AdobeStock_206047084.jpeg?resize=1400%2C800&ssl=1 4x"},"classes":[]}],"_links":{"self":[{"href":"https:\/\/bno-travel.com\/da\/wp-json\/wp\/v2\/pages\/4005","targetHints":{"allow":["GET"]}}],"collection":[{"href":"https:\/\/bno-travel.com\/da\/wp-json\/wp\/v2\/pages"}],"about":[{"href":"https:\/\/bno-travel.com\/da\/wp-json\/wp\/v2\/types\/page"}],"author":[{"embeddable":true,"href":"https:\/\/bno-travel.com\/da\/wp-json\/wp\/v2\/users\/260013438"}],"replies":[{"embeddable":true,"href":"https:\/\/bno-travel.com\/da\/wp-json\/wp\/v2\/comments?post=4005"}],"version-history":[{"count":3,"href":"https:\/\/bno-travel.com\/da\/wp-json\/wp\/v2\/pages\/4005\/revisions"}],"predecessor-version":[{"id":5280,"href":"https:\/\/bno-travel.com\/da\/wp-json\/wp\/v2\/pages\/4005\/revisions\/5280"}],"wp:attachment":[{"href":"https:\/\/bno-travel.com\/da\/wp-json\/wp\/v2\/media?parent=4005"}],"curies":[{"name":"wp","href":"https:\/\/api.w.org\/{rel}","templated":true}]}}