{"id":4019,"date":"2025-07-18T20:51:11","date_gmt":"2025-07-18T18:51:11","guid":{"rendered":"https:\/\/bno-travel.com\/?page_id=4019"},"modified":"2025-07-18T20:51:30","modified_gmt":"2025-07-18T18:51:30","slug":"snescootere-i-salen","status":"publish","type":"page","link":"https:\/\/bno-travel.com\/da\/snescootere-i-salen\/","title":{"rendered":"Snescootere i S\u00e4len"},"content":{"rendered":"\n<p class=\"wp-block-paragraph\"><\/p>\n\n<div class=\"wp-block-cover alignfull\" style=\"margin-top:0;margin-bottom:0;padding-top:var(--wp--preset--spacing--20);padding-right:var(--wp--preset--spacing--40);padding-bottom:var(--wp--preset--spacing--20);padding-left:var(--wp--preset--spacing--40);min-height:946px;aspect-ratio:unset;\"><img data-recalc-dims=\"1\" fetchpriority=\"high\" decoding=\"async\" width=\"800\" height=\"534\" class=\"wp-block-cover__image-background wp-image-3280 size-large\" alt=\"Sn\u00f8scooter i Trysil\" src=\"https:\/\/i0.wp.com\/bno-travel.com\/wp-content\/uploads\/2025\/07\/10000-4718.jpg?resize=800%2C534&#038;ssl=1\" style=\"object-position:49% 68%\" data-object-fit=\"cover\" data-object-position=\"49% 68%\" srcset=\"https:\/\/i0.wp.com\/bno-travel.com\/wp-content\/uploads\/2025\/07\/10000-4718.jpg?resize=1024%2C683&amp;ssl=1 1024w, https:\/\/i0.wp.com\/bno-travel.com\/wp-content\/uploads\/2025\/07\/10000-4718.jpg?resize=300%2C200&amp;ssl=1 300w, https:\/\/i0.wp.com\/bno-travel.com\/wp-content\/uploads\/2025\/07\/10000-4718.jpg?resize=768%2C512&amp;ssl=1 768w, https:\/\/i0.wp.com\/bno-travel.com\/wp-content\/uploads\/2025\/07\/10000-4718.jpg?resize=1536%2C1024&amp;ssl=1 1536w, https:\/\/i0.wp.com\/bno-travel.com\/wp-content\/uploads\/2025\/07\/10000-4718.jpg?resize=2048%2C1365&amp;ssl=1 2048w, https:\/\/i0.wp.com\/bno-travel.com\/wp-content\/uploads\/2025\/07\/10000-4718.jpg?w=1600&amp;ssl=1 1600w, https:\/\/i0.wp.com\/bno-travel.com\/wp-content\/uploads\/2025\/07\/10000-4718.jpg?w=2400&amp;ssl=1 2400w\" sizes=\"(max-width: 800px) 100vw, 800px\" \/><span aria-hidden=\"true\" class=\"wp-block-cover__background has-theme-1-background-color has-background-dim-30 has-background-dim\"><\/span><div class=\"wp-block-cover__inner-container is-layout-flow wp-block-cover-is-layout-flow\">\n<div style=\"height:var(--wp--preset--spacing--50)\" aria-hidden=\"true\" class=\"wp-block-spacer\"><\/div>\n\n\n\n<div class=\"wp-block-group is-layout-constrained wp-block-group-is-layout-constrained\">\n<p class=\"has-text-align-center wp-block-paragraph\"><\/p>\n<\/div>\n\n\n\n<div style=\"height:var(--wp--preset--spacing--50)\" aria-hidden=\"true\" class=\"wp-block-spacer\"><\/div>\n<\/div><\/div>\n\n<div class=\"wp-block-group alignfull is-style-section-3 is-layout-constrained wp-block-group-is-layout-constrained\" style=\"margin-top:0;margin-bottom:0;padding-top:var(--wp--preset--spacing--40);padding-bottom:var(--wp--preset--spacing--40)\">\n<div class=\"wp-block-columns alignwide are-vertically-aligned-center is-layout-flex wp-container-core-columns-is-layout-d9ad523d wp-block-columns-is-layout-flex\">\n<div class=\"wp-block-column is-vertically-aligned-center is-layout-flow wp-block-column-is-layout-flow\">\n<figure class=\"wp-block-image size-full\"><img data-recalc-dims=\"1\" decoding=\"async\" width=\"800\" height=\"533\" src=\"https:\/\/i0.wp.com\/bno-travel.com\/wp-content\/uploads\/2025\/07\/10001-4713.jpg?resize=800%2C533&#038;ssl=1\" alt=\"Snescootere i S&#xE4;len\" class=\"wp-image-3618\" style=\"aspect-ratio:3\/4;object-fit:cover\" title=\"titel\" srcset=\"https:\/\/i0.wp.com\/bno-travel.com\/wp-content\/uploads\/2025\/07\/10001-4713.jpg?w=4413&amp;ssl=1 4413w, https:\/\/i0.wp.com\/bno-travel.com\/wp-content\/uploads\/2025\/07\/10001-4713.jpg?resize=300%2C200&amp;ssl=1 300w, https:\/\/i0.wp.com\/bno-travel.com\/wp-content\/uploads\/2025\/07\/10001-4713.jpg?resize=1024%2C683&amp;ssl=1 1024w, https:\/\/i0.wp.com\/bno-travel.com\/wp-content\/uploads\/2025\/07\/10001-4713.jpg?resize=768%2C512&amp;ssl=1 768w, https:\/\/i0.wp.com\/bno-travel.com\/wp-content\/uploads\/2025\/07\/10001-4713.jpg?resize=1536%2C1024&amp;ssl=1 1536w, https:\/\/i0.wp.com\/bno-travel.com\/wp-content\/uploads\/2025\/07\/10001-4713.jpg?resize=2048%2C1365&amp;ssl=1 2048w, https:\/\/i0.wp.com\/bno-travel.com\/wp-content\/uploads\/2025\/07\/10001-4713.jpg?w=1600&amp;ssl=1 1600w, https:\/\/i0.wp.com\/bno-travel.com\/wp-content\/uploads\/2025\/07\/10001-4713.jpg?w=2400&amp;ssl=1 2400w\" sizes=\"(max-width: 800px) 100vw, 800px\" \/><\/figure>\n<\/div>\n\n\n\n<div class=\"wp-block-column is-vertically-aligned-center is-content-justification-left is-layout-constrained wp-container-core-column-is-layout-b64f6bf5 wp-block-column-is-layout-constrained\">\n<p class=\"wp-block-paragraph\"><\/p>\n\n\n\n<h2 class=\"wp-block-heading\"><strong>Snescooterk\u00f8rsel i S\u00e4len - fartfyldte eventyr i \u00e6gte svensk fjeldnatur<\/strong><\/h2>\n\n\n\n<p class=\"wp-block-paragraph\">Velkommen til <strong>S\u00e4len<\/strong> - en af Sveriges mest popul\u00e6re vinterdestinationer, hvor du ikke kun kan st\u00e5 p\u00e5 ski, men ogs\u00e5 opleve <strong>adrenalin og frihed p\u00e5 snescooter<\/strong>! Her finder du <strong>godkendte snescooterl\u00f8jper<\/strong>, smuk fjeldnatur og mulighed for at deltage i <strong>guidede t<\/strong> ure i sikre og natursk\u00f8nne omgivelser.<\/p>\n\n\n\n<p class=\"wp-block-paragraph\">Uanset om du er ude efter <strong>sp\u00e6nding, udsigt eller bare vil pr\u00f8ve noget nyt<\/strong>, er snescooterk\u00f8rsel i S\u00e4len det perfekte alternativ til skil\u00f8b og snowboarding - og en oplevelse, du sent vil glemme.<\/p>\n\n\n\n<p class=\"wp-block-paragraph\"><strong>Planl\u00e6g din snescootertur med BNO TRAVEL<\/strong><\/p>\n\n\n\n<p class=\"wp-block-paragraph\">Hos <strong>BNO TRAVEL<\/strong> hj\u00e6lper vi dig med at <strong>planl\u00e6gge hele din oplevelse<\/strong> - fra indkvartering og scooterleje til guide og transport. Du f\u00e5r en komplet pakke, der er skr\u00e6ddersyet til dine behov, s\u00e5 du kan fokusere p\u00e5 \u00e9n ting: at nyde din rejse. <\/p>\n\n\n\n<p class=\"wp-block-paragraph\"><strong>Tre sp\u00e6ndende omr\u00e5der at udforske p\u00e5 snescooter i og omkring S\u00e4len<\/strong><\/p>\n\n\n\n<ol class=\"wp-block-list\">\n<li><strong>\u00d6stra Tand\u00e5dalen og Myrflodammen<\/strong><br\/>K\u00f8r gennem \u00e5bne fjeldomr\u00e5der og sned\u00e6kkede skove med fantastisk udsigt over S\u00e4lenfjeldene. Et popul\u00e6rt udgangspunkt for b\u00e5de korte og l\u00e6ngere scooterture. <\/li>\n\n\n\n<li><strong>Lima og Transtrand<\/strong><br\/>Varieret terr\u00e6n med afm\u00e6rkede snescooterl\u00f8jper, der passer til b\u00e5de begyndere og erfarne k\u00f8rere. Her f\u00e5r du naturoplevelser t\u00e6t p\u00e5 de svenske h\u00f8jfjelde. <\/li>\n\n\n\n<li><strong>S\u00e4lenfj\u00e4llen omkring Hundfj\u00e4llet og H\u00f6gfj\u00e4llet<\/strong><br\/>Organiserede guidede ture gennem vinterlandskabet med mulighed for kaffepauser, fotografering og en fuld naturoplevelse. Perfekt for dem, der kombinerer skil\u00f8b og eventyr. <\/li>\n<\/ol>\n\n\n\n<p class=\"wp-block-paragraph\"><strong>Book din snescooteroplevelse i S\u00e4len i dag, og g\u00f8r din vinterferie endnu mere uforglemmelig.<\/strong><\/p>\n<\/div>\n<\/div>\n<\/div>\n\n<div class=\"wp-block-group alignfull is-style-default is-content-justification-center is-layout-constrained wp-container-core-group-is-layout-69af11d0 wp-block-group-is-layout-constrained\" style=\"margin-top:0;margin-bottom:0;padding-top:var(--wp--preset--spacing--40);padding-bottom:var(--wp--preset--spacing--40)\">\n<div class=\"wp-block-group alignwide is-content-justification-left is-layout-constrained wp-container-core-group-is-layout-54d22900 wp-block-group-is-layout-constrained\">\n<p class=\"wp-block-paragraph\">Snescooterture og <a href=\"https:\/\/www.salenskoter.com\/\" target=\"_blank\" rel=\"noopener\">snescooterudlejning<\/a><\/p>\n\n\n\n<p class=\"wp-block-paragraph\">Du kan velge mellom:<\/p>\n\n\n\n<ul class=\"wp-block-list\">\n<li><strong>Guidede ture p\u00e5 1-4 timer<\/strong> med lokale guider, der f\u00f8rer dig gennem jomfruelige sletter og stille skove<\/li>\n<\/ul>\n\n\n\n<ul class=\"wp-block-list\">\n<li><strong>Heldagsoplevelser<\/strong> med madpauser ved udsigtspunkter som Storfj\u00e4llsgraven - inklusive frokost<\/li>\n\n\n\n<li><strong>Udlejning af snescootere til selvk\u00f8rsel<\/strong> p\u00e5 mere end 40 km pr\u00e6parerede snescooterstier - perfekt til dem, der vil udforske p\u00e5 egen h\u00e5nd<\/li>\n\n\n\n<li><strong>Kombinationspakker<\/strong>, der inkluderer isfiskeri, frokost i vildmarken eller hytteovernatning undervejs<\/li>\n<\/ul>\n\n\n\n<p class=\"wp-block-paragraph\"><\/p>\n<\/div>\n<\/div>\n\n<div class=\"wp-block-group alignfull is-content-justification-center is-layout-constrained wp-block-group-is-layout-constrained\" style=\"margin-top:0;margin-bottom:0;padding-top:var(--wp--preset--spacing--40);padding-bottom:var(--wp--preset--spacing--40)\">\n<div class=\"wp-block-columns alignwide are-vertically-aligned-center is-layout-flex wp-container-core-columns-is-layout-7387b849 wp-block-columns-is-layout-flex\">\n<div class=\"wp-block-column is-vertically-aligned-center is-content-justification-left is-layout-constrained wp-container-core-column-is-layout-b64f6bf5 wp-block-column-is-layout-constrained\">\n<h2 class=\"wp-block-heading has-xx-large-font-size\">Fakta om snescooteroplevelser i S\u00e4len<\/h2>\n\n\n\n<p class=\"wp-block-paragraph\">S\u00e4len er ikke kun kendt for sine skil\u00f8jper og langrendsl\u00f8jper - omr\u00e5det byder ogs\u00e5 p\u00e5 <strong>lovlige, afm\u00e6rkede s<\/strong> nescooterl\u00f8jper og sp\u00e6ndende snescooteroplevelser gennem fjelde <strong>, skove og vinterlandskaber<\/strong>. Dette er en unik mulighed for at opleve de svenske fjelde p\u00e5 en <strong>tempofyldt og naturlig m\u00e5de.<\/strong> <\/p>\n\n\n\n<p class=\"wp-block-paragraph\">Her er nogle af h\u00f8jdepunkterne:<\/p>\n\n\n\n<ul class=\"wp-block-list\">\n<li><strong>Over 200 km skiltede snescooterl\u00f8jper<\/strong> i S\u00e4len og det omkringliggende omr\u00e5de<\/li>\n\n\n\n<li><strong>Guidede ture med erfarne scooterchauff\u00f8rer<\/strong> og lokale guider<\/li>\n\n\n\n<li><strong>Udlejning af snescootere<\/strong> til b\u00e5de dags- og weekendleje<\/li>\n\n\n\n<li><strong>Sikre og organiserede ruter<\/strong> i skove, over moser og bjerge<\/li>\n\n\n\n<li><strong>Begyndervenlig<\/strong>, men med muligheder for erfarne chauff\u00f8rer<\/li>\n\n\n\n<li><strong>Passagermulighed<\/strong>, perfekt til par eller for\u00e6ldre med b\u00f8rn<\/li>\n<\/ul>\n\n\n\n<p class=\"wp-block-paragraph\">Al k\u00f8rsel foreg\u00e5r p\u00e5 <strong>godkendte snescooterstier<\/strong>, og <strong>sikkerhedsudstyr er inkluderet<\/strong> i lejen. Du skal have et gyldigt <strong>k\u00f8rekort til bil (klasse B)<\/strong>, og du f\u00e5r undervisning inden turen starter, hvis du vil k\u00f8re selv. <\/p>\n\n\n\n<p class=\"wp-block-paragraph\"><strong>S\u00e4len - mere end bare skil\u00f8b<\/strong><\/p>\n\n\n\n<p class=\"wp-block-paragraph\">Snescooterk\u00f8rsel er en sp\u00e6ndende m\u00e5de at udforske bjergene p\u00e5 - enten som et alternativ til skil\u00f8b eller som en <strong>tempofyldt tilf\u00f8jelse til din vinterferie<\/strong>. Turene kombinerer <strong>sp\u00e6nding, naturoplevelser og en \u00e6gte bjergf\u00f8lelse<\/strong>. Efter turen kan du slappe af i <strong>saunaen, nyde lokal mad eller hygge dig foran pejsen<\/strong> i hytten.  <\/p>\n\n\n\n<p class=\"wp-block-paragraph\"><strong>Book din snescooteroplevelse i S\u00e4len med BNO TRAVEL, og g\u00f8r din vinterferie komplet med fart og vildmarksf\u00f8lelse!<\/strong><\/p>\n\n\n\n<p class=\"wp-block-paragraph\"><\/p>\n\n\n\n<p class=\"wp-block-paragraph\"><strong>Book din snescooteroplevelse i S\u00e4len i dag - og g\u00f8r din vinterferie komplet med fart og vildmarksf\u00f8lelse!<\/strong><\/p>\n<\/div>\n\n\n\n<div class=\"wp-block-column is-vertically-aligned-center is-layout-flow wp-block-column-is-layout-flow\">\n<figure class=\"wp-block-image size-full\"><img data-recalc-dims=\"1\" decoding=\"async\" width=\"800\" height=\"533\" src=\"https:\/\/i0.wp.com\/bno-travel.com\/wp-content\/uploads\/2025\/07\/10000-5116.jpg?resize=800%2C533&#038;ssl=1\" alt=\"Snescooter BNO TRAVEL\" class=\"wp-image-3637\" style=\"aspect-ratio:3\/4;object-fit:cover\" srcset=\"https:\/\/i0.wp.com\/bno-travel.com\/wp-content\/uploads\/2025\/07\/10000-5116.jpg?w=5074&amp;ssl=1 5074w, https:\/\/i0.wp.com\/bno-travel.com\/wp-content\/uploads\/2025\/07\/10000-5116.jpg?resize=300%2C200&amp;ssl=1 300w, https:\/\/i0.wp.com\/bno-travel.com\/wp-content\/uploads\/2025\/07\/10000-5116.jpg?resize=1024%2C683&amp;ssl=1 1024w, https:\/\/i0.wp.com\/bno-travel.com\/wp-content\/uploads\/2025\/07\/10000-5116.jpg?resize=768%2C512&amp;ssl=1 768w, https:\/\/i0.wp.com\/bno-travel.com\/wp-content\/uploads\/2025\/07\/10000-5116.jpg?resize=1536%2C1024&amp;ssl=1 1536w, https:\/\/i0.wp.com\/bno-travel.com\/wp-content\/uploads\/2025\/07\/10000-5116.jpg?resize=2048%2C1365&amp;ssl=1 2048w, https:\/\/i0.wp.com\/bno-travel.com\/wp-content\/uploads\/2025\/07\/10000-5116.jpg?w=1600&amp;ssl=1 1600w, https:\/\/i0.wp.com\/bno-travel.com\/wp-content\/uploads\/2025\/07\/10000-5116.jpg?w=2400&amp;ssl=1 2400w\" sizes=\"(max-width: 800px) 100vw, 800px\" \/><\/figure>\n<\/div>\n<\/div>\n<\/div>\n\n<div class=\"wp-block-group alignfull is-style-default is-content-justification-center is-layout-constrained wp-container-core-group-is-layout-69af11d0 wp-block-group-is-layout-constrained\" style=\"margin-top:0;margin-bottom:0;padding-top:var(--wp--preset--spacing--40);padding-bottom:var(--wp--preset--spacing--40)\">\n<div class=\"wp-block-group alignfull is-content-justification-center is-layout-constrained wp-container-core-group-is-layout-4853c3a7 wp-block-group-is-layout-constrained\" style=\"margin-top:0;margin-bottom:0;padding-top:calc( 0.5 * var(u002du002dwpu002du002dstyleu002du002drootu002du002dpadding-right, var(u002du002dwpu002du002dcustomu002du002dgapu002du002dhorizontal)));padding-right:var(u002du002dwpu002du002dstyleu002du002drootu002du002dpadding-right, var(u002du002dwpu002du002dcustomu002du002dgapu002du002dhorizontal));padding-bottom:calc( 0.5 * var(u002du002dwpu002du002dstyleu002du002drootu002du002dpadding-right, var(u002du002dwpu002du002dcustomu002du002dgapu002du002dhorizontal)));padding-left:var(u002du002dwpu002du002dstyleu002du002drootu002du002dpadding-left, var(u002du002dwpu002du002dcustomu002du002dgapu002du002dhorizontal))\">\n<div style=\"height:calc( 0.25 * var(u002du002dwpu002du002dstyleu002du002drootu002du002dpadding-right, var(u002du002dwpu002du002dcustomu002du002dgapu002du002dhorizontal)))\" aria-hidden=\"true\" class=\"wp-block-spacer\"><\/div>\n\n\n\n<div class=\"wp-block-columns alignwide is-layout-flex wp-container-core-columns-is-layout-7387b849 wp-block-columns-is-layout-flex\">\n<div class=\"wp-block-column is-vertically-aligned-center is-layout-flow wp-block-column-is-layout-flow\">\n<figure class=\"wp-block-image size-full\"><img data-recalc-dims=\"1\" decoding=\"async\" src=\"https:\/\/i0.wp.com\/bno-travel.com\/wp-content\/uploads\/2025\/07\/IMG_3633-%E2%80%93-Kopi.jpg?w=800&#038;ssl=1\" alt=\"V&#xE6;relse 726 kombineret med snescooter\" class=\"wp-image-3324\" style=\"aspect-ratio:3\/4;object-fit:cover\"\/><\/figure>\n<\/div>\n\n\n\n<div class=\"wp-block-column is-vertically-aligned-center is-layout-flow wp-block-column-is-layout-flow\">\n<p class=\"has-text-align-left wp-block-paragraph\">Unik indkvartering i Norge kombineret med snescooterk\u00f8rsel (Kommer snart)<\/p>\n\n\n\n<p class=\"wp-block-paragraph\">Snart kan du opleve noget helt unikt i Engerdal! <strong>Room 726<\/strong> er en ny og eksklusiv overnatningsoplevelse, som vil kunne lejes - midt i naturen og lige ved snescootersporene. Det er hotelv\u00e6relser ude i vildmarken, hvor man kombinerer komfort med \u00e6gte n\u00e6rhed til naturen. <\/p>\n\n\n\n<p class=\"wp-block-paragraph\">Her f\u00e5r du <strong>hotelstandard med eget badev\u00e6relse, bl\u00f8de senge, sauna og udsigt over skoven<\/strong> samt direkte adgang til snescooterspor og vintereventyr. Perfekt til dig, der vil opleve bjergene p\u00e5 en anderledes m\u00e5de - uanset om du rejser med din k\u00e6reste, venner eller bare vil slappe af. <\/p>\n\n\n\n<p class=\"has-text-align-left wp-block-paragraph\">Med <strong>v\u00e6relse 726<\/strong> f\u00e5r du ro, luksus og en \u00e6gte vildmarksf\u00f8lelse i \u00e9n og samme pakke. Snart kan du booke dette helt s\u00e6rlige v\u00e6relse via BNO TRAVEL - og opleve Engerdal p\u00e5 en m\u00e5de, du aldrig vil glemme. <\/p>\n\n\n\n<p class=\"has-text-align-left wp-block-paragraph\">Planl\u00e6g din snescootertur med BNO TRAVEL<\/p>\n\n\n\n<p class=\"wp-block-paragraph\">BNO TRAVEL skr\u00e6ddersyr snescooteroplevelser for enkeltpersoner, par, familier og grupper. Vi hj\u00e6lper dig med at booke din snescooter, guide og <a href=\"https:\/\/bno-travel.com\/da\/?page_id=2967\">indkvartering<\/a> - og du kan v\u00e6re sikker p\u00e5, at vi er klar til at hj\u00e6lpe dig. <\/p>\n\n\n\n<p class=\"has-text-align-left wp-block-paragraph\"><\/p>\n<\/div>\n<\/div>\n\n\n\n<div style=\"height:calc( 0.25 * var(u002du002dwpu002du002dstyleu002du002drootu002du002dpadding-right, var(u002du002dwpu002du002dcustomu002du002dgapu002du002dhorizontal)))\" aria-hidden=\"true\" class=\"wp-block-spacer\"><\/div>\n<\/div>\n\n\n\n<div class=\"wp-block-group alignwide is-content-justification-left is-layout-constrained wp-container-core-group-is-layout-54d22900 wp-block-group-is-layout-constrained\"><\/div>\n<\/div>\n\n<div class=\"wp-block-group alignfull is-style-default is-content-justification-center is-layout-constrained wp-container-core-group-is-layout-cdf99998 wp-block-group-is-layout-constrained\" style=\"margin-top:0;margin-bottom:0;padding-top:var(--wp--preset--spacing--40);padding-bottom:var(--wp--preset--spacing--40)\"><\/div>\n\n<p class=\"wp-block-paragraph\"><\/p>\n","protected":false},"excerpt":{"rendered":"<p>Snescooterk\u00f8rsel i S\u00e4len - fartfyldte eventyr i \u00e6gte svensk fjeldnatur Velkommen til S\u00e4len - en af Sveriges mest popul\u00e6re vinterdestinationer, hvor du ikke kun kan st\u00e5 p\u00e5 ski, men ogs\u00e5 opleve adrenalin og frihed p\u00e5 snescooter! Her finder du godkendte snescooterl\u00f8jper, smuk fjeldnatur og mulighed for at deltage i guidede t ure i sikre og [&hellip;]<\/p>\n","protected":false},"author":260013438,"featured_media":0,"parent":0,"menu_order":0,"comment_status":"closed","ping_status":"closed","template":"","meta":{"_crdt_document":"","footnotes":""},"class_list":["post-4019","page","type-page","status-publish","hentry"],"jetpack_likes_enabled":true,"jetpack_sharing_enabled":true,"jetpack_shortlink":"https:\/\/wp.me\/PgDuwj-12P","jetpack-related-posts":[{"id":3825,"url":"https:\/\/bno-travel.com\/en\/spa-and-bath-in-salen\/","url_meta":{"origin":4019,"position":0},"title":"Spa and swimming in S\u00e4len","author":"Jan Terje \u00c5s","date":"18. juli 2025","format":false,"excerpt":"Spa and baths in S\u00e4len - Wellness and relaxation in a mountain environment S\u00e4len isn't just about skiing, cycling and the great outdoors - it's also a fantastic destination if you're looking for peace, relaxation and true mountain harmony. Whether you're coming for a romantic weekend, a family vacation or\u2026","rel":"","context":"Similar post","block_context":{"text":"Similar post","link":""},"img":{"alt_text":"","src":"https:\/\/i0.wp.com\/bno-travel.com\/wp-content\/uploads\/2025\/07\/52200128044_b550a6c33d_c.jpg?resize=350%2C200&ssl=1","width":350,"height":200,"srcset":"https:\/\/i0.wp.com\/bno-travel.com\/wp-content\/uploads\/2025\/07\/52200128044_b550a6c33d_c.jpg?resize=350%2C200&ssl=1 1x, https:\/\/i0.wp.com\/bno-travel.com\/wp-content\/uploads\/2025\/07\/52200128044_b550a6c33d_c.jpg?resize=525%2C300&ssl=1 1.5x, https:\/\/i0.wp.com\/bno-travel.com\/wp-content\/uploads\/2025\/07\/52200128044_b550a6c33d_c.jpg?resize=700%2C400&ssl=1 2x"},"classes":[]},{"id":2865,"url":"https:\/\/bno-travel.com\/en\/the-journey-here-to-salenfjellet\/","url_meta":{"origin":4019,"position":1},"title":"The journey here to S\u00e4lenfjellet","author":"Jan Terje \u00c5s","date":"11. juli 2025","format":false,"excerpt":". How to get to S\u00e4lenfjellet - by plane, rental car, bus, train or own car \u2708\ufe0f By plane to Oslo Airport Gardermoen (OSL) Oslo Airport is one of the most common entry points for travelers to S\u00e4len. There are direct flights from a number of major European cities. Continue\u2026","rel":"","context":"Similar post","block_context":{"text":"Similar post","link":""},"img":{"alt_text":"overnatting i salen","src":"https:\/\/i0.wp.com\/bno-travel.com\/wp-content\/uploads\/2025\/06\/AdobeStock_121113275-e1751307052527.jpeg?resize=350%2C200&ssl=1","width":350,"height":200,"srcset":"https:\/\/i0.wp.com\/bno-travel.com\/wp-content\/uploads\/2025\/06\/AdobeStock_121113275-e1751307052527.jpeg?resize=350%2C200&ssl=1 1x, https:\/\/i0.wp.com\/bno-travel.com\/wp-content\/uploads\/2025\/06\/AdobeStock_121113275-e1751307052527.jpeg?resize=525%2C300&ssl=1 1.5x, https:\/\/i0.wp.com\/bno-travel.com\/wp-content\/uploads\/2025\/06\/AdobeStock_121113275-e1751307052527.jpeg?resize=700%2C400&ssl=1 2x, https:\/\/i0.wp.com\/bno-travel.com\/wp-content\/uploads\/2025\/06\/AdobeStock_121113275-e1751307052527.jpeg?resize=1050%2C600&ssl=1 3x, https:\/\/i0.wp.com\/bno-travel.com\/wp-content\/uploads\/2025\/06\/AdobeStock_121113275-e1751307052527.jpeg?resize=1400%2C800&ssl=1 4x"},"classes":[]},{"id":35286,"url":"https:\/\/bno-travel.com\/en\/restaurants-in-salen\/","url_meta":{"origin":4019,"position":2},"title":"Restaurants in S\u00e4len","author":"Jan Terje \u00c5s","date":"18. juli 2025","format":false,"excerpt":"Restaurants in S\u00e4len Flavourful experiences all year round \u2013 from mountain restaurants and bakeries to social dinners and relaxing breaks between activities S\u00e4len is not only about skiing, cycling and mountain scenery. It is also a destination with a varied selection of restaurants, caf\u00e9s and places to eat that make\u2026","rel":"","context":"Similar post","block_context":{"text":"Similar post","link":""},"img":{"alt_text":"","src":"","width":0,"height":0},"classes":[]},{"id":2862,"url":"https:\/\/bno-travel.com\/en\/salenfjellet\/","url_meta":{"origin":4019,"position":3},"title":"S\u00e4lenfjellet","author":"Jan Terje \u00c5s","date":"30. september 2025","format":false,"excerpt":". Lindvallen, H\u00f6gfj\u00e4llet and Tand\u00e5dalen Welcome to snowy adventures and relaxing cabin life in S\u00e4len.With BNO TRAVEL, you stay comfortably in the heart of S\u00e4lenfjellet \u2013 close to Lindvallen, H\u00f6gfj\u00e4llet and Tand\u00e5dalen. The area is known for its wide selection of alpine slopes, family-friendly atmosphere and excellent cross-country conditions. Our\u2026","rel":"","context":"Similar post","block_context":{"text":"Similar post","link":""},"img":{"alt_text":"overnatting i salen","src":"https:\/\/i0.wp.com\/bno-travel.com\/wp-content\/uploads\/2025\/06\/AdobeStock_121113275-e1751307052527.jpeg?resize=350%2C200&ssl=1","width":350,"height":200,"srcset":"https:\/\/i0.wp.com\/bno-travel.com\/wp-content\/uploads\/2025\/06\/AdobeStock_121113275-e1751307052527.jpeg?resize=350%2C200&ssl=1 1x, https:\/\/i0.wp.com\/bno-travel.com\/wp-content\/uploads\/2025\/06\/AdobeStock_121113275-e1751307052527.jpeg?resize=525%2C300&ssl=1 1.5x, https:\/\/i0.wp.com\/bno-travel.com\/wp-content\/uploads\/2025\/06\/AdobeStock_121113275-e1751307052527.jpeg?resize=700%2C400&ssl=1 2x, https:\/\/i0.wp.com\/bno-travel.com\/wp-content\/uploads\/2025\/06\/AdobeStock_121113275-e1751307052527.jpeg?resize=1050%2C600&ssl=1 3x, https:\/\/i0.wp.com\/bno-travel.com\/wp-content\/uploads\/2025\/06\/AdobeStock_121113275-e1751307052527.jpeg?resize=1400%2C800&ssl=1 4x"},"classes":[]},{"id":28330,"url":"https:\/\/bno-travel.com\/en\/home-page\/","url_meta":{"origin":4019,"position":4},"title":"Home page","author":"Jan Terje \u00c5s","date":"3. april 2026","format":false,"excerpt":"Plan your trip easier with BNO Travel Find accommodation in selected destinations, search for flights for journeys near and far, and book a rental car that gives you the freedom to go further. All in one neat and user-friendly solution. Find accommodation Search flights Find car rental Easier choice. Better\u2026","rel":"","context":"Similar post","block_context":{"text":"Similar post","link":""},"img":{"alt_text":"","src":"","width":0,"height":0},"classes":[]},{"id":1935,"url":"https:\/\/bno-travel.com\/en\/we-convey-your-device\/","url_meta":{"origin":4019,"position":5},"title":"We arrange your unit in Trysil and S\u00e4lenfjellet","author":"Jan Terje \u00c5s","date":"11. juli 2025","format":false,"excerpt":"We're changing the way rental works in Trysil and S\u00e4len Rental and brokerage of cabins and apartments in Trysil and S\u00e4len, now we're changing how it works How do you go about it? If you're renting out your cabin or apartment in Trysil or S\u00e4len today, you can choose between\u2026","rel":"","context":"Similar post","block_context":{"text":"Similar post","link":""},"img":{"alt_text":"Trysil Turistsenter byr p\u00e5 et stort utvalg for overnatting","src":"https:\/\/i0.wp.com\/bno-travel.com\/wp-content\/uploads\/2025\/06\/10001-20191216-Drone0784-scaled-2.jpg?resize=350%2C200&ssl=1","width":350,"height":200,"srcset":"https:\/\/i0.wp.com\/bno-travel.com\/wp-content\/uploads\/2025\/06\/10001-20191216-Drone0784-scaled-2.jpg?resize=350%2C200&ssl=1 1x, https:\/\/i0.wp.com\/bno-travel.com\/wp-content\/uploads\/2025\/06\/10001-20191216-Drone0784-scaled-2.jpg?resize=525%2C300&ssl=1 1.5x, https:\/\/i0.wp.com\/bno-travel.com\/wp-content\/uploads\/2025\/06\/10001-20191216-Drone0784-scaled-2.jpg?resize=700%2C400&ssl=1 2x, https:\/\/i0.wp.com\/bno-travel.com\/wp-content\/uploads\/2025\/06\/10001-20191216-Drone0784-scaled-2.jpg?resize=1050%2C600&ssl=1 3x, https:\/\/i0.wp.com\/bno-travel.com\/wp-content\/uploads\/2025\/06\/10001-20191216-Drone0784-scaled-2.jpg?resize=1400%2C800&ssl=1 4x"},"classes":[]}],"_links":{"self":[{"href":"https:\/\/bno-travel.com\/da\/wp-json\/wp\/v2\/pages\/4019","targetHints":{"allow":["GET"]}}],"collection":[{"href":"https:\/\/bno-travel.com\/da\/wp-json\/wp\/v2\/pages"}],"about":[{"href":"https:\/\/bno-travel.com\/da\/wp-json\/wp\/v2\/types\/page"}],"author":[{"embeddable":true,"href":"https:\/\/bno-travel.com\/da\/wp-json\/wp\/v2\/users\/260013438"}],"replies":[{"embeddable":true,"href":"https:\/\/bno-travel.com\/da\/wp-json\/wp\/v2\/comments?post=4019"}],"version-history":[{"count":2,"href":"https:\/\/bno-travel.com\/da\/wp-json\/wp\/v2\/pages\/4019\/revisions"}],"predecessor-version":[{"id":4817,"href":"https:\/\/bno-travel.com\/da\/wp-json\/wp\/v2\/pages\/4019\/revisions\/4817"}],"wp:attachment":[{"href":"https:\/\/bno-travel.com\/da\/wp-json\/wp\/v2\/media?parent=4019"}],"curies":[{"name":"wp","href":"https:\/\/api.w.org\/{rel}","templated":true}]}}