{"id":4089,"date":"2025-07-18T20:26:42","date_gmt":"2025-07-18T18:26:42","guid":{"rendered":"https:\/\/bno-travel.com\/?page_id=4089"},"modified":"2025-07-18T20:27:26","modified_gmt":"2025-07-18T18:27:26","slug":"bowling-i-trysil","status":"publish","type":"page","link":"https:\/\/bno-travel.com\/da\/bowling-i-trysil\/","title":{"rendered":"Bowling i Trysil"},"content":{"rendered":"\n<p class=\"wp-block-paragraph\"><\/p>\n\n<div class=\"wp-block-cover alignfull\" style=\"margin-top:0;margin-bottom:0;padding-top:var(--wp--preset--spacing--20);padding-right:var(--wp--preset--spacing--40);padding-bottom:var(--wp--preset--spacing--20);padding-left:var(--wp--preset--spacing--40);min-height:897px;aspect-ratio:unset;\"><img data-recalc-dims=\"1\" fetchpriority=\"high\" decoding=\"async\" width=\"800\" height=\"636\" class=\"wp-block-cover__image-background wp-image-2526 size-full\" alt=\"Bowling i Trysil\" src=\"https:\/\/i0.wp.com\/bno-travel.com\/wp-content\/uploads\/2025\/06\/52198855347_f963be3dbf_c.jpg?resize=800%2C636&#038;ssl=1\" style=\"object-position:53% 14%\" data-object-fit=\"cover\" data-object-position=\"53% 14%\" srcset=\"https:\/\/i0.wp.com\/bno-travel.com\/wp-content\/uploads\/2025\/06\/52198855347_f963be3dbf_c.jpg?w=800&amp;ssl=1 800w, https:\/\/i0.wp.com\/bno-travel.com\/wp-content\/uploads\/2025\/06\/52198855347_f963be3dbf_c.jpg?resize=300%2C239&amp;ssl=1 300w, https:\/\/i0.wp.com\/bno-travel.com\/wp-content\/uploads\/2025\/06\/52198855347_f963be3dbf_c.jpg?resize=768%2C611&amp;ssl=1 768w\" sizes=\"(max-width: 800px) 100vw, 800px\" \/><span aria-hidden=\"true\" class=\"wp-block-cover__background has-theme-1-background-color has-background-dim-30 has-background-dim\"><\/span><div class=\"wp-block-cover__inner-container is-layout-flow wp-block-cover-is-layout-flow\">\n<div style=\"height:var(--wp--preset--spacing--50)\" aria-hidden=\"true\" class=\"wp-block-spacer\"><\/div>\n\n\n\n<div style=\"height:var(--wp--preset--spacing--50)\" aria-hidden=\"true\" class=\"wp-block-spacer\"><\/div>\n<\/div><\/div>\n\n<div class=\"wp-block-group alignfull is-style-section-3 is-layout-constrained wp-block-group-is-layout-constrained\" style=\"margin-top:0;margin-bottom:0;padding-top:var(--wp--preset--spacing--40);padding-bottom:var(--wp--preset--spacing--40)\">\n<div class=\"wp-block-columns alignwide are-vertically-aligned-center is-layout-flex wp-container-core-columns-is-layout-d9ad523d wp-block-columns-is-layout-flex\">\n<div class=\"wp-block-column is-vertically-aligned-center is-layout-flow wp-block-column-is-layout-flow\">\n<figure class=\"wp-block-image size-full\"><img data-recalc-dims=\"1\" decoding=\"async\" width=\"800\" height=\"636\" src=\"https:\/\/i0.wp.com\/bno-travel.com\/wp-content\/uploads\/2025\/06\/52198855347_f963be3dbf_c.jpg?resize=800%2C636&#038;ssl=1\" alt=\"Bowling i Trysil\" class=\"wp-image-2526\" style=\"aspect-ratio:3\/4;object-fit:cover\" title=\"titel\" srcset=\"https:\/\/i0.wp.com\/bno-travel.com\/wp-content\/uploads\/2025\/06\/52198855347_f963be3dbf_c.jpg?w=800&amp;ssl=1 800w, https:\/\/i0.wp.com\/bno-travel.com\/wp-content\/uploads\/2025\/06\/52198855347_f963be3dbf_c.jpg?resize=300%2C239&amp;ssl=1 300w, https:\/\/i0.wp.com\/bno-travel.com\/wp-content\/uploads\/2025\/06\/52198855347_f963be3dbf_c.jpg?resize=768%2C611&amp;ssl=1 768w\" sizes=\"(max-width: 800px) 100vw, 800px\" \/><\/figure>\n<\/div>\n\n\n\n<div class=\"wp-block-column is-vertically-aligned-center is-content-justification-left is-layout-constrained wp-container-core-column-is-layout-b64f6bf5 wp-block-column-is-layout-constrained\">\n<p class=\"wp-block-paragraph\"><\/p>\n\n\n\n<h2 class=\"wp-block-heading\">Bowling i Trysil - den perfekte aktivitet for hele familien<\/h2>\n\n\n\n<p class=\"wp-block-paragraph\">Bowling er en popul\u00e6r og hyggelig aktivitet for b\u00e5de unge og gamle, og i Trysil finder du et moderne og indbydende bowlingcenter lige i hjertet af fjelddestinationen. Uanset om du er i Trysil p\u00e5 ferie med familien, en gruppe venner eller p\u00e5 firmaudflugt, er bowling et godt alternativ til udend\u00f8rs aktiviteter - is\u00e6r p\u00e5 regnvejrsdage eller som en hyggelig aftenaktivitet efter en aktiv dag ude. <\/p>\n\n\n\n<p class=\"wp-block-paragraph\">P\u00e5 <strong>Trysil Bowling<\/strong>, der ligger centralt p\u00e5 Radisson Blu Resort Trysil, finder du en <strong>8-baners bowlingbane<\/strong> med moderne teknologi, god atmosf\u00e6re og faciliteter, der passer til b\u00e5de b\u00f8rn og voksne. Her kan du nyde en omgang bowling kombineret med mad, drikke og afslapning - alt sammen under samme tag. Det er ogs\u00e5 muligt at reservere baner til grupper og arrangementer, hvilket g\u00f8r det til et popul\u00e6rt valg til f\u00f8dselsdage, teambuilding og familieaktiviteter.  <\/p>\n\n\n\n<p class=\"wp-block-paragraph\"><a href=\"https:\/\/www.trysil.com\/bedrifter\/radisson-blu-resort-trysil\/chill-bowl--dine\/\" target=\"_blank\" rel=\"noopener\">Bowlingbanen <\/a>har ogs\u00e5 poolborde, arkadespil og et loungeomr\u00e5de, hvilket g\u00f8r den til et naturligt m\u00f8dested for b\u00e5de afslapning og sjov. B\u00f8rnevenlige baner med rulleskinner og lette kugler betyder, at selv de mindste kan v\u00e6re med - og have det sjovt! <\/p>\n<\/div>\n<\/div>\n<\/div>\n\n<div class=\"wp-block-group alignfull is-style-default is-content-justification-center is-layout-constrained wp-container-core-group-is-layout-69af11d0 wp-block-group-is-layout-constrained\" style=\"margin-top:0;margin-bottom:0;padding-top:var(--wp--preset--spacing--40);padding-bottom:var(--wp--preset--spacing--40)\"><\/div>\n\n<div class=\"wp-block-group alignfull is-content-justification-center is-layout-constrained wp-block-group-is-layout-constrained\" style=\"margin-top:0;margin-bottom:0;padding-top:var(--wp--preset--spacing--40);padding-bottom:var(--wp--preset--spacing--40)\">\n<div class=\"wp-block-columns alignwide are-vertically-aligned-center is-layout-flex wp-container-core-columns-is-layout-7387b849 wp-block-columns-is-layout-flex\">\n<div class=\"wp-block-column is-vertically-aligned-center is-content-justification-left is-layout-constrained wp-container-core-column-is-layout-b64f6bf5 wp-block-column-is-layout-constrained\">\n<p class=\"wp-block-paragraph\">Hvorfor v\u00e6lge bowling i Trysil?<\/p>\n\n\n\n<ul class=\"wp-block-list\">\n<li>Perfekt aktivitet hele \u00e5ret rundt - uanset vejr og \u00e5rstid<\/li>\n\n\n\n<li>Velegnet til alle aldre og f\u00e6rdighedsniveauer<\/li>\n\n\n\n<li>Familievenlig og social<\/li>\n\n\n\n<li>Kan nemt kombineres med middag og andre aktiviteter<\/li>\n\n\n\n<li>Nem adgang til bolig og transport<\/li>\n<\/ul>\n\n\n\n<p class=\"wp-block-paragraph\">Aktiviteter i Trysil - mere end bare skil\u00f8b<\/p>\n\n\n\n<p class=\"wp-block-paragraph\">Selv om Trysil er mest kendt som Norges st\u00f8rste vintersportscenter, er der et bredt udvalg af <strong>andre aktiviteter<\/strong> \u00e5ret rundt. N\u00e5r du er i Trysil for at bowle, kan det v\u00e6re v\u00e6rd at kombinere dit ophold med andre oplevelser: <\/p>\n\n\n\n<p class=\"wp-block-paragraph\">Vinteraktiviteter i Trysil (undtagen alpint skil\u00f8b)<\/p>\n\n\n\n<ul class=\"wp-block-list\">\n<li><strong>Langrend p\u00e5 ski:<\/strong> Over 100 kilometer velpr\u00e6parerede langrendsl\u00f8jper i varieret terr\u00e6n.<\/li>\n\n\n\n<li><strong>Hundesl\u00e6dek\u00f8rsel:<\/strong> En eventyrlig oplevelse, hvor du kan k\u00f8re dit eget hundespand.<\/li>\n\n\n\n<li><strong>Snesko og vintervandringer:<\/strong> For dem, der gerne vil opleve bjergene i et langsommere tempo.<\/li>\n\n\n\n<li><strong>K\u00e6lkning og sl\u00e6dek\u00f8rsel:<\/strong> Sjovt for b\u00e5de b\u00f8rn og voksne med dedikerede k\u00e6lkebaner flere steder.<\/li>\n\n\n\n<li><strong>Wellness og spa:<\/strong> Nyd afslappende behandlinger eller en sv\u00f8mmetur i den opvarmede pool efter en dag med aktiviteter.<\/li>\n<\/ul>\n\n\n\n<p class=\"wp-block-paragraph\">Sommeraktiviteter i Trysil<\/p>\n\n\n\n<ul class=\"wp-block-list\">\n<li><strong>Klatrepark og zipline:<\/strong> Perfekt til b\u00f8rn og unge, der kan lide fart og udfordringer. Regelm\u00e6ssige turneringer og klubaftener.<\/li>\n<\/ul>\n\n\n\n<ul class=\"wp-block-list\">\n<li><strong>Trysil Bike Arena:<\/strong> Et af Norges bedste omr\u00e5der til stisykling med stier til alle niveauer.<\/li>\n<\/ul>\n\n\n\n<ul class=\"wp-block-list\">\n<li><strong>Aktiviteter p\u00e5 floden:<\/strong> Paddling, rafting og SUP i Trysilelva.<\/li>\n<\/ul>\n\n\n\n<ul class=\"wp-block-list\">\n<li><strong>Vandring:<\/strong> Mange afm\u00e6rkede ruter gennem skove, bjerge og \u00e5bne sletter.<\/li>\n\n\n\n<li><strong>Fiskeri og golf:<\/strong> Gode muligheder for sportsfiskeri og for at spille p\u00e5 Trysils 18-hullers golfbane.<\/li>\n<\/ul>\n<\/div>\n\n\n\n<div class=\"wp-block-column is-vertically-aligned-center is-layout-flow wp-block-column-is-layout-flow\">\n<figure class=\"wp-block-image size-full\"><img data-recalc-dims=\"1\" decoding=\"async\" width=\"799\" height=\"532\" src=\"https:\/\/i0.wp.com\/bno-travel.com\/wp-content\/uploads\/2025\/06\/19105672288_2155e3dd4c_c.jpg?resize=799%2C532&#038;ssl=1\" alt=\"Sommer i Trysil\" class=\"wp-image-2278\" style=\"aspect-ratio:3\/4;object-fit:cover\" srcset=\"https:\/\/i0.wp.com\/bno-travel.com\/wp-content\/uploads\/2025\/06\/19105672288_2155e3dd4c_c.jpg?w=799&amp;ssl=1 799w, https:\/\/i0.wp.com\/bno-travel.com\/wp-content\/uploads\/2025\/06\/19105672288_2155e3dd4c_c.jpg?resize=300%2C200&amp;ssl=1 300w, https:\/\/i0.wp.com\/bno-travel.com\/wp-content\/uploads\/2025\/06\/19105672288_2155e3dd4c_c.jpg?resize=768%2C511&amp;ssl=1 768w\" sizes=\"(max-width: 799px) 100vw, 799px\" \/><\/figure>\n<\/div>\n<\/div>\n<\/div>\n\n<div class=\"wp-block-group alignfull is-style-default is-content-justification-center is-layout-constrained wp-container-core-group-is-layout-69af11d0 wp-block-group-is-layout-constrained\" style=\"margin-top:0;margin-bottom:0;padding-top:var(--wp--preset--spacing--40);padding-bottom:var(--wp--preset--spacing--40)\">\n<div class=\"wp-block-group alignfull is-content-justification-center is-layout-constrained wp-container-core-group-is-layout-4853c3a7 wp-block-group-is-layout-constrained\" style=\"margin-top:0;margin-bottom:0;padding-top:calc( 0.5 * var(u002du002dwpu002du002dstyleu002du002drootu002du002dpadding-right, var(u002du002dwpu002du002dcustomu002du002dgapu002du002dhorizontal)));padding-right:var(u002du002dwpu002du002dstyleu002du002drootu002du002dpadding-right, var(u002du002dwpu002du002dcustomu002du002dgapu002du002dhorizontal));padding-bottom:calc( 0.5 * var(u002du002dwpu002du002dstyleu002du002drootu002du002dpadding-right, var(u002du002dwpu002du002dcustomu002du002dgapu002du002dhorizontal)));padding-left:var(u002du002dwpu002du002dstyleu002du002drootu002du002dpadding-left, var(u002du002dwpu002du002dcustomu002du002dgapu002du002dhorizontal))\">\n<div style=\"height:calc( 0.25 * var(u002du002dwpu002du002dstyleu002du002drootu002du002dpadding-right, var(u002du002dwpu002du002dcustomu002du002dgapu002du002dhorizontal)))\" aria-hidden=\"true\" class=\"wp-block-spacer\"><\/div>\n\n\n\n<div class=\"wp-block-columns alignwide is-layout-flex wp-container-core-columns-is-layout-7387b849 wp-block-columns-is-layout-flex\">\n<div class=\"wp-block-column is-vertically-aligned-center is-layout-flow wp-block-column-is-layout-flow\">\n<figure class=\"wp-block-image size-full\"><img data-recalc-dims=\"1\" loading=\"lazy\" decoding=\"async\" width=\"532\" height=\"799\" src=\"https:\/\/i0.wp.com\/bno-travel.com\/wp-content\/uploads\/2025\/06\/18670754034_e10bf74a7e_c.jpg?resize=532%2C799&#038;ssl=1\" alt=\"\" class=\"wp-image-2265\" style=\"aspect-ratio:3\/4;object-fit:cover\" srcset=\"https:\/\/i0.wp.com\/bno-travel.com\/wp-content\/uploads\/2025\/06\/18670754034_e10bf74a7e_c.jpg?w=532&amp;ssl=1 532w, https:\/\/i0.wp.com\/bno-travel.com\/wp-content\/uploads\/2025\/06\/18670754034_e10bf74a7e_c.jpg?resize=200%2C300&amp;ssl=1 200w\" sizes=\"(max-width: 532px) 100vw, 532px\" \/><\/figure>\n<\/div>\n\n\n\n<div class=\"wp-block-column is-vertically-aligned-center is-layout-flow wp-block-column-is-layout-flow\">\n<p class=\"has-text-align-left wp-block-paragraph\">Book din ferie med BNO TRAVEL<\/p>\n\n\n\n<p class=\"wp-block-paragraph\">Uanset om du planl\u00e6gger en aktiv vinterferie, et sommereventyr i bjergene eller et afslappende weekendophold, kan <strong>BNO TRAVEL<\/strong> hj\u00e6lpe dig med at skr\u00e6ddersy et ophold, der passer til dine behov. Vi tilbyder komplette pakker med indkvartering og tips og r\u00e5d om aktiviteter - herunder bowling og meget mere. <\/p>\n\n\n\n<p class=\"wp-block-paragraph\">N\u00e5r det g\u00e6lder overnatning i Trysil, tilbyder vi tre hovedomr\u00e5der<\/p>\n\n\n\n<p class=\"wp-block-paragraph\"><a href=\"https:\/\/bno-travel.com\/da\/?page_id=2958\">Trysil Turistcenter<\/a><\/p>\n\n\n\n<p class=\"wp-block-paragraph\">Dette er det mest centrale og livlige omr\u00e5de i Trysil. Du er lige ved siden af lifter, b\u00f8rneomr\u00e5der, skiskoler, butikker, restauranter og afterski. Perfekt for dem, der vil have alt inden for g\u00e5afstand og en social atmosf\u00e6re. Lejligheder og hoteller med h\u00f8j komfort g\u00f8r dette til et popul\u00e6rt valg til b\u00e5de vinter- og sommerferie.   <\/p>\n\n\n\n<p class=\"wp-block-paragraph\"><a href=\"https:\/\/bno-travel.com\/da\/?page_id=2686\">Trysilfjell hytteomr\u00e5de<\/a><\/p>\n\n\n\n<p class=\"wp-block-paragraph\">Beliggende i skovkl\u00e6dte og fredelige omgivelser mellem turistcentret og High Mountain Centre. Her finder du traditionelle hytter og moderne bjerghytter - mange med ski-in\/ski-out og smuk udsigt. Et godt valg for dem, der \u00f8nsker mere privatliv, men samtidig er t\u00e6t p\u00e5 alt, hvad bjergene har at byde p\u00e5.  <\/p>\n\n\n\n<p class=\"wp-block-paragraph\"><a href=\"https:\/\/bno-travel.com\/da\/?page_id=2784\">Trysil H\u00f8yfjellssenter \/ Fager\u00e5sen<\/a><\/p>\n\n\n\n<p class=\"wp-block-paragraph\">Dette omr\u00e5de ligger h\u00f8jt og \u00e5bent med panoramaudsigt og masser af solskin. Her er familievenlige pister, gode b\u00f8rneomr\u00e5der, skiudlejning, en k\u00f8bmandsbutik og rolige omgivelser. Hytter og lejligheder her er perfekte til b\u00f8rnefamilier og dem, der \u00f8nsker en afslappende oplevelse i bjergene.  <\/p>\n\n\n\n<p class=\"wp-block-paragraph\">Kontakt os i dag for at planl\u00e6gge din n\u00e6ste Trysil-oplevelse - og glem ikke at s\u00e6tte tid af til en omgang bowling!<\/p>\n<\/div>\n<\/div>\n\n\n\n<div style=\"height:calc( 0.25 * var(u002du002dwpu002du002dstyleu002du002drootu002du002dpadding-right, var(u002du002dwpu002du002dcustomu002du002dgapu002du002dhorizontal)))\" aria-hidden=\"true\" class=\"wp-block-spacer\"><\/div>\n<\/div>\n\n\n\n<div class=\"wp-block-group alignwide is-content-justification-left is-layout-constrained wp-container-core-group-is-layout-54d22900 wp-block-group-is-layout-constrained\"><\/div>\n<\/div>\n\n<div class=\"wp-block-group alignfull is-style-default is-content-justification-center is-layout-constrained wp-container-core-group-is-layout-cdf99998 wp-block-group-is-layout-constrained\" style=\"margin-top:0;margin-bottom:0;padding-top:var(--wp--preset--spacing--40);padding-bottom:var(--wp--preset--spacing--40)\"><\/div>\n\n<p class=\"wp-block-paragraph\"><\/p>\n","protected":false},"excerpt":{"rendered":"<p>Bowling i Trysil - den perfekte aktivitet for hele familien Bowling er en popul\u00e6r og hyggelig aktivitet for b\u00e5de unge og gamle, og i Trysil finder du et moderne og indbydende bowlingcenter lige i hjertet af fjelddestinationen. Uanset om du er i Trysil p\u00e5 ferie med familien, en gruppe venner eller p\u00e5 firmaudflugt, er bowling [&hellip;]<\/p>\n","protected":false},"author":260013438,"featured_media":0,"parent":0,"menu_order":0,"comment_status":"closed","ping_status":"closed","template":"","meta":{"_crdt_document":"","footnotes":""},"class_list":["post-4089","page","type-page","status-publish","hentry"],"jetpack_likes_enabled":true,"jetpack_sharing_enabled":true,"jetpack_shortlink":"https:\/\/wp.me\/PgDuwj-13X","jetpack-related-posts":[{"id":3434,"url":"https:\/\/bno-travel.com\/bowling-i-trysil-perfekt-for-hele-familien\/","url_meta":{"origin":4089,"position":0},"title":"Bowling i Trysil","author":"Jan Terje \u00c5s","date":"18. juli 2025","format":false,"excerpt":"Bowling i Trysil En sosial og familievennlig aktivitet som passer perfekt mellom fjellopplevelsene Bowling i Trysil er et enkelt og popul\u00e6rt valg n\u00e5r du vil samle familien, vennegjengen eller kollegene til noe morsomt og avslappet. Midt i fjelldestinasjonen finner du et moderne bowlinganlegg som passer like godt som kveldsh\u00f8ydepunkt etter\u2026","rel":"","context":"Similar post","block_context":{"text":"Similar post","link":""},"img":{"alt_text":"","src":"","width":0,"height":0},"classes":[]},{"id":4226,"url":"https:\/\/bno-travel.com\/sv\/bowling-i-trysil\/","url_meta":{"origin":4089,"position":1},"title":"Bowling i Trysil","author":"Jan Terje \u00c5s","date":"18. juli 2025","format":false,"excerpt":"Bowling i Trysil - den perfekta aktiviteten f\u00f6r hela familjen Bowling \u00e4r en popul\u00e4r och social aktivitet f\u00f6r b\u00e5de unga och gamla, och i Trysil hittar du ett modernt och inbjudande bowlingcenter mitt i hj\u00e4rtat av fj\u00e4lldestinationen. Oavsett om du \u00e4r i Trysil p\u00e5 semester med familjen, ett kompisg\u00e4ng eller\u2026","rel":"","context":"Similar post","block_context":{"text":"Similar post","link":""},"img":{"alt_text":"Bowling i Trysil","src":"https:\/\/i0.wp.com\/bno-travel.com\/wp-content\/uploads\/2025\/06\/52198855347_f963be3dbf_c.jpg?resize=350%2C200&ssl=1","width":350,"height":200,"srcset":"https:\/\/i0.wp.com\/bno-travel.com\/wp-content\/uploads\/2025\/06\/52198855347_f963be3dbf_c.jpg?resize=350%2C200&ssl=1 1x, https:\/\/i0.wp.com\/bno-travel.com\/wp-content\/uploads\/2025\/06\/52198855347_f963be3dbf_c.jpg?resize=525%2C300&ssl=1 1.5x, https:\/\/i0.wp.com\/bno-travel.com\/wp-content\/uploads\/2025\/06\/52198855347_f963be3dbf_c.jpg?resize=700%2C400&ssl=1 2x"},"classes":[]},{"id":4077,"url":"https:\/\/bno-travel.com\/pt-pt\/bowling-em-trysil\/","url_meta":{"origin":4089,"position":2},"title":"Bowling em Trysil","author":"Jan Terje \u00c5s","date":"18. juli 2025","format":false,"excerpt":"Bowling em Trysil - a atividade perfeita para toda a fam\u00edlia O bowling \u00e9 uma atividade popular e soci\u00e1vel para jovens e idosos, e em Trysil encontrar\u00e1s um centro de bowling moderno e convidativo mesmo no cora\u00e7\u00e3o do destino de montanha. Quer estejas em Trysil de f\u00e9rias com a fam\u00edlia,\u2026","rel":"","context":"Similar post","block_context":{"text":"Similar post","link":""},"img":{"alt_text":"Bowling i Trysil","src":"https:\/\/i0.wp.com\/bno-travel.com\/wp-content\/uploads\/2025\/06\/52198855347_f963be3dbf_c.jpg?resize=350%2C200&ssl=1","width":350,"height":200,"srcset":"https:\/\/i0.wp.com\/bno-travel.com\/wp-content\/uploads\/2025\/06\/52198855347_f963be3dbf_c.jpg?resize=350%2C200&ssl=1 1x, https:\/\/i0.wp.com\/bno-travel.com\/wp-content\/uploads\/2025\/06\/52198855347_f963be3dbf_c.jpg?resize=525%2C300&ssl=1 1.5x, https:\/\/i0.wp.com\/bno-travel.com\/wp-content\/uploads\/2025\/06\/52198855347_f963be3dbf_c.jpg?resize=700%2C400&ssl=1 2x"},"classes":[]},{"id":4090,"url":"https:\/\/bno-travel.com\/de\/bowling-in-trysil\/","url_meta":{"origin":4089,"position":3},"title":"Bowling in Trysil","author":"Jan Terje \u00c5s","date":"18. juli 2025","format":false,"excerpt":"Bowling in Trysil - die perfekte Aktivit\u00e4t f\u00fcr die ganze Familie Bowling ist eine beliebte und gesellige Aktivit\u00e4t f\u00fcr Jung und Alt, und in Trysil finden Sie ein modernes und einladendes Bowlingcenter mitten im Herzen der Bergdestination. Ganz gleich, ob Sie mit der Familie, einer Gruppe von Freunden oder auf\u2026","rel":"","context":"Similar post","block_context":{"text":"Similar post","link":""},"img":{"alt_text":"Bowling i Trysil","src":"https:\/\/i0.wp.com\/bno-travel.com\/wp-content\/uploads\/2025\/06\/52198855347_f963be3dbf_c.jpg?resize=350%2C200&ssl=1","width":350,"height":200,"srcset":"https:\/\/i0.wp.com\/bno-travel.com\/wp-content\/uploads\/2025\/06\/52198855347_f963be3dbf_c.jpg?resize=350%2C200&ssl=1 1x, https:\/\/i0.wp.com\/bno-travel.com\/wp-content\/uploads\/2025\/06\/52198855347_f963be3dbf_c.jpg?resize=525%2C300&ssl=1 1.5x, https:\/\/i0.wp.com\/bno-travel.com\/wp-content\/uploads\/2025\/06\/52198855347_f963be3dbf_c.jpg?resize=700%2C400&ssl=1 2x"},"classes":[]},{"id":4096,"url":"https:\/\/bno-travel.com\/fr\/bowling-a-trysil\/","url_meta":{"origin":4089,"position":4},"title":"Bowling \u00e0 Trysil","author":"Jan Terje \u00c5s","date":"18. juli 2025","format":false,"excerpt":"Bowling \u00e0 Trysil - l'activit\u00e9 id\u00e9ale pour toute la famille Le bowling est une activit\u00e9 populaire et sociable pour les jeunes et les moins jeunes. \u00c0 Trysil, vous trouverez un centre de bowling moderne et accueillant en plein c\u0153ur de la destination de montagne. Que vous soyez \u00e0 Trysil en\u2026","rel":"","context":"Similar post","block_context":{"text":"Similar post","link":""},"img":{"alt_text":"Bowling i Trysil","src":"https:\/\/i0.wp.com\/bno-travel.com\/wp-content\/uploads\/2025\/06\/52198855347_f963be3dbf_c.jpg?resize=350%2C200&ssl=1","width":350,"height":200,"srcset":"https:\/\/i0.wp.com\/bno-travel.com\/wp-content\/uploads\/2025\/06\/52198855347_f963be3dbf_c.jpg?resize=350%2C200&ssl=1 1x, https:\/\/i0.wp.com\/bno-travel.com\/wp-content\/uploads\/2025\/06\/52198855347_f963be3dbf_c.jpg?resize=525%2C300&ssl=1 1.5x, https:\/\/i0.wp.com\/bno-travel.com\/wp-content\/uploads\/2025\/06\/52198855347_f963be3dbf_c.jpg?resize=700%2C400&ssl=1 2x"},"classes":[]},{"id":4085,"url":"https:\/\/bno-travel.com\/is\/keila-i-trysil\/","url_meta":{"origin":4089,"position":5},"title":"Keila \u00ed Trysil","author":"Jan Terje \u00c5s","date":"18. juli 2025","format":false,"excerpt":"Keila \u00ed Trysil \u2013 Fullkomin af\u00fereying fyrir alla fj\u00f6lskylduna Keila er vins\u00e6l og f\u00e9lagsleg af\u00fereying fyrir b\u00e6\u00f0i unga sem aldna, og \u00ed Trysil finnur \u00fe\u00fa n\u00fat\u00edmalega og a\u00f0la\u00f0andi keilua\u00f0st\u00f6\u00f0u \u00ed hjarta fjallasv\u00e6\u00f0isins. Hvort sem \u00fe\u00fa ert \u00ed Trysil \u00ed fr\u00edi me\u00f0 fj\u00f6lskyldunni, vinah\u00f3pi e\u00f0a \u00ed fyrirt\u00e6kjafer\u00f0, \u00fe\u00e1 er keila fr\u00e1b\u00e6r\u2026","rel":"","context":"Similar post","block_context":{"text":"Similar post","link":""},"img":{"alt_text":"Bowling i Trysil","src":"https:\/\/i0.wp.com\/bno-travel.com\/wp-content\/uploads\/2025\/06\/52198855347_f963be3dbf_c.jpg?resize=350%2C200&ssl=1","width":350,"height":200,"srcset":"https:\/\/i0.wp.com\/bno-travel.com\/wp-content\/uploads\/2025\/06\/52198855347_f963be3dbf_c.jpg?resize=350%2C200&ssl=1 1x, https:\/\/i0.wp.com\/bno-travel.com\/wp-content\/uploads\/2025\/06\/52198855347_f963be3dbf_c.jpg?resize=525%2C300&ssl=1 1.5x, https:\/\/i0.wp.com\/bno-travel.com\/wp-content\/uploads\/2025\/06\/52198855347_f963be3dbf_c.jpg?resize=700%2C400&ssl=1 2x"},"classes":[]}],"_links":{"self":[{"href":"https:\/\/bno-travel.com\/da\/wp-json\/wp\/v2\/pages\/4089","targetHints":{"allow":["GET"]}}],"collection":[{"href":"https:\/\/bno-travel.com\/da\/wp-json\/wp\/v2\/pages"}],"about":[{"href":"https:\/\/bno-travel.com\/da\/wp-json\/wp\/v2\/types\/page"}],"author":[{"embeddable":true,"href":"https:\/\/bno-travel.com\/da\/wp-json\/wp\/v2\/users\/260013438"}],"replies":[{"embeddable":true,"href":"https:\/\/bno-travel.com\/da\/wp-json\/wp\/v2\/comments?post=4089"}],"version-history":[{"count":3,"href":"https:\/\/bno-travel.com\/da\/wp-json\/wp\/v2\/pages\/4089\/revisions"}],"predecessor-version":[{"id":5220,"href":"https:\/\/bno-travel.com\/da\/wp-json\/wp\/v2\/pages\/4089\/revisions\/5220"}],"wp:attachment":[{"href":"https:\/\/bno-travel.com\/da\/wp-json\/wp\/v2\/media?parent=4089"}],"curies":[{"name":"wp","href":"https:\/\/api.w.org\/{rel}","templated":true}]}}