{"id":4129,"date":"2025-07-18T20:52:34","date_gmt":"2025-07-18T18:52:34","guid":{"rendered":"https:\/\/bno-travel.com\/?page_id=4129"},"modified":"2025-07-18T20:52:35","modified_gmt":"2025-07-18T18:52:35","slug":"cykling-i-trysil","status":"publish","type":"page","link":"https:\/\/bno-travel.com\/da\/cykling-i-trysil\/","title":{"rendered":"Cykling i Trysil"},"content":{"rendered":"\n<p class=\"wp-block-paragraph\"><\/p>\n\n<div class=\"wp-block-cover alignfull\" style=\"margin-top:0;margin-bottom:0;padding-top:var(--wp--preset--spacing--20);padding-right:var(--wp--preset--spacing--40);padding-bottom:var(--wp--preset--spacing--20);padding-left:var(--wp--preset--spacing--40);min-height:945px;aspect-ratio:unset;\"><img data-recalc-dims=\"1\" fetchpriority=\"high\" decoding=\"async\" width=\"800\" height=\"800\" class=\"wp-block-cover__image-background wp-image-2252 size-full\" alt=\"Sykkel i Trysil\" src=\"https:\/\/i0.wp.com\/bno-travel.com\/wp-content\/uploads\/2025\/06\/sykling-downhill-sykling-trysil-booktrysilonline15-1536x1536-1.jpg?resize=800%2C800&#038;ssl=1\" data-object-fit=\"cover\" srcset=\"https:\/\/i0.wp.com\/bno-travel.com\/wp-content\/uploads\/2025\/06\/sykling-downhill-sykling-trysil-booktrysilonline15-1536x1536-1.jpg?w=1536&amp;ssl=1 1536w, https:\/\/i0.wp.com\/bno-travel.com\/wp-content\/uploads\/2025\/06\/sykling-downhill-sykling-trysil-booktrysilonline15-1536x1536-1.jpg?resize=300%2C300&amp;ssl=1 300w, https:\/\/i0.wp.com\/bno-travel.com\/wp-content\/uploads\/2025\/06\/sykling-downhill-sykling-trysil-booktrysilonline15-1536x1536-1.jpg?resize=1024%2C1024&amp;ssl=1 1024w, https:\/\/i0.wp.com\/bno-travel.com\/wp-content\/uploads\/2025\/06\/sykling-downhill-sykling-trysil-booktrysilonline15-1536x1536-1.jpg?resize=150%2C150&amp;ssl=1 150w, https:\/\/i0.wp.com\/bno-travel.com\/wp-content\/uploads\/2025\/06\/sykling-downhill-sykling-trysil-booktrysilonline15-1536x1536-1.jpg?resize=768%2C768&amp;ssl=1 768w\" sizes=\"(max-width: 800px) 100vw, 800px\" \/><span aria-hidden=\"true\" class=\"wp-block-cover__background has-theme-1-background-color has-background-dim-30 has-background-dim\"><\/span><div class=\"wp-block-cover__inner-container is-layout-flow wp-block-cover-is-layout-flow\">\n<div style=\"height:var(--wp--preset--spacing--50)\" aria-hidden=\"true\" class=\"wp-block-spacer\"><\/div>\n\n\n\n<div style=\"height:var(--wp--preset--spacing--50)\" aria-hidden=\"true\" class=\"wp-block-spacer\"><\/div>\n<\/div><\/div>\n\n<div class=\"wp-block-group alignfull is-style-section-3 is-layout-constrained wp-block-group-is-layout-constrained\" style=\"margin-top:0;margin-bottom:0;padding-top:var(--wp--preset--spacing--40);padding-bottom:var(--wp--preset--spacing--40)\">\n<div class=\"wp-block-columns alignwide are-vertically-aligned-center is-layout-flex wp-container-core-columns-is-layout-d9ad523d wp-block-columns-is-layout-flex\">\n<div class=\"wp-block-column is-vertically-aligned-center is-layout-flow wp-block-column-is-layout-flow\">\n<figure class=\"wp-block-image size-full\"><img data-recalc-dims=\"1\" decoding=\"async\" width=\"799\" height=\"533\" src=\"https:\/\/i0.wp.com\/bno-travel.com\/wp-content\/uploads\/2025\/06\/50812495673_42073df1cc_c.jpg?resize=799%2C533&#038;ssl=1\" alt=\"Trysil Bike Arena\" class=\"wp-image-2447\" style=\"aspect-ratio:3\/4;object-fit:cover\" title=\"titel\" srcset=\"https:\/\/i0.wp.com\/bno-travel.com\/wp-content\/uploads\/2025\/06\/50812495673_42073df1cc_c.jpg?w=799&amp;ssl=1 799w, https:\/\/i0.wp.com\/bno-travel.com\/wp-content\/uploads\/2025\/06\/50812495673_42073df1cc_c.jpg?resize=300%2C200&amp;ssl=1 300w, https:\/\/i0.wp.com\/bno-travel.com\/wp-content\/uploads\/2025\/06\/50812495673_42073df1cc_c.jpg?resize=768%2C512&amp;ssl=1 768w\" sizes=\"(max-width: 799px) 100vw, 799px\" \/><\/figure>\n<\/div>\n\n\n\n<div class=\"wp-block-column is-vertically-aligned-center is-content-justification-left is-layout-constrained wp-container-core-column-is-layout-b64f6bf5 wp-block-column-is-layout-constrained\">\n<p class=\"wp-block-paragraph\"><\/p>\n\n\n\n<h2 class=\"wp-block-heading\">Cykling i Trysil - Norges bedste destination for trailcykling<\/h2>\n\n\n\n<p class=\"wp-block-paragraph\">Velkommen til <strong>Trysil<\/strong> - en af Skandinaviens mest popul\u00e6re sommerdestinationer for cykelentusiaster! Her finder du et unikt terr\u00e6n, som er velegnet til b\u00e5de familier og erfarne cyklister. Med over 50 kilometer anlagte stier, naturlige fjeldruter og liftbaseret cykling er Trysil et mekka for mountainbiking - lige i hjertet af de norske fjelde.  <\/p>\n\n\n\n<p class=\"wp-block-paragraph\"><strong>BNO TRAVEL<\/strong> kan hj\u00e6lpe dig med at planl\u00e6gge en komplet cykelferie med overnatning, cykeludlejning, liftkort og oplevelser. Uanset om du rejser med venner, b\u00f8rn eller alene - Trysil leverer varen! <\/p>\n\n\n\n<p class=\"wp-block-paragraph\">Hvis du vil have meget for pengene, skal du ikke lede l\u00e6ngere end til Trysil. Trysil var tidligt ude med cykling i det fri, og her finder du virkelig velorganiserede stier for hele familien. Her er der mange sp\u00e6ndende og sjove aktiviteter, som er gratis.    <\/p>\n\n\n\n<p class=\"wp-block-paragraph\">Gullia - Trysils cykelhjerte<\/p>\n\n\n\n<p class=\"wp-block-paragraph\"><strong><a href=\"https:\/\/www.trysil.com\/stisykling\/gullia\/\" target=\"_blank\" rel=\"noopener\">Gullia<\/a><\/strong> er selve hjertet i mountainbikeprogrammet i Trysil. Det er et netv\u00e6rk af maskinbyggede stier, som snor sig gennem skoven under Trysilfjellet. Her finder du:  <\/p>\n\n\n\n<ul class=\"wp-block-list\">\n<li><strong>Flow-stier<\/strong>, som giver en legende og sjov cykeloplevelse uden stejle sektioner<\/li>\n\n\n\n<li>Farverigt l\u00f8jpenetv\u00e6rk med l\u00f8jper markeret med gr\u00f8nt, bl\u00e5t, r\u00f8dt og sort - som i skisportssteder<\/li>\n\n\n\n<li>Familievenlige stier som &#8220;Happy Rabbit&#8221; og &#8220;Sweet Dreams&#8221;<\/li>\n\n\n\n<li>Mere kr\u00e6vende ruter som &#8220;Rolling Stones&#8221; og &#8220;Ravines&#8221; for de erfarne<\/li>\n<\/ul>\n\n\n\n<p class=\"wp-block-paragraph\">Gullia er perfekt til dem, der gerne vil udvikle deres f\u00e6rdigheder i et sikkert milj\u00f8, men samtidig opleve \u00e6gte mountainbiking i bjergenes natur.<\/p>\n\n\n\n<div class=\"wp-block-buttons is-layout-flex wp-block-buttons-is-layout-flex\"><\/div>\n<\/div>\n<\/div>\n<\/div>\n\n<div class=\"wp-block-group alignfull is-style-default is-content-justification-center is-layout-constrained wp-container-core-group-is-layout-69af11d0 wp-block-group-is-layout-constrained\" style=\"margin-top:0;margin-bottom:0;padding-top:var(--wp--preset--spacing--40);padding-bottom:var(--wp--preset--spacing--40)\">\n<div class=\"wp-block-group alignwide is-content-justification-left is-layout-constrained wp-container-core-group-is-layout-54d22900 wp-block-group-is-layout-constrained\">\n<div class=\"wp-block-buttons is-layout-flex wp-block-buttons-is-layout-flex\"><\/div>\n<\/div>\n<\/div>\n\n<div class=\"wp-block-group alignfull is-content-justification-center is-layout-constrained wp-block-group-is-layout-constrained\" style=\"margin-top:0;margin-bottom:0;padding-top:var(--wp--preset--spacing--40);padding-bottom:var(--wp--preset--spacing--40)\">\n<div class=\"wp-block-columns alignwide are-vertically-aligned-center is-layout-flex wp-container-core-columns-is-layout-7387b849 wp-block-columns-is-layout-flex\">\n<div class=\"wp-block-column is-vertically-aligned-center is-content-justification-left is-layout-constrained wp-container-core-column-is-layout-b64f6bf5 wp-block-column-is-layout-constrained\">\n<h2 class=\"wp-block-heading has-xx-large-font-size\">Fakta om cykling i Trysil<\/h2>\n\n\n\n<ul class=\"wp-block-list\">\n<li>Over <strong>50 km anlagte cykelstier<\/strong> i forskellige sv\u00e6rhedsgrader<\/li>\n\n\n\n<li>Liftbaseret cykling via <strong>Express-liften<\/strong> ved turistcentret<\/li>\n\n\n\n<li>Pumptracks og teknikbaner til b\u00f8rn og begyndere<\/li>\n\n\n\n<li>Cykeludlejning, v\u00e6rksted og guidede ture<\/li>\n\n\n\n<li>En del af det ber\u00f8mte <strong>Trysil Bike Arena-projekt<\/strong><\/li>\n<\/ul>\n\n\n\n<p class=\"wp-block-paragraph\">Trysil satser stort p\u00e5 sommer og cykling - og resultatet er en destination, der kombinerer familievenlig sjov med adrenalinfyldte udfordringer.<\/p>\n\n\n\n<p class=\"wp-block-paragraph\">Liftbaseret cykling i Trysil<\/p>\n\n\n\n<p class=\"wp-block-paragraph\">For dem, der \u00f8nsker mere fart og sp\u00e6nding, er <strong>liftbaseret cykling<\/strong> et naturligt valg. Ved Trysil Turistsenter tager Express-liften dig - og din cykel - til toppen af bjerget, hvor flere stier starter. Fra toppen kan du blandt andet cykle:  <\/p>\n\n\n\n<ul class=\"wp-block-list\">\n<li><strong>Magic Moose<\/strong> - en 7 km lang flydende sti hele vejen ned til turistcentret<\/li>\n\n\n\n<li><strong>French Moustache<\/strong>, <strong>Papa Bear<\/strong> og <strong>King Lizard<\/strong> - mere tekniske og udfordrende stier<\/li>\n\n\n\n<li>Naturlige stier og h\u00f8jfjeldsterr\u00e6n for erfarne ryttere<\/li>\n<\/ul>\n\n\n\n<p class=\"wp-block-paragraph\">Det er ogs\u00e5 muligt at kombinere en lift og naturlige bjergstier til en heldagsoplevelse med spektakul\u00e6r udsigt.<\/p>\n<\/div>\n\n\n\n<div class=\"wp-block-column is-vertically-aligned-center is-layout-flow wp-block-column-is-layout-flow\">\n<figure class=\"wp-block-image size-full\"><img data-recalc-dims=\"1\" decoding=\"async\" width=\"800\" height=\"534\" src=\"https:\/\/i0.wp.com\/bno-travel.com\/wp-content\/uploads\/2025\/07\/2016JH106071-1.jpg?resize=800%2C534&#038;ssl=1\" alt=\"Fjellrunden i Trysil\" class=\"wp-image-3372\" style=\"aspect-ratio:3\/4;object-fit:cover\" srcset=\"https:\/\/i0.wp.com\/bno-travel.com\/wp-content\/uploads\/2025\/07\/2016JH106071-1.jpg?w=6016&amp;ssl=1 6016w, https:\/\/i0.wp.com\/bno-travel.com\/wp-content\/uploads\/2025\/07\/2016JH106071-1.jpg?resize=300%2C200&amp;ssl=1 300w, https:\/\/i0.wp.com\/bno-travel.com\/wp-content\/uploads\/2025\/07\/2016JH106071-1.jpg?resize=1024%2C684&amp;ssl=1 1024w, https:\/\/i0.wp.com\/bno-travel.com\/wp-content\/uploads\/2025\/07\/2016JH106071-1.jpg?resize=768%2C513&amp;ssl=1 768w, https:\/\/i0.wp.com\/bno-travel.com\/wp-content\/uploads\/2025\/07\/2016JH106071-1.jpg?resize=1536%2C1025&amp;ssl=1 1536w, https:\/\/i0.wp.com\/bno-travel.com\/wp-content\/uploads\/2025\/07\/2016JH106071-1.jpg?resize=2048%2C1367&amp;ssl=1 2048w, https:\/\/i0.wp.com\/bno-travel.com\/wp-content\/uploads\/2025\/07\/2016JH106071-1.jpg?w=1600&amp;ssl=1 1600w, https:\/\/i0.wp.com\/bno-travel.com\/wp-content\/uploads\/2025\/07\/2016JH106071-1.jpg?w=2400&amp;ssl=1 2400w\" sizes=\"(max-width: 800px) 100vw, 800px\" \/><\/figure>\n<\/div>\n<\/div>\n<\/div>\n\n<div class=\"wp-block-group alignfull is-style-default is-content-justification-center is-layout-constrained wp-container-core-group-is-layout-69af11d0 wp-block-group-is-layout-constrained\" style=\"margin-top:0;margin-bottom:0;padding-top:var(--wp--preset--spacing--40);padding-bottom:var(--wp--preset--spacing--40)\">\n<div class=\"wp-block-group alignfull is-content-justification-center is-layout-constrained wp-container-core-group-is-layout-4853c3a7 wp-block-group-is-layout-constrained\" style=\"margin-top:0;margin-bottom:0;padding-top:calc( 0.5 * var(u002du002dwpu002du002dstyleu002du002drootu002du002dpadding-right, var(u002du002dwpu002du002dcustomu002du002dgapu002du002dhorizontal)));padding-right:var(u002du002dwpu002du002dstyleu002du002drootu002du002dpadding-right, var(u002du002dwpu002du002dcustomu002du002dgapu002du002dhorizontal));padding-bottom:calc( 0.5 * var(u002du002dwpu002du002dstyleu002du002drootu002du002dpadding-right, var(u002du002dwpu002du002dcustomu002du002dgapu002du002dhorizontal)));padding-left:var(u002du002dwpu002du002dstyleu002du002drootu002du002dpadding-left, var(u002du002dwpu002du002dcustomu002du002dgapu002du002dhorizontal))\">\n<div style=\"height:calc( 0.25 * var(u002du002dwpu002du002dstyleu002du002drootu002du002dpadding-right, var(u002du002dwpu002du002dcustomu002du002dgapu002du002dhorizontal)))\" aria-hidden=\"true\" class=\"wp-block-spacer\"><\/div>\n\n\n\n<div class=\"wp-block-columns alignwide is-layout-flex wp-container-core-columns-is-layout-7387b849 wp-block-columns-is-layout-flex\">\n<div class=\"wp-block-column is-vertically-aligned-center is-layout-flow wp-block-column-is-layout-flow\">\n<figure class=\"wp-block-image size-full\"><img data-recalc-dims=\"1\" loading=\"lazy\" decoding=\"async\" width=\"799\" height=\"533\" src=\"https:\/\/i0.wp.com\/bno-travel.com\/wp-content\/uploads\/2025\/06\/30949654317_6b7658a402_c.jpg?resize=799%2C533&#038;ssl=1\" alt=\"\" class=\"wp-image-2395\" style=\"aspect-ratio:3\/4;object-fit:cover\" srcset=\"https:\/\/i0.wp.com\/bno-travel.com\/wp-content\/uploads\/2025\/06\/30949654317_6b7658a402_c.jpg?w=799&amp;ssl=1 799w, https:\/\/i0.wp.com\/bno-travel.com\/wp-content\/uploads\/2025\/06\/30949654317_6b7658a402_c.jpg?resize=300%2C200&amp;ssl=1 300w, https:\/\/i0.wp.com\/bno-travel.com\/wp-content\/uploads\/2025\/06\/30949654317_6b7658a402_c.jpg?resize=768%2C512&amp;ssl=1 768w\" sizes=\"(max-width: 799px) 100vw, 799px\" \/><\/figure>\n<\/div>\n\n\n\n<div class=\"wp-block-column is-vertically-aligned-center is-layout-flow wp-block-column-is-layout-flow\">\n<p class=\"has-text-align-left wp-block-paragraph\">Trysils andre sommeraktiviteter<\/p>\n\n\n\n<p class=\"wp-block-paragraph\">Cykling er hovedattraktionen, men Trysil byder p\u00e5 mange sommeraktiviteter, som g\u00f8r dit ophold komplet:<\/p>\n\n\n\n<ul class=\"wp-block-list\">\n<li><strong><a href=\"https:\/\/bno-travel.com\/da\/?page_id=4190\">Klatreparker og sv\u00e6vebaner<\/a><\/strong> for hele familien<\/li>\n\n\n\n<li><strong>Elvepadling og rafting<\/strong> i Trysilelva<\/li>\n\n\n\n<li><a href=\"https:\/\/bno-travel.com\/da\/?page_id=4190\"><strong>Vandring<\/strong><\/a> i de h\u00f8je bjerge med velafm\u00e6rkede stier<\/li>\n\n\n\n<li><strong>Fiskeri og sv\u00f8mning<\/strong> i s\u00f8er og floder<\/li>\n\n\n\n<li><strong><a href=\"https:\/\/bno-travel.com\/da\/?page_id=4294\">Golfbane i bjergrigt terr\u00e6n<\/a><\/strong> - 18 huller med spektakul\u00e6r udsigt<\/li>\n<\/ul>\n\n\n\n<p class=\"wp-block-paragraph\">Trysil byder ogs\u00e5 p\u00e5 et bredt udvalg af restauranter, caf\u00e9er og lokale specialiteter - perfekt efter en lang dag p\u00e5 cyklen.<\/p>\n\n\n\n<hr class=\"wp-block-separator has-alpha-channel-opacity\"\/>\n\n\n\n<p class=\"wp-block-paragraph\">Indkvartering med BNO TRAVEL<\/p>\n\n\n\n<p class=\"wp-block-paragraph\">N\u00e5r du booker gennem <strong>BNO TRAVEL<\/strong>, f\u00e5r du adgang til et bredt udvalg af overnatningsmuligheder i hele Trysil. Vi tilbyder: <\/p>\n\n\n\n<ul class=\"wp-block-list\">\n<li><strong>Moderne lejligheder<\/strong> p\u00e5 Trysil Turistsenter, t\u00e6t p\u00e5 elevatorer og offentlig transport<\/li>\n\n\n\n<li><strong>Hyggelige<\/strong> hytter i Trysilfjell Hytteomr\u00e5de - perfekt til familier og vennegrupper<\/li>\n\n\n\n<li><strong>Rolige enheder i Fager\u00e5sen \/ H\u00f8yfjellssenteret<\/strong>, for dem, der \u00f8nsker udsigt og ro<\/li>\n\n\n\n<li>Indkvartering med sengelinned<strong> og t\u00f8jvask inkluderet i prisen<\/strong><\/li>\n<\/ul>\n\n\n\n<p class=\"wp-block-paragraph\">Vi hj\u00e6lper dig med at finde det, der passer bedst til dine behov, og s\u00f8rger for, at alt er klar, n\u00e5r du ankommer.<\/p>\n\n\n\n<hr class=\"wp-block-separator has-alpha-channel-opacity\"\/>\n\n\n\n<h2 class=\"wp-block-heading\">Trysil - en sommerdestination for alle<\/h2>\n\n\n\n<p class=\"wp-block-paragraph\">Uanset om du er en erfaren trailcyklist eller p\u00e5 udkig efter en aktiv ferie med b\u00f8rnene, <strong>er Trysil den perfekte destination.<\/strong> Med unikke cykeloplevelser, smuk natur og en bred vifte af aktiviteter er det let at se, hvorfor s\u00e5 mange mennesker v\u00e6lger Trysil som deres sommerfavorit. <\/p>\n\n\n\n<p class=\"wp-block-paragraph\">Lad <strong>BNO TRAVEL<\/strong> tage sig af detaljerne - s\u00e5 du kan koncentrere dig om det, der betyder mest: at nyde naturen, farten og bjergf\u00f8lelsen.<\/p>\n\n\n\n<p class=\"wp-block-paragraph\">Vil du booke din n\u00e6ste cykelferie i Trysil? <strong>Kontakt BNO TRAVEL i dag<\/strong> for et uforpligtende tilbud - og g\u00f8r dig klar til en sommerferie, du sent vil glemme!<\/p>\n\n\n\n<div class=\"wp-block-buttons is-content-justification-center is-layout-flex wp-container-core-buttons-is-layout-3e41869c wp-block-buttons-is-layout-flex\"><\/div>\n<\/div>\n<\/div>\n\n\n\n<div style=\"height:calc( 0.25 * var(u002du002dwpu002du002dstyleu002du002drootu002du002dpadding-right, var(u002du002dwpu002du002dcustomu002du002dgapu002du002dhorizontal)))\" aria-hidden=\"true\" class=\"wp-block-spacer\"><\/div>\n<\/div>\n\n\n\n<div class=\"wp-block-group alignwide is-content-justification-left is-layout-constrained wp-container-core-group-is-layout-54d22900 wp-block-group-is-layout-constrained\">\n<div class=\"wp-block-buttons is-layout-flex wp-block-buttons-is-layout-flex\"><\/div>\n<\/div>\n<\/div>\n\n<div class=\"wp-block-group alignfull is-style-default is-content-justification-center is-layout-constrained wp-container-core-group-is-layout-cdf99998 wp-block-group-is-layout-constrained\" style=\"margin-top:0;margin-bottom:0;padding-top:var(--wp--preset--spacing--40);padding-bottom:var(--wp--preset--spacing--40)\"><\/div>\n\n<p class=\"wp-block-paragraph\"><\/p>\n","protected":false},"excerpt":{"rendered":"<p>Cykling i Trysil - Norges bedste destination for trailcykling Velkommen til Trysil - en af Skandinaviens mest popul\u00e6re sommerdestinationer for cykelentusiaster! Her finder du et unikt terr\u00e6n, som er velegnet til b\u00e5de familier og erfarne cyklister. Med over 50 kilometer anlagte stier, naturlige fjeldruter og liftbaseret cykling er Trysil et mekka for mountainbiking - lige [&hellip;]<\/p>\n","protected":false},"author":260013438,"featured_media":0,"parent":0,"menu_order":0,"comment_status":"closed","ping_status":"closed","template":"","meta":{"_crdt_document":"","footnotes":""},"class_list":["post-4129","page","type-page","status-publish","hentry"],"jetpack_likes_enabled":true,"jetpack_sharing_enabled":true,"jetpack_shortlink":"https:\/\/wp.me\/PgDuwj-14B","jetpack-related-posts":[{"id":4250,"url":"https:\/\/bno-travel.com\/sv\/cykling-i-trysil\/","url_meta":{"origin":4129,"position":0},"title":"Cykling i Trysil","author":"Jan Terje \u00c5s","date":"18. juli 2025","format":false,"excerpt":"Cykling i Trysil - Norges b\u00e4sta destination f\u00f6r stigcykling V\u00e4lkommen till Trysil - en av Skandinaviens mest popul\u00e4ra sommardestinationer f\u00f6r cykelentusiaster! H\u00e4r hittar du unik terr\u00e4ng som passar b\u00e5de familjer och erfarna cyklister. Med \u00f6ver 50 kilometer anlagda leder, naturliga fj\u00e4llv\u00e4gar och liftbaserad cykling \u00e4r Trysil ett mecka f\u00f6r mountainbike\u2026","rel":"","context":"Similar post","block_context":{"text":"Similar post","link":""},"img":{"alt_text":"Trysil Bike Arena","src":"https:\/\/i0.wp.com\/bno-travel.com\/wp-content\/uploads\/2025\/06\/50812495673_42073df1cc_c.jpg?resize=350%2C200&ssl=1","width":350,"height":200,"srcset":"https:\/\/i0.wp.com\/bno-travel.com\/wp-content\/uploads\/2025\/06\/50812495673_42073df1cc_c.jpg?resize=350%2C200&ssl=1 1x, https:\/\/i0.wp.com\/bno-travel.com\/wp-content\/uploads\/2025\/06\/50812495673_42073df1cc_c.jpg?resize=525%2C300&ssl=1 1.5x, https:\/\/i0.wp.com\/bno-travel.com\/wp-content\/uploads\/2025\/06\/50812495673_42073df1cc_c.jpg?resize=700%2C400&ssl=1 2x"},"classes":[]},{"id":4140,"url":"https:\/\/bno-travel.com\/da\/shopping-i-trysil\/","url_meta":{"origin":4129,"position":1},"title":"Shopping i Trysil","author":"Jan Terje \u00c5s","date":"18. juli 2025","format":false,"excerpt":"Shopping i Trysil - Oplev lokal shopping og hyggelige caf\u00e9er i hjertet af fjeldbyen Trysil er m\u00e5ske mest kendt for sit skil\u00f8b og sine bjerge, men i landsbyens centrum finder du ogs\u00e5 en charmerende og levende lille by med alt, hvad du har brug for til en komplet bjergferie. Trysil\u2026","rel":"","context":"Similar post","block_context":{"text":"Similar post","link":""},"img":{"alt_text":"Opplev Trysil","src":"https:\/\/i0.wp.com\/bno-travel.com\/wp-content\/uploads\/2025\/07\/20.06.19_Dronebilder-Sentrum_FULLSIZE-2.jpg?resize=350%2C200&ssl=1","width":350,"height":200,"srcset":"https:\/\/i0.wp.com\/bno-travel.com\/wp-content\/uploads\/2025\/07\/20.06.19_Dronebilder-Sentrum_FULLSIZE-2.jpg?resize=350%2C200&ssl=1 1x, https:\/\/i0.wp.com\/bno-travel.com\/wp-content\/uploads\/2025\/07\/20.06.19_Dronebilder-Sentrum_FULLSIZE-2.jpg?resize=525%2C300&ssl=1 1.5x, https:\/\/i0.wp.com\/bno-travel.com\/wp-content\/uploads\/2025\/07\/20.06.19_Dronebilder-Sentrum_FULLSIZE-2.jpg?resize=700%2C400&ssl=1 2x, https:\/\/i0.wp.com\/bno-travel.com\/wp-content\/uploads\/2025\/07\/20.06.19_Dronebilder-Sentrum_FULLSIZE-2.jpg?resize=1050%2C600&ssl=1 3x, https:\/\/i0.wp.com\/bno-travel.com\/wp-content\/uploads\/2025\/07\/20.06.19_Dronebilder-Sentrum_FULLSIZE-2.jpg?resize=1400%2C800&ssl=1 4x"},"classes":[]},{"id":4231,"url":"https:\/\/bno-travel.com\/sv\/shopping-i-trysil\/","url_meta":{"origin":4129,"position":2},"title":"Shopping i Trysil","author":"Jan Terje \u00c5s","date":"18. juli 2025","format":false,"excerpt":"Shopping i Trysil - Upplev lokal shopping och mysiga caf\u00e9er i hj\u00e4rtat av fj\u00e4llbyn Trysil \u00e4r kanske mest k\u00e4nt f\u00f6r sin skid\u00e5kning och sina berg, men mitt i byn hittar du ocks\u00e5 en charmig och levande sm\u00e5stad med allt du beh\u00f6ver f\u00f6r en komplett fj\u00e4llsemester. Trysil centrum erbjuder ett f\u00f6rv\u00e5nansv\u00e4rt\u2026","rel":"","context":"Similar post","block_context":{"text":"Similar post","link":""},"img":{"alt_text":"Opplev Trysil","src":"https:\/\/i0.wp.com\/bno-travel.com\/wp-content\/uploads\/2025\/07\/20.06.19_Dronebilder-Sentrum_FULLSIZE-2.jpg?resize=350%2C200&ssl=1","width":350,"height":200,"srcset":"https:\/\/i0.wp.com\/bno-travel.com\/wp-content\/uploads\/2025\/07\/20.06.19_Dronebilder-Sentrum_FULLSIZE-2.jpg?resize=350%2C200&ssl=1 1x, https:\/\/i0.wp.com\/bno-travel.com\/wp-content\/uploads\/2025\/07\/20.06.19_Dronebilder-Sentrum_FULLSIZE-2.jpg?resize=525%2C300&ssl=1 1.5x, https:\/\/i0.wp.com\/bno-travel.com\/wp-content\/uploads\/2025\/07\/20.06.19_Dronebilder-Sentrum_FULLSIZE-2.jpg?resize=700%2C400&ssl=1 2x, https:\/\/i0.wp.com\/bno-travel.com\/wp-content\/uploads\/2025\/07\/20.06.19_Dronebilder-Sentrum_FULLSIZE-2.jpg?resize=1050%2C600&ssl=1 3x, https:\/\/i0.wp.com\/bno-travel.com\/wp-content\/uploads\/2025\/07\/20.06.19_Dronebilder-Sentrum_FULLSIZE-2.jpg?resize=1400%2C800&ssl=1 4x"},"classes":[]},{"id":14633,"url":"https:\/\/bno-travel.com\/sv\/uggla-917\/","url_meta":{"origin":4129,"position":3},"title":"Uggla 917 - 14 b\u00e4ddar","author":"Jan Terje \u00c5s","date":"28. december 2025","format":false,"excerpt":"Ugla 917, Trysilfjell Stugomr\u00e5de Fr\u00e5n 990 kr per dag \u2605\u2605\u2605\u2605 Kontrollera tillg\u00e4ngliga datum V\u00e4lkommen till Ugla 917 - en rymlig och familjev\u00e4nlig stuga i ett plan, perfekt f\u00f6r dig som vill ha en bekv\u00e4m bas f\u00f6r b\u00e5de skid\u00e5kning och fj\u00e4ll\u00e4ventyr i Trysil. Ugla 917 \u00e4r en modern och mysig stuga\u2026","rel":"","context":"Similar post","block_context":{"text":"Similar post","link":""},"img":{"alt_text":"","src":"https:\/\/i0.wp.com\/bno-travel.com\/wp-content\/uploads\/2025\/12\/01Fasade-1.jpg?resize=350%2C200&ssl=1","width":350,"height":200,"srcset":"https:\/\/i0.wp.com\/bno-travel.com\/wp-content\/uploads\/2025\/12\/01Fasade-1.jpg?resize=350%2C200&ssl=1 1x, https:\/\/i0.wp.com\/bno-travel.com\/wp-content\/uploads\/2025\/12\/01Fasade-1.jpg?resize=525%2C300&ssl=1 1.5x, https:\/\/i0.wp.com\/bno-travel.com\/wp-content\/uploads\/2025\/12\/01Fasade-1.jpg?resize=700%2C400&ssl=1 2x, https:\/\/i0.wp.com\/bno-travel.com\/wp-content\/uploads\/2025\/12\/01Fasade-1.jpg?resize=1050%2C600&ssl=1 3x, https:\/\/i0.wp.com\/bno-travel.com\/wp-content\/uploads\/2025\/12\/01Fasade-1.jpg?resize=1400%2C800&ssl=1 4x"},"classes":[]},{"id":11795,"url":"https:\/\/bno-travel.com\/litunet-721b-7-baddar\/","url_meta":{"origin":4129,"position":4},"title":"Litunet 721B -7 b\u00e4ddar","author":"Jan Terje \u00c5s","date":"23. oktober 2025","format":false,"excerpt":"Fagerh\u00f8y, Trysil H\u00f8yfjellssenter Fr\u00e5n 990 kr per dag \u2605\u2605\u2605\u2605 Kontrollera tillg\u00e4ngliga datum V\u00e4lkommen till Litunet 721B - en rymlig och familjev\u00e4nlig stuga i hj\u00e4rtat av Trysil Litunet 721B \u00e4r en modern och mysig familjestuga i ett plan med tre sovrum, vardagsrum, k\u00f6k och badrum med bastu. Stugan rymmer upp till\u2026","rel":"","context":"Similar post","block_context":{"text":"Similar post","link":""},"img":{"alt_text":"Fagerh\u00f8y - 10 sengs hytte","src":"https:\/\/i0.wp.com\/bno-travel.com\/wp-content\/uploads\/2025\/07\/Fagerhoy2-09-1.jpg?resize=350%2C200&ssl=1","width":350,"height":200,"srcset":"https:\/\/i0.wp.com\/bno-travel.com\/wp-content\/uploads\/2025\/07\/Fagerhoy2-09-1.jpg?resize=350%2C200&ssl=1 1x, https:\/\/i0.wp.com\/bno-travel.com\/wp-content\/uploads\/2025\/07\/Fagerhoy2-09-1.jpg?resize=525%2C300&ssl=1 1.5x, https:\/\/i0.wp.com\/bno-travel.com\/wp-content\/uploads\/2025\/07\/Fagerhoy2-09-1.jpg?resize=700%2C400&ssl=1 2x, https:\/\/i0.wp.com\/bno-travel.com\/wp-content\/uploads\/2025\/07\/Fagerhoy2-09-1.jpg?resize=1050%2C600&ssl=1 3x, https:\/\/i0.wp.com\/bno-travel.com\/wp-content\/uploads\/2025\/07\/Fagerhoy2-09-1.jpg?resize=1400%2C800&ssl=1 4x"},"classes":[]},{"id":17332,"url":"https:\/\/bno-travel.com\/sv\/trysilbua\/","url_meta":{"origin":4129,"position":5},"title":"Trysilbua","author":"Jan Terje \u00c5s","date":"9. februar 2026","format":false,"excerpt":"Trysilbua, Trysil H\u00f8yfjellssenter Fr\u00e5n 990 kr per dag \u2605\u2605\u2605\u2605 Kontrollera tillg\u00e4ngliga datum V\u00e4lkommen till Trysilbua, en rymlig familjestuga i Fager\u00e5sen. Trysilbua \u00e4r en rymlig 113 m\u00b2 stor familjestuga med 8 b\u00e4ddar, 4 sovrum, 2 vardagsrum och 1 badrum med bastu samt en extra toalett. Centralt bel\u00e4get men skyddat vid Trysil\u2026","rel":"","context":"Similar post","block_context":{"text":"Similar post","link":""},"img":{"alt_text":"Trysilbua - Trysil H\u00f8yfjellssenter","src":"https:\/\/i0.wp.com\/bno-travel.com\/wp-content\/uploads\/2026\/02\/trysilbua.jpg?resize=350%2C200&ssl=1","width":350,"height":200,"srcset":"https:\/\/i0.wp.com\/bno-travel.com\/wp-content\/uploads\/2026\/02\/trysilbua.jpg?resize=350%2C200&ssl=1 1x, https:\/\/i0.wp.com\/bno-travel.com\/wp-content\/uploads\/2026\/02\/trysilbua.jpg?resize=525%2C300&ssl=1 1.5x"},"classes":[]}],"_links":{"self":[{"href":"https:\/\/bno-travel.com\/da\/wp-json\/wp\/v2\/pages\/4129","targetHints":{"allow":["GET"]}}],"collection":[{"href":"https:\/\/bno-travel.com\/da\/wp-json\/wp\/v2\/pages"}],"about":[{"href":"https:\/\/bno-travel.com\/da\/wp-json\/wp\/v2\/types\/page"}],"author":[{"embeddable":true,"href":"https:\/\/bno-travel.com\/da\/wp-json\/wp\/v2\/users\/260013438"}],"replies":[{"embeddable":true,"href":"https:\/\/bno-travel.com\/da\/wp-json\/wp\/v2\/comments?post=4129"}],"version-history":[{"count":2,"href":"https:\/\/bno-travel.com\/da\/wp-json\/wp\/v2\/pages\/4129\/revisions"}],"predecessor-version":[{"id":4870,"href":"https:\/\/bno-travel.com\/da\/wp-json\/wp\/v2\/pages\/4129\/revisions\/4870"}],"wp:attachment":[{"href":"https:\/\/bno-travel.com\/da\/wp-json\/wp\/v2\/media?parent=4129"}],"curies":[{"name":"wp","href":"https:\/\/api.w.org\/{rel}","templated":true}]}}