{"id":4282,"date":"2025-07-18T20:36:15","date_gmt":"2025-07-18T18:36:15","guid":{"rendered":"https:\/\/bno-travel.com\/?page_id=4282"},"modified":"2025-07-18T20:36:37","modified_gmt":"2025-07-18T18:36:37","slug":"klatrepark-i-trysil","status":"publish","type":"page","link":"https:\/\/bno-travel.com\/da\/klatrepark-i-trysil\/","title":{"rendered":"Klatrepark i Trysil"},"content":{"rendered":"\n<p class=\"wp-block-paragraph\"><\/p>\n\n<div class=\"wp-block-cover alignfull\" style=\"margin-top:0;margin-bottom:0;padding-top:var(--wp--preset--spacing--20);padding-right:var(--wp--preset--spacing--40);padding-bottom:var(--wp--preset--spacing--20);padding-left:var(--wp--preset--spacing--40);min-height:906px;aspect-ratio:unset;\"><img data-recalc-dims=\"1\" fetchpriority=\"high\" decoding=\"async\" width=\"800\" height=\"534\" class=\"wp-block-cover__image-background wp-image-2239 size-full\" alt=\"\" src=\"https:\/\/i0.wp.com\/bno-travel.com\/wp-content\/uploads\/2025\/06\/43124442155_8f90996eef_c.jpg?resize=800%2C534&#038;ssl=1\" style=\"object-position:54% 56%\" data-object-fit=\"cover\" data-object-position=\"54% 56%\" srcset=\"https:\/\/i0.wp.com\/bno-travel.com\/wp-content\/uploads\/2025\/06\/43124442155_8f90996eef_c.jpg?w=800&amp;ssl=1 800w, https:\/\/i0.wp.com\/bno-travel.com\/wp-content\/uploads\/2025\/06\/43124442155_8f90996eef_c.jpg?resize=300%2C200&amp;ssl=1 300w, https:\/\/i0.wp.com\/bno-travel.com\/wp-content\/uploads\/2025\/06\/43124442155_8f90996eef_c.jpg?resize=768%2C513&amp;ssl=1 768w\" sizes=\"(max-width: 800px) 100vw, 800px\" \/><span aria-hidden=\"true\" class=\"wp-block-cover__background has-theme-1-background-color has-background-dim-30 has-background-dim\"><\/span><div class=\"wp-block-cover__inner-container is-layout-flow wp-block-cover-is-layout-flow\">\n<div style=\"height:var(--wp--preset--spacing--50)\" aria-hidden=\"true\" class=\"wp-block-spacer\"><\/div>\n\n\n\n<div style=\"height:var(--wp--preset--spacing--50)\" aria-hidden=\"true\" class=\"wp-block-spacer\"><\/div>\n<\/div><\/div>\n\n<div class=\"wp-block-group alignfull is-style-section-3 is-layout-constrained wp-block-group-is-layout-constrained\" style=\"margin-top:0;margin-bottom:0;padding-top:var(--wp--preset--spacing--40);padding-bottom:var(--wp--preset--spacing--40)\">\n<div class=\"wp-block-columns alignwide are-vertically-aligned-center is-layout-flex wp-container-core-columns-is-layout-d9ad523d wp-block-columns-is-layout-flex\">\n<div class=\"wp-block-column is-vertically-aligned-center is-layout-flow wp-block-column-is-layout-flow\">\n<figure class=\"wp-block-image size-full\"><img data-recalc-dims=\"1\" decoding=\"async\" width=\"800\" height=\"534\" src=\"https:\/\/i0.wp.com\/bno-travel.com\/wp-content\/uploads\/2025\/06\/43311668904_2a700093da_c.jpg?resize=800%2C534&#038;ssl=1\" alt=\"\" class=\"wp-image-2434\" style=\"aspect-ratio:3\/4;object-fit:cover\" title=\"titel\" srcset=\"https:\/\/i0.wp.com\/bno-travel.com\/wp-content\/uploads\/2025\/06\/43311668904_2a700093da_c.jpg?w=800&amp;ssl=1 800w, https:\/\/i0.wp.com\/bno-travel.com\/wp-content\/uploads\/2025\/06\/43311668904_2a700093da_c.jpg?resize=300%2C200&amp;ssl=1 300w, https:\/\/i0.wp.com\/bno-travel.com\/wp-content\/uploads\/2025\/06\/43311668904_2a700093da_c.jpg?resize=768%2C513&amp;ssl=1 768w\" sizes=\"(max-width: 800px) 100vw, 800px\" \/><\/figure>\n<\/div>\n\n\n\n<div class=\"wp-block-column is-vertically-aligned-center is-content-justification-left is-layout-constrained wp-container-core-column-is-layout-b64f6bf5 wp-block-column-is-layout-constrained\">\n<p class=\"wp-block-paragraph\"><\/p>\n\n\n\n<h2 class=\"wp-block-heading\">Klatrepark i Trysil - Sp\u00e6nding, mestring og sjov for hele familien<\/h2>\n\n\n\n<p class=\"wp-block-paragraph\">Velkommen til H\u00f8yt &amp; Lavt <strong><a href=\"https:\/\/www.trysil.com\/bedrifter\/skistar-trysil\/hoyt--lavt-klatrepark\/\" target=\"_blank\" rel=\"noopener\">H\u00f8yt &amp; Lavt Trysil<\/a><\/strong>H\u00f8yt &amp; Lavt er en af Norges mest popul\u00e6re og moderne klatreparker - lige i hjertet af Trysils natursk\u00f8nne skove. Her finder du sv\u00e6vende sv\u00e6vebaner, forhindringsbaner i tr\u00e6erne og udfordringer for b\u00e5de b\u00f8rn, voksne og adrenalins\u00f8gende eventyrere. <\/p>\n\n\n\n<p class=\"wp-block-paragraph\">Med BNO TRAVEL kan du nemt planl\u00e6gge og booke en aktiv ferie i Trysil, hvor klatreparken vil v\u00e6re et h\u00f8jdepunkt - uanset om du kommer med familien, vennegruppen eller kollegerne.<\/p>\n\n\n\n<p class=\"wp-block-paragraph\">En oplevelse, der passer til alle<\/p>\n\n\n\n<p class=\"wp-block-paragraph\"><a href=\"https:\/\/www.trysil.com\/bedrifter\/skistar-trysil\/hoyt--lavt-klatrepark\/\" target=\"_blank\" rel=\"noopener\">H\u00f8yt &amp; Lavt i Trysil <\/a>er designet til at passe til b\u00e5de store og sm\u00e5 - b\u00f8rn fra 2 \u00e5r og opefter kan klatre p\u00e5 sikre og sjove ruter, mens unge og voksne kan kaste sig ud i h\u00f8jere og mere kr\u00e6vende sektioner.<\/p>\n\n\n\n<p class=\"wp-block-paragraph\">Dette er en perfekt aktivitet for:<\/p>\n\n\n\n<ul class=\"wp-block-list\">\n<li><strong>Familieferie<\/strong><\/li>\n\n\n\n<li><strong>Teambuilding og firmaudflugter<\/strong><\/li>\n\n\n\n<li><strong>Venskabsgrupper og polterabender<\/strong><\/li>\n\n\n\n<li><strong>Aktiv ferie for par og singler<\/strong><\/li>\n<\/ul>\n\n\n\n<p class=\"wp-block-paragraph\">At v\u00e6re i h\u00f8jden, udfordre sine egne gr\u00e6nser og opleve mestring sammen med andre skaber b\u00e5de gode minder og \u00e6gte f\u00e6llesskab.<\/p>\n\n\n\n<div class=\"wp-block-buttons is-layout-flex wp-block-buttons-is-layout-flex\"><\/div>\n<\/div>\n<\/div>\n<\/div>\n\n<div class=\"wp-block-group alignfull is-style-default is-content-justification-center is-layout-constrained wp-container-core-group-is-layout-69af11d0 wp-block-group-is-layout-constrained\" style=\"margin-top:0;margin-bottom:0;padding-top:var(--wp--preset--spacing--40);padding-bottom:var(--wp--preset--spacing--40)\">\n<div class=\"wp-block-group alignwide is-content-justification-left is-layout-constrained wp-container-core-group-is-layout-54d22900 wp-block-group-is-layout-constrained\">\n<div class=\"wp-block-buttons is-layout-flex wp-block-buttons-is-layout-flex\"><\/div>\n<\/div>\n<\/div>\n\n<div class=\"wp-block-group alignfull is-content-justification-center is-layout-constrained wp-block-group-is-layout-constrained\" style=\"margin-top:0;margin-bottom:0;padding-top:var(--wp--preset--spacing--40);padding-bottom:var(--wp--preset--spacing--40)\">\n<div class=\"wp-block-columns alignwide are-vertically-aligned-center is-layout-flex wp-container-core-columns-is-layout-7387b849 wp-block-columns-is-layout-flex\">\n<div class=\"wp-block-column is-vertically-aligned-center is-content-justification-left is-layout-constrained wp-container-core-column-is-layout-b64f6bf5 wp-block-column-is-layout-constrained\">\n<h2 class=\"wp-block-heading has-xx-large-font-size\">Fakta om Klatreparken i Trysil<\/h2>\n\n\n\n<p class=\"wp-block-paragraph\">Klatreparken ligger centralt ved Trysil Turistsenter og er en del af det store udbud af sommer- og efter\u00e5rsaktiviteter i regionen. Her finder du: <\/p>\n\n\n\n<ul class=\"wp-block-list\">\n<li><strong>Over 130 forskellige forhindringer og aktiviteter i tr\u00e6erne<\/strong><\/li>\n\n\n\n<li><strong>10 forskellige klatreruter<\/strong>, tilpasset forskellige h\u00f8jder og f\u00e6rdighedsniveauer<\/li>\n\n\n\n<li><strong>Ziplines<\/strong> af varierende l\u00e6ngde - flere over 100 meter<\/li>\n\n\n\n<li>Dedikerede <strong>b\u00f8rnestier fra 80 cm h\u00f8jde<\/strong> og udfordringer for de mest erfarne<\/li>\n\n\n\n<li>Fokus p\u00e5 sikkerhed med moderne sele- og fastholdelsessystemer<\/li>\n\n\n\n<li>Kiosk, terrasser og stillezoner til pauser og picnic<\/li>\n<\/ul>\n\n\n\n<p class=\"wp-block-paragraph\">Parken er kategoriseret efter sv\u00e6rhedsgrad, s\u00e5 alle kan finde en passende bane. Du kan starte p\u00e5 den gr\u00f8nne bane for at f\u00e5 overblik og mestring, og arbejde dig op til r\u00f8d og sort for maksimal udfordring og sp\u00e6nding. <\/p>\n\n\n\n<p class=\"wp-block-paragraph\">Ekstra tips: <a href=\"https:\/\/www.trysil.com\/bedrifter\/skistar-trysil\/rafting\/\" target=\"_blank\" rel=\"noopener\">Pr\u00f8v rafting og flodaktiviteter i Trysilelva<\/a><\/p>\n\n\n\n<p class=\"wp-block-paragraph\">Klatreparken er bare en af mange sp\u00e6ndende aktiviteter i Trysil! N\u00e5r du er her, b\u00f8r du ogs\u00e5 overveje at opleve <strong>Trysilelva<\/strong> - en smuk og kraftig elv, der byder p\u00e5 sp\u00e6ndende vandaktiviteter. <\/p>\n\n\n\n<p class=\"wp-block-paragraph\"><strong>Rafting i Trysil<\/strong> er en af de mest popul\u00e6re sommeraktiviteter. Turene ledes af professionelle guider og er velegnede til b\u00e5de begyndere og dem, der \u00f8nsker ekstra action. Du kan v\u00e6lge mellem rolige familieraftingture og mere udfordrende ture i stejle str\u00f8mfald.  <\/p>\n\n\n\n<div class=\"wp-block-buttons is-layout-flex wp-block-buttons-is-layout-flex\"><\/div>\n<\/div>\n\n\n\n<div class=\"wp-block-column is-vertically-aligned-center is-layout-flow wp-block-column-is-layout-flow\">\n<figure class=\"wp-block-image size-full\"><img data-recalc-dims=\"1\" decoding=\"async\" width=\"800\" height=\"534\" src=\"https:\/\/i0.wp.com\/bno-travel.com\/wp-content\/uploads\/2025\/06\/43124440865_479eca7e07_c.jpg?resize=800%2C534&#038;ssl=1\" alt=\"Klatrepark i Trysil\" class=\"wp-image-2421\" style=\"aspect-ratio:3\/4;object-fit:cover\" srcset=\"https:\/\/i0.wp.com\/bno-travel.com\/wp-content\/uploads\/2025\/06\/43124440865_479eca7e07_c.jpg?w=800&amp;ssl=1 800w, https:\/\/i0.wp.com\/bno-travel.com\/wp-content\/uploads\/2025\/06\/43124440865_479eca7e07_c.jpg?resize=300%2C200&amp;ssl=1 300w, https:\/\/i0.wp.com\/bno-travel.com\/wp-content\/uploads\/2025\/06\/43124440865_479eca7e07_c.jpg?resize=768%2C513&amp;ssl=1 768w\" sizes=\"(max-width: 800px) 100vw, 800px\" \/><\/figure>\n<\/div>\n<\/div>\n<\/div>\n\n<div class=\"wp-block-group alignfull is-style-default is-content-justification-center is-layout-constrained wp-container-core-group-is-layout-69af11d0 wp-block-group-is-layout-constrained\" style=\"margin-top:0;margin-bottom:0;padding-top:var(--wp--preset--spacing--40);padding-bottom:var(--wp--preset--spacing--40)\">\n<div class=\"wp-block-group alignfull is-content-justification-center is-layout-constrained wp-container-core-group-is-layout-4853c3a7 wp-block-group-is-layout-constrained\" style=\"margin-top:0;margin-bottom:0;padding-top:calc( 0.5 * var(u002du002dwpu002du002dstyleu002du002drootu002du002dpadding-right, var(u002du002dwpu002du002dcustomu002du002dgapu002du002dhorizontal)));padding-right:var(u002du002dwpu002du002dstyleu002du002drootu002du002dpadding-right, var(u002du002dwpu002du002dcustomu002du002dgapu002du002dhorizontal));padding-bottom:calc( 0.5 * var(u002du002dwpu002du002dstyleu002du002drootu002du002dpadding-right, var(u002du002dwpu002du002dcustomu002du002dgapu002du002dhorizontal)));padding-left:var(u002du002dwpu002du002dstyleu002du002drootu002du002dpadding-left, var(u002du002dwpu002du002dcustomu002du002dgapu002du002dhorizontal))\">\n<div style=\"height:calc( 0.25 * var(u002du002dwpu002du002dstyleu002du002drootu002du002dpadding-right, var(u002du002dwpu002du002dcustomu002du002dgapu002du002dhorizontal)))\" aria-hidden=\"true\" class=\"wp-block-spacer\"><\/div>\n\n\n\n<div class=\"wp-block-columns alignwide is-layout-flex wp-container-core-columns-is-layout-7387b849 wp-block-columns-is-layout-flex\">\n<div class=\"wp-block-column is-vertically-aligned-center is-layout-flow wp-block-column-is-layout-flow\">\n<figure class=\"wp-block-image size-full\"><img data-recalc-dims=\"1\" loading=\"lazy\" decoding=\"async\" width=\"800\" height=\"530\" src=\"https:\/\/i0.wp.com\/bno-travel.com\/wp-content\/uploads\/2025\/06\/19105869168_e052658c34_c.jpg?resize=800%2C530&#038;ssl=1\" alt=\"Rafting i Trysil\" class=\"wp-image-2317\" style=\"aspect-ratio:3\/4;object-fit:cover\" srcset=\"https:\/\/i0.wp.com\/bno-travel.com\/wp-content\/uploads\/2025\/06\/19105869168_e052658c34_c.jpg?w=800&amp;ssl=1 800w, https:\/\/i0.wp.com\/bno-travel.com\/wp-content\/uploads\/2025\/06\/19105869168_e052658c34_c.jpg?resize=300%2C199&amp;ssl=1 300w, https:\/\/i0.wp.com\/bno-travel.com\/wp-content\/uploads\/2025\/06\/19105869168_e052658c34_c.jpg?resize=768%2C509&amp;ssl=1 768w\" sizes=\"(max-width: 800px) 100vw, 800px\" \/><\/figure>\n<\/div>\n\n\n\n<div class=\"wp-block-column is-vertically-aligned-center is-layout-flow wp-block-column-is-layout-flow\">\n<p class=\"has-text-align-left wp-block-paragraph\">Andre flodaktiviteter omfatter:<\/p>\n\n\n\n<ul class=\"wp-block-list\">\n<li><strong>Flodpadling og kajakroning<\/strong><\/li>\n\n\n\n<li><strong>Sv\u00f8mmesteder og vandreture langs floden<\/strong><\/li>\n\n\n\n<li><strong>SUP (Stand Up Paddle) i roligere omr\u00e5der<\/strong><\/li>\n\n\n\n<li><strong>Fiskeri<\/strong> i Trysilelva - ber\u00f8mt for \u00f8rred og harr<\/li>\n<\/ul>\n\n\n\n<p class=\"wp-block-paragraph\">Disse aktiviteter kombinerer naturoplevelser, adrenalin og afslapning p\u00e5 en unik m\u00e5de.<\/p>\n\n\n\n<p class=\"wp-block-paragraph\"><a href=\"https:\/\/bno-travel.com\/da\/?page_id=2967\">Overnatning i Trysil<\/a> - bo t\u00e6t p\u00e5 aktiviteterne<\/p>\n\n\n\n<p class=\"wp-block-paragraph\">BNO TRAVEL tilbyder en bred vifte af <strong>overnatningsmuligheder<\/strong> i Trysil, b\u00e5de i og omkring Trysil Turistsenter og Trysil H\u00f8yfjellssenter\/Fager\u00e5sen. Du kan v\u00e6lge mellem: <\/p>\n\n\n\n<ul class=\"wp-block-list\">\n<li><strong>Moderne hytter og lejligheder med h\u00f8j standard og t\u00e6t p\u00e5 klatreparken<\/strong><\/li>\n\n\n\n<li><strong>Familievenlige enheder<\/strong> med plads til flere og gode faciliteter<\/li>\n<\/ul>\n\n\n\n<p class=\"wp-block-paragraph\">Alle overnatningsmuligheder giver dig adgang til naturoplevelser, vandrestier, cykelstier og aktivitetsomr\u00e5der. Med vores hj\u00e6lp finder du det sted, der passer dig bedst - uanset om du \u00f8nsker et h\u00f8jt komfortniveau, en budgetvenlig l\u00f8sning eller noget midt imellem. Glem ikke, at overnatningspriserne er s\u00e6rligt gunstige om sommeren. Det betyder, at du f\u00e5r ekstra meget for pengene, n\u00e5r du holder ferie i Trysil. Mange aktiviteter er velorganiserede og ofte helt gratis, s\u00e5 her er et ekstra tip: Tag cyklen og vandrest\u00f8vlerne og s\u00e6t kursen mod Trysil.    <\/p>\n\n\n\n<hr class=\"wp-block-separator has-alpha-channel-opacity\"\/>\n\n\n\n<p class=\"wp-block-paragraph\">Planl\u00e6g din aktive ferie med BNO TRAVEL<\/p>\n\n\n\n<p class=\"wp-block-paragraph\">Hos BNO TRAVEL kan du nemt <strong>skr\u00e6ddersy en ferie fyldt med aktiviteter, natur og oplevelser.<\/strong> Vi hj\u00e6lper dig med: <\/p>\n\n\n\n<ul class=\"wp-block-list\">\n<li>Booking af klatreparken og andre aktiviteter<\/li>\n\n\n\n<li>Overnatning i hele Trysil-omr\u00e5det<\/li>\n\n\n\n<li>Tips til steder at spise og ting at lave<\/li>\n\n\n\n<li>Lokalkendskab og personlig service<\/li>\n<\/ul>\n\n\n\n<p class=\"wp-block-paragraph\">Trysil er mere end bare skil\u00f8b - det er en hel\u00e5rsdestination, hvor natur, aktivitet og familieoplevelser m\u00f8des. Uanset om du vil klatre i tr\u00e6er, padle i elven, cykle i bjergene eller bare nyde den friske luft og roen i bjergene, s\u00e5 er Trysil stedet for dig. <\/p>\n\n\n\n<div class=\"wp-block-buttons is-content-justification-center is-layout-flex wp-container-core-buttons-is-layout-3e41869c wp-block-buttons-is-layout-flex\"><\/div>\n<\/div>\n<\/div>\n\n\n\n<div style=\"height:calc( 0.25 * var(u002du002dwpu002du002dstyleu002du002drootu002du002dpadding-right, var(u002du002dwpu002du002dcustomu002du002dgapu002du002dhorizontal)))\" aria-hidden=\"true\" class=\"wp-block-spacer\"><\/div>\n<\/div>\n\n\n\n<div class=\"wp-block-group alignwide is-content-justification-left is-layout-constrained wp-container-core-group-is-layout-54d22900 wp-block-group-is-layout-constrained\">\n<div class=\"wp-block-buttons is-layout-flex wp-block-buttons-is-layout-flex\"><\/div>\n<\/div>\n<\/div>\n\n<div class=\"wp-block-group alignfull is-style-default is-content-justification-center is-layout-constrained wp-container-core-group-is-layout-cdf99998 wp-block-group-is-layout-constrained\" style=\"margin-top:0;margin-bottom:0;padding-top:var(--wp--preset--spacing--40);padding-bottom:var(--wp--preset--spacing--40)\"><\/div>\n\n<p class=\"wp-block-paragraph\"><\/p>\n","protected":false},"excerpt":{"rendered":"<p>Klatrepark i Trysil - Sp\u00e6nding, mestring og sjov for hele familien Velkommen til H\u00f8yt &amp; Lavt H\u00f8yt &amp; Lavt TrysilH\u00f8yt &amp; Lavt er en af Norges mest popul\u00e6re og moderne klatreparker - lige i hjertet af Trysils natursk\u00f8nne skove. Her finder du sv\u00e6vende sv\u00e6vebaner, forhindringsbaner i tr\u00e6erne og udfordringer for b\u00e5de b\u00f8rn, voksne og adrenalins\u00f8gende [&hellip;]<\/p>\n","protected":false},"author":260013438,"featured_media":0,"parent":0,"menu_order":0,"comment_status":"closed","ping_status":"closed","template":"","meta":{"_crdt_document":"","footnotes":""},"class_list":["post-4282","page","type-page","status-publish","hentry"],"jetpack_likes_enabled":true,"jetpack_sharing_enabled":true,"jetpack_shortlink":"https:\/\/wp.me\/PgDuwj-174","jetpack-related-posts":[{"id":3350,"url":"https:\/\/bno-travel.com\/klatrepark-i-trysil-perfekt-for-hele-familien\/","url_meta":{"origin":4282,"position":0},"title":"Klatrepark i Trysil","author":"Jan Terje \u00c5s","date":"18. juli 2025","format":false,"excerpt":"Klatrepark i Trysil Spenning, mestring og morsomme h\u00f8ydepunkt i skogen \u2013 for hele familien og alle som vil ha en aktiv dag i Trysil H\u00f8yt & Lavt Trysil er en av Norges mest popul\u00e6re klatreparker, og et opplagt valg for deg som vil fylle oppholdet med lek, utfordringer og ekte\u2026","rel":"","context":"Similar post","block_context":{"text":"Similar post","link":""},"img":{"alt_text":"","src":"","width":0,"height":0},"classes":[]},{"id":2836,"url":"https:\/\/bno-travel.com\/da\/oplev-trysil-hele-aret-rundt-for-aktive-feriegaester\/","url_meta":{"origin":4282,"position":1},"title":"Oplev Trysil: Hele \u00e5ret rundt for aktive ferieg\u00e6ster","author":"Jan Terje \u00c5s","date":"18. juli 2025","format":false,"excerpt":"Oplev Trysil \u2605\u2605\u2605\u2605\u2605 Her finder du overnatningsmuligheder i Trysil Trysil er ikke kun Norges st\u00f8rste skidestination - det er ogs\u00e5 et paradis for aktive g\u00e6ster, familier og naturelskere \u00e5ret rundt. Uanset om du bes\u00f8ger bjerget for at f\u00e5 fart og sp\u00e6nding, afslapning eller kvalitetstid med familien, vil du finde oplevelser,\u2026","rel":"","context":"Similar post","block_context":{"text":"Similar post","link":""},"img":{"alt_text":"Opplev Trysil","src":"https:\/\/i0.wp.com\/bno-travel.com\/wp-content\/uploads\/2025\/07\/20.06.19_Dronebilder-Sentrum_FULLSIZE-2.jpg?resize=350%2C200&ssl=1","width":350,"height":200,"srcset":"https:\/\/i0.wp.com\/bno-travel.com\/wp-content\/uploads\/2025\/07\/20.06.19_Dronebilder-Sentrum_FULLSIZE-2.jpg?resize=350%2C200&ssl=1 1x, https:\/\/i0.wp.com\/bno-travel.com\/wp-content\/uploads\/2025\/07\/20.06.19_Dronebilder-Sentrum_FULLSIZE-2.jpg?resize=525%2C300&ssl=1 1.5x, https:\/\/i0.wp.com\/bno-travel.com\/wp-content\/uploads\/2025\/07\/20.06.19_Dronebilder-Sentrum_FULLSIZE-2.jpg?resize=700%2C400&ssl=1 2x, https:\/\/i0.wp.com\/bno-travel.com\/wp-content\/uploads\/2025\/07\/20.06.19_Dronebilder-Sentrum_FULLSIZE-2.jpg?resize=1050%2C600&ssl=1 3x, https:\/\/i0.wp.com\/bno-travel.com\/wp-content\/uploads\/2025\/07\/20.06.19_Dronebilder-Sentrum_FULLSIZE-2.jpg?resize=1400%2C800&ssl=1 4x"},"classes":[]},{"id":2099,"url":"https:\/\/bno-travel.com\/opplev-trysil-1-av-norges-storste-skidestinasjoner\/","url_meta":{"origin":4282,"position":2},"title":"Oppdag Trysil: \u00c5ret rundt for aktive feriegjester","author":"Jan Terje \u00c5s","date":"18. juli 2025","format":false,"excerpt":"Oppdag Trysil Hel\u00e5rsdestinasjonen for aktivitet, natur og minner i fjellet Trysil er stedet der aktive dager, familieopplevelser og roligere stunder m\u00f8tes i ett og samme reisem\u00e5l. Med BNO Travel f\u00e5r du en inspirerende og oversiktlig vei inn til opphold, aktiviteter og opplevelser gjennom hele \u00e5ret. Oppdag Trysil Se aktiviteter Trysil\u2026","rel":"","context":"Similar post","block_context":{"text":"Similar post","link":""},"img":{"alt_text":"","src":"","width":0,"height":0},"classes":[]},{"id":2834,"url":"https:\/\/bno-travel.com\/en\/discover-trysil-all-year-round-for-active-holidaymakers\/","url_meta":{"origin":4282,"position":3},"title":"Discover Trysil: All year round for active holidaymakers","author":"Jan Terje \u00c5s","date":"18. juli 2025","format":false,"excerpt":"Oppdag Trysil Hel\u00e5rsdestinasjonen for aktivitet, natur og minner i fjellet Trysil er stedet der aktive dager, familieopplevelser og roligere stunder m\u00f8tes i ett og samme reisem\u00e5l. Med BNO Travel f\u00e5r du en inspirerende og oversiktlig vei inn til opphold, aktiviteter og opplevelser gjennom hele \u00e5ret. Oppdag Trysil Se aktiviteter Trysil\u2026","rel":"","context":"Similar post","block_context":{"text":"Similar post","link":""},"img":{"alt_text":"","src":"","width":0,"height":0},"classes":[]},{"id":4116,"url":"https:\/\/bno-travel.com\/da\/restauranter-i-trysil\/","url_meta":{"origin":4282,"position":4},"title":"Restauranter i Trysil","author":"Jan Terje \u00c5s","date":"18. juli 2025","format":false,"excerpt":"Restauranter og spisesteder i Trysil - Smagfuld hele \u00e5ret rundt Trysil byder p\u00e5 meget mere end fantastiske skil\u00f8jper og bjerglandskab. Uanset om du bes\u00f8ger omr\u00e5det om vinteren eller sommeren, kan du nyde et rigt udvalg af restauranter, caf\u00e9er og afterski-steder - alt fra gourmet til fastfood. Der er noget for\u2026","rel":"","context":"Similar post","block_context":{"text":"Similar post","link":""},"img":{"alt_text":"Skistar Logde Trysil","src":"https:\/\/i0.wp.com\/bno-travel.com\/wp-content\/uploads\/2025\/07\/52199845033_2c000ed2d7_c.jpg?resize=350%2C200&ssl=1","width":350,"height":200,"srcset":"https:\/\/i0.wp.com\/bno-travel.com\/wp-content\/uploads\/2025\/07\/52199845033_2c000ed2d7_c.jpg?resize=350%2C200&ssl=1 1x, https:\/\/i0.wp.com\/bno-travel.com\/wp-content\/uploads\/2025\/07\/52199845033_2c000ed2d7_c.jpg?resize=525%2C300&ssl=1 1.5x, https:\/\/i0.wp.com\/bno-travel.com\/wp-content\/uploads\/2025\/07\/52199845033_2c000ed2d7_c.jpg?resize=700%2C400&ssl=1 2x"},"classes":[]},{"id":4089,"url":"https:\/\/bno-travel.com\/da\/bowling-i-trysil\/","url_meta":{"origin":4282,"position":5},"title":"Bowling i Trysil","author":"Jan Terje \u00c5s","date":"18. juli 2025","format":false,"excerpt":"Bowling i Trysil - den perfekte aktivitet for hele familien Bowling er en popul\u00e6r og hyggelig aktivitet for b\u00e5de unge og gamle, og i Trysil finder du et moderne og indbydende bowlingcenter lige i hjertet af fjelddestinationen. Uanset om du er i Trysil p\u00e5 ferie med familien, en gruppe venner\u2026","rel":"","context":"Similar post","block_context":{"text":"Similar post","link":""},"img":{"alt_text":"Bowling i Trysil","src":"https:\/\/i0.wp.com\/bno-travel.com\/wp-content\/uploads\/2025\/06\/52198855347_f963be3dbf_c.jpg?resize=350%2C200&ssl=1","width":350,"height":200,"srcset":"https:\/\/i0.wp.com\/bno-travel.com\/wp-content\/uploads\/2025\/06\/52198855347_f963be3dbf_c.jpg?resize=350%2C200&ssl=1 1x, https:\/\/i0.wp.com\/bno-travel.com\/wp-content\/uploads\/2025\/06\/52198855347_f963be3dbf_c.jpg?resize=525%2C300&ssl=1 1.5x, https:\/\/i0.wp.com\/bno-travel.com\/wp-content\/uploads\/2025\/06\/52198855347_f963be3dbf_c.jpg?resize=700%2C400&ssl=1 2x"},"classes":[]}],"_links":{"self":[{"href":"https:\/\/bno-travel.com\/da\/wp-json\/wp\/v2\/pages\/4282","targetHints":{"allow":["GET"]}}],"collection":[{"href":"https:\/\/bno-travel.com\/da\/wp-json\/wp\/v2\/pages"}],"about":[{"href":"https:\/\/bno-travel.com\/da\/wp-json\/wp\/v2\/types\/page"}],"author":[{"embeddable":true,"href":"https:\/\/bno-travel.com\/da\/wp-json\/wp\/v2\/users\/260013438"}],"replies":[{"embeddable":true,"href":"https:\/\/bno-travel.com\/da\/wp-json\/wp\/v2\/comments?post=4282"}],"version-history":[{"count":2,"href":"https:\/\/bno-travel.com\/da\/wp-json\/wp\/v2\/pages\/4282\/revisions"}],"predecessor-version":[{"id":4722,"href":"https:\/\/bno-travel.com\/da\/wp-json\/wp\/v2\/pages\/4282\/revisions\/4722"}],"wp:attachment":[{"href":"https:\/\/bno-travel.com\/da\/wp-json\/wp\/v2\/media?parent=4282"}],"curies":[{"name":"wp","href":"https:\/\/api.w.org\/{rel}","templated":true}]}}