{"id":4294,"date":"2025-07-18T20:28:41","date_gmt":"2025-07-18T18:28:41","guid":{"rendered":"https:\/\/bno-travel.com\/?page_id=4294"},"modified":"2025-07-18T20:29:55","modified_gmt":"2025-07-18T18:29:55","slug":"golf-i-trysil","status":"publish","type":"page","link":"https:\/\/bno-travel.com\/da\/golf-i-trysil\/","title":{"rendered":"Golf i Trysil"},"content":{"rendered":"\n<p class=\"wp-block-paragraph\"><\/p>\n\n<div class=\"wp-block-cover alignfull\" style=\"margin-top:0;margin-bottom:0;padding-top:var(--wp--preset--spacing--20);padding-right:var(--wp--preset--spacing--40);padding-bottom:var(--wp--preset--spacing--20);padding-left:var(--wp--preset--spacing--40);min-height:927px;aspect-ratio:unset;\"><img data-recalc-dims=\"1\" fetchpriority=\"high\" decoding=\"async\" width=\"799\" height=\"532\" class=\"wp-block-cover__image-background wp-image-2278 size-full\" alt=\"Sommer i Trysil\" src=\"https:\/\/i0.wp.com\/bno-travel.com\/wp-content\/uploads\/2025\/06\/19105672288_2155e3dd4c_c.jpg?resize=799%2C532&#038;ssl=1\" style=\"object-position:51% 64%\" data-object-fit=\"cover\" data-object-position=\"51% 64%\" srcset=\"https:\/\/i0.wp.com\/bno-travel.com\/wp-content\/uploads\/2025\/06\/19105672288_2155e3dd4c_c.jpg?w=799&amp;ssl=1 799w, https:\/\/i0.wp.com\/bno-travel.com\/wp-content\/uploads\/2025\/06\/19105672288_2155e3dd4c_c.jpg?resize=300%2C200&amp;ssl=1 300w, https:\/\/i0.wp.com\/bno-travel.com\/wp-content\/uploads\/2025\/06\/19105672288_2155e3dd4c_c.jpg?resize=768%2C511&amp;ssl=1 768w\" sizes=\"(max-width: 799px) 100vw, 799px\" \/><span aria-hidden=\"true\" class=\"wp-block-cover__background has-theme-1-background-color has-background-dim-30 has-background-dim\"><\/span><div class=\"wp-block-cover__inner-container is-layout-flow wp-block-cover-is-layout-flow\">\n<div style=\"height:var(--wp--preset--spacing--50)\" aria-hidden=\"true\" class=\"wp-block-spacer\"><\/div>\n\n\n\n<div style=\"height:var(--wp--preset--spacing--50)\" aria-hidden=\"true\" class=\"wp-block-spacer\"><\/div>\n<\/div><\/div>\n\n<div class=\"wp-block-group alignfull is-style-section-3 is-layout-constrained wp-block-group-is-layout-constrained\" style=\"margin-top:0;margin-bottom:0;padding-top:var(--wp--preset--spacing--40);padding-bottom:var(--wp--preset--spacing--40)\">\n<div class=\"wp-block-columns alignwide are-vertically-aligned-center is-layout-flex wp-container-core-columns-is-layout-d9ad523d wp-block-columns-is-layout-flex\">\n<div class=\"wp-block-column is-vertically-aligned-center is-layout-flow wp-block-column-is-layout-flow\">\n<figure class=\"wp-block-image size-full\"><img data-recalc-dims=\"1\" decoding=\"async\" width=\"532\" height=\"799\" src=\"https:\/\/i0.wp.com\/bno-travel.com\/wp-content\/uploads\/2025\/06\/18670754034_e10bf74a7e_c.jpg?resize=532%2C799&#038;ssl=1\" alt=\"Golf i Trysil\" class=\"wp-image-2265\" style=\"aspect-ratio:3\/4;object-fit:cover\" title=\"titel\" srcset=\"https:\/\/i0.wp.com\/bno-travel.com\/wp-content\/uploads\/2025\/06\/18670754034_e10bf74a7e_c.jpg?w=532&amp;ssl=1 532w, https:\/\/i0.wp.com\/bno-travel.com\/wp-content\/uploads\/2025\/06\/18670754034_e10bf74a7e_c.jpg?resize=200%2C300&amp;ssl=1 200w\" sizes=\"(max-width: 532px) 100vw, 532px\" \/><\/figure>\n<\/div>\n\n\n\n<div class=\"wp-block-column is-vertically-aligned-center is-content-justification-left is-layout-constrained wp-container-core-column-is-layout-b64f6bf5 wp-block-column-is-layout-constrained\">\n<p class=\"wp-block-paragraph\"><\/p>\n\n\n\n<h2 class=\"wp-block-heading\">Golf i Trysil og Engerdal - Spil med udsigt til fjelde, skove og stilhed<\/h2>\n\n\n\n<p class=\"wp-block-paragraph\">Velkommen til Trysil og Engerdal - et sandt golfparadis i natursk\u00f8nne omgivelser! Her finder du velholdte baner, spektakul\u00e6re udsigter og rolige omgivelser, som giver en helt s\u00e6rlig golfoplevelse. Uanset om du er en erfaren golfspiller eller ny i sporten, tilbyder Trysil og Engerdal et varieret spil, god atmosf\u00e6re og et milj\u00f8, der passer til alle.  <\/p>\n\n\n\n<p class=\"wp-block-paragraph\">BNO TRAVEL kan hj\u00e6lpe dig med at planl\u00e6gge en komplet golfferie med indkvartering, tee-tider og familievenlige aktiviteter - alt sammen skr\u00e6ddersyet til dine \u00f8nsker.<\/p>\n\n\n\n<p class=\"wp-block-paragraph\">Golfklubhus og minigolf for hele familien<\/p>\n\n\n\n<p class=\"wp-block-paragraph\">Klubhuset p\u00e5 <a href=\"https:\/\/www.trysil.com\/bedrifter\/trysilfjellet-golf-as\/trysilfjellet-golfbane\/\" target=\"_blank\" rel=\"noopener\">Trysil Golfbane<\/a> er mere end bare et m\u00f8dested for golfspillere. Her finder du en <strong>hyggelig caf\u00e9<\/strong>, omkl\u00e6dningsrum, proshop og et socialt milj\u00f8, hvor du kan slappe af efter din runde. For b\u00f8rnefamilier er <strong>minigolfbanen<\/strong> et popul\u00e6rt indslag - let tilg\u00e6ngelig, sjov og med enkle forhindringer, der g\u00f8r den sjov for alle aldre.  <\/p>\n\n\n\n<p class=\"wp-block-paragraph\">Minigolfbanen er ogs\u00e5 \u00e5ben for dem, der ikke spiller almindelig golf, og den er et godt afbr\u00e6k efter cykling, vandring eller sv\u00f8mning.<\/p>\n\n\n\n<div class=\"wp-block-buttons is-layout-flex wp-block-buttons-is-layout-flex\"><\/div>\n<\/div>\n<\/div>\n<\/div>\n\n<div class=\"wp-block-group alignfull is-style-default is-content-justification-center is-layout-constrained wp-container-core-group-is-layout-69af11d0 wp-block-group-is-layout-constrained\" style=\"margin-top:0;margin-bottom:0;padding-top:var(--wp--preset--spacing--40);padding-bottom:var(--wp--preset--spacing--40)\">\n<div class=\"wp-block-group alignwide is-content-justification-left is-layout-constrained wp-container-core-group-is-layout-54d22900 wp-block-group-is-layout-constrained\">\n<p class=\"wp-block-paragraph\">Trysil Golfbane er \u00e5ben og tilg\u00e6ngelig for b\u00e5de erfarne spillere og friske nybegyndere. Du beh\u00f8ver ikke et gr\u00f8nt kort for at pr\u00f8ve kr\u00e6fter med driving range eller minigolf.   <a href=\"https:\/\/www.trysil.com\/bedrifter\/trysilfjellet-golf-as\/trysil-golfklubb\/\" target=\"_blank\" rel=\"noopener\">Hvis du vil l\u00e6re mere, kan du tilmelde dig et kursus eller f\u00e5 en introduktionslektion af en PGA-certificeret tr\u00e6ner.<\/a><\/p>\n\n\n\n<p class=\"wp-block-paragraph\">B\u00f8rn og unge er ogs\u00e5 velkomne, og der tilbydes s\u00e6rlige b\u00f8rnekurser og junioraktiviteter i l\u00f8bet af s\u00e6sonen. Med rolige omgivelser og f\u00e5 k\u00f8er er Trysil det perfekte sted at l\u00e6re sporten i et trygt og inspirerende milj\u00f8. <\/p>\n\n\n\n<div class=\"wp-block-buttons is-layout-flex wp-block-buttons-is-layout-flex\"><\/div>\n<\/div>\n<\/div>\n\n<div class=\"wp-block-group alignfull is-content-justification-center is-layout-constrained wp-block-group-is-layout-constrained\" style=\"margin-top:0;margin-bottom:0;padding-top:var(--wp--preset--spacing--40);padding-bottom:var(--wp--preset--spacing--40)\">\n<div class=\"wp-block-columns alignwide are-vertically-aligned-center is-layout-flex wp-container-core-columns-is-layout-7387b849 wp-block-columns-is-layout-flex\">\n<div class=\"wp-block-column is-vertically-aligned-center is-content-justification-left is-layout-constrained wp-container-core-column-is-layout-b64f6bf5 wp-block-column-is-layout-constrained\">\n<h2 class=\"wp-block-heading has-xx-large-font-size\">Fakta om Trysil Golf Course<\/h2>\n\n\n\n<p class=\"wp-block-paragraph\">Trysil Golfbane er en <strong>18-hullers skov- og parkbane<\/strong>, der er designet til at f\u00f8lge det naturlige landskab i Trysil. Banen er kendt for sin h\u00f8je standard, natursk\u00f8nne omgivelser og varierede udfordringer. <\/p>\n\n\n\n<p class=\"wp-block-paragraph\"><strong>Her er nogle af h\u00f8jdepunkterne:<\/strong><\/p>\n\n\n\n<ul class=\"wp-block-list\">\n<li>18 huller - par 72<\/li>\n\n\n\n<li>L\u00e6ngde fra hvid tee: ca. 6.400 meter <\/li>\n\n\n\n<li>Driving range og \u00f8velsesomr\u00e5der til putting og chipping<\/li>\n\n\n\n<li>Udlejning af golfvogne og moderne proshop<\/li>\n\n\n\n<li>Golfskole og kurser for alle niveauer<\/li>\n\n\n\n<li>S\u00e6son: normalt fra maj til oktober<\/li>\n<\/ul>\n\n\n\n<p class=\"wp-block-paragraph\">Banen ligger idyllisk ved Trysilelva, kun f\u00e5 minutter fra Trysils centrum og i kort afstand fra indkvarteringsomr\u00e5derne i bjergene. Den er kendt for sin gode vedligeholdelse, hurtige greens og rolige omgivelser og er en forn\u00f8jelse for b\u00e5de golfspillere og tilskuere. Spis lokal mad, eller nyd stilheden i bjergene ved pejsen. <\/p>\n\n\n\n<p class=\"has-text-align-left wp-block-paragraph\">Klubhus, proshop og minigolf for hele familien<\/p>\n\n\n\n<p class=\"wp-block-paragraph\">Ved siden af golfbanen ligger et <strong>moderne klubhus<\/strong> med omkl\u00e6dningsrum, brusere, en caf\u00e9 og en hyggelig terrasse, hvor man kan nyde udsigten over banen. Klubhuset fungerer som et socialt samlingspunkt og arrangerer regelm\u00e6ssigt turneringer og klubaftener. <\/p>\n\n\n\n<div class=\"wp-block-buttons is-layout-flex wp-block-buttons-is-layout-flex\"><\/div>\n<\/div>\n\n\n\n<div class=\"wp-block-column is-vertically-aligned-center is-layout-flow wp-block-column-is-layout-flow\">\n<figure class=\"wp-block-image size-full\"><img data-recalc-dims=\"1\" decoding=\"async\" width=\"799\" height=\"532\" src=\"https:\/\/i0.wp.com\/bno-travel.com\/wp-content\/uploads\/2025\/06\/19105672288_2155e3dd4c_c.jpg?resize=799%2C532&#038;ssl=1\" alt=\"Sommer i Trysil\" class=\"wp-image-2278\" style=\"aspect-ratio:3\/4;object-fit:cover\" srcset=\"https:\/\/i0.wp.com\/bno-travel.com\/wp-content\/uploads\/2025\/06\/19105672288_2155e3dd4c_c.jpg?w=799&amp;ssl=1 799w, https:\/\/i0.wp.com\/bno-travel.com\/wp-content\/uploads\/2025\/06\/19105672288_2155e3dd4c_c.jpg?resize=300%2C200&amp;ssl=1 300w, https:\/\/i0.wp.com\/bno-travel.com\/wp-content\/uploads\/2025\/06\/19105672288_2155e3dd4c_c.jpg?resize=768%2C511&amp;ssl=1 768w\" sizes=\"(max-width: 799px) 100vw, 799px\" \/><\/figure>\n<\/div>\n<\/div>\n<\/div>\n\n<div class=\"wp-block-group alignfull is-style-default is-content-justification-center is-layout-constrained wp-container-core-group-is-layout-69af11d0 wp-block-group-is-layout-constrained\" style=\"margin-top:0;margin-bottom:0;padding-top:var(--wp--preset--spacing--40);padding-bottom:var(--wp--preset--spacing--40)\">\n<div class=\"wp-block-group alignfull is-content-justification-center is-layout-constrained wp-container-core-group-is-layout-4853c3a7 wp-block-group-is-layout-constrained\" style=\"margin-top:0;margin-bottom:0;padding-top:calc( 0.5 * var(u002du002dwpu002du002dstyleu002du002drootu002du002dpadding-right, var(u002du002dwpu002du002dcustomu002du002dgapu002du002dhorizontal)));padding-right:var(u002du002dwpu002du002dstyleu002du002drootu002du002dpadding-right, var(u002du002dwpu002du002dcustomu002du002dgapu002du002dhorizontal));padding-bottom:calc( 0.5 * var(u002du002dwpu002du002dstyleu002du002drootu002du002dpadding-right, var(u002du002dwpu002du002dcustomu002du002dgapu002du002dhorizontal)));padding-left:var(u002du002dwpu002du002dstyleu002du002drootu002du002dpadding-left, var(u002du002dwpu002du002dcustomu002du002dgapu002du002dhorizontal))\">\n<div style=\"height:calc( 0.25 * var(u002du002dwpu002du002dstyleu002du002drootu002du002dpadding-right, var(u002du002dwpu002du002dcustomu002du002dgapu002du002dhorizontal)))\" aria-hidden=\"true\" class=\"wp-block-spacer\"><\/div>\n\n\n\n<div class=\"wp-block-columns alignwide is-layout-flex wp-container-core-columns-is-layout-7387b849 wp-block-columns-is-layout-flex\">\n<div class=\"wp-block-column is-vertically-aligned-center is-layout-flow wp-block-column-is-layout-flow\">\n<figure class=\"wp-block-image size-full\"><img data-recalc-dims=\"1\" loading=\"lazy\" decoding=\"async\" width=\"532\" height=\"799\" src=\"https:\/\/i0.wp.com\/bno-travel.com\/wp-content\/uploads\/2025\/06\/18670754034_e10bf74a7e_c.jpg?resize=532%2C799&#038;ssl=1\" alt=\"\" class=\"wp-image-2265\" style=\"aspect-ratio:3\/4;object-fit:cover\" srcset=\"https:\/\/i0.wp.com\/bno-travel.com\/wp-content\/uploads\/2025\/06\/18670754034_e10bf74a7e_c.jpg?w=532&amp;ssl=1 532w, https:\/\/i0.wp.com\/bno-travel.com\/wp-content\/uploads\/2025\/06\/18670754034_e10bf74a7e_c.jpg?resize=200%2C300&amp;ssl=1 200w\" sizes=\"(max-width: 532px) 100vw, 532px\" \/><\/figure>\n<\/div>\n\n\n\n<div class=\"wp-block-column is-vertically-aligned-center is-layout-flow wp-block-column-is-layout-flow\">\n<p class=\"has-text-align-left wp-block-paragraph\"><\/p>\n\n\n\n<p class=\"wp-block-paragraph\"><strong>Proshoppen<\/strong> har alt, hvad du har brug for af golfudstyr, t\u00f8j og tilbeh\u00f8r - b\u00e5de til k\u00f8b og leje. Hvis du har brug for hj\u00e6lp til teknik eller udstyr, er vores kyndige personale og tr\u00e6nere klar til at hj\u00e6lpe. <\/p>\n\n\n\n<p class=\"has-text-align-left wp-block-paragraph\">Lige ved siden af driving rangen finder du ogs\u00e5 <strong>en fantastisk minigolfbane<\/strong> - perfekt til b\u00f8rnene eller som en social aktivitet for hele familien. Minigolfbanen har 9 sjove og udfordrende huller og er \u00e5ben for alle, ogs\u00e5 dem, der ikke spiller almindelig golf. <\/p>\n\n\n\n<p class=\"has-text-align-left wp-block-paragraph\">Trysil - Mere end bare golf<\/p>\n\n\n\n<p class=\"wp-block-paragraph\">N\u00e5r du ikke er p\u00e5 banen, byder Trysil p\u00e5 et v\u00e6ld af andre sommeraktiviteter: trailcykling i Trysil Bike Arena, vandreture i bjergene, fiskeri, kanosejlads og ridning. Efter en dag ude kan du nyde mad og drikke p\u00e5 lokale restauranter, slappe af i spaen eller udforske kulturlivet i Trysil bymidte. <\/p>\n\n\n\n<p class=\"has-text-align-left wp-block-paragraph\">Hvis du rejser med familien, er der ogs\u00e5 en klatrepark, legepladser, bademuligheder og aktivitetsomr\u00e5der, som g\u00f8r din ferie komplet for b\u00e5de store og sm\u00e5.<\/p>\n\n\n\n<p class=\"wp-block-paragraph\">Planl\u00e6g din golfferie med BNO TRAVEL<\/p>\n\n\n\n<p class=\"wp-block-paragraph\">BNO TRAVEL hj\u00e6lper dig med at planl\u00e6gge den perfekte golfoplevelse i Trysil. Vi hj\u00e6lper dig med at skr\u00e6ddersy din rejse med <a href=\"https:\/\/bno-travel.com\/da\/indkvartering\/\">overnatning<\/a>, greenfee, minigolf og aktiviteter - og s\u00f8rger for, at du f\u00e5r mest muligt ud af dit ophold, uanset om du rejser alene, med familien eller som en del af en gruppe. <\/p>\n\n\n\n<p class=\"wp-block-paragraph\"><strong>Book din golfferie til Trysil i dag<\/strong> - og find ud af, hvorfor flere og flere v\u00e6lger fjeldgolf med udsigt, frisk luft og kvalitet i alle led.<\/p>\n\n\n\n<div class=\"wp-block-buttons is-content-justification-center is-layout-flex wp-container-core-buttons-is-layout-3e41869c wp-block-buttons-is-layout-flex\"><\/div>\n<\/div>\n<\/div>\n\n\n\n<div style=\"height:calc( 0.25 * var(u002du002dwpu002du002dstyleu002du002drootu002du002dpadding-right, var(u002du002dwpu002du002dcustomu002du002dgapu002du002dhorizontal)))\" aria-hidden=\"true\" class=\"wp-block-spacer\"><\/div>\n<\/div>\n\n\n\n<div class=\"wp-block-group alignwide is-content-justification-left is-layout-constrained wp-container-core-group-is-layout-54d22900 wp-block-group-is-layout-constrained\">\n<div class=\"wp-block-buttons is-layout-flex wp-block-buttons-is-layout-flex\"><\/div>\n<\/div>\n<\/div>\n\n<div class=\"wp-block-group alignfull is-style-default is-content-justification-center is-layout-constrained wp-container-core-group-is-layout-cdf99998 wp-block-group-is-layout-constrained\" style=\"margin-top:0;margin-bottom:0;padding-top:var(--wp--preset--spacing--40);padding-bottom:var(--wp--preset--spacing--40)\"><\/div>\n\n<p class=\"wp-block-paragraph\"><\/p>\n","protected":false},"excerpt":{"rendered":"<p>Golf i Trysil og Engerdal - Spil med udsigt til fjelde, skove og stilhed Velkommen til Trysil og Engerdal - et sandt golfparadis i natursk\u00f8nne omgivelser! Her finder du velholdte baner, spektakul\u00e6re udsigter og rolige omgivelser, som giver en helt s\u00e6rlig golfoplevelse. Uanset om du er en erfaren golfspiller eller ny i sporten, tilbyder Trysil [&hellip;]<\/p>\n","protected":false},"author":260013438,"featured_media":0,"parent":0,"menu_order":0,"comment_status":"closed","ping_status":"closed","template":"","meta":{"_crdt_document":"","footnotes":""},"class_list":["post-4294","page","type-page","status-publish","hentry"],"jetpack_likes_enabled":true,"jetpack_sharing_enabled":true,"jetpack_shortlink":"https:\/\/wp.me\/PgDuwj-17g","jetpack-related-posts":[{"id":3341,"url":"https:\/\/bno-travel.com\/golf-i-trysil-banen-ligger-mellom-skog-og-fjell\/","url_meta":{"origin":4294,"position":0},"title":"Golf i Trysil","author":"Jan Terje \u00c5s","date":"18. juli 2025","format":false,"excerpt":"Golf i Trysil og Engerdal Spill med utsikt over fjell, skog og stillhet \u2013 i omgivelser som gj\u00f8r golfoppholdet til mer enn bare en runde p\u00e5 banen Trysil og Engerdal gir deg en golfopplevelse med frisk fjelluft, velholdte baner og en ro som gj\u00f8r hele oppholdet bedre. Her f\u00e5r du\u2026","rel":"","context":"Similar post","block_context":{"text":"Similar post","link":""},"img":{"alt_text":"","src":"","width":0,"height":0},"classes":[]},{"id":4395,"url":"https:\/\/bno-travel.com\/sv\/golf-i-trysil\/","url_meta":{"origin":4294,"position":1},"title":"Golf i Trysil","author":"Jan Terje \u00c5s","date":"18. juli 2025","format":false,"excerpt":"Golf i Trysil och Engerdal - Spela med utsikt \u00f6ver berg, skogar och tystnad V\u00e4lkommen till Trysil och Engerdal - ett riktigt golfparadis i natursk\u00f6na omgivningar! H\u00e4r hittar du v\u00e4lsk\u00f6tta banor, spektakul\u00e4ra vyer och rofyllda omgivningar som g\u00f6r golfupplevelsen till n\u00e5got alldeles extra. Oavsett om du \u00e4r en erfaren golfare\u2026","rel":"","context":"Similar post","block_context":{"text":"Similar post","link":""},"img":{"alt_text":"Golf i Trysil","src":"https:\/\/i0.wp.com\/bno-travel.com\/wp-content\/uploads\/2025\/06\/18670754034_e10bf74a7e_c.jpg?resize=350%2C200&ssl=1","width":350,"height":200,"srcset":"https:\/\/i0.wp.com\/bno-travel.com\/wp-content\/uploads\/2025\/06\/18670754034_e10bf74a7e_c.jpg?resize=350%2C200&ssl=1 1x, https:\/\/i0.wp.com\/bno-travel.com\/wp-content\/uploads\/2025\/06\/18670754034_e10bf74a7e_c.jpg?resize=525%2C300&ssl=1 1.5x"},"classes":[]},{"id":4302,"url":"https:\/\/bno-travel.com\/is\/golf-i-trysil\/","url_meta":{"origin":4294,"position":2},"title":"Golf \u00ed Trysil","author":"Jan Terje \u00c5s","date":"18. juli 2025","format":false,"excerpt":"Golf \u00ed Trysil og Engerdal \u2013 Spila\u00f0u me\u00f0 \u00fats\u00fdni yfir fj\u00f6ll, sk\u00f3ga og \u00fe\u00f6gn Velkomin til Trysil og Engerdal \u2013 sannkalla\u00f0rar golfparad\u00edsar \u00ed fallegu umhverfi! H\u00e9r finnur \u00fe\u00fa vel hirta golfvelli, st\u00f3rkostlegt \u00fats\u00fdni og fri\u00f0s\u00e6lt umhverfi sem veitir einstaka golfupplifun. Hvort sem \u00fe\u00fa ert vanur kylfingur e\u00f0a n\u00fdr \u00ed \u00ed\u00fer\u00f3ttinni,\u2026","rel":"","context":"Similar post","block_context":{"text":"Similar post","link":""},"img":{"alt_text":"Golf i Trysil","src":"https:\/\/i0.wp.com\/bno-travel.com\/wp-content\/uploads\/2025\/06\/18670754034_e10bf74a7e_c.jpg?resize=350%2C200&ssl=1","width":350,"height":200,"srcset":"https:\/\/i0.wp.com\/bno-travel.com\/wp-content\/uploads\/2025\/06\/18670754034_e10bf74a7e_c.jpg?resize=350%2C200&ssl=1 1x, https:\/\/i0.wp.com\/bno-travel.com\/wp-content\/uploads\/2025\/06\/18670754034_e10bf74a7e_c.jpg?resize=525%2C300&ssl=1 1.5x"},"classes":[]},{"id":4330,"url":"https:\/\/bno-travel.com\/pl\/golf-w-trysil\/","url_meta":{"origin":4294,"position":3},"title":"Golf w Trysil","author":"Jan Terje \u00c5s","date":"18. juli 2025","format":false,"excerpt":"Golf w Trysil i Engerdal - graj z widokiem na g\u00f3ry, lasy i cisz\u0119 Witamy w Trysil i Engerdal - prawdziwym golfowym raju w malowniczym otoczeniu! Tutaj znajdziesz dobrze utrzymane pola, spektakularne widoki i spokojne otoczenie, kt\u00f3re zapewniaj\u0105 wyj\u0105tkowe wra\u017cenia z gry w golfa. Niezale\u017cnie od tego, czy jeste\u015b do\u015bwiadczonym\u2026","rel":"","context":"Similar post","block_context":{"text":"Similar post","link":""},"img":{"alt_text":"Golf i Trysil","src":"https:\/\/i0.wp.com\/bno-travel.com\/wp-content\/uploads\/2025\/06\/18670754034_e10bf74a7e_c.jpg?resize=350%2C200&ssl=1","width":350,"height":200,"srcset":"https:\/\/i0.wp.com\/bno-travel.com\/wp-content\/uploads\/2025\/06\/18670754034_e10bf74a7e_c.jpg?resize=350%2C200&ssl=1 1x, https:\/\/i0.wp.com\/bno-travel.com\/wp-content\/uploads\/2025\/06\/18670754034_e10bf74a7e_c.jpg?resize=525%2C300&ssl=1 1.5x"},"classes":[]},{"id":4306,"url":"https:\/\/bno-travel.com\/en\/golf-in-trysil\/","url_meta":{"origin":4294,"position":4},"title":"Golf in Trysil","author":"Jan Terje \u00c5s","date":"18. juli 2025","format":false,"excerpt":"Golf in Trysil and Engerdal - Play with views of mountains, forests and silence Welcome to Trysil and Engerdal - a true golfing paradise in scenic surroundings! Here you'll find well-maintained courses, spectacular views and peaceful surroundings that make for a very special golfing experience. Whether you're an experienced golfer\u2026","rel":"","context":"Similar post","block_context":{"text":"Similar post","link":""},"img":{"alt_text":"Golf i Trysil","src":"https:\/\/i0.wp.com\/bno-travel.com\/wp-content\/uploads\/2025\/06\/18670754034_e10bf74a7e_c.jpg?resize=350%2C200&ssl=1","width":350,"height":200,"srcset":"https:\/\/i0.wp.com\/bno-travel.com\/wp-content\/uploads\/2025\/06\/18670754034_e10bf74a7e_c.jpg?resize=350%2C200&ssl=1 1x, https:\/\/i0.wp.com\/bno-travel.com\/wp-content\/uploads\/2025\/06\/18670754034_e10bf74a7e_c.jpg?resize=525%2C300&ssl=1 1.5x"},"classes":[]},{"id":2836,"url":"https:\/\/bno-travel.com\/da\/oplev-trysil-hele-aret-rundt-for-aktive-feriegaester\/","url_meta":{"origin":4294,"position":5},"title":"Oplev Trysil: Hele \u00e5ret rundt for aktive ferieg\u00e6ster","author":"Jan Terje \u00c5s","date":"18. juli 2025","format":false,"excerpt":"Oplev Trysil \u2605\u2605\u2605\u2605\u2605 Her finder du overnatningsmuligheder i Trysil Trysil er ikke kun Norges st\u00f8rste skidestination - det er ogs\u00e5 et paradis for aktive g\u00e6ster, familier og naturelskere \u00e5ret rundt. Uanset om du bes\u00f8ger bjerget for at f\u00e5 fart og sp\u00e6nding, afslapning eller kvalitetstid med familien, vil du finde oplevelser,\u2026","rel":"","context":"Similar post","block_context":{"text":"Similar post","link":""},"img":{"alt_text":"Opplev Trysil","src":"https:\/\/i0.wp.com\/bno-travel.com\/wp-content\/uploads\/2025\/07\/20.06.19_Dronebilder-Sentrum_FULLSIZE-2.jpg?resize=350%2C200&ssl=1","width":350,"height":200,"srcset":"https:\/\/i0.wp.com\/bno-travel.com\/wp-content\/uploads\/2025\/07\/20.06.19_Dronebilder-Sentrum_FULLSIZE-2.jpg?resize=350%2C200&ssl=1 1x, https:\/\/i0.wp.com\/bno-travel.com\/wp-content\/uploads\/2025\/07\/20.06.19_Dronebilder-Sentrum_FULLSIZE-2.jpg?resize=525%2C300&ssl=1 1.5x, https:\/\/i0.wp.com\/bno-travel.com\/wp-content\/uploads\/2025\/07\/20.06.19_Dronebilder-Sentrum_FULLSIZE-2.jpg?resize=700%2C400&ssl=1 2x, https:\/\/i0.wp.com\/bno-travel.com\/wp-content\/uploads\/2025\/07\/20.06.19_Dronebilder-Sentrum_FULLSIZE-2.jpg?resize=1050%2C600&ssl=1 3x, https:\/\/i0.wp.com\/bno-travel.com\/wp-content\/uploads\/2025\/07\/20.06.19_Dronebilder-Sentrum_FULLSIZE-2.jpg?resize=1400%2C800&ssl=1 4x"},"classes":[]}],"_links":{"self":[{"href":"https:\/\/bno-travel.com\/da\/wp-json\/wp\/v2\/pages\/4294","targetHints":{"allow":["GET"]}}],"collection":[{"href":"https:\/\/bno-travel.com\/da\/wp-json\/wp\/v2\/pages"}],"about":[{"href":"https:\/\/bno-travel.com\/da\/wp-json\/wp\/v2\/types\/page"}],"author":[{"embeddable":true,"href":"https:\/\/bno-travel.com\/da\/wp-json\/wp\/v2\/users\/260013438"}],"replies":[{"embeddable":true,"href":"https:\/\/bno-travel.com\/da\/wp-json\/wp\/v2\/comments?post=4294"}],"version-history":[{"count":4,"href":"https:\/\/bno-travel.com\/da\/wp-json\/wp\/v2\/pages\/4294\/revisions"}],"predecessor-version":[{"id":5245,"href":"https:\/\/bno-travel.com\/da\/wp-json\/wp\/v2\/pages\/4294\/revisions\/5245"}],"wp:attachment":[{"href":"https:\/\/bno-travel.com\/da\/wp-json\/wp\/v2\/media?parent=4294"}],"curies":[{"name":"wp","href":"https:\/\/api.w.org\/{rel}","templated":true}]}}