{"id":4319,"date":"2025-10-11T13:38:52","date_gmt":"2025-10-11T11:38:52","guid":{"rendered":"https:\/\/bno-travel.com\/?page_id=4319"},"modified":"2025-10-11T13:39:23","modified_gmt":"2025-10-11T11:39:23","slug":"snescootere-i-trysil","status":"publish","type":"page","link":"https:\/\/bno-travel.com\/da\/snescootere-i-trysil\/","title":{"rendered":"Snescootere i Trysil"},"content":{"rendered":"\n<p class=\"wp-block-paragraph\"><\/p>\n\n<div class=\"wp-block-cover alignfull\" style=\"margin-top:0;margin-bottom:0;padding-top:var(--wp--preset--spacing--20);padding-right:var(--wp--preset--spacing--40);padding-bottom:var(--wp--preset--spacing--20);padding-left:var(--wp--preset--spacing--40);min-height:916px;aspect-ratio:unset;\"><img data-recalc-dims=\"1\" fetchpriority=\"high\" decoding=\"async\" width=\"800\" height=\"534\" class=\"wp-block-cover__image-background wp-image-3280 size-large\" alt=\"Sn\u00f8scooter i Trysil\" src=\"https:\/\/i0.wp.com\/bno-travel.com\/wp-content\/uploads\/2025\/07\/10000-4718.jpg?resize=800%2C534&#038;ssl=1\" style=\"object-position:49% 68%\" data-object-fit=\"cover\" data-object-position=\"49% 68%\" srcset=\"https:\/\/i0.wp.com\/bno-travel.com\/wp-content\/uploads\/2025\/07\/10000-4718.jpg?resize=1024%2C683&amp;ssl=1 1024w, https:\/\/i0.wp.com\/bno-travel.com\/wp-content\/uploads\/2025\/07\/10000-4718.jpg?resize=300%2C200&amp;ssl=1 300w, https:\/\/i0.wp.com\/bno-travel.com\/wp-content\/uploads\/2025\/07\/10000-4718.jpg?resize=768%2C512&amp;ssl=1 768w, https:\/\/i0.wp.com\/bno-travel.com\/wp-content\/uploads\/2025\/07\/10000-4718.jpg?resize=1536%2C1024&amp;ssl=1 1536w, https:\/\/i0.wp.com\/bno-travel.com\/wp-content\/uploads\/2025\/07\/10000-4718.jpg?resize=2048%2C1365&amp;ssl=1 2048w, https:\/\/i0.wp.com\/bno-travel.com\/wp-content\/uploads\/2025\/07\/10000-4718.jpg?w=1600&amp;ssl=1 1600w, https:\/\/i0.wp.com\/bno-travel.com\/wp-content\/uploads\/2025\/07\/10000-4718.jpg?w=2400&amp;ssl=1 2400w\" sizes=\"(max-width: 800px) 100vw, 800px\" \/><span aria-hidden=\"true\" class=\"wp-block-cover__background has-theme-1-background-color has-background-dim-30 has-background-dim\"><\/span><div class=\"wp-block-cover__inner-container is-layout-flow wp-block-cover-is-layout-flow\">\n<div style=\"height:var(--wp--preset--spacing--50)\" aria-hidden=\"true\" class=\"wp-block-spacer\"><\/div>\n\n\n\n<div class=\"wp-block-group is-layout-constrained wp-block-group-is-layout-constrained\">\n<p class=\"has-text-align-center wp-block-paragraph\"><\/p>\n\n\n\n<div class=\"wp-block-buttons is-content-justification-center is-layout-flex wp-container-core-buttons-is-layout-3e41869c wp-block-buttons-is-layout-flex\"><\/div>\n<\/div>\n\n\n\n<div style=\"height:var(--wp--preset--spacing--50)\" aria-hidden=\"true\" class=\"wp-block-spacer\"><\/div>\n<\/div><\/div>\n\n<div class=\"wp-block-group alignfull is-style-section-3 is-layout-constrained wp-block-group-is-layout-constrained\" style=\"margin-top:0;margin-bottom:0;padding-top:var(--wp--preset--spacing--40);padding-bottom:var(--wp--preset--spacing--40)\">\n<div class=\"wp-block-columns alignwide are-vertically-aligned-center is-layout-flex wp-container-core-columns-is-layout-d9ad523d wp-block-columns-is-layout-flex\">\n<div class=\"wp-block-column is-vertically-aligned-center is-layout-flow wp-block-column-is-layout-flow\">\n<figure class=\"wp-block-image size-full\"><img data-recalc-dims=\"1\" decoding=\"async\" width=\"800\" height=\"533\" src=\"https:\/\/i0.wp.com\/bno-travel.com\/wp-content\/uploads\/2025\/07\/10001-4897.jpg?resize=800%2C533&#038;ssl=1\" alt=\"Snescootere i Trysil og Engerdal\" class=\"wp-image-3293\" style=\"aspect-ratio:3\/4;object-fit:cover\" title=\"titel\" srcset=\"https:\/\/i0.wp.com\/bno-travel.com\/wp-content\/uploads\/2025\/07\/10001-4897.jpg?w=5025&amp;ssl=1 5025w, https:\/\/i0.wp.com\/bno-travel.com\/wp-content\/uploads\/2025\/07\/10001-4897.jpg?resize=300%2C200&amp;ssl=1 300w, https:\/\/i0.wp.com\/bno-travel.com\/wp-content\/uploads\/2025\/07\/10001-4897.jpg?resize=1024%2C683&amp;ssl=1 1024w, https:\/\/i0.wp.com\/bno-travel.com\/wp-content\/uploads\/2025\/07\/10001-4897.jpg?resize=768%2C512&amp;ssl=1 768w, https:\/\/i0.wp.com\/bno-travel.com\/wp-content\/uploads\/2025\/07\/10001-4897.jpg?resize=1536%2C1024&amp;ssl=1 1536w, https:\/\/i0.wp.com\/bno-travel.com\/wp-content\/uploads\/2025\/07\/10001-4897.jpg?resize=2048%2C1365&amp;ssl=1 2048w, https:\/\/i0.wp.com\/bno-travel.com\/wp-content\/uploads\/2025\/07\/10001-4897.jpg?w=1600&amp;ssl=1 1600w, https:\/\/i0.wp.com\/bno-travel.com\/wp-content\/uploads\/2025\/07\/10001-4897.jpg?w=2400&amp;ssl=1 2400w\" sizes=\"(max-width: 800px) 100vw, 800px\" \/><\/figure>\n<\/div>\n\n\n\n<div class=\"wp-block-column is-vertically-aligned-center is-content-justification-left is-layout-constrained wp-container-core-column-is-layout-b64f6bf5 wp-block-column-is-layout-constrained\">\n<p class=\"wp-block-paragraph\"><\/p>\n\n\n\n<h2 class=\"wp-block-heading\">Snescooterk\u00f8rsel i Trysil og Engerdal - tempofyldte eventyr i vild norsk natur<\/h2>\n\n\n\n<p class=\"wp-block-paragraph\">Velkommen til Trysil og Engerdal - to af Norges smukkeste snescooteromr\u00e5der, hvor du kan opleve et \u00e6gte vintereventyr p\u00e5 snescooter! Her finder du kilometervis af skiltede l\u00f8jper, professionelle guidede ture og mulighed for at leje en snescooter for en dag eller en weekend. Uanset om du er ude efter fart, naturoplevelser eller bare vil pr\u00f8ve noget nyt - snescooterk\u00f8rsel er et fantastisk alternativ til skil\u00f8b og snowboarding.  <\/p>\n\n\n\n<p class=\"wp-block-paragraph\"><strong>BNO TRAVEL<\/strong> hj\u00e6lper dig med at planl\u00e6gge din snescootertur fra start til slut - med overnatning, snescooterleje, guide og transport. Alt er tilrettelagt, s\u00e5 du f\u00e5r en sikker, sjov og uforglemmelig oplevelse i vinterbjergene.   <\/p>\n\n\n\n<p class=\"wp-block-paragraph\">Tre omr\u00e5der at udforske p\u00e5 snescooter<\/p>\n\n\n\n<p class=\"wp-block-paragraph\">1. Engerdal snescooter-l\u00f8jper<\/p>\n\n\n\n<p class=\"wp-block-paragraph\">Norges mest omfattende netv\u00e6rk af snescooterl\u00f8jper. L\u00f8jperne g\u00e5r gennem skove, over fjelde og s\u00f8er - med storsl\u00e5ede udsigter og velorganiseret k\u00f8rsel. <\/p>\n\n\n\n<p class=\"wp-block-paragraph\">2. Drevsj\u00f8 og Femund<\/p>\n\n\n\n<p class=\"wp-block-paragraph\">Snescooterture gennem nationalromantisk bjergnatur og t\u00e6t p\u00e5 Femundsmarka. Velegnet til dem, der er p\u00e5 udkig efter langdistanceture og vildmarkskarakter. <\/p>\n\n\n\n<p class=\"wp-block-paragraph\">3. Trysil naboomr\u00e5de<\/p>\n\n\n\n<p class=\"wp-block-paragraph\">Organiserede guidede ture i n\u00e6rheden af Trysilfjellet. Perfekt for dem, der \u00f8nsker at kombinere en skiferie med en ny og anderledes vinteraktivitet. <\/p>\n\n\n\n<div class=\"wp-block-buttons is-layout-flex wp-block-buttons-is-layout-flex\"><\/div>\n<\/div>\n<\/div>\n<\/div>\n\n<div class=\"wp-block-group alignfull is-style-default is-content-justification-center is-layout-constrained wp-container-core-group-is-layout-69af11d0 wp-block-group-is-layout-constrained\" style=\"margin-top:0;margin-bottom:0;padding-top:var(--wp--preset--spacing--40);padding-bottom:var(--wp--preset--spacing--40)\">\n<div class=\"wp-block-group alignwide is-content-justification-left is-layout-constrained wp-container-core-group-is-layout-54d22900 wp-block-group-is-layout-constrained\">\n<p class=\"wp-block-paragraph\">Snescooterture og <a href=\"https:\/\/www.trysilbb.no\/#forside\" target=\"_blank\" rel=\"noopener\">snescooterudlejning<\/a><\/p>\n\n\n\n<p class=\"wp-block-paragraph\">Du kan v\u00e6lge mellem:<\/p>\n\n\n\n<ul class=\"wp-block-list\">\n<li><strong>Guidede ture<\/strong> p\u00e5 1-4 timer<\/li>\n\n\n\n<li><strong>Heldagsoplevelser<\/strong> med madpauser og stop ved udsigtspunkter<\/li>\n\n\n\n<li><strong>Scooterudlejning<\/strong>, hvor du k\u00f8rer p\u00e5 egen h\u00e5nd i afm\u00e6rkede spor (i Engerdal)<\/li>\n\n\n\n<li>Kombinationspakker med <strong>isfiskeri, frokost i vildmarken eller overnatning<\/strong><\/li>\n<\/ul>\n\n\n\n<p class=\"wp-block-paragraph\">Alle ture starter fra etablerede baseomr\u00e5der med gode faciliteter og parkering. BNO TRAVEL samarbejder med p\u00e5lidelige lokale operat\u00f8rer om scooterudlejning og guidning. <\/p>\n\n\n\n<div class=\"wp-block-buttons is-layout-flex wp-block-buttons-is-layout-flex\"><\/div>\n<\/div>\n<\/div>\n\n<div class=\"wp-block-group alignfull is-content-justification-center is-layout-constrained wp-block-group-is-layout-constrained\" style=\"margin-top:0;margin-bottom:0;padding-top:var(--wp--preset--spacing--40);padding-bottom:var(--wp--preset--spacing--40)\">\n<div class=\"wp-block-columns alignwide are-vertically-aligned-center is-layout-flex wp-container-core-columns-is-layout-7387b849 wp-block-columns-is-layout-flex\">\n<div class=\"wp-block-column is-vertically-aligned-center is-content-justification-left is-layout-constrained wp-container-core-column-is-layout-b64f6bf5 wp-block-column-is-layout-constrained\">\n<h2 class=\"wp-block-heading has-xx-large-font-size\">Fakta om snescooteroplevelser i Trysil og Engerdal<\/h2>\n\n\n\n<p class=\"wp-block-paragraph\">Trysil og is\u00e6r nabokommunen Engerdal er kendt for sine lovlige og velorganiserede snescooterl\u00f8jper. Her er nogle af h\u00f8jdepunkterne: <\/p>\n\n\n\n<ul class=\"wp-block-list\">\n<li><strong>Over 300 km afm\u00e6rkede snescooterl\u00f8jper<\/strong> i Engerdal<\/li>\n\n\n\n<li><strong>Organiserede snescooterture<\/strong> med erfarne guider<\/li>\n\n\n\n<li><strong>Udlejning af snescootere<\/strong> til b\u00e5de dags- og weekendleje<\/li>\n\n\n\n<li><strong>Sikre stier<\/strong> i bjerge, skove og over frossent vand<\/li>\n\n\n\n<li><strong>Begyndervenlige<\/strong>, men ogs\u00e5 udfordrende ruter for erfarne bilister<\/li>\n\n\n\n<li><strong>Passagermulighed<\/strong>, perfekt til par eller for\u00e6ldre med b\u00f8rn<\/li>\n<\/ul>\n\n\n\n<p class=\"wp-block-paragraph\">Al k\u00f8rsel foreg\u00e5r p\u00e5 godkendte snescooterstier, og sikkerhedsudstyr er inkluderet i lejen. Du skal have et gyldigt k\u00f8rekort til bil (klasse B), og der tilbydes undervisning, hvis det er n\u00f8dvendigt. Gondolen giver komfortabel, vejrbeskyttet transport fra dalen til toppen - perfekt til b\u00e5de skientusiaster og familier. Gondolen vil styrke forbindelsen mellem forskellige dele af bjerget og forbedre flowet p\u00e5 feriestedet, is\u00e6r i h\u00f8js\u00e6sonen.  <\/p>\n\n\n\n<p class=\"wp-block-paragraph\">Trysil og Engerdal - mere end bare skil\u00f8b<\/p>\n\n\n\n<p class=\"wp-block-paragraph\">Snescootere er et godt alternativ eller supplement til klassiske vinteraktiviteter som skil\u00f8b og snowboarding. Oplev bjergene p\u00e5 en ny m\u00e5de - med fart, sp\u00e6nding og kontakt med naturen. Efter turen kan du slappe af i en varm sauna, spise lokal mad eller nyde stilheden i bjergene ved pejsen.  <\/p>\n\n\n\n<div class=\"wp-block-buttons is-layout-flex wp-block-buttons-is-layout-flex\"><\/div>\n<\/div>\n\n\n\n<div class=\"wp-block-column is-vertically-aligned-center is-layout-flow wp-block-column-is-layout-flow\">\n<figure class=\"wp-block-image size-full\"><img data-recalc-dims=\"1\" decoding=\"async\" width=\"800\" height=\"533\" src=\"https:\/\/i0.wp.com\/bno-travel.com\/wp-content\/uploads\/2025\/07\/10001-4880.jpg?resize=800%2C533&#038;ssl=1\" alt=\"Guidet snescootertur med fart og sjov\" class=\"wp-image-3309\" style=\"aspect-ratio:3\/4;object-fit:cover\" srcset=\"https:\/\/i0.wp.com\/bno-travel.com\/wp-content\/uploads\/2025\/07\/10001-4880.jpg?w=3699&amp;ssl=1 3699w, https:\/\/i0.wp.com\/bno-travel.com\/wp-content\/uploads\/2025\/07\/10001-4880.jpg?resize=300%2C200&amp;ssl=1 300w, https:\/\/i0.wp.com\/bno-travel.com\/wp-content\/uploads\/2025\/07\/10001-4880.jpg?resize=1024%2C683&amp;ssl=1 1024w, https:\/\/i0.wp.com\/bno-travel.com\/wp-content\/uploads\/2025\/07\/10001-4880.jpg?resize=768%2C512&amp;ssl=1 768w, https:\/\/i0.wp.com\/bno-travel.com\/wp-content\/uploads\/2025\/07\/10001-4880.jpg?resize=1536%2C1024&amp;ssl=1 1536w, https:\/\/i0.wp.com\/bno-travel.com\/wp-content\/uploads\/2025\/07\/10001-4880.jpg?resize=2048%2C1365&amp;ssl=1 2048w, https:\/\/i0.wp.com\/bno-travel.com\/wp-content\/uploads\/2025\/07\/10001-4880.jpg?w=1600&amp;ssl=1 1600w, https:\/\/i0.wp.com\/bno-travel.com\/wp-content\/uploads\/2025\/07\/10001-4880.jpg?w=2400&amp;ssl=1 2400w\" sizes=\"(max-width: 800px) 100vw, 800px\" \/><\/figure>\n<\/div>\n<\/div>\n<\/div>\n\n<div class=\"wp-block-group alignfull is-style-default is-content-justification-center is-layout-constrained wp-container-core-group-is-layout-69af11d0 wp-block-group-is-layout-constrained\" style=\"margin-top:0;margin-bottom:0;padding-top:var(--wp--preset--spacing--40);padding-bottom:var(--wp--preset--spacing--40)\">\n<div class=\"wp-block-group alignfull is-content-justification-center is-layout-constrained wp-container-core-group-is-layout-81aa85af wp-block-group-is-layout-constrained\" style=\"margin-top:0;margin-bottom:0;padding-top:calc( 0.5 * var(--wp--style--root--padding-right, var(--wp--custom--gap--horizontal)));padding-right:var(--wp--style--root--padding-right, var(--wp--custom--gap--horizontal));padding-bottom:calc( 0.5 * var(--wp--style--root--padding-right, var(--wp--custom--gap--horizontal)));padding-left:var(--wp--style--root--padding-left, var(--wp--custom--gap--horizontal))\">\n<div style=\"height:calc( 0.25 * var(--wp--style--root--padding-right, var(--wp--custom--gap--horizontal)))\" aria-hidden=\"true\" class=\"wp-block-spacer\"><\/div>\n\n\n\n<div class=\"wp-block-columns alignwide is-layout-flex wp-container-core-columns-is-layout-7387b849 wp-block-columns-is-layout-flex\">\n<div class=\"wp-block-column is-vertically-aligned-center is-layout-flow wp-block-column-is-layout-flow\">\n<figure class=\"wp-block-image size-full\"><img data-recalc-dims=\"1\" decoding=\"async\" src=\"https:\/\/i0.wp.com\/bno-travel.com\/wp-content\/uploads\/2025\/07\/IMG_3633-%E2%80%93-Kopi.jpg?w=800&#038;ssl=1\" alt=\"V&#xE6;relse 726 kombineret med snescooter\" class=\"wp-image-3324\" style=\"aspect-ratio:3\/4;object-fit:cover\"\/><\/figure>\n<\/div>\n\n\n\n<div class=\"wp-block-column is-vertically-aligned-center is-layout-flow wp-block-column-is-layout-flow\">\n<p class=\"has-text-align-left wp-block-paragraph\">Unik indkvartering kombineret med snescooter (Kommer snart)<\/p>\n\n\n\n<p class=\"wp-block-paragraph\">Snart kan du opleve noget helt unikt i Engerdal! <strong>Room 726<\/strong> er en ny og eksklusiv overnatningsoplevelse, som vil kunne lejes - midt i naturen og lige ved snescootersporene. Det er hotelv\u00e6relser ude i vildmarken, hvor man kombinerer komfort med \u00e6gte n\u00e6rhed til naturen. <\/p>\n\n\n\n<p class=\"wp-block-paragraph\">Her f\u00e5r du <strong>hotelstandard med eget badev\u00e6relse, bl\u00f8de senge, sauna og udsigt over skoven<\/strong> samt direkte adgang til snescooterspor og vintereventyr. Perfekt til dig, der vil opleve bjergene p\u00e5 en anderledes m\u00e5de - uanset om du rejser med din k\u00e6reste, venner eller bare vil slappe af. <\/p>\n\n\n\n<p class=\"has-text-align-left wp-block-paragraph\">Med <strong>v\u00e6relse 726<\/strong> f\u00e5r du ro, luksus og en \u00e6gte vildmarksf\u00f8lelse i \u00e9n og samme pakke. Snart kan du booke dette helt s\u00e6rlige v\u00e6relse via BNO TRAVEL - og opleve Engerdal p\u00e5 en m\u00e5de, du aldrig vil glemme. <\/p>\n\n\n\n<p class=\"has-text-align-left wp-block-paragraph\">Planl\u00e6g din snescootertur med BNO TRAVEL<\/p>\n\n\n\n<p class=\"wp-block-paragraph\">BNO TRAVEL skr\u00e6ddersyr snescooteroplevelser for enkeltpersoner, par, familier og grupper. Vi hj\u00e6lper dig med at booke din snescooter, guide og <a href=\"https:\/\/bno-travel.com\/da\/indkvartering\/\">indkvartering<\/a> - og du kan v\u00e6re sikker p\u00e5, at vi er klar til at hj\u00e6lpe dig. <\/p>\n\n\n\n<p class=\"has-text-align-left wp-block-paragraph\"><strong>Book din snescootertur i Trysil og Engerdal i dag<\/strong>, og oplev en vinteraktivitet ud over det s\u00e6dvanlige!<\/p>\n\n\n\n<div class=\"wp-block-buttons is-content-justification-center is-layout-flex wp-container-core-buttons-is-layout-3e41869c wp-block-buttons-is-layout-flex\"><\/div>\n<\/div>\n<\/div>\n\n\n\n<div style=\"height:calc( 0.25 * var(--wp--style--root--padding-right, var(--wp--custom--gap--horizontal)))\" aria-hidden=\"true\" class=\"wp-block-spacer\"><\/div>\n<\/div>\n\n\n\n<div class=\"wp-block-group alignwide is-content-justification-left is-layout-constrained wp-container-core-group-is-layout-54d22900 wp-block-group-is-layout-constrained\">\n<div class=\"wp-block-buttons is-layout-flex wp-block-buttons-is-layout-flex\"><\/div>\n<\/div>\n<\/div>\n\n<div class=\"wp-block-group alignfull is-style-default is-content-justification-center is-layout-constrained wp-container-core-group-is-layout-cdf99998 wp-block-group-is-layout-constrained\" style=\"margin-top:0;margin-bottom:0;padding-top:var(--wp--preset--spacing--40);padding-bottom:var(--wp--preset--spacing--40)\"><\/div>\n\n<p class=\"wp-block-paragraph\"><\/p>\n","protected":false},"excerpt":{"rendered":"<p>Snescooterk\u00f8rsel i Trysil og Engerdal - tempofyldte eventyr i vild norsk natur Velkommen til Trysil og Engerdal - to af Norges smukkeste snescooteromr\u00e5der, hvor du kan opleve et \u00e6gte vintereventyr p\u00e5 snescooter! Her finder du kilometervis af skiltede l\u00f8jper, professionelle guidede ture og mulighed for at leje en snescooter for en dag eller en weekend. [&hellip;]<\/p>\n","protected":false},"author":260013438,"featured_media":0,"parent":0,"menu_order":0,"comment_status":"closed","ping_status":"closed","template":"","meta":{"_crdt_document":"","footnotes":""},"class_list":["post-4319","page","type-page","status-publish","hentry"],"jetpack_likes_enabled":true,"jetpack_sharing_enabled":true,"jetpack_shortlink":"https:\/\/wp.me\/PgDuwj-17F","jetpack-related-posts":[{"id":2836,"url":"https:\/\/bno-travel.com\/da\/oplev-trysil-hele-aret-rundt-for-aktive-feriegaester\/","url_meta":{"origin":4319,"position":0},"title":"Oplev Trysil: Hele \u00e5ret rundt for aktive ferieg\u00e6ster","author":"Jan Terje \u00c5s","date":"18. juli 2025","format":false,"excerpt":"Oplev Trysil \u2605\u2605\u2605\u2605\u2605 Her finder du overnatningsmuligheder i Trysil Trysil er ikke kun Norges st\u00f8rste skidestination - det er ogs\u00e5 et paradis for aktive g\u00e6ster, familier og naturelskere \u00e5ret rundt. Uanset om du bes\u00f8ger bjerget for at f\u00e5 fart og sp\u00e6nding, afslapning eller kvalitetstid med familien, vil du finde oplevelser,\u2026","rel":"","context":"Similar post","block_context":{"text":"Similar post","link":""},"img":{"alt_text":"Opplev Trysil","src":"https:\/\/i0.wp.com\/bno-travel.com\/wp-content\/uploads\/2025\/07\/20.06.19_Dronebilder-Sentrum_FULLSIZE-2.jpg?resize=350%2C200&ssl=1","width":350,"height":200,"srcset":"https:\/\/i0.wp.com\/bno-travel.com\/wp-content\/uploads\/2025\/07\/20.06.19_Dronebilder-Sentrum_FULLSIZE-2.jpg?resize=350%2C200&ssl=1 1x, https:\/\/i0.wp.com\/bno-travel.com\/wp-content\/uploads\/2025\/07\/20.06.19_Dronebilder-Sentrum_FULLSIZE-2.jpg?resize=525%2C300&ssl=1 1.5x, https:\/\/i0.wp.com\/bno-travel.com\/wp-content\/uploads\/2025\/07\/20.06.19_Dronebilder-Sentrum_FULLSIZE-2.jpg?resize=700%2C400&ssl=1 2x, https:\/\/i0.wp.com\/bno-travel.com\/wp-content\/uploads\/2025\/07\/20.06.19_Dronebilder-Sentrum_FULLSIZE-2.jpg?resize=1050%2C600&ssl=1 3x, https:\/\/i0.wp.com\/bno-travel.com\/wp-content\/uploads\/2025\/07\/20.06.19_Dronebilder-Sentrum_FULLSIZE-2.jpg?resize=1400%2C800&ssl=1 4x"},"classes":[]},{"id":4019,"url":"https:\/\/bno-travel.com\/da\/snescootere-i-salen\/","url_meta":{"origin":4319,"position":1},"title":"Snescootere i S\u00e4len","author":"Jan Terje \u00c5s","date":"18. juli 2025","format":false,"excerpt":"Snescooterk\u00f8rsel i S\u00e4len - fartfyldte eventyr i \u00e6gte svensk fjeldnatur Velkommen til S\u00e4len - en af Sveriges mest popul\u00e6re vinterdestinationer, hvor du ikke kun kan st\u00e5 p\u00e5 ski, men ogs\u00e5 opleve adrenalin og frihed p\u00e5 snescooter! Her finder du godkendte snescooterl\u00f8jper, smuk fjeldnatur og mulighed for at deltage i guidede\u2026","rel":"","context":"Similar post","block_context":{"text":"Similar post","link":""},"img":{"alt_text":"Sn\u00f8scooter BNO TRAVEL","src":"https:\/\/i0.wp.com\/bno-travel.com\/wp-content\/uploads\/2025\/07\/10000-5116.jpg?resize=350%2C200&ssl=1","width":350,"height":200,"srcset":"https:\/\/i0.wp.com\/bno-travel.com\/wp-content\/uploads\/2025\/07\/10000-5116.jpg?resize=350%2C200&ssl=1 1x, https:\/\/i0.wp.com\/bno-travel.com\/wp-content\/uploads\/2025\/07\/10000-5116.jpg?resize=525%2C300&ssl=1 1.5x, https:\/\/i0.wp.com\/bno-travel.com\/wp-content\/uploads\/2025\/07\/10000-5116.jpg?resize=700%2C400&ssl=1 2x, https:\/\/i0.wp.com\/bno-travel.com\/wp-content\/uploads\/2025\/07\/10000-5116.jpg?resize=1050%2C600&ssl=1 3x, https:\/\/i0.wp.com\/bno-travel.com\/wp-content\/uploads\/2025\/07\/10000-5116.jpg?resize=1400%2C800&ssl=1 4x"},"classes":[]},{"id":28397,"url":"https:\/\/bno-travel.com\/overnatting-i-trysil\/","url_meta":{"origin":4319,"position":2},"title":"overnatting-i-trysil","author":"Jan Terje \u00c5s","date":"4. april 2026","format":false,"excerpt":"Destinasjon \u00b7 Trysil Overnatting i Trysil med tilgang til omr\u00e5dene som passer best for reisen din Utforsk omr\u00e5der i Trysil som Trysil Turistsenter, Trysil Sentrum, Trysilfjell Hytteomr\u00e5de og Fager\u00e5sen \/ Trysil H\u00f8yfjellssenter \u2013 og finn et opphold som passer reisen din. Se omr\u00e5der i Trysil Oppdag Trysil Finn riktig omr\u00e5de\u2026","rel":"","context":"Similar post","block_context":{"text":"Similar post","link":""},"img":{"alt_text":"","src":"","width":0,"height":0},"classes":[]},{"id":28457,"url":"https:\/\/bno-travel.com\/pl\/elementor-28397\/","url_meta":{"origin":4319,"position":3},"title":"Elementor #28397","author":"Jan Terje \u00c5s","date":"4. april 2026","format":false,"excerpt":"Miejsce docelowe - Trysil Zakwaterowanie w Trysil z dost\u0119pem do obszar\u00f3w najbardziej odpowiednich do podr\u00f3\u017cy Trysil - odkryj takie miejsca jak Trysil Turistsenter, Trysil Sentrum, Trysilfjell Hytteomr\u00e5de i Fager\u00e5sen \/ Trysil H\u00f8yfjellssenter i znajd\u017a nocleg odpowiedni dla Twojej podr\u00f3\u017cy. Zobacz obszary w Trysil Odkryj Trysil Znajd\u017a odpowiedni obszar dla zakwaterowania\u2026","rel":"","context":"Similar post","block_context":{"text":"Similar post","link":""},"img":{"alt_text":"","src":"","width":0,"height":0},"classes":[]},{"id":1951,"url":"https:\/\/bno-travel.com\/trysil-turistsenter-sentral-overnatting-i-trysil\/","url_meta":{"origin":4319,"position":4},"title":"Trysil Turistsenter","author":"Jan Terje \u00c5s","date":"18. juli 2025","format":false,"excerpt":"Trysil \u00b7 Hovedomr\u00e5de Trysil Turistsenter \u2013 overnatting i Trysil med kort vei til aktiviteter, skiskole og skiutleie Trysil Turistsenter er et av de mest popul\u00e6re omr\u00e5dene for overnatting i Trysil, med n\u00e6rhet til aktivitet, servicetilbud og et godt utgangspunkt for b\u00e5de vinter- og sommeropphold. Se enheter Se kart Bo sentralt\u2026","rel":"","context":"Similar post","block_context":{"text":"Similar post","link":""},"img":{"alt_text":"","src":"","width":0,"height":0},"classes":[]},{"id":2950,"url":"https:\/\/bno-travel.com\/pl\/centrum-turystyczne-trysil\/","url_meta":{"origin":4319,"position":5},"title":"Centrum turystyczne Trysil","author":"Jan Terje \u00c5s","date":"18. juli 2025","format":false,"excerpt":"Trysil - obszar g\u0142\u00f3wny Trysil Turistsenter - zakwaterowanie w Trysil z \u0142atwym dost\u0119pem do atrakcji, szk\u00f3\u0142ki narciarskiej i wypo\u017cyczalni sprz\u0119tu narciarskiego Trysil Turistsenter to jeden z najpopularniejszych obszar\u00f3w zakwaterowania w Trysil, z blisko\u015bci\u0105 atrakcji, us\u0142ug i dobr\u0105 baz\u0105 wypadow\u0105 zar\u00f3wno na zimowe, jak i letnie pobyty. Zobacz urz\u0105dzenia Zobacz map\u0119\u2026","rel":"","context":"Similar post","block_context":{"text":"Similar post","link":""},"img":{"alt_text":"","src":"","width":0,"height":0},"classes":[]}],"_links":{"self":[{"href":"https:\/\/bno-travel.com\/da\/wp-json\/wp\/v2\/pages\/4319","targetHints":{"allow":["GET"]}}],"collection":[{"href":"https:\/\/bno-travel.com\/da\/wp-json\/wp\/v2\/pages"}],"about":[{"href":"https:\/\/bno-travel.com\/da\/wp-json\/wp\/v2\/types\/page"}],"author":[{"embeddable":true,"href":"https:\/\/bno-travel.com\/da\/wp-json\/wp\/v2\/users\/260013438"}],"replies":[{"embeddable":true,"href":"https:\/\/bno-travel.com\/da\/wp-json\/wp\/v2\/comments?post=4319"}],"version-history":[{"count":4,"href":"https:\/\/bno-travel.com\/da\/wp-json\/wp\/v2\/pages\/4319\/revisions"}],"predecessor-version":[{"id":11716,"href":"https:\/\/bno-travel.com\/da\/wp-json\/wp\/v2\/pages\/4319\/revisions\/11716"}],"wp:attachment":[{"href":"https:\/\/bno-travel.com\/da\/wp-json\/wp\/v2\/media?parent=4319"}],"curies":[{"name":"wp","href":"https:\/\/api.w.org\/{rel}","templated":true}]}}