
{"id":9224,"date":"2025-08-30T23:04:35","date_gmt":"2025-08-30T21:04:35","guid":{"rendered":"https:\/\/bno-travel.com\/book-din-naeste-flyrejse\/"},"modified":"2025-10-01T09:17:45","modified_gmt":"2025-10-01T07:17:45","slug":"book-din-naeste-flyrejse","status":"publish","type":"page","link":"https:\/\/bno-travel.com\/da\/book-din-naeste-flyrejse\/","title":{"rendered":"Book din n\u00e6ste flyrejse"},"content":{"rendered":"\n<p class=\"wp-block-paragraph\"><\/p>\n\n<p class=\"wp-block-paragraph\"><\/p>\n\n<p class=\"wp-block-paragraph\"><div class=\"bno-kiwi-card\" data-bno-kiwi-fallback=\"1\"><div class=\"bno-kiwi-title\">Hvor skal du n\u00e5?<\/div><form class=\"bno-kiwi-form\" method=\"get\" action=\"https:\/\/www.kiwi.com\/deep\" novalidate><div class=\"bno-kiwi-toprow\"><label class=\"bno-kiwi-selectwrap\"><span class=\"bno-kiwi-selectlabel\">Reisetype<\/span><select name=\"bno_trip_type\" class=\"bno-kiwi-select\" data-bno-trip-type=\"1\"><option value=\"round\" selected>Tur\/retur<\/option><option value=\"oneway\">\u00c9n vei<\/option><\/select><\/label><label class=\"bno-kiwi-paxwrap\"><span class=\"bno-kiwi-selectlabel\">Passasjerer<\/span><div class=\"bno-kiwi-paxgrid\"><div><span>Voksne<\/span><input type=\"number\" min=\"1\" max=\"9\" value=\"1\" name=\"adults\" data-bno-pax=\"adults\"><\/div><div><span>Barn<\/span><input type=\"number\" min=\"0\" max=\"9\" value=\"0\" name=\"children\" data-bno-pax=\"children\"><\/div><div><span>Spedbarn<\/span><input type=\"number\" min=\"0\" max=\"9\" value=\"0\" name=\"infants\" data-bno-pax=\"infants\"><\/div><\/div><\/label><\/div><div class=\"bno-kiwi-field\"><div class=\"bno-kiwi-icon\" aria-hidden=\"true\">\u2708<\/div><div class=\"bno-kiwi-inputwrap\"><div class=\"bno-kiwi-label\">Fra<\/div><input class=\"bno-kiwi-input\" name=\"from\" placeholder=\"Oslo (OSL) \/ OSL\" autocomplete=\"off\" data-bno-place=\"from\" required><\/div><\/div><div class=\"bno-kiwi-field\"><div class=\"bno-kiwi-icon\" aria-hidden=\"true\">\ud83d\udeec<\/div><div class=\"bno-kiwi-inputwrap\"><div class=\"bno-kiwi-label\">Til<\/div><input class=\"bno-kiwi-input\" name=\"to\" placeholder=\"By\/airport (f.eks. LON) eller anywhere\" autocomplete=\"off\" data-bno-place=\"to\" required><\/div><\/div><div class=\"bno-kiwi-field\"><div class=\"bno-kiwi-icon\" aria-hidden=\"true\">\ud83d\udcc5<\/div><div class=\"bno-kiwi-inputwrap\"><div class=\"bno-kiwi-label\">Datoer<\/div><div class=\"bno-kiwi-dates\"><input class=\"bno-kiwi-input\" type=\"date\" name=\"departure\" data-bno-date=\"departure\" required><input class=\"bno-kiwi-input\" type=\"date\" name=\"return\" data-bno-date=\"return\" placeholder=\"Retur\" ><\/div><\/div><\/div><div class=\"bno-kiwi-error\" role=\"alert\" aria-live=\"polite\" style=\"display:none;\"><\/div><button class=\"bno-kiwi-btn\" type=\"submit\">Utforsk<\/button><div class=\"bno-kiwi-hint\">S\u00f8k \u00e5pnes p\u00e5 Kiwi.com. Uten Tequila API kan vi ikke vise resultatlisten direkte p\u00e5 bno-travel.com.<\/div><\/form><\/div><\/p>\n\n<p class=\"wp-block-paragraph\"><\/p>\n","protected":false},"excerpt":{"rendered":"","protected":false},"author":260013438,"featured_media":0,"parent":0,"menu_order":0,"comment_status":"closed","ping_status":"closed","template":"","meta":{"_crdt_document":"","jetpack_post_was_ever_published":false,"footnotes":""},"class_list":["post-9224","page","type-page","status-publish","hentry"],"jetpack_likes_enabled":true,"jetpack_sharing_enabled":true,"jetpack_shortlink":"https:\/\/wp.me\/PgDuwj-2oM","jetpack-related-posts":[{"id":9232,"url":"https:\/\/bno-travel.com\/sv\/boka-din-nasta-flygresa\/","url_meta":{"origin":9224,"position":0},"title":"boka din n\u00e4sta flygresa","author":"Jan Terje \u00c5s","date":"30. august 2025","format":false,"excerpt":"","rel":"","context":"Similar post","block_context":{"text":"Similar post","link":""},"img":{"alt_text":"","src":"","width":0,"height":0},"classes":[]},{"id":9165,"url":"https:\/\/bno-travel.com\/book-ditt-neste-fly\/","url_meta":{"origin":9224,"position":1},"title":"book ditt neste fly","author":"Jan Terje \u00c5s","date":"30. august 2025","format":false,"excerpt":"","rel":"","context":"Similar post","block_context":{"text":"Similar post","link":""},"img":{"alt_text":"","src":"","width":0,"height":0},"classes":[]},{"id":9240,"url":"https:\/\/bno-travel.com\/en\/book-your-next-flight\/","url_meta":{"origin":9224,"position":2},"title":"book your next flight","author":"Jan Terje \u00c5s","date":"30. august 2025","format":false,"excerpt":"","rel":"","context":"Similar post","block_context":{"text":"Similar post","link":""},"img":{"alt_text":"","src":"","width":0,"height":0},"classes":[]},{"id":9222,"url":"https:\/\/bno-travel.com\/fi\/varaa-seuraava-lentosi\/","url_meta":{"origin":9224,"position":3},"title":"varaa seuraava lentosi","author":"Jan Terje \u00c5s","date":"30. august 2025","format":false,"excerpt":"","rel":"","context":"Similar post","block_context":{"text":"Similar post","link":""},"img":{"alt_text":"","src":"","width":0,"height":0},"classes":[]},{"id":9223,"url":"https:\/\/bno-travel.com\/pl\/zarezerwuj-nastepny-lot\/","url_meta":{"origin":9224,"position":4},"title":"Zarezerwuj nast\u0119pny lot","author":"Jan Terje \u00c5s","date":"30. august 2025","format":false,"excerpt":"","rel":"","context":"Similar post","block_context":{"text":"Similar post","link":""},"img":{"alt_text":"","src":"","width":0,"height":0},"classes":[]},{"id":9237,"url":"https:\/\/bno-travel.com\/is\/bokadu-naesta-flug\/","url_meta":{"origin":9224,"position":5},"title":"b\u00f3ka\u00f0u n\u00e6sta flug","author":"Jan Terje \u00c5s","date":"30. august 2025","format":false,"excerpt":"","rel":"","context":"Similar post","block_context":{"text":"Similar post","link":""},"img":{"alt_text":"","src":"","width":0,"height":0},"classes":[]}],"_links":{"self":[{"href":"https:\/\/bno-travel.com\/da\/wp-json\/wp\/v2\/pages\/9224","targetHints":{"allow":["GET"]}}],"collection":[{"href":"https:\/\/bno-travel.com\/da\/wp-json\/wp\/v2\/pages"}],"about":[{"href":"https:\/\/bno-travel.com\/da\/wp-json\/wp\/v2\/types\/page"}],"author":[{"embeddable":true,"href":"https:\/\/bno-travel.com\/da\/wp-json\/wp\/v2\/users\/260013438"}],"replies":[{"embeddable":true,"href":"https:\/\/bno-travel.com\/da\/wp-json\/wp\/v2\/comments?post=9224"}],"version-history":[{"count":3,"href":"https:\/\/bno-travel.com\/da\/wp-json\/wp\/v2\/pages\/9224\/revisions"}],"predecessor-version":[{"id":11647,"href":"https:\/\/bno-travel.com\/da\/wp-json\/wp\/v2\/pages\/9224\/revisions\/11647"}],"wp:attachment":[{"href":"https:\/\/bno-travel.com\/da\/wp-json\/wp\/v2\/media?parent=9224"}],"curies":[{"name":"wp","href":"https:\/\/api.w.org\/{rel}","templated":true}]}}