{"id":1632,"date":"2025-08-29T12:34:24","date_gmt":"2025-08-29T10:34:24","guid":{"rendered":"https:\/\/bno-travel.com\/?page_id=1632"},"modified":"2025-08-29T13:52:56","modified_gmt":"2025-08-29T11:52:56","slug":"autovermietung","status":"publish","type":"page","link":"https:\/\/bno-travel.com\/de\/autovermietung\/","title":{"rendered":"Autovermietung"},"content":{"rendered":"\n<div class=\"wp-block-cover alignfull\" style=\"margin-top:0;margin-bottom:0;padding-top:var(--wp--preset--spacing--20);padding-right:var(--wp--preset--spacing--40);padding-bottom:var(--wp--preset--spacing--20);padding-left:var(--wp--preset--spacing--40)\"><img data-recalc-dims=\"1\" fetchpriority=\"high\" decoding=\"async\" width=\"800\" height=\"266\" class=\"wp-block-cover__image-background wp-image-904 size-large\" alt=\"\" src=\"https:\/\/i0.wp.com\/bno-travel.com\/wp-content\/uploads\/2025\/06\/AdobeStock_460444160.jpeg?resize=800%2C266&#038;ssl=1\" data-object-fit=\"cover\" srcset=\"https:\/\/i0.wp.com\/bno-travel.com\/wp-content\/uploads\/2025\/06\/AdobeStock_460444160.jpeg?resize=1024%2C341&amp;ssl=1 1024w, https:\/\/i0.wp.com\/bno-travel.com\/wp-content\/uploads\/2025\/06\/AdobeStock_460444160.jpeg?resize=300%2C100&amp;ssl=1 300w, https:\/\/i0.wp.com\/bno-travel.com\/wp-content\/uploads\/2025\/06\/AdobeStock_460444160.jpeg?resize=768%2C256&amp;ssl=1 768w, https:\/\/i0.wp.com\/bno-travel.com\/wp-content\/uploads\/2025\/06\/AdobeStock_460444160.jpeg?resize=1536%2C512&amp;ssl=1 1536w, https:\/\/i0.wp.com\/bno-travel.com\/wp-content\/uploads\/2025\/06\/AdobeStock_460444160.jpeg?resize=2048%2C683&amp;ssl=1 2048w, https:\/\/i0.wp.com\/bno-travel.com\/wp-content\/uploads\/2025\/06\/AdobeStock_460444160.jpeg?w=1600&amp;ssl=1 1600w, https:\/\/i0.wp.com\/bno-travel.com\/wp-content\/uploads\/2025\/06\/AdobeStock_460444160.jpeg?w=2400&amp;ssl=1 2400w\" sizes=\"(max-width: 800px) 100vw, 800px\" \/><span aria-hidden=\"true\" class=\"wp-block-cover__background has-theme-1-background-color has-background-dim-30 has-background-dim\"><\/span><div class=\"wp-block-cover__inner-container is-layout-flow wp-block-cover-is-layout-flow\">\n<div style=\"height:var(--wp--preset--spacing--50)\" aria-hidden=\"true\" class=\"wp-block-spacer\"><\/div>\n\n\n\n<div class=\"wp-block-group is-layout-constrained wp-block-group-is-layout-constrained\">\n<div class=\"wp-block-buttons is-content-justification-center is-layout-flex wp-container-core-buttons-is-layout-3e41869c wp-block-buttons-is-layout-flex\"><\/div>\n<\/div>\n\n\n\n<div style=\"height:var(--wp--preset--spacing--50)\" aria-hidden=\"true\" class=\"wp-block-spacer\"><\/div>\n<\/div><\/div>\n\n<div class=\"wp-block-group alignfull is-style-section-2 is-content-justification-center is-layout-constrained wp-container-core-group-is-layout-49f605c9 wp-block-group-is-layout-constrained\" style=\"margin-top:0;margin-bottom:0;padding-top:var(--wp--preset--spacing--50);padding-bottom:var(--wp--preset--spacing--30)\">\n<h2 class=\"wp-block-heading alignwide wp-container-content-958eb9dc\">Autovermietung weltweit buchen  <\/h2>\n\n\n\n<p class=\"wp-block-paragraph\">[bno_cartrawler mode=&#8220;hosted&#8220; locale=&#8220;no&#8220; lang=&#8220;no&#8220; currency=&#8220;NOK&#8220; pickupid=&#8220;4410&#8243; returnid=&#8220;4410&#8243; pickupdate=&#8220;2025-08-30T10:00&#8243; returndate=&#8220;2025-08-31T10:00&#8243; residenceid=&#8220;NO&#8220; age=&#8220;30&#8243;]\n\n<\/p>\n<\/div>\n","protected":false},"excerpt":{"rendered":"<p>Autovermietung weltweit buchen [bno_cartrawler mode=&#8220;hosted&#8220; locale=&#8220;no&#8220; lang=&#8220;no&#8220; currency=&#8220;NOK&#8220; pickupid=&#8220;4410&#8243; returnid=&#8220;4410&#8243; pickupdate=&#8220;2025-08-30T10:00&#8243; returndate=&#8220;2025-08-31T10:00&#8243; residenceid=&#8220;NO&#8220; age=&#8220;30&#8243;]<\/p>\n","protected":false},"author":260013438,"featured_media":0,"parent":0,"menu_order":0,"comment_status":"closed","ping_status":"closed","template":"","meta":{"_crdt_document":"","footnotes":""},"class_list":["post-1632","page","type-page","status-publish","hentry"],"jetpack_likes_enabled":true,"jetpack_sharing_enabled":true,"jetpack_shortlink":"https:\/\/wp.me\/PgDuwj-qk","jetpack-related-posts":[{"id":1939,"url":"https:\/\/bno-travel.com\/de\/reisen-sie-hier-nach-trysil\/","url_meta":{"origin":1632,"position":0},"title":"Reisen Sie hier nach Trysil","author":"Jan Terje \u00c5s","date":"11. Juli 2025","format":false,"excerpt":"Wie Sie nach Trysil kommen - mit dem Flugzeug, dem Mietwagen, dem Bus, dem Zug oder dem eigenen Auto \u2708\ufe0f Mit dem Flugzeug nach Oslo Flughafen Gardermoen (OSL) Der Flughafen Oslo ist die h\u00e4ufigste Anlaufstelle f\u00fcr Reisende aus Trysil. Es gibt Direktfl\u00fcge von einer Reihe von europ\u00e4ischen Gro\u00dfst\u00e4dten. Fahren Sie\u2026","rel":"","context":"\u00c4hnlicher Beitrag","block_context":{"text":"\u00c4hnlicher Beitrag","link":""},"img":{"alt_text":"Trysil Ski resort, skiferie i Trysil,","src":"https:\/\/i0.wp.com\/bno-travel.com\/wp-content\/uploads\/2025\/06\/10001-20191216-Drone0784-scaled-1.jpg?resize=350%2C200&ssl=1","width":350,"height":200,"srcset":"https:\/\/i0.wp.com\/bno-travel.com\/wp-content\/uploads\/2025\/06\/10001-20191216-Drone0784-scaled-1.jpg?resize=350%2C200&ssl=1 1x, https:\/\/i0.wp.com\/bno-travel.com\/wp-content\/uploads\/2025\/06\/10001-20191216-Drone0784-scaled-1.jpg?resize=525%2C300&ssl=1 1.5x, https:\/\/i0.wp.com\/bno-travel.com\/wp-content\/uploads\/2025\/06\/10001-20191216-Drone0784-scaled-1.jpg?resize=700%2C400&ssl=1 2x, https:\/\/i0.wp.com\/bno-travel.com\/wp-content\/uploads\/2025\/06\/10001-20191216-Drone0784-scaled-1.jpg?resize=1050%2C600&ssl=1 3x, https:\/\/i0.wp.com\/bno-travel.com\/wp-content\/uploads\/2025\/06\/10001-20191216-Drone0784-scaled-1.jpg?resize=1400%2C800&ssl=1 4x"},"classes":[]},{"id":2860,"url":"https:\/\/bno-travel.com\/de\/reisen-sie-hier-nach-salenfjellet\/","url_meta":{"origin":1632,"position":1},"title":"Reisen Sie hier nach S\u00e4lenfjellet","author":"Jan Terje \u00c5s","date":"11. Juli 2025","format":false,"excerpt":". Wie Sie nach S\u00e4lenfjellet kommen - mit dem Flugzeug, dem Mietwagen, dem Bus, dem Zug oder dem eigenen Auto \u2708\ufe0f Mit dem Flugzeug nach Oslo Flughafen Gardermoen (OSL) Der Flughafen Oslo ist eine der h\u00e4ufigsten Anlaufstellen f\u00fcr Reisende nach S\u00e4len. Es gibt Direktfl\u00fcge von einer Reihe von europ\u00e4ischen Gro\u00dfst\u00e4dten.\u2026","rel":"","context":"\u00c4hnlicher Beitrag","block_context":{"text":"\u00c4hnlicher Beitrag","link":""},"img":{"alt_text":"overnatting i salen","src":"https:\/\/i0.wp.com\/bno-travel.com\/wp-content\/uploads\/2025\/06\/AdobeStock_121113275-e1751307052527.jpeg?resize=350%2C200&ssl=1","width":350,"height":200,"srcset":"https:\/\/i0.wp.com\/bno-travel.com\/wp-content\/uploads\/2025\/06\/AdobeStock_121113275-e1751307052527.jpeg?resize=350%2C200&ssl=1 1x, https:\/\/i0.wp.com\/bno-travel.com\/wp-content\/uploads\/2025\/06\/AdobeStock_121113275-e1751307052527.jpeg?resize=525%2C300&ssl=1 1.5x, https:\/\/i0.wp.com\/bno-travel.com\/wp-content\/uploads\/2025\/06\/AdobeStock_121113275-e1751307052527.jpeg?resize=700%2C400&ssl=1 2x, https:\/\/i0.wp.com\/bno-travel.com\/wp-content\/uploads\/2025\/06\/AdobeStock_121113275-e1751307052527.jpeg?resize=1050%2C600&ssl=1 3x, https:\/\/i0.wp.com\/bno-travel.com\/wp-content\/uploads\/2025\/06\/AdobeStock_121113275-e1751307052527.jpeg?resize=1400%2C800&ssl=1 4x"},"classes":[]},{"id":28328,"url":"https:\/\/bno-travel.com\/de\/","url_meta":{"origin":1632,"position":2},"title":"Hauptseite","author":"Jan Terje \u00c5s","date":"3. April 2026","format":false,"excerpt":"Planen Sie Ihre Reise einfacher mit BNO Travel Finden Sie Unterk\u00fcnfte an ausgew\u00e4hlten Reisezielen, suchen Sie nach Fl\u00fcgen f\u00fcr Reisen in der N\u00e4he und in der Ferne und buchen Sie einen Mietwagen, damit Sie die Freiheit haben, weiter zu reisen. Alles in einer \u00fcbersichtlichen und benutzerfreundlichen L\u00f6sung. Unterkunft finden Fl\u00fcge\u2026","rel":"","context":"\u00c4hnlicher Beitrag","block_context":{"text":"\u00c4hnlicher Beitrag","link":""},"img":{"alt_text":"","src":"","width":0,"height":0},"classes":[]},{"id":2792,"url":"https:\/\/bno-travel.com\/de\/unterkunft\/","url_meta":{"origin":1632,"position":3},"title":"Unterkunft in Trysil &amp; S\u00e4len","author":"Jan Terje \u00c5s","date":"11. Juli 2025","format":false,"excerpt":"Unterk\u00fcnfte in Trysil, S\u00e4len und Sunnm\u00f8re Finden Sie den passenden Aufenthalt f\u00fcr Ihre Reise - vom Bergurlaub bis zum Naturerlebnis in der N\u00e4he der Fjorde BNO Travel bietet qualit\u00e4tsgesicherte Unterk\u00fcnfte in Trysil, S\u00e4len, Stranda, Strandafjellet, Hornindal und Fjells\u00e6tra. Hier finden Sie H\u00fctten, Appartements und Aufenthalte, die es Ihnen erleichtern, Komfort,\u2026","rel":"","context":"\u00c4hnlicher Beitrag","block_context":{"text":"\u00c4hnlicher Beitrag","link":""},"img":{"alt_text":"","src":"","width":0,"height":0},"classes":[]}],"_links":{"self":[{"href":"https:\/\/bno-travel.com\/de\/wp-json\/wp\/v2\/pages\/1632","targetHints":{"allow":["GET"]}}],"collection":[{"href":"https:\/\/bno-travel.com\/de\/wp-json\/wp\/v2\/pages"}],"about":[{"href":"https:\/\/bno-travel.com\/de\/wp-json\/wp\/v2\/types\/page"}],"author":[{"embeddable":true,"href":"https:\/\/bno-travel.com\/de\/wp-json\/wp\/v2\/users\/260013438"}],"replies":[{"embeddable":true,"href":"https:\/\/bno-travel.com\/de\/wp-json\/wp\/v2\/comments?post=1632"}],"version-history":[{"count":16,"href":"https:\/\/bno-travel.com\/de\/wp-json\/wp\/v2\/pages\/1632\/revisions"}],"predecessor-version":[{"id":9144,"href":"https:\/\/bno-travel.com\/de\/wp-json\/wp\/v2\/pages\/1632\/revisions\/9144"}],"wp:attachment":[{"href":"https:\/\/bno-travel.com\/de\/wp-json\/wp\/v2\/media?parent=1632"}],"curies":[{"name":"wp","href":"https:\/\/api.w.org\/{rel}","templated":true}]}}