{"id":2716,"date":"2025-07-11T13:50:20","date_gmt":"2025-07-11T11:50:20","guid":{"rendered":"https:\/\/bno-travel.com\/?page_id=2716"},"modified":"2025-07-11T13:50:59","modified_gmt":"2025-07-11T11:50:59","slug":"kontaktieren-sie-uns","status":"publish","type":"page","link":"https:\/\/bno-travel.com\/de\/kontaktieren-sie-uns\/","title":{"rendered":"Kontaktieren Sie uns"},"content":{"rendered":"\n<div class=\"wp-block-group alignfull is-layout-constrained wp-container-core-group-is-layout-082b0574 wp-block-group-is-layout-constrained\" style=\"padding-top:var(--wp--preset--spacing--50);padding-bottom:var(--wp--preset--spacing--40)\">\n<div class=\"wp-block-columns alignwide is-layout-flex wp-container-core-columns-is-layout-632e7d69 wp-block-columns-is-layout-flex\">\n<div class=\"wp-block-column is-layout-flow wp-container-core-column-is-layout-5185c3d0 wp-block-column-is-layout-flow\" style=\"flex-basis:50%\">\n<h2 class=\"wp-block-heading\"><\/h2>\n\n\n\n<figure class=\"wp-block-image size-full is-resized\"><img data-recalc-dims=\"1\" fetchpriority=\"high\" decoding=\"async\" width=\"732\" height=\"924\" src=\"https:\/\/i0.wp.com\/bno-travel.com\/wp-content\/uploads\/2025\/06\/AdobeStock_182554441-e1750784403298.jpeg?resize=732%2C924&#038;ssl=1\" alt=\"\" class=\"wp-image-887\" style=\"aspect-ratio:1;object-fit:cover;width:501px;height:auto\" srcset=\"https:\/\/i0.wp.com\/bno-travel.com\/wp-content\/uploads\/2025\/06\/AdobeStock_182554441-e1750784403298.jpeg?w=732&amp;ssl=1 732w, https:\/\/i0.wp.com\/bno-travel.com\/wp-content\/uploads\/2025\/06\/AdobeStock_182554441-e1750784403298.jpeg?resize=238%2C300&amp;ssl=1 238w\" sizes=\"(max-width: 732px) 100vw, 732px\" \/><\/figure>\n<\/div>\n\n\n\n<div class=\"wp-block-column is-layout-flow wp-container-core-column-is-layout-23912308 wp-block-column-is-layout-flow\" style=\"flex-basis:50%\">\n<p class=\"wp-block-paragraph\">Haben Sie Fragen zu Reisen, Buchungen oder unseren Dienstleistungen? Wir helfen Ihnen gerne weiter! <\/p>\n\n\n\n<p class=\"wp-block-paragraph\"><br\/>F\u00fcllen Sie das Kontaktformular aus, schicken Sie uns eine E-Mail oder rufen Sie uns an und wir werden uns so schnell wie m\u00f6glich bei Ihnen melden.<\/p>\n\n\n<\/div>\n<\/div>\n\n\n\n<div class=\"wp-block-group alignfull has-background-color has-foreground-background-color has-text-color has-background has-link-color wp-elements-476dcaf21d8761b4b5ec274b45ba7576 is-layout-flow wp-block-group-is-layout-flow\" style=\"padding-top:0;padding-right:var(--wp--preset--spacing--40);padding-bottom:0;padding-left:var(--wp--preset--spacing--40)\">\n<div class=\"wp-block-jetpack-map is-style-default\" data-map-id=\"jp-map-1\" data-map-provider=\"mapkit\" data-api-key=\"pk.eyJ1IjoiYXV0b21hdHRpYyIsImEiOiJjazVpZjA5aWswYTFvM21sOWtzNW1rNG9lIn0.Gu-sp4wRxnnQB-Qa8CpuZQ\" data-map-style=\"default\" data-blog-id=\"245833491\"><ul><li><a href=\"https:\/\/www.google.com\/maps\/search\/?api=1&amp;query=61.300231,12.2643206\" target=\"_blank\" rel=\"noopener\">Vestmovegen 7, 2420 Trysil, Norwegen<\/a><\/li><\/ul><\/div>\n<\/div>\n<\/div>\n","protected":false},"excerpt":{"rendered":"<p>Haben Sie Fragen zu Reisen, Buchungen oder unseren Dienstleistungen? Wir helfen Ihnen gerne weiter! F\u00fcllen Sie das Kontaktformular aus, schicken Sie uns eine E-Mail oder rufen Sie uns an und wir werden uns so schnell wie m\u00f6glich bei Ihnen melden.<\/p>\n","protected":false},"author":260013438,"featured_media":0,"parent":0,"menu_order":0,"comment_status":"closed","ping_status":"closed","template":"","meta":{"_crdt_document":"","footnotes":""},"class_list":["post-2716","page","type-page","status-publish","hentry"],"jetpack_likes_enabled":true,"jetpack_sharing_enabled":true,"jetpack_shortlink":"https:\/\/wp.me\/PgDuwj-HO","jetpack-related-posts":[{"id":4576,"url":"https:\/\/bno-travel.com\/de\/datenschutzbestimmungen\/","url_meta":{"origin":2716,"position":0},"title":"Datenschutzbestimmungen","author":"Jan Terje \u00c5s","date":"11. Juli 2025","format":false,"excerpt":"Datenschutzbestimmungen Datenschutzbestimmungen In dieser Datenschutzerkl\u00e4rung geht es darum, wie BNO TRAVEL pers\u00f6nliche Daten \u00fcber Sie sammelt und verwendet. Wir verwenden Cookies auf bno-travel.com. Indem Sie unsere Website mit aktivierten Cookies in Ihrem Browser nutzen (was die Standardeinstellung ist), akzeptieren Sie, dass wir Cookies speichern, um unsere Dienste anzubieten. Wenn Sie\u2026","rel":"","context":"\u00c4hnlicher Beitrag","block_context":{"text":"\u00c4hnlicher Beitrag","link":""},"img":{"alt_text":"","src":"","width":0,"height":0},"classes":[]},{"id":11581,"url":"https:\/\/bno-travel.com\/de\/gastgeber-bno-travel\/","url_meta":{"origin":2716,"position":1},"title":"Gastgeber - BNO Travel","author":"Jan Terje \u00c5s","date":"29. September 2025","format":false,"excerpt":"Veranstaltet von BNO Travel: BNO Travel k\u00fcmmert sich um die Sichtbarkeit, die Buchung und das G\u00e4stemanagement, w\u00e4hrend Sie die Kontrolle behalten. Die Vorteile der Nutzung von BNO Travel Niedrige Provision - nur 3% an BNO Travel (Kontaktieren Sie uns und wir zeigen Ihnen, wie Sie rechnen k\u00f6nnen) W\u00f6chentliche Zahlungen direkt\u2026","rel":"","context":"\u00c4hnlicher Beitrag","block_context":{"text":"\u00c4hnlicher Beitrag","link":""},"img":{"alt_text":"Utleie av hytter i Trysil & S\u00e4len","src":"https:\/\/i0.wp.com\/bno-travel.com\/wp-content\/uploads\/2025\/09\/10001-Fagerasen1120_3616.jpg?resize=350%2C200&ssl=1","width":350,"height":200,"srcset":"https:\/\/i0.wp.com\/bno-travel.com\/wp-content\/uploads\/2025\/09\/10001-Fagerasen1120_3616.jpg?resize=350%2C200&ssl=1 1x, https:\/\/i0.wp.com\/bno-travel.com\/wp-content\/uploads\/2025\/09\/10001-Fagerasen1120_3616.jpg?resize=525%2C300&ssl=1 1.5x, https:\/\/i0.wp.com\/bno-travel.com\/wp-content\/uploads\/2025\/09\/10001-Fagerasen1120_3616.jpg?resize=700%2C400&ssl=1 2x, https:\/\/i0.wp.com\/bno-travel.com\/wp-content\/uploads\/2025\/09\/10001-Fagerasen1120_3616.jpg?resize=1050%2C600&ssl=1 3x, https:\/\/i0.wp.com\/bno-travel.com\/wp-content\/uploads\/2025\/09\/10001-Fagerasen1120_3616.jpg?resize=1400%2C800&ssl=1 4x"},"classes":[]},{"id":4252,"url":"https:\/\/bno-travel.com\/de\/spa-und-bader-in-trysil\/","url_meta":{"origin":2716,"position":2},"title":"Spa und B\u00e4der in Trysil","author":"Jan Terje \u00c5s","date":"18. Juli 2025","format":false,"excerpt":"Spa und Bad in Trysil - Entspannung und Wellness in den Bergen Trysil ist nicht nur etwas f\u00fcr diejenigen, die Geschwindigkeit und Aufregung suchen - es ist auch ein Ziel f\u00fcr diejenigen, die Ruhe, Wohlbefinden und echte Berggem\u00fctlichkeit suchen. Mit einer guten Auswahl an Spa- und Badeerlebnissen f\u00fcr Familien und\u2026","rel":"","context":"\u00c4hnlicher Beitrag","block_context":{"text":"\u00c4hnlicher Beitrag","link":""},"img":{"alt_text":"Spa og bad i Trysil","src":"https:\/\/i0.wp.com\/bno-travel.com\/wp-content\/uploads\/2025\/07\/52199820901_706171c188_c.jpg?resize=350%2C200&ssl=1","width":350,"height":200,"srcset":"https:\/\/i0.wp.com\/bno-travel.com\/wp-content\/uploads\/2025\/07\/52199820901_706171c188_c.jpg?resize=350%2C200&ssl=1 1x, https:\/\/i0.wp.com\/bno-travel.com\/wp-content\/uploads\/2025\/07\/52199820901_706171c188_c.jpg?resize=525%2C300&ssl=1 1.5x, https:\/\/i0.wp.com\/bno-travel.com\/wp-content\/uploads\/2025\/07\/52199820901_706171c188_c.jpg?resize=700%2C400&ssl=1 2x"},"classes":[]},{"id":34759,"url":"https:\/\/bno-travel.com\/de\/oeffentliche-begriffe\/","url_meta":{"origin":2716,"position":3},"title":"\u00d6ffentliche Begriffe","author":"Jan Terje \u00c5s","date":"13. April 2026","format":false,"excerpt":"Partner Bedingungen und Konditionen \u00d6ffentliche Bedingungen und Kooperationsprinzipien f\u00fcr professionelle Unterkunftspartner Diese Seite beschreibt die allgemeinen Grunds\u00e4tze f\u00fcr die Zusammenarbeit zwischen BNO Travel und professionellen Unterkunftsbetreibern. Das Gesch\u00e4ftsmodell, die individuellen Bedingungen und die partnerspezifischen Regelungen werden in einem separaten Kooperationsvertrag vereinbart. Lesen Sie die Bedingungen und Konditionen Kontaktieren Sie uns\u2026","rel":"","context":"\u00c4hnlicher Beitrag","block_context":{"text":"\u00c4hnlicher Beitrag","link":""},"img":{"alt_text":"","src":"","width":0,"height":0},"classes":[]},{"id":3839,"url":"https:\/\/bno-travel.com\/de\/spa-und-bader-in-salen\/","url_meta":{"origin":2716,"position":4},"title":"Spa und B\u00e4der in S\u00e4len","author":"Jan Terje \u00c5s","date":"18. Juli 2025","format":false,"excerpt":"Spa und B\u00e4der in S\u00e4len - Wellness und Entspannung in einer Bergwelt S\u00e4len steht nicht nur f\u00fcr Skifahren, Radfahren und die gro\u00dfartige Natur - es ist auch ein fantastisches Reiseziel f\u00fcr alle, die Ruhe, Erholung und echte Bergharmonie suchen. Ganz gleich, ob Sie ein romantisches Wochenende verbringen, einen Familienurlaub machen\u2026","rel":"","context":"\u00c4hnlicher Beitrag","block_context":{"text":"\u00c4hnlicher Beitrag","link":""},"img":{"alt_text":"","src":"https:\/\/i0.wp.com\/bno-travel.com\/wp-content\/uploads\/2025\/07\/52200128044_b550a6c33d_c.jpg?resize=350%2C200&ssl=1","width":350,"height":200,"srcset":"https:\/\/i0.wp.com\/bno-travel.com\/wp-content\/uploads\/2025\/07\/52200128044_b550a6c33d_c.jpg?resize=350%2C200&ssl=1 1x, https:\/\/i0.wp.com\/bno-travel.com\/wp-content\/uploads\/2025\/07\/52200128044_b550a6c33d_c.jpg?resize=525%2C300&ssl=1 1.5x, https:\/\/i0.wp.com\/bno-travel.com\/wp-content\/uploads\/2025\/07\/52200128044_b550a6c33d_c.jpg?resize=700%2C400&ssl=1 2x"},"classes":[]},{"id":1929,"url":"https:\/\/bno-travel.com\/de\/wir-ubertragen-ihr-gerat\/","url_meta":{"origin":2716,"position":5},"title":"Wir vermitteln Ihre Einheit in Trysil und S\u00e4lenfjellet","author":"Jan Terje \u00c5s","date":"11. Juli 2025","format":false,"excerpt":"Wir ver\u00e4ndern die Art und Weise, wie die Vermietung in Trysil und S\u00e4len funktioniert Vermietung und Vermittlung von Ferienh\u00e4usern und -wohnungen in Trysil und S\u00e4len, jetzt \u00e4ndern wir, wie es funktioniert Wie gehen Sie dabei vor? Wenn Sie heute Ihr Ferienhaus oder Ihre Ferienwohnung in Trysil oder S\u00e4len vermieten m\u00f6chten,\u2026","rel":"","context":"\u00c4hnlicher Beitrag","block_context":{"text":"\u00c4hnlicher Beitrag","link":""},"img":{"alt_text":"","src":"https:\/\/i0.wp.com\/bno-travel.com\/wp-content\/uploads\/2025\/06\/Eierside-2.jpg?resize=350%2C200&ssl=1","width":350,"height":200,"srcset":"https:\/\/i0.wp.com\/bno-travel.com\/wp-content\/uploads\/2025\/06\/Eierside-2.jpg?resize=350%2C200&ssl=1 1x, https:\/\/i0.wp.com\/bno-travel.com\/wp-content\/uploads\/2025\/06\/Eierside-2.jpg?resize=525%2C300&ssl=1 1.5x, https:\/\/i0.wp.com\/bno-travel.com\/wp-content\/uploads\/2025\/06\/Eierside-2.jpg?resize=700%2C400&ssl=1 2x"},"classes":[]}],"_links":{"self":[{"href":"https:\/\/bno-travel.com\/de\/wp-json\/wp\/v2\/pages\/2716","targetHints":{"allow":["GET"]}}],"collection":[{"href":"https:\/\/bno-travel.com\/de\/wp-json\/wp\/v2\/pages"}],"about":[{"href":"https:\/\/bno-travel.com\/de\/wp-json\/wp\/v2\/types\/page"}],"author":[{"embeddable":true,"href":"https:\/\/bno-travel.com\/de\/wp-json\/wp\/v2\/users\/260013438"}],"replies":[{"embeddable":true,"href":"https:\/\/bno-travel.com\/de\/wp-json\/wp\/v2\/comments?post=2716"}],"version-history":[{"count":4,"href":"https:\/\/bno-travel.com\/de\/wp-json\/wp\/v2\/pages\/2716\/revisions"}],"predecessor-version":[{"id":4966,"href":"https:\/\/bno-travel.com\/de\/wp-json\/wp\/v2\/pages\/2716\/revisions\/4966"}],"wp:attachment":[{"href":"https:\/\/bno-travel.com\/de\/wp-json\/wp\/v2\/media?parent=2716"}],"curies":[{"name":"wp","href":"https:\/\/api.w.org\/{rel}","templated":true}]}}