{"id":2860,"date":"2025-07-11T13:54:41","date_gmt":"2025-07-11T11:54:41","guid":{"rendered":"https:\/\/bno-travel.com\/?page_id=2860"},"modified":"2026-04-03T12:39:07","modified_gmt":"2026-04-03T10:39:07","slug":"reisen-sie-hier-nach-salenfjellet","status":"publish","type":"page","link":"https:\/\/bno-travel.com\/de\/reisen-sie-hier-nach-salenfjellet\/","title":{"rendered":"Reisen Sie hier nach S\u00e4lenfjellet"},"content":{"rendered":"\n<div class=\"wp-block-group alignfull is-content-justification-center is-layout-constrained wp-block-group-is-layout-constrained\" style=\"margin-top:0;margin-bottom:0;padding-top:var(--wp--preset--spacing--40);padding-bottom:var(--wp--preset--spacing--40)\">\n<figure class=\"wp-block-image alignwide size-full aspect-16\/9\"><img data-recalc-dims=\"1\" fetchpriority=\"high\" decoding=\"async\" width=\"800\" height=\"528\" src=\"https:\/\/i0.wp.com\/bno-travel.com\/wp-content\/uploads\/2025\/06\/AdobeStock_121113275-e1751307052527.jpeg?resize=800%2C528&#038;ssl=1\" alt=\"\" class=\"wp-image-2549\" srcset=\"https:\/\/i0.wp.com\/bno-travel.com\/wp-content\/uploads\/2025\/06\/AdobeStock_121113275-e1751307052527.jpeg?w=2545&amp;ssl=1 2545w, https:\/\/i0.wp.com\/bno-travel.com\/wp-content\/uploads\/2025\/06\/AdobeStock_121113275-e1751307052527.jpeg?resize=300%2C198&amp;ssl=1 300w, https:\/\/i0.wp.com\/bno-travel.com\/wp-content\/uploads\/2025\/06\/AdobeStock_121113275-e1751307052527.jpeg?resize=1024%2C676&amp;ssl=1 1024w, https:\/\/i0.wp.com\/bno-travel.com\/wp-content\/uploads\/2025\/06\/AdobeStock_121113275-e1751307052527.jpeg?resize=768%2C507&amp;ssl=1 768w, https:\/\/i0.wp.com\/bno-travel.com\/wp-content\/uploads\/2025\/06\/AdobeStock_121113275-e1751307052527.jpeg?resize=1536%2C1014&amp;ssl=1 1536w, https:\/\/i0.wp.com\/bno-travel.com\/wp-content\/uploads\/2025\/06\/AdobeStock_121113275-e1751307052527.jpeg?resize=2048%2C1352&amp;ssl=1 2048w, https:\/\/i0.wp.com\/bno-travel.com\/wp-content\/uploads\/2025\/06\/AdobeStock_121113275-e1751307052527.jpeg?w=1600&amp;ssl=1 1600w, https:\/\/i0.wp.com\/bno-travel.com\/wp-content\/uploads\/2025\/06\/AdobeStock_121113275-e1751307052527.jpeg?w=2400&amp;ssl=1 2400w\" sizes=\"(max-width: 800px) 100vw, 800px\" \/><figcaption class=\"wp-element-caption\">.<\/figcaption><\/figure>\n<\/div>\n\n<div class=\"wp-block-group alignfull is-style-section-3 is-content-justification-center is-layout-constrained wp-container-core-group-is-layout-b54e18b3 wp-block-group-is-layout-constrained\" style=\"margin-top:0;margin-bottom:0;padding-top:var(--wp--preset--spacing--50);padding-bottom:var(--wp--preset--spacing--50)\">\n<h2 class=\"wp-block-heading has-text-align-left alignwide\">Wie Sie nach S\u00e4lenfjellet kommen - mit dem Flugzeug, dem Mietwagen, dem Bus, dem Zug oder dem eigenen Auto<\/h2>\n\n\n\n<p class=\"wp-block-paragraph\"><\/p>\n\n\n\n<div class=\"wp-block-group alignwide is-layout-flow wp-container-core-group-is-layout-a7dce961 wp-block-group-is-layout-flow\">\n<div class=\"wp-block-columns alignwide is-layout-flex wp-container-core-columns-is-layout-cb1de518 wp-block-columns-is-layout-flex\">\n<div class=\"wp-block-column is-layout-flow wp-block-column-is-layout-flow\" style=\"padding-top:24px;padding-bottom:24px\">\n<h3 class=\"wp-block-heading has-text-align-left alignwide is-service-name\">\u2708\ufe0f Mit dem Flugzeug nach Oslo Flughafen Gardermoen (OSL)<\/h3>\n<\/div>\n\n\n\n<div class=\"wp-block-column is-layout-flow wp-block-column-is-layout-flow\">\n<div class=\"wp-block-group alignwide is-layout-flow wp-block-group-is-layout-flow\" style=\"border-bottom-width:1px;padding-top:40px;padding-bottom:40px\">\n<p class=\"is-service-description wp-block-paragraph\"><\/p>\n\n\n\n<p class=\"wp-block-paragraph\">Der Flughafen Oslo ist eine der h\u00e4ufigsten Anlaufstellen f\u00fcr Reisende nach S\u00e4len. Es gibt Direktfl\u00fcge von einer Reihe von europ\u00e4ischen Gro\u00dfst\u00e4dten. <\/p>\n\n\n\n<p class=\"wp-block-paragraph\"><strong>Fahren Sie von Gardermoen weiter nach S\u00e4len:<\/strong><\/p>\n\n\n\n<p class=\"is-service-description wp-block-paragraph\"><strong>Mit dem Bus:<\/strong> W\u00e4hrend der Wintersaison gibt es Busverbindungen aus dem Raum Oslo nach S\u00e4len. Die Fahrtzeiten variieren je nach Route und Verbindungen. <\/p>\n\n\n\n<p class=\"wp-block-paragraph\"><strong>Autovermietung:<\/strong> Eine Autovermietung ist eine flexible Option f\u00fcr Ihre Reise nach S\u00e4len. Die Fahrtzeit von Gardermoen betr\u00e4gt etwa 3,5-4 Stunden, je nach Ziel in der Umgebung von S\u00e4len.  <\/p>\n<\/div>\n<\/div>\n<\/div>\n\n\n\n<div class=\"wp-block-columns alignwide is-layout-flex wp-container-core-columns-is-layout-cb1de518 wp-block-columns-is-layout-flex\">\n<div class=\"wp-block-column is-layout-flow wp-block-column-is-layout-flow\" style=\"padding-top:24px;padding-bottom:24px\">\n<h3 class=\"wp-block-heading has-text-align-left alignwide is-service-name\">\u2708\ufe0f Mit dem Flugzeug zum Scandinavian Mountains Airport (SCR)<\/h3>\n<\/div>\n\n\n\n<div class=\"wp-block-column is-layout-flow wp-block-column-is-layout-flow\">\n<div class=\"wp-block-group alignwide is-layout-flow wp-block-group-is-layout-flow\" style=\"border-bottom-width:1px;padding-top:40px;padding-bottom:40px\">\n<p class=\"is-service-description wp-block-paragraph\">Der Scandinavian Mountains Airport ist der n\u00e4chstgelegene Flughafen zu S\u00e4len und ist nur 10-15 Minuten von den meisten Ferienorten in der Gegend entfernt. Der Flughafen bietet saisonale Abfl\u00fcge von mehreren europ\u00e4ischen St\u00e4dten.  <\/p>\n\n\n\n<p class=\"wp-block-paragraph\"><strong>Fahren Sie von SCR weiter nach S\u00e4len:<\/strong><\/p>\n\n\n\n<p class=\"is-service-description wp-block-paragraph\"><strong>Shuttle-Bus:<\/strong> W\u00e4hrend der Wintersaison steht Ihnen ein Shuttlebus zur Verf\u00fcgung, der Sie zu den Unterk\u00fcnften und Skigebieten in der Umgebung von S\u00e4len bringt.<\/p>\n\n\n\n<p class=\"wp-block-paragraph\"><strong>Autovermietung:<\/strong> Eine Autovermietung ist f\u00fcr diejenigen verf\u00fcgbar, die die Freiheit haben m\u00f6chten, die Gegend zu erkunden.<\/p>\n<\/div>\n<\/div>\n<\/div>\n\n\n\n<div class=\"wp-block-columns alignwide is-layout-flex wp-container-core-columns-is-layout-cb1de518 wp-block-columns-is-layout-flex\">\n<div class=\"wp-block-column is-layout-flow wp-block-column-is-layout-flow\" style=\"padding-top:24px;padding-bottom:24px\">\n<h3 class=\"wp-block-heading has-text-align-left alignwide is-service-name\">\ud83d\ude86\ud83d\ude8d Reisen von Stadt zu Stadt - mit dem Zug, Bus oder Auto<\/h3>\n<\/div>\n\n\n\n<div class=\"wp-block-column is-layout-flow wp-block-column-is-layout-flow\">\n<div class=\"wp-block-group alignwide is-layout-flow wp-block-group-is-layout-flow\" style=\"border-bottom-width:1px;padding-top:40px;padding-bottom:40px\">\n<p class=\"wp-block-paragraph\"><\/p>\n\n\n\n<h3 class=\"wp-block-heading\"><strong>Von Stockholm aus<\/strong><\/h3>\n\n\n\n<p class=\"is-service-description wp-block-paragraph\"><strong>Mit dem Auto:<\/strong> Ca. 5-6 Stunden, je nachdem, in welchen Teil von S\u00e4len Sie reisen. <\/p>\n\n\n\n<p class=\"wp-block-paragraph\"><strong>Zug und Bus:<\/strong> Nehmen Sie einen Zug nach Mora oder Borl\u00e4nge und dann einen Bus nach S\u00e4len. Die Gesamtreisezeit variiert je nach Verbindung. <\/p>\n\n\n\n<p class=\"wp-block-paragraph\"><strong>Bus:<\/strong> Es gibt Busverbindungen von Stockholm nach S\u00e4len, besonders w\u00e4hrend der Wintersaison.<\/p>\n\n\n\n<h3 class=\"wp-block-heading\"><strong>Von G\u00f6teborg aus<\/strong><\/h3>\n\n\n\n<ul class=\"wp-block-list\">\n<li><strong>Zug:<\/strong> Zug nach Borl\u00e4nge oder Mora, dann Bus nach S\u00e4len.<\/li>\n\n\n\n<li><strong>Bus:<\/strong> Reisen Sie mit dem Bus \u00fcber Stockholm oder andere Knotenpunkte, je nach Saison und Fahrplan.<\/li>\n\n\n\n<li><strong>Auto:<\/strong> Ca. 6-7 Stunden. <\/li>\n<\/ul>\n\n\n\n<h3 class=\"wp-block-heading\"><strong>Von Helsinki aus<\/strong><\/h3>\n\n\n\n<ul class=\"wp-block-list\">\n<li><strong>Zug und F\u00e4hre:<\/strong> Nehmen Sie die F\u00e4hre nach Stockholm und fahren Sie von dort aus mit dem Zug, Bus oder Auto nach S\u00e4len.<\/li>\n\n\n\n<li><strong>Bus:<\/strong> Kombinationen mit F\u00e4hre und Fernbus \u00fcber Schweden sind je nach Saison m\u00f6glich.<\/li>\n\n\n\n<li><strong>Mit dem Auto:<\/strong> Ca. 11-13 Stunden, je nach Route und F\u00e4hrverbindung. <\/li>\n<\/ul>\n\n\n\n<h3 class=\"wp-block-heading\"><strong>Von K\u00f8enhavn aus<\/strong><\/h3>\n\n\n\n<div class=\"wp-block-group is-nowrap is-layout-flex wp-container-core-group-is-layout-7387b849 wp-block-group-is-layout-flex\">\n<ul class=\"wp-block-list\">\n<li><strong>Zug:<\/strong> Zug nach Stockholm, Borl\u00e4nge oder Mora, dann Bus nach S\u00e4len.<\/li>\n\n\n\n<li><strong>Bus:<\/strong> Fernbus \u00fcber Schweden mit Weiterfahrt nach S\u00e4len.<\/li>\n\n\n\n<li><strong>Mit dem Auto:<\/strong> Ca. 8-10 Stunden \u00fcber die \u00d6resundbr\u00fccke und weiter n\u00f6rdlich in Schweden. <\/li>\n<\/ul>\n\n\n\n<p class=\"wp-block-paragraph\">.<\/p>\n<\/div>\n\n\n\n<h3 class=\"wp-block-heading\"><strong>Von Fredrikshavn<\/strong> (F\u00e4hre von D\u00e4nemark)<\/h3>\n\n\n\n<ul class=\"wp-block-list\">\n<li><strong>Zug:<\/strong> Zug von Frederikshavn \u00fcber G\u00f6teborg und weiter durch Schweden nach Mora oder Borl\u00e4nge, dann Bus nach S\u00e4len.<\/li>\n\n\n\n<li><strong>Bus:<\/strong> Busverbindungen \u00fcber Schweden mit Umsteigen auf regionale Routen nach S\u00e4len.<\/li>\n\n\n\n<li><strong>Mit dem Auto:<\/strong> Ca. 7-8 Stunden, je nach Routenwahl. <\/li>\n<\/ul>\n\n\n\n<h3 class=\"wp-block-heading\"><strong>Von Kiel <\/strong>(F\u00e4hre von Deutschland)<\/h3>\n\n\n\n<ul class=\"wp-block-list\">\n<li><strong>Z\u00fcge:<\/strong> Z\u00fcge \u00fcber D\u00e4nemark und Schweden, mit Weiterfahrt nach Mora oder Borl\u00e4nge und Bus nach S\u00e4len.<\/li>\n\n\n\n<li><strong>Bus:<\/strong> Langstreckenverbindungen \u00fcber D\u00e4nemark und Schweden mit Weiterfahrt nach S\u00e4len.<\/li>\n\n\n\n<li><strong>Mit dem Auto:<\/strong> Ca. 11-13 Stunden, je nach Route und F\u00e4hrenwahl. <\/li>\n<\/ul>\n\n\n\n<p class=\"wp-block-paragraph\"><\/p>\n<\/div>\n<\/div>\n<\/div>\n<\/div>\n<\/div>\n\n<div class=\"wp-block-group alignwide is-layout-flow wp-block-group-is-layout-flow\" style=\"border-bottom-width:1px;padding-top:40px;padding-bottom:40px\">\n<p class=\"is-service-description wp-block-paragraph\"><mark style=\"background-color:rgba(0, 0, 0, 0);color:#000000\" class=\"has-inline-color\">\ud83d\ude99 BNO Travel - Ihr Reisepartner f\u00fcr S\u00e4len<\/mark><\/p>\n\n\n\n<p class=\"wp-block-paragraph\">Ganz gleich, wie Sie reisen m\u00f6chten, wir machen Ihre Reise einfacher:<\/p>\n\n\n\n<ul class=\"wp-block-list\">\n<li><strong>Autovermietung an mehreren Orten<\/strong><\/li>\n\n\n\n<li><strong>Bus- und Transportbuchungen<\/strong><\/li>\n\n\n\n<li><strong>Beratung und Reiseplanung<\/strong><\/li>\n<\/ul>\n\n\n\n<p class=\"wp-block-paragraph\">Kontaktieren Sie uns f\u00fcr Hilfe bei Ihrer S\u00e4len-Reise!<\/p>\n<\/div>\n\n<p class=\"wp-block-paragraph\"><\/p>\n","protected":false},"excerpt":{"rendered":"<p>Wie Sie nach S\u00e4lenfjellet kommen - mit dem Flugzeug, dem Mietwagen, dem Bus, dem Zug oder dem eigenen Auto \u2708\ufe0f Mit dem Flugzeug nach Oslo Flughafen Gardermoen (OSL) Der Flughafen Oslo ist eine der h\u00e4ufigsten Anlaufstellen f\u00fcr Reisende nach S\u00e4len. Es gibt Direktfl\u00fcge von einer Reihe von europ\u00e4ischen Gro\u00dfst\u00e4dten. Fahren Sie von Gardermoen weiter nach [&hellip;]<\/p>\n","protected":false},"author":260013438,"featured_media":0,"parent":0,"menu_order":0,"comment_status":"closed","ping_status":"closed","template":"","meta":{"_crdt_document":"","footnotes":""},"class_list":["post-2860","page","type-page","status-publish","hentry"],"jetpack_likes_enabled":true,"jetpack_sharing_enabled":true,"jetpack_shortlink":"https:\/\/wp.me\/PgDuwj-K8","jetpack-related-posts":[{"id":2844,"url":"https:\/\/bno-travel.com\/de\/ihre-reise\/","url_meta":{"origin":2860,"position":0},"title":"Ihre Reise nach Trysil und S\u00e4len","author":"Jan Terje \u00c5s","date":"11. Juli 2025","format":false,"excerpt":"Finden Sie Ihren Lieblingsplatz Ihre Reise nach Trysil und S\u00e4len. Tr\u00e4umen Sie von einem Bergurlaub in Trysil oder S\u00e4len? Ihre Reise mit BNO Travel bietet Ihnen einen sicheren und flexiblen Urlaub in Norwegens und Schwedens beliebtesten Wintersportgebieten. Genie\u00dfen Sie Skifahren, Schnee, Naturerlebnisse und Familienaktivit\u00e4ten - mit klaren Reisebedingungen und allem,\u2026","rel":"","context":"\u00c4hnlicher Beitrag","block_context":{"text":"\u00c4hnlicher Beitrag","link":""},"img":{"alt_text":"Vandring i Trysil Skagsvola - en herlig vandretur for hele familien.","src":"https:\/\/i0.wp.com\/bno-travel.com\/wp-content\/uploads\/2025\/06\/28177379886_c8a50193b0_c.jpg?resize=350%2C200","width":350,"height":200,"srcset":"https:\/\/i0.wp.com\/bno-travel.com\/wp-content\/uploads\/2025\/06\/28177379886_c8a50193b0_c.jpg?resize=350%2C200 1x, https:\/\/i0.wp.com\/bno-travel.com\/wp-content\/uploads\/2025\/06\/28177379886_c8a50193b0_c.jpg?resize=525%2C300 1.5x, https:\/\/i0.wp.com\/bno-travel.com\/wp-content\/uploads\/2025\/06\/28177379886_c8a50193b0_c.jpg?resize=700%2C400 2x"},"classes":[]},{"id":1939,"url":"https:\/\/bno-travel.com\/de\/reisen-sie-hier-nach-trysil\/","url_meta":{"origin":2860,"position":1},"title":"Reisen Sie hier nach Trysil","author":"Jan Terje \u00c5s","date":"11. Juli 2025","format":false,"excerpt":"Wie Sie nach Trysil kommen - mit dem Flugzeug, dem Mietwagen, dem Bus, dem Zug oder dem eigenen Auto \u2708\ufe0f Mit dem Flugzeug nach Oslo Flughafen Gardermoen (OSL) Der Flughafen Oslo ist die h\u00e4ufigste Anlaufstelle f\u00fcr Reisende aus Trysil. Es gibt Direktfl\u00fcge von einer Reihe von europ\u00e4ischen Gro\u00dfst\u00e4dten. Fahren Sie\u2026","rel":"","context":"\u00c4hnlicher Beitrag","block_context":{"text":"\u00c4hnlicher Beitrag","link":""},"img":{"alt_text":"Trysil Ski resort, skiferie i Trysil,","src":"https:\/\/i0.wp.com\/bno-travel.com\/wp-content\/uploads\/2025\/06\/10001-20191216-Drone0784-scaled-1.jpg?resize=350%2C200&ssl=1","width":350,"height":200,"srcset":"https:\/\/i0.wp.com\/bno-travel.com\/wp-content\/uploads\/2025\/06\/10001-20191216-Drone0784-scaled-1.jpg?resize=350%2C200&ssl=1 1x, https:\/\/i0.wp.com\/bno-travel.com\/wp-content\/uploads\/2025\/06\/10001-20191216-Drone0784-scaled-1.jpg?resize=525%2C300&ssl=1 1.5x, https:\/\/i0.wp.com\/bno-travel.com\/wp-content\/uploads\/2025\/06\/10001-20191216-Drone0784-scaled-1.jpg?resize=700%2C400&ssl=1 2x, https:\/\/i0.wp.com\/bno-travel.com\/wp-content\/uploads\/2025\/06\/10001-20191216-Drone0784-scaled-1.jpg?resize=1050%2C600&ssl=1 3x, https:\/\/i0.wp.com\/bno-travel.com\/wp-content\/uploads\/2025\/06\/10001-20191216-Drone0784-scaled-1.jpg?resize=1400%2C800&ssl=1 4x"},"classes":[]},{"id":2919,"url":"https:\/\/bno-travel.com\/de\/entdecken-sie-das-salenfjellet-das-ganze-jahr-uber-fur-aktivurlauber\/","url_meta":{"origin":2860,"position":2},"title":"Entdecken Sie das S\u00e4lenfjellet - Das Abenteuer beginnt hier","author":"Jan Terje \u00c5s","date":"18. Juli 2025","format":false,"excerpt":"S\u00e4len entdecken \u2605\u2605\u2605\u2605\u2605 Hier finden Sie eine Unterkunft in S\u00e4len Entdecken Sie S\u00e4len und das S\u00e4lenfjellet, ein ganzj\u00e4hriges Reiseziel, das atemberaubende Natur mit einer Vielzahl von Aktivit\u00e4ten und Erlebnissen verbindet. Mit BNO TRAVEL ist das Reisen nach S\u00e4len einfach und bequem - egal, ob Sie auf der Suche nach verschneiten\u2026","rel":"","context":"\u00c4hnlicher Beitrag","block_context":{"text":"\u00c4hnlicher Beitrag","link":""},"img":{"alt_text":"","src":"https:\/\/i0.wp.com\/bno-travel.com\/wp-content\/uploads\/2025\/06\/2016JH070404.jpg?resize=350%2C200&ssl=1","width":350,"height":200,"srcset":"https:\/\/i0.wp.com\/bno-travel.com\/wp-content\/uploads\/2025\/06\/2016JH070404.jpg?resize=350%2C200&ssl=1 1x, https:\/\/i0.wp.com\/bno-travel.com\/wp-content\/uploads\/2025\/06\/2016JH070404.jpg?resize=525%2C300&ssl=1 1.5x, https:\/\/i0.wp.com\/bno-travel.com\/wp-content\/uploads\/2025\/06\/2016JH070404.jpg?resize=700%2C400&ssl=1 2x, https:\/\/i0.wp.com\/bno-travel.com\/wp-content\/uploads\/2025\/06\/2016JH070404.jpg?resize=1050%2C600&ssl=1 3x, https:\/\/i0.wp.com\/bno-travel.com\/wp-content\/uploads\/2025\/06\/2016JH070404.jpg?resize=1400%2C800&ssl=1 4x"},"classes":[]},{"id":2885,"url":"https:\/\/bno-travel.com\/de\/salenfjellet\/","url_meta":{"origin":2860,"position":3},"title":"S\u00e4lenfjellet","author":"Jan Terje \u00c5s","date":"30. September 2025","format":false,"excerpt":". Lindvallen, H\u00f6gfj\u00e4llet und Tand\u00e5dalen Willkommen zu verschneiten Abenteuern und entspanntem H\u00fcttenleben in S\u00e4len!Mit BNO TRAVEL wohnen Sie bequem im Herzen des S\u00e4lenfjellet - in der N\u00e4he von Lindvallen, H\u00f6gfj\u00e4llet und Tand\u00e5dalen. Die Gegend ist bekannt f\u00fcr ihr gro\u00dfes Angebot an alpinen Pisten, die familienfreundliche Atmosph\u00e4re und die hervorragenden Langlaufbedingungen.\u2026","rel":"","context":"\u00c4hnlicher Beitrag","block_context":{"text":"\u00c4hnlicher Beitrag","link":""},"img":{"alt_text":"overnatting i salen","src":"https:\/\/i0.wp.com\/bno-travel.com\/wp-content\/uploads\/2025\/06\/AdobeStock_121113275-e1751307052527.jpeg?resize=350%2C200&ssl=1","width":350,"height":200,"srcset":"https:\/\/i0.wp.com\/bno-travel.com\/wp-content\/uploads\/2025\/06\/AdobeStock_121113275-e1751307052527.jpeg?resize=350%2C200&ssl=1 1x, https:\/\/i0.wp.com\/bno-travel.com\/wp-content\/uploads\/2025\/06\/AdobeStock_121113275-e1751307052527.jpeg?resize=525%2C300&ssl=1 1.5x, https:\/\/i0.wp.com\/bno-travel.com\/wp-content\/uploads\/2025\/06\/AdobeStock_121113275-e1751307052527.jpeg?resize=700%2C400&ssl=1 2x, https:\/\/i0.wp.com\/bno-travel.com\/wp-content\/uploads\/2025\/06\/AdobeStock_121113275-e1751307052527.jpeg?resize=1050%2C600&ssl=1 3x, https:\/\/i0.wp.com\/bno-travel.com\/wp-content\/uploads\/2025\/06\/AdobeStock_121113275-e1751307052527.jpeg?resize=1400%2C800&ssl=1 4x"},"classes":[]},{"id":34882,"url":"https:\/\/bno-travel.com\/de\/lofoten\/","url_meta":{"origin":2860,"position":4},"title":"Lofoten","author":"Jan Terje \u00c5s","date":"10. April 2026","format":false,"excerpt":"Lofoten Eine ikonische K\u00fcstenlandschaft, in der Berge, Meer und Licht eine Reise schaffen, die sich wie ein ganzes Leben anf\u00fchlt. Die Lofoten sind f\u00fcr diejenigen, die die norwegische Natur von ihrer kraftvollsten, eindrucksvollsten und unvergesslichsten Seite erleben m\u00f6chten. Hier treffen zerkl\u00fcftete Berge auf offene See, kleine Fischerd\u00f6rfer sind den Kr\u00e4ften\u2026","rel":"","context":"\u00c4hnlicher Beitrag","block_context":{"text":"\u00c4hnlicher Beitrag","link":""},"img":{"alt_text":"","src":"","width":0,"height":0},"classes":[]}],"_links":{"self":[{"href":"https:\/\/bno-travel.com\/de\/wp-json\/wp\/v2\/pages\/2860","targetHints":{"allow":["GET"]}}],"collection":[{"href":"https:\/\/bno-travel.com\/de\/wp-json\/wp\/v2\/pages"}],"about":[{"href":"https:\/\/bno-travel.com\/de\/wp-json\/wp\/v2\/types\/page"}],"author":[{"embeddable":true,"href":"https:\/\/bno-travel.com\/de\/wp-json\/wp\/v2\/users\/260013438"}],"replies":[{"embeddable":true,"href":"https:\/\/bno-travel.com\/de\/wp-json\/wp\/v2\/comments?post=2860"}],"version-history":[{"count":2,"href":"https:\/\/bno-travel.com\/de\/wp-json\/wp\/v2\/pages\/2860\/revisions"}],"predecessor-version":[{"id":28302,"href":"https:\/\/bno-travel.com\/de\/wp-json\/wp\/v2\/pages\/2860\/revisions\/28302"}],"wp:attachment":[{"href":"https:\/\/bno-travel.com\/de\/wp-json\/wp\/v2\/media?parent=2860"}],"curies":[{"name":"wp","href":"https:\/\/api.w.org\/{rel}","templated":true}]}}