{"id":3876,"date":"2025-07-18T20:49:39","date_gmt":"2025-07-18T18:49:39","guid":{"rendered":"https:\/\/bno-travel.com\/?page_id=3876"},"modified":"2025-07-18T20:49:59","modified_gmt":"2025-07-18T18:49:59","slug":"einkaufen-in-salen","status":"publish","type":"page","link":"https:\/\/bno-travel.com\/de\/einkaufen-in-salen\/","title":{"rendered":"Einkaufen in S\u00e4len"},"content":{"rendered":"\n<p class=\"wp-block-paragraph\"><\/p>\n\n<div class=\"wp-block-cover alignfull\" style=\"margin-top:0;margin-bottom:0;padding-top:var(--wp--preset--spacing--20);padding-right:var(--wp--preset--spacing--40);padding-bottom:var(--wp--preset--spacing--20);padding-left:var(--wp--preset--spacing--40);min-height:932px;aspect-ratio:unset;\"><img data-recalc-dims=\"1\" fetchpriority=\"high\" decoding=\"async\" width=\"800\" height=\"533\" class=\"wp-block-cover__image-background wp-image-3757 size-full\" alt=\"Shopping i S\u00e4len\" src=\"https:\/\/i0.wp.com\/bno-travel.com\/wp-content\/uploads\/2025\/07\/AdobeStock_257205476.jpeg?resize=800%2C533&#038;ssl=1\" style=\"object-position:50% 65%\" data-object-fit=\"cover\" data-object-position=\"50% 65%\" srcset=\"https:\/\/i0.wp.com\/bno-travel.com\/wp-content\/uploads\/2025\/07\/AdobeStock_257205476.jpeg?w=5760&amp;ssl=1 5760w, https:\/\/i0.wp.com\/bno-travel.com\/wp-content\/uploads\/2025\/07\/AdobeStock_257205476.jpeg?resize=300%2C200&amp;ssl=1 300w, https:\/\/i0.wp.com\/bno-travel.com\/wp-content\/uploads\/2025\/07\/AdobeStock_257205476.jpeg?resize=1024%2C683&amp;ssl=1 1024w, https:\/\/i0.wp.com\/bno-travel.com\/wp-content\/uploads\/2025\/07\/AdobeStock_257205476.jpeg?resize=768%2C512&amp;ssl=1 768w, https:\/\/i0.wp.com\/bno-travel.com\/wp-content\/uploads\/2025\/07\/AdobeStock_257205476.jpeg?resize=1536%2C1024&amp;ssl=1 1536w, https:\/\/i0.wp.com\/bno-travel.com\/wp-content\/uploads\/2025\/07\/AdobeStock_257205476.jpeg?resize=2048%2C1365&amp;ssl=1 2048w, https:\/\/i0.wp.com\/bno-travel.com\/wp-content\/uploads\/2025\/07\/AdobeStock_257205476.jpeg?w=1600&amp;ssl=1 1600w, https:\/\/i0.wp.com\/bno-travel.com\/wp-content\/uploads\/2025\/07\/AdobeStock_257205476.jpeg?w=2400&amp;ssl=1 2400w\" sizes=\"(max-width: 800px) 100vw, 800px\" \/><span aria-hidden=\"true\" class=\"wp-block-cover__background has-theme-1-background-color has-background-dim-30 has-background-dim\"><\/span><div class=\"wp-block-cover__inner-container is-layout-flow wp-block-cover-is-layout-flow\">\n<div style=\"height:var(--wp--preset--spacing--50)\" aria-hidden=\"true\" class=\"wp-block-spacer\"><\/div>\n\n\n\n<div style=\"height:var(--wp--preset--spacing--50)\" aria-hidden=\"true\" class=\"wp-block-spacer\"><\/div>\n<\/div><\/div>\n\n<div class=\"wp-block-group alignfull is-style-section-3 is-layout-constrained wp-block-group-is-layout-constrained\" style=\"margin-top:0;margin-bottom:0;padding-top:var(--wp--preset--spacing--40);padding-bottom:var(--wp--preset--spacing--40)\">\n<div class=\"wp-block-columns alignwide are-vertically-aligned-center is-layout-flex wp-container-core-columns-is-layout-d9ad523d wp-block-columns-is-layout-flex\">\n<div class=\"wp-block-column is-vertically-aligned-center is-layout-flow wp-block-column-is-layout-flow\">\n<figure class=\"wp-block-image size-full\"><img data-recalc-dims=\"1\" decoding=\"async\" width=\"800\" height=\"533\" src=\"https:\/\/i0.wp.com\/bno-travel.com\/wp-content\/uploads\/2025\/07\/AdobeStock_257205476.jpeg?resize=800%2C533&#038;ssl=1\" alt=\"Einkaufen in S&#xE4;len\" class=\"wp-image-3757\" style=\"aspect-ratio:3\/4;object-fit:cover\" title=\"Titel\" srcset=\"https:\/\/i0.wp.com\/bno-travel.com\/wp-content\/uploads\/2025\/07\/AdobeStock_257205476.jpeg?w=5760&amp;ssl=1 5760w, https:\/\/i0.wp.com\/bno-travel.com\/wp-content\/uploads\/2025\/07\/AdobeStock_257205476.jpeg?resize=300%2C200&amp;ssl=1 300w, https:\/\/i0.wp.com\/bno-travel.com\/wp-content\/uploads\/2025\/07\/AdobeStock_257205476.jpeg?resize=1024%2C683&amp;ssl=1 1024w, https:\/\/i0.wp.com\/bno-travel.com\/wp-content\/uploads\/2025\/07\/AdobeStock_257205476.jpeg?resize=768%2C512&amp;ssl=1 768w, https:\/\/i0.wp.com\/bno-travel.com\/wp-content\/uploads\/2025\/07\/AdobeStock_257205476.jpeg?resize=1536%2C1024&amp;ssl=1 1536w, https:\/\/i0.wp.com\/bno-travel.com\/wp-content\/uploads\/2025\/07\/AdobeStock_257205476.jpeg?resize=2048%2C1365&amp;ssl=1 2048w, https:\/\/i0.wp.com\/bno-travel.com\/wp-content\/uploads\/2025\/07\/AdobeStock_257205476.jpeg?w=1600&amp;ssl=1 1600w, https:\/\/i0.wp.com\/bno-travel.com\/wp-content\/uploads\/2025\/07\/AdobeStock_257205476.jpeg?w=2400&amp;ssl=1 2400w\" sizes=\"(max-width: 800px) 100vw, 800px\" \/><\/figure>\n<\/div>\n\n\n\n<div class=\"wp-block-column is-vertically-aligned-center is-content-justification-left is-layout-constrained wp-container-core-column-is-layout-b64f6bf5 wp-block-column-is-layout-constrained\">\n<p class=\"wp-block-paragraph\"><\/p>\n\n\n\n<h2 class=\"wp-block-heading\"><strong>Shopping in S\u00e4len - Lokale Gesch\u00e4fte, Caf\u00e9s und Bergatmosph\u00e4re das ganze Jahr \u00fcber<\/strong><\/h2>\n\n\n\n<p class=\"wp-block-paragraph\">S\u00e4len ist in erster Linie als eines der gr\u00f6\u00dften Skigebiete der nordischen Region bekannt, aber die Gegend bietet auch <strong>gro\u00dfartige Einkaufsm\u00f6glichkeiten und kulinarische Erlebnisse<\/strong>, die Ihrem Bergurlaub das gewisse Etwas verleihen. <strong>Das Stadtzentrum von S\u00e4len, Lindvallen und H\u00f6gfj\u00e4llet<\/strong> bieten eine gro\u00dfe Auswahl an <strong>Gesch\u00e4ften, Spezialit\u00e4tenl\u00e4den und Caf\u00e9s<\/strong> - perfekt f\u00fcr einen gem\u00fctlichen Tag zwischen den Aktivit\u00e4ten oder einen bequemen Halt vor dem Gipfel. <\/p>\n\n\n\n<p class=\"wp-block-paragraph\">Hier k\u00f6nnen Sie <strong>lokal und pers\u00f6nlich<\/strong> einkaufen, mit einem kurzen Weg zwischen Sport, Mode, Interieur und Essen. Durch die <strong>fu\u00dfl\u00e4ufige Entfernung zwischen den Gesch\u00e4ften und Caf\u00e9s<\/strong> im Stadtzentrum und den einfachen Zugang zu Parkpl\u00e4tzen k\u00f6nnen Sie das Einkaufen leicht mit einer entspannten Pause verbinden. <\/p>\n\n\n\n<p class=\"wp-block-paragraph\"><strong>Systembolaget im Zentrum von S\u00e4len - Einfach und zug\u00e4nglich f\u00fcr Urlauber<\/strong><\/p>\n\n\n\n<p class=\"wp-block-paragraph\"><a href=\"https:\/\/www.systembolaget.se\/butiker-ombud\/butik\/dalarnas-lan\/salen\/centrumhuset-2010\/\" target=\"_blank\" rel=\"noopener\">Systembolaget im Zentrum von S\u00e4len<\/a> ist die einzige Verkaufsstelle f\u00fcr Wein, Bier und Spirituosen in der Gegend und ein nat\u00fcrlicher Halt f\u00fcr viele Menschen, die eine H\u00fcttenreise oder einen Urlaub in den Bergen machen. Das Gesch\u00e4ft ist zentral gelegen, verf\u00fcgt \u00fcber gute Parkm\u00f6glichkeiten und bietet eine gro\u00dfe Auswahl an Getr\u00e4nken - sowohl lokale Produkte als auch internationale Marken. <\/p>\n\n\n\n<p class=\"wp-block-paragraph\">Au\u00dferdem hilft Ihnen das fachkundige Personal gerne weiter, egal ob Sie eine Weinempfehlung f\u00fcr das Abendessen ben\u00f6tigen oder etwas Besonderes f\u00fcr Ihre H\u00fctte kaufen m\u00f6chten. Der Laden h\u00e4lt sich an die schwedischen \u00d6ffnungszeiten und die Alkoholvorschriften, so dass es eine gute Idee ist, vor Wochenenden oder Feiertagen einzukaufen. <\/p>\n<\/div>\n<\/div>\n<\/div>\n\n<div class=\"wp-block-group alignfull is-style-default is-content-justification-center is-layout-constrained wp-container-core-group-is-layout-69af11d0 wp-block-group-is-layout-constrained\" style=\"margin-top:0;margin-bottom:0;padding-top:var(--wp--preset--spacing--40);padding-bottom:var(--wp--preset--spacing--40)\">\n<div class=\"wp-block-group alignwide is-content-justification-left is-layout-constrained wp-container-core-group-is-layout-54d22900 wp-block-group-is-layout-constrained\">\n<p class=\"wp-block-paragraph\"><\/p>\n<\/div>\n<\/div>\n\n<div class=\"wp-block-group alignfull is-content-justification-center is-layout-constrained wp-block-group-is-layout-constrained\" style=\"margin-top:0;margin-bottom:0;padding-top:var(--wp--preset--spacing--40);padding-bottom:var(--wp--preset--spacing--40)\">\n<div class=\"wp-block-columns alignwide are-vertically-aligned-center is-layout-flex wp-container-core-columns-is-layout-7387b849 wp-block-columns-is-layout-flex\">\n<div class=\"wp-block-column is-vertically-aligned-center is-content-justification-left is-layout-constrained wp-container-core-column-is-layout-b64f6bf5 wp-block-column-is-layout-constrained\">\n<p class=\"wp-block-paragraph\"><strong>Gesch\u00e4fte und Dienstleistungen in S\u00e4len<\/strong><\/p>\n\n\n\n<p class=\"wp-block-paragraph\">Das Stadtzentrum von S\u00e4len und das Einkaufszentrum <strong>S\u00e4lfj\u00e4llstorget<\/strong> in Lindvallen bieten eine breite Palette an Angeboten, die die meisten Ihrer Bed\u00fcrfnisse abdecken - ob Sie nun Kleidung, Sportausr\u00fcstung oder ein Geschenk f\u00fcr die Gastgeberin suchen.<\/p>\n\n\n\n<p class=\"wp-block-paragraph\">Hier finden Sie unter anderem:<\/p>\n\n\n\n<ul class=\"wp-block-list\">\n<li>Sportgesch\u00e4fte mit Kleidung und Ausr\u00fcstung f\u00fcr Skifahren, Radfahren und Outdoor-Aktivit\u00e4ten<\/li>\n\n\n\n<li>Mode und Schuhe f\u00fcr Erwachsene und Kinder<\/li>\n\n\n\n<li>Interieur und Geschenkel\u00e4den im Bergstil und skandinavischem Design<\/li>\n\n\n\n<li>Lebensmittelgesch\u00e4ft, Apotheke, Reformhaus und Systembolaget<\/li>\n\n\n\n<li>Elektronik, Friseur und Dienstleistungen f\u00fcr Auto und Haus<\/li>\n<\/ul>\n\n\n\n<p class=\"wp-block-paragraph\"><strong>Stadium Outlet in S\u00e4len - Sport und Freizeit zu g\u00fcnstigen Preisen<\/strong><\/p>\n\n\n\n<p class=\"wp-block-paragraph\">Das <a href=\"https:\/\/www.stadiumoutlet.se\/\" target=\"_blank\" rel=\"noopener\">Stadium Outlet in S\u00e4len<\/a> ist eine beliebte Anlaufstelle f\u00fcr H\u00fcttenbewohner und Urlauber, die auf der Suche nach Qualit\u00e4tsprodukten zu guten Preisen sind. Hier finden Sie eine gro\u00dfe Auswahl an Kleidung, Schuhen und Ausr\u00fcstung f\u00fcr das Skifahren, das Training, das Leben im Freien und den t\u00e4glichen Gebrauch - sowohl f\u00fcr Erwachsene als auch f\u00fcr Kinder. <\/p>\n\n\n\n<p class=\"wp-block-paragraph\">Das Gesch\u00e4ft liegt zentral in Lindvallen und ist leicht zu erreichen, egal ob Sie mit dem Auto unterwegs sind oder in der N\u00e4he wohnen. Die Auswahl variiert im Laufe der Saison, aber Sie k\u00f6nnen immer bekannte Marken zu Outlet-Preisen erwarten - perfekt f\u00fcr alle, die ihre Ausr\u00fcstung vor dem Skifahren, Radfahren oder Wandern aktualisieren m\u00f6chten. <\/p>\n\n\n\n<p class=\"wp-block-paragraph\"><strong>Caf\u00e9s und Gastst\u00e4tten - Geschmackspausen in den Bergen<\/strong><\/p>\n\n\n\n<p class=\"wp-block-paragraph\">Nach dem Einkaufen k\u00f6nnen Sie sich bei einer <strong>Tasse Kaffee, einem Mittagessen oder frischem Geb\u00e4ck<\/strong> in einem der vielen gem\u00fctlichen Lokale von S\u00e4len entspannen. Ob Sie etwas Einfaches oder etwas S\u00fc\u00dfes suchen, es gibt M\u00f6glichkeiten f\u00fcr jeden Geschmack. <\/p>\n\n\n\n<p class=\"wp-block-paragraph\">Beliebte Orte, an denen Sie vorbeikommen k\u00f6nnen:<\/p>\n\n\n\n<ul class=\"wp-block-list\">\n<li><strong>Caf\u00e9 Mezzo<\/strong> (S\u00e4lfj\u00e4llstorget): Bekannt f\u00fcr guten Kaffee, hausgemachte Backwaren und gem\u00fctliche Atmosph\u00e4re<\/li>\n\n\n\n<li><strong>Gammelg\u00e5rden Caf\u00e9<\/strong> (H\u00f6gfj\u00e4llet): Ein stimmungsvoller Ort f\u00fcr Mittagessen oder Kaffee in traditioneller Umgebung<\/li>\n\n\n\n<li><strong>Fj\u00e4llbagarn<\/strong> (S\u00e4len Stadtzentrum): B\u00e4ckerei und Caf\u00e9 mit frischen Br\u00f6tchen, Brot und S\u00fc\u00dfigkeiten<\/li>\n\n\n\n<li><strong>Wayne&#8217;s Coffee<\/strong> (Lindvallen): Moderne und kinderfreundliche Caf\u00e9-Kette mit gesundem Essen und allergikerfreundlichen Optionen<\/li>\n<\/ul>\n\n\n\n<p class=\"wp-block-paragraph\"><\/p>\n<\/div>\n\n\n\n<div class=\"wp-block-column is-vertically-aligned-center is-layout-flow wp-block-column-is-layout-flow\">\n<figure class=\"wp-block-image size-full\"><img data-recalc-dims=\"1\" decoding=\"async\" width=\"799\" height=\"532\" src=\"https:\/\/i0.wp.com\/bno-travel.com\/wp-content\/uploads\/2025\/06\/19105672288_2155e3dd4c_c.jpg?resize=799%2C532&#038;ssl=1\" alt=\"Sommer in Trysil\" class=\"wp-image-2278\" style=\"aspect-ratio:3\/4;object-fit:cover\" srcset=\"https:\/\/i0.wp.com\/bno-travel.com\/wp-content\/uploads\/2025\/06\/19105672288_2155e3dd4c_c.jpg?w=799&amp;ssl=1 799w, https:\/\/i0.wp.com\/bno-travel.com\/wp-content\/uploads\/2025\/06\/19105672288_2155e3dd4c_c.jpg?resize=300%2C200&amp;ssl=1 300w, https:\/\/i0.wp.com\/bno-travel.com\/wp-content\/uploads\/2025\/06\/19105672288_2155e3dd4c_c.jpg?resize=768%2C511&amp;ssl=1 768w\" sizes=\"(max-width: 799px) 100vw, 799px\" \/><\/figure>\n<\/div>\n<\/div>\n<\/div>\n\n<div class=\"wp-block-group alignfull is-style-default is-content-justification-center is-layout-constrained wp-container-core-group-is-layout-69af11d0 wp-block-group-is-layout-constrained\" style=\"margin-top:0;margin-bottom:0;padding-top:var(--wp--preset--spacing--40);padding-bottom:var(--wp--preset--spacing--40)\">\n<div class=\"wp-block-group alignfull is-content-justification-center is-layout-constrained wp-container-core-group-is-layout-4853c3a7 wp-block-group-is-layout-constrained\" style=\"margin-top:0;margin-bottom:0;padding-top:calc( 0.5 * var(u002du002dwpu002du002dstyleu002du002drootu002du002dpadding-right, var(u002du002dwpu002du002dcustomu002du002dgapu002du002dhorizontal)));padding-right:var(u002du002dwpu002du002dstyleu002du002drootu002du002dpadding-right, var(u002du002dwpu002du002dcustomu002du002dgapu002du002dhorizontal));padding-bottom:calc( 0.5 * var(u002du002dwpu002du002dstyleu002du002drootu002du002dpadding-right, var(u002du002dwpu002du002dcustomu002du002dgapu002du002dhorizontal)));padding-left:var(u002du002dwpu002du002dstyleu002du002drootu002du002dpadding-left, var(u002du002dwpu002du002dcustomu002du002dgapu002du002dhorizontal))\">\n<div style=\"height:calc( 0.25 * var(u002du002dwpu002du002dstyleu002du002drootu002du002dpadding-right, var(u002du002dwpu002du002dcustomu002du002dgapu002du002dhorizontal)))\" aria-hidden=\"true\" class=\"wp-block-spacer\"><\/div>\n\n\n\n<div class=\"wp-block-columns alignwide is-layout-flex wp-container-core-columns-is-layout-7387b849 wp-block-columns-is-layout-flex\">\n<div class=\"wp-block-column is-vertically-aligned-center is-layout-flow wp-block-column-is-layout-flow\">\n<figure class=\"wp-block-image size-full\"><img data-recalc-dims=\"1\" loading=\"lazy\" decoding=\"async\" width=\"532\" height=\"799\" src=\"https:\/\/i0.wp.com\/bno-travel.com\/wp-content\/uploads\/2025\/06\/18670754034_e10bf74a7e_c.jpg?resize=532%2C799&#038;ssl=1\" alt=\"\" class=\"wp-image-2265\" style=\"aspect-ratio:3\/4;object-fit:cover\" srcset=\"https:\/\/i0.wp.com\/bno-travel.com\/wp-content\/uploads\/2025\/06\/18670754034_e10bf74a7e_c.jpg?w=532&amp;ssl=1 532w, https:\/\/i0.wp.com\/bno-travel.com\/wp-content\/uploads\/2025\/06\/18670754034_e10bf74a7e_c.jpg?resize=200%2C300&amp;ssl=1 200w\" sizes=\"(max-width: 532px) 100vw, 532px\" \/><\/figure>\n<\/div>\n\n\n\n<div class=\"wp-block-column is-vertically-aligned-center is-layout-flow wp-block-column-is-layout-flow\">\n<p class=\"has-text-align-left wp-block-paragraph\"><\/p>\n\n\n\n<p class=\"wp-block-paragraph\">An mehreren Orten werden auch <strong>lokale Lebensmittel, Schokolade und Geschenkartikel<\/strong> angeboten, die sich ideal als Souvenir oder kleines Mitbringsel eignen.<\/p>\n\n\n\n<p class=\"wp-block-paragraph\"><strong>Unterkunft in der N\u00e4he von Einkaufsm\u00f6glichkeiten und Stadtzentrum<\/strong><\/p>\n\n\n\n<p class=\"wp-block-paragraph\">Bei <strong>BNO TRAVEL<\/strong> finden Sie <a href=\"https:\/\/bno-travel.com\/de\/?page_id=2885\">Unterk\u00fcnfte<\/a> in unmittelbarer N\u00e4he von Einkaufsm\u00f6glichkeiten und Aktivit\u00e4ten. Wir bieten: <\/p>\n\n\n\n<ul class=\"wp-block-list\">\n<li>Apartments und H\u00fctten am <strong>Lindvallen<\/strong> und <strong>S\u00e4lfj\u00e4llstorget<\/strong>, ideal f\u00fcr Familien mit Kindern und Paare<\/li>\n\n\n\n<li>Unterkunft in der N\u00e4he des <strong>Zentrums von S\u00e4len<\/strong>, in der N\u00e4he von Gesch\u00e4ften, Restaurants und Aktivit\u00e4ten<\/li>\n\n\n\n<li>Bergh\u00fctten in <strong>H\u00f6gfj\u00e4llet und Tand\u00e5dalen<\/strong>, f\u00fcr diejenigen, die Ruhe und Aussicht suchen - aber gleichzeitig Zugang zu den Angeboten im Tal<\/li>\n<\/ul>\n\n\n\n<p class=\"wp-block-paragraph\">Alle unsere Wohneinheiten k\u00f6nnen mit <strong>Bettw\u00e4sche, Endreinigung und pers\u00f6nlichem Service<\/strong> geliefert werden.<\/p>\n\n\n\n<p class=\"wp-block-paragraph\"><strong>Erleben Sie Shopping und Bergatmosph\u00e4re in S\u00e4len mit BNO TRAVEL<\/strong><\/p>\n\n\n\n<p class=\"wp-block-paragraph\">S\u00e4len bietet mehr als nur Skipisten und Radwege - es ist auch ein <strong>geselliges und freundliches Reiseziel<\/strong> mit allem, was Sie f\u00fcr einen kompletten Urlaub brauchen. Wir von <strong>BNO TRAVEL<\/strong> helfen Ihnen, die richtige Unterkunft zu finden und geben Ihnen Tipps, was Sie in der Umgebung erleben k\u00f6nnen - im Sommer wie im Winter. <\/p>\n\n\n\n<p class=\"wp-block-paragraph\"><strong>Setzen Sie sich noch heute mit uns in Verbindung, um Ihren Aufenthalt in S\u00e4len zu planen - und genie\u00dfen Sie einen Urlaub, der Natur, Shopping und guten Geschmack verbindet.<\/strong>ie Trysil zu bieten hat - das ganze Jahr \u00fcber<\/p>\n<\/div>\n<\/div>\n\n\n\n<div style=\"height:calc( 0.25 * var(u002du002dwpu002du002dstyleu002du002drootu002du002dpadding-right, var(u002du002dwpu002du002dcustomu002du002dgapu002du002dhorizontal)))\" aria-hidden=\"true\" class=\"wp-block-spacer\"><\/div>\n<\/div>\n\n\n\n<div class=\"wp-block-group alignwide is-content-justification-left is-layout-constrained wp-container-core-group-is-layout-54d22900 wp-block-group-is-layout-constrained\"><\/div>\n<\/div>\n\n<div class=\"wp-block-group alignfull is-style-default is-content-justification-center is-layout-constrained wp-container-core-group-is-layout-cdf99998 wp-block-group-is-layout-constrained\" style=\"margin-top:0;margin-bottom:0;padding-top:var(--wp--preset--spacing--40);padding-bottom:var(--wp--preset--spacing--40)\"><\/div>\n\n<p class=\"wp-block-paragraph\"><\/p>\n","protected":false},"excerpt":{"rendered":"<p>Shopping in S\u00e4len - Lokale Gesch\u00e4fte, Caf\u00e9s und Bergatmosph\u00e4re das ganze Jahr \u00fcber S\u00e4len ist in erster Linie als eines der gr\u00f6\u00dften Skigebiete der nordischen Region bekannt, aber die Gegend bietet auch gro\u00dfartige Einkaufsm\u00f6glichkeiten und kulinarische Erlebnisse, die Ihrem Bergurlaub das gewisse Etwas verleihen. Das Stadtzentrum von S\u00e4len, Lindvallen und H\u00f6gfj\u00e4llet bieten eine gro\u00dfe Auswahl [&hellip;]<\/p>\n","protected":false},"author":260013438,"featured_media":0,"parent":0,"menu_order":0,"comment_status":"closed","ping_status":"closed","template":"","meta":{"_crdt_document":"","footnotes":""},"class_list":["post-3876","page","type-page","status-publish","hentry"],"jetpack_likes_enabled":true,"jetpack_sharing_enabled":true,"jetpack_shortlink":"https:\/\/wp.me\/PgDuwj-10w","jetpack-related-posts":[{"id":2865,"url":"https:\/\/bno-travel.com\/en\/the-journey-here-to-salenfjellet\/","url_meta":{"origin":3876,"position":0},"title":"The journey here to S\u00e4lenfjellet","author":"Jan Terje \u00c5s","date":"11. Juli 2025","format":false,"excerpt":". How to get to S\u00e4lenfjellet - by plane, rental car, bus, train or own car \u2708\ufe0f By plane to Oslo Airport Gardermoen (OSL) Oslo Airport is one of the most common entry points for travelers to S\u00e4len. There are direct flights from a number of major European cities. Continue\u2026","rel":"","context":"\u00c4hnlicher Beitrag","block_context":{"text":"\u00c4hnlicher Beitrag","link":""},"img":{"alt_text":"overnatting i salen","src":"https:\/\/i0.wp.com\/bno-travel.com\/wp-content\/uploads\/2025\/06\/AdobeStock_121113275-e1751307052527.jpeg?resize=350%2C200&ssl=1","width":350,"height":200,"srcset":"https:\/\/i0.wp.com\/bno-travel.com\/wp-content\/uploads\/2025\/06\/AdobeStock_121113275-e1751307052527.jpeg?resize=350%2C200&ssl=1 1x, https:\/\/i0.wp.com\/bno-travel.com\/wp-content\/uploads\/2025\/06\/AdobeStock_121113275-e1751307052527.jpeg?resize=525%2C300&ssl=1 1.5x, https:\/\/i0.wp.com\/bno-travel.com\/wp-content\/uploads\/2025\/06\/AdobeStock_121113275-e1751307052527.jpeg?resize=700%2C400&ssl=1 2x, https:\/\/i0.wp.com\/bno-travel.com\/wp-content\/uploads\/2025\/06\/AdobeStock_121113275-e1751307052527.jpeg?resize=1050%2C600&ssl=1 3x, https:\/\/i0.wp.com\/bno-travel.com\/wp-content\/uploads\/2025\/06\/AdobeStock_121113275-e1751307052527.jpeg?resize=1400%2C800&ssl=1 4x"},"classes":[]},{"id":3825,"url":"https:\/\/bno-travel.com\/en\/spa-and-bath-in-salen\/","url_meta":{"origin":3876,"position":1},"title":"Spa and swimming in S\u00e4len","author":"Jan Terje \u00c5s","date":"18. Juli 2025","format":false,"excerpt":"Spa and baths in S\u00e4len - Wellness and relaxation in a mountain environment S\u00e4len isn't just about skiing, cycling and the great outdoors - it's also a fantastic destination if you're looking for peace, relaxation and true mountain harmony. Whether you're coming for a romantic weekend, a family vacation or\u2026","rel":"","context":"\u00c4hnlicher Beitrag","block_context":{"text":"\u00c4hnlicher Beitrag","link":""},"img":{"alt_text":"","src":"https:\/\/i0.wp.com\/bno-travel.com\/wp-content\/uploads\/2025\/07\/52200128044_b550a6c33d_c.jpg?resize=350%2C200&ssl=1","width":350,"height":200,"srcset":"https:\/\/i0.wp.com\/bno-travel.com\/wp-content\/uploads\/2025\/07\/52200128044_b550a6c33d_c.jpg?resize=350%2C200&ssl=1 1x, https:\/\/i0.wp.com\/bno-travel.com\/wp-content\/uploads\/2025\/07\/52200128044_b550a6c33d_c.jpg?resize=525%2C300&ssl=1 1.5x, https:\/\/i0.wp.com\/bno-travel.com\/wp-content\/uploads\/2025\/07\/52200128044_b550a6c33d_c.jpg?resize=700%2C400&ssl=1 2x"},"classes":[]},{"id":35286,"url":"https:\/\/bno-travel.com\/en\/restaurants-in-salen\/","url_meta":{"origin":3876,"position":2},"title":"Restaurants in S\u00e4len","author":"Jan Terje \u00c5s","date":"18. Juli 2025","format":false,"excerpt":"Restaurants in S\u00e4len Flavourful experiences all year round \u2013 from mountain restaurants and bakeries to social dinners and relaxing breaks between activities S\u00e4len is not only about skiing, cycling and mountain scenery. It is also a destination with a varied selection of restaurants, caf\u00e9s and places to eat that make\u2026","rel":"","context":"\u00c4hnlicher Beitrag","block_context":{"text":"\u00c4hnlicher Beitrag","link":""},"img":{"alt_text":"","src":"","width":0,"height":0},"classes":[]},{"id":2862,"url":"https:\/\/bno-travel.com\/en\/salenfjellet\/","url_meta":{"origin":3876,"position":3},"title":"S\u00e4lenfjellet","author":"Jan Terje \u00c5s","date":"30. September 2025","format":false,"excerpt":". Lindvallen, H\u00f6gfj\u00e4llet and Tand\u00e5dalen Welcome to snowy adventures and relaxing cabin life in S\u00e4len.With BNO TRAVEL, you stay comfortably in the heart of S\u00e4lenfjellet \u2013 close to Lindvallen, H\u00f6gfj\u00e4llet and Tand\u00e5dalen. The area is known for its wide selection of alpine slopes, family-friendly atmosphere and excellent cross-country conditions. Our\u2026","rel":"","context":"\u00c4hnlicher Beitrag","block_context":{"text":"\u00c4hnlicher Beitrag","link":""},"img":{"alt_text":"overnatting i salen","src":"https:\/\/i0.wp.com\/bno-travel.com\/wp-content\/uploads\/2025\/06\/AdobeStock_121113275-e1751307052527.jpeg?resize=350%2C200&ssl=1","width":350,"height":200,"srcset":"https:\/\/i0.wp.com\/bno-travel.com\/wp-content\/uploads\/2025\/06\/AdobeStock_121113275-e1751307052527.jpeg?resize=350%2C200&ssl=1 1x, https:\/\/i0.wp.com\/bno-travel.com\/wp-content\/uploads\/2025\/06\/AdobeStock_121113275-e1751307052527.jpeg?resize=525%2C300&ssl=1 1.5x, https:\/\/i0.wp.com\/bno-travel.com\/wp-content\/uploads\/2025\/06\/AdobeStock_121113275-e1751307052527.jpeg?resize=700%2C400&ssl=1 2x, https:\/\/i0.wp.com\/bno-travel.com\/wp-content\/uploads\/2025\/06\/AdobeStock_121113275-e1751307052527.jpeg?resize=1050%2C600&ssl=1 3x, https:\/\/i0.wp.com\/bno-travel.com\/wp-content\/uploads\/2025\/06\/AdobeStock_121113275-e1751307052527.jpeg?resize=1400%2C800&ssl=1 4x"},"classes":[]},{"id":28330,"url":"https:\/\/bno-travel.com\/en\/home-page\/","url_meta":{"origin":3876,"position":4},"title":"Home page","author":"Jan Terje \u00c5s","date":"3. April 2026","format":false,"excerpt":"Plan your trip easier with BNO Travel Find accommodation in selected destinations, search for flights for journeys near and far, and book a rental car that gives you the freedom to go further. All in one neat and user-friendly solution. Find accommodation Search flights Find car rental Easier choice. Better\u2026","rel":"","context":"\u00c4hnlicher Beitrag","block_context":{"text":"\u00c4hnlicher Beitrag","link":""},"img":{"alt_text":"","src":"","width":0,"height":0},"classes":[]},{"id":1935,"url":"https:\/\/bno-travel.com\/en\/we-convey-your-device\/","url_meta":{"origin":3876,"position":5},"title":"We arrange your unit in Trysil and S\u00e4lenfjellet","author":"Jan Terje \u00c5s","date":"11. Juli 2025","format":false,"excerpt":"We're changing the way rental works in Trysil and S\u00e4len Rental and brokerage of cabins and apartments in Trysil and S\u00e4len, now we're changing how it works How do you go about it? If you're renting out your cabin or apartment in Trysil or S\u00e4len today, you can choose between\u2026","rel":"","context":"\u00c4hnlicher Beitrag","block_context":{"text":"\u00c4hnlicher Beitrag","link":""},"img":{"alt_text":"Trysil Turistsenter byr p\u00e5 et stort utvalg for overnatting","src":"https:\/\/i0.wp.com\/bno-travel.com\/wp-content\/uploads\/2025\/06\/10001-20191216-Drone0784-scaled-2.jpg?resize=350%2C200&ssl=1","width":350,"height":200,"srcset":"https:\/\/i0.wp.com\/bno-travel.com\/wp-content\/uploads\/2025\/06\/10001-20191216-Drone0784-scaled-2.jpg?resize=350%2C200&ssl=1 1x, https:\/\/i0.wp.com\/bno-travel.com\/wp-content\/uploads\/2025\/06\/10001-20191216-Drone0784-scaled-2.jpg?resize=525%2C300&ssl=1 1.5x, https:\/\/i0.wp.com\/bno-travel.com\/wp-content\/uploads\/2025\/06\/10001-20191216-Drone0784-scaled-2.jpg?resize=700%2C400&ssl=1 2x, https:\/\/i0.wp.com\/bno-travel.com\/wp-content\/uploads\/2025\/06\/10001-20191216-Drone0784-scaled-2.jpg?resize=1050%2C600&ssl=1 3x, https:\/\/i0.wp.com\/bno-travel.com\/wp-content\/uploads\/2025\/06\/10001-20191216-Drone0784-scaled-2.jpg?resize=1400%2C800&ssl=1 4x"},"classes":[]}],"_links":{"self":[{"href":"https:\/\/bno-travel.com\/de\/wp-json\/wp\/v2\/pages\/3876","targetHints":{"allow":["GET"]}}],"collection":[{"href":"https:\/\/bno-travel.com\/de\/wp-json\/wp\/v2\/pages"}],"about":[{"href":"https:\/\/bno-travel.com\/de\/wp-json\/wp\/v2\/types\/page"}],"author":[{"embeddable":true,"href":"https:\/\/bno-travel.com\/de\/wp-json\/wp\/v2\/users\/260013438"}],"replies":[{"embeddable":true,"href":"https:\/\/bno-travel.com\/de\/wp-json\/wp\/v2\/comments?post=3876"}],"version-history":[{"count":2,"href":"https:\/\/bno-travel.com\/de\/wp-json\/wp\/v2\/pages\/3876\/revisions"}],"predecessor-version":[{"id":4792,"href":"https:\/\/bno-travel.com\/de\/wp-json\/wp\/v2\/pages\/3876\/revisions\/4792"}],"wp:attachment":[{"href":"https:\/\/bno-travel.com\/de\/wp-json\/wp\/v2\/media?parent=3876"}],"curies":[{"name":"wp","href":"https:\/\/api.w.org\/{rel}","templated":true}]}}