{"id":3916,"date":"2025-07-18T20:35:21","date_gmt":"2025-07-18T18:35:21","guid":{"rendered":"https:\/\/bno-travel.com\/?page_id=3916"},"modified":"2025-07-18T20:36:02","modified_gmt":"2025-07-18T18:36:02","slug":"kletterpark-in-salen","status":"publish","type":"page","link":"https:\/\/bno-travel.com\/de\/kletterpark-in-salen\/","title":{"rendered":"Kletterpark in S\u00e4len"},"content":{"rendered":"\n<p class=\"wp-block-paragraph\"><\/p>\n\n<div class=\"wp-block-cover alignfull\" style=\"margin-top:0;margin-bottom:0;padding-top:var(--wp--preset--spacing--20);padding-right:var(--wp--preset--spacing--40);padding-bottom:var(--wp--preset--spacing--20);padding-left:var(--wp--preset--spacing--40);min-height:917px;aspect-ratio:unset;\"><img data-recalc-dims=\"1\" fetchpriority=\"high\" decoding=\"async\" width=\"800\" height=\"534\" class=\"wp-block-cover__image-background wp-image-2239 size-full\" alt=\"\" src=\"https:\/\/i0.wp.com\/bno-travel.com\/wp-content\/uploads\/2025\/06\/43124442155_8f90996eef_c.jpg?resize=800%2C534&#038;ssl=1\" style=\"object-position:54% 56%\" data-object-fit=\"cover\" data-object-position=\"54% 56%\" srcset=\"https:\/\/i0.wp.com\/bno-travel.com\/wp-content\/uploads\/2025\/06\/43124442155_8f90996eef_c.jpg?w=800&amp;ssl=1 800w, https:\/\/i0.wp.com\/bno-travel.com\/wp-content\/uploads\/2025\/06\/43124442155_8f90996eef_c.jpg?resize=300%2C200&amp;ssl=1 300w, https:\/\/i0.wp.com\/bno-travel.com\/wp-content\/uploads\/2025\/06\/43124442155_8f90996eef_c.jpg?resize=768%2C513&amp;ssl=1 768w\" sizes=\"(max-width: 800px) 100vw, 800px\" \/><span aria-hidden=\"true\" class=\"wp-block-cover__background has-theme-1-background-color has-background-dim-30 has-background-dim\"><\/span><div class=\"wp-block-cover__inner-container is-layout-flow wp-block-cover-is-layout-flow\">\n<div style=\"height:var(--wp--preset--spacing--50)\" aria-hidden=\"true\" class=\"wp-block-spacer\"><\/div>\n\n\n\n<div style=\"height:var(--wp--preset--spacing--50)\" aria-hidden=\"true\" class=\"wp-block-spacer\"><\/div>\n<\/div><\/div>\n\n<div class=\"wp-block-group alignfull is-style-section-3 is-layout-constrained wp-block-group-is-layout-constrained\" style=\"margin-top:0;margin-bottom:0;padding-top:var(--wp--preset--spacing--40);padding-bottom:var(--wp--preset--spacing--40)\">\n<div class=\"wp-block-columns alignwide are-vertically-aligned-center is-layout-flex wp-container-core-columns-is-layout-d9ad523d wp-block-columns-is-layout-flex\">\n<div class=\"wp-block-column is-vertically-aligned-center is-layout-flow wp-block-column-is-layout-flow\">\n<figure class=\"wp-block-image size-full\"><img data-recalc-dims=\"1\" decoding=\"async\" width=\"800\" height=\"534\" src=\"https:\/\/i0.wp.com\/bno-travel.com\/wp-content\/uploads\/2025\/06\/43311668904_2a700093da_c.jpg?resize=800%2C534&#038;ssl=1\" alt=\"Kletterpark in S&#xE4;len\" class=\"wp-image-2434\" style=\"aspect-ratio:3\/4;object-fit:cover\" title=\"Titel\" srcset=\"https:\/\/i0.wp.com\/bno-travel.com\/wp-content\/uploads\/2025\/06\/43311668904_2a700093da_c.jpg?w=800&amp;ssl=1 800w, https:\/\/i0.wp.com\/bno-travel.com\/wp-content\/uploads\/2025\/06\/43311668904_2a700093da_c.jpg?resize=300%2C200&amp;ssl=1 300w, https:\/\/i0.wp.com\/bno-travel.com\/wp-content\/uploads\/2025\/06\/43311668904_2a700093da_c.jpg?resize=768%2C513&amp;ssl=1 768w\" sizes=\"(max-width: 800px) 100vw, 800px\" \/><\/figure>\n<\/div>\n\n\n\n<div class=\"wp-block-column is-vertically-aligned-center is-content-justification-left is-layout-constrained wp-container-core-column-is-layout-b64f6bf5 wp-block-column-is-layout-constrained\">\n<p class=\"wp-block-paragraph\"><\/p>\n\n\n\n<h2 class=\"wp-block-heading\"><strong>Kletterpark in S\u00e4len - Aufregung, K\u00f6nnen und Spa\u00df f\u00fcr die ganze Familie<\/strong><\/h2>\n\n\n\n<p class=\"wp-block-paragraph\">Willkommen bei <a href=\"https:\/\/www.skistar.com\/sv\/vara-skidorter\/salen\/sommar-i-salen\/aktiviteter\/klatterpark\/\" target=\"_blank\" rel=\"noopener\"><strong>H\u00f6gt &amp; L\u00e5gt S\u00e4len<\/strong>, einem modernen und familienfreundlichen Kletterpark<\/a> in sch\u00f6ner Lage am Svansj\u00f6n in Lindvallen. Hier finden Sie luftige Seilrutschen, aufregende Hindernisparcours in den B\u00e4umen und Herausforderungen f\u00fcr kleine Kinder, Teenager, Erwachsene und adrenalins\u00fcchtige Abenteurer. <\/p>\n\n\n\n<p class=\"wp-block-paragraph\">Mit <strong>BNO TRAVEL<\/strong> k\u00f6nnen Sie ganz einfach einen Aktivurlaub in S\u00e4len planen und buchen, bei dem der Kletterpark ein nat\u00fcrliches Highlight ist - egal ob Sie mit der Familie, mit Freunden oder auf einem Betriebsausflug unterwegs sind.<\/p>\n\n\n\n<p class=\"wp-block-paragraph\"><strong>Ein Erlebnis f\u00fcr alle Altersgruppen<\/strong><\/p>\n\n\n\n<p class=\"wp-block-paragraph\">Der Kletterpark in S\u00e4len bietet Routen f\u00fcr Kinder ab 3 Jahren (ab einer H\u00f6he von 80 cm) und mehrere Routen f\u00fcr Jugendliche und Erwachsene, die mehr Spannung und h\u00f6here Herausforderungen suchen. Er verbindet Geschicklichkeit, Bewegung und Naturerlebnis auf sichere und unterhaltsame Weise. <\/p>\n\n\n\n<p class=\"wp-block-paragraph\">Dies ist eine ideale Aktivit\u00e4t f\u00fcr:<\/p>\n\n\n\n<ul class=\"wp-block-list\">\n<li>Familienurlaub<\/li>\n\n\n\n<li>Teambuilding und Betriebsausfl\u00fcge<\/li>\n\n\n\n<li>Freundschaftsgruppen und Junggesellenabschiede<\/li>\n\n\n\n<li>Aktive Paare und Alleinreisende<\/li>\n<\/ul>\n\n\n\n<p class=\"wp-block-paragraph\">Gemeinsam zu klettern, die eigenen Grenzen herauszufordern und die Beherrschung von H\u00f6hen zu erleben, sorgt f\u00fcr Gemeinschaft und gute Erinnerungen. Der Kletterpark in S\u00e4len ist ein Muss f\u00fcr jeden, der ein aktives Sommererlebnis in den Bergen sucht, mit tollen Erinnerungen und echter Kameradschaft.<\/p>\n<\/div>\n<\/div>\n<\/div>\n\n<div class=\"wp-block-group alignfull is-style-default is-content-justification-center is-layout-constrained wp-container-core-group-is-layout-69af11d0 wp-block-group-is-layout-constrained\" style=\"margin-top:0;margin-bottom:0;padding-top:var(--wp--preset--spacing--40);padding-bottom:var(--wp--preset--spacing--40)\">\n<div class=\"wp-block-group alignwide is-content-justification-left is-layout-constrained wp-container-core-group-is-layout-54d22900 wp-block-group-is-layout-constrained\"><\/div>\n<\/div>\n\n<div class=\"wp-block-group alignfull is-content-justification-center is-layout-constrained wp-block-group-is-layout-constrained\" style=\"margin-top:0;margin-bottom:0;padding-top:var(--wp--preset--spacing--40);padding-bottom:var(--wp--preset--spacing--40)\">\n<div class=\"wp-block-columns alignwide are-vertically-aligned-center is-layout-flex wp-container-core-columns-is-layout-7387b849 wp-block-columns-is-layout-flex\">\n<div class=\"wp-block-column is-vertically-aligned-center is-content-justification-left is-layout-constrained wp-container-core-column-is-layout-b64f6bf5 wp-block-column-is-layout-constrained\">\n<h2 class=\"wp-block-heading has-xx-large-font-size\"><strong>Fakten \u00fcber den Kletterpark in S\u00e4len<\/strong><\/h2>\n\n\n\n<p class=\"wp-block-paragraph\">Der Kletterpark in S\u00e4len liegt idyllisch am Svansj\u00f6n in Lindvallen, mitten im Herzen der S\u00e4lener Berge. Der Park ist Teil des umfangreichen Sommer- und Herbstangebots von SkiStar und bietet eine aufregende Kombination aus Natur, k\u00f6rperlicher Aktivit\u00e4t und Geschicklichkeit f\u00fcr die ganze Familie. Hier werden Sie f\u00fcndig:  <\/p>\n\n\n\n<ul class=\"wp-block-list\">\n<li>\u00dcber <strong>75 Hindernisse und Aktivit\u00e4ten<\/strong> in der H\u00f6he<\/li>\n\n\n\n<li><strong>9 verschiedene Kletterrouten<\/strong>, angepasst an unterschiedliche H\u00f6hen, Altersgruppen und Schwierigkeitsgrade<\/li>\n\n\n\n<li><strong>11 Ziplines<\/strong>, darunter drei, die \u00fcber Wasser schweben<\/li>\n\n\n\n<li>Spezielle <strong>Parcours f\u00fcr Kinder ab 80 cm H\u00f6he<\/strong> und anspruchsvollere Routen f\u00fcr erfahrene Kletterer<\/li>\n\n\n\n<li>Fokus auf Sicherheit mit modernen <strong>Gurten und durchgehendem Sicherungssystem<\/strong><\/li>\n\n\n\n<li>Einrichtungen wie <strong>Terrassen, B\u00e4nke und Picknickpl\u00e4tze<\/strong> am See<\/li>\n<\/ul>\n\n\n\n<p class=\"wp-block-paragraph\">Der Park ist sorgf\u00e4ltig nach Schwierigkeitsgrad kategorisiert, so dass jeder - von den kleinsten Kindern bis hin zu Erwachsenen mit Klettererfahrung - geeignete Herausforderungen finden kann. Sie k\u00f6nnen mit den einfachsten gr\u00fcnen Routen beginnen und sich zu den blauen, roten und schwarzen Routen hocharbeiten, um ein Maximum an H\u00f6he und Aufregung zu erreichen. <\/p>\n\n\n\n<p class=\"wp-block-paragraph\"><strong>Extra Tipps: Erleben Sie den Sommer in S\u00e4len<\/strong><\/p>\n\n\n\n<p class=\"wp-block-paragraph\">Der Kletterpark ist nur eine von vielen Sommeraktivit\u00e4ten in S\u00e4len! Wenn Sie einmal hier sind, k\u00f6nnen Sie auch wandern, Rad fahren, Kanu fahren und angeln - und das alles in einer wundersch\u00f6nen schwedischen Berglandschaft. F\u00fcr diejenigen, die einen aktiven Urlaub mit Tempo und Ruhe suchen, bietet S\u00e4len eine breite Palette an Erlebnissen.  <\/p>\n<\/div>\n\n\n\n<div class=\"wp-block-column is-vertically-aligned-center is-layout-flow wp-block-column-is-layout-flow\">\n<figure class=\"wp-block-image size-full\"><img data-recalc-dims=\"1\" decoding=\"async\" width=\"800\" height=\"534\" src=\"https:\/\/i0.wp.com\/bno-travel.com\/wp-content\/uploads\/2025\/06\/43124440865_479eca7e07_c.jpg?resize=800%2C534&#038;ssl=1\" alt=\"Kletterpark in Trysil\" class=\"wp-image-2421\" style=\"aspect-ratio:3\/4;object-fit:cover\" srcset=\"https:\/\/i0.wp.com\/bno-travel.com\/wp-content\/uploads\/2025\/06\/43124440865_479eca7e07_c.jpg?w=800&amp;ssl=1 800w, https:\/\/i0.wp.com\/bno-travel.com\/wp-content\/uploads\/2025\/06\/43124440865_479eca7e07_c.jpg?resize=300%2C200&amp;ssl=1 300w, https:\/\/i0.wp.com\/bno-travel.com\/wp-content\/uploads\/2025\/06\/43124440865_479eca7e07_c.jpg?resize=768%2C513&amp;ssl=1 768w\" sizes=\"(max-width: 800px) 100vw, 800px\" \/><\/figure>\n<\/div>\n<\/div>\n<\/div>\n\n<div class=\"wp-block-group alignfull is-style-default is-content-justification-center is-layout-constrained wp-container-core-group-is-layout-69af11d0 wp-block-group-is-layout-constrained\" style=\"margin-top:0;margin-bottom:0;padding-top:var(--wp--preset--spacing--40);padding-bottom:var(--wp--preset--spacing--40)\">\n<div class=\"wp-block-group alignfull is-content-justification-center is-layout-constrained wp-container-core-group-is-layout-4853c3a7 wp-block-group-is-layout-constrained\" style=\"margin-top:0;margin-bottom:0;padding-top:calc( 0.5 * var(u002du002dwpu002du002dstyleu002du002drootu002du002dpadding-right, var(u002du002dwpu002du002dcustomu002du002dgapu002du002dhorizontal)));padding-right:var(u002du002dwpu002du002dstyleu002du002drootu002du002dpadding-right, var(u002du002dwpu002du002dcustomu002du002dgapu002du002dhorizontal));padding-bottom:calc( 0.5 * var(u002du002dwpu002du002dstyleu002du002drootu002du002dpadding-right, var(u002du002dwpu002du002dcustomu002du002dgapu002du002dhorizontal)));padding-left:var(u002du002dwpu002du002dstyleu002du002drootu002du002dpadding-left, var(u002du002dwpu002du002dcustomu002du002dgapu002du002dhorizontal))\">\n<div style=\"height:calc( 0.25 * var(u002du002dwpu002du002dstyleu002du002drootu002du002dpadding-right, var(u002du002dwpu002du002dcustomu002du002dgapu002du002dhorizontal)))\" aria-hidden=\"true\" class=\"wp-block-spacer\"><\/div>\n\n\n\n<div class=\"wp-block-columns alignwide is-layout-flex wp-container-core-columns-is-layout-7387b849 wp-block-columns-is-layout-flex\">\n<div class=\"wp-block-column is-vertically-aligned-center is-layout-flow wp-block-column-is-layout-flow\">\n<figure class=\"wp-block-image size-full\"><img data-recalc-dims=\"1\" loading=\"lazy\" decoding=\"async\" width=\"800\" height=\"534\" src=\"https:\/\/i0.wp.com\/bno-travel.com\/wp-content\/uploads\/2025\/07\/20D.jpg?resize=800%2C534&#038;ssl=1\" alt=\"Orte zum &#xDC;bernachten in S&#xE4;len\" class=\"wp-image-5262\" style=\"aspect-ratio:3\/4;object-fit:cover\" srcset=\"https:\/\/i0.wp.com\/bno-travel.com\/wp-content\/uploads\/2025\/07\/20D.jpg?w=1200&amp;ssl=1 1200w, https:\/\/i0.wp.com\/bno-travel.com\/wp-content\/uploads\/2025\/07\/20D.jpg?resize=300%2C200&amp;ssl=1 300w, https:\/\/i0.wp.com\/bno-travel.com\/wp-content\/uploads\/2025\/07\/20D.jpg?resize=1024%2C684&amp;ssl=1 1024w, https:\/\/i0.wp.com\/bno-travel.com\/wp-content\/uploads\/2025\/07\/20D.jpg?resize=768%2C513&amp;ssl=1 768w\" sizes=\"(max-width: 800px) 100vw, 800px\" \/><\/figure>\n<\/div>\n\n\n\n<div class=\"wp-block-column is-vertically-aligned-center is-layout-flow wp-block-column-is-layout-flow\">\n<p class=\"has-text-align-left wp-block-paragraph\"><strong>Diese Aktivit\u00e4ten kombinieren Naturerlebnis, Adrenalin und Entspannung auf einzigartige Weise.<\/strong><\/p>\n\n\n\n<p class=\"wp-block-paragraph\"><strong>Unterkunft in S\u00e4len - wohnen Sie in der N\u00e4he der Aktivit\u00e4ten<\/strong><\/p>\n\n\n\n<p class=\"wp-block-paragraph\"><strong>BNO TRAVEL<\/strong> bietet Ihnen ein vielf\u00e4ltiges Angebot an <a href=\"https:\/\/bno-travel.com\/de\/unterkunft\/\">Unterk\u00fcnften <\/a>in S\u00e4len, die sich in und um Lindvallen, H\u00f6gfj\u00e4llet, Tand\u00e5dalen und Hundfj\u00e4llet befinden. Hier haben Sie die Wahl zwischen: <\/p>\n\n\n\n<ul class=\"wp-block-list\">\n<li>Moderne H\u00fctten und Apartments mit hohem Standard und kurzer Entfernung zum Kletterpark<\/li>\n\n\n\n<li>Familienfreundliche Einheiten mit viel Platz und praktischen Annehmlichkeiten<\/li>\n\n\n\n<li>Unterkunft in ruhiger Umgebung - in der N\u00e4he von Bergen, Wasser und Wanderm\u00f6glichkeiten<\/li>\n<\/ul>\n\n\n\n<p class=\"wp-block-paragraph\">Von allen Unterk\u00fcnften aus haben Sie leichten Zugang zu Naturerlebnissen, Wanderwegen, Radwegen und Aktivit\u00e4tsbereichen. Mit unserer Hilfe finden Sie den Ort, der am besten zu Ihnen passt - ob Sie nun ein hohes Ma\u00df an Komfort, eine preisg\u00fcnstige Option oder etwas dazwischen suchen. In der Sommersaison sind die Preise oft sehr g\u00fcnstig, was <strong>S\u00e4len zu einer erschwinglichen Wahl f\u00fcr einen aktiven Urlaub<\/strong> macht.  <\/p>\n\n\n\n<p class=\"wp-block-paragraph\">Ein zus\u00e4tzlicher Tipp: Bringen Sie Ihr Fahrrad und Ihre Wanderschuhe mit - die Gegend bietet unz\u00e4hlige M\u00f6glichkeiten f\u00fcr gem\u00fctliche und anspruchsvolle Wanderungen in der sch\u00f6nen schwedischen Bergnatur.<\/p>\n\n\n\n<p class=\"wp-block-paragraph\"><strong>Planen Sie Ihren Aktivurlaub mit BNO TRAVEL<\/strong><\/p>\n\n\n\n<p class=\"wp-block-paragraph\">Bei <strong>BNO TRAVEL<\/strong> k\u00f6nnen Sie ganz einfach einen Urlaub voller Aktivit\u00e4ten, Natur und toller Erlebnisse zusammenstellen. Wir helfen Ihnen dabei: <\/p>\n\n\n\n<ul class=\"wp-block-list\">\n<li>Buchung des Kletterparks und anderer Aktivit\u00e4ten in der Umgebung<\/li>\n\n\n\n<li>Unterk\u00fcnfte in der Region S\u00e4len<\/li>\n\n\n\n<li>Tipps f\u00fcr Restaurants, Ausfl\u00fcge und lokale Highlights<\/li>\n\n\n\n<li>Ortskenntnisse und pers\u00f6nlicher Service vor und w\u00e4hrend Ihres Aufenthalts<\/li>\n<\/ul>\n\n\n\n<p class=\"wp-block-paragraph\">S\u00e4len ist viel mehr als ein Wintersportzentrum - es ist ein ganzj\u00e4hriges Reiseziel, wo Natur, Aktivit\u00e4t und Familienerlebnisse aufeinandertreffen. Ob Sie nun auf die Baumwipfel klettern, in Bergseen schwimmen, auf Wanderwegen radeln oder einfach nur die Ruhe der Bergluft genie\u00dfen wollen, hier finden Sie alles. <\/p>\n<\/div>\n<\/div>\n\n\n\n<div style=\"height:calc( 0.25 * var(u002du002dwpu002du002dstyleu002du002drootu002du002dpadding-right, var(u002du002dwpu002du002dcustomu002du002dgapu002du002dhorizontal)))\" aria-hidden=\"true\" class=\"wp-block-spacer\"><\/div>\n<\/div>\n\n\n\n<div class=\"wp-block-group alignwide is-content-justification-left is-layout-constrained wp-container-core-group-is-layout-54d22900 wp-block-group-is-layout-constrained\"><\/div>\n<\/div>\n\n<div class=\"wp-block-group alignfull is-style-default is-content-justification-center is-layout-constrained wp-container-core-group-is-layout-cdf99998 wp-block-group-is-layout-constrained\" style=\"margin-top:0;margin-bottom:0;padding-top:var(--wp--preset--spacing--40);padding-bottom:var(--wp--preset--spacing--40)\"><\/div>\n\n<p class=\"wp-block-paragraph\"><\/p>\n","protected":false},"excerpt":{"rendered":"<p>Kletterpark in S\u00e4len - Aufregung, K\u00f6nnen und Spa\u00df f\u00fcr die ganze Familie Willkommen bei H\u00f6gt &amp; L\u00e5gt S\u00e4len, einem modernen und familienfreundlichen Kletterpark in sch\u00f6ner Lage am Svansj\u00f6n in Lindvallen. Hier finden Sie luftige Seilrutschen, aufregende Hindernisparcours in den B\u00e4umen und Herausforderungen f\u00fcr kleine Kinder, Teenager, Erwachsene und adrenalins\u00fcchtige Abenteurer. Mit BNO TRAVEL k\u00f6nnen Sie [&hellip;]<\/p>\n","protected":false},"author":260013438,"featured_media":0,"parent":0,"menu_order":0,"comment_status":"closed","ping_status":"closed","template":"","meta":{"_crdt_document":"","footnotes":""},"class_list":["post-3916","page","type-page","status-publish","hentry"],"jetpack_likes_enabled":true,"jetpack_sharing_enabled":true,"jetpack_shortlink":"https:\/\/wp.me\/PgDuwj-11a","jetpack-related-posts":[{"id":2919,"url":"https:\/\/bno-travel.com\/de\/entdecken-sie-das-salenfjellet-das-ganze-jahr-uber-fur-aktivurlauber\/","url_meta":{"origin":3916,"position":0},"title":"Entdecken Sie das S\u00e4lenfjellet - Das Abenteuer beginnt hier","author":"Jan Terje \u00c5s","date":"18. Juli 2025","format":false,"excerpt":"S\u00e4len entdecken \u2605\u2605\u2605\u2605\u2605 Hier finden Sie eine Unterkunft in S\u00e4len Entdecken Sie S\u00e4len und das S\u00e4lenfjellet, ein ganzj\u00e4hriges Reiseziel, das atemberaubende Natur mit einer Vielzahl von Aktivit\u00e4ten und Erlebnissen verbindet. Mit BNO TRAVEL ist das Reisen nach S\u00e4len einfach und bequem - egal, ob Sie auf der Suche nach verschneiten\u2026","rel":"","context":"\u00c4hnlicher Beitrag","block_context":{"text":"\u00c4hnlicher Beitrag","link":""},"img":{"alt_text":"","src":"https:\/\/i0.wp.com\/bno-travel.com\/wp-content\/uploads\/2025\/06\/2016JH070404.jpg?resize=350%2C200&ssl=1","width":350,"height":200,"srcset":"https:\/\/i0.wp.com\/bno-travel.com\/wp-content\/uploads\/2025\/06\/2016JH070404.jpg?resize=350%2C200&ssl=1 1x, https:\/\/i0.wp.com\/bno-travel.com\/wp-content\/uploads\/2025\/06\/2016JH070404.jpg?resize=525%2C300&ssl=1 1.5x, https:\/\/i0.wp.com\/bno-travel.com\/wp-content\/uploads\/2025\/06\/2016JH070404.jpg?resize=700%2C400&ssl=1 2x, https:\/\/i0.wp.com\/bno-travel.com\/wp-content\/uploads\/2025\/06\/2016JH070404.jpg?resize=1050%2C600&ssl=1 3x, https:\/\/i0.wp.com\/bno-travel.com\/wp-content\/uploads\/2025\/06\/2016JH070404.jpg?resize=1400%2C800&ssl=1 4x"},"classes":[]},{"id":3908,"url":"https:\/\/bno-travel.com\/de\/wandern-in-salen\/","url_meta":{"origin":3916,"position":1},"title":"Wandern in S\u00e4len","author":"Jan Terje \u00c5s","date":"18. Juli 2025","format":false,"excerpt":"Wandern in S\u00e4len - Bergwanderungen, Aussichten und Naturerlebnisse f\u00fcr jedermann Willkommen in S\u00e4len - ein ganzj\u00e4hriges Reiseziel, das f\u00fcr Skifahren im Winter und wundersch\u00f6ne Wandererlebnisse im Sommer bekannt ist! Wenn der Schnee schmilzt und die Berge gr\u00fcn werden, er\u00f6ffnet S\u00e4len ein breites Spektrum an Bergwanderungen, Gipfeltouren und familienfreundlichen Wanderungen in\u2026","rel":"","context":"\u00c4hnlicher Beitrag","block_context":{"text":"\u00c4hnlicher Beitrag","link":""},"img":{"alt_text":"Vandring i Trysil","src":"https:\/\/i0.wp.com\/bno-travel.com\/wp-content\/uploads\/2025\/06\/27930399740_e3e100021e_c.jpg?resize=350%2C200&ssl=1","width":350,"height":200,"srcset":"https:\/\/i0.wp.com\/bno-travel.com\/wp-content\/uploads\/2025\/06\/27930399740_e3e100021e_c.jpg?resize=350%2C200&ssl=1 1x, https:\/\/i0.wp.com\/bno-travel.com\/wp-content\/uploads\/2025\/06\/27930399740_e3e100021e_c.jpg?resize=525%2C300&ssl=1 1.5x, https:\/\/i0.wp.com\/bno-travel.com\/wp-content\/uploads\/2025\/06\/27930399740_e3e100021e_c.jpg?resize=700%2C400&ssl=1 2x"},"classes":[]},{"id":4286,"url":"https:\/\/bno-travel.com\/de\/kletterpark-in-trysil\/","url_meta":{"origin":3916,"position":2},"title":"Kletterpark in Trysil","author":"Jan Terje \u00c5s","date":"18. Juli 2025","format":false,"excerpt":"Kletterpark in Trysil - Aufregung, K\u00f6nnen und Spa\u00df f\u00fcr die ganze Familie Willkommen bei H\u00f8yt & Lavt H\u00f8yt & Lavt TrysilH\u00f8yt & Lavt, einer der beliebtesten und modernsten Kletterparks Norwegens, liegt mitten in den malerischen W\u00e4ldern von Trysil. Hier finden Sie schwindelerregende Seilrutschen, Hindernisparcours in den B\u00e4umen und Herausforderungen f\u00fcr\u2026","rel":"","context":"\u00c4hnlicher Beitrag","block_context":{"text":"\u00c4hnlicher Beitrag","link":""},"img":{"alt_text":"Klatrepark i S\u00e4len","src":"https:\/\/i0.wp.com\/bno-travel.com\/wp-content\/uploads\/2025\/06\/43311668904_2a700093da_c.jpg?resize=350%2C200&ssl=1","width":350,"height":200,"srcset":"https:\/\/i0.wp.com\/bno-travel.com\/wp-content\/uploads\/2025\/06\/43311668904_2a700093da_c.jpg?resize=350%2C200&ssl=1 1x, https:\/\/i0.wp.com\/bno-travel.com\/wp-content\/uploads\/2025\/06\/43311668904_2a700093da_c.jpg?resize=525%2C300&ssl=1 1.5x, https:\/\/i0.wp.com\/bno-travel.com\/wp-content\/uploads\/2025\/06\/43311668904_2a700093da_c.jpg?resize=700%2C400&ssl=1 2x"},"classes":[]},{"id":3891,"url":"https:\/\/bno-travel.com\/de\/restaurants-in-salen\/","url_meta":{"origin":3916,"position":3},"title":"Restaurants in S\u00e4len","author":"Jan Terje \u00c5s","date":"18. Juli 2025","format":false,"excerpt":"Restaurants in S\u00e4len - Geschmackserlebnisse das ganze Jahr \u00fcber S\u00e4len ist bekannt f\u00fcr seine fantastischen Ski- und Radfahrm\u00f6glichkeiten, aber das Reiseziel bietet auch eine abwechslungsreiche und schmackhafte Auswahl an Restaurants, Caf\u00e9s und Speisegastst\u00e4tten - das ganze Jahr \u00fcber. Ganz gleich, ob Sie S\u00e4len im Winter oder im Sommer besuchen, Sie\u2026","rel":"","context":"\u00c4hnlicher Beitrag","block_context":{"text":"\u00c4hnlicher Beitrag","link":""},"img":{"alt_text":"Restauranter i S\u00e4len","src":"https:\/\/i0.wp.com\/bno-travel.com\/wp-content\/uploads\/2025\/07\/AdobeStock_206047084.jpeg?resize=350%2C200&ssl=1","width":350,"height":200,"srcset":"https:\/\/i0.wp.com\/bno-travel.com\/wp-content\/uploads\/2025\/07\/AdobeStock_206047084.jpeg?resize=350%2C200&ssl=1 1x, https:\/\/i0.wp.com\/bno-travel.com\/wp-content\/uploads\/2025\/07\/AdobeStock_206047084.jpeg?resize=525%2C300&ssl=1 1.5x, https:\/\/i0.wp.com\/bno-travel.com\/wp-content\/uploads\/2025\/07\/AdobeStock_206047084.jpeg?resize=700%2C400&ssl=1 2x, https:\/\/i0.wp.com\/bno-travel.com\/wp-content\/uploads\/2025\/07\/AdobeStock_206047084.jpeg?resize=1050%2C600&ssl=1 3x, https:\/\/i0.wp.com\/bno-travel.com\/wp-content\/uploads\/2025\/07\/AdobeStock_206047084.jpeg?resize=1400%2C800&ssl=1 4x"},"classes":[]},{"id":3899,"url":"https:\/\/bno-travel.com\/de\/radfahren-in-salen\/","url_meta":{"origin":3916,"position":4},"title":"Radfahren in S\u00e4len","author":"Jan Terje \u00c5s","date":"18. Juli 2025","format":false,"excerpt":"Sykkel i S\u00e4len \u2013 Stisykling i naturskj\u00f8nne fjellomgivelser Velkommen til S\u00e4len \u2013 en av Sveriges mest popul\u00e6re sommerdestinasjoner for terrengsykling og sykkelopplevelser for hele familien. Her finner du et variert terreng tilrettelagt for b\u00e5de nybegynnere og erfarne syklister. Med bygd sti, naturlige skogstraseer og h\u00f8yfjellsterreng, er S\u00e4len et ideelt reisem\u00e5l\u2026","rel":"","context":"\u00c4hnlicher Beitrag","block_context":{"text":"\u00c4hnlicher Beitrag","link":""},"img":{"alt_text":"Sykkel i S\u00e4len","src":"https:\/\/i0.wp.com\/bno-travel.com\/wp-content\/uploads\/2025\/07\/2016JH070360.jpg?resize=350%2C200&ssl=1","width":350,"height":200,"srcset":"https:\/\/i0.wp.com\/bno-travel.com\/wp-content\/uploads\/2025\/07\/2016JH070360.jpg?resize=350%2C200&ssl=1 1x, https:\/\/i0.wp.com\/bno-travel.com\/wp-content\/uploads\/2025\/07\/2016JH070360.jpg?resize=525%2C300&ssl=1 1.5x, https:\/\/i0.wp.com\/bno-travel.com\/wp-content\/uploads\/2025\/07\/2016JH070360.jpg?resize=700%2C400&ssl=1 2x, https:\/\/i0.wp.com\/bno-travel.com\/wp-content\/uploads\/2025\/07\/2016JH070360.jpg?resize=1050%2C600&ssl=1 3x, https:\/\/i0.wp.com\/bno-travel.com\/wp-content\/uploads\/2025\/07\/2016JH070360.jpg?resize=1400%2C800&ssl=1 4x"},"classes":[]},{"id":3556,"url":"https:\/\/bno-travel.com\/langrenn-i-salen-perfekt-for-den-aktive-familien\/","url_meta":{"origin":3916,"position":5},"title":"Langrenn i S\u00e4len","author":"Jan Terje \u00c5s","date":"18. Juli 2025","format":false,"excerpt":"","rel":"","context":"\u00c4hnlicher Beitrag","block_context":{"text":"\u00c4hnlicher Beitrag","link":""},"img":{"alt_text":"","src":"","width":0,"height":0},"classes":[]}],"_links":{"self":[{"href":"https:\/\/bno-travel.com\/de\/wp-json\/wp\/v2\/pages\/3916","targetHints":{"allow":["GET"]}}],"collection":[{"href":"https:\/\/bno-travel.com\/de\/wp-json\/wp\/v2\/pages"}],"about":[{"href":"https:\/\/bno-travel.com\/de\/wp-json\/wp\/v2\/types\/page"}],"author":[{"embeddable":true,"href":"https:\/\/bno-travel.com\/de\/wp-json\/wp\/v2\/users\/260013438"}],"replies":[{"embeddable":true,"href":"https:\/\/bno-travel.com\/de\/wp-json\/wp\/v2\/comments?post=3916"}],"version-history":[{"count":3,"href":"https:\/\/bno-travel.com\/de\/wp-json\/wp\/v2\/pages\/3916\/revisions"}],"predecessor-version":[{"id":5276,"href":"https:\/\/bno-travel.com\/de\/wp-json\/wp\/v2\/pages\/3916\/revisions\/5276"}],"wp:attachment":[{"href":"https:\/\/bno-travel.com\/de\/wp-json\/wp\/v2\/media?parent=3916"}],"curies":[{"name":"wp","href":"https:\/\/api.w.org\/{rel}","templated":true}]}}