{"id":4027,"date":"2025-07-18T20:51:11","date_gmt":"2025-07-18T18:51:11","guid":{"rendered":"https:\/\/bno-travel.com\/?page_id=4027"},"modified":"2025-07-18T20:51:31","modified_gmt":"2025-07-18T18:51:31","slug":"motorschlitten-in-salen","status":"publish","type":"page","link":"https:\/\/bno-travel.com\/de\/motorschlitten-in-salen\/","title":{"rendered":"Motorschlitten in S\u00e4len"},"content":{"rendered":"\n<p class=\"wp-block-paragraph\"><\/p>\n\n<div class=\"wp-block-cover alignfull\" style=\"margin-top:0;margin-bottom:0;padding-top:var(--wp--preset--spacing--20);padding-right:var(--wp--preset--spacing--40);padding-bottom:var(--wp--preset--spacing--20);padding-left:var(--wp--preset--spacing--40);min-height:946px;aspect-ratio:unset;\"><img data-recalc-dims=\"1\" fetchpriority=\"high\" decoding=\"async\" width=\"800\" height=\"534\" class=\"wp-block-cover__image-background wp-image-3280 size-large\" alt=\"Sn\u00f8scooter i Trysil\" src=\"https:\/\/i0.wp.com\/bno-travel.com\/wp-content\/uploads\/2025\/07\/10000-4718.jpg?resize=800%2C534&#038;ssl=1\" style=\"object-position:49% 68%\" data-object-fit=\"cover\" data-object-position=\"49% 68%\" srcset=\"https:\/\/i0.wp.com\/bno-travel.com\/wp-content\/uploads\/2025\/07\/10000-4718.jpg?resize=1024%2C683&amp;ssl=1 1024w, https:\/\/i0.wp.com\/bno-travel.com\/wp-content\/uploads\/2025\/07\/10000-4718.jpg?resize=300%2C200&amp;ssl=1 300w, https:\/\/i0.wp.com\/bno-travel.com\/wp-content\/uploads\/2025\/07\/10000-4718.jpg?resize=768%2C512&amp;ssl=1 768w, https:\/\/i0.wp.com\/bno-travel.com\/wp-content\/uploads\/2025\/07\/10000-4718.jpg?resize=1536%2C1024&amp;ssl=1 1536w, https:\/\/i0.wp.com\/bno-travel.com\/wp-content\/uploads\/2025\/07\/10000-4718.jpg?resize=2048%2C1365&amp;ssl=1 2048w, https:\/\/i0.wp.com\/bno-travel.com\/wp-content\/uploads\/2025\/07\/10000-4718.jpg?w=1600&amp;ssl=1 1600w, https:\/\/i0.wp.com\/bno-travel.com\/wp-content\/uploads\/2025\/07\/10000-4718.jpg?w=2400&amp;ssl=1 2400w\" sizes=\"(max-width: 800px) 100vw, 800px\" \/><span aria-hidden=\"true\" class=\"wp-block-cover__background has-theme-1-background-color has-background-dim-30 has-background-dim\"><\/span><div class=\"wp-block-cover__inner-container is-layout-flow wp-block-cover-is-layout-flow\">\n<div style=\"height:var(--wp--preset--spacing--50)\" aria-hidden=\"true\" class=\"wp-block-spacer\"><\/div>\n\n\n\n<div class=\"wp-block-group is-layout-constrained wp-block-group-is-layout-constrained\">\n<p class=\"has-text-align-center wp-block-paragraph\"><\/p>\n<\/div>\n\n\n\n<div style=\"height:var(--wp--preset--spacing--50)\" aria-hidden=\"true\" class=\"wp-block-spacer\"><\/div>\n<\/div><\/div>\n\n<div class=\"wp-block-group alignfull is-style-section-3 is-layout-constrained wp-block-group-is-layout-constrained\" style=\"margin-top:0;margin-bottom:0;padding-top:var(--wp--preset--spacing--40);padding-bottom:var(--wp--preset--spacing--40)\">\n<div class=\"wp-block-columns alignwide are-vertically-aligned-center is-layout-flex wp-container-core-columns-is-layout-d9ad523d wp-block-columns-is-layout-flex\">\n<div class=\"wp-block-column is-vertically-aligned-center is-layout-flow wp-block-column-is-layout-flow\">\n<figure class=\"wp-block-image size-full\"><img data-recalc-dims=\"1\" decoding=\"async\" width=\"800\" height=\"533\" src=\"https:\/\/i0.wp.com\/bno-travel.com\/wp-content\/uploads\/2025\/07\/10001-4713.jpg?resize=800%2C533&#038;ssl=1\" alt=\"Motorschlitten in S&#xE4;len\" class=\"wp-image-3618\" style=\"aspect-ratio:3\/4;object-fit:cover\" title=\"Titel\" srcset=\"https:\/\/i0.wp.com\/bno-travel.com\/wp-content\/uploads\/2025\/07\/10001-4713.jpg?w=4413&amp;ssl=1 4413w, https:\/\/i0.wp.com\/bno-travel.com\/wp-content\/uploads\/2025\/07\/10001-4713.jpg?resize=300%2C200&amp;ssl=1 300w, https:\/\/i0.wp.com\/bno-travel.com\/wp-content\/uploads\/2025\/07\/10001-4713.jpg?resize=1024%2C683&amp;ssl=1 1024w, https:\/\/i0.wp.com\/bno-travel.com\/wp-content\/uploads\/2025\/07\/10001-4713.jpg?resize=768%2C512&amp;ssl=1 768w, https:\/\/i0.wp.com\/bno-travel.com\/wp-content\/uploads\/2025\/07\/10001-4713.jpg?resize=1536%2C1024&amp;ssl=1 1536w, https:\/\/i0.wp.com\/bno-travel.com\/wp-content\/uploads\/2025\/07\/10001-4713.jpg?resize=2048%2C1365&amp;ssl=1 2048w, https:\/\/i0.wp.com\/bno-travel.com\/wp-content\/uploads\/2025\/07\/10001-4713.jpg?w=1600&amp;ssl=1 1600w, https:\/\/i0.wp.com\/bno-travel.com\/wp-content\/uploads\/2025\/07\/10001-4713.jpg?w=2400&amp;ssl=1 2400w\" sizes=\"(max-width: 800px) 100vw, 800px\" \/><\/figure>\n<\/div>\n\n\n\n<div class=\"wp-block-column is-vertically-aligned-center is-content-justification-left is-layout-constrained wp-container-core-column-is-layout-b64f6bf5 wp-block-column-is-layout-constrained\">\n<p class=\"wp-block-paragraph\"><\/p>\n\n\n\n<h2 class=\"wp-block-heading\"><strong>Schneemobilfahren in S\u00e4len - Rasante Abenteuer in echter schwedischer Bergnatur<\/strong><\/h2>\n\n\n\n<p class=\"wp-block-paragraph\">Willkommen in <strong>S\u00e4len<\/strong> - einem der beliebtesten Winterziele Schwedens, wo Sie nicht nur Skifahren, sondern auch <strong>Adrenalin und Freiheit auf einem Schneemobil<\/strong> erleben k\u00f6nnen! Hier finden Sie <strong>genehmigte Motorschlittenwege<\/strong>, wundersch\u00f6ne Berglandschaften und die M\u00f6glichkeit, an <strong>gef\u00fchrten Touren<\/strong> in sicherer und landschaftlich reizvoller Umgebung teilzunehmen.<\/p>\n\n\n\n<p class=\"wp-block-paragraph\">Ganz gleich, ob Sie auf der Suche nach <strong>Aufregung und Aussicht sind oder einfach nur etwas Neues ausprobieren<\/strong> m\u00f6chten, Snowmobilfahren in S\u00e4len ist die perfekte Alternative zum Skifahren und Snowboarden - und ein Erlebnis, das Sie so schnell nicht vergessen werden.<\/p>\n\n\n\n<p class=\"wp-block-paragraph\"><strong>Planen Sie Ihre Schneemobilreise mit BNO TRAVEL<\/strong><\/p>\n\n\n\n<p class=\"wp-block-paragraph\">Bei <strong>BNO TRAVEL<\/strong> helfen wir Ihnen bei der <strong>Planung Ihres gesamten Erlebnisses<\/strong> - von der Unterkunft \u00fcber die Rollermiete bis hin zum Reisef\u00fchrer und Transport. Sie erhalten ein Komplettpaket, das auf Ihre Bed\u00fcrfnisse zugeschnitten ist, damit Sie sich auf eines konzentrieren k\u00f6nnen: Ihre Reise zu genie\u00dfen. <\/p>\n\n\n\n<p class=\"wp-block-paragraph\"><strong>Drei aufregende Gebiete, die Sie mit dem Schneemobil in und um S\u00e4len erkunden k\u00f6nnen<\/strong><\/p>\n\n\n\n<ol class=\"wp-block-list\">\n<li><strong>\u00d6stra Tand\u00e5dalen und Myrflodammen<\/strong><br\/>Fahren Sie durch offene Berggebiete und schneebedeckte W\u00e4lder mit fantastischen Aussichten auf die S\u00e4len-Berge. Ein beliebter Ausgangspunkt f\u00fcr kurze und l\u00e4ngere Rollertouren. <\/li>\n\n\n\n<li><strong>Lima und Transtrand<\/strong><br\/>Abwechslungsreiches Terrain mit markierten Motorschlittenstrecken, die sowohl f\u00fcr Anf\u00e4nger als auch f\u00fcr erfahrene Fahrer geeignet sind. Hier k\u00f6nnen Sie die Natur in der N\u00e4he des schwedischen Hochgebirges erleben. <\/li>\n\n\n\n<li><strong>S\u00e4lenfj\u00e4llen rund um Hundfj\u00e4llet und H\u00f6gfj\u00e4llet<\/strong><br\/>Organisierte gef\u00fchrte Touren durch die Winterlandschaft mit der M\u00f6glichkeit zu Kaffeepausen, Fotografie und einem umfassenden Naturerlebnis. Perfekt f\u00fcr alle, die Skifahren und Abenteuer verbinden m\u00f6chten. <\/li>\n<\/ol>\n\n\n\n<p class=\"wp-block-paragraph\"><strong>Buchen Sie noch heute Ihr Motorschlittenerlebnis in S\u00e4len und machen Sie Ihren Winterurlaub noch unvergesslicher.<\/strong><\/p>\n<\/div>\n<\/div>\n<\/div>\n\n<div class=\"wp-block-group alignfull is-style-default is-content-justification-center is-layout-constrained wp-container-core-group-is-layout-69af11d0 wp-block-group-is-layout-constrained\" style=\"margin-top:0;margin-bottom:0;padding-top:var(--wp--preset--spacing--40);padding-bottom:var(--wp--preset--spacing--40)\">\n<div class=\"wp-block-group alignwide is-content-justification-left is-layout-constrained wp-container-core-group-is-layout-54d22900 wp-block-group-is-layout-constrained\">\n<p class=\"wp-block-paragraph\">Motorschlittentouren und <a href=\"https:\/\/www.salenskoter.com\/\" target=\"_blank\" rel=\"noopener\">Motorschlittenverleih<\/a><\/p>\n\n\n\n<p class=\"wp-block-paragraph\">Du kan velge mellom:<\/p>\n\n\n\n<ul class=\"wp-block-list\">\n<li><strong>Gef\u00fchrte Touren von 1-4 Stunden<\/strong> mit einheimischen F\u00fchrern, die Sie durch unber\u00fchrte Ebenen und stille W\u00e4lder f\u00fchren<\/li>\n<\/ul>\n\n\n\n<ul class=\"wp-block-list\">\n<li><strong>Ganzt\u00e4gige Erlebnisse<\/strong> mit Essenspausen an Aussichtspunkten wie dem Storfj\u00e4llsgraven - inklusive Mittagessen<\/li>\n\n\n\n<li><strong>Motorschlittenverleih<\/strong> auf mehr als 40 Meilen pr\u00e4parierter Motorschlittenwege - perfekt f\u00fcr alle, die auf eigene Faust auf Entdeckungstour gehen m\u00f6chten<\/li>\n\n\n\n<li><strong>Kombinationspakete<\/strong>, die Eisfischen, Mittagessen in der Wildnis oder H\u00fctten\u00fcbernachtungen auf der Strecke beinhalten<\/li>\n<\/ul>\n\n\n\n<p class=\"wp-block-paragraph\"><\/p>\n<\/div>\n<\/div>\n\n<div class=\"wp-block-group alignfull is-content-justification-center is-layout-constrained wp-block-group-is-layout-constrained\" style=\"margin-top:0;margin-bottom:0;padding-top:var(--wp--preset--spacing--40);padding-bottom:var(--wp--preset--spacing--40)\">\n<div class=\"wp-block-columns alignwide are-vertically-aligned-center is-layout-flex wp-container-core-columns-is-layout-7387b849 wp-block-columns-is-layout-flex\">\n<div class=\"wp-block-column is-vertically-aligned-center is-content-justification-left is-layout-constrained wp-container-core-column-is-layout-b64f6bf5 wp-block-column-is-layout-constrained\">\n<h2 class=\"wp-block-heading has-xx-large-font-size\">Fakten \u00fcber Motorschlittenerlebnisse in S\u00e4len<\/h2>\n\n\n\n<p class=\"wp-block-paragraph\">S\u00e4len ist nicht nur f\u00fcr seine Skipisten und Langlaufloipen bekannt - die Gegend bietet auch <strong>legale, markierte Schneemobilstrecken<\/strong> und aufregende Schneemobilerlebnisse durch <strong>Berge, W\u00e4lder und Winterlandschaften<\/strong>. Dies ist eine einzigartige Gelegenheit, die schwedischen Berge auf eine <strong>rasante und nat\u00fcrliche Art<\/strong> zu erleben. <\/p>\n\n\n\n<p class=\"wp-block-paragraph\">Hier sind einige Highlights:<\/p>\n\n\n\n<ul class=\"wp-block-list\">\n<li><strong>\u00dcber 200 km ausgeschilderte Motorschlittenwege<\/strong> in S\u00e4len und Umgebung<\/li>\n\n\n\n<li><strong>Gef\u00fchrte Touren mit erfahrenen Motorrollerfahrern<\/strong> und lokalen F\u00fchrern<\/li>\n\n\n\n<li><strong>Motorschlittenverleih<\/strong> f\u00fcr Tages- und Wochenendausfl\u00fcge<\/li>\n\n\n\n<li><strong>Sichere und organisierte Routen<\/strong> in W\u00e4ldern, \u00fcber S\u00fcmpfe und Berge<\/li>\n\n\n\n<li><strong>Einsteigerfreundlich<\/strong>, aber mit Optionen f\u00fcr erfahrene Fahrer<\/li>\n\n\n\n<li><strong>Option f\u00fcr Passagiere<\/strong>, perfekt f\u00fcr Paare oder Eltern mit Kindern<\/li>\n<\/ul>\n\n\n\n<p class=\"wp-block-paragraph\">Alle Fahrten finden auf <strong>zugelassenen Motorschlittenwegen<\/strong> statt, und <strong>die Sicherheitsausr\u00fcstung ist<\/strong> im Mietpreis <strong>enthalten<\/strong>. Sie ben\u00f6tigen einen g\u00fcltigen <strong>F\u00fchrerschein f\u00fcr Autos (Klasse B)<\/strong> und erhalten vor Beginn der Tour eine Schulung, wenn Sie selbst fahren m\u00f6chten. <\/p>\n\n\n\n<p class=\"wp-block-paragraph\"><strong>S\u00e4len - mehr als nur Skifahren<\/strong><\/p>\n\n\n\n<p class=\"wp-block-paragraph\">Schneemobilfahren ist eine aufregende Art, die Berge zu erkunden - entweder als Alternative zum Skifahren oder als <strong>rasante Erg\u00e4nzung zu Ihrem Winterurlaub<\/strong>. Die Touren kombinieren <strong>Spannung, Naturerlebnisse und ein echtes Berggef\u00fchl<\/strong>. Nach der Tour k\u00f6nnen Sie sich in der <strong>Sauna entspannen, einheimische Speisen genie\u00dfen oder es sich vor dem Kamin<\/strong> in der H\u00fctte <strong>gem\u00fctlich machen<\/strong>.  <\/p>\n\n\n\n<p class=\"wp-block-paragraph\"><strong>Buchen Sie Ihr Motorschlittenerlebnis in S\u00e4len mit BNO TRAVEL und machen Sie Ihren Winterurlaub mit Geschwindigkeit und Wildnisgef\u00fchl komplett!<\/strong><\/p>\n\n\n\n<p class=\"wp-block-paragraph\"><\/p>\n\n\n\n<p class=\"wp-block-paragraph\"><strong>Buchen Sie noch heute Ihr Motorschlittenerlebnis in S\u00e4len - und machen Sie Ihren Winterurlaub komplett mit Geschwindigkeit und Wildnisgef\u00fchl!<\/strong><\/p>\n<\/div>\n\n\n\n<div class=\"wp-block-column is-vertically-aligned-center is-layout-flow wp-block-column-is-layout-flow\">\n<figure class=\"wp-block-image size-full\"><img data-recalc-dims=\"1\" decoding=\"async\" width=\"800\" height=\"533\" src=\"https:\/\/i0.wp.com\/bno-travel.com\/wp-content\/uploads\/2025\/07\/10000-5116.jpg?resize=800%2C533&#038;ssl=1\" alt=\"Schneemobil BNO TRAVEL\" class=\"wp-image-3637\" style=\"aspect-ratio:3\/4;object-fit:cover\" srcset=\"https:\/\/i0.wp.com\/bno-travel.com\/wp-content\/uploads\/2025\/07\/10000-5116.jpg?w=5074&amp;ssl=1 5074w, https:\/\/i0.wp.com\/bno-travel.com\/wp-content\/uploads\/2025\/07\/10000-5116.jpg?resize=300%2C200&amp;ssl=1 300w, https:\/\/i0.wp.com\/bno-travel.com\/wp-content\/uploads\/2025\/07\/10000-5116.jpg?resize=1024%2C683&amp;ssl=1 1024w, https:\/\/i0.wp.com\/bno-travel.com\/wp-content\/uploads\/2025\/07\/10000-5116.jpg?resize=768%2C512&amp;ssl=1 768w, https:\/\/i0.wp.com\/bno-travel.com\/wp-content\/uploads\/2025\/07\/10000-5116.jpg?resize=1536%2C1024&amp;ssl=1 1536w, https:\/\/i0.wp.com\/bno-travel.com\/wp-content\/uploads\/2025\/07\/10000-5116.jpg?resize=2048%2C1365&amp;ssl=1 2048w, https:\/\/i0.wp.com\/bno-travel.com\/wp-content\/uploads\/2025\/07\/10000-5116.jpg?w=1600&amp;ssl=1 1600w, https:\/\/i0.wp.com\/bno-travel.com\/wp-content\/uploads\/2025\/07\/10000-5116.jpg?w=2400&amp;ssl=1 2400w\" sizes=\"(max-width: 800px) 100vw, 800px\" \/><\/figure>\n<\/div>\n<\/div>\n<\/div>\n\n<div class=\"wp-block-group alignfull is-style-default is-content-justification-center is-layout-constrained wp-container-core-group-is-layout-69af11d0 wp-block-group-is-layout-constrained\" style=\"margin-top:0;margin-bottom:0;padding-top:var(--wp--preset--spacing--40);padding-bottom:var(--wp--preset--spacing--40)\">\n<div class=\"wp-block-group alignfull is-content-justification-center is-layout-constrained wp-container-core-group-is-layout-4853c3a7 wp-block-group-is-layout-constrained\" style=\"margin-top:0;margin-bottom:0;padding-top:calc( 0.5 * var(u002du002dwpu002du002dstyleu002du002drootu002du002dpadding-right, var(u002du002dwpu002du002dcustomu002du002dgapu002du002dhorizontal)));padding-right:var(u002du002dwpu002du002dstyleu002du002drootu002du002dpadding-right, var(u002du002dwpu002du002dcustomu002du002dgapu002du002dhorizontal));padding-bottom:calc( 0.5 * var(u002du002dwpu002du002dstyleu002du002drootu002du002dpadding-right, var(u002du002dwpu002du002dcustomu002du002dgapu002du002dhorizontal)));padding-left:var(u002du002dwpu002du002dstyleu002du002drootu002du002dpadding-left, var(u002du002dwpu002du002dcustomu002du002dgapu002du002dhorizontal))\">\n<div style=\"height:calc( 0.25 * var(u002du002dwpu002du002dstyleu002du002drootu002du002dpadding-right, var(u002du002dwpu002du002dcustomu002du002dgapu002du002dhorizontal)))\" aria-hidden=\"true\" class=\"wp-block-spacer\"><\/div>\n\n\n\n<div class=\"wp-block-columns alignwide is-layout-flex wp-container-core-columns-is-layout-7387b849 wp-block-columns-is-layout-flex\">\n<div class=\"wp-block-column is-vertically-aligned-center is-layout-flow wp-block-column-is-layout-flow\">\n<figure class=\"wp-block-image size-full\"><img data-recalc-dims=\"1\" decoding=\"async\" src=\"https:\/\/i0.wp.com\/bno-travel.com\/wp-content\/uploads\/2025\/07\/IMG_3633-%E2%80%93-Kopi.jpg?w=800&#038;ssl=1\" alt=\"Zimmer 726 kombiniert mit Schneemobil\" class=\"wp-image-3324\" style=\"aspect-ratio:3\/4;object-fit:cover\"\/><\/figure>\n<\/div>\n\n\n\n<div class=\"wp-block-column is-vertically-aligned-center is-layout-flow wp-block-column-is-layout-flow\">\n<p class=\"has-text-align-left wp-block-paragraph\">Einzigartige Unterkunft in Norwegen kombiniert mit Schneemobilfahren (Demn\u00e4chst)<\/p>\n\n\n\n<p class=\"wp-block-paragraph\">Bald k\u00f6nnen Sie in Engerdal etwas ganz Einzigartiges erleben! <strong>Zimmer 726<\/strong> ist eine neue und exklusive Unterkunft, die Sie mieten k\u00f6nnen - mitten in der Natur und direkt an den Schneemobilpfaden. Es handelt sich um Hotelzimmer in der Wildnis, in denen Sie Komfort mit echter Naturverbundenheit verbinden. <\/p>\n\n\n\n<p class=\"wp-block-paragraph\">Hier bekommen Sie <strong>Hotelstandard mit eigenem Bad, weichen Betten, Sauna und Blick auf den Wald<\/strong>, sowie direkten Zugang zu Motorschlittenwegen und Winterabenteuern. Perfekt f\u00fcr alle, die die Berge auf eine andere Art und Weise erleben m\u00f6chten - egal ob Sie mit Ihrer Freundin, Freunden oder einfach nur zum Entspannen unterwegs sind. <\/p>\n\n\n\n<p class=\"has-text-align-left wp-block-paragraph\">Mit <strong>Zimmer 726<\/strong> erhalten Sie Ruhe, Luxus und ein echtes Wildnisgef\u00fchl in einem Paket. Bald k\u00f6nnen Sie dieses ganz besondere Zimmer \u00fcber BNO TRAVEL buchen - und Engerdal auf eine Weise erleben, die Sie nie vergessen werden. <\/p>\n\n\n\n<p class=\"has-text-align-left wp-block-paragraph\">Planen Sie Ihre Motorschlittenreise mit BNO TRAVEL<\/p>\n\n\n\n<p class=\"wp-block-paragraph\">BNO TRAVEL bietet ma\u00dfgeschneiderte Schneemobilerlebnisse f\u00fcr Einzelpersonen, Paare, Familien und Gruppen. Wir helfen Ihnen bei der Buchung Ihres Schneemobils, Ihres F\u00fchrers und Ihrer <a href=\"https:\/\/bno-travel.com\/de\/?page_id=2792\">Unterkunft<\/a> - und Sie k\u00f6nnen sich darauf verlassen, dass wir f\u00fcr Sie da sind. <\/p>\n\n\n\n<p class=\"has-text-align-left wp-block-paragraph\"><\/p>\n<\/div>\n<\/div>\n\n\n\n<div style=\"height:calc( 0.25 * var(u002du002dwpu002du002dstyleu002du002drootu002du002dpadding-right, var(u002du002dwpu002du002dcustomu002du002dgapu002du002dhorizontal)))\" aria-hidden=\"true\" class=\"wp-block-spacer\"><\/div>\n<\/div>\n\n\n\n<div class=\"wp-block-group alignwide is-content-justification-left is-layout-constrained wp-container-core-group-is-layout-54d22900 wp-block-group-is-layout-constrained\"><\/div>\n<\/div>\n\n<div class=\"wp-block-group alignfull is-style-default is-content-justification-center is-layout-constrained wp-container-core-group-is-layout-cdf99998 wp-block-group-is-layout-constrained\" style=\"margin-top:0;margin-bottom:0;padding-top:var(--wp--preset--spacing--40);padding-bottom:var(--wp--preset--spacing--40)\"><\/div>\n\n<p class=\"wp-block-paragraph\"><\/p>\n","protected":false},"excerpt":{"rendered":"<p>Schneemobilfahren in S\u00e4len - Rasante Abenteuer in echter schwedischer Bergnatur Willkommen in S\u00e4len - einem der beliebtesten Winterziele Schwedens, wo Sie nicht nur Skifahren, sondern auch Adrenalin und Freiheit auf einem Schneemobil erleben k\u00f6nnen! Hier finden Sie genehmigte Motorschlittenwege, wundersch\u00f6ne Berglandschaften und die M\u00f6glichkeit, an gef\u00fchrten Touren in sicherer und landschaftlich reizvoller Umgebung teilzunehmen. Ganz [&hellip;]<\/p>\n","protected":false},"author":260013438,"featured_media":0,"parent":0,"menu_order":0,"comment_status":"closed","ping_status":"closed","template":"","meta":{"_crdt_document":"","footnotes":""},"class_list":["post-4027","page","type-page","status-publish","hentry"],"jetpack_likes_enabled":true,"jetpack_sharing_enabled":true,"jetpack_shortlink":"https:\/\/wp.me\/PgDuwj-12X","jetpack-related-posts":[{"id":2919,"url":"https:\/\/bno-travel.com\/de\/entdecken-sie-das-salenfjellet-das-ganze-jahr-uber-fur-aktivurlauber\/","url_meta":{"origin":4027,"position":0},"title":"Entdecken Sie das S\u00e4lenfjellet - Das Abenteuer beginnt hier","author":"Jan Terje \u00c5s","date":"18. Juli 2025","format":false,"excerpt":"S\u00e4len entdecken \u2605\u2605\u2605\u2605\u2605 Hier finden Sie eine Unterkunft in S\u00e4len Entdecken Sie S\u00e4len und das S\u00e4lenfjellet, ein ganzj\u00e4hriges Reiseziel, das atemberaubende Natur mit einer Vielzahl von Aktivit\u00e4ten und Erlebnissen verbindet. Mit BNO TRAVEL ist das Reisen nach S\u00e4len einfach und bequem - egal, ob Sie auf der Suche nach verschneiten\u2026","rel":"","context":"\u00c4hnlicher Beitrag","block_context":{"text":"\u00c4hnlicher Beitrag","link":""},"img":{"alt_text":"","src":"https:\/\/i0.wp.com\/bno-travel.com\/wp-content\/uploads\/2025\/06\/2016JH070404.jpg?resize=350%2C200&ssl=1","width":350,"height":200,"srcset":"https:\/\/i0.wp.com\/bno-travel.com\/wp-content\/uploads\/2025\/06\/2016JH070404.jpg?resize=350%2C200&ssl=1 1x, https:\/\/i0.wp.com\/bno-travel.com\/wp-content\/uploads\/2025\/06\/2016JH070404.jpg?resize=525%2C300&ssl=1 1.5x, https:\/\/i0.wp.com\/bno-travel.com\/wp-content\/uploads\/2025\/06\/2016JH070404.jpg?resize=700%2C400&ssl=1 2x, https:\/\/i0.wp.com\/bno-travel.com\/wp-content\/uploads\/2025\/06\/2016JH070404.jpg?resize=1050%2C600&ssl=1 3x, https:\/\/i0.wp.com\/bno-travel.com\/wp-content\/uploads\/2025\/06\/2016JH070404.jpg?resize=1400%2C800&ssl=1 4x"},"classes":[]},{"id":4318,"url":"https:\/\/bno-travel.com\/de\/motorschlitten-in-trysil\/","url_meta":{"origin":4027,"position":1},"title":"Motorschlitten in Trysil","author":"Jan Terje \u00c5s","date":"11. Oktober 2025","format":false,"excerpt":"Schneemobilfahren in Trysil und Engerdal - rasante Abenteuer in der wilden norwegischen Natur Willkommen in Trysil und Engerdal - zwei der sch\u00f6nsten Schneemobilgebiete Norwegens, wo Sie ein wahres Winterabenteuer auf einem Schneemobil erleben k\u00f6nnen! Hier finden Sie kilometerlange, ausgeschilderte Strecken, professionell gef\u00fchrte Touren und die M\u00f6glichkeit, ein Schneemobil f\u00fcr einen\u2026","rel":"","context":"\u00c4hnlicher Beitrag","block_context":{"text":"\u00c4hnlicher Beitrag","link":""},"img":{"alt_text":"Room 726 kombinert med sn\u00f8scooter","src":"https:\/\/i0.wp.com\/bno-travel.com\/wp-content\/uploads\/2025\/07\/IMG_3633-%E2%80%93-Kopi.jpg?resize=350%2C200&ssl=1","width":350,"height":200,"srcset":"https:\/\/i0.wp.com\/bno-travel.com\/wp-content\/uploads\/2025\/07\/IMG_3633-%E2%80%93-Kopi.jpg?resize=350%2C200&ssl=1 1x, https:\/\/i0.wp.com\/bno-travel.com\/wp-content\/uploads\/2025\/07\/IMG_3633-%E2%80%93-Kopi.jpg?resize=525%2C300&ssl=1 1.5x, https:\/\/i0.wp.com\/bno-travel.com\/wp-content\/uploads\/2025\/07\/IMG_3633-%E2%80%93-Kopi.jpg?resize=700%2C400&ssl=1 2x, https:\/\/i0.wp.com\/bno-travel.com\/wp-content\/uploads\/2025\/07\/IMG_3633-%E2%80%93-Kopi.jpg?resize=1050%2C600&ssl=1 3x, https:\/\/i0.wp.com\/bno-travel.com\/wp-content\/uploads\/2025\/07\/IMG_3633-%E2%80%93-Kopi.jpg?resize=1400%2C800&ssl=1 4x"},"classes":[]},{"id":3556,"url":"https:\/\/bno-travel.com\/langrenn-i-salen-perfekt-for-den-aktive-familien\/","url_meta":{"origin":4027,"position":2},"title":"Langrenn i S\u00e4len","author":"Jan Terje \u00c5s","date":"18. Juli 2025","format":false,"excerpt":"","rel":"","context":"\u00c4hnlicher Beitrag","block_context":{"text":"\u00c4hnlicher Beitrag","link":""},"img":{"alt_text":"","src":"","width":0,"height":0},"classes":[]},{"id":2633,"url":"https:\/\/bno-travel.com\/oppdag-salen-familiens-feriefavoritt-i-sverige\/","url_meta":{"origin":4027,"position":3},"title":"Oppdag S\u00e4lenfjellet \u2013 Eventyret starter her","author":"Jan Terje \u00c5s","date":"18. Juli 2025","format":false,"excerpt":"Oppdag S\u00e4len Hel\u00e5rsdestinasjonen for gode opplevelser, aktivitet og minner i naturen Oppdag S\u00e4len og S\u00e4lenfjellet, en destinasjon der vintereventyr, sommerdager i fjellet og roligere naturopplevelser m\u00f8tes i samme reise. Med BNO Travel blir det enklere \u00e5 planlegge opphold, aktiviteter og opplevelser \u2013 med naturen i sentrum. Oppdag S\u00e4len Se aktiviteter\u2026","rel":"","context":"\u00c4hnlicher Beitrag","block_context":{"text":"\u00c4hnlicher Beitrag","link":""},"img":{"alt_text":"","src":"","width":0,"height":0},"classes":[]},{"id":28637,"url":"https:\/\/bno-travel.com\/overnatting-i-salen\/","url_meta":{"origin":4027,"position":4},"title":"overnatting-i-salen","author":"Jan Terje \u00c5s","date":"4. April 2026","format":false,"excerpt":"Destinasjon \u00b7 S\u00e4len Overnatting i S\u00e4len med tilgang til omr\u00e5dene som passer best for oppholdet ditt Utforsk omr\u00e5der i S\u00e4len som Lindvallen, Tand\u00e5dalen, H\u00f6gfj\u00e4llet og Hundfj\u00e4llet \u2013 og finn et opphold som gir riktig balanse mellom beliggenhet, natur og aktiviteter. Se omr\u00e5der i S\u00e4len Oppdag S\u00e4len Finn riktig omr\u00e5de for\u2026","rel":"","context":"\u00c4hnlicher Beitrag","block_context":{"text":"\u00c4hnlicher Beitrag","link":""},"img":{"alt_text":"","src":"","width":0,"height":0},"classes":[]},{"id":28663,"url":"https:\/\/bno-travel.com\/de\/elementor-28637\/","url_meta":{"origin":4027,"position":5},"title":"Elementor #28637","author":"Jan Terje \u00c5s","date":"4. April 2026","format":false,"excerpt":"Reiseziel - S\u00e4len Unterkunft in S\u00e4len mit Zugang zu den Bereichen, die f\u00fcr Ihren Aufenthalt am besten geeignet sind Erkunden Sie Gebiete in S\u00e4len wie Lindvallen, Tand\u00e5dalen, H\u00f6gfj\u00e4llet und Hundfj\u00e4llet - und finden Sie einen Aufenthalt, der die richtige Balance zwischen Lage, Natur und Aktivit\u00e4ten bietet. Siehe Gebiete in S\u00e4len\u2026","rel":"","context":"\u00c4hnlicher Beitrag","block_context":{"text":"\u00c4hnlicher Beitrag","link":""},"img":{"alt_text":"","src":"","width":0,"height":0},"classes":[]}],"_links":{"self":[{"href":"https:\/\/bno-travel.com\/de\/wp-json\/wp\/v2\/pages\/4027","targetHints":{"allow":["GET"]}}],"collection":[{"href":"https:\/\/bno-travel.com\/de\/wp-json\/wp\/v2\/pages"}],"about":[{"href":"https:\/\/bno-travel.com\/de\/wp-json\/wp\/v2\/types\/page"}],"author":[{"embeddable":true,"href":"https:\/\/bno-travel.com\/de\/wp-json\/wp\/v2\/users\/260013438"}],"replies":[{"embeddable":true,"href":"https:\/\/bno-travel.com\/de\/wp-json\/wp\/v2\/comments?post=4027"}],"version-history":[{"count":2,"href":"https:\/\/bno-travel.com\/de\/wp-json\/wp\/v2\/pages\/4027\/revisions"}],"predecessor-version":[{"id":4818,"href":"https:\/\/bno-travel.com\/de\/wp-json\/wp\/v2\/pages\/4027\/revisions\/4818"}],"wp:attachment":[{"href":"https:\/\/bno-travel.com\/de\/wp-json\/wp\/v2\/media?parent=4027"}],"curies":[{"name":"wp","href":"https:\/\/api.w.org\/{rel}","templated":true}]}}