{"id":4090,"date":"2025-07-18T20:26:42","date_gmt":"2025-07-18T18:26:42","guid":{"rendered":"https:\/\/bno-travel.com\/?page_id=4090"},"modified":"2025-07-18T20:27:20","modified_gmt":"2025-07-18T18:27:20","slug":"bowling-in-trysil","status":"publish","type":"page","link":"https:\/\/bno-travel.com\/de\/bowling-in-trysil\/","title":{"rendered":"Bowling in Trysil"},"content":{"rendered":"\n<p class=\"wp-block-paragraph\"><\/p>\n\n<div class=\"wp-block-cover alignfull\" style=\"margin-top:0;margin-bottom:0;padding-top:var(--wp--preset--spacing--20);padding-right:var(--wp--preset--spacing--40);padding-bottom:var(--wp--preset--spacing--20);padding-left:var(--wp--preset--spacing--40);min-height:897px;aspect-ratio:unset;\"><img data-recalc-dims=\"1\" fetchpriority=\"high\" decoding=\"async\" width=\"800\" height=\"636\" class=\"wp-block-cover__image-background wp-image-2526 size-full\" alt=\"Bowling i Trysil\" src=\"https:\/\/i0.wp.com\/bno-travel.com\/wp-content\/uploads\/2025\/06\/52198855347_f963be3dbf_c.jpg?resize=800%2C636&#038;ssl=1\" style=\"object-position:53% 14%\" data-object-fit=\"cover\" data-object-position=\"53% 14%\" srcset=\"https:\/\/i0.wp.com\/bno-travel.com\/wp-content\/uploads\/2025\/06\/52198855347_f963be3dbf_c.jpg?w=800&amp;ssl=1 800w, https:\/\/i0.wp.com\/bno-travel.com\/wp-content\/uploads\/2025\/06\/52198855347_f963be3dbf_c.jpg?resize=300%2C239&amp;ssl=1 300w, https:\/\/i0.wp.com\/bno-travel.com\/wp-content\/uploads\/2025\/06\/52198855347_f963be3dbf_c.jpg?resize=768%2C611&amp;ssl=1 768w\" sizes=\"(max-width: 800px) 100vw, 800px\" \/><span aria-hidden=\"true\" class=\"wp-block-cover__background has-theme-1-background-color has-background-dim-30 has-background-dim\"><\/span><div class=\"wp-block-cover__inner-container is-layout-flow wp-block-cover-is-layout-flow\">\n<div style=\"height:var(--wp--preset--spacing--50)\" aria-hidden=\"true\" class=\"wp-block-spacer\"><\/div>\n\n\n\n<div style=\"height:var(--wp--preset--spacing--50)\" aria-hidden=\"true\" class=\"wp-block-spacer\"><\/div>\n<\/div><\/div>\n\n<div class=\"wp-block-group alignfull is-style-section-3 is-layout-constrained wp-block-group-is-layout-constrained\" style=\"margin-top:0;margin-bottom:0;padding-top:var(--wp--preset--spacing--40);padding-bottom:var(--wp--preset--spacing--40)\">\n<div class=\"wp-block-columns alignwide are-vertically-aligned-center is-layout-flex wp-container-core-columns-is-layout-d9ad523d wp-block-columns-is-layout-flex\">\n<div class=\"wp-block-column is-vertically-aligned-center is-layout-flow wp-block-column-is-layout-flow\">\n<figure class=\"wp-block-image size-full\"><img data-recalc-dims=\"1\" decoding=\"async\" width=\"800\" height=\"636\" src=\"https:\/\/i0.wp.com\/bno-travel.com\/wp-content\/uploads\/2025\/06\/52198855347_f963be3dbf_c.jpg?resize=800%2C636&#038;ssl=1\" alt=\"Bowling in Trysil\" class=\"wp-image-2526\" style=\"aspect-ratio:3\/4;object-fit:cover\" title=\"Titel\" srcset=\"https:\/\/i0.wp.com\/bno-travel.com\/wp-content\/uploads\/2025\/06\/52198855347_f963be3dbf_c.jpg?w=800&amp;ssl=1 800w, https:\/\/i0.wp.com\/bno-travel.com\/wp-content\/uploads\/2025\/06\/52198855347_f963be3dbf_c.jpg?resize=300%2C239&amp;ssl=1 300w, https:\/\/i0.wp.com\/bno-travel.com\/wp-content\/uploads\/2025\/06\/52198855347_f963be3dbf_c.jpg?resize=768%2C611&amp;ssl=1 768w\" sizes=\"(max-width: 800px) 100vw, 800px\" \/><\/figure>\n<\/div>\n\n\n\n<div class=\"wp-block-column is-vertically-aligned-center is-content-justification-left is-layout-constrained wp-container-core-column-is-layout-b64f6bf5 wp-block-column-is-layout-constrained\">\n<p class=\"wp-block-paragraph\"><\/p>\n\n\n\n<h2 class=\"wp-block-heading\">Bowling in Trysil - die perfekte Aktivit\u00e4t f\u00fcr die ganze Familie<\/h2>\n\n\n\n<p class=\"wp-block-paragraph\">Bowling ist eine beliebte und gesellige Aktivit\u00e4t f\u00fcr Jung und Alt, und in Trysil finden Sie ein modernes und einladendes Bowlingcenter mitten im Herzen der Bergdestination. Ganz gleich, ob Sie mit der Familie, einer Gruppe von Freunden oder auf einem Betriebsausflug in Trysil sind, Bowling ist eine tolle Alternative zu Aktivit\u00e4ten im Freien - besonders an regnerischen Tagen oder als angenehme Abendbesch\u00e4ftigung nach einem aktiven Tag. <\/p>\n\n\n\n<p class=\"wp-block-paragraph\">Im <strong>Trysil Bowling<\/strong>, zentral im Radisson Blu Resort Trysil gelegen, finden Sie eine <strong>8-Bahnen-Bowlingbahn<\/strong> mit moderner Technik, einer tollen Atmosph\u00e4re und Einrichtungen, die sowohl f\u00fcr Kinder als auch f\u00fcr Erwachsene geeignet sind. Hier k\u00f6nnen Sie eine Runde Bowling in Kombination mit Essen, Trinken und Entspannung genie\u00dfen - alles unter einem Dach. Es ist auch m\u00f6glich, Bahnen f\u00fcr Gruppen und Veranstaltungen zu reservieren, was es zu einer beliebten Wahl f\u00fcr Geburtstage, Teambuilding und Familienaktivit\u00e4ten macht.  <\/p>\n\n\n\n<p class=\"wp-block-paragraph\"><a href=\"https:\/\/www.trysil.com\/bedrifter\/radisson-blu-resort-trysil\/chill-bowl--dine\/\" target=\"_blank\" rel=\"noopener\">Die Bowlingbahn <\/a>verf\u00fcgt auch \u00fcber Billardtische, Arcade-Spiele und einen Lounge-Bereich und ist damit ein nat\u00fcrlicher Treffpunkt f\u00fcr Entspannung und Spa\u00df. Kinderfreundliche Bahnen mit Rollenbahnen und leichten Kugeln sorgen daf\u00fcr, dass auch die Kleinsten mitmachen k\u00f6nnen - und Spa\u00df haben! <\/p>\n<\/div>\n<\/div>\n<\/div>\n\n<div class=\"wp-block-group alignfull is-style-default is-content-justification-center is-layout-constrained wp-container-core-group-is-layout-69af11d0 wp-block-group-is-layout-constrained\" style=\"margin-top:0;margin-bottom:0;padding-top:var(--wp--preset--spacing--40);padding-bottom:var(--wp--preset--spacing--40)\"><\/div>\n\n<div class=\"wp-block-group alignfull is-content-justification-center is-layout-constrained wp-block-group-is-layout-constrained\" style=\"margin-top:0;margin-bottom:0;padding-top:var(--wp--preset--spacing--40);padding-bottom:var(--wp--preset--spacing--40)\">\n<div class=\"wp-block-columns alignwide are-vertically-aligned-center is-layout-flex wp-container-core-columns-is-layout-7387b849 wp-block-columns-is-layout-flex\">\n<div class=\"wp-block-column is-vertically-aligned-center is-content-justification-left is-layout-constrained wp-container-core-column-is-layout-b64f6bf5 wp-block-column-is-layout-constrained\">\n<p class=\"wp-block-paragraph\">Warum sollten Sie sich f\u00fcr Bowling in Trysil entscheiden?<\/p>\n\n\n\n<ul class=\"wp-block-list\">\n<li>Perfekte Aktivit\u00e4t das ganze Jahr \u00fcber - unabh\u00e4ngig von Wetter und Jahreszeit<\/li>\n\n\n\n<li>Geeignet f\u00fcr alle Altersgruppen und Schwierigkeitsgrade<\/li>\n\n\n\n<li>Familienfreundlich und gesellig<\/li>\n\n\n\n<li>Leicht mit einem Abendessen und anderen Aktivit\u00e4ten zu kombinieren<\/li>\n\n\n\n<li>Einfacher Zugang zu Unterkunft und Transport<\/li>\n<\/ul>\n\n\n\n<p class=\"wp-block-paragraph\">Aktivit\u00e4ten in Trysil - mehr als nur Skifahren<\/p>\n\n\n\n<p class=\"wp-block-paragraph\">Obwohl Trysil vor allem als Norwegens gr\u00f6\u00dftes Wintersportzentrum bekannt ist, gibt es das ganze Jahr \u00fcber ein breites Angebot an <strong>anderen Aktivit\u00e4ten<\/strong>. Wenn Sie zum Bowling in Trysil sind, kann es sich lohnen, Ihren Aufenthalt mit anderen Erlebnissen zu kombinieren: <\/p>\n\n\n\n<p class=\"wp-block-paragraph\">Winteraktivit\u00e4ten in Trysil (au\u00dfer Ski Alpin)<\/p>\n\n\n\n<ul class=\"wp-block-list\">\n<li><strong>Skilanglauf:<\/strong> \u00dcber 100 Kilometer gut pr\u00e4parierte Langlaufloipen in abwechslungsreichem Terrain.<\/li>\n\n\n\n<li><strong>Hundeschlittenfahrten:<\/strong> Ein abenteuerliches Erlebnis, bei dem Sie Ihr eigenes Hundegespann fahren k\u00f6nnen.<\/li>\n\n\n\n<li><strong>Schneeschuhwandern und Winterwandern:<\/strong> F\u00fcr diejenigen, die die Berge in einem langsameren Tempo erleben m\u00f6chten.<\/li>\n\n\n\n<li><strong>Schlittenfahren und Rodeln:<\/strong> Ein Spa\u00df f\u00fcr Kinder und Erwachsene, mit speziellen Rodelbahnen an mehreren Orten.<\/li>\n\n\n\n<li><strong>Wellness und Spa:<\/strong> Genie\u00dfen Sie entspannende Behandlungen oder ein Bad im beheizten Pool nach einem Tag voller Aktivit\u00e4ten.<\/li>\n<\/ul>\n\n\n\n<p class=\"wp-block-paragraph\">Sommeraktivit\u00e4ten in Trysil<\/p>\n\n\n\n<ul class=\"wp-block-list\">\n<li><strong>Kletterpark und Zipline:<\/strong> Perfekt f\u00fcr Kinder und Jugendliche, die Geschwindigkeit und Herausforderungen lieben, regelm\u00e4\u00dfige Turniere und Clubabende.<\/li>\n<\/ul>\n\n\n\n<ul class=\"wp-block-list\">\n<li><strong>Trysil Bike Arena:<\/strong> Eines der besten Gebiete Norwegens f\u00fcr Trail-Biking, mit Strecken f\u00fcr alle Niveaus.<\/li>\n<\/ul>\n\n\n\n<ul class=\"wp-block-list\">\n<li><strong>Aktivit\u00e4ten auf dem Fluss:<\/strong> Paddeln, Rafting und SUP in Trysilelva.<\/li>\n<\/ul>\n\n\n\n<ul class=\"wp-block-list\">\n<li><strong>Wandern:<\/strong> Viele ausgeschilderte Routen durch W\u00e4lder, Berge und offene Ebenen.<\/li>\n\n\n\n<li><strong>Angeln und Golf:<\/strong> Gute M\u00f6glichkeiten zum Sportangeln und zum Spielen auf dem 18-Loch-Golfplatz von Trysil.<\/li>\n<\/ul>\n<\/div>\n\n\n\n<div class=\"wp-block-column is-vertically-aligned-center is-layout-flow wp-block-column-is-layout-flow\">\n<figure class=\"wp-block-image size-full\"><img data-recalc-dims=\"1\" decoding=\"async\" width=\"799\" height=\"532\" src=\"https:\/\/i0.wp.com\/bno-travel.com\/wp-content\/uploads\/2025\/06\/19105672288_2155e3dd4c_c.jpg?resize=799%2C532&#038;ssl=1\" alt=\"Sommer in Trysil\" class=\"wp-image-2278\" style=\"aspect-ratio:3\/4;object-fit:cover\" srcset=\"https:\/\/i0.wp.com\/bno-travel.com\/wp-content\/uploads\/2025\/06\/19105672288_2155e3dd4c_c.jpg?w=799&amp;ssl=1 799w, https:\/\/i0.wp.com\/bno-travel.com\/wp-content\/uploads\/2025\/06\/19105672288_2155e3dd4c_c.jpg?resize=300%2C200&amp;ssl=1 300w, https:\/\/i0.wp.com\/bno-travel.com\/wp-content\/uploads\/2025\/06\/19105672288_2155e3dd4c_c.jpg?resize=768%2C511&amp;ssl=1 768w\" sizes=\"(max-width: 799px) 100vw, 799px\" \/><\/figure>\n<\/div>\n<\/div>\n<\/div>\n\n<div class=\"wp-block-group alignfull is-style-default is-content-justification-center is-layout-constrained wp-container-core-group-is-layout-69af11d0 wp-block-group-is-layout-constrained\" style=\"margin-top:0;margin-bottom:0;padding-top:var(--wp--preset--spacing--40);padding-bottom:var(--wp--preset--spacing--40)\">\n<div class=\"wp-block-group alignfull is-content-justification-center is-layout-constrained wp-container-core-group-is-layout-4853c3a7 wp-block-group-is-layout-constrained\" style=\"margin-top:0;margin-bottom:0;padding-top:calc( 0.5 * var(u002du002dwpu002du002dstyleu002du002drootu002du002dpadding-right, var(u002du002dwpu002du002dcustomu002du002dgapu002du002dhorizontal)));padding-right:var(u002du002dwpu002du002dstyleu002du002drootu002du002dpadding-right, var(u002du002dwpu002du002dcustomu002du002dgapu002du002dhorizontal));padding-bottom:calc( 0.5 * var(u002du002dwpu002du002dstyleu002du002drootu002du002dpadding-right, var(u002du002dwpu002du002dcustomu002du002dgapu002du002dhorizontal)));padding-left:var(u002du002dwpu002du002dstyleu002du002drootu002du002dpadding-left, var(u002du002dwpu002du002dcustomu002du002dgapu002du002dhorizontal))\">\n<div style=\"height:calc( 0.25 * var(u002du002dwpu002du002dstyleu002du002drootu002du002dpadding-right, var(u002du002dwpu002du002dcustomu002du002dgapu002du002dhorizontal)))\" aria-hidden=\"true\" class=\"wp-block-spacer\"><\/div>\n\n\n\n<div class=\"wp-block-columns alignwide is-layout-flex wp-container-core-columns-is-layout-7387b849 wp-block-columns-is-layout-flex\">\n<div class=\"wp-block-column is-vertically-aligned-center is-layout-flow wp-block-column-is-layout-flow\">\n<figure class=\"wp-block-image size-full\"><img data-recalc-dims=\"1\" loading=\"lazy\" decoding=\"async\" width=\"532\" height=\"799\" src=\"https:\/\/i0.wp.com\/bno-travel.com\/wp-content\/uploads\/2025\/06\/18670754034_e10bf74a7e_c.jpg?resize=532%2C799&#038;ssl=1\" alt=\"\" class=\"wp-image-2265\" style=\"aspect-ratio:3\/4;object-fit:cover\" srcset=\"https:\/\/i0.wp.com\/bno-travel.com\/wp-content\/uploads\/2025\/06\/18670754034_e10bf74a7e_c.jpg?w=532&amp;ssl=1 532w, https:\/\/i0.wp.com\/bno-travel.com\/wp-content\/uploads\/2025\/06\/18670754034_e10bf74a7e_c.jpg?resize=200%2C300&amp;ssl=1 200w\" sizes=\"(max-width: 532px) 100vw, 532px\" \/><\/figure>\n<\/div>\n\n\n\n<div class=\"wp-block-column is-vertically-aligned-center is-layout-flow wp-block-column-is-layout-flow\">\n<p class=\"has-text-align-left wp-block-paragraph\">Buchen Sie Ihren Urlaub mit BNO TRAVEL<\/p>\n\n\n\n<p class=\"wp-block-paragraph\">Ganz gleich, ob Sie einen aktiven Winterurlaub, ein Sommerabenteuer in den Bergen oder einen erholsamen Wochenendtrip planen, <strong>BNO TRAVEL<\/strong> kann Ihnen helfen, einen Aufenthalt ganz nach Ihren W\u00fcnschen zu gestalten. Wir bieten Ihnen Komplettpakete mit Unterk\u00fcnften, Tipps und Ratschl\u00e4gen zu Aktivit\u00e4ten - einschlie\u00dflich Bowling und vielem mehr. <\/p>\n\n\n\n<p class=\"wp-block-paragraph\">Wenn es um Unterk\u00fcnfte in Trysil geht, bieten wir drei Hauptbereiche an<\/p>\n\n\n\n<p class=\"wp-block-paragraph\"><a href=\"https:\/\/bno-travel.com\/de\/?page_id=2770\">Tourismuszentrum Trysil<\/a><\/p>\n\n\n\n<p class=\"wp-block-paragraph\">Dies ist die zentralste und lebendigste Gegend in Trysil. Sie befinden sich in unmittelbarer N\u00e4he von Liften, Kinderspielpl\u00e4tzen, Skischulen, Gesch\u00e4ften, Restaurants und Apr\u00e8s-Ski. Perfekt f\u00fcr alle, die alles zu Fu\u00df erreichen und eine gesellige Atmosph\u00e4re genie\u00dfen m\u00f6chten. Appartements und Hotels mit hohem Komfort machen diesen Ort zu einer beliebten Wahl sowohl f\u00fcr den Winter- als auch f\u00fcr den Sommerurlaub.   <\/p>\n\n\n\n<p class=\"wp-block-paragraph\"><a href=\"https:\/\/bno-travel.com\/de\/?page_id=2690\">Trysilfjell H\u00fcttengebiet<\/a><\/p>\n\n\n\n<p class=\"wp-block-paragraph\">Das Hotel liegt in einer waldreichen und ruhigen Umgebung zwischen dem Touristenzentrum und dem Hochgebirgszentrum. Hier finden Sie traditionelle H\u00fctten und moderne Bergh\u00fctten - viele mit Ski-in\/Ski-out und sch\u00f6ner Aussicht. Eine gute Wahl f\u00fcr diejenigen, die mehr Privatsph\u00e4re w\u00fcnschen und dennoch alles, was die Berge zu bieten haben, in der N\u00e4he haben m\u00f6chten.  <\/p>\n\n\n\n<p class=\"wp-block-paragraph\"><a href=\"https:\/\/bno-travel.com\/de\/?page_id=2708\">Trysil H\u00f8yfjellssenter \/ Fager\u00e5sen<\/a><\/p>\n\n\n\n<p class=\"wp-block-paragraph\">Dieses Gebiet ist hoch und offen mit Panoramablick und viel Sonne. Hier finden Sie familienfreundliche Pisten, gute Kinderbereiche, einen Skiverleih, einen Lebensmittelladen und eine ruhige Umgebung. Die H\u00fctten und Appartements hier sind ideal f\u00fcr Familien mit Kindern und f\u00fcr diejenigen, die ein entspanntes Bergerlebnis suchen.  <\/p>\n\n\n\n<p class=\"wp-block-paragraph\">Kontaktieren Sie uns noch heute, um Ihr n\u00e4chstes Trysil-Erlebnis zu planen - und vergessen Sie nicht, sich Zeit f\u00fcr eine Runde Bowling zu nehmen!<\/p>\n<\/div>\n<\/div>\n\n\n\n<div style=\"height:calc( 0.25 * var(u002du002dwpu002du002dstyleu002du002drootu002du002dpadding-right, var(u002du002dwpu002du002dcustomu002du002dgapu002du002dhorizontal)))\" aria-hidden=\"true\" class=\"wp-block-spacer\"><\/div>\n<\/div>\n\n\n\n<div class=\"wp-block-group alignwide is-content-justification-left is-layout-constrained wp-container-core-group-is-layout-54d22900 wp-block-group-is-layout-constrained\"><\/div>\n<\/div>\n\n<div class=\"wp-block-group alignfull is-style-default is-content-justification-center is-layout-constrained wp-container-core-group-is-layout-cdf99998 wp-block-group-is-layout-constrained\" style=\"margin-top:0;margin-bottom:0;padding-top:var(--wp--preset--spacing--40);padding-bottom:var(--wp--preset--spacing--40)\"><\/div>\n\n<p class=\"wp-block-paragraph\"><\/p>\n","protected":false},"excerpt":{"rendered":"<p>Bowling in Trysil - die perfekte Aktivit\u00e4t f\u00fcr die ganze Familie Bowling ist eine beliebte und gesellige Aktivit\u00e4t f\u00fcr Jung und Alt, und in Trysil finden Sie ein modernes und einladendes Bowlingcenter mitten im Herzen der Bergdestination. Ganz gleich, ob Sie mit der Familie, einer Gruppe von Freunden oder auf einem Betriebsausflug in Trysil sind, [&hellip;]<\/p>\n","protected":false},"author":260013438,"featured_media":0,"parent":0,"menu_order":0,"comment_status":"closed","ping_status":"closed","template":"","meta":{"_crdt_document":"","footnotes":""},"class_list":["post-4090","page","type-page","status-publish","hentry"],"jetpack_likes_enabled":true,"jetpack_sharing_enabled":true,"jetpack_shortlink":"https:\/\/wp.me\/PgDuwj-13Y","jetpack-related-posts":[{"id":3434,"url":"https:\/\/bno-travel.com\/bowling-i-trysil-perfekt-for-hele-familien\/","url_meta":{"origin":4090,"position":0},"title":"Bowling i Trysil","author":"Jan Terje \u00c5s","date":"18. Juli 2025","format":false,"excerpt":"Bowling i Trysil En sosial og familievennlig aktivitet som passer perfekt mellom fjellopplevelsene Bowling i Trysil er et enkelt og popul\u00e6rt valg n\u00e5r du vil samle familien, vennegjengen eller kollegene til noe morsomt og avslappet. Midt i fjelldestinasjonen finner du et moderne bowlinganlegg som passer like godt som kveldsh\u00f8ydepunkt etter\u2026","rel":"","context":"\u00c4hnlicher Beitrag","block_context":{"text":"\u00c4hnlicher Beitrag","link":""},"img":{"alt_text":"","src":"","width":0,"height":0},"classes":[]},{"id":4077,"url":"https:\/\/bno-travel.com\/pt-pt\/bowling-em-trysil\/","url_meta":{"origin":4090,"position":1},"title":"Bowling em Trysil","author":"Jan Terje \u00c5s","date":"18. Juli 2025","format":false,"excerpt":"Bowling em Trysil - a atividade perfeita para toda a fam\u00edlia O bowling \u00e9 uma atividade popular e soci\u00e1vel para jovens e idosos, e em Trysil encontrar\u00e1s um centro de bowling moderno e convidativo mesmo no cora\u00e7\u00e3o do destino de montanha. Quer estejas em Trysil de f\u00e9rias com a fam\u00edlia,\u2026","rel":"","context":"\u00c4hnlicher Beitrag","block_context":{"text":"\u00c4hnlicher Beitrag","link":""},"img":{"alt_text":"Bowling i Trysil","src":"https:\/\/i0.wp.com\/bno-travel.com\/wp-content\/uploads\/2025\/06\/52198855347_f963be3dbf_c.jpg?resize=350%2C200&ssl=1","width":350,"height":200,"srcset":"https:\/\/i0.wp.com\/bno-travel.com\/wp-content\/uploads\/2025\/06\/52198855347_f963be3dbf_c.jpg?resize=350%2C200&ssl=1 1x, https:\/\/i0.wp.com\/bno-travel.com\/wp-content\/uploads\/2025\/06\/52198855347_f963be3dbf_c.jpg?resize=525%2C300&ssl=1 1.5x, https:\/\/i0.wp.com\/bno-travel.com\/wp-content\/uploads\/2025\/06\/52198855347_f963be3dbf_c.jpg?resize=700%2C400&ssl=1 2x"},"classes":[]},{"id":4226,"url":"https:\/\/bno-travel.com\/sv\/bowling-i-trysil\/","url_meta":{"origin":4090,"position":2},"title":"Bowling i Trysil","author":"Jan Terje \u00c5s","date":"18. Juli 2025","format":false,"excerpt":"Bowling i Trysil - den perfekta aktiviteten f\u00f6r hela familjen Bowling \u00e4r en popul\u00e4r och social aktivitet f\u00f6r b\u00e5de unga och gamla, och i Trysil hittar du ett modernt och inbjudande bowlingcenter mitt i hj\u00e4rtat av fj\u00e4lldestinationen. Oavsett om du \u00e4r i Trysil p\u00e5 semester med familjen, ett kompisg\u00e4ng eller\u2026","rel":"","context":"\u00c4hnlicher Beitrag","block_context":{"text":"\u00c4hnlicher Beitrag","link":""},"img":{"alt_text":"Bowling i Trysil","src":"https:\/\/i0.wp.com\/bno-travel.com\/wp-content\/uploads\/2025\/06\/52198855347_f963be3dbf_c.jpg?resize=350%2C200&ssl=1","width":350,"height":200,"srcset":"https:\/\/i0.wp.com\/bno-travel.com\/wp-content\/uploads\/2025\/06\/52198855347_f963be3dbf_c.jpg?resize=350%2C200&ssl=1 1x, https:\/\/i0.wp.com\/bno-travel.com\/wp-content\/uploads\/2025\/06\/52198855347_f963be3dbf_c.jpg?resize=525%2C300&ssl=1 1.5x, https:\/\/i0.wp.com\/bno-travel.com\/wp-content\/uploads\/2025\/06\/52198855347_f963be3dbf_c.jpg?resize=700%2C400&ssl=1 2x"},"classes":[]},{"id":4089,"url":"https:\/\/bno-travel.com\/da\/bowling-i-trysil\/","url_meta":{"origin":4090,"position":3},"title":"Bowling i Trysil","author":"Jan Terje \u00c5s","date":"18. Juli 2025","format":false,"excerpt":"Bowling i Trysil - den perfekte aktivitet for hele familien Bowling er en popul\u00e6r og hyggelig aktivitet for b\u00e5de unge og gamle, og i Trysil finder du et moderne og indbydende bowlingcenter lige i hjertet af fjelddestinationen. Uanset om du er i Trysil p\u00e5 ferie med familien, en gruppe venner\u2026","rel":"","context":"\u00c4hnlicher Beitrag","block_context":{"text":"\u00c4hnlicher Beitrag","link":""},"img":{"alt_text":"Bowling i Trysil","src":"https:\/\/i0.wp.com\/bno-travel.com\/wp-content\/uploads\/2025\/06\/52198855347_f963be3dbf_c.jpg?resize=350%2C200&ssl=1","width":350,"height":200,"srcset":"https:\/\/i0.wp.com\/bno-travel.com\/wp-content\/uploads\/2025\/06\/52198855347_f963be3dbf_c.jpg?resize=350%2C200&ssl=1 1x, https:\/\/i0.wp.com\/bno-travel.com\/wp-content\/uploads\/2025\/06\/52198855347_f963be3dbf_c.jpg?resize=525%2C300&ssl=1 1.5x, https:\/\/i0.wp.com\/bno-travel.com\/wp-content\/uploads\/2025\/06\/52198855347_f963be3dbf_c.jpg?resize=700%2C400&ssl=1 2x"},"classes":[]},{"id":4096,"url":"https:\/\/bno-travel.com\/fr\/bowling-a-trysil\/","url_meta":{"origin":4090,"position":4},"title":"Bowling \u00e0 Trysil","author":"Jan Terje \u00c5s","date":"18. Juli 2025","format":false,"excerpt":"Bowling \u00e0 Trysil - l'activit\u00e9 id\u00e9ale pour toute la famille Le bowling est une activit\u00e9 populaire et sociable pour les jeunes et les moins jeunes. \u00c0 Trysil, vous trouverez un centre de bowling moderne et accueillant en plein c\u0153ur de la destination de montagne. Que vous soyez \u00e0 Trysil en\u2026","rel":"","context":"\u00c4hnlicher Beitrag","block_context":{"text":"\u00c4hnlicher Beitrag","link":""},"img":{"alt_text":"Bowling i Trysil","src":"https:\/\/i0.wp.com\/bno-travel.com\/wp-content\/uploads\/2025\/06\/52198855347_f963be3dbf_c.jpg?resize=350%2C200&ssl=1","width":350,"height":200,"srcset":"https:\/\/i0.wp.com\/bno-travel.com\/wp-content\/uploads\/2025\/06\/52198855347_f963be3dbf_c.jpg?resize=350%2C200&ssl=1 1x, https:\/\/i0.wp.com\/bno-travel.com\/wp-content\/uploads\/2025\/06\/52198855347_f963be3dbf_c.jpg?resize=525%2C300&ssl=1 1.5x, https:\/\/i0.wp.com\/bno-travel.com\/wp-content\/uploads\/2025\/06\/52198855347_f963be3dbf_c.jpg?resize=700%2C400&ssl=1 2x"},"classes":[]},{"id":4085,"url":"https:\/\/bno-travel.com\/is\/keila-i-trysil\/","url_meta":{"origin":4090,"position":5},"title":"Keila \u00ed Trysil","author":"Jan Terje \u00c5s","date":"18. Juli 2025","format":false,"excerpt":"Keila \u00ed Trysil \u2013 Fullkomin af\u00fereying fyrir alla fj\u00f6lskylduna Keila er vins\u00e6l og f\u00e9lagsleg af\u00fereying fyrir b\u00e6\u00f0i unga sem aldna, og \u00ed Trysil finnur \u00fe\u00fa n\u00fat\u00edmalega og a\u00f0la\u00f0andi keilua\u00f0st\u00f6\u00f0u \u00ed hjarta fjallasv\u00e6\u00f0isins. Hvort sem \u00fe\u00fa ert \u00ed Trysil \u00ed fr\u00edi me\u00f0 fj\u00f6lskyldunni, vinah\u00f3pi e\u00f0a \u00ed fyrirt\u00e6kjafer\u00f0, \u00fe\u00e1 er keila fr\u00e1b\u00e6r\u2026","rel":"","context":"\u00c4hnlicher Beitrag","block_context":{"text":"\u00c4hnlicher Beitrag","link":""},"img":{"alt_text":"Bowling i Trysil","src":"https:\/\/i0.wp.com\/bno-travel.com\/wp-content\/uploads\/2025\/06\/52198855347_f963be3dbf_c.jpg?resize=350%2C200&ssl=1","width":350,"height":200,"srcset":"https:\/\/i0.wp.com\/bno-travel.com\/wp-content\/uploads\/2025\/06\/52198855347_f963be3dbf_c.jpg?resize=350%2C200&ssl=1 1x, https:\/\/i0.wp.com\/bno-travel.com\/wp-content\/uploads\/2025\/06\/52198855347_f963be3dbf_c.jpg?resize=525%2C300&ssl=1 1.5x, https:\/\/i0.wp.com\/bno-travel.com\/wp-content\/uploads\/2025\/06\/52198855347_f963be3dbf_c.jpg?resize=700%2C400&ssl=1 2x"},"classes":[]}],"_links":{"self":[{"href":"https:\/\/bno-travel.com\/de\/wp-json\/wp\/v2\/pages\/4090","targetHints":{"allow":["GET"]}}],"collection":[{"href":"https:\/\/bno-travel.com\/de\/wp-json\/wp\/v2\/pages"}],"about":[{"href":"https:\/\/bno-travel.com\/de\/wp-json\/wp\/v2\/types\/page"}],"author":[{"embeddable":true,"href":"https:\/\/bno-travel.com\/de\/wp-json\/wp\/v2\/users\/260013438"}],"replies":[{"embeddable":true,"href":"https:\/\/bno-travel.com\/de\/wp-json\/wp\/v2\/comments?post=4090"}],"version-history":[{"count":2,"href":"https:\/\/bno-travel.com\/de\/wp-json\/wp\/v2\/pages\/4090\/revisions"}],"predecessor-version":[{"id":5211,"href":"https:\/\/bno-travel.com\/de\/wp-json\/wp\/v2\/pages\/4090\/revisions\/5211"}],"wp:attachment":[{"href":"https:\/\/bno-travel.com\/de\/wp-json\/wp\/v2\/media?parent=4090"}],"curies":[{"name":"wp","href":"https:\/\/api.w.org\/{rel}","templated":true}]}}