{"id":4115,"date":"2025-07-18T20:48:07","date_gmt":"2025-07-18T18:48:07","guid":{"rendered":"https:\/\/bno-travel.com\/?page_id=4115"},"modified":"2025-07-18T20:48:49","modified_gmt":"2025-07-18T18:48:49","slug":"restaurants-in-trysil","status":"publish","type":"page","link":"https:\/\/bno-travel.com\/de\/restaurants-in-trysil\/","title":{"rendered":"Restaurants in Trysil"},"content":{"rendered":"\n<p class=\"wp-block-paragraph\"><\/p>\n\n<div class=\"wp-block-cover alignfull\" style=\"margin-top:0;margin-bottom:0;padding-top:var(--wp--preset--spacing--20);padding-right:var(--wp--preset--spacing--40);padding-bottom:var(--wp--preset--spacing--20);padding-left:var(--wp--preset--spacing--40);min-height:1052px;aspect-ratio:unset;\"><img data-recalc-dims=\"1\" fetchpriority=\"high\" decoding=\"async\" width=\"799\" height=\"582\" class=\"wp-block-cover__image-background wp-image-3406 size-full\" alt=\"Restauranter i Trysil\" src=\"https:\/\/i0.wp.com\/bno-travel.com\/wp-content\/uploads\/2025\/07\/52200124434_fe05c58713_c.jpg?resize=799%2C582&#038;ssl=1\" data-object-fit=\"cover\" srcset=\"https:\/\/i0.wp.com\/bno-travel.com\/wp-content\/uploads\/2025\/07\/52200124434_fe05c58713_c.jpg?w=799&amp;ssl=1 799w, https:\/\/i0.wp.com\/bno-travel.com\/wp-content\/uploads\/2025\/07\/52200124434_fe05c58713_c.jpg?resize=300%2C219&amp;ssl=1 300w, https:\/\/i0.wp.com\/bno-travel.com\/wp-content\/uploads\/2025\/07\/52200124434_fe05c58713_c.jpg?resize=768%2C559&amp;ssl=1 768w\" sizes=\"(max-width: 799px) 100vw, 799px\" \/><span aria-hidden=\"true\" class=\"wp-block-cover__background has-theme-1-background-color has-background-dim-30 has-background-dim\"><\/span><div class=\"wp-block-cover__inner-container is-layout-flow wp-block-cover-is-layout-flow\">\n<p class=\"wp-block-paragraph\"><\/p>\n\n\n\n<p class=\"wp-block-paragraph\"><\/p>\n\n\n\n<div style=\"height:117px\" aria-hidden=\"true\" class=\"wp-block-spacer\"><\/div>\n\n\n\n<div style=\"height:var(--wp--preset--spacing--50)\" aria-hidden=\"true\" class=\"wp-block-spacer\"><\/div>\n<\/div><\/div>\n\n<div class=\"wp-block-group alignfull is-style-section-3 is-layout-constrained wp-block-group-is-layout-constrained\" style=\"margin-top:0;margin-bottom:0;padding-top:var(--wp--preset--spacing--40);padding-bottom:var(--wp--preset--spacing--40)\">\n<div class=\"wp-block-columns alignwide are-vertically-aligned-center is-layout-flex wp-container-core-columns-is-layout-d9ad523d wp-block-columns-is-layout-flex\">\n<div class=\"wp-block-column is-vertically-aligned-center is-layout-flow wp-block-column-is-layout-flow\">\n<figure class=\"wp-block-image size-full\"><img data-recalc-dims=\"1\" decoding=\"async\" width=\"800\" height=\"449\" src=\"https:\/\/i0.wp.com\/bno-travel.com\/wp-content\/uploads\/2025\/07\/20.06.19_Dronebilder-Sentrum_FULLSIZE-2.jpg?resize=800%2C449&#038;ssl=1\" alt=\"Trysil erleben\" class=\"wp-image-3199\" style=\"aspect-ratio:3\/4;object-fit:cover\" title=\"Titel\" srcset=\"https:\/\/i0.wp.com\/bno-travel.com\/wp-content\/uploads\/2025\/07\/20.06.19_Dronebilder-Sentrum_FULLSIZE-2.jpg?w=5464&amp;ssl=1 5464w, https:\/\/i0.wp.com\/bno-travel.com\/wp-content\/uploads\/2025\/07\/20.06.19_Dronebilder-Sentrum_FULLSIZE-2.jpg?resize=300%2C169&amp;ssl=1 300w, https:\/\/i0.wp.com\/bno-travel.com\/wp-content\/uploads\/2025\/07\/20.06.19_Dronebilder-Sentrum_FULLSIZE-2.jpg?resize=1024%2C575&amp;ssl=1 1024w, https:\/\/i0.wp.com\/bno-travel.com\/wp-content\/uploads\/2025\/07\/20.06.19_Dronebilder-Sentrum_FULLSIZE-2.jpg?resize=768%2C432&amp;ssl=1 768w, https:\/\/i0.wp.com\/bno-travel.com\/wp-content\/uploads\/2025\/07\/20.06.19_Dronebilder-Sentrum_FULLSIZE-2.jpg?resize=1536%2C863&amp;ssl=1 1536w, https:\/\/i0.wp.com\/bno-travel.com\/wp-content\/uploads\/2025\/07\/20.06.19_Dronebilder-Sentrum_FULLSIZE-2.jpg?resize=2048%2C1151&amp;ssl=1 2048w, https:\/\/i0.wp.com\/bno-travel.com\/wp-content\/uploads\/2025\/07\/20.06.19_Dronebilder-Sentrum_FULLSIZE-2.jpg?w=1600&amp;ssl=1 1600w, https:\/\/i0.wp.com\/bno-travel.com\/wp-content\/uploads\/2025\/07\/20.06.19_Dronebilder-Sentrum_FULLSIZE-2.jpg?w=2400&amp;ssl=1 2400w\" sizes=\"(max-width: 800px) 100vw, 800px\" \/><\/figure>\n<\/div>\n\n\n\n<div class=\"wp-block-column is-vertically-aligned-center is-content-justification-left is-layout-constrained wp-container-core-column-is-layout-b64f6bf5 wp-block-column-is-layout-constrained\">\n<p class=\"wp-block-paragraph\"><\/p>\n\n\n\n<h2 class=\"wp-block-heading\">Restaurants und Gastst\u00e4tten in Trysil - Das ganze Jahr \u00fcber ein Geschmackserlebnis<\/h2>\n\n\n\n<p class=\"wp-block-paragraph\">Trysil bietet weit mehr als fantastische Skipisten und Berglandschaften. Ganz gleich, ob Sie die Gegend im Winter oder im Sommer besuchen, Sie k\u00f6nnen eine <a href=\"https:\/\/www.trysil.com\/spisesteder\/?open=false&amp;pagesize=12\" target=\"_blank\" rel=\"noopener\">reiche Auswahl an Restaurants, Caf\u00e9s und Apr\u00e8s-Ski-Lokalen genie\u00dfen - alles von Gourmet bis Fast Food<\/a>. Es ist f\u00fcr jeden etwas dabei, ganz gleich, wo Sie in den Bergen wohnen. Wir geben Ihnen einen \u00dcberblick \u00fcber die Restaurants in <strong>Trysil Sentrum<\/strong>, <strong>Trysil Turistsenter<\/strong>, <strong>Trysilfjell Hytteomr\u00e5de<\/strong> und <strong>Trysil H\u00f8yfjellssenter \/ Fager\u00e5sen<\/strong>.   <\/p>\n\n\n\n<p class=\"wp-block-paragraph\">Restaurants in Trysil Sentrum<\/p>\n\n\n\n<p class=\"wp-block-paragraph\">Trysil Sentrum ist das Herz der \u00f6rtlichen Gemeinde und bietet eine Reihe von gem\u00fctlichen Restaurants und Caf\u00e9s, die sich perfekt f\u00fcr eine Mittagspause oder ein ruhiges Abendessen nach einem Tag in den Bergen eignen.<\/p>\n\n\n\n<ul class=\"wp-block-list\">\n<li><a href=\"https:\/\/www.trysil.com\/bedrifter\/lokja-as\/lokja\/\" target=\"_blank\" rel=\"noopener\"><strong>L\u00f8kja<\/strong>:<\/a> Ein beliebtes Restaurant mit einer modernen, lokal bezogenen norwegischen Speisekarte. Perfekt f\u00fcr Paare und Gruppen von Freunden. <\/li>\n\n\n\n<li><strong>Trysil Hotell - Restaurant Parken<\/strong>: Lokales Essen in eleganter Umgebung. Die Speisekarte wechselt saisonal, wobei der Schwerpunkt auf Zutaten aus der Region liegt. <\/li>\n\n\n\n<li><strong>China Restaurant<\/strong>: Familienfreundliche Optionen, sowohl zum Mitnehmen als auch zum Essen.<\/li>\n<\/ul>\n\n\n\n<p class=\"wp-block-paragraph\">Das Stadtzentrum von Trysil ist ideal f\u00fcr alle, die gutes Essen mit Shopping, Kultur und Aktivit\u00e4ten wie Kino, Bowling oder einem Konzert im Kulturzentrum Hagelund kombinieren m\u00f6chten.<\/p>\n<\/div>\n<\/div>\n<\/div>\n\n<div class=\"wp-block-group alignfull is-style-default is-content-justification-center is-layout-constrained wp-container-core-group-is-layout-69af11d0 wp-block-group-is-layout-constrained\" style=\"margin-top:0;margin-bottom:0;padding-top:var(--wp--preset--spacing--40);padding-bottom:var(--wp--preset--spacing--40)\">\n<div class=\"wp-block-group alignwide is-content-justification-left is-layout-constrained wp-container-core-group-is-layout-54d22900 wp-block-group-is-layout-constrained\">\n<p class=\"wp-block-paragraph\"><\/p>\n<\/div>\n<\/div>\n\n<div class=\"wp-block-group alignfull is-content-justification-center is-layout-constrained wp-block-group-is-layout-constrained\" style=\"margin-top:0;margin-bottom:0;padding-top:var(--wp--preset--spacing--40);padding-bottom:var(--wp--preset--spacing--40)\">\n<div class=\"wp-block-columns alignwide are-vertically-aligned-center is-layout-flex wp-container-core-columns-is-layout-7387b849 wp-block-columns-is-layout-flex\">\n<div class=\"wp-block-column is-vertically-aligned-center is-content-justification-left is-layout-constrained wp-container-core-column-is-layout-b64f6bf5 wp-block-column-is-layout-constrained\">\n<p class=\"wp-block-paragraph\">Restaurants im Trysil Turistsenter<\/p>\n\n\n\n<p class=\"wp-block-paragraph\">Dieser Bereich ist der lebhafteste und bei Skifahrern beliebteste und beherbergt auch einige der beliebtesten Restaurants von Trysil.<\/p>\n\n\n\n<ul class=\"wp-block-list\">\n<li><strong>Laaven 1790<\/strong>: Ein kultiges Apr\u00e8s-Ski-Restaurant, bekannt f\u00fcr sein Ambiente und seine herzhafte Speisekarte mit Burgern, Pasta und Berggerichten.<\/li>\n\n\n\n<li><strong>Barbacoa<\/strong>: <a href=\"https:\/\/barbacoa.no\/\" target=\"_blank\" rel=\"noopener\">Tex-Mex und internationale<\/a> Gerichte mit einem frischen Twist - geeignet f\u00fcr Familien mit Kindern und Gruppen von Freunden.<\/li>\n\n\n\n<li><strong>La Pasteria<\/strong>: Familienfreundliches Restaurant mit einer gro\u00dfen Auswahl und viel Platz - perfekt f\u00fcr Mittag- und Abendessen.<\/li>\n\n\n\n<li><strong>Hill Restaurant<\/strong> im Radisson Blu Resort: Gourmet-Erlebnisse mit Bergblick und Weinkarte.<\/li>\n<\/ul>\n\n\n\n<p class=\"wp-block-paragraph\">Das Touristenzentrum bietet einfachen Zugang zu Skiliften, Gesch\u00e4ften und Aktivit\u00e4ten - ideal f\u00fcr alle, die alles in unmittelbarer N\u00e4he haben m\u00f6chten.<\/p>\n\n\n\n<p class=\"wp-block-paragraph\">Restaurants in Trysilfjell Hytteomr\u00e5de<\/p>\n\n\n\n<p class=\"wp-block-paragraph\">Trysilfjell Hytteomr\u00e5de liegt zwischen Turistsenteret und H\u00f8yfjellssenteret, mit mehreren gem\u00fctlichen H\u00fctten und einer ruhigen Umgebung. Hier werden Sie f\u00fcndig: <\/p>\n\n\n\n<ul class=\"wp-block-list\">\n<li><strong>Skihytta Restaurant<\/strong>: Ein verstecktes Juwel mit Blick auf das Tal. Serviert sowohl einheimische Gerichte als auch internationale Spezialit\u00e4ten. <\/li>\n\n\n\n<li><strong>Knettsetra<\/strong> (in der N\u00e4he): Ein Bergrestaurant in der Mitte der Skipiste - mit den Skiern oder zu Fu\u00df erreichbar. Traditionelle Speisekarte, gro\u00dfe Sitzpl\u00e4tze im Freien und gutes Apr\u00e8s-Ski. <\/li>\n<\/ul>\n\n\n\n<p class=\"wp-block-paragraph\">Die Gegend ist perfekt f\u00fcr diejenigen, die ein traditionelles Bergerlebnis mit Ruhe, Ski-in\/Ski-out und einer kurzen Entfernung zu Aktivit\u00e4ten und Restaurants suchen.<\/p>\n<\/div>\n\n\n\n<div class=\"wp-block-column is-vertically-aligned-center is-layout-flow wp-block-column-is-layout-flow\">\n<figure class=\"wp-block-image size-full\"><img data-recalc-dims=\"1\" decoding=\"async\" width=\"799\" height=\"582\" src=\"https:\/\/i0.wp.com\/bno-travel.com\/wp-content\/uploads\/2025\/07\/52200124434_fe05c58713_c.jpg?resize=799%2C582&#038;ssl=1\" alt=\"Restaurants in Trysil\" class=\"wp-image-3406\" style=\"aspect-ratio:3\/4;object-fit:cover\" srcset=\"https:\/\/i0.wp.com\/bno-travel.com\/wp-content\/uploads\/2025\/07\/52200124434_fe05c58713_c.jpg?w=799&amp;ssl=1 799w, https:\/\/i0.wp.com\/bno-travel.com\/wp-content\/uploads\/2025\/07\/52200124434_fe05c58713_c.jpg?resize=300%2C219&amp;ssl=1 300w, https:\/\/i0.wp.com\/bno-travel.com\/wp-content\/uploads\/2025\/07\/52200124434_fe05c58713_c.jpg?resize=768%2C559&amp;ssl=1 768w\" sizes=\"(max-width: 799px) 100vw, 799px\" \/><\/figure>\n<\/div>\n<\/div>\n<\/div>\n\n<div class=\"wp-block-group alignfull is-style-default is-content-justification-center is-layout-constrained wp-container-core-group-is-layout-69af11d0 wp-block-group-is-layout-constrained\" style=\"margin-top:0;margin-bottom:0;padding-top:var(--wp--preset--spacing--40);padding-bottom:var(--wp--preset--spacing--40)\">\n<div class=\"wp-block-group alignfull is-content-justification-center is-layout-constrained wp-container-core-group-is-layout-4853c3a7 wp-block-group-is-layout-constrained\" style=\"margin-top:0;margin-bottom:0;padding-top:calc( 0.5 * var(u002du002dwpu002du002dstyleu002du002drootu002du002dpadding-right, var(u002du002dwpu002du002dcustomu002du002dgapu002du002dhorizontal)));padding-right:var(u002du002dwpu002du002dstyleu002du002drootu002du002dpadding-right, var(u002du002dwpu002du002dcustomu002du002dgapu002du002dhorizontal));padding-bottom:calc( 0.5 * var(u002du002dwpu002du002dstyleu002du002drootu002du002dpadding-right, var(u002du002dwpu002du002dcustomu002du002dgapu002du002dhorizontal)));padding-left:var(u002du002dwpu002du002dstyleu002du002drootu002du002dpadding-left, var(u002du002dwpu002du002dcustomu002du002dgapu002du002dhorizontal))\">\n<div style=\"height:calc( 0.25 * var(u002du002dwpu002du002dstyleu002du002drootu002du002dpadding-right, var(u002du002dwpu002du002dcustomu002du002dgapu002du002dhorizontal)))\" aria-hidden=\"true\" class=\"wp-block-spacer\"><\/div>\n\n\n\n<div class=\"wp-block-columns alignwide is-layout-flex wp-container-core-columns-is-layout-7387b849 wp-block-columns-is-layout-flex\">\n<div class=\"wp-block-column is-vertically-aligned-center is-layout-flow wp-block-column-is-layout-flow\">\n<figure class=\"wp-block-image size-full\"><img data-recalc-dims=\"1\" loading=\"lazy\" decoding=\"async\" width=\"800\" height=\"616\" src=\"https:\/\/i0.wp.com\/bno-travel.com\/wp-content\/uploads\/2025\/07\/52199845033_2c000ed2d7_c.jpg?resize=800%2C616&#038;ssl=1\" alt=\"Skistar Logde Trysil\" class=\"wp-image-3419\" style=\"aspect-ratio:3\/4;object-fit:cover\" srcset=\"https:\/\/i0.wp.com\/bno-travel.com\/wp-content\/uploads\/2025\/07\/52199845033_2c000ed2d7_c.jpg?w=800&amp;ssl=1 800w, https:\/\/i0.wp.com\/bno-travel.com\/wp-content\/uploads\/2025\/07\/52199845033_2c000ed2d7_c.jpg?resize=300%2C231&amp;ssl=1 300w, https:\/\/i0.wp.com\/bno-travel.com\/wp-content\/uploads\/2025\/07\/52199845033_2c000ed2d7_c.jpg?resize=768%2C591&amp;ssl=1 768w\" sizes=\"(max-width: 800px) 100vw, 800px\" \/><\/figure>\n<\/div>\n\n\n\n<div class=\"wp-block-column is-vertically-aligned-center is-layout-flow wp-block-column-is-layout-flow\">\n<p class=\"has-text-align-left wp-block-paragraph\">Restaurants in Fager\u00e5sen \/ Trysil H\u00f8yfjellssenter<\/p>\n\n\n\n<p class=\"wp-block-paragraph\">Das Hochgebirgszentrum liegt weiter oben in den Bergen und ist f\u00fcr seine sch\u00f6ne Aussicht und familienfreundliche Atmosph\u00e4re bekannt. Hier finden Sie mehrere Lokale, die die Freude am Essen mit der Ruhe der Berge verbinden: <\/p>\n\n\n\n<ul class=\"wp-block-list\">\n<li><strong>Fjellroa<\/strong>: Bekannt f\u00fcr seine hausgemachten Gerichte und die herzliche Atmosph\u00e4re. Hervorragende Lage direkt an der Piste. <\/li>\n\n\n\n<li>Spiseriet Trysil: Etwas n\u00e4her am Lift, auf der Spitze des H\u00fcgels, finden Sie das <strong>Spiseriet Trysil<\/strong> - ein nat\u00fcrlicher Treffpunkt mit einer italienisch inspirierten Speisekarte.<\/li>\n\n\n\n<li>Die <strong>SkiStar Lodge Trysil<\/strong>, die zentral in Fager\u00e5sen liegt, verf\u00fcgt \u00fcber das <strong>Barken Restaurant<\/strong> und das <strong>Stabben Restaurant &amp; Aftersk<\/strong><\/li>\n<\/ul>\n\n\n\n<p class=\"has-text-align-left wp-block-paragraph\">Das Hochgebirgszentrum ist ideal f\u00fcr alle, die Ruhe und ein naturnahes Erlebnis suchen - mit gutem Essen in unmittelbarer N\u00e4he.<\/p>\n\n\n\n<p class=\"wp-block-paragraph\">Nicht-alpine Aktivit\u00e4ten - Sommer und Winter<\/p>\n\n\n\n<p class=\"wp-block-paragraph\">Trysil ist nicht nur etwas f\u00fcr Skibegeisterte! Im Winter k\u00f6nnen Sie genie\u00dfen: <\/p>\n\n\n\n<ul class=\"wp-block-list\">\n<li>\u00dcber 100 Kilometer Langlaufloipen<\/li>\n\n\n\n<li>Hundeschlittenfahrten, Schneeschuhwandern und Eisfischen<\/li>\n\n\n\n<li>Schlittenfahren und Aktivit\u00e4ten f\u00fcr Kinder<\/li>\n\n\n\n<li>Spa- und Wellness-Erlebnisse im Radisson Blu und mehreren H\u00fcttenresorts<\/li>\n<\/ul>\n\n\n\n<p class=\"wp-block-paragraph\">Im Sommer lockt Trysil:<\/p>\n\n\n\n<ul class=\"wp-block-list\">\n<li><strong>Trysil Bike Arena<\/strong> - Norwegens bestes Trailbike-Gebiet<\/li>\n\n\n\n<li>Bergwandern, Bergexpeditionen und Kletterpark<\/li>\n\n\n\n<li>Golf, Kanufahren und Angeln im Fluss Trysil<\/li>\n\n\n\n<li>Familienparks und Naturerlebnisse<\/li>\n<\/ul>\n\n\n\n<hr class=\"wp-block-separator has-alpha-channel-opacity\"\/>\n\n\n\n<p class=\"wp-block-paragraph\">Unterkunft mit BNO TRAVEL<\/p>\n\n\n\n<p class=\"wp-block-paragraph\">BNO TRAVEL bietet eine gro\u00dfe Auswahl an <a href=\"https:\/\/bno-travel.com\/de\/unterkunft\/\">Unterk\u00fcnften <\/a>in Trysil - von modernen Apartments bis hin zu gem\u00fctlichen H\u00fctten und Hotels. Sie haben die Wahl zwischen Gegenden wie Trysil Turistsenter, H\u00f8yfjellssenteret, Trysilfjell Hytteomr\u00e5de und Trysil Sentrum - alle in unmittelbarer N\u00e4he von Restaurants und Aktivit\u00e4ten. <\/p>\n\n\n\n<p class=\"wp-block-paragraph\">Wir helfen Ihnen bei der Suche nach einer Unterkunft, die am besten zu Ihnen passt - egal, ob Sie allein, mit der Familie oder in einer Gruppe reisen. Und entdecken Sie, wie viel Trysil zu bieten hat - das ganze Jahr \u00fcber. Und nat\u00fcrlich helfen wir Ihnen mit Tipps, die Ihren Aufenthalt in Trysil noch sch\u00f6ner machen.    <\/p>\n<\/div>\n<\/div>\n\n\n\n<div style=\"height:calc( 0.25 * var(u002du002dwpu002du002dstyleu002du002drootu002du002dpadding-right, var(u002du002dwpu002du002dcustomu002du002dgapu002du002dhorizontal)))\" aria-hidden=\"true\" class=\"wp-block-spacer\"><\/div>\n<\/div>\n<\/div>\n\n<div class=\"wp-block-group alignfull is-style-default is-content-justification-center is-layout-constrained wp-container-core-group-is-layout-cdf99998 wp-block-group-is-layout-constrained\" style=\"margin-top:0;margin-bottom:0;padding-top:var(--wp--preset--spacing--40);padding-bottom:var(--wp--preset--spacing--40)\"><\/div>\n\n<p class=\"wp-block-paragraph\"><\/p>\n","protected":false},"excerpt":{"rendered":"<p>Restaurants und Gastst\u00e4tten in Trysil - Das ganze Jahr \u00fcber ein Geschmackserlebnis Trysil bietet weit mehr als fantastische Skipisten und Berglandschaften. Ganz gleich, ob Sie die Gegend im Winter oder im Sommer besuchen, Sie k\u00f6nnen eine reiche Auswahl an Restaurants, Caf\u00e9s und Apr\u00e8s-Ski-Lokalen genie\u00dfen - alles von Gourmet bis Fast Food. Es ist f\u00fcr jeden [&hellip;]<\/p>\n","protected":false},"author":260013438,"featured_media":0,"parent":0,"menu_order":0,"comment_status":"closed","ping_status":"closed","template":"","meta":{"_crdt_document":"","footnotes":""},"class_list":["post-4115","page","type-page","status-publish","hentry"],"jetpack_likes_enabled":true,"jetpack_sharing_enabled":true,"jetpack_shortlink":"https:\/\/wp.me\/PgDuwj-14n","jetpack-related-posts":[{"id":4107,"url":"https:\/\/bno-travel.com\/en\/restaurants-in-trysil\/","url_meta":{"origin":4115,"position":0},"title":"Restaurants in Trysil","author":"Jan Terje \u00c5s","date":"18. Juli 2025","format":false,"excerpt":"Restaurants and eateries in Trysil - Tasty all year round Trysil offers far more than fantastic ski slopes and mountain scenery. Whether you visit the area in winter or summer, you can enjoy a rich selection of restaurants, caf\u00e9s and apr\u00e8s-ski venues - everything from gourmet to fast food. There's\u2026","rel":"","context":"\u00c4hnlicher Beitrag","block_context":{"text":"\u00c4hnlicher Beitrag","link":""},"img":{"alt_text":"Opplev Trysil","src":"https:\/\/i0.wp.com\/bno-travel.com\/wp-content\/uploads\/2025\/07\/20.06.19_Dronebilder-Sentrum_FULLSIZE-2.jpg?resize=350%2C200&ssl=1","width":350,"height":200,"srcset":"https:\/\/i0.wp.com\/bno-travel.com\/wp-content\/uploads\/2025\/07\/20.06.19_Dronebilder-Sentrum_FULLSIZE-2.jpg?resize=350%2C200&ssl=1 1x, https:\/\/i0.wp.com\/bno-travel.com\/wp-content\/uploads\/2025\/07\/20.06.19_Dronebilder-Sentrum_FULLSIZE-2.jpg?resize=525%2C300&ssl=1 1.5x, https:\/\/i0.wp.com\/bno-travel.com\/wp-content\/uploads\/2025\/07\/20.06.19_Dronebilder-Sentrum_FULLSIZE-2.jpg?resize=700%2C400&ssl=1 2x, https:\/\/i0.wp.com\/bno-travel.com\/wp-content\/uploads\/2025\/07\/20.06.19_Dronebilder-Sentrum_FULLSIZE-2.jpg?resize=1050%2C600&ssl=1 3x, https:\/\/i0.wp.com\/bno-travel.com\/wp-content\/uploads\/2025\/07\/20.06.19_Dronebilder-Sentrum_FULLSIZE-2.jpg?resize=1400%2C800&ssl=1 4x"},"classes":[]},{"id":4110,"url":"https:\/\/bno-travel.com\/nl\/restaurants-in-trysil\/","url_meta":{"origin":4115,"position":1},"title":"Restaurants in Trysil","author":"Jan Terje \u00c5s","date":"18. Juli 2025","format":false,"excerpt":"Restaurants en eetgelegenheden in Trysil - Het hele jaar door smakelijk Trysil biedt veel meer dan fantastische skipistes en berglandschappen. Of je het gebied nu in de winter of in de zomer bezoekt, je kunt genieten van een rijk aanbod aan restaurants, caf\u00e9s en apr\u00e8s-ski gelegenheden - alles van gourmet\u2026","rel":"","context":"\u00c4hnlicher Beitrag","block_context":{"text":"\u00c4hnlicher Beitrag","link":""},"img":{"alt_text":"Opplev Trysil","src":"https:\/\/i0.wp.com\/bno-travel.com\/wp-content\/uploads\/2025\/07\/20.06.19_Dronebilder-Sentrum_FULLSIZE-2.jpg?resize=350%2C200&ssl=1","width":350,"height":200,"srcset":"https:\/\/i0.wp.com\/bno-travel.com\/wp-content\/uploads\/2025\/07\/20.06.19_Dronebilder-Sentrum_FULLSIZE-2.jpg?resize=350%2C200&ssl=1 1x, https:\/\/i0.wp.com\/bno-travel.com\/wp-content\/uploads\/2025\/07\/20.06.19_Dronebilder-Sentrum_FULLSIZE-2.jpg?resize=525%2C300&ssl=1 1.5x, https:\/\/i0.wp.com\/bno-travel.com\/wp-content\/uploads\/2025\/07\/20.06.19_Dronebilder-Sentrum_FULLSIZE-2.jpg?resize=700%2C400&ssl=1 2x, https:\/\/i0.wp.com\/bno-travel.com\/wp-content\/uploads\/2025\/07\/20.06.19_Dronebilder-Sentrum_FULLSIZE-2.jpg?resize=1050%2C600&ssl=1 3x, https:\/\/i0.wp.com\/bno-travel.com\/wp-content\/uploads\/2025\/07\/20.06.19_Dronebilder-Sentrum_FULLSIZE-2.jpg?resize=1400%2C800&ssl=1 4x"},"classes":[]},{"id":4121,"url":"https:\/\/bno-travel.com\/fr\/restaurants-a-trysil\/","url_meta":{"origin":4115,"position":2},"title":"Restaurants \u00e0 Trysil","author":"Jan Terje \u00c5s","date":"18. Juli 2025","format":false,"excerpt":"Restaurants \u00e0 Trysil - Des saveurs tout au long de l'ann\u00e9e Trysil offre bien plus que de fantastiques pistes de ski et des paysages de montagne. Que vous visitiez la r\u00e9gion en hiver ou en \u00e9t\u00e9, vous pouvez profiter d'une riche s\u00e9lection de restaurants, de caf\u00e9s et de lieux d'apr\u00e8s-ski\u2026","rel":"","context":"\u00c4hnlicher Beitrag","block_context":{"text":"\u00c4hnlicher Beitrag","link":""},"img":{"alt_text":"Opplev Trysil","src":"https:\/\/i0.wp.com\/bno-travel.com\/wp-content\/uploads\/2025\/07\/20.06.19_Dronebilder-Sentrum_FULLSIZE-2.jpg?resize=350%2C200&ssl=1","width":350,"height":200,"srcset":"https:\/\/i0.wp.com\/bno-travel.com\/wp-content\/uploads\/2025\/07\/20.06.19_Dronebilder-Sentrum_FULLSIZE-2.jpg?resize=350%2C200&ssl=1 1x, https:\/\/i0.wp.com\/bno-travel.com\/wp-content\/uploads\/2025\/07\/20.06.19_Dronebilder-Sentrum_FULLSIZE-2.jpg?resize=525%2C300&ssl=1 1.5x, https:\/\/i0.wp.com\/bno-travel.com\/wp-content\/uploads\/2025\/07\/20.06.19_Dronebilder-Sentrum_FULLSIZE-2.jpg?resize=700%2C400&ssl=1 2x, https:\/\/i0.wp.com\/bno-travel.com\/wp-content\/uploads\/2025\/07\/20.06.19_Dronebilder-Sentrum_FULLSIZE-2.jpg?resize=1050%2C600&ssl=1 3x, https:\/\/i0.wp.com\/bno-travel.com\/wp-content\/uploads\/2025\/07\/20.06.19_Dronebilder-Sentrum_FULLSIZE-2.jpg?resize=1400%2C800&ssl=1 4x"},"classes":[]},{"id":2774,"url":"https:\/\/bno-travel.com\/en\/trysil-hoyfjellssenter\/","url_meta":{"origin":4115,"position":3},"title":"Trysil H\u00f8yfjellssenter","author":"Jan Terje \u00c5s","date":"18. Juli 2025","format":false,"excerpt":"Trysil H\u00f8yfjellssenter - Fager\u00e5sen Welcome to mountain tranquillity and top-class skiing experiences! With BNO TRAVEL you get access to comfortable cabins and apartments at Trysil H\u00f8yfjellssenter \/ Fager\u00e5sen, known for its snow-sure location, family-friendly atmosphere and panoramic views of Trysilfjellet. Our offers at Fager\u00e5sen \/ Trysil H\u00f8yfjellssenter: Ski-in\/ski-out: Direct access\u2026","rel":"","context":"\u00c4hnlicher Beitrag","block_context":{"text":"\u00c4hnlicher Beitrag","link":""},"img":{"alt_text":"","src":"https:\/\/i0.wp.com\/bno-travel.com\/wp-content\/uploads\/2025\/06\/10001-THG50-006.jpg?resize=350%2C200&ssl=1","width":350,"height":200,"srcset":"https:\/\/i0.wp.com\/bno-travel.com\/wp-content\/uploads\/2025\/06\/10001-THG50-006.jpg?resize=350%2C200&ssl=1 1x, https:\/\/i0.wp.com\/bno-travel.com\/wp-content\/uploads\/2025\/06\/10001-THG50-006.jpg?resize=525%2C300&ssl=1 1.5x, https:\/\/i0.wp.com\/bno-travel.com\/wp-content\/uploads\/2025\/06\/10001-THG50-006.jpg?resize=700%2C400&ssl=1 2x, https:\/\/i0.wp.com\/bno-travel.com\/wp-content\/uploads\/2025\/06\/10001-THG50-006.jpg?resize=1050%2C600&ssl=1 3x, https:\/\/i0.wp.com\/bno-travel.com\/wp-content\/uploads\/2025\/06\/10001-THG50-006.jpg?resize=1400%2C800&ssl=1 4x"},"classes":[]},{"id":2779,"url":"https:\/\/bno-travel.com\/nl\/hooggebergtecentrum-trysil\/","url_meta":{"origin":4115,"position":4},"title":"Hooggebergtecentrum Trysil","author":"Jan Terje \u00c5s","date":"18. Juli 2025","format":false,"excerpt":"Trysil H\u00f8yfjellssenter - Fager\u00e5sen Welkom bij eersteklas bergrust en skibeleving! BNO TRAVEL geeft je toegang tot comfortabele hutten en appartementen in Trysil H\u00f8yfjellssenter \/ Fager\u00e5sen, bekend om zijn sneeuwzekere locatie, gezinsvriendelijke sfeer en panoramisch uitzicht op Trysilfjellet. Onze aanbiedingen bij Fager\u00e5sen \/ Trysil H\u00f8yfjellssenter: Ski-in\/ski-out: Directe toegang tot langlaufen en\u2026","rel":"","context":"\u00c4hnlicher Beitrag","block_context":{"text":"\u00c4hnlicher Beitrag","link":""},"img":{"alt_text":"","src":"https:\/\/i0.wp.com\/bno-travel.com\/wp-content\/uploads\/2025\/06\/10001-THG50-006.jpg?resize=350%2C200&ssl=1","width":350,"height":200,"srcset":"https:\/\/i0.wp.com\/bno-travel.com\/wp-content\/uploads\/2025\/06\/10001-THG50-006.jpg?resize=350%2C200&ssl=1 1x, https:\/\/i0.wp.com\/bno-travel.com\/wp-content\/uploads\/2025\/06\/10001-THG50-006.jpg?resize=525%2C300&ssl=1 1.5x, https:\/\/i0.wp.com\/bno-travel.com\/wp-content\/uploads\/2025\/06\/10001-THG50-006.jpg?resize=700%2C400&ssl=1 2x, https:\/\/i0.wp.com\/bno-travel.com\/wp-content\/uploads\/2025\/06\/10001-THG50-006.jpg?resize=1050%2C600&ssl=1 3x, https:\/\/i0.wp.com\/bno-travel.com\/wp-content\/uploads\/2025\/06\/10001-THG50-006.jpg?resize=1400%2C800&ssl=1 4x"},"classes":[]}],"_links":{"self":[{"href":"https:\/\/bno-travel.com\/de\/wp-json\/wp\/v2\/pages\/4115","targetHints":{"allow":["GET"]}}],"collection":[{"href":"https:\/\/bno-travel.com\/de\/wp-json\/wp\/v2\/pages"}],"about":[{"href":"https:\/\/bno-travel.com\/de\/wp-json\/wp\/v2\/types\/page"}],"author":[{"embeddable":true,"href":"https:\/\/bno-travel.com\/de\/wp-json\/wp\/v2\/users\/260013438"}],"replies":[{"embeddable":true,"href":"https:\/\/bno-travel.com\/de\/wp-json\/wp\/v2\/comments?post=4115"}],"version-history":[{"count":3,"href":"https:\/\/bno-travel.com\/de\/wp-json\/wp\/v2\/pages\/4115\/revisions"}],"predecessor-version":[{"id":5376,"href":"https:\/\/bno-travel.com\/de\/wp-json\/wp\/v2\/pages\/4115\/revisions\/5376"}],"wp:attachment":[{"href":"https:\/\/bno-travel.com\/de\/wp-json\/wp\/v2\/media?parent=4115"}],"curies":[{"name":"wp","href":"https:\/\/api.w.org\/{rel}","templated":true}]}}