{"id":4252,"date":"2025-07-18T20:52:27","date_gmt":"2025-07-18T18:52:27","guid":{"rendered":"https:\/\/bno-travel.com\/?page_id=4252"},"modified":"2025-07-18T20:52:28","modified_gmt":"2025-07-18T18:52:28","slug":"spa-und-bader-in-trysil","status":"publish","type":"page","link":"https:\/\/bno-travel.com\/de\/spa-und-bader-in-trysil\/","title":{"rendered":"Spa und B\u00e4der in Trysil"},"content":{"rendered":"\n<p class=\"wp-block-paragraph\"><\/p>\n\n<div class=\"wp-block-cover alignfull\" style=\"margin-top:0;margin-bottom:0;padding-top:var(--wp--preset--spacing--20);padding-right:var(--wp--preset--spacing--40);padding-bottom:var(--wp--preset--spacing--20);padding-left:var(--wp--preset--spacing--40);min-height:953px;aspect-ratio:unset;\"><img data-recalc-dims=\"1\" fetchpriority=\"high\" decoding=\"async\" width=\"799\" height=\"616\" class=\"wp-block-cover__image-background wp-image-3469 size-full\" alt=\"Spa og bad i Trysil\" src=\"https:\/\/i0.wp.com\/bno-travel.com\/wp-content\/uploads\/2025\/07\/52199820901_706171c188_c.jpg?resize=799%2C616&#038;ssl=1\" style=\"object-position:51% 84%\" data-object-fit=\"cover\" data-object-position=\"51% 84%\" srcset=\"https:\/\/i0.wp.com\/bno-travel.com\/wp-content\/uploads\/2025\/07\/52199820901_706171c188_c.jpg?w=799&amp;ssl=1 799w, https:\/\/i0.wp.com\/bno-travel.com\/wp-content\/uploads\/2025\/07\/52199820901_706171c188_c.jpg?resize=300%2C231&amp;ssl=1 300w, https:\/\/i0.wp.com\/bno-travel.com\/wp-content\/uploads\/2025\/07\/52199820901_706171c188_c.jpg?resize=768%2C592&amp;ssl=1 768w\" sizes=\"(max-width: 799px) 100vw, 799px\" \/><span aria-hidden=\"true\" class=\"wp-block-cover__background has-theme-1-background-color has-background-dim-30 has-background-dim\"><\/span><div class=\"wp-block-cover__inner-container is-layout-flow wp-block-cover-is-layout-flow\">\n<div style=\"height:var(--wp--preset--spacing--50)\" aria-hidden=\"true\" class=\"wp-block-spacer\"><\/div>\n\n\n\n<div style=\"height:var(--wp--preset--spacing--50)\" aria-hidden=\"true\" class=\"wp-block-spacer\"><\/div>\n<\/div><\/div>\n\n<div class=\"wp-block-group alignfull is-style-section-3 is-layout-constrained wp-block-group-is-layout-constrained\" style=\"margin-top:0;margin-bottom:0;padding-top:var(--wp--preset--spacing--40);padding-bottom:var(--wp--preset--spacing--40)\">\n<div class=\"wp-block-columns alignwide are-vertically-aligned-center is-layout-flex wp-container-core-columns-is-layout-d9ad523d wp-block-columns-is-layout-flex\">\n<div class=\"wp-block-column is-vertically-aligned-center is-layout-flow wp-block-column-is-layout-flow\">\n<figure class=\"wp-block-image size-full\"><img data-recalc-dims=\"1\" decoding=\"async\" width=\"799\" height=\"597\" src=\"https:\/\/i0.wp.com\/bno-travel.com\/wp-content\/uploads\/2025\/07\/52200128044_b550a6c33d_c.jpg?resize=799%2C597&#038;ssl=1\" alt=\"\" class=\"wp-image-3443\" style=\"aspect-ratio:3\/4;object-fit:cover\" title=\"Titel\" srcset=\"https:\/\/i0.wp.com\/bno-travel.com\/wp-content\/uploads\/2025\/07\/52200128044_b550a6c33d_c.jpg?w=799&amp;ssl=1 799w, https:\/\/i0.wp.com\/bno-travel.com\/wp-content\/uploads\/2025\/07\/52200128044_b550a6c33d_c.jpg?resize=300%2C224&amp;ssl=1 300w, https:\/\/i0.wp.com\/bno-travel.com\/wp-content\/uploads\/2025\/07\/52200128044_b550a6c33d_c.jpg?resize=768%2C574&amp;ssl=1 768w\" sizes=\"(max-width: 799px) 100vw, 799px\" \/><\/figure>\n<\/div>\n\n\n\n<div class=\"wp-block-column is-vertically-aligned-center is-content-justification-left is-layout-constrained wp-container-core-column-is-layout-b64f6bf5 wp-block-column-is-layout-constrained\">\n<p class=\"wp-block-paragraph\"><\/p>\n\n\n\n<h2 class=\"wp-block-heading\">Spa und Bad in Trysil - Entspannung und Wellness in den Bergen<\/h2>\n\n\n\n<p class=\"wp-block-paragraph\">Trysil ist nicht nur etwas f\u00fcr diejenigen, die Geschwindigkeit und Aufregung suchen - es ist auch ein Ziel f\u00fcr diejenigen, die Ruhe, Wohlbefinden und echte Berggem\u00fctlichkeit suchen. Mit einer guten Auswahl an Spa- und Badeerlebnissen f\u00fcr Familien und Paare ist Trysil der perfekte Ort, um aktive Tage mit Entspannung und Selbstf\u00fcrsorge zu verbinden. <\/p>\n\n\n\n<p class=\"wp-block-paragraph\">Ganz gleich, ob Sie die Berge im Winter mit schneebedeckten Gipfeln und frostiger Luft besuchen oder im Sommer, wenn die Natur in voller Bl\u00fcte steht, ein Spa und ein Bad sind eine wunderbare Abwechslung zu den Aktivit\u00e4ten des Tages.<\/p>\n\n\n\n<p class=\"wp-block-paragraph\">Wellness- und Spa-Erlebnisse in Trysil<\/p>\n\n\n\n<p class=\"wp-block-paragraph\">Trysil bietet mehrere Spas und Wellnessbereiche, in denen Sie sich nach einem aktiven Tag entspannen k\u00f6nnen. Zwei der beliebtesten Einrichtungen finden Sie im Radisson Blu Resort und im Radisson Blu Mountain Resort &amp; Residences. <\/p>\n\n\n\n<p class=\"wp-block-paragraph\">1. <strong>Radisson Blu Resort Trysil - Wasserpark und Wellnessbereich<\/strong><\/p>\n\n\n\n<p class=\"wp-block-paragraph\">Im <a href=\"https:\/\/www.trysil.com\/bedrifter\/radisson-blu-resort-trysil\/radisson-blu-resort-trysil\/\" target=\"_blank\" rel=\"noopener\">Radisson Blu Resort Trysil<\/a> gibt es ein Hallenbad f\u00fcr die ganze Familie. Hier werden Sie f\u00fcndig: <\/p>\n\n\n\n<ul class=\"wp-block-list\">\n<li>Beheizte Pools<\/li>\n\n\n\n<li>Kinderbecken und Rutschen<\/li>\n\n\n\n<li>Whirlpool und Wasserfall<\/li>\n\n\n\n<li>Entspannungsbereiche mit warmen St\u00fchlen<\/li>\n\n\n\n<li>Surf-Simulator (FlowRider) - einzigartig in den norwegischen Bergen!<\/li>\n<\/ul>\n\n\n\n<p class=\"wp-block-paragraph\"><\/p>\n<\/div>\n<\/div>\n<\/div>\n\n<div class=\"wp-block-group alignfull is-style-default is-content-justification-center is-layout-constrained wp-container-core-group-is-layout-69af11d0 wp-block-group-is-layout-constrained\" style=\"margin-top:0;margin-bottom:0;padding-top:var(--wp--preset--spacing--40);padding-bottom:var(--wp--preset--spacing--40)\"><\/div>\n\n<div class=\"wp-block-group alignfull is-content-justification-center is-layout-constrained wp-block-group-is-layout-constrained\" style=\"margin-top:0;margin-bottom:0;padding-top:var(--wp--preset--spacing--40);padding-bottom:var(--wp--preset--spacing--40)\">\n<div class=\"wp-block-columns alignwide are-vertically-aligned-center is-layout-flex wp-container-core-columns-is-layout-7387b849 wp-block-columns-is-layout-flex\">\n<div class=\"wp-block-column is-vertically-aligned-center is-content-justification-left is-layout-constrained wp-container-core-column-is-layout-b64f6bf5 wp-block-column-is-layout-constrained\">\n<p class=\"wp-block-paragraph\">Dies ist ein Ort, an dem sich sowohl Kinder als auch Erwachsene bei jedem Wetter und zu jeder Jahreszeit vergn\u00fcgen k\u00f6nnen. Perfekt f\u00fcr Regentage, Ruhetage oder als Abendaktivit\u00e4t nach dem Wandern oder Skifahren. <\/p>\n\n\n\n<p class=\"wp-block-paragraph\">2. <strong>Skistar Logde Trysil - <a href=\"https:\/\/www.trysil.com\/bedrifter\/skistar-lodge-trysil\/kulpen-spa\/\" target=\"_blank\" rel=\"noopener\">Spa &amp; Entspannung<\/a><\/strong><\/p>\n\n\n\n<p class=\"wp-block-paragraph\">Im <strong>Skistar Logde Trysil<\/strong> in Fager\u00e5sen finden Sie ein entspannendes Spa-Programm f\u00fcr Erwachsene und Paare. Es bietet: <\/p>\n\n\n\n<ul class=\"wp-block-list\">\n<li>Wellness-Center mit Whirlpool, Sauna und Dampfbad<\/li>\n\n\n\n<li>Spa-Behandlungen wie Massagen, Gesichtsbehandlungen und Aromatherapie<\/li>\n\n\n\n<li>Eine ruhige Umgebung mit Blick auf die Berge und Fokus auf mentale Entspannung<\/li>\n<\/ul>\n\n\n\n<p class=\"wp-block-paragraph\">Das Spa ist perfekt f\u00fcr Paare, Gruppen von Freunden oder diejenigen, die sich nach einem aktiven Tag mit ein wenig Luxus verw\u00f6hnen lassen m\u00f6chten.<\/p>\n\n\n\n<p class=\"wp-block-paragraph\">Sommer- und Winteraktivit\u00e4ten, die f\u00fcr Ausgleich sorgen<\/p>\n\n\n\n<p class=\"wp-block-paragraph\">Trysil ist bekannt f\u00fcr sein breites Angebot an Aktivit\u00e4ten, und Spa- und Badeerlebnisse sind eine gro\u00dfartige Erg\u00e4nzung dazu. Hier sind einige Tipps, was Sie mit einem Wellness-Wochenende oder Urlaub in Trysil verbinden k\u00f6nnen: <\/p>\n\n\n\n<p class=\"wp-block-paragraph\">Winteraktivit\u00e4ten (au\u00dfer Ski Alpin):<\/p>\n\n\n\n<ul class=\"wp-block-list\">\n<li><strong>Skilanglauf:<\/strong> \u00dcber 100 km pr\u00e4parierte Loipen in W\u00e4ldern und Bergen<\/li>\n\n\n\n<li><strong>Schneeschuhwandern:<\/strong> Wandern Sie gem\u00fctlich durch den Schnee und genie\u00dfen Sie die Winterlandschaft<\/li>\n\n\n\n<li><strong>Hundeschlittenfahren:<\/strong> Ein einzigartiges Erlebnis f\u00fcr Kinder und Erwachsene<\/li>\n\n\n\n<li><strong>Schlittenfahren und Rodeln:<\/strong> Ein Spa\u00df f\u00fcr die ganze Familie<\/li>\n\n\n\n<li><strong>Eisfischen und Schneemobilfahren:<\/strong> Gef\u00fchrte Winterabenteuer ohne Skier<\/li>\n<\/ul>\n<\/div>\n\n\n\n<div class=\"wp-block-column is-vertically-aligned-center is-layout-flow wp-block-column-is-layout-flow\">\n<figure class=\"wp-block-image size-full\"><img data-recalc-dims=\"1\" decoding=\"async\" width=\"800\" height=\"644\" src=\"https:\/\/i0.wp.com\/bno-travel.com\/wp-content\/uploads\/2025\/07\/52200319610_bcc6ac05f8_c.jpg?resize=800%2C644&#038;ssl=1\" alt=\"Spa und B&#xE4;der in Trysil\" class=\"wp-image-3456\" style=\"aspect-ratio:3\/4;object-fit:cover\" srcset=\"https:\/\/i0.wp.com\/bno-travel.com\/wp-content\/uploads\/2025\/07\/52200319610_bcc6ac05f8_c.jpg?w=800&amp;ssl=1 800w, https:\/\/i0.wp.com\/bno-travel.com\/wp-content\/uploads\/2025\/07\/52200319610_bcc6ac05f8_c.jpg?resize=300%2C242&amp;ssl=1 300w, https:\/\/i0.wp.com\/bno-travel.com\/wp-content\/uploads\/2025\/07\/52200319610_bcc6ac05f8_c.jpg?resize=768%2C618&amp;ssl=1 768w\" sizes=\"(max-width: 800px) 100vw, 800px\" \/><\/figure>\n<\/div>\n<\/div>\n<\/div>\n\n<div class=\"wp-block-group alignfull is-style-default is-content-justification-center is-layout-constrained wp-container-core-group-is-layout-69af11d0 wp-block-group-is-layout-constrained\" style=\"margin-top:0;margin-bottom:0;padding-top:var(--wp--preset--spacing--40);padding-bottom:var(--wp--preset--spacing--40)\">\n<div class=\"wp-block-group alignfull is-content-justification-center is-layout-constrained wp-container-core-group-is-layout-4853c3a7 wp-block-group-is-layout-constrained\" style=\"margin-top:0;margin-bottom:0;padding-top:calc( 0.5 * var(u002du002dwpu002du002dstyleu002du002drootu002du002dpadding-right, var(u002du002dwpu002du002dcustomu002du002dgapu002du002dhorizontal)));padding-right:var(u002du002dwpu002du002dstyleu002du002drootu002du002dpadding-right, var(u002du002dwpu002du002dcustomu002du002dgapu002du002dhorizontal));padding-bottom:calc( 0.5 * var(u002du002dwpu002du002dstyleu002du002drootu002du002dpadding-right, var(u002du002dwpu002du002dcustomu002du002dgapu002du002dhorizontal)));padding-left:var(u002du002dwpu002du002dstyleu002du002drootu002du002dpadding-left, var(u002du002dwpu002du002dcustomu002du002dgapu002du002dhorizontal))\">\n<div style=\"height:calc( 0.25 * var(u002du002dwpu002du002dstyleu002du002drootu002du002dpadding-right, var(u002du002dwpu002du002dcustomu002du002dgapu002du002dhorizontal)))\" aria-hidden=\"true\" class=\"wp-block-spacer\"><\/div>\n\n\n\n<div class=\"wp-block-columns alignwide is-layout-flex wp-container-core-columns-is-layout-7387b849 wp-block-columns-is-layout-flex\">\n<div class=\"wp-block-column is-vertically-aligned-center is-layout-flow wp-block-column-is-layout-flow\">\n<figure class=\"wp-block-image size-full\"><img data-recalc-dims=\"1\" loading=\"lazy\" decoding=\"async\" width=\"467\" height=\"579\" src=\"https:\/\/i0.wp.com\/bno-travel.com\/wp-content\/uploads\/2025\/06\/52200127764_e04c4f3d8d_c-e1751028430750.jpg?resize=467%2C579&#038;ssl=1\" alt=\"Schwimmen in Trysil\" class=\"wp-image-2512\" style=\"aspect-ratio:3\/4;object-fit:cover\" srcset=\"https:\/\/i0.wp.com\/bno-travel.com\/wp-content\/uploads\/2025\/06\/52200127764_e04c4f3d8d_c-e1751028430750.jpg?w=467&amp;ssl=1 467w, https:\/\/i0.wp.com\/bno-travel.com\/wp-content\/uploads\/2025\/06\/52200127764_e04c4f3d8d_c-e1751028430750.jpg?resize=242%2C300&amp;ssl=1 242w\" sizes=\"(max-width: 467px) 100vw, 467px\" \/><\/figure>\n<\/div>\n\n\n\n<div class=\"wp-block-column is-vertically-aligned-center is-layout-flow wp-block-column-is-layout-flow\">\n<p class=\"has-text-align-left wp-block-paragraph\">Buchen Sie Ihren Urlaub mit BNO TRAVEL<\/p>\n\n\n\n<p class=\"wp-block-paragraph\">Ganz gleich, ob Sie einen aktiven Winterurlaub, ein Sommerabenteuer in den Bergen oder einen erholsamen Wochenendtrip planen, <strong>BNO TRAVEL<\/strong> kann Ihnen helfen, einen Aufenthalt ganz nach Ihren W\u00fcnschen zu gestalten. Wir bieten Ihnen Komplettpakete mit Unterk\u00fcnften, Tipps und Ratschl\u00e4gen zu Aktivit\u00e4ten - einschlie\u00dflich Bowling und vielem mehr.   <\/p>\n\n\n\n<p class=\"wp-block-paragraph\">G\u00f6nnen Sie sich einen Hauch von frischer Luft. Erleben Sie <strong>Spa und B\u00e4der in Trysil<\/strong> - mit warmen B\u00e4dern, Bergblick und echtem Wellness. Kontaktieren Sie uns noch heute, um Ihre perfekte Kombination aus Abenteuer und Entspannung zu finden.  <\/p>\n\n\n\n<p class=\"wp-block-paragraph\">Wenn es um Unterk\u00fcnfte in Trysil geht, bieten wir drei Hauptbereiche an<\/p>\n\n\n\n<p class=\"wp-block-paragraph\"><a href=\"https:\/\/bno-travel.com\/de\/?page_id=2770\">Tourismuszentrum Trysil<\/a><\/p>\n\n\n\n<p class=\"wp-block-paragraph\">Dies ist die zentralste und lebendigste Gegend in Trysil. Sie befinden sich in unmittelbarer N\u00e4he von Liften, Kinderspielpl\u00e4tzen, Skischulen, Gesch\u00e4ften, Restaurants und Apr\u00e8s-Ski. Perfekt f\u00fcr alle, die alles zu Fu\u00df erreichen und eine gesellige Atmosph\u00e4re genie\u00dfen m\u00f6chten. Appartements und Hotels mit hohem Komfort machen diesen Ort zu einer beliebten Wahl sowohl f\u00fcr den Winter- als auch f\u00fcr den Sommerurlaub.   <\/p>\n\n\n\n<p class=\"wp-block-paragraph\"><a href=\"https:\/\/bno-travel.com\/de\/?page_id=2690\">Trysilfjell H\u00fcttengebiet<\/a><\/p>\n\n\n\n<p class=\"wp-block-paragraph\">Das Hotel liegt in einer waldreichen und ruhigen Umgebung zwischen dem Touristenzentrum und dem Hochgebirgszentrum. Hier finden Sie traditionelle H\u00fctten und moderne Bergh\u00fctten - viele mit Ski-in\/Ski-out und sch\u00f6ner Aussicht. Eine gute Wahl f\u00fcr diejenigen, die mehr Privatsph\u00e4re w\u00fcnschen und dennoch alles, was die Berge zu bieten haben, in der N\u00e4he haben m\u00f6chten.  <\/p>\n\n\n\n<p class=\"wp-block-paragraph\"><a href=\"https:\/\/bno-travel.com\/de\/?page_id=2708\">Trysil H\u00f8yfjellssenter \/ Fager\u00e5sen<\/a><\/p>\n\n\n\n<p class=\"wp-block-paragraph\">Dieses Gebiet ist hoch und offen mit Panoramablick und viel Sonne. Hier finden Sie familienfreundliche Pisten, gute Kinderbereiche, einen Skiverleih, einen Lebensmittelladen und eine ruhige Umgebung. Die H\u00fctten und Appartements hier sind ideal f\u00fcr Familien mit Kindern und f\u00fcr diejenigen, die ein entspanntes Bergerlebnis suchen.  <\/p>\n\n\n\n<p class=\"wp-block-paragraph\">Kontaktieren Sie uns noch heute, um Ihr n\u00e4chstes Trysil-Erlebnis zu planen - und vergessen Sie nicht, sich Zeit f\u00fcr eine Runde Bowling zu nehmen!<\/p>\n<\/div>\n<\/div>\n\n\n\n<div style=\"height:calc( 0.25 * var(u002du002dwpu002du002dstyleu002du002drootu002du002dpadding-right, var(u002du002dwpu002du002dcustomu002du002dgapu002du002dhorizontal)))\" aria-hidden=\"true\" class=\"wp-block-spacer\"><\/div>\n<\/div>\n<\/div>\n\n<div class=\"wp-block-group alignfull is-style-default is-content-justification-center is-layout-constrained wp-container-core-group-is-layout-cdf99998 wp-block-group-is-layout-constrained\" style=\"margin-top:0;margin-bottom:0;padding-top:var(--wp--preset--spacing--40);padding-bottom:var(--wp--preset--spacing--40)\"><\/div>\n\n<p class=\"wp-block-paragraph\"><\/p>\n","protected":false},"excerpt":{"rendered":"<p>Spa und Bad in Trysil - Entspannung und Wellness in den Bergen Trysil ist nicht nur etwas f\u00fcr diejenigen, die Geschwindigkeit und Aufregung suchen - es ist auch ein Ziel f\u00fcr diejenigen, die Ruhe, Wohlbefinden und echte Berggem\u00fctlichkeit suchen. Mit einer guten Auswahl an Spa- und Badeerlebnissen f\u00fcr Familien und Paare ist Trysil der perfekte [&hellip;]<\/p>\n","protected":false},"author":260013438,"featured_media":0,"parent":0,"menu_order":0,"comment_status":"closed","ping_status":"closed","template":"","meta":{"_crdt_document":"","footnotes":""},"class_list":["post-4252","page","type-page","status-publish","hentry"],"jetpack_likes_enabled":true,"jetpack_sharing_enabled":true,"jetpack_shortlink":"https:\/\/wp.me\/PgDuwj-16A","jetpack-related-posts":[{"id":3839,"url":"https:\/\/bno-travel.com\/de\/spa-und-bader-in-salen\/","url_meta":{"origin":4252,"position":0},"title":"Spa und B\u00e4der in S\u00e4len","author":"Jan Terje \u00c5s","date":"18. Juli 2025","format":false,"excerpt":"Spa und B\u00e4der in S\u00e4len - Wellness und Entspannung in einer Bergwelt S\u00e4len steht nicht nur f\u00fcr Skifahren, Radfahren und die gro\u00dfartige Natur - es ist auch ein fantastisches Reiseziel f\u00fcr alle, die Ruhe, Erholung und echte Bergharmonie suchen. Ganz gleich, ob Sie ein romantisches Wochenende verbringen, einen Familienurlaub machen\u2026","rel":"","context":"\u00c4hnlicher Beitrag","block_context":{"text":"\u00c4hnlicher Beitrag","link":""},"img":{"alt_text":"","src":"https:\/\/i0.wp.com\/bno-travel.com\/wp-content\/uploads\/2025\/07\/52200128044_b550a6c33d_c.jpg?resize=350%2C200&ssl=1","width":350,"height":200,"srcset":"https:\/\/i0.wp.com\/bno-travel.com\/wp-content\/uploads\/2025\/07\/52200128044_b550a6c33d_c.jpg?resize=350%2C200&ssl=1 1x, https:\/\/i0.wp.com\/bno-travel.com\/wp-content\/uploads\/2025\/07\/52200128044_b550a6c33d_c.jpg?resize=525%2C300&ssl=1 1.5x, https:\/\/i0.wp.com\/bno-travel.com\/wp-content\/uploads\/2025\/07\/52200128044_b550a6c33d_c.jpg?resize=700%2C400&ssl=1 2x"},"classes":[]},{"id":2819,"url":"https:\/\/bno-travel.com\/de\/entdecken-sie-trysil-das-ganze-jahr-uber-fur-aktivurlauber\/","url_meta":{"origin":4252,"position":1},"title":"Entdecken Sie Trysil: Das ganze Jahr \u00fcber f\u00fcr Aktivurlauber","author":"Jan Terje \u00c5s","date":"18. Juli 2025","format":false,"excerpt":"Trysil erleben \u2605\u2605\u2605\u2605\u2605 Hier finden Sie eine Unterkunft in Trysil Trysil ist nicht nur Norwegens gr\u00f6\u00dftes Skigebiet - es ist auch das ganze Jahr \u00fcber ein Paradies f\u00fcr aktive G\u00e4ste, Familien und Naturliebhaber. Ganz gleich, ob Sie den Berg besuchen, um Geschwindigkeit und Aufregung zu erleben, sich zu entspannen oder\u2026","rel":"","context":"\u00c4hnlicher Beitrag","block_context":{"text":"\u00c4hnlicher Beitrag","link":""},"img":{"alt_text":"Opplev Trysil","src":"https:\/\/i0.wp.com\/bno-travel.com\/wp-content\/uploads\/2025\/07\/20.06.19_Dronebilder-Sentrum_FULLSIZE-2.jpg?resize=350%2C200&ssl=1","width":350,"height":200,"srcset":"https:\/\/i0.wp.com\/bno-travel.com\/wp-content\/uploads\/2025\/07\/20.06.19_Dronebilder-Sentrum_FULLSIZE-2.jpg?resize=350%2C200&ssl=1 1x, https:\/\/i0.wp.com\/bno-travel.com\/wp-content\/uploads\/2025\/07\/20.06.19_Dronebilder-Sentrum_FULLSIZE-2.jpg?resize=525%2C300&ssl=1 1.5x, https:\/\/i0.wp.com\/bno-travel.com\/wp-content\/uploads\/2025\/07\/20.06.19_Dronebilder-Sentrum_FULLSIZE-2.jpg?resize=700%2C400&ssl=1 2x, https:\/\/i0.wp.com\/bno-travel.com\/wp-content\/uploads\/2025\/07\/20.06.19_Dronebilder-Sentrum_FULLSIZE-2.jpg?resize=1050%2C600&ssl=1 3x, https:\/\/i0.wp.com\/bno-travel.com\/wp-content\/uploads\/2025\/07\/20.06.19_Dronebilder-Sentrum_FULLSIZE-2.jpg?resize=1400%2C800&ssl=1 4x"},"classes":[]},{"id":5822,"url":"https:\/\/bno-travel.com\/de\/fagerhoy-1181\/","url_meta":{"origin":4252,"position":2},"title":"Fagerh\u00f8y 1181","author":"Jan Terje \u00c5s","date":"21. Juli 2025","format":false,"excerpt":"Fagerh\u00f8y, Trysil H\u00f8yfjellssenter Ab 990 kr pro Tag \u2605\u2605\u2605\u2605 Verf\u00fcgbare Termine pr\u00fcfen Willkommen in Fagerh\u00f8y, einem ger\u00e4umigen Familienferienhaus Fagerh\u00f8y 1181 ist eine ger\u00e4umige 113 m\u00b2 gro\u00dfe Familienh\u00fctte mit 10 Betten, 3 Schlafzimmern, 2 Wohnzimmern und 2 Badezimmern - eines davon mit Sauna. Zentral gelegen, aber gesch\u00fctzt am Trysil H\u00f8yfjellssenter. Sie\u2026","rel":"","context":"\u00c4hnlicher Beitrag","block_context":{"text":"\u00c4hnlicher Beitrag","link":""},"img":{"alt_text":"Fagerh\u00f8y - 10 sengs hytte","src":"https:\/\/i0.wp.com\/bno-travel.com\/wp-content\/uploads\/2025\/07\/Fagerhoy2-09-1.jpg?resize=350%2C200&ssl=1","width":350,"height":200,"srcset":"https:\/\/i0.wp.com\/bno-travel.com\/wp-content\/uploads\/2025\/07\/Fagerhoy2-09-1.jpg?resize=350%2C200&ssl=1 1x, https:\/\/i0.wp.com\/bno-travel.com\/wp-content\/uploads\/2025\/07\/Fagerhoy2-09-1.jpg?resize=525%2C300&ssl=1 1.5x, https:\/\/i0.wp.com\/bno-travel.com\/wp-content\/uploads\/2025\/07\/Fagerhoy2-09-1.jpg?resize=700%2C400&ssl=1 2x, https:\/\/i0.wp.com\/bno-travel.com\/wp-content\/uploads\/2025\/07\/Fagerhoy2-09-1.jpg?resize=1050%2C600&ssl=1 3x, https:\/\/i0.wp.com\/bno-travel.com\/wp-content\/uploads\/2025\/07\/Fagerhoy2-09-1.jpg?resize=1400%2C800&ssl=1 4x"},"classes":[]},{"id":4115,"url":"https:\/\/bno-travel.com\/de\/restaurants-in-trysil\/","url_meta":{"origin":4252,"position":3},"title":"Restaurants in Trysil","author":"Jan Terje \u00c5s","date":"18. Juli 2025","format":false,"excerpt":"Restaurants und Gastst\u00e4tten in Trysil - Das ganze Jahr \u00fcber ein Geschmackserlebnis Trysil bietet weit mehr als fantastische Skipisten und Berglandschaften. Ganz gleich, ob Sie die Gegend im Winter oder im Sommer besuchen, Sie k\u00f6nnen eine reiche Auswahl an Restaurants, Caf\u00e9s und Apr\u00e8s-Ski-Lokalen genie\u00dfen - alles von Gourmet bis Fast\u2026","rel":"","context":"\u00c4hnlicher Beitrag","block_context":{"text":"\u00c4hnlicher Beitrag","link":""},"img":{"alt_text":"Skistar Logde Trysil","src":"https:\/\/i0.wp.com\/bno-travel.com\/wp-content\/uploads\/2025\/07\/52199845033_2c000ed2d7_c.jpg?resize=350%2C200&ssl=1","width":350,"height":200,"srcset":"https:\/\/i0.wp.com\/bno-travel.com\/wp-content\/uploads\/2025\/07\/52199845033_2c000ed2d7_c.jpg?resize=350%2C200&ssl=1 1x, https:\/\/i0.wp.com\/bno-travel.com\/wp-content\/uploads\/2025\/07\/52199845033_2c000ed2d7_c.jpg?resize=525%2C300&ssl=1 1.5x, https:\/\/i0.wp.com\/bno-travel.com\/wp-content\/uploads\/2025\/07\/52199845033_2c000ed2d7_c.jpg?resize=700%2C400&ssl=1 2x"},"classes":[]},{"id":4090,"url":"https:\/\/bno-travel.com\/de\/bowling-in-trysil\/","url_meta":{"origin":4252,"position":4},"title":"Bowling in Trysil","author":"Jan Terje \u00c5s","date":"18. Juli 2025","format":false,"excerpt":"Bowling in Trysil - die perfekte Aktivit\u00e4t f\u00fcr die ganze Familie Bowling ist eine beliebte und gesellige Aktivit\u00e4t f\u00fcr Jung und Alt, und in Trysil finden Sie ein modernes und einladendes Bowlingcenter mitten im Herzen der Bergdestination. Ganz gleich, ob Sie mit der Familie, einer Gruppe von Freunden oder auf\u2026","rel":"","context":"\u00c4hnlicher Beitrag","block_context":{"text":"\u00c4hnlicher Beitrag","link":""},"img":{"alt_text":"Bowling i Trysil","src":"https:\/\/i0.wp.com\/bno-travel.com\/wp-content\/uploads\/2025\/06\/52198855347_f963be3dbf_c.jpg?resize=350%2C200&ssl=1","width":350,"height":200,"srcset":"https:\/\/i0.wp.com\/bno-travel.com\/wp-content\/uploads\/2025\/06\/52198855347_f963be3dbf_c.jpg?resize=350%2C200&ssl=1 1x, https:\/\/i0.wp.com\/bno-travel.com\/wp-content\/uploads\/2025\/06\/52198855347_f963be3dbf_c.jpg?resize=525%2C300&ssl=1 1.5x, https:\/\/i0.wp.com\/bno-travel.com\/wp-content\/uploads\/2025\/06\/52198855347_f963be3dbf_c.jpg?resize=700%2C400&ssl=1 2x"},"classes":[]},{"id":14624,"url":"https:\/\/bno-travel.com\/de\/eule-917\/","url_meta":{"origin":4252,"position":5},"title":"Eule 917 - 14 Betten","author":"Jan Terje \u00c5s","date":"28. Dezember 2025","format":false,"excerpt":"Ugla 917, Trysilfjell H\u00fcttengebiet Ab 990 kr pro Tag \u2605\u2605\u2605\u2605 Verf\u00fcgbare Termine pr\u00fcfen Willkommen in Ugla 917 - einer ger\u00e4umigen und familienfreundlichen H\u00fctte auf einer Ebene, perfekt f\u00fcr alle, die einen komfortablen Ausgangspunkt f\u00fcr Ski- und Bergabenteuer in Trysil suchen. Ugla 917 ist ein modernes und gem\u00fctliches Ferienhaus von 105\u2026","rel":"","context":"\u00c4hnlicher Beitrag","block_context":{"text":"\u00c4hnlicher Beitrag","link":""},"img":{"alt_text":"Ugla 917","src":"https:\/\/i0.wp.com\/bno-travel.com\/wp-content\/uploads\/2025\/12\/01Fasade.jpg?resize=350%2C200&ssl=1","width":350,"height":200,"srcset":"https:\/\/i0.wp.com\/bno-travel.com\/wp-content\/uploads\/2025\/12\/01Fasade.jpg?resize=350%2C200&ssl=1 1x, https:\/\/i0.wp.com\/bno-travel.com\/wp-content\/uploads\/2025\/12\/01Fasade.jpg?resize=525%2C300&ssl=1 1.5x, https:\/\/i0.wp.com\/bno-travel.com\/wp-content\/uploads\/2025\/12\/01Fasade.jpg?resize=700%2C400&ssl=1 2x, https:\/\/i0.wp.com\/bno-travel.com\/wp-content\/uploads\/2025\/12\/01Fasade.jpg?resize=1050%2C600&ssl=1 3x, https:\/\/i0.wp.com\/bno-travel.com\/wp-content\/uploads\/2025\/12\/01Fasade.jpg?resize=1400%2C800&ssl=1 4x"},"classes":[]}],"_links":{"self":[{"href":"https:\/\/bno-travel.com\/de\/wp-json\/wp\/v2\/pages\/4252","targetHints":{"allow":["GET"]}}],"collection":[{"href":"https:\/\/bno-travel.com\/de\/wp-json\/wp\/v2\/pages"}],"about":[{"href":"https:\/\/bno-travel.com\/de\/wp-json\/wp\/v2\/types\/page"}],"author":[{"embeddable":true,"href":"https:\/\/bno-travel.com\/de\/wp-json\/wp\/v2\/users\/260013438"}],"replies":[{"embeddable":true,"href":"https:\/\/bno-travel.com\/de\/wp-json\/wp\/v2\/comments?post=4252"}],"version-history":[{"count":2,"href":"https:\/\/bno-travel.com\/de\/wp-json\/wp\/v2\/pages\/4252\/revisions"}],"predecessor-version":[{"id":4845,"href":"https:\/\/bno-travel.com\/de\/wp-json\/wp\/v2\/pages\/4252\/revisions\/4845"}],"wp:attachment":[{"href":"https:\/\/bno-travel.com\/de\/wp-json\/wp\/v2\/media?parent=4252"}],"curies":[{"name":"wp","href":"https:\/\/api.w.org\/{rel}","templated":true}]}}