{"id":4336,"date":"2025-07-18T20:28:41","date_gmt":"2025-07-18T18:28:41","guid":{"rendered":"https:\/\/bno-travel.com\/?page_id=4336"},"modified":"2025-07-18T20:29:55","modified_gmt":"2025-07-18T18:29:55","slug":"golf-in-trysil","status":"publish","type":"page","link":"https:\/\/bno-travel.com\/de\/golf-in-trysil\/","title":{"rendered":"Golf in Trysil"},"content":{"rendered":"\n<p class=\"wp-block-paragraph\"><\/p>\n\n<div class=\"wp-block-cover alignfull\" style=\"margin-top:0;margin-bottom:0;padding-top:var(--wp--preset--spacing--20);padding-right:var(--wp--preset--spacing--40);padding-bottom:var(--wp--preset--spacing--20);padding-left:var(--wp--preset--spacing--40);min-height:927px;aspect-ratio:unset;\"><img data-recalc-dims=\"1\" fetchpriority=\"high\" decoding=\"async\" width=\"799\" height=\"532\" class=\"wp-block-cover__image-background wp-image-2278 size-full\" alt=\"Sommer i Trysil\" src=\"https:\/\/i0.wp.com\/bno-travel.com\/wp-content\/uploads\/2025\/06\/19105672288_2155e3dd4c_c.jpg?resize=799%2C532&#038;ssl=1\" style=\"object-position:51% 64%\" data-object-fit=\"cover\" data-object-position=\"51% 64%\" srcset=\"https:\/\/i0.wp.com\/bno-travel.com\/wp-content\/uploads\/2025\/06\/19105672288_2155e3dd4c_c.jpg?w=799&amp;ssl=1 799w, https:\/\/i0.wp.com\/bno-travel.com\/wp-content\/uploads\/2025\/06\/19105672288_2155e3dd4c_c.jpg?resize=300%2C200&amp;ssl=1 300w, https:\/\/i0.wp.com\/bno-travel.com\/wp-content\/uploads\/2025\/06\/19105672288_2155e3dd4c_c.jpg?resize=768%2C511&amp;ssl=1 768w\" sizes=\"(max-width: 799px) 100vw, 799px\" \/><span aria-hidden=\"true\" class=\"wp-block-cover__background has-theme-1-background-color has-background-dim-30 has-background-dim\"><\/span><div class=\"wp-block-cover__inner-container is-layout-flow wp-block-cover-is-layout-flow\">\n<div style=\"height:var(--wp--preset--spacing--50)\" aria-hidden=\"true\" class=\"wp-block-spacer\"><\/div>\n\n\n\n<div style=\"height:var(--wp--preset--spacing--50)\" aria-hidden=\"true\" class=\"wp-block-spacer\"><\/div>\n<\/div><\/div>\n\n<div class=\"wp-block-group alignfull is-style-section-3 is-layout-constrained wp-block-group-is-layout-constrained\" style=\"margin-top:0;margin-bottom:0;padding-top:var(--wp--preset--spacing--40);padding-bottom:var(--wp--preset--spacing--40)\">\n<div class=\"wp-block-columns alignwide are-vertically-aligned-center is-layout-flex wp-container-core-columns-is-layout-d9ad523d wp-block-columns-is-layout-flex\">\n<div class=\"wp-block-column is-vertically-aligned-center is-layout-flow wp-block-column-is-layout-flow\">\n<figure class=\"wp-block-image size-full\"><img data-recalc-dims=\"1\" decoding=\"async\" width=\"532\" height=\"799\" src=\"https:\/\/i0.wp.com\/bno-travel.com\/wp-content\/uploads\/2025\/06\/18670754034_e10bf74a7e_c.jpg?resize=532%2C799&#038;ssl=1\" alt=\"Golf in Trysil\" class=\"wp-image-2265\" style=\"aspect-ratio:3\/4;object-fit:cover\" title=\"Titel\" srcset=\"https:\/\/i0.wp.com\/bno-travel.com\/wp-content\/uploads\/2025\/06\/18670754034_e10bf74a7e_c.jpg?w=532&amp;ssl=1 532w, https:\/\/i0.wp.com\/bno-travel.com\/wp-content\/uploads\/2025\/06\/18670754034_e10bf74a7e_c.jpg?resize=200%2C300&amp;ssl=1 200w\" sizes=\"(max-width: 532px) 100vw, 532px\" \/><\/figure>\n<\/div>\n\n\n\n<div class=\"wp-block-column is-vertically-aligned-center is-content-justification-left is-layout-constrained wp-container-core-column-is-layout-b64f6bf5 wp-block-column-is-layout-constrained\">\n<p class=\"wp-block-paragraph\"><\/p>\n\n\n\n<h2 class=\"wp-block-heading\">Golf in Trysil und Engerdal - Spielen Sie mit Blick auf Berge, W\u00e4lder und Stille<\/h2>\n\n\n\n<p class=\"wp-block-paragraph\">Willkommen in Trysil und Engerdal - ein wahres Golfparadies in malerischer Umgebung! Hier finden Sie gut gepflegte Pl\u00e4tze, spektakul\u00e4re Aussichten und eine friedliche Umgebung, die f\u00fcr ein ganz besonderes Golferlebnis sorgen. Ob Sie nun ein erfahrener Golfer oder ein Neuling sind, Trysil und Engerdal bieten ein abwechslungsreiches Spiel, eine tolle Atmosph\u00e4re und eine Umgebung, die f\u00fcr jeden geeignet ist.  <\/p>\n\n\n\n<p class=\"wp-block-paragraph\">BNO TRAVEL kann Ihnen bei der Planung eines kompletten Golfurlaubs mit Unterk\u00fcnften, Abschlagzeiten und familienfreundlichen Aktivit\u00e4ten helfen - ganz nach Ihren W\u00fcnschen.<\/p>\n\n\n\n<p class=\"wp-block-paragraph\">Golfclubhaus und Minigolf f\u00fcr die ganze Familie<\/p>\n\n\n\n<p class=\"wp-block-paragraph\">Das Clubhaus von <a href=\"https:\/\/www.trysil.com\/bedrifter\/trysilfjellet-golf-as\/trysilfjellet-golfbane\/\" target=\"_blank\" rel=\"noopener\">Trysil Golfbane<\/a> ist mehr als nur ein Treffpunkt f\u00fcr Golfer. Hier finden Sie ein <strong>gem\u00fctliches Caf\u00e9<\/strong>, Umkleider\u00e4ume, einen Pro Shop und ein soziales Umfeld, in dem Sie sich nach Ihrer Runde entspannen k\u00f6nnen. Bei Familien mit Kindern ist <strong>der Minigolfplatz<\/strong> sehr beliebt - leicht zug\u00e4nglich, lustig und mit einfachen Hindernissen, die allen Altersgruppen Spa\u00df machen.  <\/p>\n\n\n\n<p class=\"wp-block-paragraph\">Der Minigolfplatz steht auch denjenigen offen, die nicht regelm\u00e4\u00dfig Golf spielen, und ist eine tolle Abwechslung nach dem Radfahren, Wandern oder Schwimmen.<\/p>\n\n\n\n<div class=\"wp-block-buttons is-layout-flex wp-block-buttons-is-layout-flex\"><\/div>\n<\/div>\n<\/div>\n<\/div>\n\n<div class=\"wp-block-group alignfull is-style-default is-content-justification-center is-layout-constrained wp-container-core-group-is-layout-69af11d0 wp-block-group-is-layout-constrained\" style=\"margin-top:0;margin-bottom:0;padding-top:var(--wp--preset--spacing--40);padding-bottom:var(--wp--preset--spacing--40)\">\n<div class=\"wp-block-group alignwide is-content-justification-left is-layout-constrained wp-container-core-group-is-layout-54d22900 wp-block-group-is-layout-constrained\">\n<p class=\"wp-block-paragraph\">Trysil Golfbane ist sowohl f\u00fcr erfahrene Spieler als auch f\u00fcr Anf\u00e4nger offen und zug\u00e4nglich. Sie brauchen keine gr\u00fcne Karte, um sich auf der Driving Range oder beim Minigolf auszuprobieren.   <a href=\"https:\/\/www.trysil.com\/bedrifter\/trysilfjellet-golf-as\/trysil-golfklubb\/\" target=\"_blank\" rel=\"noopener\">Wenn Sie mehr erfahren m\u00f6chten, k\u00f6nnen Sie sich f\u00fcr einen Kurs anmelden oder eine Einf\u00fchrungsstunde bei einem PGA-zertifizierten Trainer nehmen.<\/a><\/p>\n\n\n\n<p class=\"wp-block-paragraph\">Auch Kinder und Jugendliche sind willkommen, und w\u00e4hrend der gesamten Saison werden spezielle Kinderkurse und Junior-Aktivit\u00e4ten angeboten. Mit einer ruhigen Umgebung und wenigen Warteschlangen ist Trysil der perfekte Ort, um den Sport in einer sicheren und inspirierenden Umgebung zu erlernen. <\/p>\n\n\n\n<div class=\"wp-block-buttons is-layout-flex wp-block-buttons-is-layout-flex\"><\/div>\n<\/div>\n<\/div>\n\n<div class=\"wp-block-group alignfull is-content-justification-center is-layout-constrained wp-block-group-is-layout-constrained\" style=\"margin-top:0;margin-bottom:0;padding-top:var(--wp--preset--spacing--40);padding-bottom:var(--wp--preset--spacing--40)\">\n<div class=\"wp-block-columns alignwide are-vertically-aligned-center is-layout-flex wp-container-core-columns-is-layout-7387b849 wp-block-columns-is-layout-flex\">\n<div class=\"wp-block-column is-vertically-aligned-center is-content-justification-left is-layout-constrained wp-container-core-column-is-layout-b64f6bf5 wp-block-column-is-layout-constrained\">\n<h2 class=\"wp-block-heading has-xx-large-font-size\">Fakten \u00fcber den Golfplatz Trysil<\/h2>\n\n\n\n<p class=\"wp-block-paragraph\">Trysil Golfbane ist ein <strong>18-Loch Wald- und Parklandplatz<\/strong>, der der nat\u00fcrlichen Landschaft von Trysil nachempfunden ist. Der Platz ist bekannt f\u00fcr seinen hohen Standard, die malerische Umgebung und die abwechslungsreichen Herausforderungen. <\/p>\n\n\n\n<p class=\"wp-block-paragraph\"><strong>Hier sind einige Highlights:<\/strong><\/p>\n\n\n\n<ul class=\"wp-block-list\">\n<li>18 Loch - Par 72<\/li>\n\n\n\n<li>L\u00e4nge vom wei\u00dfen Abschlag: ca. 6.400 Meter <\/li>\n\n\n\n<li>Driving Range und \u00dcbungsbereiche f\u00fcr Putting und Chipping<\/li>\n\n\n\n<li>Golfwagenverleih und moderner Pro Shop<\/li>\n\n\n\n<li>Golfschule und Kurse f\u00fcr alle Niveaus<\/li>\n\n\n\n<li>Saison: gew\u00f6hnlich von Mai bis Oktober<\/li>\n<\/ul>\n\n\n\n<p class=\"wp-block-paragraph\">Der Platz ist idyllisch am Fluss Trysilelva gelegen, nur wenige Minuten vom Zentrum von Trysil und eine kurze Strecke von den Unterkunftsm\u00f6glichkeiten in den Bergen entfernt. Er ist bekannt f\u00fcr seine gute Pflege, die schnellen Gr\u00fcns und die ruhige Umgebung und ist ein Genuss f\u00fcr Golfer und Zuschauer gleicherma\u00dfen. Essen Sie einheimische Gerichte oder genie\u00dfen Sie die Stille der Berge am Kamin. <\/p>\n\n\n\n<p class=\"has-text-align-left wp-block-paragraph\">Clubhaus, Pro Shop und Minigolf f\u00fcr die ganze Familie<\/p>\n\n\n\n<p class=\"wp-block-paragraph\">Angrenzend an den Golfplatz befindet sich ein <strong>modernes Clubhaus<\/strong> mit Umkleider\u00e4umen, Duschen, einem Caf\u00e9 und einer gem\u00fctlichen Terrasse, auf der Sie den Blick auf den Platz genie\u00dfen k\u00f6nnen. Das Clubhaus dient als sozialer Treffpunkt und organisiert regelm\u00e4\u00dfig Turniere und Clubabende. <\/p>\n\n\n\n<div class=\"wp-block-buttons is-layout-flex wp-block-buttons-is-layout-flex\"><\/div>\n<\/div>\n\n\n\n<div class=\"wp-block-column is-vertically-aligned-center is-layout-flow wp-block-column-is-layout-flow\">\n<figure class=\"wp-block-image size-full\"><img data-recalc-dims=\"1\" decoding=\"async\" width=\"799\" height=\"532\" src=\"https:\/\/i0.wp.com\/bno-travel.com\/wp-content\/uploads\/2025\/06\/19105672288_2155e3dd4c_c.jpg?resize=799%2C532&#038;ssl=1\" alt=\"Sommer in Trysil\" class=\"wp-image-2278\" style=\"aspect-ratio:3\/4;object-fit:cover\" srcset=\"https:\/\/i0.wp.com\/bno-travel.com\/wp-content\/uploads\/2025\/06\/19105672288_2155e3dd4c_c.jpg?w=799&amp;ssl=1 799w, https:\/\/i0.wp.com\/bno-travel.com\/wp-content\/uploads\/2025\/06\/19105672288_2155e3dd4c_c.jpg?resize=300%2C200&amp;ssl=1 300w, https:\/\/i0.wp.com\/bno-travel.com\/wp-content\/uploads\/2025\/06\/19105672288_2155e3dd4c_c.jpg?resize=768%2C511&amp;ssl=1 768w\" sizes=\"(max-width: 799px) 100vw, 799px\" \/><\/figure>\n<\/div>\n<\/div>\n<\/div>\n\n<div class=\"wp-block-group alignfull is-style-default is-content-justification-center is-layout-constrained wp-container-core-group-is-layout-69af11d0 wp-block-group-is-layout-constrained\" style=\"margin-top:0;margin-bottom:0;padding-top:var(--wp--preset--spacing--40);padding-bottom:var(--wp--preset--spacing--40)\">\n<div class=\"wp-block-group alignfull is-content-justification-center is-layout-constrained wp-container-core-group-is-layout-4853c3a7 wp-block-group-is-layout-constrained\" style=\"margin-top:0;margin-bottom:0;padding-top:calc( 0.5 * var(u002du002dwpu002du002dstyleu002du002drootu002du002dpadding-right, var(u002du002dwpu002du002dcustomu002du002dgapu002du002dhorizontal)));padding-right:var(u002du002dwpu002du002dstyleu002du002drootu002du002dpadding-right, var(u002du002dwpu002du002dcustomu002du002dgapu002du002dhorizontal));padding-bottom:calc( 0.5 * var(u002du002dwpu002du002dstyleu002du002drootu002du002dpadding-right, var(u002du002dwpu002du002dcustomu002du002dgapu002du002dhorizontal)));padding-left:var(u002du002dwpu002du002dstyleu002du002drootu002du002dpadding-left, var(u002du002dwpu002du002dcustomu002du002dgapu002du002dhorizontal))\">\n<div style=\"height:calc( 0.25 * var(u002du002dwpu002du002dstyleu002du002drootu002du002dpadding-right, var(u002du002dwpu002du002dcustomu002du002dgapu002du002dhorizontal)))\" aria-hidden=\"true\" class=\"wp-block-spacer\"><\/div>\n\n\n\n<div class=\"wp-block-columns alignwide is-layout-flex wp-container-core-columns-is-layout-7387b849 wp-block-columns-is-layout-flex\">\n<div class=\"wp-block-column is-vertically-aligned-center is-layout-flow wp-block-column-is-layout-flow\">\n<figure class=\"wp-block-image size-full\"><img data-recalc-dims=\"1\" loading=\"lazy\" decoding=\"async\" width=\"532\" height=\"799\" src=\"https:\/\/i0.wp.com\/bno-travel.com\/wp-content\/uploads\/2025\/06\/18670754034_e10bf74a7e_c.jpg?resize=532%2C799&#038;ssl=1\" alt=\"\" class=\"wp-image-2265\" style=\"aspect-ratio:3\/4;object-fit:cover\" srcset=\"https:\/\/i0.wp.com\/bno-travel.com\/wp-content\/uploads\/2025\/06\/18670754034_e10bf74a7e_c.jpg?w=532&amp;ssl=1 532w, https:\/\/i0.wp.com\/bno-travel.com\/wp-content\/uploads\/2025\/06\/18670754034_e10bf74a7e_c.jpg?resize=200%2C300&amp;ssl=1 200w\" sizes=\"(max-width: 532px) 100vw, 532px\" \/><\/figure>\n<\/div>\n\n\n\n<div class=\"wp-block-column is-vertically-aligned-center is-layout-flow wp-block-column-is-layout-flow\">\n<p class=\"has-text-align-left wp-block-paragraph\"><\/p>\n\n\n\n<p class=\"wp-block-paragraph\"><strong>Im Proshop<\/strong> finden Sie alles, was Sie an Golfausr\u00fcstung, -bekleidung und -zubeh\u00f6r ben\u00f6tigen - sowohl zum Kauf als auch zur Miete. Wenn Sie Hilfe bei der Technik oder der Ausr\u00fcstung ben\u00f6tigen, stehen Ihnen unsere sachkundigen Mitarbeiter und Trainer zur Verf\u00fcgung. <\/p>\n\n\n\n<p class=\"has-text-align-left wp-block-paragraph\">Direkt neben der Driving Range finden Sie auch <strong>einen tollen Minigolfplatz<\/strong> - perfekt f\u00fcr die Kinder oder als gesellige Aktivit\u00e4t f\u00fcr die ganze Familie. Der Minigolfplatz hat 9 lustige und herausfordernde L\u00f6cher und ist f\u00fcr jeden zug\u00e4nglich, auch f\u00fcr diejenigen, die nicht regelm\u00e4\u00dfig Golf spielen. <\/p>\n\n\n\n<p class=\"has-text-align-left wp-block-paragraph\">Trysil - Mehr als nur Golf<\/p>\n\n\n\n<p class=\"wp-block-paragraph\">Wenn Sie nicht auf der Rennstrecke unterwegs sind, bietet Trysil eine Vielzahl anderer Sommeraktivit\u00e4ten: Trailbiking in der Trysil Bike Arena, Wandern in den Bergen, Angeln, Kanufahren und Reiten. Nach einem Tagesausflug k\u00f6nnen Sie in den \u00f6rtlichen Restaurants essen und trinken, im Spa entspannen oder das kulturelle Leben im Stadtzentrum von Trysil erkunden. <\/p>\n\n\n\n<p class=\"has-text-align-left wp-block-paragraph\">Wenn Sie mit der Familie unterwegs sind, gibt es au\u00dferdem einen Kletterpark, Spielpl\u00e4tze, Badem\u00f6glichkeiten und Aktivit\u00e4tsbereiche, die Ihren Urlaub f\u00fcr Gro\u00df und Klein komplett machen.<\/p>\n\n\n\n<p class=\"wp-block-paragraph\">Planen Sie Ihren Golfurlaub mit BNO TRAVEL<\/p>\n\n\n\n<p class=\"wp-block-paragraph\">BNO TRAVEL hilft Ihnen, das perfekte Golferlebnis in Trysil zu planen. Wir helfen Ihnen bei der Planung Ihrer Reise mit <a href=\"https:\/\/bno-travel.com\/de\/unterkunft\/\">Unterkunft<\/a>, Greenfees, Minigolf und Aktivit\u00e4ten - und sorgen daf\u00fcr, dass Sie das Beste aus Ihrem Aufenthalt machen, egal ob Sie allein, mit der Familie oder in einer Gruppe reisen. <\/p>\n\n\n\n<p class=\"wp-block-paragraph\"><strong>Buchen Sie noch heute Ihren Golfurlaub in Trysil<\/strong> - und finden Sie heraus, warum sich immer mehr Menschen f\u00fcr Berggolf mit Aussicht, frischer Luft und Qualit\u00e4t in jeder Phase entscheiden.<\/p>\n\n\n\n<div class=\"wp-block-buttons is-content-justification-center is-layout-flex wp-container-core-buttons-is-layout-3e41869c wp-block-buttons-is-layout-flex\"><\/div>\n<\/div>\n<\/div>\n\n\n\n<div style=\"height:calc( 0.25 * var(u002du002dwpu002du002dstyleu002du002drootu002du002dpadding-right, var(u002du002dwpu002du002dcustomu002du002dgapu002du002dhorizontal)))\" aria-hidden=\"true\" class=\"wp-block-spacer\"><\/div>\n<\/div>\n\n\n\n<div class=\"wp-block-group alignwide is-content-justification-left is-layout-constrained wp-container-core-group-is-layout-54d22900 wp-block-group-is-layout-constrained\">\n<div class=\"wp-block-buttons is-layout-flex wp-block-buttons-is-layout-flex\"><\/div>\n<\/div>\n<\/div>\n\n<div class=\"wp-block-group alignfull is-style-default is-content-justification-center is-layout-constrained wp-container-core-group-is-layout-cdf99998 wp-block-group-is-layout-constrained\" style=\"margin-top:0;margin-bottom:0;padding-top:var(--wp--preset--spacing--40);padding-bottom:var(--wp--preset--spacing--40)\"><\/div>\n\n<p class=\"wp-block-paragraph\"><\/p>\n","protected":false},"excerpt":{"rendered":"<p>Golf in Trysil und Engerdal - Spielen Sie mit Blick auf Berge, W\u00e4lder und Stille Willkommen in Trysil und Engerdal - ein wahres Golfparadies in malerischer Umgebung! Hier finden Sie gut gepflegte Pl\u00e4tze, spektakul\u00e4re Aussichten und eine friedliche Umgebung, die f\u00fcr ein ganz besonderes Golferlebnis sorgen. Ob Sie nun ein erfahrener Golfer oder ein Neuling [&hellip;]<\/p>\n","protected":false},"author":260013438,"featured_media":0,"parent":0,"menu_order":0,"comment_status":"closed","ping_status":"closed","template":"","meta":{"_crdt_document":"","footnotes":""},"class_list":["post-4336","page","type-page","status-publish","hentry"],"jetpack_likes_enabled":true,"jetpack_sharing_enabled":true,"jetpack_shortlink":"https:\/\/wp.me\/PgDuwj-17W","jetpack-related-posts":[{"id":36233,"url":"https:\/\/bno-travel.com\/en\/golf-in-trysil\/","url_meta":{"origin":4336,"position":0},"title":"Golf in Trysil","author":"Jan Terje \u00c5s","date":"18. Juli 2025","format":false,"excerpt":"Golf in Trysil and Engerdal Play with views of mountains, forest and silence \u2013 in surroundings that make your golf stay more than just a round on the course Trysil and Engerdal offer a golf experience with fresh mountain air, well-maintained courses and a peacefulness that makes the whole stay\u2026","rel":"","context":"\u00c4hnlicher Beitrag","block_context":{"text":"\u00c4hnlicher Beitrag","link":""},"img":{"alt_text":"","src":"","width":0,"height":0},"classes":[]},{"id":4338,"url":"https:\/\/bno-travel.com\/fr\/golf-a-trysil\/","url_meta":{"origin":4336,"position":1},"title":"Golf \u00e0 Trysil","author":"Jan Terje \u00c5s","date":"18. Juli 2025","format":false,"excerpt":"Golf \u00e0 Trysil et Engerdal - Jouer avec vue sur les montagnes, les for\u00eats et le silence Bienvenue \u00e0 Trysil et Engerdal - un v\u00e9ritable paradis du golf dans un environnement pittoresque ! Vous y trouverez des parcours bien entretenus, des vues spectaculaires et un environnement paisible qui vous feront\u2026","rel":"","context":"\u00c4hnlicher Beitrag","block_context":{"text":"\u00c4hnlicher Beitrag","link":""},"img":{"alt_text":"Golf i Trysil","src":"https:\/\/i0.wp.com\/bno-travel.com\/wp-content\/uploads\/2025\/06\/18670754034_e10bf74a7e_c.jpg?resize=350%2C200&ssl=1","width":350,"height":200,"srcset":"https:\/\/i0.wp.com\/bno-travel.com\/wp-content\/uploads\/2025\/06\/18670754034_e10bf74a7e_c.jpg?resize=350%2C200&ssl=1 1x, https:\/\/i0.wp.com\/bno-travel.com\/wp-content\/uploads\/2025\/06\/18670754034_e10bf74a7e_c.jpg?resize=525%2C300&ssl=1 1.5x"},"classes":[]},{"id":4436,"url":"https:\/\/bno-travel.com\/es\/golf-en-trysil\/","url_meta":{"origin":4336,"position":2},"title":"Golf en Trysil","author":"Jan Terje \u00c5s","date":"18. Juli 2025","format":false,"excerpt":"Golf en Trysil y Engerdal - Juega con vistas a las monta\u00f1as, los bosques y el silencio Bienvenido a Trysil y Engerdal: \u00a1un aut\u00e9ntico para\u00edso del golf en un entorno pintoresco! Aqu\u00ed encontrar\u00e1s campos bien mantenidos, vistas espectaculares y un entorno tranquilo que hacen que la experiencia de jugar al\u2026","rel":"","context":"\u00c4hnlicher Beitrag","block_context":{"text":"\u00c4hnlicher Beitrag","link":""},"img":{"alt_text":"Golf i Trysil","src":"https:\/\/i0.wp.com\/bno-travel.com\/wp-content\/uploads\/2025\/06\/18670754034_e10bf74a7e_c.jpg?resize=350%2C200&ssl=1","width":350,"height":200,"srcset":"https:\/\/i0.wp.com\/bno-travel.com\/wp-content\/uploads\/2025\/06\/18670754034_e10bf74a7e_c.jpg?resize=350%2C200&ssl=1 1x, https:\/\/i0.wp.com\/bno-travel.com\/wp-content\/uploads\/2025\/06\/18670754034_e10bf74a7e_c.jpg?resize=525%2C300&ssl=1 1.5x"},"classes":[]},{"id":3341,"url":"https:\/\/bno-travel.com\/golf-i-trysil-banen-ligger-mellom-skog-og-fjell\/","url_meta":{"origin":4336,"position":3},"title":"Golf i Trysil","author":"Jan Terje \u00c5s","date":"18. Juli 2025","format":false,"excerpt":"Golf i Trysil og Engerdal Spill med utsikt over fjell, skog og stillhet \u2013 i omgivelser som gj\u00f8r golfoppholdet til mer enn bare en runde p\u00e5 banen Trysil og Engerdal gir deg en golfopplevelse med frisk fjelluft, velholdte baner og en ro som gj\u00f8r hele oppholdet bedre. Her f\u00e5r du\u2026","rel":"","context":"\u00c4hnlicher Beitrag","block_context":{"text":"\u00c4hnlicher Beitrag","link":""},"img":{"alt_text":"","src":"","width":0,"height":0},"classes":[]},{"id":4395,"url":"https:\/\/bno-travel.com\/sv\/golf-i-trysil\/","url_meta":{"origin":4336,"position":4},"title":"Golf i Trysil","author":"Jan Terje \u00c5s","date":"18. Juli 2025","format":false,"excerpt":"Golf i Trysil och Engerdal - Spela med utsikt \u00f6ver berg, skogar och tystnad V\u00e4lkommen till Trysil och Engerdal - ett riktigt golfparadis i natursk\u00f6na omgivningar! H\u00e4r hittar du v\u00e4lsk\u00f6tta banor, spektakul\u00e4ra vyer och rofyllda omgivningar som g\u00f6r golfupplevelsen till n\u00e5got alldeles extra. Oavsett om du \u00e4r en erfaren golfare\u2026","rel":"","context":"\u00c4hnlicher Beitrag","block_context":{"text":"\u00c4hnlicher Beitrag","link":""},"img":{"alt_text":"Golf i Trysil","src":"https:\/\/i0.wp.com\/bno-travel.com\/wp-content\/uploads\/2025\/06\/18670754034_e10bf74a7e_c.jpg?resize=350%2C200&ssl=1","width":350,"height":200,"srcset":"https:\/\/i0.wp.com\/bno-travel.com\/wp-content\/uploads\/2025\/06\/18670754034_e10bf74a7e_c.jpg?resize=350%2C200&ssl=1 1x, https:\/\/i0.wp.com\/bno-travel.com\/wp-content\/uploads\/2025\/06\/18670754034_e10bf74a7e_c.jpg?resize=525%2C300&ssl=1 1.5x"},"classes":[]},{"id":4302,"url":"https:\/\/bno-travel.com\/is\/golf-i-trysil\/","url_meta":{"origin":4336,"position":5},"title":"Golf \u00ed Trysil","author":"Jan Terje \u00c5s","date":"18. Juli 2025","format":false,"excerpt":"Golf \u00ed Trysil og Engerdal \u2013 Spila\u00f0u me\u00f0 \u00fats\u00fdni yfir fj\u00f6ll, sk\u00f3ga og \u00fe\u00f6gn Velkomin til Trysil og Engerdal \u2013 sannkalla\u00f0rar golfparad\u00edsar \u00ed fallegu umhverfi! H\u00e9r finnur \u00fe\u00fa vel hirta golfvelli, st\u00f3rkostlegt \u00fats\u00fdni og fri\u00f0s\u00e6lt umhverfi sem veitir einstaka golfupplifun. Hvort sem \u00fe\u00fa ert vanur kylfingur e\u00f0a n\u00fdr \u00ed \u00ed\u00fer\u00f3ttinni,\u2026","rel":"","context":"\u00c4hnlicher Beitrag","block_context":{"text":"\u00c4hnlicher Beitrag","link":""},"img":{"alt_text":"Golf i Trysil","src":"https:\/\/i0.wp.com\/bno-travel.com\/wp-content\/uploads\/2025\/06\/18670754034_e10bf74a7e_c.jpg?resize=350%2C200&ssl=1","width":350,"height":200,"srcset":"https:\/\/i0.wp.com\/bno-travel.com\/wp-content\/uploads\/2025\/06\/18670754034_e10bf74a7e_c.jpg?resize=350%2C200&ssl=1 1x, https:\/\/i0.wp.com\/bno-travel.com\/wp-content\/uploads\/2025\/06\/18670754034_e10bf74a7e_c.jpg?resize=525%2C300&ssl=1 1.5x"},"classes":[]}],"_links":{"self":[{"href":"https:\/\/bno-travel.com\/de\/wp-json\/wp\/v2\/pages\/4336","targetHints":{"allow":["GET"]}}],"collection":[{"href":"https:\/\/bno-travel.com\/de\/wp-json\/wp\/v2\/pages"}],"about":[{"href":"https:\/\/bno-travel.com\/de\/wp-json\/wp\/v2\/types\/page"}],"author":[{"embeddable":true,"href":"https:\/\/bno-travel.com\/de\/wp-json\/wp\/v2\/users\/260013438"}],"replies":[{"embeddable":true,"href":"https:\/\/bno-travel.com\/de\/wp-json\/wp\/v2\/comments?post=4336"}],"version-history":[{"count":4,"href":"https:\/\/bno-travel.com\/de\/wp-json\/wp\/v2\/pages\/4336\/revisions"}],"predecessor-version":[{"id":5246,"href":"https:\/\/bno-travel.com\/de\/wp-json\/wp\/v2\/pages\/4336\/revisions\/5246"}],"wp:attachment":[{"href":"https:\/\/bno-travel.com\/de\/wp-json\/wp\/v2\/media?parent=4336"}],"curies":[{"name":"wp","href":"https:\/\/api.w.org\/{rel}","templated":true}]}}