
{"id":11494,"date":"2025-09-29T18:25:42","date_gmt":"2025-09-29T16:25:42","guid":{"rendered":"https:\/\/bno-travel.com\/want-to-know-more-about-rental\/"},"modified":"2025-09-29T18:25:56","modified_gmt":"2025-09-29T16:25:56","slug":"want-to-know-more-about-rental","status":"publish","type":"page","link":"https:\/\/bno-travel.com\/en\/want-to-know-more-about-rental\/","title":{"rendered":"Want to know more about rental?"},"content":{"rendered":"\n<p class=\"wp-block-paragraph\"><\/p>\n\n<p class=\"wp-block-paragraph\">Get in touch with us today!  <\/p>\n<style id=\"wpforms-css-vars-4938-block-b10716ba-03eb-4fc4-b704-b5ff545869a7\">\n\t\t\t\t#wpforms-4938.wpforms-block-b10716ba-03eb-4fc4-b704-b5ff545869a7 {\n\t\t\t\t--wpforms-button-background-color: #2a2a2a;\n--wpforms-field-size-input-height: 43px;\n--wpforms-field-size-input-spacing: 15px;\n--wpforms-field-size-font-size: 16px;\n--wpforms-field-size-line-height: 19px;\n--wpforms-field-size-padding-h: 14px;\n--wpforms-field-size-checkbox-size: 16px;\n--wpforms-field-size-sublabel-spacing: 5px;\n--wpforms-field-size-icon-size: 1;\n--wpforms-label-size-font-size: 16px;\n--wpforms-label-size-line-height: 19px;\n--wpforms-label-size-sublabel-font-size: 14px;\n--wpforms-label-size-sublabel-line-height: 17px;\n--wpforms-button-size-font-size: 17px;\n--wpforms-button-size-height: 41px;\n--wpforms-button-size-padding-h: 15px;\n--wpforms-button-size-margin-top: 10px;\n\t\t\t}\n\t\t\t<\/style><div class=\"wpforms-container wpforms-container-full wpforms-block wpforms-block-b10716ba-03eb-4fc4-b704-b5ff545869a7 wpforms-render-modern\" id=\"wpforms-4938\"><form id=\"wpforms-form-4938\" class=\"wpforms-validate wpforms-form wpforms-ajax-form\" data-formid=\"4938\" method=\"post\" enctype=\"multipart\/form-data\" action=\"\/en\/wp-json\/wp\/v2\/pages\/11494\" data-token=\"a6aea14caeb25490a868344bb3e49191\" data-token-time=\"1775389297\"><noscript class=\"wpforms-error-noscript\">Please enable JavaScript in your browser to complete this form.<\/noscript><div id=\"wpforms-error-noscript\" style=\"display: none;\">Please enable JavaScript in your browser to complete this form.<\/div><div class=\"wpforms-field-container\"><div id=\"wpforms-4938-field_1-container\" class=\"wpforms-field wpforms-field-name\" data-field-id=\"1\"><fieldset><legend class=\"wpforms-field-label\">Navn <span class=\"wpforms-required-label\" aria-hidden=\"true\">*<\/span><\/legend><div class=\"wpforms-field-row wpforms-field-medium\"><div class=\"wpforms-field-row-block wpforms-first wpforms-one-half\"><input type=\"text\" id=\"wpforms-4938-field_1\" class=\"wpforms-field-name-first wpforms-field-required\" name=\"wpforms[fields][1][first]\" placeholder=\"Fornavn\" aria-errormessage=\"wpforms-4938-field_1-error\" required><label for=\"wpforms-4938-field_1\" class=\"wpforms-field-sublabel after wpforms-sublabel-hide\">First<\/label><\/div><div class=\"wpforms-field-row-block wpforms-one-half\"><input type=\"text\" id=\"wpforms-4938-field_1-last\" class=\"wpforms-field-name-last wpforms-field-required\" name=\"wpforms[fields][1][last]\" placeholder=\"Etternavn\" aria-errormessage=\"wpforms-4938-field_1-last-error\" required><label for=\"wpforms-4938-field_1-last\" class=\"wpforms-field-sublabel after wpforms-sublabel-hide\">Last<\/label><\/div><\/div><\/fieldset><\/div>\t\t<div id=\"wpforms-4938-field_4-container\"\n\t\t\tclass=\"wpforms-field wpforms-field-text\"\n\t\t\tdata-field-type=\"text\"\n\t\t\tdata-field-id=\"4\"\n\t\t\t>\n\t\t\t<label class=\"wpforms-field-label\" for=\"wpforms-4938-field_4\" >oss melding Navn<\/label>\n\t\t\t<input type=\"text\" id=\"wpforms-4938-field_4\" class=\"wpforms-field-medium\" name=\"wpforms[fields][4]\" >\n\t\t<\/div>\n\t\t<div id=\"wpforms-4938-field_2-container\" class=\"wpforms-field wpforms-field-email\" data-field-id=\"2\"><label class=\"wpforms-field-label\" for=\"wpforms-4938-field_2\">Mailadresse <span class=\"wpforms-required-label\" aria-hidden=\"true\">*<\/span><\/label><input type=\"email\" id=\"wpforms-4938-field_2\" class=\"wpforms-field-medium wpforms-field-required\" name=\"wpforms[fields][2]\" spellcheck=\"false\" aria-errormessage=\"wpforms-4938-field_2-error\" required><\/div><div id=\"wpforms-4938-field_5-container\" class=\"wpforms-field wpforms-field-number\" data-field-id=\"5\"><label class=\"wpforms-field-label\" for=\"wpforms-4938-field_5\">Telefonnummer <span class=\"wpforms-required-label\" aria-hidden=\"true\">*<\/span><\/label><input type=\"number\" id=\"wpforms-4938-field_5\" class=\"wpforms-field-medium wpforms-field-required\" name=\"wpforms[fields][5]\" step=\"any\" aria-errormessage=\"wpforms-4938-field_5-error\" required><\/div><div id=\"wpforms-4938-field_3-container\" class=\"wpforms-field wpforms-field-textarea\" data-field-id=\"3\"><label class=\"wpforms-field-label\" for=\"wpforms-4938-field_3\">Din melding til oss<\/label><textarea id=\"wpforms-4938-field_3\" class=\"wpforms-field-medium\" name=\"wpforms[fields][3]\" aria-errormessage=\"wpforms-4938-field_3-error\" aria-describedby=\"wpforms-4938-field_3-description\" ><\/textarea><div id=\"wpforms-4938-field_3-description\" class=\"wpforms-field-description\">Melding<\/div><\/div><script>\n\t\t\t\t( function() {\n\t\t\t\t\tconst style = document.createElement( 'style' );\n\t\t\t\t\tstyle.appendChild( document.createTextNode( '#wpforms-4938-field_4-container { position: absolute !important; overflow: hidden !important; display: inline !important; height: 1px !important; width: 1px !important; z-index: -1000 !important; padding: 0 !important; } #wpforms-4938-field_4-container input { visibility: hidden; } #wpforms-conversational-form-page #wpforms-4938-field_4-container label { counter-increment: none; }' ) );\n\t\t\t\t\tdocument.head.appendChild( style );\n\t\t\t\t\tdocument.currentScript?.remove();\n\t\t\t\t} )();\n\t\t\t<\/script><\/div><!-- .wpforms-field-container --><div class=\"wpforms-submit-container\" ><input type=\"hidden\" name=\"wpforms[id]\" value=\"4938\"><input type=\"hidden\" name=\"page_title\" value=\"\"><input type=\"hidden\" name=\"page_url\" value=\"https:\/\/bno-travel.com\/en\/wp-json\/wp\/v2\/pages\/11494\"><input type=\"hidden\" name=\"url_referer\" value=\"\"><button type=\"submit\" name=\"wpforms[submit]\" id=\"wpforms-submit-4938\" class=\"wpforms-submit\" data-alt-text=\"Sending...\" data-submit-text=\"Send\" aria-live=\"assertive\" value=\"wpforms-submit\">Send<\/button><img decoding=\"async\" src=\"https:\/\/bno-travel.com\/wp-content\/plugins\/wpforms-lite\/assets\/images\/submit-spin.svg\" class=\"wpforms-submit-spinner\" style=\"display: none;\" width=\"26\" height=\"26\" alt=\"Loading\"><\/div><\/form><\/div>  <!-- .wpforms-container -->\n<p class=\"wp-block-paragraph\"><\/p>\n","protected":false},"excerpt":{"rendered":"<p>Get in touch with us today!<\/p>\n","protected":false},"author":260013438,"featured_media":0,"parent":0,"menu_order":0,"comment_status":"closed","ping_status":"closed","template":"","meta":{"_crdt_document":"","jetpack_post_was_ever_published":false,"footnotes":""},"class_list":["post-11494","page","type-page","status-publish","hentry"],"jetpack_likes_enabled":true,"jetpack_sharing_enabled":true,"jetpack_shortlink":"https:\/\/wp.me\/PgDuwj-2Zo","jetpack-related-posts":[{"id":1935,"url":"https:\/\/bno-travel.com\/en\/we-convey-your-device\/","url_meta":{"origin":11494,"position":0},"title":"We arrange your unit in Trysil and S\u00e4lenfjellet","author":"Jan Terje \u00c5s","date":"11. July 2025","format":false,"excerpt":"We're changing the way rental works in Trysil and S\u00e4len Rental and brokerage of cabins and apartments in Trysil and S\u00e4len, now we're changing how it works How do you go about it? If you're renting out your cabin or apartment in Trysil or S\u00e4len today, you can choose between\u2026","rel":"","context":"Similar post","block_context":{"text":"Similar post","link":""},"img":{"alt_text":"","src":"https:\/\/i0.wp.com\/bno-travel.com\/wp-content\/uploads\/2025\/06\/Eierside-2.jpg?resize=350%2C200&ssl=1","width":350,"height":200,"srcset":"https:\/\/i0.wp.com\/bno-travel.com\/wp-content\/uploads\/2025\/06\/Eierside-2.jpg?resize=350%2C200&ssl=1 1x, https:\/\/i0.wp.com\/bno-travel.com\/wp-content\/uploads\/2025\/06\/Eierside-2.jpg?resize=525%2C300&ssl=1 1.5x, https:\/\/i0.wp.com\/bno-travel.com\/wp-content\/uploads\/2025\/06\/Eierside-2.jpg?resize=700%2C400&ssl=1 2x"},"classes":[]},{"id":28330,"url":"https:\/\/bno-travel.com\/en\/home-page\/","url_meta":{"origin":11494,"position":1},"title":"Home page","author":"Jan Terje \u00c5s","date":"3. April 2026","format":false,"excerpt":"Plan your trip easier with BNO Travel Find accommodation in selected destinations, search for flights for journeys near and far, and book a rental car that gives you the freedom to go further. All in one neat and user-friendly solution. Find accommodation Search flights Find car rental Easier choice. Better\u2026","rel":"","context":"Similar post","block_context":{"text":"Similar post","link":""},"img":{"alt_text":"","src":"","width":0,"height":0},"classes":[]},{"id":4069,"url":"https:\/\/bno-travel.com\/en\/snowmobiles-in-salen\/","url_meta":{"origin":11494,"position":2},"title":"Snowmobiles in S\u00e4len","author":"Jan Terje \u00c5s","date":"18. July 2025","format":false,"excerpt":"Snowmobiling in S\u00e4len - Fast-paced adventures in true Swedish mountain nature Welcome to S\u00e4len - one of Sweden's most popular winter destinations, where you can not only ski but also experience adrenaline and freedom on a snowmobile! Here you'll find approved snowmobile trails, beautiful mountain scenery and the opportunity to\u2026","rel":"","context":"Similar post","block_context":{"text":"Similar post","link":""},"img":{"alt_text":"Sn\u00f8scooter BNO TRAVEL","src":"https:\/\/i0.wp.com\/bno-travel.com\/wp-content\/uploads\/2025\/07\/10000-5116.jpg?resize=350%2C200&ssl=1","width":350,"height":200,"srcset":"https:\/\/i0.wp.com\/bno-travel.com\/wp-content\/uploads\/2025\/07\/10000-5116.jpg?resize=350%2C200&ssl=1 1x, https:\/\/i0.wp.com\/bno-travel.com\/wp-content\/uploads\/2025\/07\/10000-5116.jpg?resize=525%2C300&ssl=1 1.5x, https:\/\/i0.wp.com\/bno-travel.com\/wp-content\/uploads\/2025\/07\/10000-5116.jpg?resize=700%2C400&ssl=1 2x, https:\/\/i0.wp.com\/bno-travel.com\/wp-content\/uploads\/2025\/07\/10000-5116.jpg?resize=1050%2C600&ssl=1 3x, https:\/\/i0.wp.com\/bno-travel.com\/wp-content\/uploads\/2025\/07\/10000-5116.jpg?resize=1400%2C800&ssl=1 4x"},"classes":[]},{"id":4310,"url":"https:\/\/bno-travel.com\/en\/snowmobile-in-trysil\/","url_meta":{"origin":11494,"position":3},"title":"Snowmobile in Trysil","author":"Jan Terje \u00c5s","date":"10. October 2025","format":false,"excerpt":"Snowmobiling in Trysil and Engerdal - Fast-paced adventures in wild Norwegian nature Welcome to Trysil and Engerdal - two of Norway's most beautiful snowmobile areas, where you can experience a true winter adventure on a snowmobile! Here you'll find miles of marked trails, professional guided tours and the opportunity to\u2026","rel":"","context":"Similar post","block_context":{"text":"Similar post","link":""},"img":{"alt_text":"Room 726 kombinert med sn\u00f8scooter","src":"https:\/\/i0.wp.com\/bno-travel.com\/wp-content\/uploads\/2025\/07\/IMG_3633-%E2%80%93-Kopi.jpg?resize=350%2C200&ssl=1","width":350,"height":200,"srcset":"https:\/\/i0.wp.com\/bno-travel.com\/wp-content\/uploads\/2025\/07\/IMG_3633-%E2%80%93-Kopi.jpg?resize=350%2C200&ssl=1 1x, https:\/\/i0.wp.com\/bno-travel.com\/wp-content\/uploads\/2025\/07\/IMG_3633-%E2%80%93-Kopi.jpg?resize=525%2C300&ssl=1 1.5x, https:\/\/i0.wp.com\/bno-travel.com\/wp-content\/uploads\/2025\/07\/IMG_3633-%E2%80%93-Kopi.jpg?resize=700%2C400&ssl=1 2x, https:\/\/i0.wp.com\/bno-travel.com\/wp-content\/uploads\/2025\/07\/IMG_3633-%E2%80%93-Kopi.jpg?resize=1050%2C600&ssl=1 3x, https:\/\/i0.wp.com\/bno-travel.com\/wp-content\/uploads\/2025\/07\/IMG_3633-%E2%80%93-Kopi.jpg?resize=1400%2C800&ssl=1 4x"},"classes":[]},{"id":4413,"url":"https:\/\/bno-travel.com\/en\/alpine-skiing-in-trysil\/","url_meta":{"origin":11494,"position":4},"title":"Alpine skiing in Trysil","author":"Jan Terje \u00c5s","date":"11. July 2025","format":false,"excerpt":"Alpine skiing in Trysil - Experience Norway's largest and most popular ski resort Welcome to Trysil - Norway's largest ski resort and a true winter paradise for the whole family! With miles of groomed slopes, a modern lift system, child-friendly areas and fantastic mountain scenery, Trysilfjellet is the ultimate destination\u2026","rel":"","context":"Similar post","block_context":{"text":"Similar post","link":""},"img":{"alt_text":"Alpint i Trysil","src":"https:\/\/i0.wp.com\/bno-travel.com\/wp-content\/uploads\/2025\/06\/AdobeStock_182554441-e1750784403298.jpeg?resize=350%2C200&ssl=1","width":350,"height":200,"srcset":"https:\/\/i0.wp.com\/bno-travel.com\/wp-content\/uploads\/2025\/06\/AdobeStock_182554441-e1750784403298.jpeg?resize=350%2C200&ssl=1 1x, https:\/\/i0.wp.com\/bno-travel.com\/wp-content\/uploads\/2025\/06\/AdobeStock_182554441-e1750784403298.jpeg?resize=525%2C300&ssl=1 1.5x, https:\/\/i0.wp.com\/bno-travel.com\/wp-content\/uploads\/2025\/06\/AdobeStock_182554441-e1750784403298.jpeg?resize=700%2C400&ssl=1 2x"},"classes":[]},{"id":11776,"url":"https:\/\/bno-travel.com\/en\/litunet-721b-7-beds\/","url_meta":{"origin":11494,"position":5},"title":"Litunet 721B -7 beds","author":"Jan Terje \u00c5s","date":"23. October 2025","format":false,"excerpt":"Trysil Turistsenter - Unit Litunet 721B - family-friendly apartment in Trysil with ski-in\/ski-out Litunet 721B is a spacious and family-friendly apartment in Trysil Turistsenter, with ski-in\/ski-out, proximity to slope 13, ski school, ski rental and activities in the area. 3 bedrooms Up to 7+2 people Ski-in \/ ski-out Trysil Tourist\u2026","rel":"","context":"Similar post","block_context":{"text":"Similar post","link":""},"img":{"alt_text":"","src":"","width":0,"height":0},"classes":[]}],"_links":{"self":[{"href":"https:\/\/bno-travel.com\/en\/wp-json\/wp\/v2\/pages\/11494","targetHints":{"allow":["GET"]}}],"collection":[{"href":"https:\/\/bno-travel.com\/en\/wp-json\/wp\/v2\/pages"}],"about":[{"href":"https:\/\/bno-travel.com\/en\/wp-json\/wp\/v2\/types\/page"}],"author":[{"embeddable":true,"href":"https:\/\/bno-travel.com\/en\/wp-json\/wp\/v2\/users\/260013438"}],"replies":[{"embeddable":true,"href":"https:\/\/bno-travel.com\/en\/wp-json\/wp\/v2\/comments?post=11494"}],"version-history":[{"count":1,"href":"https:\/\/bno-travel.com\/en\/wp-json\/wp\/v2\/pages\/11494\/revisions"}],"predecessor-version":[{"id":11495,"href":"https:\/\/bno-travel.com\/en\/wp-json\/wp\/v2\/pages\/11494\/revisions\/11495"}],"wp:attachment":[{"href":"https:\/\/bno-travel.com\/en\/wp-json\/wp\/v2\/media?parent=11494"}],"curies":[{"name":"wp","href":"https:\/\/api.w.org\/{rel}","templated":true}]}}