{"id":1881,"date":"2025-07-11T13:55:36","date_gmt":"2025-07-11T11:55:36","guid":{"rendered":"https:\/\/bno-travel.com\/?page_id=1881"},"modified":"2025-07-11T13:56:14","modified_gmt":"2025-07-11T11:56:14","slug":"travel-here-to-trysil","status":"publish","type":"page","link":"https:\/\/bno-travel.com\/en\/travel-here-to-trysil\/","title":{"rendered":"Travel here to Trysil"},"content":{"rendered":"\n<div class=\"wp-block-group alignfull is-content-justification-center is-layout-constrained wp-block-group-is-layout-constrained\" style=\"margin-top:0;margin-bottom:0;padding-top:var(--wp--preset--spacing--40);padding-bottom:var(--wp--preset--spacing--40)\">\n<figure class=\"wp-block-image alignwide size-full aspect-16\/9\"><img data-recalc-dims=\"1\" fetchpriority=\"high\" decoding=\"async\" width=\"800\" height=\"533\" src=\"https:\/\/i0.wp.com\/bno-travel.com\/wp-content\/uploads\/2025\/06\/10001-20191216-Drone0784-scaled-1.jpg?resize=800%2C533&#038;ssl=1\" alt=\"\" class=\"wp-image-13\" srcset=\"https:\/\/i0.wp.com\/bno-travel.com\/wp-content\/uploads\/2025\/06\/10001-20191216-Drone0784-scaled-1.jpg?w=2560&amp;ssl=1 2560w, https:\/\/i0.wp.com\/bno-travel.com\/wp-content\/uploads\/2025\/06\/10001-20191216-Drone0784-scaled-1.jpg?resize=300%2C200&amp;ssl=1 300w, https:\/\/i0.wp.com\/bno-travel.com\/wp-content\/uploads\/2025\/06\/10001-20191216-Drone0784-scaled-1.jpg?resize=1024%2C682&amp;ssl=1 1024w, https:\/\/i0.wp.com\/bno-travel.com\/wp-content\/uploads\/2025\/06\/10001-20191216-Drone0784-scaled-1.jpg?resize=768%2C512&amp;ssl=1 768w, https:\/\/i0.wp.com\/bno-travel.com\/wp-content\/uploads\/2025\/06\/10001-20191216-Drone0784-scaled-1.jpg?resize=1536%2C1024&amp;ssl=1 1536w, https:\/\/i0.wp.com\/bno-travel.com\/wp-content\/uploads\/2025\/06\/10001-20191216-Drone0784-scaled-1.jpg?resize=2048%2C1365&amp;ssl=1 2048w, https:\/\/i0.wp.com\/bno-travel.com\/wp-content\/uploads\/2025\/06\/10001-20191216-Drone0784-scaled-1.jpg?w=1600&amp;ssl=1 1600w, https:\/\/i0.wp.com\/bno-travel.com\/wp-content\/uploads\/2025\/06\/10001-20191216-Drone0784-scaled-1.jpg?w=2400&amp;ssl=1 2400w\" sizes=\"(max-width: 800px) 100vw, 800px\" \/><\/figure>\n<\/div>\n\n<div class=\"wp-block-group alignfull is-style-section-3 is-content-justification-center is-layout-constrained wp-container-core-group-is-layout-b54e18b3 wp-block-group-is-layout-constrained\" style=\"margin-top:0;margin-bottom:0;padding-top:var(--wp--preset--spacing--50);padding-bottom:var(--wp--preset--spacing--50)\">\n<h2 class=\"wp-block-heading alignwide has-text-align-left\">How to get to Trysil &#8211; by plane, rental car, bus, train or your own car<\/h2>\n\n\n\n<p class=\"wp-block-paragraph\"><\/p>\n\n\n\n<div class=\"wp-block-group alignwide is-layout-flow wp-container-core-group-is-layout-a7dce961 wp-block-group-is-layout-flow\">\n<div class=\"wp-block-columns alignwide is-layout-flex wp-container-core-columns-is-layout-cb1de518 wp-block-columns-is-layout-flex\">\n<div class=\"wp-block-column is-layout-flow wp-block-column-is-layout-flow\" style=\"padding-top:24px;padding-bottom:24px\">\n<h3 class=\"wp-block-heading alignwide has-text-align-left is-service-name\">\u2708\ufe0f By plane to Oslo Airport Gardermoen (OSL)<\/h3>\n<\/div>\n\n\n\n<div class=\"wp-block-column is-layout-flow wp-block-column-is-layout-flow\">\n<div class=\"wp-block-group alignwide is-layout-flow wp-block-group-is-layout-flow\" style=\"border-bottom-width:1px;padding-top:40px;padding-bottom:40px\">\n<p class=\"is-service-description wp-block-paragraph\"><\/p>\n\n\n\n<p class=\"wp-block-paragraph\">Oslo Airport is the most common point of entry for Trysil travelers. There are direct flights from a number of major European cities. <\/p>\n\n\n\n<p class=\"wp-block-paragraph\"><strong>Continue to Trysil from Gardermoen:<\/strong><\/p>\n\n\n\n<p class=\"is-service-description wp-block-paragraph\"><strong>Bus<\/strong>: Trysilekspressen runs several daily departures during the winter season. Travel time approx. 3.5 hours.  <\/p>\n\n\n\n<p class=\"wp-block-paragraph\"><strong>Car rental<\/strong>: BNO Travel offers car rental with pick-up at the airport &#8211; driving time to Trysil approx. 2 hours. <\/p>\n<\/div>\n<\/div>\n<\/div>\n\n\n\n<div class=\"wp-block-columns alignwide is-layout-flex wp-container-core-columns-is-layout-cb1de518 wp-block-columns-is-layout-flex\">\n<div class=\"wp-block-column is-layout-flow wp-block-column-is-layout-flow\" style=\"padding-top:24px;padding-bottom:24px\">\n<h3 class=\"wp-block-heading alignwide has-text-align-left is-service-name\">\u2708\ufe0f By plane to Scandinavian Mountains Airport (SCR)<\/h3>\n<\/div>\n\n\n\n<div class=\"wp-block-column is-layout-flow wp-block-column-is-layout-flow\">\n<div class=\"wp-block-group alignwide is-layout-flow wp-block-group-is-layout-flow\" style=\"border-bottom-width:1px;padding-top:40px;padding-bottom:40px\">\n<p class=\"is-service-description wp-block-paragraph\">Scandinavian Mountains Airport is located just 45 minutes from Trysil and has seasonal departures from several European cities.<\/p>\n\n\n\n<p class=\"wp-block-paragraph\"><strong>Continue to Trysil from SCR:<\/strong><\/p>\n\n\n\n<p class=\"is-service-description wp-block-paragraph\"><strong>Bus<\/strong>: Shuttle bus to Trysil is offered for arrivals during the winter season.<\/p>\n\n\n\n<p class=\"wp-block-paragraph\"><strong>Car rental<\/strong>: Book your car rental through BNO Travel.<\/p>\n<\/div>\n<\/div>\n<\/div>\n\n\n\n<div class=\"wp-block-columns alignwide is-layout-flex wp-container-core-columns-is-layout-cb1de518 wp-block-columns-is-layout-flex\">\n<div class=\"wp-block-column is-layout-flow wp-block-column-is-layout-flow\" style=\"padding-top:24px;padding-bottom:24px\">\n<h3 class=\"wp-block-heading alignwide has-text-align-left is-service-name\">\ud83d\ude86\ud83d\ude8d Travel from city to city &#8211; by train, bus or car<\/h3>\n<\/div>\n\n\n\n<div class=\"wp-block-column is-layout-flow wp-block-column-is-layout-flow\">\n<div class=\"wp-block-group alignwide is-layout-flow wp-block-group-is-layout-flow\" style=\"border-bottom-width:1px;padding-top:40px;padding-bottom:40px\">\n<p class=\"wp-block-paragraph\"><\/p>\n\n\n\n<h3 class=\"wp-block-heading\"><strong>From Stockholm<\/strong><\/h3>\n\n\n\n<p class=\"is-service-description wp-block-paragraph\"><strong>By car<\/strong>: Approx. 5.5-6 hours via E18 and national road 62. <\/p>\n\n\n\n<p class=\"wp-block-paragraph\"><strong>Train and bus<\/strong>: Take the train to <strong>Karlstad<\/strong> or <strong>Hamar<\/strong>, then bus to Trysil. Trains to Hamar go via Oslo. Total travel time: 6-7 hours.  <\/p>\n\n\n\n<p class=\"wp-block-paragraph\"><strong>Bus<\/strong>: Flixbus to Oslo, then Trysilekspressen.<\/p>\n\n\n\n<h3 class=\"wp-block-heading\"><strong>From Gothenburg<\/strong><\/h3>\n\n\n\n<ul class=\"wp-block-list\">\n<li><strong>Train<\/strong>: Train to Oslo (approx. 4 hours), then train to Hamar and bus to Trysil.<\/li>\n\n\n\n<li><strong>Bus<\/strong>: Flixbus or Vy to Oslo, then Trysilekspressen.<\/li>\n\n\n\n<li><strong>By car<\/strong>: Approx. 6-6.5 hours via E6 and E18 towards Elverum. <\/li>\n<\/ul>\n\n\n\n<h3 class=\"wp-block-heading\"><strong>From Helsinki<\/strong><\/h3>\n\n\n\n<ul class=\"wp-block-list\">\n<li><strong>Train and ferry<\/strong>: Take a ferry to Stockholm or Turku, train to Oslo via Karlstad and bus to Trysil.<\/li>\n\n\n\n<li><strong>Bus<\/strong>: Combination of ferry + long-distance bus to Oslo, then Trysilekspressen.<\/li>\n\n\n\n<li><strong>By car<\/strong>: Approx. 12-13 hours via Stockholm and onwards as above. <\/li>\n<\/ul>\n\n\n\n<h3 class=\"wp-block-heading\"><strong>From K\u00f8enhavn<\/strong><\/h3>\n\n\n\n<p class=\"wp-block-paragraph\"><strong>Trains<\/strong>: Train to Gothenburg, on to Oslo, then train to Hamar and bus to Trysil.<\/p>\n\n\n\n<p class=\"wp-block-paragraph\"><strong>Bus<\/strong>: Long-distance bus to Oslo, further with Trysilekspressen.<\/p>\n\n\n\n<p class=\"wp-block-paragraph\"><strong>By car<\/strong>: Approx. 9-10 hours via the \u00d8resund Bridge and Gothenburg-Oslo. <\/p>\n\n\n\n<h3 class=\"wp-block-heading\"><strong>From Fredrikshavn<\/strong> (ferry from Denmark)<\/h3>\n\n\n\n<ul class=\"wp-block-list\">\n<li><strong>Train<\/strong>: Train from Frederikshavn to Oslo via Gothenburg, then on to Trysil by bus or train\/bus combination.<\/li>\n\n\n\n<li><strong>Bus<\/strong>: Long-distance bus via Oslo.<\/li>\n\n\n\n<li><strong>Car<\/strong>: Approx. 7-7.5 hours. <\/li>\n<\/ul>\n\n\n\n<h3 class=\"wp-block-heading\"><strong>From Kiel <\/strong>(ferry from Germany)<\/h3>\n\n\n\n<p class=\"wp-block-paragraph\"><strong>Train<\/strong>: Train to Copenhagen or Gothenburg, on to Oslo, then Hamar and bus to Trysil.<\/p>\n\n\n\n<p class=\"wp-block-paragraph\"><strong>Bus<\/strong>: Long-distance lines via Denmark and Sweden to Oslo, then Trysilekspressen.<\/p>\n\n\n\n<p class=\"wp-block-paragraph\"><strong>By car<\/strong>: Approx. 12-13 hours via Denmark and into Norway via Svinesund. <\/p>\n<\/div>\n<\/div>\n<\/div>\n<\/div>\n<\/div>\n\n<div class=\"wp-block-group alignwide is-layout-flow wp-block-group-is-layout-flow\" style=\"border-bottom-width:1px;padding-top:40px;padding-bottom:40px\">\n<p class=\"is-service-description wp-block-paragraph\"><mark style=\"background-color:rgba(0, 0, 0, 0);color:#000000\" class=\"has-inline-color\">\ud83d\ude99 BNO Travel &#8211; your travel partner to Trysil<\/mark><\/p>\n\n\n\n<p class=\"wp-block-paragraph\">No matter how you choose to travel, we make your journey easier:<\/p>\n\n\n\n<ul class=\"wp-block-list\">\n<li><strong>Car rental in multiple destinations<\/strong><\/li>\n\n\n\n<li><strong>Bus and transport bookings<\/strong><\/li>\n\n\n\n<li><strong>Advice and travel planning<\/strong><\/li>\n<\/ul>\n\n\n\n<p class=\"wp-block-paragraph\">Contact us for help with your Trysil trip!<\/p>\n<\/div>\n\n<p class=\"wp-block-paragraph\"><\/p>\n","protected":false},"excerpt":{"rendered":"<p>How to get to Trysil &#8211; by plane, rental car, bus, train or your own car \u2708\ufe0f By plane to Oslo Airport Gardermoen (OSL) Oslo Airport is the most common point of entry for Trysil travelers. There are direct flights from a number of major European cities. Continue to Trysil from Gardermoen: Bus: Trysilekspressen runs [&hellip;]<\/p>\n","protected":false},"author":260013438,"featured_media":0,"parent":0,"menu_order":0,"comment_status":"closed","ping_status":"closed","template":"","meta":{"_crdt_document":"","footnotes":""},"class_list":["post-1881","page","type-page","status-publish","hentry"],"jetpack_likes_enabled":true,"jetpack_sharing_enabled":true,"jetpack_shortlink":"https:\/\/wp.me\/PgDuwj-ul","jetpack-related-posts":[{"id":4354,"url":"https:\/\/bno-travel.com\/en\/cross-country-skiing-in-trysil\/","url_meta":{"origin":1881,"position":0},"title":"Cross-country skiing in Trysil","author":"Jan Terje \u00c5s","date":"18. July 2025","format":false,"excerpt":"Cross-country skiing in Trysil - Experience Norway's most beautiful and varied cross-country trails Welcome to Trysil - a winter paradise for cross-country enthusiasts! With over 100 kilometers of groomed trails, varied routes through forests and mountains, family-friendly areas and magnificent scenery, Trysilfjellet and the surrounding area is one of Norway's\u2026","rel":"","context":"Similar post","block_context":{"text":"Similar post","link":""},"img":{"alt_text":"Langrenn i Trysil","src":"https:\/\/i0.wp.com\/bno-travel.com\/wp-content\/uploads\/2025\/07\/IMG_5369-rotated.jpg?resize=350%2C200&ssl=1","width":350,"height":200,"srcset":"https:\/\/i0.wp.com\/bno-travel.com\/wp-content\/uploads\/2025\/07\/IMG_5369-rotated.jpg?resize=350%2C200&ssl=1 1x, https:\/\/i0.wp.com\/bno-travel.com\/wp-content\/uploads\/2025\/07\/IMG_5369-rotated.jpg?resize=525%2C300&ssl=1 1.5x, https:\/\/i0.wp.com\/bno-travel.com\/wp-content\/uploads\/2025\/07\/IMG_5369-rotated.jpg?resize=700%2C400&ssl=1 2x, https:\/\/i0.wp.com\/bno-travel.com\/wp-content\/uploads\/2025\/07\/IMG_5369-rotated.jpg?resize=1050%2C600&ssl=1 3x, https:\/\/i0.wp.com\/bno-travel.com\/wp-content\/uploads\/2025\/07\/IMG_5369-rotated.jpg?resize=1400%2C800&ssl=1 4x"},"classes":[]},{"id":17321,"url":"https:\/\/bno-travel.com\/en\/trysilbua\/","url_meta":{"origin":1881,"position":1},"title":"Trysilbua","author":"Jan Terje \u00c5s","date":"9. February 2026","format":false,"excerpt":"Trysilbua, Trysil H\u00f8yfjellssenter From 990 kr per day \u2605\u2605\u2605\u2605 Check available dates Welcome to Trysilbua, a spacious family cabin in Fager\u00e5sen. Trysilbua is a spacious 113 m\u00b2 family cabin with 8 beds, 4 bedrooms, 2 living rooms and 1 bathroom with sauna, as well as an extra toilet. Centrally located\u2026","rel":"","context":"Similar post","block_context":{"text":"Similar post","link":""},"img":{"alt_text":"Trysilbua - Trysil H\u00f8yfjellssenter ","src":"https:\/\/i0.wp.com\/bno-travel.com\/wp-content\/uploads\/2026\/02\/IMG_7088.jpeg?resize=350%2C200&ssl=1","width":350,"height":200,"srcset":"https:\/\/i0.wp.com\/bno-travel.com\/wp-content\/uploads\/2026\/02\/IMG_7088.jpeg?resize=350%2C200&ssl=1 1x, https:\/\/i0.wp.com\/bno-travel.com\/wp-content\/uploads\/2026\/02\/IMG_7088.jpeg?resize=525%2C300&ssl=1 1.5x, https:\/\/i0.wp.com\/bno-travel.com\/wp-content\/uploads\/2026\/02\/IMG_7088.jpeg?resize=700%2C400&ssl=1 2x, https:\/\/i0.wp.com\/bno-travel.com\/wp-content\/uploads\/2026\/02\/IMG_7088.jpeg?resize=1050%2C600&ssl=1 3x, https:\/\/i0.wp.com\/bno-travel.com\/wp-content\/uploads\/2026\/02\/IMG_7088.jpeg?resize=1400%2C800&ssl=1 4x"},"classes":[]},{"id":5814,"url":"https:\/\/bno-travel.com\/en\/fagerhoy-1181\/","url_meta":{"origin":1881,"position":2},"title":"Fagerh\u00f8y 1181","author":"Jan Terje \u00c5s","date":"21. July 2025","format":false,"excerpt":"Fagerh\u00f8y, Trysil H\u00f8yfjellssenter From 990 kr per day \u2605\u2605\u2605\u2605 Check available dates Welcome to Fagerh\u00f8y, a spacious family cabin Fagerh\u00f8y 1181 is a spacious 113 m\u00b2 family cabin with 10 beds, 3 bedrooms, 2 living rooms and 2 bathrooms - one with sauna. Centrally located but sheltered at Trysil H\u00f8yfjellssenter.\u2026","rel":"","context":"Similar post","block_context":{"text":"Similar post","link":""},"img":{"alt_text":"Fagerh\u00f8y - 10 sengs hytte","src":"https:\/\/i0.wp.com\/bno-travel.com\/wp-content\/uploads\/2025\/07\/Fagerhoy2-09-1.jpg?resize=350%2C200&ssl=1","width":350,"height":200,"srcset":"https:\/\/i0.wp.com\/bno-travel.com\/wp-content\/uploads\/2025\/07\/Fagerhoy2-09-1.jpg?resize=350%2C200&ssl=1 1x, https:\/\/i0.wp.com\/bno-travel.com\/wp-content\/uploads\/2025\/07\/Fagerhoy2-09-1.jpg?resize=525%2C300&ssl=1 1.5x, https:\/\/i0.wp.com\/bno-travel.com\/wp-content\/uploads\/2025\/07\/Fagerhoy2-09-1.jpg?resize=700%2C400&ssl=1 2x, https:\/\/i0.wp.com\/bno-travel.com\/wp-content\/uploads\/2025\/07\/Fagerhoy2-09-1.jpg?resize=1050%2C600&ssl=1 3x, https:\/\/i0.wp.com\/bno-travel.com\/wp-content\/uploads\/2025\/07\/Fagerhoy2-09-1.jpg?resize=1400%2C800&ssl=1 4x"},"classes":[]},{"id":4413,"url":"https:\/\/bno-travel.com\/en\/alpine-skiing-in-trysil\/","url_meta":{"origin":1881,"position":3},"title":"Alpine skiing in Trysil","author":"Jan Terje \u00c5s","date":"18. July 2025","format":false,"excerpt":"Alpine skiing in Trysil Norway\u2019s leading alpine destination for families, smooth ski days and memorable days in the mountains Trysil is the place for anyone looking for a ski holiday where everything works seamlessly together: expansive, beautifully groomed slopes, modern lifts, family-friendly areas, varied terrain and easy access to accommodation,\u2026","rel":"","context":"Similar post","block_context":{"text":"Similar post","link":""},"img":{"alt_text":"","src":"","width":0,"height":0},"classes":[]},{"id":2774,"url":"https:\/\/bno-travel.com\/en\/trysil-hoyfjellssenter\/","url_meta":{"origin":1881,"position":4},"title":"Trysil H\u00f8yfjellssenter","author":"Jan Terje \u00c5s","date":"18. July 2025","format":false,"excerpt":"Trysil H\u00f8yfjellssenter - Fager\u00e5sen Welcome to mountain tranquillity and top-class skiing experiences! With BNO TRAVEL you get access to comfortable cabins and apartments at Trysil H\u00f8yfjellssenter \/ Fager\u00e5sen, known for its snow-sure location, family-friendly atmosphere and panoramic views of Trysilfjellet. Our offers at Fager\u00e5sen \/ Trysil H\u00f8yfjellssenter: Ski-in\/ski-out: Direct access\u2026","rel":"","context":"Similar post","block_context":{"text":"Similar post","link":""},"img":{"alt_text":"Fager\u00e5sen og Trysil H\u00f8yfjellssenter ","src":"https:\/\/i0.wp.com\/bno-travel.com\/wp-content\/uploads\/2025\/07\/10001-Fagerasen1122_006.jpg?resize=350%2C200&ssl=1","width":350,"height":200,"srcset":"https:\/\/i0.wp.com\/bno-travel.com\/wp-content\/uploads\/2025\/07\/10001-Fagerasen1122_006.jpg?resize=350%2C200&ssl=1 1x, https:\/\/i0.wp.com\/bno-travel.com\/wp-content\/uploads\/2025\/07\/10001-Fagerasen1122_006.jpg?resize=525%2C300&ssl=1 1.5x, https:\/\/i0.wp.com\/bno-travel.com\/wp-content\/uploads\/2025\/07\/10001-Fagerasen1122_006.jpg?resize=700%2C400&ssl=1 2x, https:\/\/i0.wp.com\/bno-travel.com\/wp-content\/uploads\/2025\/07\/10001-Fagerasen1122_006.jpg?resize=1050%2C600&ssl=1 3x, https:\/\/i0.wp.com\/bno-travel.com\/wp-content\/uploads\/2025\/07\/10001-Fagerasen1122_006.jpg?resize=1400%2C800&ssl=1 4x"},"classes":[]},{"id":14425,"url":"https:\/\/bno-travel.com\/en\/vestsidevegen-14\/","url_meta":{"origin":1881,"position":5},"title":"Vestsidevegen 14","author":"Jan Terje \u00c5s","date":"18. December 2025","format":false,"excerpt":"Vestsidevegen 14, Trysil town center From 990 kr per day \u2605\u2605\u2605\u2605\u2605 Check available dates This is a practical and pleasant house in the heart of Trysil Sentrum - perfect for families and groups of friends who want to stay comfortably with a short distance to both activities and all services.\u2026","rel":"","context":"Similar post","block_context":{"text":"Similar post","link":""},"img":{"alt_text":"","src":"https:\/\/i0.wp.com\/bno-travel.com\/wp-content\/uploads\/2026\/01\/Vestsidevegen-1-1.jpg?resize=350%2C200&ssl=1","width":350,"height":200,"srcset":"https:\/\/i0.wp.com\/bno-travel.com\/wp-content\/uploads\/2026\/01\/Vestsidevegen-1-1.jpg?resize=350%2C200&ssl=1 1x, https:\/\/i0.wp.com\/bno-travel.com\/wp-content\/uploads\/2026\/01\/Vestsidevegen-1-1.jpg?resize=525%2C300&ssl=1 1.5x, https:\/\/i0.wp.com\/bno-travel.com\/wp-content\/uploads\/2026\/01\/Vestsidevegen-1-1.jpg?resize=700%2C400&ssl=1 2x, https:\/\/i0.wp.com\/bno-travel.com\/wp-content\/uploads\/2026\/01\/Vestsidevegen-1-1.jpg?resize=1050%2C600&ssl=1 3x, https:\/\/i0.wp.com\/bno-travel.com\/wp-content\/uploads\/2026\/01\/Vestsidevegen-1-1.jpg?resize=1400%2C800&ssl=1 4x"},"classes":[]}],"_links":{"self":[{"href":"https:\/\/bno-travel.com\/en\/wp-json\/wp\/v2\/pages\/1881","targetHints":{"allow":["GET"]}}],"collection":[{"href":"https:\/\/bno-travel.com\/en\/wp-json\/wp\/v2\/pages"}],"about":[{"href":"https:\/\/bno-travel.com\/en\/wp-json\/wp\/v2\/types\/page"}],"author":[{"embeddable":true,"href":"https:\/\/bno-travel.com\/en\/wp-json\/wp\/v2\/users\/260013438"}],"replies":[{"embeddable":true,"href":"https:\/\/bno-travel.com\/en\/wp-json\/wp\/v2\/comments?post=1881"}],"version-history":[{"count":1,"href":"https:\/\/bno-travel.com\/en\/wp-json\/wp\/v2\/pages\/1881\/revisions"}],"predecessor-version":[{"id":1883,"href":"https:\/\/bno-travel.com\/en\/wp-json\/wp\/v2\/pages\/1881\/revisions\/1883"}],"wp:attachment":[{"href":"https:\/\/bno-travel.com\/en\/wp-json\/wp\/v2\/media?parent=1881"}],"curies":[{"name":"wp","href":"https:\/\/api.w.org\/{rel}","templated":true}]}}