{"id":2680,"date":"2025-07-11T13:50:20","date_gmt":"2025-07-11T11:50:20","guid":{"rendered":"https:\/\/bno-travel.com\/?page_id=2680"},"modified":"2025-07-11T13:51:00","modified_gmt":"2025-07-11T11:51:00","slug":"contacta-con-nosotros","status":"publish","type":"page","link":"https:\/\/bno-travel.com\/es\/contacta-con-nosotros\/","title":{"rendered":"Contacta con nosotros"},"content":{"rendered":"\n<div class=\"wp-block-group alignfull is-layout-constrained wp-container-core-group-is-layout-082b0574 wp-block-group-is-layout-constrained\" style=\"padding-top:var(--wp--preset--spacing--50);padding-bottom:var(--wp--preset--spacing--40)\">\n<div class=\"wp-block-columns alignwide is-layout-flex wp-container-core-columns-is-layout-632e7d69 wp-block-columns-is-layout-flex\">\n<div class=\"wp-block-column is-layout-flow wp-container-core-column-is-layout-5185c3d0 wp-block-column-is-layout-flow\" style=\"flex-basis:50%\">\n<h2 class=\"wp-block-heading\"><\/h2>\n\n\n\n<figure class=\"wp-block-image size-full is-resized\"><img data-recalc-dims=\"1\" fetchpriority=\"high\" decoding=\"async\" width=\"732\" height=\"924\" src=\"https:\/\/i0.wp.com\/bno-travel.com\/wp-content\/uploads\/2025\/06\/AdobeStock_182554441-e1750784403298.jpeg?resize=732%2C924&#038;ssl=1\" alt=\"\" class=\"wp-image-887\" style=\"aspect-ratio:1;object-fit:cover;width:501px;height:auto\" srcset=\"https:\/\/i0.wp.com\/bno-travel.com\/wp-content\/uploads\/2025\/06\/AdobeStock_182554441-e1750784403298.jpeg?w=732&amp;ssl=1 732w, https:\/\/i0.wp.com\/bno-travel.com\/wp-content\/uploads\/2025\/06\/AdobeStock_182554441-e1750784403298.jpeg?resize=238%2C300&amp;ssl=1 238w\" sizes=\"(max-width: 732px) 100vw, 732px\" \/><\/figure>\n<\/div>\n\n\n\n<div class=\"wp-block-column is-layout-flow wp-container-core-column-is-layout-23912308 wp-block-column-is-layout-flow\" style=\"flex-basis:50%\">\n<p class=\"wp-block-paragraph\">\u00bfTienes preguntas sobre viajes, reservas o nuestros servicios? Estaremos encantados de ayudarte. <\/p>\n\n\n\n<p class=\"wp-block-paragraph\"><br\/>Rellena el formulario de contacto, env\u00edanos un correo electr\u00f3nico o ll\u00e1manos por tel\u00e9fono y nos pondremos en contacto contigo lo antes posible.<\/p>\n\n\n<\/div>\n<\/div>\n\n\n\n<div class=\"wp-block-group alignfull has-background-color has-foreground-background-color has-text-color has-background has-link-color wp-elements-ee63bdc6f09fbc4164aa1c6ec3364878 is-layout-flow wp-block-group-is-layout-flow\" style=\"padding-top:0;padding-right:var(--wp--preset--spacing--40);padding-bottom:0;padding-left:var(--wp--preset--spacing--40)\">\n<div class=\"wp-block-jetpack-map is-style-default\" data-map-id=\"jp-map-1\" data-map-provider=\"mapkit\" data-api-key=\"pk.eyJ1IjoiYXV0b21hdHRpYyIsImEiOiJjazVpZjA5aWswYTFvM21sOWtzNW1rNG9lIn0.Gu-sp4wRxnnQB-Qa8CpuZQ\" data-map-style=\"default\" data-blog-id=\"245833491\"><ul><li><a href=\"https:\/\/www.google.com\/maps\/search\/?api=1&amp;query=61.300231,12.2643206\" target=\"_blank\" rel=\"noopener\">Vestmovegen 7, 2420 Trysil, Noruega<\/a><\/li><\/ul><\/div>\n<\/div>\n<\/div>\n","protected":false},"excerpt":{"rendered":"<p>\u00bfTienes preguntas sobre viajes, reservas o nuestros servicios? Estaremos encantados de ayudarte. Rellena el formulario de contacto, env\u00edanos un correo electr\u00f3nico o ll\u00e1manos por tel\u00e9fono y nos pondremos en contacto contigo lo antes posible.<\/p>\n","protected":false},"author":260013438,"featured_media":0,"parent":0,"menu_order":0,"comment_status":"closed","ping_status":"closed","template":"","meta":{"_crdt_document":"","footnotes":""},"class_list":["post-2680","page","type-page","status-publish","hentry"],"jetpack_likes_enabled":true,"jetpack_sharing_enabled":true,"jetpack_shortlink":"https:\/\/wp.me\/PgDuwj-He","jetpack-related-posts":[{"id":2713,"url":"https:\/\/bno-travel.com\/pt-pt\/contacta-nos\/","url_meta":{"origin":2680,"position":0},"title":"Contacta-nos","author":"Jan Terje \u00c5s","date":"11 de julio de 2025","format":false,"excerpt":"Tens perguntas sobre viagens, reservas ou os nossos servi\u00e7os? Teremos todo o gosto em ajudar-te! Preenche o formul\u00e1rio de contacto, envia-nos um e-mail ou telefona-nos e entraremos em contacto contigo o mais rapidamente poss\u00edvel. Vestmovegen 7, 2420 Trysil, Noruega","rel":"","context":"Entrada similar","block_context":{"text":"Entrada similar","link":""},"img":{"alt_text":"Alpint i Trysil","src":"https:\/\/i0.wp.com\/bno-travel.com\/wp-content\/uploads\/2025\/06\/AdobeStock_182554441-e1750784403298.jpeg?resize=350%2C200&ssl=1","width":350,"height":200,"srcset":"https:\/\/i0.wp.com\/bno-travel.com\/wp-content\/uploads\/2025\/06\/AdobeStock_182554441-e1750784403298.jpeg?resize=350%2C200&ssl=1 1x, https:\/\/i0.wp.com\/bno-travel.com\/wp-content\/uploads\/2025\/06\/AdobeStock_182554441-e1750784403298.jpeg?resize=525%2C300&ssl=1 1.5x, https:\/\/i0.wp.com\/bno-travel.com\/wp-content\/uploads\/2025\/06\/AdobeStock_182554441-e1750784403298.jpeg?resize=700%2C400&ssl=1 2x"},"classes":[]},{"id":34773,"url":"https:\/\/bno-travel.com\/es\/terminos-publicos\/","url_meta":{"origin":2680,"position":1},"title":"T\u00e9rminos p\u00fablicos","author":"Jan Terje \u00c5s","date":"13 de abril de 2026","format":false,"excerpt":"Condiciones de asociaci\u00f3n Condiciones p\u00fablicas y principios de cooperaci\u00f3n para los socios de alojamiento profesional Esta p\u00e1gina describe los principios generales de la cooperaci\u00f3n entre BNO Travel y los operadores de alojamiento profesionales. El modelo comercial, las condiciones individuales y las configuraciones espec\u00edficas de cada socio se acuerdan por separado\u2026","rel":"","context":"Entrada similar","block_context":{"text":"Entrada similar","link":""},"img":{"alt_text":"","src":"","width":0,"height":0},"classes":[]},{"id":2747,"url":"https:\/\/bno-travel.com\/es\/como-llegar-a-salenfjellet\/","url_meta":{"origin":2680,"position":2},"title":"C\u00f3mo llegar a S\u00e4lenfjellet","author":"Jan Terje \u00c5s","date":"11 de julio de 2025","format":false,"excerpt":". C\u00f3mo llegar a S\u00e4lenfjellet - en avi\u00f3n, alquiler de coche, autob\u00fas, tren o coche privado \u2708\ufe0f En avi\u00f3n al aeropuerto de Oslo Gardermoen (OSL) El aeropuerto de Oslo es uno de los puntos de entrada m\u00e1s habituales para los viajeros a S\u00e4len. Hay vuelos directos desde varias de las\u2026","rel":"","context":"Entrada similar","block_context":{"text":"Entrada similar","link":""},"img":{"alt_text":"overnatting i salen","src":"https:\/\/i0.wp.com\/bno-travel.com\/wp-content\/uploads\/2025\/06\/AdobeStock_121113275-e1751307052527.jpeg?resize=350%2C200&ssl=1","width":350,"height":200,"srcset":"https:\/\/i0.wp.com\/bno-travel.com\/wp-content\/uploads\/2025\/06\/AdobeStock_121113275-e1751307052527.jpeg?resize=350%2C200&ssl=1 1x, https:\/\/i0.wp.com\/bno-travel.com\/wp-content\/uploads\/2025\/06\/AdobeStock_121113275-e1751307052527.jpeg?resize=525%2C300&ssl=1 1.5x, https:\/\/i0.wp.com\/bno-travel.com\/wp-content\/uploads\/2025\/06\/AdobeStock_121113275-e1751307052527.jpeg?resize=700%2C400&ssl=1 2x, https:\/\/i0.wp.com\/bno-travel.com\/wp-content\/uploads\/2025\/06\/AdobeStock_121113275-e1751307052527.jpeg?resize=1050%2C600&ssl=1 3x, https:\/\/i0.wp.com\/bno-travel.com\/wp-content\/uploads\/2025\/06\/AdobeStock_121113275-e1751307052527.jpeg?resize=1400%2C800&ssl=1 4x"},"classes":[]},{"id":11511,"url":"https:\/\/bno-travel.com\/es\/quieres-saber-mas-sobre-el-alquiler\/","url_meta":{"origin":2680,"position":3},"title":"\u00bfQuieres saber m\u00e1s sobre el alquiler?","author":"Jan Terje \u00c5s","date":"29 de septiembre de 2025","format":false,"excerpt":"\u00a1Ponte en contacto con nosotros hoy mismo!","rel":"","context":"Entrada similar","block_context":{"text":"Entrada similar","link":""},"img":{"alt_text":"","src":"","width":0,"height":0},"classes":[]},{"id":34776,"url":"https:\/\/bno-travel.com\/es\/socio-bno\/","url_meta":{"origin":2680,"position":4},"title":"Socio BNO","author":"Jan Terje \u00c5s","date":"13 de abril de 2026","format":false,"excerpt":"As\u00f3ciate con BNO Travel Un socio de distribuci\u00f3n y reservas para los operadores de alojamientos profesionales que utilizan Mews BNO Travel est\u00e1 dise\u00f1ado para hoteles, apartahoteles, complejos tur\u00edsticos, operadores de cabinas, empresas de gesti\u00f3n de destinos y otros profesionales que desean una ruta m\u00e1s espec\u00edfica y flexible hacia la distribuci\u00f3n\u2026","rel":"","context":"Entrada similar","block_context":{"text":"Entrada similar","link":""},"img":{"alt_text":"","src":"","width":0,"height":0},"classes":[]},{"id":4572,"url":"https:\/\/bno-travel.com\/es\/politica-de-privacidad\/","url_meta":{"origin":2680,"position":5},"title":"Pol\u00edtica de privacidad","author":"Jan Terje \u00c5s","date":"11 de julio de 2025","format":false,"excerpt":"Pol\u00edtica de privacidad Pol\u00edtica de privacidad Esta pol\u00edtica de privacidad trata sobre c\u00f3mo BNO TRAVEL recopila y utiliza tus datos personales. Utilizamos cookies en bno-travel.com. Al utilizar nuestro sitio web con las cookies activadas en tu navegador (que es la opci\u00f3n predeterminada), aceptas que almacenemos cookies para prestar nuestros servicios.\u2026","rel":"","context":"Entrada similar","block_context":{"text":"Entrada similar","link":""},"img":{"alt_text":"","src":"","width":0,"height":0},"classes":[]}],"_links":{"self":[{"href":"https:\/\/bno-travel.com\/es\/wp-json\/wp\/v2\/pages\/2680","targetHints":{"allow":["GET"]}}],"collection":[{"href":"https:\/\/bno-travel.com\/es\/wp-json\/wp\/v2\/pages"}],"about":[{"href":"https:\/\/bno-travel.com\/es\/wp-json\/wp\/v2\/types\/page"}],"author":[{"embeddable":true,"href":"https:\/\/bno-travel.com\/es\/wp-json\/wp\/v2\/users\/260013438"}],"replies":[{"embeddable":true,"href":"https:\/\/bno-travel.com\/es\/wp-json\/wp\/v2\/comments?post=2680"}],"version-history":[{"count":4,"href":"https:\/\/bno-travel.com\/es\/wp-json\/wp\/v2\/pages\/2680\/revisions"}],"predecessor-version":[{"id":4969,"href":"https:\/\/bno-travel.com\/es\/wp-json\/wp\/v2\/pages\/2680\/revisions\/4969"}],"wp:attachment":[{"href":"https:\/\/bno-travel.com\/es\/wp-json\/wp\/v2\/media?parent=2680"}],"curies":[{"name":"wp","href":"https:\/\/api.w.org\/{rel}","templated":true}]}}