{"id":2682,"date":"2025-07-18T20:52:41","date_gmt":"2025-07-18T18:52:41","guid":{"rendered":"https:\/\/bno-travel.com\/?page_id=2682"},"modified":"2026-04-04T03:29:33","modified_gmt":"2026-04-04T01:29:33","slug":"centro-de-turismo-de-trysil","status":"publish","type":"page","link":"https:\/\/bno-travel.com\/es\/centro-de-turismo-de-trysil\/","title":{"rendered":"Centro de Turismo de Trysil"},"content":{"rendered":"\t\t<div data-elementor-type=\"wp-page\" data-elementor-id=\"2682\" class=\"elementor elementor-2682 elementor-1951\" data-elementor-post-type=\"page\">\n\t\t\t\t<div class=\"elementor-element elementor-element-188f671 e-flex e-con-boxed e-con e-parent\" data-id=\"188f671\" data-element_type=\"container\" data-e-type=\"container\">\n\t\t\t\t\t<div class=\"e-con-inner\">\n\t\t\t\t<div class=\"elementor-element elementor-element-07d021a elementor-widget elementor-widget-html\" data-id=\"07d021a\" data-element_type=\"widget\" data-e-type=\"widget\" data-widget_type=\"html.default\">\n\t\t\t\t\t<section class=\"bno-area-hero bno-area-hero--premium\" style=\"background-image: linear-gradient(rgba(10, 18, 28, 0.42), rgba(10, 18, 28, 0.56)), url('https:\/\/i0.wp.com\/bno-travel.com\/wp-content\/uploads\/2025\/06\/10001-20191216-Drone0784-scaled-2.jpg?resize=1024%2C682&amp;ssl=1\">\r\n  <div class=\"bno-shell\">\r\n    <div class=\"bno-area-hero__content\">\r\n      <span class=\"bno-eyebrow\">Trysil - Zona principal<\/span>\r\n      <h1>Trysil Turistsenter - alojamiento en Trysil con f\u00e1cil acceso a actividades, escuela de esqu\u00ed y alquiler de esqu\u00eds<\/h1>\r\n      <p class=\"bno-lead\">\r\n  Trysil Turistsenter es una de las zonas m\u00e1s populares para alojarse en Trysil, muy cerca de actividades, servicios y un buen punto de partida tanto para estancias de invierno como de verano.\r\n      <\/p>\r\n      <div class=\"bno-actions\">\r\n        <a href=\"#enheter\" class=\"bno-btn bno-btn--primary\">Ver dispositivos<\/a>\r\n        <a href=\"#kart\" class=\"bno-btn bno-btn--secondary\">Ver mapa<\/a>\r\n      <\/div>\r\n    <\/div>\r\n  <\/div>\r\n<\/section>\t\t\t\t<\/div>\n\t\t\t\t\t<\/div>\n\t\t\t\t<\/div>\n\t\t<div class=\"elementor-element elementor-element-79a0d44 e-flex e-con-boxed e-con e-parent\" data-id=\"79a0d44\" data-element_type=\"container\" data-e-type=\"container\">\n\t\t\t\t\t<div class=\"e-con-inner\">\n\t\t\t\t<div class=\"elementor-element elementor-element-b0bb5dc elementor-widget elementor-widget-html\" data-id=\"b0bb5dc\" data-element_type=\"widget\" data-e-type=\"widget\" data-widget_type=\"html.default\">\n\t\t\t\t\t<section class=\"bno-section bno-section--light bno-area-intro\">\r\n  <div class=\"bno-shell bno-narrow\">\r\n    <div class=\"bno-section-heading\">\r\n      <h2>Al\u00f3jate en el centro de Trysil con proximidad a experiencias durante todo el a\u00f1o<\/h2>\r\n      <p>\r\n  Trysil Turistsenter es una zona atractiva para quienes buscan alojamiento en Trysil cerca de actividades, restaurantes e instalaciones pr\u00e1cticas. La zona funciona bien para estancias familiares, grupos de amigos y viajeros que busquen una base sencilla y c\u00f3moda en uno de los destinos de monta\u00f1a m\u00e1s populares de Noruega.\r\n      <\/p>\r\n    <\/div>\r\n  <\/div>\r\n<\/section>\t\t\t\t<\/div>\n\t\t\t\t\t<\/div>\n\t\t\t\t<\/div>\n\t\t<div class=\"elementor-element elementor-element-ee897df e-flex e-con-boxed e-con e-parent\" data-id=\"ee897df\" data-element_type=\"container\" data-e-type=\"container\">\n\t\t\t\t\t<div class=\"e-con-inner\">\n\t\t\t\t<div class=\"elementor-element elementor-element-37dc341 elementor-widget elementor-widget-html\" data-id=\"37dc341\" data-element_type=\"widget\" data-e-type=\"widget\" data-widget_type=\"html.default\">\n\t\t\t\t\t<section id=\"enheter\" class=\"bno-section bno-section--soft\">\r\n  <div class=\"bno-shell\">\r\n    <div class=\"bno-section-heading\">\r\n      <span class=\"bno-eyebrow\">Dispositivos<\/span>\r\n      <h2>Explorar alojamientos en Trysil Turistsenter<\/h2>\r\n      <p>\r\n  Aqu\u00ed encontrar\u00e1s unidades en la zona, presentadas de una forma clara que facilita la comparaci\u00f3n y el paso a las p\u00e1ginas de detalles y la reserva.\r\n      <\/p>\r\n    <\/div>\r\n\r\n    <div class=\"bno-unit-grid bno-unit-grid--4\">\r\n      <article class=\"bno-card bno-unit-card\">\r\n        <img decoding=\"async\" class=\"bno-unit-card__image\" src=\"https:\/\/i0.wp.com\/bno-travel.com\/wp-content\/uploads\/2025\/10\/litunet-721-trysil.png?resize=1024%2C683&amp;ssl=1\" alt=\"Litunet 721B en Trysil Turistsenter\">\r\n        <div class=\"bno-card__body\">\r\n          <h3>Litunet 721B<\/h3>\r\n          <p>\r\n  Una acogedora unidad en Trysil Turistsenter con una buena ubicaci\u00f3n y un c\u00f3modo punto de partida para estancias en la monta\u00f1a.\r\n          <\/p>\r\n          <div class=\"bno-unit-meta\">\r\n            <span class=\"bno-pill\">Unidad activa<\/span>\r\n            <span class=\"bno-pill\">Centro de Turismo de Trysil<\/span>\r\n          <\/div>\r\n          <div class=\"bno-card__actions\">\r\n            <a href=\"https:\/\/bno-travel.com\/es\/litunet-721b-7-camas\/\" class=\"bno-btn bno-btn--primary\">Ver el dispositivo<\/a>\r\n          <\/div>\r\n        <\/div>\r\n      <\/article>\r\n\r\n      <article class=\"bno-card bno-unit-card\">\r\n        <img decoding=\"async\" class=\"bno-unit-card__image\" src=\"https:\/\/i0.wp.com\/bno-travel.com\/wp-content\/uploads\/2025\/12\/11098-JH110654.jpg?resize=768%2C512&amp;ssl=1\" alt=\"Litunet 721B en Trysil Turistsenter\">\r\n        <div class=\"bno-card__body\">\r\n          <h3>Litunet 721B<\/h3>\r\n          <p>\r\n  Una acogedora unidad en Trysil Turistsenter con una buena ubicaci\u00f3n y un c\u00f3modo punto de partida para estancias en la monta\u00f1a.\r\n          <\/p>\r\n          <div class=\"bno-unit-meta\">\r\n            <span class=\"bno-pill\">Unidad activa<\/span>\r\n            <span class=\"bno-pill\">Centro de Turismo de Trysil<\/span>\r\n          <\/div>\r\n          <div class=\"bno-card__actions\">\r\n            <a href=\"https:\/\/bno-travel.com\/es\/litunet-721b-7-camas\/\" class=\"bno-btn bno-btn--primary\">Ver el dispositivo<\/a>\r\n          <\/div>\r\n        <\/div>\r\n      <\/article>\r\n\r\n      <article class=\"bno-card bno-unit-card\">\r\n        <img data-recalc-dims=\"1\" decoding=\"async\" class=\"bno-unit-card__image\" src=\"https:\/\/i0.wp.com\/bno-travel.com\/wp-content\/uploads\/2025\/12\/11098-JH110604.jpg?w=800&#038;ssl=1\" alt=\"Litunet 721B en Trysil Turistsenter\">\r\n        <div class=\"bno-card__body\">\r\n          <h3>Litunet 721B<\/h3>\r\n          <p>\r\n  Una acogedora unidad en Trysil Turistsenter con una buena ubicaci\u00f3n y un c\u00f3modo punto de partida para estancias en la monta\u00f1a.\r\n          <\/p>\r\n          <div class=\"bno-unit-meta\">\r\n            <span class=\"bno-pill\">Unidad activa<\/span>\r\n            <span class=\"bno-pill\">Centro de Turismo de Trysil<\/span>\r\n          <\/div>\r\n          <div class=\"bno-card__actions\">\r\n            <a href=\"https:\/\/bno-travel.com\/es\/litunet-721b-7-camas\/\" class=\"bno-btn bno-btn--primary\">Ver el dispositivo<\/a>\r\n          <\/div>\r\n        <\/div>\r\n      <\/article>\r\n\r\n      <article class=\"bno-card bno-unit-card\">\r\n        <img data-recalc-dims=\"1\" decoding=\"async\" class=\"bno-unit-card__image\" src=\"https:\/\/i0.wp.com\/bno-travel.com\/wp-content\/uploads\/2025\/12\/11098-JH110644.jpg?w=800&#038;ssl=1\" alt=\"Litunet 721B en Trysil Turistsenter\">\r\n        <div class=\"bno-card__body\">\r\n          <h3>Litunet 721B<\/h3>\r\n          <p>\r\n  Una acogedora unidad en Trysil Turistsenter con una buena ubicaci\u00f3n y un c\u00f3modo punto de partida para estancias en la monta\u00f1a.\r\n          <\/p>\r\n          <div class=\"bno-unit-meta\">\r\n            <span class=\"bno-pill\">Unidad activa<\/span>\r\n            <span class=\"bno-pill\">Centro de Turismo de Trysil<\/span>\r\n          <\/div>\r\n          <div class=\"bno-card__actions\">\r\n            <a href=\"https:\/\/bno-travel.com\/es\/litunet-721b-7-camas\/\" class=\"bno-btn bno-btn--primary\">Ver el dispositivo<\/a>\r\n          <\/div>\r\n        <\/div>\r\n      <\/article>\r\n    <\/div>\r\n  <\/div>\r\n<\/section>\t\t\t\t<\/div>\n\t\t\t\t\t<\/div>\n\t\t\t\t<\/div>\n\t\t<div class=\"elementor-element elementor-element-02cbda8 e-flex e-con-boxed e-con e-parent\" data-id=\"02cbda8\" data-element_type=\"container\" data-e-type=\"container\">\n\t\t\t\t\t<div class=\"e-con-inner\">\n\t\t\t\t<div class=\"elementor-element elementor-element-f495f5c elementor-widget elementor-widget-html\" data-id=\"f495f5c\" data-element_type=\"widget\" data-e-type=\"widget\" data-widget_type=\"html.default\">\n\t\t\t\t\t<section id=\"kart\" class=\"bno-section bno-section--light\">\r\n  <div class=\"bno-shell\">\r\n    <div class=\"bno-section-heading\">\r\n      <span class=\"bno-eyebrow\">Carrito<\/span>\r\n      <h2>Ver la ubicaci\u00f3n en Trysil Turistsenter<\/h2>\r\n      <p>\r\n  El mapa proporciona una visi\u00f3n general sencilla de la zona y te ayuda a ver la ubicaci\u00f3n, proximidad y orientaci\u00f3n antes de pasar a la p\u00e1gina de la unidad o a la reserva.\r\n      <\/p>\r\n    <\/div>\r\n\r\n    <div class=\"bno-map-card\">\r\n      \r\n            \r\n            \r\n            \r\n            <a name='map27'><\/a>\r\n            \r\n            \r\n            \r\n            \r\n            <div class=\"wpgmza_map \"  id=\"wpgmza_map_27\" style=\"display:block; overflow:auto; width:100%; height:400px; float:left;\" data-settings='{\"id\":\"27\",\"map_title\":\"Trysil Turistsenter\",\"map_width\":\"100\",\"map_height\":\"400\",\"map_start_lat\":\"61.299284140199944\",\"map_start_lng\":\"12.24312999317007\",\"map_start_location\":\"\",\"map_start_zoom\":\"13\",\"default_marker\":\"\",\"type\":\"0\",\"alignment\":\"0\",\"directions_enabled\":\"0\",\"styling_enabled\":\"0\",\"styling_json\":\"\",\"active\":\"0\",\"kml\":\"\",\"bicycle\":\"0\",\"traffic\":\"0\",\"dbox\":\"1\",\"dbox_width\":\"100\",\"listmarkers\":\"0\",\"listmarkers_advanced\":\"0\",\"filterbycat\":\"0\",\"ugm_enabled\":\"0\",\"ugm_category_enabled\":\"0\",\"fusion\":\"\",\"map_width_type\":\"%\",\"map_height_type\":\"px\",\"mass_marker_support\":\"0\",\"ugm_access\":\"0\",\"order_markers_by\":\"1\",\"order_markers_choice\":\"1\",\"show_user_location\":\"0\",\"default_to\":\"\",\"other_settings\":{\"map_type\":1,\"sl_stroke_color\":\"#ff0000\",\"sl_fill_color\":\"#ff0000\",\"sl_stroke_opacity\":\"1\",\"sl_fill_opacity\":\"0.5\",\"transport_layer\":false,\"action\":\"wpgmza_save_map\",\"redirect_to\":\"\\\/wp-admin\\\/admin-post.php\",\"map_id\":\"27\",\"http_referer\":\"\\\/wp-admin\\\/admin.php?page=wp-google-maps-menu&amp;amp;action=edit&amp;amp;map_id=27\",\"wpgmza_id\":\"27\",\"wpgmza_start_location\":\"61.299284140199944,12.24312999317007\",\"wpgmza_start_zoom\":\"13\",\"wpgmza_dbox_width_type\":\"%\",\"default_from\":\"\",\"directions_behaviour\":\"default\",\"force_google_directions_app\":false,\"directions_route_origin_icon\":\"https:\\\/\\\/bno-travel.com\\\/wp-content\\\/plugins\\\/wp-google-maps\\\/images\\\/spotlight-poi3.png\",\"directions_origin_retina\":false,\"directions_route_destination_icon\":\"https:\\\/\\\/bno-travel.com\\\/wp-content\\\/plugins\\\/wp-google-maps\\\/images\\\/spotlight-poi3.png\",\"directions_destination_retina\":false,\"directions_route_stroke_color\":\"#4f8df5\",\"directions_route_stroke_weight\":\"4\",\"directions_route_stroke_opacity\":\"0.8\",\"directions_fit_bounds_to_route\":false,\"store_locator_enabled\":false,\"store_locator_search_area\":\"radial\",\"wpgmza_store_locator_radius_style\":\"legacy\",\"wpgmza_store_locator_default_radius\":\"10\",\"store_locator_auto_area_max_zoom\":\"\",\"wpgmza_store_locator_restrict\":\"\",\"store_locator_distance\":false,\"wpgmza_store_locator_position\":false,\"store_locator_show_distance\":false,\"store_locator_category\":false,\"wpgmza_store_locator_use_their_location\":false,\"wpgmza_store_locator_bounce\":false,\"upload_default_sl_marker\":\"\",\"upload_default_sl_marker_retina\":false,\"wpgmza_sl_animation\":\"0\",\"wpgmza_store_locator_hide_before_search\":false,\"store_locator_query_string\":\"\",\"store_locator_location_placeholder\":\"\",\"store_locator_default_address\":\"\",\"store_locator_name_search\":false,\"store_locator_name_string\":\"\",\"store_locator_not_found_message\":\"\",\"retina\":false,\"wpgmza_map_align\":\"1\",\"upload_default_ul_marker\":\"\",\"upload_default_ul_marker_retina\":false,\"jump_to_nearest_marker_on_initialization\":false,\"automatically_pan_to_users_location\":false,\"override_users_location_zoom_level\":false,\"override_users_location_zoom_levels\":\"\",\"show_distance_from_location\":false,\"map_max_zoom\":\"21\",\"map_min_zoom\":\"0\",\"click_open_link\":false,\"fit_maps_bounds_to_markers\":false,\"fit_maps_bounds_to_markers_after_filtering\":false,\"hide_point_of_interest\":false,\"wpgmza_zoom_on_marker_click\":false,\"wpgmza_zoom_on_marker_click_slider\":\"\",\"close_infowindow_on_map_click\":false,\"disable_lightbox_images\":false,\"use_Raw_Jpeg_Coordinates\":false,\"disable_polygon_info_windows\":false,\"enable_advanced_custom_fields_integration\":false,\"enable_toolset_woocommerce_integration\":false,\"enable_woo_product_integration\":false,\"enable_marker_labels\":false,\"only_load_markers_within_viewport\":false,\"zoom_level_mobile_override_enabled\":false,\"zoom_level_mobile_override\":\"\",\"iw_primary_color\":\"#000000\",\"iw_accent_color\":\"#000000\",\"iw_text_color\":\"#000000\",\"wpgmza_listmarkers_by\":\"0\",\"wpgmza_marker_listing_position\":false,\"zoom_level_on_marker_listing_override\":false,\"zoom_level_on_marker_listing_click\":\"\",\"marker_listing_disable_zoom\":false,\"datatable_no_result_message\":\"\",\"remove_search_box_datables\":false,\"dataTable_pagination_style\":\"default\",\"datatable_search_string\":\"\",\"datatable_result_start\":\"\",\"datatable_result_of\":\"\",\"datatable_result_to\":\"\",\"datatable_result_total\":\"\",\"datatable_result_show\":\"\",\"datatable_result_entries\":\"\",\"enable_filter_custom_field_1\":false,\"enable_filter_custom_field_2\":false,\"wpgmza_savemap\":\"Save Map \\u00bb\",\"shortcodeAttributes\":{\"id\":\"27\"}}}' data-map-id='27' data-shortcode-attributes='{\"id\":\"27\"}'> <\/div>\r\n            \r\n               \r\n        \r\n    <\/div>\r\n  <\/div>\r\n<\/section>\t\t\t\t<\/div>\n\t\t\t\t\t<\/div>\n\t\t\t\t<\/div>\n\t\t<div class=\"elementor-element elementor-element-edee91a e-flex e-con-boxed e-con e-parent\" data-id=\"edee91a\" data-element_type=\"container\" data-e-type=\"container\">\n\t\t\t\t\t<div class=\"e-con-inner\">\n\t\t\t\t<div class=\"elementor-element elementor-element-977b9e4 elementor-widget elementor-widget-html\" data-id=\"977b9e4\" data-element_type=\"widget\" data-e-type=\"widget\" data-widget_type=\"html.default\">\n\t\t\t\t\t<section class=\"bno-section bno-section--light\">\r\n  <div class=\"bno-shell\">\r\n    <div class=\"bno-editorial-split\">\r\n      <div class=\"bno-editorial-split__content\">\r\n        <span class=\"bno-eyebrow\">Experiencias en la zona<\/span>\r\n        <h2>Una zona con proximidad a la actividad, acogedora y con buenas experiencias<\/h2>\r\n        <p>\r\n  Trysil Turistsenter es un punto de partida natural para quienes desean combinar el alojamiento en Trysil con la proximidad a las actividades, acogedores lugares de reuni\u00f3n y una zona que funciona bien durante toda la temporada.\r\n        <\/p>\r\n        <p>\r\n  Aqu\u00ed encontrar\u00e1s una zona que facilita combinar las necesidades pr\u00e1cticas con las experiencias, tanto si planeas pasar d\u00edas en las pistas, como si quieres tener acceso a una escuela de esqu\u00ed y alquiler de esqu\u00eds en Trysil, o si quieres vivir en una zona con buena accesibilidad y servicios.\r\n        <\/p>\r\n        <div class=\"bno-actions\">\r\n          <a href=\"#fakta\" class=\"bno-btn bno-btn--primary\">Ver informaci\u00f3n pr\u00e1ctica<\/a>\r\n        <\/div>\r\n      <\/div>\r\n\r\n      <div class=\"bno-editorial-split__media\">\r\n        <!-- Bytt bilde-URL -->\r\n        <img data-recalc-dims=\"1\" decoding=\"async\" src=\"https:\/\/i0.wp.com\/bno-travel.com\/wp-content\/uploads\/2025\/06\/51158531527_47f1aaea99_k.jpg?w=800&#038;ssl=1\" alt=\"Experiencias en Trysil Turistsenter\">\r\n      <\/div>\r\n    <\/div>\r\n  <\/div>\r\n<\/section>\t\t\t\t<\/div>\n\t\t\t\t\t<\/div>\n\t\t\t\t<\/div>\n\t\t<div class=\"elementor-element elementor-element-aabad58 e-flex e-con-boxed e-con e-parent\" data-id=\"aabad58\" data-element_type=\"container\" data-e-type=\"container\">\n\t\t\t\t\t<div class=\"e-con-inner\">\n\t\t\t\t<div class=\"elementor-element elementor-element-38c5094 elementor-widget elementor-widget-html\" data-id=\"38c5094\" data-element_type=\"widget\" data-e-type=\"widget\" data-widget_type=\"html.default\">\n\t\t\t\t\t<section id=\"fakta\" class=\"bno-section bno-section--soft\">\r\n  <div class=\"bno-shell\">\r\n    <div class=\"bno-section-heading\">\r\n      <span class=\"bno-eyebrow\">Informaci\u00f3n pr\u00e1ctica<\/span>\r\n      <h2>Actividades, ofertas e informaci\u00f3n \u00fatil en la zona<\/h2>\r\n      <p>\r\n  Aqu\u00ed encontrar\u00e1s una clara introducci\u00f3n a lo que hace de Trysil Turistsenter una zona atractiva tanto para estancias cortas como largas.\r\n      <\/p>\r\n    <\/div>\r\n\r\n    <div class=\"bno-info-grid\">\r\n      <div class=\"bno-value-card\">\r\n        <h3>Actividades de invierno<\/h3>\r\n        <p>\r\n  La zona es un buen punto de partida para las vacaciones de invierno, con f\u00e1cil acceso a actividades, escuela de esqu\u00ed y alquiler de esqu\u00eds en Trysil, as\u00ed como ofertas que facilitan la estancia tanto a familias como a hu\u00e9spedes activos.\r\n        <\/p>\r\n      <\/div>\r\n\r\n      <div class=\"bno-value-card\">\r\n        <h3>Actividades de verano<\/h3>\r\n        <p>\r\n  Trysil tambi\u00e9n es atractivo fuera de la temporada de invierno, con actividades y experiencias en la naturaleza que hacen que la zona sea relevante durante periodos m\u00e1s largos a lo largo del a\u00f1o.\r\n        <\/p>\r\n      <\/div>\r\n\r\n      <div class=\"bno-value-card\">\r\n        <h3>Autob\u00fas de esqu\u00ed y accesibilidad<\/h3>\r\n        <p>\r\n  La zona facilita la orientaci\u00f3n y los desplazamientos, con soluciones pr\u00e1cticas que favorecen una estancia m\u00e1s llevadera.\r\n        <\/p>\r\n      <\/div>\r\n\r\n      <div class=\"bno-value-card\">\r\n        <h3>Compras y servicios<\/h3>\r\n        <p>\r\n  La proximidad a ofertas relevantes hace que sea m\u00e1s f\u00e1cil combinar recados pr\u00e1cticos con una estancia c\u00f3moda en Trysil Turistsenter.\r\n        <\/p>\r\n      <\/div>\r\n\r\n      <div class=\"bno-value-card\">\r\n        <h3>Restaurantes y catering<\/h3>\r\n        <p>\r\n  La zona proporciona acceso a lugares para comer y reunirse que contribuyen a una experiencia integral, tanto si viajas en familia, con amigos o en pareja.\r\n        <\/p>\r\n      <\/div>\r\n\r\n      <div class=\"bno-value-card\">\r\n        <h3>Afterski y ambiente<\/h3>\r\n        <p>\r\n  Para muchas personas, Trysil Turistsenter es atractivo precisamente porque la zona combina actividades diurnas con un ambiente social y experiencias durante todo el d\u00eda.\r\n        <\/p>\r\n      <\/div>\r\n    <\/div>\r\n  <\/div>\r\n<\/section>\t\t\t\t<\/div>\n\t\t\t\t<div class=\"elementor-element elementor-element-0acf65d elementor-widget elementor-widget-html\" data-id=\"0acf65d\" data-element_type=\"widget\" data-e-type=\"widget\" data-widget_type=\"html.default\">\n\t\t\t\t\t<section class=\"bno-section bno-destination-cta\">\r\n  <div class=\"bno-shell\">\r\n    <div class=\"bno-cta-box\">\r\n      <div>\r\n        <span class=\"bno-eyebrow\">Pr\u00f3ximos pasos<\/span>\r\n        <h2>Ir a las unidades en Trysil Turistsenter<\/h2>\r\n        <p>\r\n  Explora las unidades disponibles y ve a la p\u00e1gina de la unidad para obtener m\u00e1s informaci\u00f3n, fotos y detalles de la reserva.\r\n        <\/p>\r\n      <\/div>\r\n\r\n      <div class=\"bno-actions\">\r\n        <a href=\"#enheter\" class=\"bno-btn bno-btn--primary\">Ver dispositivos<\/a>\r\n      <\/div>\r\n    <\/div>\r\n  <\/div>\r\n<\/section>\t\t\t\t<\/div>\n\t\t\t\t\t<\/div>\n\t\t\t\t<\/div>\n\t\t<div class=\"elementor-element elementor-element-ee9c425 e-flex e-con-boxed e-con e-parent\" data-id=\"ee9c425\" data-element_type=\"container\" data-e-type=\"container\">\n\t\t\t\t\t<div class=\"e-con-inner\">\n\t\t\t\t\t<\/div>\n\t\t\t\t<\/div>\n\t\t<div class=\"elementor-element elementor-element-4221b98 e-flex e-con-boxed e-con e-parent\" data-id=\"4221b98\" data-element_type=\"container\" data-e-type=\"container\">\n\t\t\t\t\t<div class=\"e-con-inner\">\n\t\t\t\t\t<\/div>\n\t\t\t\t<\/div>\n\t\t\t\t<\/div>\n\t\t","protected":false},"excerpt":{"rendered":"<p>Trysil - Zona principal Trysil Turistsenter - alojamiento en Trysil con f\u00e1cil acceso a actividades, escuela de esqu\u00ed y alquiler de esqu\u00eds Trysil Turistsenter es una de las zonas m\u00e1s populares para alojarse en Trysil, muy cerca de actividades, servicios y un buen punto de partida tanto para estancias de invierno como de verano. Ver [&hellip;]<\/p>\n","protected":false},"author":260013438,"featured_media":0,"parent":0,"menu_order":0,"comment_status":"closed","ping_status":"closed","template":"","meta":{"_crdt_document":"","footnotes":""},"class_list":["post-2682","page","type-page","status-publish","hentry"],"jetpack_likes_enabled":true,"jetpack_sharing_enabled":true,"jetpack_shortlink":"https:\/\/wp.me\/PgDuwj-Hg","jetpack-related-posts":[{"id":28444,"url":"https:\/\/bno-travel.com\/es\/elementor-28397\/","url_meta":{"origin":2682,"position":0},"title":"Elementor #28397","author":"Jan Terje \u00c5s","date":"4 de abril de 2026","format":false,"excerpt":"Destino - Trysil Alojamiento en Trysil con acceso a las zonas m\u00e1s adecuadas para tu viaje Explora zonas de Trysil como Trysil Turistsenter, Trysil Sentrum, Trysilfjell Hytteomr\u00e5de y Fager\u00e5sen \/ Trysil H\u00f8yfjellssenter, y encuentra una estancia que se adapte a tu viaje. Ver zonas en Trysil Descubre Trysil Encuentra la\u2026","rel":"","context":"Entrada similar","block_context":{"text":"Entrada similar","link":""},"img":{"alt_text":"","src":"","width":0,"height":0},"classes":[]},{"id":11825,"url":"https:\/\/bno-travel.com\/es\/litunet-721b-7-camas\/","url_meta":{"origin":2682,"position":1},"title":"Litunet 721B -7 camas","author":"Jan Terje \u00c5s","date":"23 de octubre de 2025","format":false,"excerpt":"Trysil Turistsenter - Unidad Litunet 721B - Apartamento familiar en Trysil con acceso directo a las pistas de esqu\u00ed Litunet 721B es un apartamento espacioso y familiar situado en Trysil Turistsenter, con servicio de esqu\u00ed-in\/ski-out, proximidad a la pista 13, escuela de esqu\u00ed, alquiler de esqu\u00eds y actividades en la\u2026","rel":"","context":"Entrada similar","block_context":{"text":"Entrada similar","link":""},"img":{"alt_text":"","src":"","width":0,"height":0},"classes":[]},{"id":2700,"url":"https:\/\/bno-travel.com\/pt-pt\/centro-de-turismo-de-trysil\/","url_meta":{"origin":2682,"position":2},"title":"Centro de Turismo de Trysil","author":"Jan Terje \u00c5s","date":"18 de julio de 2025","format":false,"excerpt":"Trysil - \u00c1rea principal Trysil Turistsenter - alojamento em Trysil com f\u00e1cil acesso a actividades, escola de esqui e aluguer de esquis O Trysil Turistsenter \u00e9 uma das \u00e1reas mais populares para alojamento em Trysil, com proximidade a actividades, servi\u00e7os e um bom ponto de partida para estadias de inverno\u2026","rel":"","context":"Entrada similar","block_context":{"text":"Entrada similar","link":""},"img":{"alt_text":"","src":"","width":0,"height":0},"classes":[]},{"id":4242,"url":"https:\/\/bno-travel.com\/es\/restaurantes-en-trysil\/","url_meta":{"origin":2682,"position":3},"title":"Restaurantes en Trysil","author":"Jan Terje \u00c5s","date":"18 de julio de 2025","format":false,"excerpt":"Restaurantes y cafeter\u00edas en Trysil - Sabroso todo el a\u00f1o Trysil ofrece mucho m\u00e1s que fant\u00e1sticas pistas de esqu\u00ed y paisajes monta\u00f1osos. Tanto si visitas la zona en invierno como en verano, podr\u00e1s disfrutar de una rica selecci\u00f3n de restaurantes, cafeter\u00edas y locales apr\u00e8s-ski: de todo, desde gourmet hasta comida\u2026","rel":"","context":"Entrada similar","block_context":{"text":"Entrada similar","link":""},"img":{"alt_text":"Skistar Logde Trysil","src":"https:\/\/i0.wp.com\/bno-travel.com\/wp-content\/uploads\/2025\/07\/52199845033_2c000ed2d7_c.jpg?resize=350%2C200&ssl=1","width":350,"height":200,"srcset":"https:\/\/i0.wp.com\/bno-travel.com\/wp-content\/uploads\/2025\/07\/52199845033_2c000ed2d7_c.jpg?resize=350%2C200&ssl=1 1x, https:\/\/i0.wp.com\/bno-travel.com\/wp-content\/uploads\/2025\/07\/52199845033_2c000ed2d7_c.jpg?resize=525%2C300&ssl=1 1.5x, https:\/\/i0.wp.com\/bno-travel.com\/wp-content\/uploads\/2025\/07\/52199845033_2c000ed2d7_c.jpg?resize=700%2C400&ssl=1 2x"},"classes":[]},{"id":35700,"url":"https:\/\/bno-travel.com\/en\/trysil-turistsenter\/","url_meta":{"origin":2682,"position":4},"title":"Trysil Turistsenter","author":"Jan Terje \u00c5s","date":"18 de julio de 2025","format":false,"excerpt":"Trysil \u00b7 Main area Trysil Turistsenter \u2013 accommodation in Trysil close to activities, ski school and ski rental Trysil Turistsenter is one of the most popular areas for accommodation in Trysil, with easy access to activities, services and a great base for both winter and summer stays. View units View\u2026","rel":"","context":"Entrada similar","block_context":{"text":"Entrada similar","link":""},"img":{"alt_text":"","src":"","width":0,"height":0},"classes":[]}],"_links":{"self":[{"href":"https:\/\/bno-travel.com\/es\/wp-json\/wp\/v2\/pages\/2682","targetHints":{"allow":["GET"]}}],"collection":[{"href":"https:\/\/bno-travel.com\/es\/wp-json\/wp\/v2\/pages"}],"about":[{"href":"https:\/\/bno-travel.com\/es\/wp-json\/wp\/v2\/types\/page"}],"author":[{"embeddable":true,"href":"https:\/\/bno-travel.com\/es\/wp-json\/wp\/v2\/users\/260013438"}],"replies":[{"embeddable":true,"href":"https:\/\/bno-travel.com\/es\/wp-json\/wp\/v2\/comments?post=2682"}],"version-history":[{"count":17,"href":"https:\/\/bno-travel.com\/es\/wp-json\/wp\/v2\/pages\/2682\/revisions"}],"predecessor-version":[{"id":28538,"href":"https:\/\/bno-travel.com\/es\/wp-json\/wp\/v2\/pages\/2682\/revisions\/28538"}],"wp:attachment":[{"href":"https:\/\/bno-travel.com\/es\/wp-json\/wp\/v2\/media?parent=2682"}],"curies":[{"name":"wp","href":"https:\/\/api.w.org\/{rel}","templated":true}]}}