{"id":4178,"date":"2025-07-18T20:52:19","date_gmt":"2025-07-18T18:52:19","guid":{"rendered":"https:\/\/bno-travel.com\/?page_id=4178"},"modified":"2025-07-18T20:52:59","modified_gmt":"2025-07-18T18:52:59","slug":"spa-y-banos-en-salen","status":"publish","type":"page","link":"https:\/\/bno-travel.com\/es\/spa-y-banos-en-salen\/","title":{"rendered":"Spa y ba\u00f1os en S\u00e4len"},"content":{"rendered":"\n<p class=\"wp-block-paragraph\"><\/p>\n\n<div class=\"wp-block-cover alignfull\" style=\"margin-top:0;margin-bottom:0;padding-top:var(--wp--preset--spacing--20);padding-right:var(--wp--preset--spacing--40);padding-bottom:var(--wp--preset--spacing--20);padding-left:var(--wp--preset--spacing--40);min-height:913px;aspect-ratio:unset;\"><img data-recalc-dims=\"1\" fetchpriority=\"high\" decoding=\"async\" width=\"799\" height=\"616\" class=\"wp-block-cover__image-background wp-image-3469 size-full\" alt=\"Spa og bad i Trysil\" src=\"https:\/\/i0.wp.com\/bno-travel.com\/wp-content\/uploads\/2025\/07\/52199820901_706171c188_c.jpg?resize=799%2C616&#038;ssl=1\" style=\"object-position:51% 84%\" data-object-fit=\"cover\" data-object-position=\"51% 84%\" srcset=\"https:\/\/i0.wp.com\/bno-travel.com\/wp-content\/uploads\/2025\/07\/52199820901_706171c188_c.jpg?w=799&amp;ssl=1 799w, https:\/\/i0.wp.com\/bno-travel.com\/wp-content\/uploads\/2025\/07\/52199820901_706171c188_c.jpg?resize=300%2C231&amp;ssl=1 300w, https:\/\/i0.wp.com\/bno-travel.com\/wp-content\/uploads\/2025\/07\/52199820901_706171c188_c.jpg?resize=768%2C592&amp;ssl=1 768w\" sizes=\"(max-width: 799px) 100vw, 799px\" \/><span aria-hidden=\"true\" class=\"wp-block-cover__background has-theme-1-background-color has-background-dim-30 has-background-dim\"><\/span><div class=\"wp-block-cover__inner-container is-layout-flow wp-block-cover-is-layout-flow\">\n<div style=\"height:var(--wp--preset--spacing--50)\" aria-hidden=\"true\" class=\"wp-block-spacer\"><\/div>\n\n\n\n<div style=\"height:var(--wp--preset--spacing--50)\" aria-hidden=\"true\" class=\"wp-block-spacer\"><\/div>\n<\/div><\/div>\n\n<div class=\"wp-block-group alignfull is-style-section-3 is-layout-constrained wp-block-group-is-layout-constrained\" style=\"margin-top:0;margin-bottom:0;padding-top:var(--wp--preset--spacing--40);padding-bottom:var(--wp--preset--spacing--40)\">\n<div class=\"wp-block-columns alignwide are-vertically-aligned-center is-layout-flex wp-container-core-columns-is-layout-d9ad523d wp-block-columns-is-layout-flex\">\n<div class=\"wp-block-column is-vertically-aligned-center is-layout-flow wp-block-column-is-layout-flow\">\n<figure class=\"wp-block-image size-full\"><img data-recalc-dims=\"1\" decoding=\"async\" width=\"799\" height=\"597\" src=\"https:\/\/i0.wp.com\/bno-travel.com\/wp-content\/uploads\/2025\/07\/52200128044_b550a6c33d_c.jpg?resize=799%2C597&#038;ssl=1\" alt=\"\" class=\"wp-image-3443\" style=\"aspect-ratio:3\/4;object-fit:cover\" title=\"t&#xED;tulo\" srcset=\"https:\/\/i0.wp.com\/bno-travel.com\/wp-content\/uploads\/2025\/07\/52200128044_b550a6c33d_c.jpg?w=799&amp;ssl=1 799w, https:\/\/i0.wp.com\/bno-travel.com\/wp-content\/uploads\/2025\/07\/52200128044_b550a6c33d_c.jpg?resize=300%2C224&amp;ssl=1 300w, https:\/\/i0.wp.com\/bno-travel.com\/wp-content\/uploads\/2025\/07\/52200128044_b550a6c33d_c.jpg?resize=768%2C574&amp;ssl=1 768w\" sizes=\"(max-width: 799px) 100vw, 799px\" \/><\/figure>\n<\/div>\n\n\n\n<div class=\"wp-block-column is-vertically-aligned-center is-content-justification-left is-layout-constrained wp-container-core-column-is-layout-b64f6bf5 wp-block-column-is-layout-constrained\">\n<h2 class=\"wp-block-heading\"><strong>Balneario y ba\u00f1os en S\u00e4len - Bienestar y relajaci\u00f3n en un entorno de monta\u00f1a<\/strong><\/h2>\n\n\n\n<p class=\"wp-block-paragraph\">S\u00e4len no es s\u00f3lo esqu\u00ed, ciclismo y actividades al aire libre: tambi\u00e9n es un destino fant\u00e1stico para quienes buscan tranquilidad, recuperaci\u00f3n y aut\u00e9ntica armon\u00eda monta\u00f1esa. Tanto si vienes a pasar un fin de semana rom\u00e1ntico, unas vacaciones en familia o simplemente quieres recargar las pilas despu\u00e9s de un d\u00eda activo, S\u00e4len ofrece experiencias de spa y ba\u00f1o para todas las edades y necesidades. <\/p>\n\n\n\n<p class=\"wp-block-paragraph\"><strong>BNO TRAVEL puede ayudarte a encontrar tanto alojamiento como acceso a los mejores balnearios y ba\u00f1os de S\u00e4len, para que disfrutes de una experiencia completa y relajante en la monta\u00f1a.<\/strong><\/p>\n\n\n\n<hr class=\"wp-block-separator has-alpha-channel-opacity\"\/>\n\n\n\n<p class=\"wp-block-paragraph\"><strong>Experium - El mayor centro de experiencias y bienestar de S\u00e4len<\/strong><\/p>\n\n\n\n<p class=\"wp-block-paragraph\">En el centro de Lindvallen se encuentra <strong>Experium<\/strong>, una completa instalaci\u00f3n de ba\u00f1o y balneario que es un punto culminante para muchos visitantes de S\u00e4len. Combina actividad y relajaci\u00f3n de forma que se adapte a toda la familia: <\/p>\n\n\n\n<ul class=\"wp-block-list\">\n<li>Gran parque acu\u00e1tico con canal de flujo, toboganes y piscina infantil<\/li>\n\n\n\n<li>Ba\u00f1eras de hidromasaje, aguas termales y zonas de relajaci\u00f3n<\/li>\n\n\n\n<li><strong>Mundos de sauna<\/strong> con sala de vapor, sauna seca y duchas de aventura<\/li>\n\n\n\n<li>Tratamientos como masajes, tratamientos faciales y envolturas corporales<\/li>\n\n\n\n<li>Zona de spa exclusiva para adultos, perfecta para parejas o grupos de amigos<\/li>\n<\/ul>\n\n\n\n<p class=\"wp-block-paragraph\"><strong>La zona de surf y la piscina de aventuras<\/strong> son un \u00e9xito seguro para los ni\u00f1os, mientras que los adultos pueden retirarse a un entorno tranquilo con vistas a la monta\u00f1a.<\/p>\n\n\n\n<p class=\"wp-block-paragraph\"><\/p>\n\n\n\n<p class=\"wp-block-paragraph\"><\/p>\n\n\n\n<p class=\"wp-block-paragraph\"><\/p>\n<\/div>\n<\/div>\n<\/div>\n\n<div class=\"wp-block-group alignfull is-style-default is-content-justification-center is-layout-constrained wp-container-core-group-is-layout-69af11d0 wp-block-group-is-layout-constrained\" style=\"margin-top:0;margin-bottom:0;padding-top:var(--wp--preset--spacing--40);padding-bottom:var(--wp--preset--spacing--40)\"><\/div>\n\n<div class=\"wp-block-group alignfull is-content-justification-center is-layout-constrained wp-block-group-is-layout-constrained\" style=\"margin-top:0;margin-bottom:0;padding-top:var(--wp--preset--spacing--40);padding-bottom:var(--wp--preset--spacing--40)\">\n<div class=\"wp-block-columns alignwide are-vertically-aligned-center is-layout-flex wp-container-core-columns-is-layout-7387b849 wp-block-columns-is-layout-flex\">\n<div class=\"wp-block-column is-vertically-aligned-center is-content-justification-left is-layout-constrained wp-container-core-column-is-layout-b64f6bf5 wp-block-column-is-layout-constrained\">\n<p class=\"wp-block-paragraph\"><strong>Spa en hoteles y albergues: tranquilidad en las alturas<\/strong><\/p>\n\n\n\n<p class=\"wp-block-paragraph\">Adem\u00e1s de Experium, varios hoteles y albergues de S\u00e4len ofrecen sus propias zonas de spa y bienestar, a menudo exclusivas para hu\u00e9spedes. Aqu\u00ed puedes disfrutar de momentos tranquilos en el jacuzzi, la sauna y la sala de relajaci\u00f3n, o reservar masajes y tratamientos para cuidar cuerpo y mente. <\/p>\n\n\n\n<p class=\"wp-block-paragraph\">Es un lugar en el que tanto ni\u00f1os como adultos pueden divertirse, haga el tiempo que haga y sea cual sea la estaci\u00f3n del a\u00f1o. Perfecto para los d\u00edas de lluvia, los d\u00edas de descanso o como actividad nocturna despu\u00e9s de hacer senderismo o esquiar. <\/p>\n\n\n\n<p class=\"wp-block-paragraph\"><strong>2. Albergue SkiStar Experium S\u00e4len - Spa y relax<\/strong><\/p>\n\n\n\n<p class=\"wp-block-paragraph\">En el SkiStar Lodge de Lindvallen encontrar\u00e1s <strong>Experium Spa<\/strong>, <a href=\"https:\/\/www.skistar.com\/no\/experium\/spa-saunaverd\/\" target=\"_blank\" rel=\"noopener\">un programa de bienestar m\u00e1s tranquilo y exclusivo<\/a> para adultos y parejas. Dise\u00f1ado para la relajaci\u00f3n y la recuperaci\u00f3n, este spa ofrece todo lo que necesitas para desconectar despu\u00e9s de un d\u00eda en las pistas o en el sendero. <\/p>\n\n\n\n<p class=\"wp-block-paragraph\">Se ofrece aqu\u00ed:<\/p>\n\n\n\n<ul class=\"wp-block-list\">\n<li>Zona de spa con jacuzzis, saunas y zonas de relajaci\u00f3n climatizadas<\/li>\n\n\n\n<li>Masajes, tratamientos faciales y corporales<\/li>\n\n\n\n<li>Aromaterapia y tratamientos especiales para parejas<\/li>\n\n\n\n<li>Zona de relajaci\u00f3n privada con iluminaci\u00f3n tenue y vistas a la monta\u00f1a<\/li>\n<\/ul>\n\n\n\n<p class=\"wp-block-paragraph\"><strong>Experium Spa<\/strong> es perfecto para parejas, grupos de amigos o quienes deseen disfrutar de un momento de tranquilidad en un entorno de lujo, tanto en verano como en invierno.<\/p>\n\n\n\n<p class=\"wp-block-paragraph\"><strong>Actividades de verano e invierno en S\u00e4len que proporcionan equilibrio<\/strong><\/p>\n\n\n\n<p class=\"wp-block-paragraph\">S\u00e4len es conocida por su amplia gama de actividades, y las experiencias de spa y ba\u00f1o te ofrecen el descanso perfecto entre aventura y aventura. Aqu\u00ed tienes algunas sugerencias de lo que puedes combinar con unas vacaciones de balneario en S\u00e4len: <\/p>\n\n\n\n<p class=\"wp-block-paragraph\"><strong>Actividades de invierno distintas del esqu\u00ed alpino:<\/strong><\/p>\n\n\n\n<ul class=\"wp-block-list\">\n<li>Esqu\u00ed de fondo: M\u00e1s de 250 km de pistas preparadas en plena naturaleza<\/li>\n\n\n\n<li>Senderismo con raquetas de nieve: Explora bosques tranquilos y extensiones monta\u00f1osas abiertas<\/li>\n\n\n\n<li>Trineo tirado por perros: Un viaje m\u00e1gico por el paisaje invernal<\/li>\n\n\n\n<li>Trineo y zonas infantiles: Diversi\u00f3n para toda la familia<\/li>\n\n\n\n<li>Recorridos en moto de nieve: Aventuras guiadas con velocidad y vistas<\/li>\n<\/ul>\n\n\n\n<p class=\"wp-block-paragraph\"><\/p>\n\n\n\n<ul class=\"wp-block-list\">\n<li><\/li>\n<\/ul>\n<\/div>\n\n\n\n<div class=\"wp-block-column is-vertically-aligned-center is-layout-flow wp-block-column-is-layout-flow\">\n<figure class=\"wp-block-image size-full\"><img data-recalc-dims=\"1\" decoding=\"async\" width=\"800\" height=\"644\" src=\"https:\/\/i0.wp.com\/bno-travel.com\/wp-content\/uploads\/2025\/07\/52200319610_bcc6ac05f8_c.jpg?resize=800%2C644&#038;ssl=1\" alt=\"Spa y ba&#xF1;os en Trysil\" class=\"wp-image-3456\" style=\"aspect-ratio:3\/4;object-fit:cover\" srcset=\"https:\/\/i0.wp.com\/bno-travel.com\/wp-content\/uploads\/2025\/07\/52200319610_bcc6ac05f8_c.jpg?w=800&amp;ssl=1 800w, https:\/\/i0.wp.com\/bno-travel.com\/wp-content\/uploads\/2025\/07\/52200319610_bcc6ac05f8_c.jpg?resize=300%2C242&amp;ssl=1 300w, https:\/\/i0.wp.com\/bno-travel.com\/wp-content\/uploads\/2025\/07\/52200319610_bcc6ac05f8_c.jpg?resize=768%2C618&amp;ssl=1 768w\" sizes=\"(max-width: 800px) 100vw, 800px\" \/><\/figure>\n<\/div>\n<\/div>\n<\/div>\n\n<div class=\"wp-block-group alignfull is-style-default is-content-justification-center is-layout-constrained wp-container-core-group-is-layout-69af11d0 wp-block-group-is-layout-constrained\" style=\"margin-top:0;margin-bottom:0;padding-top:var(--wp--preset--spacing--40);padding-bottom:var(--wp--preset--spacing--40)\">\n<div class=\"wp-block-group alignfull is-content-justification-center is-layout-constrained wp-container-core-group-is-layout-4853c3a7 wp-block-group-is-layout-constrained\" style=\"margin-top:0;margin-bottom:0;padding-top:calc( 0.5 * var(u002du002dwpu002du002dstyleu002du002drootu002du002dpadding-right, var(u002du002dwpu002du002dcustomu002du002dgapu002du002dhorizontal)));padding-right:var(u002du002dwpu002du002dstyleu002du002drootu002du002dpadding-right, var(u002du002dwpu002du002dcustomu002du002dgapu002du002dhorizontal));padding-bottom:calc( 0.5 * var(u002du002dwpu002du002dstyleu002du002drootu002du002dpadding-right, var(u002du002dwpu002du002dcustomu002du002dgapu002du002dhorizontal)));padding-left:var(u002du002dwpu002du002dstyleu002du002drootu002du002dpadding-left, var(u002du002dwpu002du002dcustomu002du002dgapu002du002dhorizontal))\">\n<div style=\"height:calc( 0.25 * var(u002du002dwpu002du002dstyleu002du002drootu002du002dpadding-right, var(u002du002dwpu002du002dcustomu002du002dgapu002du002dhorizontal)))\" aria-hidden=\"true\" class=\"wp-block-spacer\"><\/div>\n\n\n\n<div class=\"wp-block-columns alignwide is-layout-flex wp-container-core-columns-is-layout-7387b849 wp-block-columns-is-layout-flex\">\n<div class=\"wp-block-column is-vertically-aligned-center is-layout-flow wp-block-column-is-layout-flow\">\n<figure class=\"wp-block-image size-full\"><img data-recalc-dims=\"1\" loading=\"lazy\" decoding=\"async\" width=\"467\" height=\"579\" src=\"https:\/\/i0.wp.com\/bno-travel.com\/wp-content\/uploads\/2025\/06\/52200127764_e04c4f3d8d_c-e1751028430750.jpg?resize=467%2C579&#038;ssl=1\" alt=\"Spa y ba&#xF1;os en S&#xE4;len\" class=\"wp-image-2512\" style=\"aspect-ratio:3\/4;object-fit:cover\" srcset=\"https:\/\/i0.wp.com\/bno-travel.com\/wp-content\/uploads\/2025\/06\/52200127764_e04c4f3d8d_c-e1751028430750.jpg?w=467&amp;ssl=1 467w, https:\/\/i0.wp.com\/bno-travel.com\/wp-content\/uploads\/2025\/06\/52200127764_e04c4f3d8d_c-e1751028430750.jpg?resize=242%2C300&amp;ssl=1 242w\" sizes=\"(max-width: 467px) 100vw, 467px\" \/><\/figure>\n<\/div>\n\n\n\n<div class=\"wp-block-column is-vertically-aligned-center is-layout-flow wp-block-column-is-layout-flow\">\n<p class=\"wp-block-paragraph\"><strong>Actividades de verano que encajan antes o despu\u00e9s del spa:<\/strong><\/p>\n\n\n\n<ul class=\"wp-block-list\">\n<li>Ciclismo de sendero y de descenso en Lindvallen y Hundfj\u00e4llet<\/li>\n\n\n\n<li>Golf en el hermoso campo de S\u00e4lenfj\u00e4llen con vistas a la monta\u00f1a<\/li>\n\n\n\n<li>Senderismo en H\u00f6gfj\u00e4llet y en Storfj\u00e4llsgraven<\/li>\n\n\n\n<li>Pesca y pirag\u00fcismo en lagos y r\u00edos de monta\u00f1a<\/li>\n\n\n\n<li>Parques de escalada y tirolinas para toda la familia<\/li>\n<\/ul>\n\n\n\n<p class=\"has-text-align-left wp-block-paragraph\"><strong>Reserva tus vacaciones con BNO TRAVEL - Vive S\u00e4len con comodidad, actividades y bienestar<\/strong><\/p>\n\n\n\n<p class=\"wp-block-paragraph\">Tanto si est\u00e1s planeando unas vacaciones activas de invierno, una experiencia estival en las monta\u00f1as y bosques, o una escapada relajante de fin de semana, <strong>BNO TRAVEL<\/strong> puede ayudarte a adaptar una estancia a tus necesidades. Ofrecemos soluciones de paquetes completos con alojamiento y grandes sugerencias de actividades, como balneario, bolera, ciclismo, esqu\u00ed de fondo y mucho m\u00e1s. <\/p>\n\n\n\n<p class=\"wp-block-paragraph\"><strong>Reg\u00e1late un soplo de aire fresco. Experimenta el balneario y los ba\u00f1os de S\u00e4len, con piscinas calientes, vistas a la monta\u00f1a y aut\u00e9ntica tranquilidad de las monta\u00f1as suecas. <\/strong>  Ponte en contacto con nosotros hoy mismo para encontrar el equilibrio perfecto entre actividad y relajaci\u00f3n.<\/p>\n\n\n\n<p class=\"wp-block-paragraph\">Cuando se trata de <a href=\"https:\/\/bno-travel.com\/es\/?page_id=2742\">alojamiento<\/a> en S\u00e4len, ofrecemos casas en varias de las zonas m\u00e1s atractivas:<\/p>\n\n\n\n<p class=\"wp-block-paragraph\"><strong>Lindvallen<\/strong><br\/>La zona m\u00e1s c\u00e9ntrica y animada de S\u00e4len. Aqu\u00ed estar\u00e1s cerca de remontes, tiendas, restaurantes, apr\u00e8s-ski y el centro de aventuras Experium con parque acu\u00e1tico y spa. Perfecta para quienes quieren estar a un paso de todo y desean combinar esqu\u00ed, comida y actividades. Los apartamentos y hoteles de gran confort la convierten en una elecci\u00f3n popular durante todo el a\u00f1o.   <\/p>\n\n\n\n<p class=\"wp-block-paragraph\"><strong>Tand\u00e5dalen y Hundfj\u00e4llet<\/strong><br\/>Estas zonas ofrecen un entorno m\u00e1s tranquilo y una red de pistas y pistas de esqu\u00ed bien desarrollada. Aqu\u00ed encontrar\u00e1s muchas caba\u00f1as y apartamentos con entrada y salida de esqu\u00ed, pistas aptas para familias, pistas de esqu\u00ed de fondo y posibilidades de practicar senderismo justo a tu puerta. Perfecto para familias con ni\u00f1os y grupos de amigos que quieran estar cerca de la naturaleza y las actividades.  <\/p>\n\n\n\n<p class=\"wp-block-paragraph\"><strong>H\u00f6gfj\u00e4llet<\/strong><br\/>Una cl\u00e1sica zona de monta\u00f1a con acogedoras caba\u00f1as, pistas de esqu\u00ed de fondo en un entorno pintoresco y a poca distancia tanto de Lindvallen como de terrenos de alta monta\u00f1a. H\u00f6gfj\u00e4llet es ideal si buscas una aut\u00e9ntica sensaci\u00f3n de monta\u00f1a y un ambiente m\u00e1s tranquilo, sin dejar de tener acceso a todo lo que S\u00e4len tiene que ofrecer. <\/p>\n\n\n\n<p class=\"wp-block-paragraph\"><strong>Ponte en contacto con nosotros hoy mismo para planificar tus pr\u00f3ximas vacaciones en S\u00e4len, y no olvides reservar tiempo para la relajaci\u00f3n, la buena comida y las actividades adecuadas para toda la familia.<\/strong>  Con BNO TRAVEL, tendr\u00e1s unas vacaciones en la monta\u00f1a a tu medida.<\/p>\n<\/div>\n<\/div>\n\n\n\n<div style=\"height:calc( 0.25 * var(u002du002dwpu002du002dstyleu002du002drootu002du002dpadding-right, var(u002du002dwpu002du002dcustomu002du002dgapu002du002dhorizontal)))\" aria-hidden=\"true\" class=\"wp-block-spacer\"><\/div>\n<\/div>\n<\/div>\n\n<div class=\"wp-block-group alignfull is-style-default is-content-justification-center is-layout-constrained wp-container-core-group-is-layout-cdf99998 wp-block-group-is-layout-constrained\" style=\"margin-top:0;margin-bottom:0;padding-top:var(--wp--preset--spacing--40);padding-bottom:var(--wp--preset--spacing--40)\"><\/div>\n\n<p class=\"wp-block-paragraph\"><\/p>\n","protected":false},"excerpt":{"rendered":"<p>Balneario y ba\u00f1os en S\u00e4len - Bienestar y relajaci\u00f3n en un entorno de monta\u00f1a S\u00e4len no es s\u00f3lo esqu\u00ed, ciclismo y actividades al aire libre: tambi\u00e9n es un destino fant\u00e1stico para quienes buscan tranquilidad, recuperaci\u00f3n y aut\u00e9ntica armon\u00eda monta\u00f1esa. Tanto si vienes a pasar un fin de semana rom\u00e1ntico, unas vacaciones en familia o simplemente [&hellip;]<\/p>\n","protected":false},"author":260013438,"featured_media":0,"parent":0,"menu_order":0,"comment_status":"closed","ping_status":"closed","template":"","meta":{"_crdt_document":"","footnotes":""},"class_list":["post-4178","page","type-page","status-publish","hentry"],"jetpack_likes_enabled":true,"jetpack_sharing_enabled":true,"jetpack_shortlink":"https:\/\/wp.me\/PgDuwj-15o","jetpack-related-posts":[{"id":4238,"url":"https:\/\/bno-travel.com\/es\/spa-y-banos-en-trysil\/","url_meta":{"origin":4178,"position":0},"title":"Spa y ba\u00f1os en Trysil","author":"Jan Terje \u00c5s","date":"18 de julio de 2025","format":false,"excerpt":"Spa y ba\u00f1o en Trysil - Relajaci\u00f3n y bienestar en la monta\u00f1a Trysil no es s\u00f3lo para los que buscan velocidad y emoci\u00f3n, tambi\u00e9n es un destino para los que buscan tranquilidad, bienestar y aut\u00e9ntico ambiente de monta\u00f1a. Con una buena selecci\u00f3n de experiencias de spa y ba\u00f1o tanto para\u2026","rel":"","context":"Entrada similar","block_context":{"text":"Entrada similar","link":""},"img":{"alt_text":"Spa og bad i Trysil","src":"https:\/\/i0.wp.com\/bno-travel.com\/wp-content\/uploads\/2025\/07\/52199820901_706171c188_c.jpg?resize=350%2C200&ssl=1","width":350,"height":200,"srcset":"https:\/\/i0.wp.com\/bno-travel.com\/wp-content\/uploads\/2025\/07\/52199820901_706171c188_c.jpg?resize=350%2C200&ssl=1 1x, https:\/\/i0.wp.com\/bno-travel.com\/wp-content\/uploads\/2025\/07\/52199820901_706171c188_c.jpg?resize=525%2C300&ssl=1 1.5x, https:\/\/i0.wp.com\/bno-travel.com\/wp-content\/uploads\/2025\/07\/52199820901_706171c188_c.jpg?resize=700%2C400&ssl=1 2x"},"classes":[]},{"id":3833,"url":"https:\/\/bno-travel.com\/nl\/kuuroorden-en-baden-in-salen\/","url_meta":{"origin":4178,"position":1},"title":"Kuuroorden en baden in S\u00e4len","author":"Jan Terje \u00c5s","date":"18 de julio de 2025","format":false,"excerpt":"Spa en baden in S\u00e4len - Wellness en ontspanning in een bergomgeving S\u00e4len draait niet alleen om ski\u00ebn, fietsen en de natuur - het is ook een fantastische bestemming voor mensen die op zoek zijn naar rust, herstel en harmonie in de bergen. Of je nu komt voor een romantisch\u2026","rel":"","context":"Entrada similar","block_context":{"text":"Entrada similar","link":""},"img":{"alt_text":"","src":"https:\/\/i0.wp.com\/bno-travel.com\/wp-content\/uploads\/2025\/07\/52200128044_b550a6c33d_c.jpg?resize=350%2C200&ssl=1","width":350,"height":200,"srcset":"https:\/\/i0.wp.com\/bno-travel.com\/wp-content\/uploads\/2025\/07\/52200128044_b550a6c33d_c.jpg?resize=350%2C200&ssl=1 1x, https:\/\/i0.wp.com\/bno-travel.com\/wp-content\/uploads\/2025\/07\/52200128044_b550a6c33d_c.jpg?resize=525%2C300&ssl=1 1.5x, https:\/\/i0.wp.com\/bno-travel.com\/wp-content\/uploads\/2025\/07\/52200128044_b550a6c33d_c.jpg?resize=700%2C400&ssl=1 2x"},"classes":[]},{"id":4174,"url":"https:\/\/bno-travel.com\/sv\/spa-och-bad-i-salen\/","url_meta":{"origin":4178,"position":2},"title":"Spa och bad i S\u00e4len","author":"Jan Terje \u00c5s","date":"18 de julio de 2025","format":false,"excerpt":"Spa och bad i S\u00e4len - Wellness och avkoppling i fj\u00e4llmilj\u00f6 S\u00e4len \u00e4r inte bara skid\u00e5kning, cykling och friluftsliv - det \u00e4r ocks\u00e5 en fantastisk destination f\u00f6r dig som s\u00f6ker lugn, \u00e5terh\u00e4mtning och sann fj\u00e4llharmoni. Oavsett om du kommer f\u00f6r en romantisk weekend, en familjesemester eller bara vill ladda batterierna\u2026","rel":"","context":"Entrada similar","block_context":{"text":"Entrada similar","link":""},"img":{"alt_text":"","src":"https:\/\/i0.wp.com\/bno-travel.com\/wp-content\/uploads\/2025\/07\/52200128044_b550a6c33d_c.jpg?resize=350%2C200&ssl=1","width":350,"height":200,"srcset":"https:\/\/i0.wp.com\/bno-travel.com\/wp-content\/uploads\/2025\/07\/52200128044_b550a6c33d_c.jpg?resize=350%2C200&ssl=1 1x, https:\/\/i0.wp.com\/bno-travel.com\/wp-content\/uploads\/2025\/07\/52200128044_b550a6c33d_c.jpg?resize=525%2C300&ssl=1 1.5x, https:\/\/i0.wp.com\/bno-travel.com\/wp-content\/uploads\/2025\/07\/52200128044_b550a6c33d_c.jpg?resize=700%2C400&ssl=1 2x"},"classes":[]},{"id":3829,"url":"https:\/\/bno-travel.com\/da\/spa-og-bad-i-salen\/","url_meta":{"origin":4178,"position":3},"title":"Spa og bad i S\u00e4len","author":"Jan Terje \u00c5s","date":"18 de julio de 2025","format":false,"excerpt":"Spa og bad i S\u00e4len - Wellness og afslapning i et fjeldmilj\u00f8 S\u00e4len handler ikke kun om skil\u00f8b, cykling og friluftsliv - det er ogs\u00e5 en fantastisk destination for dem, der s\u00f8ger ro, restitution og \u00e6gte bjergharmoni. Uanset om du kommer p\u00e5 en romantisk weekend, en familieferie eller bare vil\u2026","rel":"","context":"Entrada similar","block_context":{"text":"Entrada similar","link":""},"img":{"alt_text":"","src":"https:\/\/i0.wp.com\/bno-travel.com\/wp-content\/uploads\/2025\/07\/52200128044_b550a6c33d_c.jpg?resize=350%2C200&ssl=1","width":350,"height":200,"srcset":"https:\/\/i0.wp.com\/bno-travel.com\/wp-content\/uploads\/2025\/07\/52200128044_b550a6c33d_c.jpg?resize=350%2C200&ssl=1 1x, https:\/\/i0.wp.com\/bno-travel.com\/wp-content\/uploads\/2025\/07\/52200128044_b550a6c33d_c.jpg?resize=525%2C300&ssl=1 1.5x, https:\/\/i0.wp.com\/bno-travel.com\/wp-content\/uploads\/2025\/07\/52200128044_b550a6c33d_c.jpg?resize=700%2C400&ssl=1 2x"},"classes":[]},{"id":3802,"url":"https:\/\/bno-travel.com\/spa-og-bad-i-salen-en-aktivitet-for-liten-og-stor\/","url_meta":{"origin":4178,"position":4},"title":"Spa og bad i S\u00e4len","author":"Jan Terje \u00c5s","date":"18 de julio de 2025","format":false,"excerpt":"Spa og bad i S\u00e4len Velv\u00e6re, varme bassenger og ekte fjellro \u2013 for deg som vil kombinere aktivitet med avslapning i S\u00e4len S\u00e4len er mer enn ski, sykling og friluftsliv. Det er ogs\u00e5 et reisem\u00e5l for ro, restitusjon og gode pauser i vakre fjellomgivelser. Her kan du kombinere varme bassenger,\u2026","rel":"","context":"Entrada similar","block_context":{"text":"Entrada similar","link":""},"img":{"alt_text":"","src":"","width":0,"height":0},"classes":[]},{"id":2739,"url":"https:\/\/bno-travel.com\/es\/descubre-salenfjellet-todo-el-ano-para-veraneantes-activos\/","url_meta":{"origin":4178,"position":5},"title":"Descubre S\u00e4lenfjellet - La aventura empieza aqu\u00ed","author":"Jan Terje \u00c5s","date":"18 de julio de 2025","format":false,"excerpt":"Descubre S\u00e4len \u2605\u2605\u2605\u2605\u2605 Aqu\u00ed puedes encontrar alojamientos en S\u00e4len Descubre S\u00e4len y S\u00e4lenfjellet, un destino para todo el a\u00f1o que combina una naturaleza impresionante con una amplia gama de actividades y experiencias. Con BNO TRAVEL, viajar a S\u00e4len es f\u00e1cil y c\u00f3modo, tanto si buscas aventuras invernales en la nieve\u2026","rel":"","context":"Entrada similar","block_context":{"text":"Entrada similar","link":""},"img":{"alt_text":"","src":"https:\/\/i0.wp.com\/bno-travel.com\/wp-content\/uploads\/2025\/06\/2016JH070404.jpg?resize=350%2C200&ssl=1","width":350,"height":200,"srcset":"https:\/\/i0.wp.com\/bno-travel.com\/wp-content\/uploads\/2025\/06\/2016JH070404.jpg?resize=350%2C200&ssl=1 1x, https:\/\/i0.wp.com\/bno-travel.com\/wp-content\/uploads\/2025\/06\/2016JH070404.jpg?resize=525%2C300&ssl=1 1.5x, https:\/\/i0.wp.com\/bno-travel.com\/wp-content\/uploads\/2025\/06\/2016JH070404.jpg?resize=700%2C400&ssl=1 2x, https:\/\/i0.wp.com\/bno-travel.com\/wp-content\/uploads\/2025\/06\/2016JH070404.jpg?resize=1050%2C600&ssl=1 3x, https:\/\/i0.wp.com\/bno-travel.com\/wp-content\/uploads\/2025\/06\/2016JH070404.jpg?resize=1400%2C800&ssl=1 4x"},"classes":[]}],"_links":{"self":[{"href":"https:\/\/bno-travel.com\/es\/wp-json\/wp\/v2\/pages\/4178","targetHints":{"allow":["GET"]}}],"collection":[{"href":"https:\/\/bno-travel.com\/es\/wp-json\/wp\/v2\/pages"}],"about":[{"href":"https:\/\/bno-travel.com\/es\/wp-json\/wp\/v2\/types\/page"}],"author":[{"embeddable":true,"href":"https:\/\/bno-travel.com\/es\/wp-json\/wp\/v2\/users\/260013438"}],"replies":[{"embeddable":true,"href":"https:\/\/bno-travel.com\/es\/wp-json\/wp\/v2\/comments?post=4178"}],"version-history":[{"count":2,"href":"https:\/\/bno-travel.com\/es\/wp-json\/wp\/v2\/pages\/4178\/revisions"}],"predecessor-version":[{"id":5396,"href":"https:\/\/bno-travel.com\/es\/wp-json\/wp\/v2\/pages\/4178\/revisions\/5396"}],"wp:attachment":[{"href":"https:\/\/bno-travel.com\/es\/wp-json\/wp\/v2\/media?parent=4178"}],"curies":[{"name":"wp","href":"https:\/\/api.w.org\/{rel}","templated":true}]}}