{"id":4195,"date":"2025-07-18T20:35:21","date_gmt":"2025-07-18T18:35:21","guid":{"rendered":"https:\/\/bno-travel.com\/?page_id=4195"},"modified":"2025-07-18T20:36:02","modified_gmt":"2025-07-18T18:36:02","slug":"parque-de-escalada-en-salen","status":"publish","type":"page","link":"https:\/\/bno-travel.com\/es\/parque-de-escalada-en-salen\/","title":{"rendered":"Parque de escalada en S\u00e4len"},"content":{"rendered":"\n<p class=\"wp-block-paragraph\"><\/p>\n\n<div class=\"wp-block-cover alignfull\" style=\"margin-top:0;margin-bottom:0;padding-top:var(--wp--preset--spacing--20);padding-right:var(--wp--preset--spacing--40);padding-bottom:var(--wp--preset--spacing--20);padding-left:var(--wp--preset--spacing--40);min-height:917px;aspect-ratio:unset;\"><img data-recalc-dims=\"1\" fetchpriority=\"high\" decoding=\"async\" width=\"800\" height=\"534\" class=\"wp-block-cover__image-background wp-image-2239 size-full\" alt=\"\" src=\"https:\/\/i0.wp.com\/bno-travel.com\/wp-content\/uploads\/2025\/06\/43124442155_8f90996eef_c.jpg?resize=800%2C534&#038;ssl=1\" style=\"object-position:54% 56%\" data-object-fit=\"cover\" data-object-position=\"54% 56%\" srcset=\"https:\/\/i0.wp.com\/bno-travel.com\/wp-content\/uploads\/2025\/06\/43124442155_8f90996eef_c.jpg?w=800&amp;ssl=1 800w, https:\/\/i0.wp.com\/bno-travel.com\/wp-content\/uploads\/2025\/06\/43124442155_8f90996eef_c.jpg?resize=300%2C200&amp;ssl=1 300w, https:\/\/i0.wp.com\/bno-travel.com\/wp-content\/uploads\/2025\/06\/43124442155_8f90996eef_c.jpg?resize=768%2C513&amp;ssl=1 768w\" sizes=\"(max-width: 800px) 100vw, 800px\" \/><span aria-hidden=\"true\" class=\"wp-block-cover__background has-theme-1-background-color has-background-dim-30 has-background-dim\"><\/span><div class=\"wp-block-cover__inner-container is-layout-flow wp-block-cover-is-layout-flow\">\n<div style=\"height:var(--wp--preset--spacing--50)\" aria-hidden=\"true\" class=\"wp-block-spacer\"><\/div>\n\n\n\n<div style=\"height:var(--wp--preset--spacing--50)\" aria-hidden=\"true\" class=\"wp-block-spacer\"><\/div>\n<\/div><\/div>\n\n<div class=\"wp-block-group alignfull is-style-section-3 is-layout-constrained wp-block-group-is-layout-constrained\" style=\"margin-top:0;margin-bottom:0;padding-top:var(--wp--preset--spacing--40);padding-bottom:var(--wp--preset--spacing--40)\">\n<div class=\"wp-block-columns alignwide are-vertically-aligned-center is-layout-flex wp-container-core-columns-is-layout-d9ad523d wp-block-columns-is-layout-flex\">\n<div class=\"wp-block-column is-vertically-aligned-center is-layout-flow wp-block-column-is-layout-flow\">\n<figure class=\"wp-block-image size-full\"><img data-recalc-dims=\"1\" decoding=\"async\" width=\"800\" height=\"534\" src=\"https:\/\/i0.wp.com\/bno-travel.com\/wp-content\/uploads\/2025\/06\/43311668904_2a700093da_c.jpg?resize=800%2C534&#038;ssl=1\" alt=\"Parque de escalada en S&#xE4;len\" class=\"wp-image-2434\" style=\"aspect-ratio:3\/4;object-fit:cover\" title=\"t&#xED;tulo\" srcset=\"https:\/\/i0.wp.com\/bno-travel.com\/wp-content\/uploads\/2025\/06\/43311668904_2a700093da_c.jpg?w=800&amp;ssl=1 800w, https:\/\/i0.wp.com\/bno-travel.com\/wp-content\/uploads\/2025\/06\/43311668904_2a700093da_c.jpg?resize=300%2C200&amp;ssl=1 300w, https:\/\/i0.wp.com\/bno-travel.com\/wp-content\/uploads\/2025\/06\/43311668904_2a700093da_c.jpg?resize=768%2C513&amp;ssl=1 768w\" sizes=\"(max-width: 800px) 100vw, 800px\" \/><\/figure>\n<\/div>\n\n\n\n<div class=\"wp-block-column is-vertically-aligned-center is-content-justification-left is-layout-constrained wp-container-core-column-is-layout-b64f6bf5 wp-block-column-is-layout-constrained\">\n<p class=\"wp-block-paragraph\"><\/p>\n\n\n\n<h2 class=\"wp-block-heading\"><strong>Parque de escalada en S\u00e4len - Emoci\u00f3n, maestr\u00eda y diversi\u00f3n para toda la familia<\/strong><\/h2>\n\n\n\n<p class=\"wp-block-paragraph\">Bienvenido a <a href=\"https:\/\/www.skistar.com\/sv\/vara-skidorter\/salen\/sommar-i-salen\/aktiviteter\/klatterpark\/\" target=\"_blank\" rel=\"noopener\"><strong>H\u00f6gt &amp; L\u00e5gt S\u00e4len<\/strong>, un parque de escalada moderno y familiar<\/a> bellamente situado junto a Svansj\u00f6n, en Lindvallen. Aqu\u00ed encontrar\u00e1s tirolinas a\u00e9reas, emocionantes carreras de obst\u00e1culos en los \u00e1rboles y desaf\u00edos para ni\u00f1os peque\u00f1os, adolescentes, adultos y aventureros en busca de adrenalina. <\/p>\n\n\n\n<p class=\"wp-block-paragraph\">Con <strong>BNO TRAVEL<\/strong>, puedes planificar y reservar f\u00e1cilmente unas vacaciones activas en S\u00e4len, donde el parque de escalada ser\u00e1 un punto culminante natural, tanto si viajas en familia, con amigos o en un viaje de empresa.<\/p>\n\n\n\n<p class=\"wp-block-paragraph\"><strong>Una experiencia para todas las edades<\/strong><\/p>\n\n\n\n<p class=\"wp-block-paragraph\">El parque de escalada de S\u00e4len tiene rutas aptas para ni\u00f1os a partir de 3 a\u00f1os (desde una altura de 80 cm), y varias rutas para j\u00f3venes y adultos que quieran m\u00e1s emoci\u00f3n y retos m\u00e1s altos. Combina maestr\u00eda, movimiento y experiencia en la naturaleza de forma segura y divertida. <\/p>\n\n\n\n<p class=\"wp-block-paragraph\">Es una actividad ideal para:<\/p>\n\n\n\n<ul class=\"wp-block-list\">\n<li>Vacaciones en familia<\/li>\n\n\n\n<li>Formaci\u00f3n de equipos y viajes de empresa<\/li>\n\n\n\n<li>Grupos de amigos y despedidas de soltero<\/li>\n\n\n\n<li>Parejas activas y viajeros en solitario<\/li>\n<\/ul>\n\n\n\n<p class=\"wp-block-paragraph\">Escalar juntos, desafiar tus propios l\u00edmites y experimentar la maestr\u00eda en las alturas proporciona compa\u00f1erismo y buenos recuerdos. El parque de escalada de S\u00e4len es una visita obligada para cualquiera que busque una experiencia activa de verano en la monta\u00f1a, con grandes recuerdos y aut\u00e9ntica camarader\u00eda.<\/p>\n<\/div>\n<\/div>\n<\/div>\n\n<div class=\"wp-block-group alignfull is-style-default is-content-justification-center is-layout-constrained wp-container-core-group-is-layout-69af11d0 wp-block-group-is-layout-constrained\" style=\"margin-top:0;margin-bottom:0;padding-top:var(--wp--preset--spacing--40);padding-bottom:var(--wp--preset--spacing--40)\">\n<div class=\"wp-block-group alignwide is-content-justification-left is-layout-constrained wp-container-core-group-is-layout-54d22900 wp-block-group-is-layout-constrained\"><\/div>\n<\/div>\n\n<div class=\"wp-block-group alignfull is-content-justification-center is-layout-constrained wp-block-group-is-layout-constrained\" style=\"margin-top:0;margin-bottom:0;padding-top:var(--wp--preset--spacing--40);padding-bottom:var(--wp--preset--spacing--40)\">\n<div class=\"wp-block-columns alignwide are-vertically-aligned-center is-layout-flex wp-container-core-columns-is-layout-7387b849 wp-block-columns-is-layout-flex\">\n<div class=\"wp-block-column is-vertically-aligned-center is-content-justification-left is-layout-constrained wp-container-core-column-is-layout-b64f6bf5 wp-block-column-is-layout-constrained\">\n<h2 class=\"wp-block-heading has-xx-large-font-size\"><strong>Datos sobre el parque de escalada de S\u00e4len<\/strong><\/h2>\n\n\n\n<p class=\"wp-block-paragraph\">El parque de escalada de S\u00e4len est\u00e1 id\u00edlicamente situado junto a Svansj\u00f6n, en Lindvallen, justo en el coraz\u00f3n de las monta\u00f1as de S\u00e4len. El parque forma parte de la amplia gama de actividades de verano y oto\u00f1o de SkiStar y ofrece una emocionante combinaci\u00f3n de naturaleza, actividad f\u00edsica y maestr\u00eda para toda la familia. Aqu\u00ed encontrar\u00e1s:  <\/p>\n\n\n\n<ul class=\"wp-block-list\">\n<li>M\u00e1s de <strong>75 obst\u00e1culos y actividades<\/strong> en altura<\/li>\n\n\n\n<li><strong>9 v\u00edas de escalada diferentes<\/strong>, adaptadas a diferentes alturas, edades y niveles de habilidad<\/li>\n\n\n\n<li><strong>11 tirolinas<\/strong>, incluidas tres que planean sobre el agua<\/li>\n\n\n\n<li><strong>Senderos<\/strong> dedicados <strong>para ni\u00f1os a partir de 80 cm de altura<\/strong>, y rutas m\u00e1s exigentes para escaladores experimentados<\/li>\n\n\n\n<li>Enf\u00f3cate en la seguridad con modernos <strong>arneses y un sistema de aseguramiento continuo<\/strong><\/li>\n\n\n\n<li>Instalaciones como <strong>patios, bancos y merenderos<\/strong> junto al lago<\/li>\n<\/ul>\n\n\n\n<p class=\"wp-block-paragraph\">El parque est\u00e1 cuidadosamente clasificado por niveles de dificultad, para que todos, desde los ni\u00f1os m\u00e1s peque\u00f1os hasta los adultos con experiencia en escalada, puedan encontrar retos adecuados. Puedes empezar por las rutas verdes, las m\u00e1s f\u00e1ciles, e ir subiendo hasta las azules, rojas y negras para conseguir la m\u00e1xima altura y emoci\u00f3n. <\/p>\n\n\n\n<p class=\"wp-block-paragraph\"><strong>Consejos extra: Vive el verano en S\u00e4len<\/strong><\/p>\n\n\n\n<p class=\"wp-block-paragraph\">El parque de escalada es s\u00f3lo una de las muchas actividades de verano en S\u00e4len. Una vez aqu\u00ed, tambi\u00e9n puedes explorar el senderismo, el ciclismo, el pirag\u00fcismo y la pesca, todo ello en el hermoso paisaje monta\u00f1oso sueco. Para quienes buscan unas vacaciones activas con ritmo y tranquilidad a la vez, S\u00e4len ofrece una amplia gama de experiencias.  <\/p>\n<\/div>\n\n\n\n<div class=\"wp-block-column is-vertically-aligned-center is-layout-flow wp-block-column-is-layout-flow\">\n<figure class=\"wp-block-image size-full\"><img data-recalc-dims=\"1\" decoding=\"async\" width=\"800\" height=\"534\" src=\"https:\/\/i0.wp.com\/bno-travel.com\/wp-content\/uploads\/2025\/06\/43124440865_479eca7e07_c.jpg?resize=800%2C534&#038;ssl=1\" alt=\"Parque de escalada en Trysil\" class=\"wp-image-2421\" style=\"aspect-ratio:3\/4;object-fit:cover\" srcset=\"https:\/\/i0.wp.com\/bno-travel.com\/wp-content\/uploads\/2025\/06\/43124440865_479eca7e07_c.jpg?w=800&amp;ssl=1 800w, https:\/\/i0.wp.com\/bno-travel.com\/wp-content\/uploads\/2025\/06\/43124440865_479eca7e07_c.jpg?resize=300%2C200&amp;ssl=1 300w, https:\/\/i0.wp.com\/bno-travel.com\/wp-content\/uploads\/2025\/06\/43124440865_479eca7e07_c.jpg?resize=768%2C513&amp;ssl=1 768w\" sizes=\"(max-width: 800px) 100vw, 800px\" \/><\/figure>\n<\/div>\n<\/div>\n<\/div>\n\n<div class=\"wp-block-group alignfull is-style-default is-content-justification-center is-layout-constrained wp-container-core-group-is-layout-69af11d0 wp-block-group-is-layout-constrained\" style=\"margin-top:0;margin-bottom:0;padding-top:var(--wp--preset--spacing--40);padding-bottom:var(--wp--preset--spacing--40)\">\n<div class=\"wp-block-group alignfull is-content-justification-center is-layout-constrained wp-container-core-group-is-layout-4853c3a7 wp-block-group-is-layout-constrained\" style=\"margin-top:0;margin-bottom:0;padding-top:calc( 0.5 * var(u002du002dwpu002du002dstyleu002du002drootu002du002dpadding-right, var(u002du002dwpu002du002dcustomu002du002dgapu002du002dhorizontal)));padding-right:var(u002du002dwpu002du002dstyleu002du002drootu002du002dpadding-right, var(u002du002dwpu002du002dcustomu002du002dgapu002du002dhorizontal));padding-bottom:calc( 0.5 * var(u002du002dwpu002du002dstyleu002du002drootu002du002dpadding-right, var(u002du002dwpu002du002dcustomu002du002dgapu002du002dhorizontal)));padding-left:var(u002du002dwpu002du002dstyleu002du002drootu002du002dpadding-left, var(u002du002dwpu002du002dcustomu002du002dgapu002du002dhorizontal))\">\n<div style=\"height:calc( 0.25 * var(u002du002dwpu002du002dstyleu002du002drootu002du002dpadding-right, var(u002du002dwpu002du002dcustomu002du002dgapu002du002dhorizontal)))\" aria-hidden=\"true\" class=\"wp-block-spacer\"><\/div>\n\n\n\n<div class=\"wp-block-columns alignwide is-layout-flex wp-container-core-columns-is-layout-7387b849 wp-block-columns-is-layout-flex\">\n<div class=\"wp-block-column is-vertically-aligned-center is-layout-flow wp-block-column-is-layout-flow\">\n<figure class=\"wp-block-image size-full\"><img data-recalc-dims=\"1\" loading=\"lazy\" decoding=\"async\" width=\"800\" height=\"534\" src=\"https:\/\/i0.wp.com\/bno-travel.com\/wp-content\/uploads\/2025\/07\/20D.jpg?resize=800%2C534&#038;ssl=1\" alt=\"D&#xF3;nde dormir en S&#xE4;len\" class=\"wp-image-5262\" style=\"aspect-ratio:3\/4;object-fit:cover\" srcset=\"https:\/\/i0.wp.com\/bno-travel.com\/wp-content\/uploads\/2025\/07\/20D.jpg?w=1200&amp;ssl=1 1200w, https:\/\/i0.wp.com\/bno-travel.com\/wp-content\/uploads\/2025\/07\/20D.jpg?resize=300%2C200&amp;ssl=1 300w, https:\/\/i0.wp.com\/bno-travel.com\/wp-content\/uploads\/2025\/07\/20D.jpg?resize=1024%2C684&amp;ssl=1 1024w, https:\/\/i0.wp.com\/bno-travel.com\/wp-content\/uploads\/2025\/07\/20D.jpg?resize=768%2C513&amp;ssl=1 768w\" sizes=\"(max-width: 800px) 100vw, 800px\" \/><\/figure>\n<\/div>\n\n\n\n<div class=\"wp-block-column is-vertically-aligned-center is-layout-flow wp-block-column-is-layout-flow\">\n<p class=\"has-text-align-left wp-block-paragraph\"><strong>Estas actividades combinan experiencia en la naturaleza, adrenalina y relajaci\u00f3n de una forma \u00fanica.<\/strong><\/p>\n\n\n\n<p class=\"wp-block-paragraph\"><strong>Alojamiento en S\u00e4len - al\u00f3jate cerca de las actividades<\/strong><\/p>\n\n\n\n<p class=\"wp-block-paragraph\"><strong>BNO TRAVEL<\/strong> ofrece una variada gama de <a href=\"https:\/\/bno-travel.com\/es\/alojamiento\/\">opciones de alojamiento <\/a>en S\u00e4len, situadas en Lindvallen, H\u00f6gfj\u00e4llet, Tand\u00e5dalen y Hundfj\u00e4llet y sus alrededores. Aqu\u00ed puedes elegir entre: <\/p>\n\n\n\n<ul class=\"wp-block-list\">\n<li>Caba\u00f1as y apartamentos modernos de alto nivel y a poca distancia del parque de escalada<\/li>\n\n\n\n<li>Unidades familiares con mucho espacio y pr\u00e1cticas comodidades<\/li>\n\n\n\n<li>Alojamiento en un entorno tranquilo - cerca de las monta\u00f1as, el agua y las posibilidades de hacer senderismo<\/li>\n<\/ul>\n\n\n\n<p class=\"wp-block-paragraph\">Todas las opciones de alojamiento te ofrecen f\u00e1cil acceso a experiencias en la naturaleza, rutas de senderismo, carriles bici y zonas de actividades. Con nuestra ayuda, encontrar\u00e1s el lugar que m\u00e1s te convenga, tanto si buscas un alto nivel de confort, una opci\u00f3n econ\u00f3mica o algo intermedio. Los precios durante la temporada de verano suelen ser muy favorables, lo que convierte <strong>a S\u00e4len en una opci\u00f3n asequible para unas vacaciones activas<\/strong>.  <\/p>\n\n\n\n<p class=\"wp-block-paragraph\">Un consejo extra: Tr\u00e1ete la bici y las botas de monta\u00f1a: la zona ofrece innumerables oportunidades para hacer excursiones, tanto tranquilas como exigentes, por la hermosa naturaleza de las monta\u00f1as suecas.<\/p>\n\n\n\n<p class=\"wp-block-paragraph\"><strong>Planifica tus vacaciones activas con BNO TRAVEL<\/strong><\/p>\n\n\n\n<p class=\"wp-block-paragraph\">En <strong>BNO TRAVEL<\/strong>, puedes confeccionar f\u00e1cilmente unas vacaciones llenas de actividad, naturaleza y grandes experiencias. Te ayudamos con: <\/p>\n\n\n\n<ul class=\"wp-block-list\">\n<li>Reserva del parque de escalada y otras actividades de la zona<\/li>\n\n\n\n<li>Alojamiento en toda la regi\u00f3n de S\u00e4len<\/li>\n\n\n\n<li>Consejos para comer, excursiones y puntos de inter\u00e9s locales<\/li>\n\n\n\n<li>Conocimiento local y servicio personalizado antes y durante tu estancia<\/li>\n<\/ul>\n\n\n\n<p class=\"wp-block-paragraph\">S\u00e4len es mucho m\u00e1s que un centro de deportes de invierno: es un destino para todo el a\u00f1o donde se dan cita la naturaleza, la actividad y las experiencias familiares. Tanto si quieres trepar por las copas de los \u00e1rboles, nadar en lagos de monta\u00f1a, recorrer senderos en bicicleta o simplemente disfrutar de la paz y la tranquilidad del aire de la monta\u00f1a, aqu\u00ed lo encontrar\u00e1s. <\/p>\n<\/div>\n<\/div>\n\n\n\n<div style=\"height:calc( 0.25 * var(u002du002dwpu002du002dstyleu002du002drootu002du002dpadding-right, var(u002du002dwpu002du002dcustomu002du002dgapu002du002dhorizontal)))\" aria-hidden=\"true\" class=\"wp-block-spacer\"><\/div>\n<\/div>\n\n\n\n<div class=\"wp-block-group alignwide is-content-justification-left is-layout-constrained wp-container-core-group-is-layout-54d22900 wp-block-group-is-layout-constrained\"><\/div>\n<\/div>\n\n<div class=\"wp-block-group alignfull is-style-default is-content-justification-center is-layout-constrained wp-container-core-group-is-layout-cdf99998 wp-block-group-is-layout-constrained\" style=\"margin-top:0;margin-bottom:0;padding-top:var(--wp--preset--spacing--40);padding-bottom:var(--wp--preset--spacing--40)\"><\/div>\n\n<p class=\"wp-block-paragraph\"><\/p>\n","protected":false},"excerpt":{"rendered":"<p>Parque de escalada en S\u00e4len - Emoci\u00f3n, maestr\u00eda y diversi\u00f3n para toda la familia Bienvenido a H\u00f6gt &amp; L\u00e5gt S\u00e4len, un parque de escalada moderno y familiar bellamente situado junto a Svansj\u00f6n, en Lindvallen. Aqu\u00ed encontrar\u00e1s tirolinas a\u00e9reas, emocionantes carreras de obst\u00e1culos en los \u00e1rboles y desaf\u00edos para ni\u00f1os peque\u00f1os, adolescentes, adultos y aventureros en [&hellip;]<\/p>\n","protected":false},"author":260013438,"featured_media":0,"parent":0,"menu_order":0,"comment_status":"closed","ping_status":"closed","template":"","meta":{"_crdt_document":"","footnotes":""},"class_list":["post-4195","page","type-page","status-publish","hentry"],"jetpack_likes_enabled":true,"jetpack_sharing_enabled":true,"jetpack_shortlink":"https:\/\/wp.me\/PgDuwj-15F","jetpack-related-posts":[{"id":3915,"url":"https:\/\/bno-travel.com\/pt-pt\/parque-de-escalada-em-salen\/","url_meta":{"origin":4195,"position":0},"title":"Parque de escalada em S\u00e4len","author":"Jan Terje \u00c5s","date":"18 de julio de 2025","format":false,"excerpt":"Parque de escalada em S\u00e4len - Emo\u00e7\u00e3o, mestria e divers\u00e3o para toda a fam\u00edlia Bem-vindo ao H\u00f6gt & L\u00e5gt S\u00e4len, um parque de escalada moderno e familiar, maravilhosamente situado junto a Svansj\u00f6n, em Lindvallen. Aqui encontrar\u00e1s tirolesas a\u00e9reas, emocionantes percursos de obst\u00e1culos nas \u00e1rvores e desafios para crian\u00e7as, adolescentes, adultos\u2026","rel":"","context":"Entrada similar","block_context":{"text":"Entrada similar","link":""},"img":{"alt_text":"Klatrepark i S\u00e4len","src":"https:\/\/i0.wp.com\/bno-travel.com\/wp-content\/uploads\/2025\/06\/43311668904_2a700093da_c.jpg?resize=350%2C200&ssl=1","width":350,"height":200,"srcset":"https:\/\/i0.wp.com\/bno-travel.com\/wp-content\/uploads\/2025\/06\/43311668904_2a700093da_c.jpg?resize=350%2C200&ssl=1 1x, https:\/\/i0.wp.com\/bno-travel.com\/wp-content\/uploads\/2025\/06\/43311668904_2a700093da_c.jpg?resize=525%2C300&ssl=1 1.5x, https:\/\/i0.wp.com\/bno-travel.com\/wp-content\/uploads\/2025\/06\/43311668904_2a700093da_c.jpg?resize=700%2C400&ssl=1 2x"},"classes":[]},{"id":2739,"url":"https:\/\/bno-travel.com\/es\/descubre-salenfjellet-todo-el-ano-para-veraneantes-activos\/","url_meta":{"origin":4195,"position":1},"title":"Descubre S\u00e4lenfjellet - La aventura empieza aqu\u00ed","author":"Jan Terje \u00c5s","date":"18 de julio de 2025","format":false,"excerpt":"Descubre S\u00e4len \u2605\u2605\u2605\u2605\u2605 Aqu\u00ed puedes encontrar alojamientos en S\u00e4len Descubre S\u00e4len y S\u00e4lenfjellet, un destino para todo el a\u00f1o que combina una naturaleza impresionante con una amplia gama de actividades y experiencias. Con BNO TRAVEL, viajar a S\u00e4len es f\u00e1cil y c\u00f3modo, tanto si buscas aventuras invernales en la nieve\u2026","rel":"","context":"Entrada similar","block_context":{"text":"Entrada similar","link":""},"img":{"alt_text":"","src":"https:\/\/i0.wp.com\/bno-travel.com\/wp-content\/uploads\/2025\/06\/2016JH070404.jpg?resize=350%2C200&ssl=1","width":350,"height":200,"srcset":"https:\/\/i0.wp.com\/bno-travel.com\/wp-content\/uploads\/2025\/06\/2016JH070404.jpg?resize=350%2C200&ssl=1 1x, https:\/\/i0.wp.com\/bno-travel.com\/wp-content\/uploads\/2025\/06\/2016JH070404.jpg?resize=525%2C300&ssl=1 1.5x, https:\/\/i0.wp.com\/bno-travel.com\/wp-content\/uploads\/2025\/06\/2016JH070404.jpg?resize=700%2C400&ssl=1 2x, https:\/\/i0.wp.com\/bno-travel.com\/wp-content\/uploads\/2025\/06\/2016JH070404.jpg?resize=1050%2C600&ssl=1 3x, https:\/\/i0.wp.com\/bno-travel.com\/wp-content\/uploads\/2025\/06\/2016JH070404.jpg?resize=1400%2C800&ssl=1 4x"},"classes":[]},{"id":4385,"url":"https:\/\/bno-travel.com\/es\/parque-de-escalada-en-trysil\/","url_meta":{"origin":4195,"position":2},"title":"Parque de escalada en Trysil","author":"Jan Terje \u00c5s","date":"18 de julio de 2025","format":false,"excerpt":"Parque de escalada en Trysil - Emoci\u00f3n, maestr\u00eda y diversi\u00f3n para toda la familia Bienvenido a H\u00f8yt & Lavt H\u00f8yt & Lavt TrysilH\u00f8yt & Lavt Trysil es uno de los parques de escalada m\u00e1s populares y modernos de Noruega, justo en el coraz\u00f3n de los pintorescos bosques de Trysil. Aqu\u00ed\u2026","rel":"","context":"Entrada similar","block_context":{"text":"Entrada similar","link":""},"img":{"alt_text":"Klatrepark i S\u00e4len","src":"https:\/\/i0.wp.com\/bno-travel.com\/wp-content\/uploads\/2025\/06\/43311668904_2a700093da_c.jpg?resize=350%2C200&ssl=1","width":350,"height":200,"srcset":"https:\/\/i0.wp.com\/bno-travel.com\/wp-content\/uploads\/2025\/06\/43311668904_2a700093da_c.jpg?resize=350%2C200&ssl=1 1x, https:\/\/i0.wp.com\/bno-travel.com\/wp-content\/uploads\/2025\/06\/43311668904_2a700093da_c.jpg?resize=525%2C300&ssl=1 1.5x, https:\/\/i0.wp.com\/bno-travel.com\/wp-content\/uploads\/2025\/06\/43311668904_2a700093da_c.jpg?resize=700%2C400&ssl=1 2x"},"classes":[]},{"id":4193,"url":"https:\/\/bno-travel.com\/es\/ciclismo-en-salen\/","url_meta":{"origin":4195,"position":3},"title":"Ciclismo en S\u00e4len","author":"Jan Terje \u00c5s","date":"18 de julio de 2025","format":false,"excerpt":"Ciclismo en S\u00e4len - Ciclismo de sendero en un pintoresco entorno monta\u00f1oso Bienvenido a S\u00e4len, uno de los destinos veraniegos m\u00e1s populares de Suecia para practicar ciclismo de monta\u00f1a y cicloturismo para toda la familia. Aqu\u00ed encontrar\u00e1s terrenos variados adecuados tanto para principiantes como para ciclistas experimentados. Con senderos construidos,\u2026","rel":"","context":"Entrada similar","block_context":{"text":"Entrada similar","link":""},"img":{"alt_text":"Sykkel i S\u00e4len","src":"https:\/\/i0.wp.com\/bno-travel.com\/wp-content\/uploads\/2025\/07\/2016JH070360.jpg?resize=350%2C200&ssl=1","width":350,"height":200,"srcset":"https:\/\/i0.wp.com\/bno-travel.com\/wp-content\/uploads\/2025\/07\/2016JH070360.jpg?resize=350%2C200&ssl=1 1x, https:\/\/i0.wp.com\/bno-travel.com\/wp-content\/uploads\/2025\/07\/2016JH070360.jpg?resize=525%2C300&ssl=1 1.5x, https:\/\/i0.wp.com\/bno-travel.com\/wp-content\/uploads\/2025\/07\/2016JH070360.jpg?resize=700%2C400&ssl=1 2x, https:\/\/i0.wp.com\/bno-travel.com\/wp-content\/uploads\/2025\/07\/2016JH070360.jpg?resize=1050%2C600&ssl=1 3x, https:\/\/i0.wp.com\/bno-travel.com\/wp-content\/uploads\/2025\/07\/2016JH070360.jpg?resize=1400%2C800&ssl=1 4x"},"classes":[]},{"id":2917,"url":"https:\/\/bno-travel.com\/pt-pt\/descobre-salenfjellet-todo-o-ano-para-os-veraneantes-activos\/","url_meta":{"origin":4195,"position":4},"title":"Descobre S\u00e4lenfjellet - A aventura come\u00e7a aqui","author":"Jan Terje \u00c5s","date":"18 de julio de 2025","format":false,"excerpt":"Descobre S\u00e4len \u2605\u2605\u2605\u2605\u2605 Aqui encontrar\u00e1s alojamento em S\u00e4len Descobre S\u00e4len e S\u00e4lenfjellet, um destino para todo o ano, que combina uma natureza deslumbrante com uma vasta gama de actividades e experi\u00eancias. Com a BNO TRAVEL, viajar para S\u00e4len \u00e9 f\u00e1cil e confort\u00e1vel - quer procures aventuras de inverno na neve\u2026","rel":"","context":"Entrada similar","block_context":{"text":"Entrada similar","link":""},"img":{"alt_text":"","src":"https:\/\/i0.wp.com\/bno-travel.com\/wp-content\/uploads\/2025\/06\/2016JH070404.jpg?resize=350%2C200&ssl=1","width":350,"height":200,"srcset":"https:\/\/i0.wp.com\/bno-travel.com\/wp-content\/uploads\/2025\/06\/2016JH070404.jpg?resize=350%2C200&ssl=1 1x, https:\/\/i0.wp.com\/bno-travel.com\/wp-content\/uploads\/2025\/06\/2016JH070404.jpg?resize=525%2C300&ssl=1 1.5x, https:\/\/i0.wp.com\/bno-travel.com\/wp-content\/uploads\/2025\/06\/2016JH070404.jpg?resize=700%2C400&ssl=1 2x, https:\/\/i0.wp.com\/bno-travel.com\/wp-content\/uploads\/2025\/06\/2016JH070404.jpg?resize=1050%2C600&ssl=1 3x, https:\/\/i0.wp.com\/bno-travel.com\/wp-content\/uploads\/2025\/06\/2016JH070404.jpg?resize=1400%2C800&ssl=1 4x"},"classes":[]},{"id":4203,"url":"https:\/\/bno-travel.com\/es\/senderismo-en-salen\/","url_meta":{"origin":4195,"position":5},"title":"Senderismo en S\u00e4len","author":"Jan Terje \u00c5s","date":"18 de julio de 2025","format":false,"excerpt":"Senderismo en S\u00e4len - Excursiones de monta\u00f1a, vistas y experiencias en la naturaleza para todos Bienvenido a S\u00e4len, un destino conocido todo el a\u00f1o por sus pistas de esqu\u00ed en invierno y sus hermosas experiencias de senderismo en verano. Cuando la nieve se derrite y las monta\u00f1as reverdecen, S\u00e4len te\u2026","rel":"","context":"Entrada similar","block_context":{"text":"Entrada similar","link":""},"img":{"alt_text":"Vandring i Trysil","src":"https:\/\/i0.wp.com\/bno-travel.com\/wp-content\/uploads\/2025\/06\/27930399740_e3e100021e_c.jpg?resize=350%2C200&ssl=1","width":350,"height":200,"srcset":"https:\/\/i0.wp.com\/bno-travel.com\/wp-content\/uploads\/2025\/06\/27930399740_e3e100021e_c.jpg?resize=350%2C200&ssl=1 1x, https:\/\/i0.wp.com\/bno-travel.com\/wp-content\/uploads\/2025\/06\/27930399740_e3e100021e_c.jpg?resize=525%2C300&ssl=1 1.5x, https:\/\/i0.wp.com\/bno-travel.com\/wp-content\/uploads\/2025\/06\/27930399740_e3e100021e_c.jpg?resize=700%2C400&ssl=1 2x"},"classes":[]}],"_links":{"self":[{"href":"https:\/\/bno-travel.com\/es\/wp-json\/wp\/v2\/pages\/4195","targetHints":{"allow":["GET"]}}],"collection":[{"href":"https:\/\/bno-travel.com\/es\/wp-json\/wp\/v2\/pages"}],"about":[{"href":"https:\/\/bno-travel.com\/es\/wp-json\/wp\/v2\/types\/page"}],"author":[{"embeddable":true,"href":"https:\/\/bno-travel.com\/es\/wp-json\/wp\/v2\/users\/260013438"}],"replies":[{"embeddable":true,"href":"https:\/\/bno-travel.com\/es\/wp-json\/wp\/v2\/comments?post=4195"}],"version-history":[{"count":3,"href":"https:\/\/bno-travel.com\/es\/wp-json\/wp\/v2\/pages\/4195\/revisions"}],"predecessor-version":[{"id":5278,"href":"https:\/\/bno-travel.com\/es\/wp-json\/wp\/v2\/pages\/4195\/revisions\/5278"}],"wp:attachment":[{"href":"https:\/\/bno-travel.com\/es\/wp-json\/wp\/v2\/media?parent=4195"}],"curies":[{"name":"wp","href":"https:\/\/api.w.org\/{rel}","templated":true}]}}