{"id":4215,"date":"2025-07-18T20:27:43","date_gmt":"2025-07-18T18:27:43","guid":{"rendered":"https:\/\/bno-travel.com\/?page_id=4215"},"modified":"2025-07-18T20:28:02","modified_gmt":"2025-07-18T18:28:02","slug":"golf-en-salen","status":"publish","type":"page","link":"https:\/\/bno-travel.com\/es\/golf-en-salen\/","title":{"rendered":"Golf en S\u00e4len"},"content":{"rendered":"\n<p class=\"wp-block-paragraph\"><\/p>\n\n<div class=\"wp-block-cover alignfull\" style=\"margin-top:0;margin-bottom:0;padding-top:var(--wp--preset--spacing--20);padding-right:var(--wp--preset--spacing--40);padding-bottom:var(--wp--preset--spacing--20);padding-left:var(--wp--preset--spacing--40);min-height:973px;aspect-ratio:unset;\"><img data-recalc-dims=\"1\" fetchpriority=\"high\" decoding=\"async\" width=\"800\" height=\"393\" class=\"wp-block-cover__image-background wp-image-3659 size-full\" alt=\"Golf i S\u00e4len\" src=\"https:\/\/i0.wp.com\/bno-travel.com\/wp-content\/uploads\/2025\/07\/AdobeStock_245651237.jpeg?resize=800%2C393&#038;ssl=1\" style=\"object-position:52% 57%\" data-object-fit=\"cover\" data-object-position=\"52% 57%\" srcset=\"https:\/\/i0.wp.com\/bno-travel.com\/wp-content\/uploads\/2025\/07\/AdobeStock_245651237.jpeg?w=10000&amp;ssl=1 10000w, https:\/\/i0.wp.com\/bno-travel.com\/wp-content\/uploads\/2025\/07\/AdobeStock_245651237.jpeg?resize=300%2C147&amp;ssl=1 300w, https:\/\/i0.wp.com\/bno-travel.com\/wp-content\/uploads\/2025\/07\/AdobeStock_245651237.jpeg?resize=1024%2C503&amp;ssl=1 1024w, https:\/\/i0.wp.com\/bno-travel.com\/wp-content\/uploads\/2025\/07\/AdobeStock_245651237.jpeg?resize=768%2C377&amp;ssl=1 768w, https:\/\/i0.wp.com\/bno-travel.com\/wp-content\/uploads\/2025\/07\/AdobeStock_245651237.jpeg?resize=1536%2C754&amp;ssl=1 1536w, https:\/\/i0.wp.com\/bno-travel.com\/wp-content\/uploads\/2025\/07\/AdobeStock_245651237.jpeg?resize=2048%2C1006&amp;ssl=1 2048w, https:\/\/i0.wp.com\/bno-travel.com\/wp-content\/uploads\/2025\/07\/AdobeStock_245651237.jpeg?w=1600&amp;ssl=1 1600w, https:\/\/i0.wp.com\/bno-travel.com\/wp-content\/uploads\/2025\/07\/AdobeStock_245651237.jpeg?w=2400&amp;ssl=1 2400w\" sizes=\"(max-width: 800px) 100vw, 800px\" \/><span aria-hidden=\"true\" class=\"wp-block-cover__background has-theme-1-background-color has-background-dim-30 has-background-dim\"><\/span><div class=\"wp-block-cover__inner-container is-layout-flow wp-block-cover-is-layout-flow\">\n<div style=\"height:var(--wp--preset--spacing--50)\" aria-hidden=\"true\" class=\"wp-block-spacer\"><\/div>\n\n\n\n<div style=\"height:var(--wp--preset--spacing--50)\" aria-hidden=\"true\" class=\"wp-block-spacer\"><\/div>\n<\/div><\/div>\n\n<div class=\"wp-block-group alignfull is-style-section-3 is-layout-constrained wp-block-group-is-layout-constrained\" style=\"margin-top:0;margin-bottom:0;padding-top:var(--wp--preset--spacing--40);padding-bottom:var(--wp--preset--spacing--40)\">\n<div class=\"wp-block-columns alignwide are-vertically-aligned-center is-layout-flex wp-container-core-columns-is-layout-d9ad523d wp-block-columns-is-layout-flex\">\n<div class=\"wp-block-column is-vertically-aligned-center is-layout-flow wp-block-column-is-layout-flow\">\n<figure class=\"wp-block-image size-full\"><img data-recalc-dims=\"1\" decoding=\"async\" width=\"799\" height=\"532\" src=\"https:\/\/i0.wp.com\/bno-travel.com\/wp-content\/uploads\/2025\/06\/19105672288_2155e3dd4c_c.jpg?resize=799%2C532&#038;ssl=1\" alt=\"Verano en Trysil\" class=\"wp-image-2278\" style=\"aspect-ratio:3\/4;object-fit:cover\" title=\"t&#xED;tulo\" srcset=\"https:\/\/i0.wp.com\/bno-travel.com\/wp-content\/uploads\/2025\/06\/19105672288_2155e3dd4c_c.jpg?w=799&amp;ssl=1 799w, https:\/\/i0.wp.com\/bno-travel.com\/wp-content\/uploads\/2025\/06\/19105672288_2155e3dd4c_c.jpg?resize=300%2C200&amp;ssl=1 300w, https:\/\/i0.wp.com\/bno-travel.com\/wp-content\/uploads\/2025\/06\/19105672288_2155e3dd4c_c.jpg?resize=768%2C511&amp;ssl=1 768w\" sizes=\"(max-width: 799px) 100vw, 799px\" \/><\/figure>\n<\/div>\n\n\n\n<div class=\"wp-block-column is-vertically-aligned-center is-content-justification-left is-layout-constrained wp-container-core-column-is-layout-b64f6bf5 wp-block-column-is-layout-constrained\">\n<p class=\"wp-block-paragraph\"><\/p>\n\n\n\n<h2 class=\"wp-block-heading\"><strong>Golf en S\u00e4len - Juega con vistas a las monta\u00f1as, bosques de pinos y aire fresco de monta\u00f1a<\/strong><\/h2>\n\n\n\n<p class=\"wp-block-paragraph\">Bienvenido a <strong>S\u00e4len<\/strong>, un <strong>destino de golf<\/strong> sorprendentemente completo <strong>en las monta\u00f1as<\/strong>, donde puedes combinar experiencias en la naturaleza con el golf en un bello entorno. Aqu\u00ed puedes jugar en <strong>campos bien mantenidos rodeados de bosques, r\u00edos y monta\u00f1as<\/strong>, lejos del tr\u00e1fico y el ruido. Tanto si eres un golfista experimentado como si te inicias en este deporte, S\u00e4len te ofrece <strong>un juego relajado, aire fresco y vistas espectaculares<\/strong>.  <\/p>\n\n\n\n<p class=\"wp-block-paragraph\"><strong>BNO TRAVEL<\/strong> te ayuda a planificar un <strong>viaje de golf personalizado<\/strong> con <a href=\"https:\/\/bno-travel.com\/es\/?page_id=2722\">alojamiento<\/a>, horarios de salida y actividades para toda la familia, adaptado a tus necesidades y a tus compa\u00f1eros de viaje.<\/p>\n\n\n\n<p class=\"wp-block-paragraph\"><strong>S\u00e4lenfj\u00e4llens Golfklubb - Golf de monta\u00f1a con clase propia<\/strong><\/p>\n\n\n\n<p class=\"wp-block-paragraph\">El campo de golf de S\u00e4len, <strong>S\u00e4lenfj\u00e4llens GK<\/strong>, est\u00e1 magn\u00edficamente situado en <strong>Torg\u00e5s<\/strong>, a s\u00f3lo 20 minutos de Lindvallen. El campo ofrece: <\/p>\n\n\n\n<ul class=\"wp-block-list\">\n<li><strong>9 hoyos en un hermoso terreno de bosque y r\u00edo<\/strong>, con retos tanto para principiantes como para jugadores avanzados<\/li>\n\n\n\n<li><strong>Campo de pr\u00e1cticas y zonas de entrenamiento<\/strong><\/li>\n\n\n\n<li>Casa club con <strong>cafeter\u00eda y tienda profesional<\/strong><\/li>\n\n\n\n<li>Un entorno tranquilo e inclusivo, ideal tanto para los artistas invitados como para las familias<\/li>\n<\/ul>\n\n\n\n<p class=\"wp-block-paragraph\"><strong>Minigolf y actividades para toda la familia<\/strong><\/p>\n\n\n\n<p class=\"wp-block-paragraph\">Para las familias y los ni\u00f1os, hay <strong>campos de minigolf<\/strong> tanto en Lindvallen como en Tand\u00e5dalen, perfectos como actividad despu\u00e9s de un paseo en bici, una excursi\u00f3n o un parque acu\u00e1tico. Los campos de minigolf est\u00e1n abiertos a todo el mundo -incluso a quienes no juegan al golf habitualmente- y son una actividad divertida y sociable para peque\u00f1os y mayores. <\/p>\n\n\n\n<p class=\"wp-block-paragraph\"><strong>Vacaciones de golf en la monta\u00f1a<\/strong><\/p>\n\n\n\n<p class=\"wp-block-paragraph\">S\u00e4len combina <strong>golf, monta\u00f1a y vacaciones en familia<\/strong> de una forma \u00fanica. Aqu\u00ed puedes empezar el d\u00eda con una partida en el campo de golf y terminarlo con <strong>una excursi\u00f3n, un balneario, comida local o un paseo en bicicleta por las monta\u00f1as<\/strong>. El resultado son unas vacaciones variadas y muy divertidas, tanto para golfistas como para no golfistas.  <\/p>\n<\/div>\n<\/div>\n<\/div>\n\n<div class=\"wp-block-group alignfull is-style-default is-content-justification-center is-layout-constrained wp-container-core-group-is-layout-69af11d0 wp-block-group-is-layout-constrained\" style=\"margin-top:0;margin-bottom:0;padding-top:var(--wp--preset--spacing--40);padding-bottom:var(--wp--preset--spacing--40)\">\n<div class=\"wp-block-group alignwide is-content-justification-left is-layout-constrained wp-container-core-group-is-layout-54d22900 wp-block-group-is-layout-constrained\">\n<p class=\"wp-block-paragraph\"><strong>El campo de golf de S\u00e4lenfj\u00e4llen<\/strong> est\u00e1 abierto y es accesible tanto para golfistas experimentados como para principiantes curiosos. No necesitas tarjeta verde para probar suerte en <strong>el campo de pr\u00e1cticas<\/strong>, y en la zona hay <strong>oportunidades de minigolf<\/strong> aptas para toda la familia. Si quieres aprender m\u00e1s, puedes <strong>asistir a un curso o recibir una lecci\u00f3n introductoria<\/strong> con un instructor experimentado.  <\/p>\n<\/div>\n<\/div>\n\n<div class=\"wp-block-group alignfull is-content-justification-center is-layout-constrained wp-block-group-is-layout-constrained\" style=\"margin-top:0;margin-bottom:0;padding-top:var(--wp--preset--spacing--40);padding-bottom:var(--wp--preset--spacing--40)\">\n<div class=\"wp-block-columns alignwide are-vertically-aligned-center is-layout-flex wp-container-core-columns-is-layout-7387b849 wp-block-columns-is-layout-flex\">\n<div class=\"wp-block-column is-vertically-aligned-center is-content-justification-left is-layout-constrained wp-container-core-column-is-layout-b64f6bf5 wp-block-column-is-layout-constrained\">\n<h2 class=\"wp-block-heading has-xx-large-font-size\"><strong>Datos sobre S\u00e4lenfj\u00e4llens Golfklubb<\/strong><\/h2>\n\n\n\n<p class=\"wp-block-paragraph\"><strong><a href=\"https:\/\/salenfjallensgk.se\/\" target=\"_blank\" rel=\"noopener\">S\u00e4lenfj\u00e4llens Golfklubb<\/a><\/strong> es un pintoresco<strong> campo de<\/strong> 18 hoyos en<strong> un bosque y un parque<\/strong>, bellamente situado junto al r\u00edo en <strong>Torg\u00e5s<\/strong>, a s\u00f3lo 20 minutos de Lindvallen. Dise\u00f1ado para seguir el terreno natural, el campo ofrece una <strong>experiencia de golf tranquila y hermosa<\/strong> en un aut\u00e9ntico paisaje de monta\u00f1a. <\/p>\n\n\n\n<p class=\"wp-block-paragraph\">He aqu\u00ed algunos aspectos destacados:<\/p>\n\n\n\n<ul class=\"wp-block-list\">\n<li><strong>18 hoyos<\/strong>, con retos variados y buena fluidez<\/li>\n\n\n\n<li><strong>Campo de pr\u00e1cticas y zonas de pr\u00e1cticas<\/strong> para putting y juego corto<\/li>\n\n\n\n<li><strong>Alquiler de carritos y carritos de golf<\/strong> y acceso a <strong>la Tienda Profesional<\/strong><\/li>\n\n\n\n<li><strong>Cursos y formaci\u00f3n<\/strong> para principiantes y avanzados<\/li>\n\n\n\n<li><strong>Temporada<\/strong>: normalmente de <strong>mayo a octubre<\/strong>, dependiendo de las condiciones de la nieve<\/li>\n<\/ul>\n\n\n\n<p class=\"wp-block-paragraph\">El campo es apto para todos los niveles y es conocido por su <strong>ambiente tranquilo<\/strong>, su <strong>entorno acogedor<\/strong> y <strong>sus hermosos alrededores<\/strong>. Es un lugar perfecto para combinar el golf con vacaciones en la monta\u00f1a, torneos y noches de club. <\/p>\n\n\n\n<p class=\"wp-block-paragraph\"><strong>Casa club, tienda profesional y minigolf para toda la familia<\/strong><\/p>\n\n\n\n<p class=\"wp-block-paragraph\">Junto al campo de golf, encontrar\u00e1s una <strong>acogedora casa club<\/strong> con vestuarios, duchas, cafeter\u00eda y una soleada terraza con vistas al campo. Aqu\u00ed se organizan <strong>torneos, veladas del club y actos sociales<\/strong> durante toda la temporada. <\/p>\n\n\n\n<p class=\"wp-block-paragraph\">Para las familias, hay <strong>campos de minigolf en Lindvallen y Tand\u00e5dalen<\/strong>, perfectos para los ni\u00f1os o para una partida informal despu\u00e9s de hacer senderismo o ciclismo.<\/p>\n<\/div>\n\n\n\n<div class=\"wp-block-column is-vertically-aligned-center is-layout-flow wp-block-column-is-layout-flow\">\n<figure class=\"wp-block-image size-full\"><img data-recalc-dims=\"1\" decoding=\"async\" width=\"532\" height=\"799\" src=\"https:\/\/i0.wp.com\/bno-travel.com\/wp-content\/uploads\/2025\/06\/18670754034_e10bf74a7e_c.jpg?resize=532%2C799&#038;ssl=1\" alt=\"Golf en Trysil\" class=\"wp-image-2265\" style=\"aspect-ratio:3\/4;object-fit:cover\" srcset=\"https:\/\/i0.wp.com\/bno-travel.com\/wp-content\/uploads\/2025\/06\/18670754034_e10bf74a7e_c.jpg?w=532&amp;ssl=1 532w, https:\/\/i0.wp.com\/bno-travel.com\/wp-content\/uploads\/2025\/06\/18670754034_e10bf74a7e_c.jpg?resize=200%2C300&amp;ssl=1 200w\" sizes=\"(max-width: 532px) 100vw, 532px\" \/><\/figure>\n<\/div>\n<\/div>\n<\/div>\n\n<div class=\"wp-block-group alignfull is-style-default is-content-justification-center is-layout-constrained wp-container-core-group-is-layout-69af11d0 wp-block-group-is-layout-constrained\" style=\"margin-top:0;margin-bottom:0;padding-top:var(--wp--preset--spacing--40);padding-bottom:var(--wp--preset--spacing--40)\">\n<div class=\"wp-block-group alignfull is-content-justification-center is-layout-constrained wp-container-core-group-is-layout-4853c3a7 wp-block-group-is-layout-constrained\" style=\"margin-top:0;margin-bottom:0;padding-top:calc( 0.5 * var(u002du002dwpu002du002dstyleu002du002drootu002du002dpadding-right, var(u002du002dwpu002du002dcustomu002du002dgapu002du002dhorizontal)));padding-right:var(u002du002dwpu002du002dstyleu002du002drootu002du002dpadding-right, var(u002du002dwpu002du002dcustomu002du002dgapu002du002dhorizontal));padding-bottom:calc( 0.5 * var(u002du002dwpu002du002dstyleu002du002drootu002du002dpadding-right, var(u002du002dwpu002du002dcustomu002du002dgapu002du002dhorizontal)));padding-left:var(u002du002dwpu002du002dstyleu002du002drootu002du002dpadding-left, var(u002du002dwpu002du002dcustomu002du002dgapu002du002dhorizontal))\">\n<div style=\"height:calc( 0.25 * var(u002du002dwpu002du002dstyleu002du002drootu002du002dpadding-right, var(u002du002dwpu002du002dcustomu002du002dgapu002du002dhorizontal)))\" aria-hidden=\"true\" class=\"wp-block-spacer\"><\/div>\n\n\n\n<div class=\"wp-block-columns alignwide is-layout-flex wp-container-core-columns-is-layout-7387b849 wp-block-columns-is-layout-flex\">\n<div class=\"wp-block-column is-vertically-aligned-center is-layout-flow wp-block-column-is-layout-flow\">\n<figure class=\"wp-block-image size-full\"><img data-recalc-dims=\"1\" loading=\"lazy\" decoding=\"async\" width=\"800\" height=\"534\" src=\"https:\/\/i0.wp.com\/bno-travel.com\/wp-content\/uploads\/2025\/07\/2016JH106088.jpg?resize=800%2C534&#038;ssl=1\" alt=\"\" class=\"wp-image-3672\" style=\"aspect-ratio:3\/4;object-fit:cover\" srcset=\"https:\/\/i0.wp.com\/bno-travel.com\/wp-content\/uploads\/2025\/07\/2016JH106088.jpg?w=6016&amp;ssl=1 6016w, https:\/\/i0.wp.com\/bno-travel.com\/wp-content\/uploads\/2025\/07\/2016JH106088.jpg?resize=300%2C200&amp;ssl=1 300w, https:\/\/i0.wp.com\/bno-travel.com\/wp-content\/uploads\/2025\/07\/2016JH106088.jpg?resize=1024%2C684&amp;ssl=1 1024w, https:\/\/i0.wp.com\/bno-travel.com\/wp-content\/uploads\/2025\/07\/2016JH106088.jpg?resize=768%2C513&amp;ssl=1 768w, https:\/\/i0.wp.com\/bno-travel.com\/wp-content\/uploads\/2025\/07\/2016JH106088.jpg?resize=1536%2C1025&amp;ssl=1 1536w, https:\/\/i0.wp.com\/bno-travel.com\/wp-content\/uploads\/2025\/07\/2016JH106088.jpg?resize=2048%2C1367&amp;ssl=1 2048w, https:\/\/i0.wp.com\/bno-travel.com\/wp-content\/uploads\/2025\/07\/2016JH106088.jpg?w=1600&amp;ssl=1 1600w, https:\/\/i0.wp.com\/bno-travel.com\/wp-content\/uploads\/2025\/07\/2016JH106088.jpg?w=2400&amp;ssl=1 2400w\" sizes=\"(max-width: 800px) 100vw, 800px\" \/><\/figure>\n<\/div>\n\n\n\n<div class=\"wp-block-column is-vertically-aligned-center is-layout-flow wp-block-column-is-layout-flow\">\n<p class=\"has-text-align-left wp-block-paragraph\"><\/p>\n\n\n\n<p class=\"wp-block-paragraph\"><strong>Proshop y minigolf: todo lo que necesitas para un completo d\u00eda de golf en S\u00e4len<\/strong><\/p>\n\n\n\n<p class=\"wp-block-paragraph\"><strong>La tienda de golf de S\u00e4lenfj\u00e4llens Golfklubb<\/strong> tiene todo lo que necesitas en cuanto a <strong>equipo, ropa y accesorios de golf<\/strong>, tanto para comprar como para alquilar. Si necesitas ayuda para elegir palos o mejorar tu t\u00e9cnica, <strong>el personal y los instructores experimentados est\u00e1n preparados para guiarte<\/strong>. <\/p>\n\n\n\n<p class=\"wp-block-paragraph\">Justo al lado del campo de pr\u00e1cticas, encontrar\u00e1s tambi\u00e9n un <strong>divertido y familiar campo de minigolf<\/strong>, perfecto para los ni\u00f1os o como actividad social despu\u00e9s de una partida de golf. Los campos de minigolf de <strong>Lindvallen y Tand\u00e5dalen<\/strong> ofrecen recorridos variados y creativos con retos para peque\u00f1os y mayores, y est\u00e1n abiertos a todos, incluso a los que no juegan al golf habitualmente. <\/p>\n\n\n\n<p class=\"wp-block-paragraph\"><strong>S\u00e4len - M\u00e1s que golf<\/strong><\/p>\n\n\n\n<p class=\"wp-block-paragraph\">Cuando no est\u00e1s en el campo de golf, S\u00e4len ofrece una amplia gama de <strong>actividades de verano<\/strong> en un entorno pintoresco. Explora <strong>senderos de monta\u00f1a a pie o en bicicleta<\/strong>, sal a <strong>pescar<\/strong>, prueba el <strong>pirag\u00fcismo en r\u00edos y lagos<\/strong>, o disfruta de la vista desde las alturas en un tranquilo paseo a caballo. Para los que buscan relajarse, hay <strong>balnearios, restaurantes de monta\u00f1a y caf\u00e9s<\/strong> con sabor local.  <\/p>\n\n\n\n<p class=\"wp-block-paragraph\">Si viajas con la familia, hay muchas oportunidades para divertirse y jugar, como <strong>parques de escalada, zonas de juego, lugares para nadar y \u00e1reas de actividades<\/strong>: algo para todas las edades e intereses.<\/p>\n\n\n\n<p class=\"wp-block-paragraph\"><strong>Planifica tus vacaciones de golf con BNO TRAVEL<\/strong><\/p>\n\n\n\n<p class=\"wp-block-paragraph\">En <strong>BNO TRAVEL<\/strong> te ayudamos a organizar la <strong>experiencia de golf perfecta en S\u00e4len<\/strong>. Ofrecemos <strong>soluciones de alojamiento<\/strong> a medida <strong>que puedes combinar con green fees, minigolf y actividades adicionales<\/strong>, para que aproveches al m\u00e1ximo tu estancia, tanto si viajas solo como en pareja, en familia o en grupo. <\/p>\n\n\n\n<p class=\"wp-block-paragraph\"><strong>Reserva hoy mismo tus vacaciones de golf en S\u00e4len y descubre por qu\u00e9 el golf de monta\u00f1a ofrece una combinaci\u00f3n \u00fanica de deporte, naturaleza y relajaci\u00f3n.<\/strong><\/p>\n<\/div>\n<\/div>\n\n\n\n<div style=\"height:calc( 0.25 * var(u002du002dwpu002du002dstyleu002du002drootu002du002dpadding-right, var(u002du002dwpu002du002dcustomu002du002dgapu002du002dhorizontal)))\" aria-hidden=\"true\" class=\"wp-block-spacer\"><\/div>\n<\/div>\n\n\n\n<div class=\"wp-block-group alignwide is-content-justification-left is-layout-constrained wp-container-core-group-is-layout-54d22900 wp-block-group-is-layout-constrained\"><\/div>\n<\/div>\n\n<div class=\"wp-block-group alignfull is-style-default is-content-justification-center is-layout-constrained wp-container-core-group-is-layout-cdf99998 wp-block-group-is-layout-constrained\" style=\"margin-top:0;margin-bottom:0;padding-top:var(--wp--preset--spacing--40);padding-bottom:var(--wp--preset--spacing--40)\"><\/div>\n\n<p class=\"wp-block-paragraph\"><\/p>\n","protected":false},"excerpt":{"rendered":"<p>Golf en S\u00e4len - Juega con vistas a las monta\u00f1as, bosques de pinos y aire fresco de monta\u00f1a Bienvenido a S\u00e4len, un destino de golf sorprendentemente completo en las monta\u00f1as, donde puedes combinar experiencias en la naturaleza con el golf en un bello entorno. Aqu\u00ed puedes jugar en campos bien mantenidos rodeados de bosques, r\u00edos [&hellip;]<\/p>\n","protected":false},"author":260013438,"featured_media":0,"parent":0,"menu_order":0,"comment_status":"closed","ping_status":"closed","template":"","meta":{"_crdt_document":"","footnotes":""},"class_list":["post-4215","page","type-page","status-publish","hentry"],"jetpack_likes_enabled":true,"jetpack_sharing_enabled":true,"jetpack_shortlink":"https:\/\/wp.me\/PgDuwj-15Z","jetpack-related-posts":[{"id":3652,"url":"https:\/\/bno-travel.com\/golf-i-salen-alt-du-trenger-for-en-golfdag\/","url_meta":{"origin":4215,"position":0},"title":"Golf i S\u00e4len","author":"Jan Terje \u00c5s","date":"18 de julio de 2025","format":false,"excerpt":"Golf i S\u00e4len Spill med utsikt over fjell, furuskog og frisk fjelluft \u2013 i et rolig og naturn\u00e6rt golfmilj\u00f8 S\u00e4len er en overraskende komplett golfdestinasjon for deg som vil kombinere gode runder med natur, stillhet og sommerdager i fjellet. Her spiller du i vakre omgivelser langt fra trafikk og st\u00f8y,\u2026","rel":"","context":"Entrada similar","block_context":{"text":"Entrada similar","link":""},"img":{"alt_text":"","src":"","width":0,"height":0},"classes":[]},{"id":3969,"url":"https:\/\/bno-travel.com\/fr\/golf-a-salen\/","url_meta":{"origin":4215,"position":1},"title":"Golf \u00e0 S\u00e4len","author":"Jan Terje \u00c5s","date":"18 de julio de 2025","format":false,"excerpt":"Golf \u00e0 S\u00e4len - Jouer avec vue sur les montagnes, les for\u00eats de pins et l'air frais de la montagne Bienvenue \u00e0 S\u00e4len - une destination de golf \u00e9tonnamment compl\u00e8te dans les montagnes, o\u00f9 vous pouvez combiner les exp\u00e9riences de la nature avec le golf dans un environnement magnifique. Ici,\u2026","rel":"","context":"Entrada similar","block_context":{"text":"Entrada similar","link":""},"img":{"alt_text":"Sommer i Trysil","src":"https:\/\/i0.wp.com\/bno-travel.com\/wp-content\/uploads\/2025\/06\/19105672288_2155e3dd4c_c.jpg?resize=350%2C200&ssl=1","width":350,"height":200,"srcset":"https:\/\/i0.wp.com\/bno-travel.com\/wp-content\/uploads\/2025\/06\/19105672288_2155e3dd4c_c.jpg?resize=350%2C200&ssl=1 1x, https:\/\/i0.wp.com\/bno-travel.com\/wp-content\/uploads\/2025\/06\/19105672288_2155e3dd4c_c.jpg?resize=525%2C300&ssl=1 1.5x, https:\/\/i0.wp.com\/bno-travel.com\/wp-content\/uploads\/2025\/06\/19105672288_2155e3dd4c_c.jpg?resize=700%2C400&ssl=1 2x"},"classes":[]},{"id":4011,"url":"https:\/\/bno-travel.com\/da\/golf-i-salen\/","url_meta":{"origin":4215,"position":2},"title":"Golf i S\u00e4len","author":"Jan Terje \u00c5s","date":"18 de julio de 2025","format":false,"excerpt":"Golf i S\u00e4len - Spil med udsigt til fjelde, fyrreskove og frisk fjeldluft Velkommen til S\u00e4len - en overraskende komplet golfdestination i fjeldene, hvor du kan kombinere naturoplevelser med golf i smukke omgivelser. Her kan du spille p\u00e5 velholdte baner omgivet af skove, floder og bjerge, langt fra trafik og\u2026","rel":"","context":"Entrada similar","block_context":{"text":"Entrada similar","link":""},"img":{"alt_text":"Sommer i Trysil","src":"https:\/\/i0.wp.com\/bno-travel.com\/wp-content\/uploads\/2025\/06\/19105672288_2155e3dd4c_c.jpg?resize=350%2C200&ssl=1","width":350,"height":200,"srcset":"https:\/\/i0.wp.com\/bno-travel.com\/wp-content\/uploads\/2025\/06\/19105672288_2155e3dd4c_c.jpg?resize=350%2C200&ssl=1 1x, https:\/\/i0.wp.com\/bno-travel.com\/wp-content\/uploads\/2025\/06\/19105672288_2155e3dd4c_c.jpg?resize=525%2C300&ssl=1 1.5x, https:\/\/i0.wp.com\/bno-travel.com\/wp-content\/uploads\/2025\/06\/19105672288_2155e3dd4c_c.jpg?resize=700%2C400&ssl=1 2x"},"classes":[]},{"id":36235,"url":"https:\/\/bno-travel.com\/en\/golf-in-salen\/","url_meta":{"origin":4215,"position":3},"title":"Golf in S\u00e4len","author":"Jan Terje \u00c5s","date":"18 de julio de 2025","format":false,"excerpt":"Golf in S\u00e4len Play with views of mountains, pine forest and fresh mountain air \u2013 in a peaceful and nature-close golfing environment S\u00e4len is a surprisingly complete golf destination for those who want to combine great rounds with nature, tranquillity and summer days in the mountains. Here, you play in\u2026","rel":"","context":"Entrada similar","block_context":{"text":"Entrada similar","link":""},"img":{"alt_text":"","src":"","width":0,"height":0},"classes":[]},{"id":4213,"url":"https:\/\/bno-travel.com\/sv\/golf-i-salen\/","url_meta":{"origin":4215,"position":4},"title":"Golf i S\u00e4len","author":"Jan Terje \u00c5s","date":"18 de julio de 2025","format":false,"excerpt":"Golf i S\u00e4len - Spela med utsikt \u00f6ver fj\u00e4ll, tallskogar och frisk fj\u00e4lluft V\u00e4lkommen till S\u00e4len - en \u00f6verraskande komplett golfdestination i fj\u00e4llen, d\u00e4r du kan kombinera naturupplevelser med golf i vackra omgivningar. H\u00e4r kan du spela p\u00e5 v\u00e4lsk\u00f6tta banor omgivna av skogar, \u00e4lvar och fj\u00e4ll, l\u00e5ngt fr\u00e5n trafik och\u2026","rel":"","context":"Entrada similar","block_context":{"text":"Entrada similar","link":""},"img":{"alt_text":"Sommer i Trysil","src":"https:\/\/i0.wp.com\/bno-travel.com\/wp-content\/uploads\/2025\/06\/19105672288_2155e3dd4c_c.jpg?resize=350%2C200&ssl=1","width":350,"height":200,"srcset":"https:\/\/i0.wp.com\/bno-travel.com\/wp-content\/uploads\/2025\/06\/19105672288_2155e3dd4c_c.jpg?resize=350%2C200&ssl=1 1x, https:\/\/i0.wp.com\/bno-travel.com\/wp-content\/uploads\/2025\/06\/19105672288_2155e3dd4c_c.jpg?resize=525%2C300&ssl=1 1.5x, https:\/\/i0.wp.com\/bno-travel.com\/wp-content\/uploads\/2025\/06\/19105672288_2155e3dd4c_c.jpg?resize=700%2C400&ssl=1 2x"},"classes":[]},{"id":3972,"url":"https:\/\/bno-travel.com\/nl\/golf-in-salen\/","url_meta":{"origin":4215,"position":5},"title":"Golf in S\u00e4len","author":"Jan Terje \u00c5s","date":"18 de julio de 2025","format":false,"excerpt":"Golf in S\u00e4len - Speel met uitzicht op bergen, dennenbossen en frisse berglucht Welkom in S\u00e4len - een verrassend complete golfbestemming in de bergen, waar je natuurbeleving kunt combineren met golfen in een prachtige omgeving. Hier kun je spelen op goed onderhouden banen omgeven door bossen, rivieren en bergen, ver\u2026","rel":"","context":"Entrada similar","block_context":{"text":"Entrada similar","link":""},"img":{"alt_text":"Sommer i Trysil","src":"https:\/\/i0.wp.com\/bno-travel.com\/wp-content\/uploads\/2025\/06\/19105672288_2155e3dd4c_c.jpg?resize=350%2C200&ssl=1","width":350,"height":200,"srcset":"https:\/\/i0.wp.com\/bno-travel.com\/wp-content\/uploads\/2025\/06\/19105672288_2155e3dd4c_c.jpg?resize=350%2C200&ssl=1 1x, https:\/\/i0.wp.com\/bno-travel.com\/wp-content\/uploads\/2025\/06\/19105672288_2155e3dd4c_c.jpg?resize=525%2C300&ssl=1 1.5x, https:\/\/i0.wp.com\/bno-travel.com\/wp-content\/uploads\/2025\/06\/19105672288_2155e3dd4c_c.jpg?resize=700%2C400&ssl=1 2x"},"classes":[]}],"_links":{"self":[{"href":"https:\/\/bno-travel.com\/es\/wp-json\/wp\/v2\/pages\/4215","targetHints":{"allow":["GET"]}}],"collection":[{"href":"https:\/\/bno-travel.com\/es\/wp-json\/wp\/v2\/pages"}],"about":[{"href":"https:\/\/bno-travel.com\/es\/wp-json\/wp\/v2\/types\/page"}],"author":[{"embeddable":true,"href":"https:\/\/bno-travel.com\/es\/wp-json\/wp\/v2\/users\/260013438"}],"replies":[{"embeddable":true,"href":"https:\/\/bno-travel.com\/es\/wp-json\/wp\/v2\/comments?post=4215"}],"version-history":[{"count":2,"href":"https:\/\/bno-travel.com\/es\/wp-json\/wp\/v2\/pages\/4215\/revisions"}],"predecessor-version":[{"id":4660,"href":"https:\/\/bno-travel.com\/es\/wp-json\/wp\/v2\/pages\/4215\/revisions\/4660"}],"wp:attachment":[{"href":"https:\/\/bno-travel.com\/es\/wp-json\/wp\/v2\/media?parent=4215"}],"curies":[{"name":"wp","href":"https:\/\/api.w.org\/{rel}","templated":true}]}}