{"id":4229,"date":"2025-07-18T20:26:42","date_gmt":"2025-07-18T18:26:42","guid":{"rendered":"https:\/\/bno-travel.com\/?page_id=4229"},"modified":"2025-07-18T20:27:20","modified_gmt":"2025-07-18T18:27:20","slug":"bolos-en-trysil","status":"publish","type":"page","link":"https:\/\/bno-travel.com\/es\/bolos-en-trysil\/","title":{"rendered":"Bolos en Trysil"},"content":{"rendered":"\n<p class=\"wp-block-paragraph\"><\/p>\n\n<div class=\"wp-block-cover alignfull\" style=\"margin-top:0;margin-bottom:0;padding-top:var(--wp--preset--spacing--20);padding-right:var(--wp--preset--spacing--40);padding-bottom:var(--wp--preset--spacing--20);padding-left:var(--wp--preset--spacing--40);min-height:897px;aspect-ratio:unset;\"><img data-recalc-dims=\"1\" fetchpriority=\"high\" decoding=\"async\" width=\"800\" height=\"636\" class=\"wp-block-cover__image-background wp-image-2526 size-full\" alt=\"Bowling i Trysil\" src=\"https:\/\/i0.wp.com\/bno-travel.com\/wp-content\/uploads\/2025\/06\/52198855347_f963be3dbf_c.jpg?resize=800%2C636&#038;ssl=1\" style=\"object-position:53% 14%\" data-object-fit=\"cover\" data-object-position=\"53% 14%\" srcset=\"https:\/\/i0.wp.com\/bno-travel.com\/wp-content\/uploads\/2025\/06\/52198855347_f963be3dbf_c.jpg?w=800&amp;ssl=1 800w, https:\/\/i0.wp.com\/bno-travel.com\/wp-content\/uploads\/2025\/06\/52198855347_f963be3dbf_c.jpg?resize=300%2C239&amp;ssl=1 300w, https:\/\/i0.wp.com\/bno-travel.com\/wp-content\/uploads\/2025\/06\/52198855347_f963be3dbf_c.jpg?resize=768%2C611&amp;ssl=1 768w\" sizes=\"(max-width: 800px) 100vw, 800px\" \/><span aria-hidden=\"true\" class=\"wp-block-cover__background has-theme-1-background-color has-background-dim-30 has-background-dim\"><\/span><div class=\"wp-block-cover__inner-container is-layout-flow wp-block-cover-is-layout-flow\">\n<div style=\"height:var(--wp--preset--spacing--50)\" aria-hidden=\"true\" class=\"wp-block-spacer\"><\/div>\n\n\n\n<div style=\"height:var(--wp--preset--spacing--50)\" aria-hidden=\"true\" class=\"wp-block-spacer\"><\/div>\n<\/div><\/div>\n\n<div class=\"wp-block-group alignfull is-style-section-3 is-layout-constrained wp-block-group-is-layout-constrained\" style=\"margin-top:0;margin-bottom:0;padding-top:var(--wp--preset--spacing--40);padding-bottom:var(--wp--preset--spacing--40)\">\n<div class=\"wp-block-columns alignwide are-vertically-aligned-center is-layout-flex wp-container-core-columns-is-layout-d9ad523d wp-block-columns-is-layout-flex\">\n<div class=\"wp-block-column is-vertically-aligned-center is-layout-flow wp-block-column-is-layout-flow\">\n<figure class=\"wp-block-image size-full\"><img data-recalc-dims=\"1\" decoding=\"async\" width=\"800\" height=\"636\" src=\"https:\/\/i0.wp.com\/bno-travel.com\/wp-content\/uploads\/2025\/06\/52198855347_f963be3dbf_c.jpg?resize=800%2C636&#038;ssl=1\" alt=\"Bolos en Trysil\" class=\"wp-image-2526\" style=\"aspect-ratio:3\/4;object-fit:cover\" title=\"t&#xED;tulo\" srcset=\"https:\/\/i0.wp.com\/bno-travel.com\/wp-content\/uploads\/2025\/06\/52198855347_f963be3dbf_c.jpg?w=800&amp;ssl=1 800w, https:\/\/i0.wp.com\/bno-travel.com\/wp-content\/uploads\/2025\/06\/52198855347_f963be3dbf_c.jpg?resize=300%2C239&amp;ssl=1 300w, https:\/\/i0.wp.com\/bno-travel.com\/wp-content\/uploads\/2025\/06\/52198855347_f963be3dbf_c.jpg?resize=768%2C611&amp;ssl=1 768w\" sizes=\"(max-width: 800px) 100vw, 800px\" \/><\/figure>\n<\/div>\n\n\n\n<div class=\"wp-block-column is-vertically-aligned-center is-content-justification-left is-layout-constrained wp-container-core-column-is-layout-b64f6bf5 wp-block-column-is-layout-constrained\">\n<p class=\"wp-block-paragraph\"><\/p>\n\n\n\n<h2 class=\"wp-block-heading\">Bolos en Trysil: la actividad perfecta para toda la familia<\/h2>\n\n\n\n<p class=\"wp-block-paragraph\">Los bolos son una actividad popular y sociable para j\u00f3venes y mayores, y en Trysil encontrar\u00e1s una bolera moderna y acogedora justo en el coraz\u00f3n de este destino de monta\u00f1a. Tanto si est\u00e1s en Trysil de vacaciones con la familia, con un grupo de amigos o en una excursi\u00f3n de empresa, los bolos son una gran alternativa a las actividades al aire libre, sobre todo en d\u00edas lluviosos, o como una agradable actividad nocturna despu\u00e9s de un d\u00eda activo. <\/p>\n\n\n\n<p class=\"wp-block-paragraph\">En <strong>la Bolera de Trysil<\/strong>, situada en el centro del Radisson Blu Resort Trysil, encontrar\u00e1s una <strong>bolera de 8 pistas<\/strong> con tecnolog\u00eda moderna, un gran ambiente e instalaciones adecuadas tanto para ni\u00f1os como para adultos. Aqu\u00ed podr\u00e1s disfrutar de una partida de bolos combinada con comida, bebida y relajaci\u00f3n, todo bajo el mismo techo. Tambi\u00e9n es posible reservar pistas para grupos y eventos, por lo que es una opci\u00f3n popular para cumplea\u00f1os, formaci\u00f3n de equipos y actividades familiares.  <\/p>\n\n\n\n<p class=\"wp-block-paragraph\"><a href=\"https:\/\/www.trysil.com\/bedrifter\/radisson-blu-resort-trysil\/chill-bowl--dine\/\" target=\"_blank\" rel=\"noopener\">La bolera <\/a>tambi\u00e9n tiene mesas de billar, juegos recreativos y una sala de estar, lo que la convierte en un punto de encuentro natural para relajarse y divertirse. Las pistas aptas para ni\u00f1os, con ra\u00edles de rodillos y bolas ligeras, hacen que incluso los m\u00e1s peque\u00f1os puedan participar, \u00a1y divertirse! <\/p>\n<\/div>\n<\/div>\n<\/div>\n\n<div class=\"wp-block-group alignfull is-style-default is-content-justification-center is-layout-constrained wp-container-core-group-is-layout-69af11d0 wp-block-group-is-layout-constrained\" style=\"margin-top:0;margin-bottom:0;padding-top:var(--wp--preset--spacing--40);padding-bottom:var(--wp--preset--spacing--40)\"><\/div>\n\n<div class=\"wp-block-group alignfull is-content-justification-center is-layout-constrained wp-block-group-is-layout-constrained\" style=\"margin-top:0;margin-bottom:0;padding-top:var(--wp--preset--spacing--40);padding-bottom:var(--wp--preset--spacing--40)\">\n<div class=\"wp-block-columns alignwide are-vertically-aligned-center is-layout-flex wp-container-core-columns-is-layout-7387b849 wp-block-columns-is-layout-flex\">\n<div class=\"wp-block-column is-vertically-aligned-center is-content-justification-left is-layout-constrained wp-container-core-column-is-layout-b64f6bf5 wp-block-column-is-layout-constrained\">\n<p class=\"wp-block-paragraph\">\u00bfPor qu\u00e9 elegir los bolos en Trysil?<\/p>\n\n\n\n<ul class=\"wp-block-list\">\n<li>Actividad perfecta todo el a\u00f1o, independientemente del tiempo y la estaci\u00f3n<\/li>\n\n\n\n<li>Adecuado para todas las edades y niveles de habilidad<\/li>\n\n\n\n<li>Familiar y sociable<\/li>\n\n\n\n<li>F\u00e1cilmente combinable con cenas y otras actividades<\/li>\n\n\n\n<li>F\u00e1cil acceso al alojamiento y al transporte<\/li>\n<\/ul>\n\n\n\n<p class=\"wp-block-paragraph\">Actividades en Trysil: m\u00e1s que esqu\u00ed<\/p>\n\n\n\n<p class=\"wp-block-paragraph\">Aunque Trysil es m\u00e1s conocido como el mayor centro de deportes de invierno de Noruega, hay una amplia gama de <strong>otras actividades<\/strong> disponibles durante todo el a\u00f1o. Una vez que est\u00e9s en Trysil para jugar a los bolos, puede merecer la pena combinar tu estancia con otras experiencias: <\/p>\n\n\n\n<p class=\"wp-block-paragraph\">Actividades de invierno en Trysil (excepto esqu\u00ed alpino)<\/p>\n\n\n\n<ul class=\"wp-block-list\">\n<li><strong>Esqu\u00ed de fondo:<\/strong> M\u00e1s de 100 kil\u00f3metros de pistas de esqu\u00ed de fondo bien acondicionadas en terrenos variados.<\/li>\n\n\n\n<li><strong>Trineo tirado por perros:<\/strong> Una experiencia aventurera en la que puedes conducir tu propio equipo de perros.<\/li>\n\n\n\n<li><strong>Raquetas de nieve y senderismo invernal:<\/strong> Para los que quieren experimentar las monta\u00f1as a un ritmo m\u00e1s lento.<\/li>\n\n\n\n<li><strong>Trineo y trineo:<\/strong> Diversi\u00f3n para ni\u00f1os y adultos, con pistas de trineo en varios lugares.<\/li>\n\n\n\n<li><strong>Bienestar y spa:<\/strong> Disfruta de tratamientos relajantes o de un ba\u00f1o en la piscina climatizada tras un d\u00eda de actividades.<\/li>\n<\/ul>\n\n\n\n<p class=\"wp-block-paragraph\">Actividades de verano en Trysil<\/p>\n\n\n\n<ul class=\"wp-block-list\">\n<li><strong>Parque de escalada y tirolina:<\/strong> Perfecto para ni\u00f1os y j\u00f3venes a los que les gusta la velocidad y los retos.Torneos regulares y noches de club.<\/li>\n<\/ul>\n\n\n\n<ul class=\"wp-block-list\">\n<li><strong>Trysil Bike Arena:<\/strong> Una de las mejores zonas de Noruega para el ciclismo de pista, con senderos para todos los niveles.<\/li>\n<\/ul>\n\n\n\n<ul class=\"wp-block-list\">\n<li><strong>Actividades fluviales:<\/strong> Remo, rafting y SUP en Trysilelva.<\/li>\n<\/ul>\n\n\n\n<ul class=\"wp-block-list\">\n<li><strong>Senderismo:<\/strong> Muchas rutas se\u00f1alizadas a trav\u00e9s de bosques, monta\u00f1as y llanuras abiertas.<\/li>\n\n\n\n<li><strong>Pesca y golf:<\/strong> Buenas oportunidades para la pesca deportiva y para jugar en el campo de golf de 18 hoyos de Trysil.<\/li>\n<\/ul>\n<\/div>\n\n\n\n<div class=\"wp-block-column is-vertically-aligned-center is-layout-flow wp-block-column-is-layout-flow\">\n<figure class=\"wp-block-image size-full\"><img data-recalc-dims=\"1\" decoding=\"async\" width=\"799\" height=\"532\" src=\"https:\/\/i0.wp.com\/bno-travel.com\/wp-content\/uploads\/2025\/06\/19105672288_2155e3dd4c_c.jpg?resize=799%2C532&#038;ssl=1\" alt=\"Verano en Trysil\" class=\"wp-image-2278\" style=\"aspect-ratio:3\/4;object-fit:cover\" srcset=\"https:\/\/i0.wp.com\/bno-travel.com\/wp-content\/uploads\/2025\/06\/19105672288_2155e3dd4c_c.jpg?w=799&amp;ssl=1 799w, https:\/\/i0.wp.com\/bno-travel.com\/wp-content\/uploads\/2025\/06\/19105672288_2155e3dd4c_c.jpg?resize=300%2C200&amp;ssl=1 300w, https:\/\/i0.wp.com\/bno-travel.com\/wp-content\/uploads\/2025\/06\/19105672288_2155e3dd4c_c.jpg?resize=768%2C511&amp;ssl=1 768w\" sizes=\"(max-width: 799px) 100vw, 799px\" \/><\/figure>\n<\/div>\n<\/div>\n<\/div>\n\n<div class=\"wp-block-group alignfull is-style-default is-content-justification-center is-layout-constrained wp-container-core-group-is-layout-69af11d0 wp-block-group-is-layout-constrained\" style=\"margin-top:0;margin-bottom:0;padding-top:var(--wp--preset--spacing--40);padding-bottom:var(--wp--preset--spacing--40)\">\n<div class=\"wp-block-group alignfull is-content-justification-center is-layout-constrained wp-container-core-group-is-layout-4853c3a7 wp-block-group-is-layout-constrained\" style=\"margin-top:0;margin-bottom:0;padding-top:calc( 0.5 * var(u002du002dwpu002du002dstyleu002du002drootu002du002dpadding-right, var(u002du002dwpu002du002dcustomu002du002dgapu002du002dhorizontal)));padding-right:var(u002du002dwpu002du002dstyleu002du002drootu002du002dpadding-right, var(u002du002dwpu002du002dcustomu002du002dgapu002du002dhorizontal));padding-bottom:calc( 0.5 * var(u002du002dwpu002du002dstyleu002du002drootu002du002dpadding-right, var(u002du002dwpu002du002dcustomu002du002dgapu002du002dhorizontal)));padding-left:var(u002du002dwpu002du002dstyleu002du002drootu002du002dpadding-left, var(u002du002dwpu002du002dcustomu002du002dgapu002du002dhorizontal))\">\n<div style=\"height:calc( 0.25 * var(u002du002dwpu002du002dstyleu002du002drootu002du002dpadding-right, var(u002du002dwpu002du002dcustomu002du002dgapu002du002dhorizontal)))\" aria-hidden=\"true\" class=\"wp-block-spacer\"><\/div>\n\n\n\n<div class=\"wp-block-columns alignwide is-layout-flex wp-container-core-columns-is-layout-7387b849 wp-block-columns-is-layout-flex\">\n<div class=\"wp-block-column is-vertically-aligned-center is-layout-flow wp-block-column-is-layout-flow\">\n<figure class=\"wp-block-image size-full\"><img data-recalc-dims=\"1\" loading=\"lazy\" decoding=\"async\" width=\"532\" height=\"799\" src=\"https:\/\/i0.wp.com\/bno-travel.com\/wp-content\/uploads\/2025\/06\/18670754034_e10bf74a7e_c.jpg?resize=532%2C799&#038;ssl=1\" alt=\"\" class=\"wp-image-2265\" style=\"aspect-ratio:3\/4;object-fit:cover\" srcset=\"https:\/\/i0.wp.com\/bno-travel.com\/wp-content\/uploads\/2025\/06\/18670754034_e10bf74a7e_c.jpg?w=532&amp;ssl=1 532w, https:\/\/i0.wp.com\/bno-travel.com\/wp-content\/uploads\/2025\/06\/18670754034_e10bf74a7e_c.jpg?resize=200%2C300&amp;ssl=1 200w\" sizes=\"(max-width: 532px) 100vw, 532px\" \/><\/figure>\n<\/div>\n\n\n\n<div class=\"wp-block-column is-vertically-aligned-center is-layout-flow wp-block-column-is-layout-flow\">\n<p class=\"has-text-align-left wp-block-paragraph\">Reserva tus vacaciones con BNO TRAVEL<\/p>\n\n\n\n<p class=\"wp-block-paragraph\">Tanto si est\u00e1s planeando unas vacaciones activas de invierno, una aventura de verano en la monta\u00f1a o una escapada relajante de fin de semana, <strong>BNO TRAVEL<\/strong> puede ayudarte a adaptar una estancia a tus necesidades. Ofrecemos paquetes completos con alojamiento y consejos sobre actividades, como bolos y mucho m\u00e1s. <\/p>\n\n\n\n<p class=\"wp-block-paragraph\">En cuanto al alojamiento en Trysil, ofrecemos tres \u00e1reas principales<\/p>\n\n\n\n<p class=\"wp-block-paragraph\"><a href=\"https:\/\/bno-travel.com\/es\/?page_id=2682\">Centro de Turismo de Trysil<\/a><\/p>\n\n\n\n<p class=\"wp-block-paragraph\">Es la zona m\u00e1s c\u00e9ntrica y animada de Trysil. Estar\u00e1s al lado de remontes, zonas infantiles, escuelas de esqu\u00ed, tiendas, restaurantes y apr\u00e8s-ski. Perfecta para los que quieren todo a un paso y un ambiente sociable. Apartamentos y hoteles con un alto nivel de confort hacen de \u00e9sta una elecci\u00f3n popular tanto para las vacaciones de invierno como de verano.   <\/p>\n\n\n\n<p class=\"wp-block-paragraph\"><a href=\"https:\/\/bno-travel.com\/es\/?page_id=2735\">Zona de caba\u00f1as de Trysilfjell<\/a><\/p>\n\n\n\n<p class=\"wp-block-paragraph\">Situadas en un entorno boscoso y tranquilo, entre el Centro Tur\u00edstico y el Centro de Alta Monta\u00f1a. Aqu\u00ed encontrar\u00e1s caba\u00f1as tradicionales y modernas caba\u00f1as de monta\u00f1a, muchas de ellas con acceso para esquiadores y hermosas vistas. Una buena elecci\u00f3n para los que desean m\u00e1s intimidad sin dejar de estar cerca de todo lo que ofrecen las monta\u00f1as.  <\/p>\n\n\n\n<p class=\"wp-block-paragraph\"><a href=\"https:\/\/bno-travel.com\/es\/?page_id=2823\">Trysil H\u00f8yfjellssenter \/ Fager\u00e5sen<\/a><\/p>\n\n\n\n<p class=\"wp-block-paragraph\">Esta zona es alta y abierta, con vistas panor\u00e1micas y mucho sol. Aqu\u00ed encontrar\u00e1s pistas aptas para familias, buenas zonas infantiles, alquiler de esqu\u00eds, una tienda de comestibles y un entorno tranquilo. Las caba\u00f1as y apartamentos de esta zona son perfectos para familias con ni\u00f1os y para quienes buscan una experiencia relajante en la monta\u00f1a.  <\/p>\n\n\n\n<p class=\"wp-block-paragraph\">Ponte en contacto con nosotros hoy mismo para planificar tu pr\u00f3xima experiencia en Trysil, \u00a1y no olvides reservar tiempo para una partida de bolos!<\/p>\n<\/div>\n<\/div>\n\n\n\n<div style=\"height:calc( 0.25 * var(u002du002dwpu002du002dstyleu002du002drootu002du002dpadding-right, var(u002du002dwpu002du002dcustomu002du002dgapu002du002dhorizontal)))\" aria-hidden=\"true\" class=\"wp-block-spacer\"><\/div>\n<\/div>\n\n\n\n<div class=\"wp-block-group alignwide is-content-justification-left is-layout-constrained wp-container-core-group-is-layout-54d22900 wp-block-group-is-layout-constrained\"><\/div>\n<\/div>\n\n<div class=\"wp-block-group alignfull is-style-default is-content-justification-center is-layout-constrained wp-container-core-group-is-layout-cdf99998 wp-block-group-is-layout-constrained\" style=\"margin-top:0;margin-bottom:0;padding-top:var(--wp--preset--spacing--40);padding-bottom:var(--wp--preset--spacing--40)\"><\/div>\n\n<p class=\"wp-block-paragraph\"><\/p>\n","protected":false},"excerpt":{"rendered":"<p>Bolos en Trysil: la actividad perfecta para toda la familia Los bolos son una actividad popular y sociable para j\u00f3venes y mayores, y en Trysil encontrar\u00e1s una bolera moderna y acogedora justo en el coraz\u00f3n de este destino de monta\u00f1a. Tanto si est\u00e1s en Trysil de vacaciones con la familia, con un grupo de amigos [&hellip;]<\/p>\n","protected":false},"author":260013438,"featured_media":0,"parent":0,"menu_order":0,"comment_status":"closed","ping_status":"closed","template":"","meta":{"_crdt_document":"","footnotes":""},"class_list":["post-4229","page","type-page","status-publish","hentry"],"jetpack_likes_enabled":true,"jetpack_sharing_enabled":true,"jetpack_shortlink":"https:\/\/wp.me\/PgDuwj-16d","jetpack-related-posts":[{"id":4238,"url":"https:\/\/bno-travel.com\/es\/spa-y-banos-en-trysil\/","url_meta":{"origin":4229,"position":0},"title":"Spa y ba\u00f1os en Trysil","author":"Jan Terje \u00c5s","date":"18 de julio de 2025","format":false,"excerpt":"Spa y ba\u00f1o en Trysil - Relajaci\u00f3n y bienestar en la monta\u00f1a Trysil no es s\u00f3lo para los que buscan velocidad y emoci\u00f3n, tambi\u00e9n es un destino para los que buscan tranquilidad, bienestar y aut\u00e9ntico ambiente de monta\u00f1a. Con una buena selecci\u00f3n de experiencias de spa y ba\u00f1o tanto para\u2026","rel":"","context":"Entrada similar","block_context":{"text":"Entrada similar","link":""},"img":{"alt_text":"Spa og bad i Trysil","src":"https:\/\/i0.wp.com\/bno-travel.com\/wp-content\/uploads\/2025\/07\/52199820901_706171c188_c.jpg?resize=350%2C200&ssl=1","width":350,"height":200,"srcset":"https:\/\/i0.wp.com\/bno-travel.com\/wp-content\/uploads\/2025\/07\/52199820901_706171c188_c.jpg?resize=350%2C200&ssl=1 1x, https:\/\/i0.wp.com\/bno-travel.com\/wp-content\/uploads\/2025\/07\/52199820901_706171c188_c.jpg?resize=525%2C300&ssl=1 1.5x, https:\/\/i0.wp.com\/bno-travel.com\/wp-content\/uploads\/2025\/07\/52199820901_706171c188_c.jpg?resize=700%2C400&ssl=1 2x"},"classes":[]},{"id":4170,"url":"https:\/\/bno-travel.com\/es\/bolos-en-salen\/","url_meta":{"origin":4229,"position":1},"title":"Bolos en S\u00e4len","author":"Jan Terje \u00c5s","date":"18 de julio de 2025","format":false,"excerpt":"Bolos en S\u00e4len - Actividades divertidas para toda la familia, todo el a\u00f1o Los bolos son una actividad sociable y familiar que constituye el descanso perfecto del esqu\u00ed, el ciclismo o el senderismo, y en S\u00e4len encontrar\u00e1s una moderna bolera en el centro de Lindvallen. Tanto ni\u00f1os como adultos pueden\u2026","rel":"","context":"Entrada similar","block_context":{"text":"Entrada similar","link":""},"img":{"alt_text":"Bowling i S\u00e4len","src":"https:\/\/i0.wp.com\/bno-travel.com\/wp-content\/uploads\/2025\/07\/bowling-salen-experium-aktiviteter-1.jpg?resize=350%2C200&ssl=1","width":350,"height":200,"srcset":"https:\/\/i0.wp.com\/bno-travel.com\/wp-content\/uploads\/2025\/07\/bowling-salen-experium-aktiviteter-1.jpg?resize=350%2C200&ssl=1 1x, https:\/\/i0.wp.com\/bno-travel.com\/wp-content\/uploads\/2025\/07\/bowling-salen-experium-aktiviteter-1.jpg?resize=525%2C300&ssl=1 1.5x"},"classes":[]},{"id":2755,"url":"https:\/\/bno-travel.com\/es\/descubre-trysil-todo-el-ano-para-veraneantes-activos\/","url_meta":{"origin":4229,"position":2},"title":"Descubre Trysil: Todo el a\u00f1o para veraneantes activos","author":"Jan Terje \u00c5s","date":"18 de julio de 2025","format":false,"excerpt":"Experiencia Trysil \u2605\u2605\u2605\u2605\u2605 Aqu\u00ed puedes encontrar alojamientos en Trysil Trysil no es s\u00f3lo el mayor destino de esqu\u00ed de Noruega, sino tambi\u00e9n un para\u00edso durante todo el a\u00f1o para hu\u00e9spedes activos, familias y amantes de la naturaleza. Tanto si visitas la monta\u00f1a en busca de velocidad y emoci\u00f3n, como si\u2026","rel":"","context":"Entrada similar","block_context":{"text":"Entrada similar","link":""},"img":{"alt_text":"Opplev Trysil","src":"https:\/\/i0.wp.com\/bno-travel.com\/wp-content\/uploads\/2025\/07\/20.06.19_Dronebilder-Sentrum_FULLSIZE-2.jpg?resize=350%2C200&ssl=1","width":350,"height":200,"srcset":"https:\/\/i0.wp.com\/bno-travel.com\/wp-content\/uploads\/2025\/07\/20.06.19_Dronebilder-Sentrum_FULLSIZE-2.jpg?resize=350%2C200&ssl=1 1x, https:\/\/i0.wp.com\/bno-travel.com\/wp-content\/uploads\/2025\/07\/20.06.19_Dronebilder-Sentrum_FULLSIZE-2.jpg?resize=525%2C300&ssl=1 1.5x, https:\/\/i0.wp.com\/bno-travel.com\/wp-content\/uploads\/2025\/07\/20.06.19_Dronebilder-Sentrum_FULLSIZE-2.jpg?resize=700%2C400&ssl=1 2x, https:\/\/i0.wp.com\/bno-travel.com\/wp-content\/uploads\/2025\/07\/20.06.19_Dronebilder-Sentrum_FULLSIZE-2.jpg?resize=1050%2C600&ssl=1 3x, https:\/\/i0.wp.com\/bno-travel.com\/wp-content\/uploads\/2025\/07\/20.06.19_Dronebilder-Sentrum_FULLSIZE-2.jpg?resize=1400%2C800&ssl=1 4x"},"classes":[]},{"id":4133,"url":"https:\/\/bno-travel.com\/pt-pt\/compras-em-trysil\/","url_meta":{"origin":4229,"position":3},"title":"Compras em Trysil","author":"Jan Terje \u00c5s","date":"18 de julio de 2025","format":false,"excerpt":"Compras em Trysil - Experimenta as lojas locais e os caf\u00e9s acolhedores no cora\u00e7\u00e3o da aldeia de montanha Trysil pode ser mais conhecida pelo seu esqui e pelas montanhas, mas no centro da aldeia tamb\u00e9m encontrar\u00e1s uma pequena cidade encantadora e vibrante com tudo o que precisas para umas f\u00e9rias\u2026","rel":"","context":"Entrada similar","block_context":{"text":"Entrada similar","link":""},"img":{"alt_text":"Opplev Trysil","src":"https:\/\/i0.wp.com\/bno-travel.com\/wp-content\/uploads\/2025\/07\/20.06.19_Dronebilder-Sentrum_FULLSIZE-2.jpg?resize=350%2C200&ssl=1","width":350,"height":200,"srcset":"https:\/\/i0.wp.com\/bno-travel.com\/wp-content\/uploads\/2025\/07\/20.06.19_Dronebilder-Sentrum_FULLSIZE-2.jpg?resize=350%2C200&ssl=1 1x, https:\/\/i0.wp.com\/bno-travel.com\/wp-content\/uploads\/2025\/07\/20.06.19_Dronebilder-Sentrum_FULLSIZE-2.jpg?resize=525%2C300&ssl=1 1.5x, https:\/\/i0.wp.com\/bno-travel.com\/wp-content\/uploads\/2025\/07\/20.06.19_Dronebilder-Sentrum_FULLSIZE-2.jpg?resize=700%2C400&ssl=1 2x, https:\/\/i0.wp.com\/bno-travel.com\/wp-content\/uploads\/2025\/07\/20.06.19_Dronebilder-Sentrum_FULLSIZE-2.jpg?resize=1050%2C600&ssl=1 3x, https:\/\/i0.wp.com\/bno-travel.com\/wp-content\/uploads\/2025\/07\/20.06.19_Dronebilder-Sentrum_FULLSIZE-2.jpg?resize=1400%2C800&ssl=1 4x"},"classes":[]},{"id":28448,"url":"https:\/\/bno-travel.com\/nl\/elementor-28397\/","url_meta":{"origin":4229,"position":4},"title":"Elementor #28397","author":"Jan Terje \u00c5s","date":"4 de abril de 2026","format":false,"excerpt":"Bestemming - Trysil Accommodatie in Trysil met toegang tot de gebieden die het meest geschikt zijn voor jouw reis Verken gebieden in Trysil zoals Trysil Turistsenter, Trysil Sentrum, Trysilfjell Hytteomr\u00e5de en Fager\u00e5sen \/ Trysil H\u00f8yfjellssenter - en vind een verblijf dat bij je reis past. Gebieden bekijken in Trysil Ontdek\u2026","rel":"","context":"Entrada similar","block_context":{"text":"Entrada similar","link":""},"img":{"alt_text":"","src":"","width":0,"height":0},"classes":[]},{"id":2723,"url":"https:\/\/bno-travel.com\/sv\/trysil-turistcenter\/","url_meta":{"origin":4229,"position":5},"title":"Trysil turistcenter","author":"Jan Terje \u00c5s","date":"18 de julio de 2025","format":false,"excerpt":"Trysil - Huvudomr\u00e5de Trysil Turistsenter - boende i Trysil med enkel tillg\u00e5ng till aktiviteter, skidskola och skiduthyrning Trysil Turistsenter \u00e4r ett av de mest popul\u00e4ra omr\u00e5dena f\u00f6r boende i Trysil, med n\u00e4rhet till aktiviteter, service och en bra utg\u00e5ngspunkt f\u00f6r b\u00e5de vinter- och sommarvistelse. Se enheter Se karta Bo mitt\u2026","rel":"","context":"Entrada similar","block_context":{"text":"Entrada similar","link":""},"img":{"alt_text":"","src":"","width":0,"height":0},"classes":[]}],"_links":{"self":[{"href":"https:\/\/bno-travel.com\/es\/wp-json\/wp\/v2\/pages\/4229","targetHints":{"allow":["GET"]}}],"collection":[{"href":"https:\/\/bno-travel.com\/es\/wp-json\/wp\/v2\/pages"}],"about":[{"href":"https:\/\/bno-travel.com\/es\/wp-json\/wp\/v2\/types\/page"}],"author":[{"embeddable":true,"href":"https:\/\/bno-travel.com\/es\/wp-json\/wp\/v2\/users\/260013438"}],"replies":[{"embeddable":true,"href":"https:\/\/bno-travel.com\/es\/wp-json\/wp\/v2\/comments?post=4229"}],"version-history":[{"count":3,"href":"https:\/\/bno-travel.com\/es\/wp-json\/wp\/v2\/pages\/4229\/revisions"}],"predecessor-version":[{"id":5212,"href":"https:\/\/bno-travel.com\/es\/wp-json\/wp\/v2\/pages\/4229\/revisions\/5212"}],"wp:attachment":[{"href":"https:\/\/bno-travel.com\/es\/wp-json\/wp\/v2\/media?parent=4229"}],"curies":[{"name":"wp","href":"https:\/\/api.w.org\/{rel}","templated":true}]}}