{"id":4235,"date":"2025-07-18T20:50:52","date_gmt":"2025-07-18T18:50:52","guid":{"rendered":"https:\/\/bno-travel.com\/?page_id=4235"},"modified":"2025-07-18T20:51:15","modified_gmt":"2025-07-18T18:51:15","slug":"de-compras-en-trysil","status":"publish","type":"page","link":"https:\/\/bno-travel.com\/es\/de-compras-en-trysil\/","title":{"rendered":"De compras en Trysil"},"content":{"rendered":"\n<p class=\"wp-block-paragraph\"><\/p>\n\n<div class=\"wp-block-cover alignfull is-light\" style=\"margin-top:0;margin-bottom:0;padding-top:var(--wp--preset--spacing--20);padding-right:var(--wp--preset--spacing--40);padding-bottom:var(--wp--preset--spacing--20);padding-left:var(--wp--preset--spacing--40);min-height:919px;aspect-ratio:unset;\"><img data-recalc-dims=\"1\" fetchpriority=\"high\" decoding=\"async\" width=\"800\" height=\"450\" class=\"wp-block-cover__image-background wp-image-2226 size-full\" alt=\"Shopping i Trysil\" src=\"https:\/\/i0.wp.com\/bno-travel.com\/wp-content\/uploads\/2025\/06\/sentrum_1920.jpg?resize=800%2C450&#038;ssl=1\" style=\"object-position:48% 57%\" data-object-fit=\"cover\" data-object-position=\"48% 57%\" srcset=\"https:\/\/i0.wp.com\/bno-travel.com\/wp-content\/uploads\/2025\/06\/sentrum_1920.jpg?w=1920&amp;ssl=1 1920w, https:\/\/i0.wp.com\/bno-travel.com\/wp-content\/uploads\/2025\/06\/sentrum_1920.jpg?resize=300%2C169&amp;ssl=1 300w, https:\/\/i0.wp.com\/bno-travel.com\/wp-content\/uploads\/2025\/06\/sentrum_1920.jpg?resize=1024%2C576&amp;ssl=1 1024w, https:\/\/i0.wp.com\/bno-travel.com\/wp-content\/uploads\/2025\/06\/sentrum_1920.jpg?resize=768%2C432&amp;ssl=1 768w, https:\/\/i0.wp.com\/bno-travel.com\/wp-content\/uploads\/2025\/06\/sentrum_1920.jpg?resize=1536%2C864&amp;ssl=1 1536w, https:\/\/i0.wp.com\/bno-travel.com\/wp-content\/uploads\/2025\/06\/sentrum_1920.jpg?w=1600&amp;ssl=1 1600w\" sizes=\"(max-width: 800px) 100vw, 800px\" \/><span aria-hidden=\"true\" class=\"wp-block-cover__background has-theme-1-background-color has-background-dim-30 has-background-dim\"><\/span><div class=\"wp-block-cover__inner-container is-layout-flow wp-block-cover-is-layout-flow\">\n<div style=\"height:var(--wp--preset--spacing--50)\" aria-hidden=\"true\" class=\"wp-block-spacer\"><\/div>\n\n\n\n<div style=\"height:var(--wp--preset--spacing--50)\" aria-hidden=\"true\" class=\"wp-block-spacer\"><\/div>\n<\/div><\/div>\n\n<div class=\"wp-block-group alignfull is-style-section-3 is-layout-constrained wp-block-group-is-layout-constrained\" style=\"margin-top:0;margin-bottom:0;padding-top:var(--wp--preset--spacing--40);padding-bottom:var(--wp--preset--spacing--40)\">\n<div class=\"wp-block-columns alignwide are-vertically-aligned-center is-layout-flex wp-container-core-columns-is-layout-d9ad523d wp-block-columns-is-layout-flex\">\n<div class=\"wp-block-column is-vertically-aligned-center is-layout-flow wp-block-column-is-layout-flow\">\n<figure class=\"wp-block-image size-full\"><img data-recalc-dims=\"1\" decoding=\"async\" width=\"800\" height=\"449\" src=\"https:\/\/i0.wp.com\/bno-travel.com\/wp-content\/uploads\/2025\/07\/20.06.19_Dronebilder-Sentrum_FULLSIZE-2.jpg?resize=800%2C449&#038;ssl=1\" alt=\"Experiencia Trysil\" class=\"wp-image-3199\" style=\"aspect-ratio:3\/4;object-fit:cover\" title=\"t&#xED;tulo\" srcset=\"https:\/\/i0.wp.com\/bno-travel.com\/wp-content\/uploads\/2025\/07\/20.06.19_Dronebilder-Sentrum_FULLSIZE-2.jpg?w=5464&amp;ssl=1 5464w, https:\/\/i0.wp.com\/bno-travel.com\/wp-content\/uploads\/2025\/07\/20.06.19_Dronebilder-Sentrum_FULLSIZE-2.jpg?resize=300%2C169&amp;ssl=1 300w, https:\/\/i0.wp.com\/bno-travel.com\/wp-content\/uploads\/2025\/07\/20.06.19_Dronebilder-Sentrum_FULLSIZE-2.jpg?resize=1024%2C575&amp;ssl=1 1024w, https:\/\/i0.wp.com\/bno-travel.com\/wp-content\/uploads\/2025\/07\/20.06.19_Dronebilder-Sentrum_FULLSIZE-2.jpg?resize=768%2C432&amp;ssl=1 768w, https:\/\/i0.wp.com\/bno-travel.com\/wp-content\/uploads\/2025\/07\/20.06.19_Dronebilder-Sentrum_FULLSIZE-2.jpg?resize=1536%2C863&amp;ssl=1 1536w, https:\/\/i0.wp.com\/bno-travel.com\/wp-content\/uploads\/2025\/07\/20.06.19_Dronebilder-Sentrum_FULLSIZE-2.jpg?resize=2048%2C1151&amp;ssl=1 2048w, https:\/\/i0.wp.com\/bno-travel.com\/wp-content\/uploads\/2025\/07\/20.06.19_Dronebilder-Sentrum_FULLSIZE-2.jpg?w=1600&amp;ssl=1 1600w, https:\/\/i0.wp.com\/bno-travel.com\/wp-content\/uploads\/2025\/07\/20.06.19_Dronebilder-Sentrum_FULLSIZE-2.jpg?w=2400&amp;ssl=1 2400w\" sizes=\"(max-width: 800px) 100vw, 800px\" \/><\/figure>\n<\/div>\n\n\n\n<div class=\"wp-block-column is-vertically-aligned-center is-content-justification-left is-layout-constrained wp-container-core-column-is-layout-b64f6bf5 wp-block-column-is-layout-constrained\">\n<p class=\"wp-block-paragraph\"><\/p>\n\n\n\n<h2 class=\"wp-block-heading\">De compras en Trysil - Experimenta las compras locales y los acogedores caf\u00e9s en el coraz\u00f3n del pueblo de monta\u00f1a<\/h2>\n\n\n\n<p class=\"wp-block-paragraph\">Puede que Trysil sea m\u00e1s conocido por su esqu\u00ed y sus monta\u00f1as, pero en el centro del pueblo tambi\u00e9n encontrar\u00e1s una peque\u00f1a ciudad encantadora y vibrante con todo lo que necesitas para unas completas vacaciones en la monta\u00f1a. <strong>El centro de Trysil<\/strong> ofrece una sorprendente variedad de tiendas, cafeter\u00edas, comercios especializados y servicios, perfectos para ir de compras, tomar un caf\u00e9 y pasar unos d\u00edas tranquilos entre actividad y actividad.<\/p>\n\n\n\n<p class=\"wp-block-paragraph\">Aqu\u00ed puedes hacer compras locales, sencillas y personales: de todo, desde deportes y ocio hasta moda, interiores y especialidades locales. Con una distancia a pie entre <a href=\"https:\/\/www.trysil.com\/bedrifter\/trysilsenteret-as\/trysilsenteret-as\/\" target=\"_blank\" rel=\"noopener\">el centro comercial<\/a> y las acogedoras tiendas del centro y un ambiente tranquilo, el centro de Trysil es un agradable descanso de las monta\u00f1as, tanto en invierno como en verano. <\/p>\n\n\n\n<p class=\"wp-block-paragraph\"><\/p>\n\n\n\n<div class=\"wp-block-buttons is-layout-flex wp-block-buttons-is-layout-flex\"><\/div>\n<\/div>\n<\/div>\n<\/div>\n\n<div class=\"wp-block-group alignfull is-style-default is-content-justification-center is-layout-constrained wp-container-core-group-is-layout-69af11d0 wp-block-group-is-layout-constrained\" style=\"margin-top:0;margin-bottom:0;padding-top:var(--wp--preset--spacing--40);padding-bottom:var(--wp--preset--spacing--40)\">\n<div class=\"wp-block-group alignwide is-content-justification-left is-layout-constrained wp-container-core-group-is-layout-54d22900 wp-block-group-is-layout-constrained\">\n<p class=\"wp-block-paragraph\"><\/p>\n<\/div>\n<\/div>\n\n<div class=\"wp-block-group alignfull is-content-justification-center is-layout-constrained wp-block-group-is-layout-constrained\" style=\"margin-top:0;margin-bottom:0;padding-top:var(--wp--preset--spacing--40);padding-bottom:var(--wp--preset--spacing--40)\">\n<div class=\"wp-block-columns alignwide are-vertically-aligned-center is-layout-flex wp-container-core-columns-is-layout-7387b849 wp-block-columns-is-layout-flex\">\n<div class=\"wp-block-column is-vertically-aligned-center is-content-justification-left is-layout-constrained wp-container-core-column-is-layout-b64f6bf5 wp-block-column-is-layout-constrained\">\n<h2 class=\"wp-block-heading has-xx-large-font-size\">Tiendas y servicios en el centro de Trysil<\/h2>\n\n\n\n<p class=\"wp-block-paragraph\">En el centro de Trysil coexisten <strong>conocidas cadenas comerciales<\/strong> y <strong>tiendas locales especializadas<\/strong>. Los deportes y el ocio son fuertes, perfectos para los que necesitan equipo extra para ciclismo o senderismo, o para los que quieren renovar su vestuario de esqu\u00ed con ropa y calzado nuevos. Es f\u00e1cil encontrar equipamiento de calidad tanto para actividades de invierno como de verano.  <\/p>\n\n\n\n<p class=\"wp-block-paragraph\">Entre otras cosas, encontrar\u00e1s:<\/p>\n\n\n\n<ul class=\"wp-block-list\">\n<li>Tiendas de deportes con marcas de esqu\u00ed, ciclismo y actividades al aire libre<\/li>\n\n\n\n<li>Ropa, moda y calzado para adultos y ni\u00f1os<\/li>\n\n\n\n<li>Tiendas de interior con artesan\u00eda y regalos<\/li>\n\n\n\n<li>Tienda de comestibles, farmacia, flores y ferreter\u00eda<\/li>\n\n\n\n<li>Electr\u00f3nica, peluquer\u00eda y sanidad<\/li>\n<\/ul>\n\n\n\n<p class=\"wp-block-paragraph\">Tambi\u00e9n en el centro de la ciudad est\u00e1 <strong>Trysilsenteret<\/strong>, un peque\u00f1o centro comercial con varias tiendas bajo un mismo techo, perfecto para ir de compras r\u00e1pida y eficazmente.<\/p>\n\n\n\n<p class=\"wp-block-paragraph\">Actividades en el centro de Trysil y sus alrededores<\/p>\n\n\n\n<p class=\"wp-block-paragraph\">Trysil tambi\u00e9n ofrece muchas actividades fuera de las monta\u00f1as, tanto en verano como en invierno.<\/p>\n\n\n\n<p class=\"wp-block-paragraph\"><strong>Actividades de invierno cerca del centro de la ciudad:<\/strong><\/p>\n\n\n\n<ul class=\"wp-block-list\">\n<li><strong>Las pistas de esqu\u00ed de fondo<\/strong> comienzan cerca del centro de la ciudad, proporcionando un f\u00e1cil acceso a<a href=\"https:\/\/bno-travel.com\/es\/?page_id=4434\"> las experiencias naturales m\u00e1s tranquilas del invierno<\/a><\/li>\n\n\n\n<li><strong>Raquetas de nieve<\/strong> en zonas forestales cercanas<\/li>\n\n\n\n<li><strong>Trineo y zonas de juego al aire libre<\/strong> para ni\u00f1os<\/li>\n\n\n\n<li><strong>Trineos tirados por perros<\/strong> y paseos a caballo organizados por operadores locales<\/li>\n<\/ul>\n\n\n\n<p class=\"wp-block-paragraph\"><strong>Actividades de verano desde el centro de la ciudad:<\/strong><\/p>\n\n\n\n<ul class=\"wp-block-list\">\n<li><strong>El r\u00edo Trysilelva<\/strong> atraviesa el centro de la ciudad - perfecto para remar, pescar o pasear por el r\u00edo<\/li>\n\n\n\n<li><strong>Carriles bici y pasarelas<\/strong> para desplazamientos f\u00e1ciles en las tierras bajas<\/li>\n\n\n\n<li><strong>Senderos culturales y edificios hist\u00f3ricos<\/strong> para los que quieran saber m\u00e1s sobre <a href=\"https:\/\/www.trysil.com\/bedrifter\/anno-museum-trysil-og-engerdal\/trysil-bygdetun\/\" target=\"_blank\" rel=\"noopener\">la historia de Trysil<\/a><\/li>\n\n\n\n<li><strong>Parques de escalada y zonas de actividades<\/strong> a poca distancia en coche<\/li>\n<\/ul>\n<\/div>\n\n\n\n<div class=\"wp-block-column is-vertically-aligned-center is-layout-flow wp-block-column-is-layout-flow\">\n<figure class=\"wp-block-image size-full\"><img data-recalc-dims=\"1\" decoding=\"async\" width=\"799\" height=\"532\" src=\"https:\/\/i0.wp.com\/bno-travel.com\/wp-content\/uploads\/2025\/06\/19105672288_2155e3dd4c_c.jpg?resize=799%2C532&#038;ssl=1\" alt=\"Verano en Trysil\" class=\"wp-image-2278\" style=\"aspect-ratio:3\/4;object-fit:cover\" srcset=\"https:\/\/i0.wp.com\/bno-travel.com\/wp-content\/uploads\/2025\/06\/19105672288_2155e3dd4c_c.jpg?w=799&amp;ssl=1 799w, https:\/\/i0.wp.com\/bno-travel.com\/wp-content\/uploads\/2025\/06\/19105672288_2155e3dd4c_c.jpg?resize=300%2C200&amp;ssl=1 300w, https:\/\/i0.wp.com\/bno-travel.com\/wp-content\/uploads\/2025\/06\/19105672288_2155e3dd4c_c.jpg?resize=768%2C511&amp;ssl=1 768w\" sizes=\"(max-width: 799px) 100vw, 799px\" \/><\/figure>\n<\/div>\n<\/div>\n<\/div>\n\n<div class=\"wp-block-group alignfull is-style-default is-content-justification-center is-layout-constrained wp-container-core-group-is-layout-69af11d0 wp-block-group-is-layout-constrained\" style=\"margin-top:0;margin-bottom:0;padding-top:var(--wp--preset--spacing--40);padding-bottom:var(--wp--preset--spacing--40)\">\n<div class=\"wp-block-group alignfull is-content-justification-center is-layout-constrained wp-container-core-group-is-layout-4853c3a7 wp-block-group-is-layout-constrained\" style=\"margin-top:0;margin-bottom:0;padding-top:calc( 0.5 * var(u002du002dwpu002du002dstyleu002du002drootu002du002dpadding-right, var(u002du002dwpu002du002dcustomu002du002dgapu002du002dhorizontal)));padding-right:var(u002du002dwpu002du002dstyleu002du002drootu002du002dpadding-right, var(u002du002dwpu002du002dcustomu002du002dgapu002du002dhorizontal));padding-bottom:calc( 0.5 * var(u002du002dwpu002du002dstyleu002du002drootu002du002dpadding-right, var(u002du002dwpu002du002dcustomu002du002dgapu002du002dhorizontal)));padding-left:var(u002du002dwpu002du002dstyleu002du002drootu002du002dpadding-left, var(u002du002dwpu002du002dcustomu002du002dgapu002du002dhorizontal))\">\n<div style=\"height:calc( 0.25 * var(u002du002dwpu002du002dstyleu002du002drootu002du002dpadding-right, var(u002du002dwpu002du002dcustomu002du002dgapu002du002dhorizontal)))\" aria-hidden=\"true\" class=\"wp-block-spacer\"><\/div>\n\n\n\n<div class=\"wp-block-columns alignwide is-layout-flex wp-container-core-columns-is-layout-7387b849 wp-block-columns-is-layout-flex\">\n<div class=\"wp-block-column is-vertically-aligned-center is-layout-flow wp-block-column-is-layout-flow\">\n<figure class=\"wp-block-image size-full\"><img data-recalc-dims=\"1\" loading=\"lazy\" decoding=\"async\" width=\"532\" height=\"799\" src=\"https:\/\/i0.wp.com\/bno-travel.com\/wp-content\/uploads\/2025\/06\/18670754034_e10bf74a7e_c.jpg?resize=532%2C799&#038;ssl=1\" alt=\"\" class=\"wp-image-2265\" style=\"aspect-ratio:3\/4;object-fit:cover\" srcset=\"https:\/\/i0.wp.com\/bno-travel.com\/wp-content\/uploads\/2025\/06\/18670754034_e10bf74a7e_c.jpg?w=532&amp;ssl=1 532w, https:\/\/i0.wp.com\/bno-travel.com\/wp-content\/uploads\/2025\/06\/18670754034_e10bf74a7e_c.jpg?resize=200%2C300&amp;ssl=1 200w\" sizes=\"(max-width: 532px) 100vw, 532px\" \/><\/figure>\n<\/div>\n\n\n\n<div class=\"wp-block-column is-vertically-aligned-center is-layout-flow wp-block-column-is-layout-flow\">\n<p class=\"has-text-align-left wp-block-paragraph\"><\/p>\n\n\n\n<p class=\"wp-block-paragraph\">Caf\u00e9s y restaurantes: un sabroso descanso en el centro de la ciudad<\/p>\n\n\n\n<p class=\"wp-block-paragraph\">Cuando tus bolsas de la compra est\u00e9n llenas y tus piernas necesiten un descanso, hay varias <strong>cafeter\u00edas y panader\u00edas<\/strong> acogedoras en el centro de la ciudad. Aqu\u00ed puedes sentarte con una humeante taza de caf\u00e9, disfrutar de productos reci\u00e9n horneados, un buen almuerzo o simplemente algo dulce en un entorno acogedor. <\/p>\n\n\n\n<p class=\"wp-block-paragraph\">Algunas sugerencias de cafeter\u00edas populares en el centro de Trysil:<\/p>\n\n\n\n<ul class=\"wp-block-list\">\n<li><strong>L\u00f8kja <\/strong>- Un gastropub moderno centrado en la comida y bebida locales, conciertos y un ambiente acogedor<\/li>\n\n\n\n<li><strong>Fru Skj\u00e6raasen<\/strong> - Combina cafeter\u00eda, dise\u00f1o de interiores y tienda de regalos, perfecto para una escapada acogedora con algo emocionante para casa.<\/li>\n\n\n\n<li><strong>Parken Bistro &amp; Bar<\/strong> - Genial para desayunar, comer y cenar, abierto todos los d\u00edas<\/li>\n\n\n\n<li><strong>Husets Kaf\u00e9<\/strong> - Punto de encuentro local en pleno centro de la ciudad, con deliciosos pasteles, caf\u00e9 y comidas ligeras. Una opci\u00f3n acogedora para un descanso tranquilo <\/li>\n\n\n\n<li><strong>Kremen Konditori<\/strong> - Una pasteler\u00eda popular con boller\u00eda fresca. Recomendada para tentaciones dulces durante tu visita <\/li>\n<\/ul>\n\n\n\n<p class=\"wp-block-paragraph\">Varios lugares tambi\u00e9n ofrecen comida local y productos especiales que son estupendos para llevar a casa como recuerdo o regalo.<\/p>\n\n\n\n<p class=\"wp-block-paragraph\">Alojamiento en o cerca del centro de Trysil<\/p>\n\n\n\n<p class=\"wp-block-paragraph\">Hay varias buenas opciones de <strong>alojamiento en el centro de Trysil y cerca de \u00e9l<\/strong>. Aqu\u00ed estar\u00e1s cerca de tiendas, restaurantes y servicios, y al mismo tiempo a poca distancia del autob\u00fas de esqu\u00ed o de las actividades de verano. <\/p>\n\n\n\n<p class=\"wp-block-paragraph\">Algunas <a href=\"https:\/\/bno-travel.com\/es\/?page_id=2722\">opciones de alojamiento<\/a> son<\/p>\n\n\n\n<ul class=\"wp-block-list\">\n<li><strong>Hoteles<\/strong> con confort y desayuno incluidos<\/li>\n\n\n\n<li><strong>Casas rurales<\/strong> y apartamentos de alquiler a trav\u00e9s de BNO TRAVEL para una experiencia m\u00e1s privada<\/li>\n\n\n\n<li><\/li>\n<\/ul>\n\n\n\n<p class=\"wp-block-paragraph\">Alojarte cerca del centro de la ciudad te da flexibilidad: perfecto para familias con ni\u00f1os, grupos de amigos o quienes quieran combinar monta\u00f1a y comodidades.<\/p>\n\n\n\n<hr class=\"wp-block-separator has-alpha-channel-opacity\"\/>\n\n\n\n<h2 class=\"wp-block-heading\">Vive las compras y la vida urbana en Trysil con BNO TRAVEL<\/h2>\n\n\n\n<p class=\"wp-block-paragraph\">El centro de Trysil es algo m\u00e1s que una parada: es un agradable punto de encuentro para ir de compras, comer bien y relajarse. En <strong>BNO TRAVEL<\/strong> te ayudaremos a encontrar el alojamiento perfecto y te daremos consejos sobre qu\u00e9 experimentar por el camino. Combina las compras con la naturaleza, las visitas a cafeter\u00edas con el esqu\u00ed o el ciclismo, y descubre todo lo que Trysil tiene que ofrecer, durante todo el a\u00f1o.  <\/p>\n<\/div>\n<\/div>\n\n\n\n<div style=\"height:calc( 0.25 * var(u002du002dwpu002du002dstyleu002du002drootu002du002dpadding-right, var(u002du002dwpu002du002dcustomu002du002dgapu002du002dhorizontal)))\" aria-hidden=\"true\" class=\"wp-block-spacer\"><\/div>\n<\/div>\n\n\n\n<div class=\"wp-block-group alignwide is-content-justification-left is-layout-constrained wp-container-core-group-is-layout-54d22900 wp-block-group-is-layout-constrained\"><\/div>\n<\/div>\n\n<div class=\"wp-block-group alignfull is-style-default is-content-justification-center is-layout-constrained wp-container-core-group-is-layout-cdf99998 wp-block-group-is-layout-constrained\" style=\"margin-top:0;margin-bottom:0;padding-top:var(--wp--preset--spacing--40);padding-bottom:var(--wp--preset--spacing--40)\"><\/div>\n\n<p class=\"wp-block-paragraph\"><\/p>\n","protected":false},"excerpt":{"rendered":"<p>De compras en Trysil - Experimenta las compras locales y los acogedores caf\u00e9s en el coraz\u00f3n del pueblo de monta\u00f1a Puede que Trysil sea m\u00e1s conocido por su esqu\u00ed y sus monta\u00f1as, pero en el centro del pueblo tambi\u00e9n encontrar\u00e1s una peque\u00f1a ciudad encantadora y vibrante con todo lo que necesitas para unas completas vacaciones [&hellip;]<\/p>\n","protected":false},"author":260013438,"featured_media":0,"parent":0,"menu_order":0,"comment_status":"closed","ping_status":"closed","template":"","meta":{"_crdt_document":"","footnotes":""},"class_list":["post-4235","page","type-page","status-publish","hentry"],"jetpack_likes_enabled":true,"jetpack_sharing_enabled":true,"jetpack_shortlink":"https:\/\/wp.me\/PgDuwj-16j","jetpack-related-posts":[{"id":4133,"url":"https:\/\/bno-travel.com\/pt-pt\/compras-em-trysil\/","url_meta":{"origin":4235,"position":0},"title":"Compras em Trysil","author":"Jan Terje \u00c5s","date":"18 de julio de 2025","format":false,"excerpt":"Compras em Trysil - Experimenta as lojas locais e os caf\u00e9s acolhedores no cora\u00e7\u00e3o da aldeia de montanha Trysil pode ser mais conhecida pelo seu esqui e pelas montanhas, mas no centro da aldeia tamb\u00e9m encontrar\u00e1s uma pequena cidade encantadora e vibrante com tudo o que precisas para umas f\u00e9rias\u2026","rel":"","context":"Entrada similar","block_context":{"text":"Entrada similar","link":""},"img":{"alt_text":"Opplev Trysil","src":"https:\/\/i0.wp.com\/bno-travel.com\/wp-content\/uploads\/2025\/07\/20.06.19_Dronebilder-Sentrum_FULLSIZE-2.jpg?resize=350%2C200&ssl=1","width":350,"height":200,"srcset":"https:\/\/i0.wp.com\/bno-travel.com\/wp-content\/uploads\/2025\/07\/20.06.19_Dronebilder-Sentrum_FULLSIZE-2.jpg?resize=350%2C200&ssl=1 1x, https:\/\/i0.wp.com\/bno-travel.com\/wp-content\/uploads\/2025\/07\/20.06.19_Dronebilder-Sentrum_FULLSIZE-2.jpg?resize=525%2C300&ssl=1 1.5x, https:\/\/i0.wp.com\/bno-travel.com\/wp-content\/uploads\/2025\/07\/20.06.19_Dronebilder-Sentrum_FULLSIZE-2.jpg?resize=700%2C400&ssl=1 2x, https:\/\/i0.wp.com\/bno-travel.com\/wp-content\/uploads\/2025\/07\/20.06.19_Dronebilder-Sentrum_FULLSIZE-2.jpg?resize=1050%2C600&ssl=1 3x, https:\/\/i0.wp.com\/bno-travel.com\/wp-content\/uploads\/2025\/07\/20.06.19_Dronebilder-Sentrum_FULLSIZE-2.jpg?resize=1400%2C800&ssl=1 4x"},"classes":[]},{"id":2682,"url":"https:\/\/bno-travel.com\/es\/centro-de-turismo-de-trysil\/","url_meta":{"origin":4235,"position":1},"title":"Centro de Turismo de Trysil","author":"Jan Terje \u00c5s","date":"18 de julio de 2025","format":false,"excerpt":"Trysil - Zona principal Trysil Turistsenter - alojamiento en Trysil con f\u00e1cil acceso a actividades, escuela de esqu\u00ed y alquiler de esqu\u00eds Trysil Turistsenter es una de las zonas m\u00e1s populares para alojarse en Trysil, muy cerca de actividades, servicios y un buen punto de partida tanto para estancias de\u2026","rel":"","context":"Entrada similar","block_context":{"text":"Entrada similar","link":""},"img":{"alt_text":"","src":"","width":0,"height":0},"classes":[]},{"id":4242,"url":"https:\/\/bno-travel.com\/es\/restaurantes-en-trysil\/","url_meta":{"origin":4235,"position":2},"title":"Restaurantes en Trysil","author":"Jan Terje \u00c5s","date":"18 de julio de 2025","format":false,"excerpt":"Restaurantes y cafeter\u00edas en Trysil - Sabroso todo el a\u00f1o Trysil ofrece mucho m\u00e1s que fant\u00e1sticas pistas de esqu\u00ed y paisajes monta\u00f1osos. Tanto si visitas la zona en invierno como en verano, podr\u00e1s disfrutar de una rica selecci\u00f3n de restaurantes, cafeter\u00edas y locales apr\u00e8s-ski: de todo, desde gourmet hasta comida\u2026","rel":"","context":"Entrada similar","block_context":{"text":"Entrada similar","link":""},"img":{"alt_text":"Skistar Logde Trysil","src":"https:\/\/i0.wp.com\/bno-travel.com\/wp-content\/uploads\/2025\/07\/52199845033_2c000ed2d7_c.jpg?resize=350%2C200&ssl=1","width":350,"height":200,"srcset":"https:\/\/i0.wp.com\/bno-travel.com\/wp-content\/uploads\/2025\/07\/52199845033_2c000ed2d7_c.jpg?resize=350%2C200&ssl=1 1x, https:\/\/i0.wp.com\/bno-travel.com\/wp-content\/uploads\/2025\/07\/52199845033_2c000ed2d7_c.jpg?resize=525%2C300&ssl=1 1.5x, https:\/\/i0.wp.com\/bno-travel.com\/wp-content\/uploads\/2025\/07\/52199845033_2c000ed2d7_c.jpg?resize=700%2C400&ssl=1 2x"},"classes":[]},{"id":4430,"url":"https:\/\/bno-travel.com\/es\/esqui-alpino-en-trysil\/","url_meta":{"origin":4235,"position":3},"title":"Esqu\u00ed alpino en Trysil","author":"Jan Terje \u00c5s","date":"18 de julio de 2025","format":false,"excerpt":"Esqu\u00ed alpino en Trysil - Vive la estaci\u00f3n de esqu\u00ed m\u00e1s grande y popular de Noruega Bienvenido a Trysil, la mayor estaci\u00f3n alpina de Noruega y un aut\u00e9ntico para\u00edso invernal para toda la familia. Con kil\u00f3metros de pistas preparadas, un moderno sistema de remontes, zonas aptas para ni\u00f1os y un\u2026","rel":"","context":"Entrada similar","block_context":{"text":"Entrada similar","link":""},"img":{"alt_text":"Alpint i Trysil","src":"https:\/\/i0.wp.com\/bno-travel.com\/wp-content\/uploads\/2025\/06\/AdobeStock_182554441-e1750784403298.jpeg?resize=350%2C200&ssl=1","width":350,"height":200,"srcset":"https:\/\/i0.wp.com\/bno-travel.com\/wp-content\/uploads\/2025\/06\/AdobeStock_182554441-e1750784403298.jpeg?resize=350%2C200&ssl=1 1x, https:\/\/i0.wp.com\/bno-travel.com\/wp-content\/uploads\/2025\/06\/AdobeStock_182554441-e1750784403298.jpeg?resize=525%2C300&ssl=1 1.5x, https:\/\/i0.wp.com\/bno-travel.com\/wp-content\/uploads\/2025\/06\/AdobeStock_182554441-e1750784403298.jpeg?resize=700%2C400&ssl=1 2x"},"classes":[]},{"id":4434,"url":"https:\/\/bno-travel.com\/es\/esqui-de-fondo-en-trysil\/","url_meta":{"origin":4235,"position":4},"title":"Esqu\u00ed de fondo en Trysil","author":"Jan Terje \u00c5s","date":"18 de julio de 2025","format":false,"excerpt":"Esqu\u00ed de fondo en Trysil - Experimenta las pistas de fondo m\u00e1s bellas y variadas de Noruega Bienvenido a Trysil, \u00a1un para\u00edso invernal para los amantes del esqu\u00ed de fondo! Con m\u00e1s de 100 kil\u00f3metros de pistas preparadas, rutas variadas por bosques y monta\u00f1as, zonas aptas para familias y magn\u00edficos\u2026","rel":"","context":"Entrada similar","block_context":{"text":"Entrada similar","link":""},"img":{"alt_text":"Langrenn i Trysil","src":"https:\/\/i0.wp.com\/bno-travel.com\/wp-content\/uploads\/2025\/07\/IMG_5369-rotated.jpg?resize=350%2C200&ssl=1","width":350,"height":200,"srcset":"https:\/\/i0.wp.com\/bno-travel.com\/wp-content\/uploads\/2025\/07\/IMG_5369-rotated.jpg?resize=350%2C200&ssl=1 1x, https:\/\/i0.wp.com\/bno-travel.com\/wp-content\/uploads\/2025\/07\/IMG_5369-rotated.jpg?resize=525%2C300&ssl=1 1.5x, https:\/\/i0.wp.com\/bno-travel.com\/wp-content\/uploads\/2025\/07\/IMG_5369-rotated.jpg?resize=700%2C400&ssl=1 2x, https:\/\/i0.wp.com\/bno-travel.com\/wp-content\/uploads\/2025\/07\/IMG_5369-rotated.jpg?resize=1050%2C600&ssl=1 3x, https:\/\/i0.wp.com\/bno-travel.com\/wp-content\/uploads\/2025\/07\/IMG_5369-rotated.jpg?resize=1400%2C800&ssl=1 4x"},"classes":[]}],"_links":{"self":[{"href":"https:\/\/bno-travel.com\/es\/wp-json\/wp\/v2\/pages\/4235","targetHints":{"allow":["GET"]}}],"collection":[{"href":"https:\/\/bno-travel.com\/es\/wp-json\/wp\/v2\/pages"}],"about":[{"href":"https:\/\/bno-travel.com\/es\/wp-json\/wp\/v2\/types\/page"}],"author":[{"embeddable":true,"href":"https:\/\/bno-travel.com\/es\/wp-json\/wp\/v2\/users\/260013438"}],"replies":[{"embeddable":true,"href":"https:\/\/bno-travel.com\/es\/wp-json\/wp\/v2\/comments?post=4235"}],"version-history":[{"count":2,"href":"https:\/\/bno-travel.com\/es\/wp-json\/wp\/v2\/pages\/4235\/revisions"}],"predecessor-version":[{"id":4807,"href":"https:\/\/bno-travel.com\/es\/wp-json\/wp\/v2\/pages\/4235\/revisions\/4807"}],"wp:attachment":[{"href":"https:\/\/bno-travel.com\/es\/wp-json\/wp\/v2\/media?parent=4235"}],"curies":[{"name":"wp","href":"https:\/\/api.w.org\/{rel}","templated":true}]}}