{"id":4238,"date":"2025-07-18T20:52:27","date_gmt":"2025-07-18T18:52:27","guid":{"rendered":"https:\/\/bno-travel.com\/?page_id=4238"},"modified":"2025-07-18T20:52:29","modified_gmt":"2025-07-18T18:52:29","slug":"spa-y-banos-en-trysil","status":"publish","type":"page","link":"https:\/\/bno-travel.com\/es\/spa-y-banos-en-trysil\/","title":{"rendered":"Spa y ba\u00f1os en Trysil"},"content":{"rendered":"\n<p class=\"wp-block-paragraph\"><\/p>\n\n<div class=\"wp-block-cover alignfull\" style=\"margin-top:0;margin-bottom:0;padding-top:var(--wp--preset--spacing--20);padding-right:var(--wp--preset--spacing--40);padding-bottom:var(--wp--preset--spacing--20);padding-left:var(--wp--preset--spacing--40);min-height:953px;aspect-ratio:unset;\"><img data-recalc-dims=\"1\" fetchpriority=\"high\" decoding=\"async\" width=\"799\" height=\"616\" class=\"wp-block-cover__image-background wp-image-3469 size-full\" alt=\"Spa og bad i Trysil\" src=\"https:\/\/i0.wp.com\/bno-travel.com\/wp-content\/uploads\/2025\/07\/52199820901_706171c188_c.jpg?resize=799%2C616&#038;ssl=1\" style=\"object-position:51% 84%\" data-object-fit=\"cover\" data-object-position=\"51% 84%\" srcset=\"https:\/\/i0.wp.com\/bno-travel.com\/wp-content\/uploads\/2025\/07\/52199820901_706171c188_c.jpg?w=799&amp;ssl=1 799w, https:\/\/i0.wp.com\/bno-travel.com\/wp-content\/uploads\/2025\/07\/52199820901_706171c188_c.jpg?resize=300%2C231&amp;ssl=1 300w, https:\/\/i0.wp.com\/bno-travel.com\/wp-content\/uploads\/2025\/07\/52199820901_706171c188_c.jpg?resize=768%2C592&amp;ssl=1 768w\" sizes=\"(max-width: 799px) 100vw, 799px\" \/><span aria-hidden=\"true\" class=\"wp-block-cover__background has-theme-1-background-color has-background-dim-30 has-background-dim\"><\/span><div class=\"wp-block-cover__inner-container is-layout-flow wp-block-cover-is-layout-flow\">\n<div style=\"height:var(--wp--preset--spacing--50)\" aria-hidden=\"true\" class=\"wp-block-spacer\"><\/div>\n\n\n\n<div style=\"height:var(--wp--preset--spacing--50)\" aria-hidden=\"true\" class=\"wp-block-spacer\"><\/div>\n<\/div><\/div>\n\n<div class=\"wp-block-group alignfull is-style-section-3 is-layout-constrained wp-block-group-is-layout-constrained\" style=\"margin-top:0;margin-bottom:0;padding-top:var(--wp--preset--spacing--40);padding-bottom:var(--wp--preset--spacing--40)\">\n<div class=\"wp-block-columns alignwide are-vertically-aligned-center is-layout-flex wp-container-core-columns-is-layout-d9ad523d wp-block-columns-is-layout-flex\">\n<div class=\"wp-block-column is-vertically-aligned-center is-layout-flow wp-block-column-is-layout-flow\">\n<figure class=\"wp-block-image size-full\"><img data-recalc-dims=\"1\" decoding=\"async\" width=\"799\" height=\"597\" src=\"https:\/\/i0.wp.com\/bno-travel.com\/wp-content\/uploads\/2025\/07\/52200128044_b550a6c33d_c.jpg?resize=799%2C597&#038;ssl=1\" alt=\"\" class=\"wp-image-3443\" style=\"aspect-ratio:3\/4;object-fit:cover\" title=\"t&#xED;tulo\" srcset=\"https:\/\/i0.wp.com\/bno-travel.com\/wp-content\/uploads\/2025\/07\/52200128044_b550a6c33d_c.jpg?w=799&amp;ssl=1 799w, https:\/\/i0.wp.com\/bno-travel.com\/wp-content\/uploads\/2025\/07\/52200128044_b550a6c33d_c.jpg?resize=300%2C224&amp;ssl=1 300w, https:\/\/i0.wp.com\/bno-travel.com\/wp-content\/uploads\/2025\/07\/52200128044_b550a6c33d_c.jpg?resize=768%2C574&amp;ssl=1 768w\" sizes=\"(max-width: 799px) 100vw, 799px\" \/><\/figure>\n<\/div>\n\n\n\n<div class=\"wp-block-column is-vertically-aligned-center is-content-justification-left is-layout-constrained wp-container-core-column-is-layout-b64f6bf5 wp-block-column-is-layout-constrained\">\n<p class=\"wp-block-paragraph\"><\/p>\n\n\n\n<h2 class=\"wp-block-heading\">Spa y ba\u00f1o en Trysil - Relajaci\u00f3n y bienestar en la monta\u00f1a<\/h2>\n\n\n\n<p class=\"wp-block-paragraph\">Trysil no es s\u00f3lo para los que buscan velocidad y emoci\u00f3n, tambi\u00e9n es un destino para los que buscan tranquilidad, bienestar y aut\u00e9ntico ambiente de monta\u00f1a. Con una buena selecci\u00f3n de experiencias de spa y ba\u00f1o tanto para familias como para parejas, Trysil es el lugar perfecto para combinar los d\u00edas activos con la relajaci\u00f3n y el autocuidado. <\/p>\n\n\n\n<p class=\"wp-block-paragraph\">Tanto si visitas las monta\u00f1as en invierno, con los picos nevados y el aire helado, como en verano, cuando la naturaleza est\u00e1 en plena floraci\u00f3n, un balneario y un ba\u00f1o son un maravilloso descanso de las actividades del d\u00eda.<\/p>\n\n\n\n<p class=\"wp-block-paragraph\">Experiencias de bienestar y spa en Trysil<\/p>\n\n\n\n<p class=\"wp-block-paragraph\">Trysil ofrece varios balnearios y centros de bienestar donde podr\u00e1s relajarte tras un d\u00eda activo. Dos de las instalaciones m\u00e1s populares se encuentran en Radisson Blu Resort y Radisson Blu Mountain Resort &amp; Residences. <\/p>\n\n\n\n<p class=\"wp-block-paragraph\">1. <strong>Radisson Blu Resort Trysil - parque acu\u00e1tico y zona de bienestar<\/strong><\/p>\n\n\n\n<p class=\"wp-block-paragraph\">En el <a href=\"https:\/\/www.trysil.com\/bedrifter\/radisson-blu-resort-trysil\/radisson-blu-resort-trysil\/\" target=\"_blank\" rel=\"noopener\">Radisson Blu Resort Trysil<\/a> hay una piscina cubierta para toda la familia. Aqu\u00ed encontrar\u00e1s: <\/p>\n\n\n\n<ul class=\"wp-block-list\">\n<li>Piscinas climatizadas<\/li>\n\n\n\n<li>Piscina infantil y toboganes<\/li>\n\n\n\n<li>Ba\u00f1era de hidromasaje y cascada<\/li>\n\n\n\n<li>Zonas de relax con sillones calientes<\/li>\n\n\n\n<li>Simulador de surf (FlowRider) - \u00a1\u00fanico en la Noruega monta\u00f1osa!<\/li>\n<\/ul>\n\n\n\n<p class=\"wp-block-paragraph\"><\/p>\n<\/div>\n<\/div>\n<\/div>\n\n<div class=\"wp-block-group alignfull is-style-default is-content-justification-center is-layout-constrained wp-container-core-group-is-layout-69af11d0 wp-block-group-is-layout-constrained\" style=\"margin-top:0;margin-bottom:0;padding-top:var(--wp--preset--spacing--40);padding-bottom:var(--wp--preset--spacing--40)\"><\/div>\n\n<div class=\"wp-block-group alignfull is-content-justification-center is-layout-constrained wp-block-group-is-layout-constrained\" style=\"margin-top:0;margin-bottom:0;padding-top:var(--wp--preset--spacing--40);padding-bottom:var(--wp--preset--spacing--40)\">\n<div class=\"wp-block-columns alignwide are-vertically-aligned-center is-layout-flex wp-container-core-columns-is-layout-7387b849 wp-block-columns-is-layout-flex\">\n<div class=\"wp-block-column is-vertically-aligned-center is-content-justification-left is-layout-constrained wp-container-core-column-is-layout-b64f6bf5 wp-block-column-is-layout-constrained\">\n<p class=\"wp-block-paragraph\">Es un lugar en el que tanto ni\u00f1os como adultos pueden divertirse, haga el tiempo que haga y sea cual sea la estaci\u00f3n del a\u00f1o. Perfecto para los d\u00edas de lluvia, los d\u00edas de descanso o como actividad nocturna despu\u00e9s de hacer senderismo o esquiar. <\/p>\n\n\n\n<p class=\"wp-block-paragraph\">2. <strong>Skistar Logde Trysil - <a href=\"https:\/\/www.trysil.com\/bedrifter\/skistar-lodge-trysil\/kulpen-spa\/\" target=\"_blank\" rel=\"noopener\">Spa y Relax<\/a><\/strong><\/p>\n\n\n\n<p class=\"wp-block-paragraph\">En <strong>Skistar Logde Trysil<\/strong>, en Fager\u00e5sen, encontrar\u00e1s un programa de spa m\u00e1s relajante para adultos y parejas. Ofrece: <\/p>\n\n\n\n<ul class=\"wp-block-list\">\n<li>Centro de bienestar con jacuzzi, sauna y ba\u00f1o turco<\/li>\n\n\n\n<li>Tratamientos de spa como masajes, tratamientos faciales y aromaterapia<\/li>\n\n\n\n<li>Un entorno tranquilo con vistas a la monta\u00f1a y centrado en la relajaci\u00f3n mental<\/li>\n<\/ul>\n\n\n\n<p class=\"wp-block-paragraph\">El spa es perfecto para parejas, grupos de amigos o quienes quieran mimarse con un poco de lujo tras un d\u00eda activo.<\/p>\n\n\n\n<p class=\"wp-block-paragraph\">Actividades de verano e invierno que proporcionan equilibrio<\/p>\n\n\n\n<p class=\"wp-block-paragraph\">Trysil es conocida por su amplia gama de actividades, y las experiencias de spa y ba\u00f1o son un gran complemento para ellas. Aqu\u00ed tienes algunos consejos sobre lo que puedes combinar con un fin de semana de balneario o unas vacaciones en Trysil: <\/p>\n\n\n\n<p class=\"wp-block-paragraph\">Actividades de invierno (excluido el esqu\u00ed alpino):<\/p>\n\n\n\n<ul class=\"wp-block-list\">\n<li><strong>Esqu\u00ed de fondo:<\/strong> M\u00e1s de 100 km de pistas preparadas en bosques y monta\u00f1as<\/li>\n\n\n\n<li><strong>Paseo con raquetas de nieve:<\/strong> Camina tranquilamente por la nieve y disfruta del paisaje invernal<\/li>\n\n\n\n<li><strong>Trineo tirado por perros:<\/strong> Una experiencia \u00fanica para ni\u00f1os y adultos<\/li>\n\n\n\n<li><strong>Trineo y trineo:<\/strong> Diversi\u00f3n para toda la familia<\/li>\n\n\n\n<li><strong>Pesca en hielo y motos de nieve:<\/strong> Aventuras invernales guiadas sin esqu\u00eds<\/li>\n<\/ul>\n<\/div>\n\n\n\n<div class=\"wp-block-column is-vertically-aligned-center is-layout-flow wp-block-column-is-layout-flow\">\n<figure class=\"wp-block-image size-full\"><img data-recalc-dims=\"1\" decoding=\"async\" width=\"800\" height=\"644\" src=\"https:\/\/i0.wp.com\/bno-travel.com\/wp-content\/uploads\/2025\/07\/52200319610_bcc6ac05f8_c.jpg?resize=800%2C644&#038;ssl=1\" alt=\"Spa y ba&#xF1;os en Trysil\" class=\"wp-image-3456\" style=\"aspect-ratio:3\/4;object-fit:cover\" srcset=\"https:\/\/i0.wp.com\/bno-travel.com\/wp-content\/uploads\/2025\/07\/52200319610_bcc6ac05f8_c.jpg?w=800&amp;ssl=1 800w, https:\/\/i0.wp.com\/bno-travel.com\/wp-content\/uploads\/2025\/07\/52200319610_bcc6ac05f8_c.jpg?resize=300%2C242&amp;ssl=1 300w, https:\/\/i0.wp.com\/bno-travel.com\/wp-content\/uploads\/2025\/07\/52200319610_bcc6ac05f8_c.jpg?resize=768%2C618&amp;ssl=1 768w\" sizes=\"(max-width: 800px) 100vw, 800px\" \/><\/figure>\n<\/div>\n<\/div>\n<\/div>\n\n<div class=\"wp-block-group alignfull is-style-default is-content-justification-center is-layout-constrained wp-container-core-group-is-layout-69af11d0 wp-block-group-is-layout-constrained\" style=\"margin-top:0;margin-bottom:0;padding-top:var(--wp--preset--spacing--40);padding-bottom:var(--wp--preset--spacing--40)\">\n<div class=\"wp-block-group alignfull is-content-justification-center is-layout-constrained wp-container-core-group-is-layout-4853c3a7 wp-block-group-is-layout-constrained\" style=\"margin-top:0;margin-bottom:0;padding-top:calc( 0.5 * var(u002du002dwpu002du002dstyleu002du002drootu002du002dpadding-right, var(u002du002dwpu002du002dcustomu002du002dgapu002du002dhorizontal)));padding-right:var(u002du002dwpu002du002dstyleu002du002drootu002du002dpadding-right, var(u002du002dwpu002du002dcustomu002du002dgapu002du002dhorizontal));padding-bottom:calc( 0.5 * var(u002du002dwpu002du002dstyleu002du002drootu002du002dpadding-right, var(u002du002dwpu002du002dcustomu002du002dgapu002du002dhorizontal)));padding-left:var(u002du002dwpu002du002dstyleu002du002drootu002du002dpadding-left, var(u002du002dwpu002du002dcustomu002du002dgapu002du002dhorizontal))\">\n<div style=\"height:calc( 0.25 * var(u002du002dwpu002du002dstyleu002du002drootu002du002dpadding-right, var(u002du002dwpu002du002dcustomu002du002dgapu002du002dhorizontal)))\" aria-hidden=\"true\" class=\"wp-block-spacer\"><\/div>\n\n\n\n<div class=\"wp-block-columns alignwide is-layout-flex wp-container-core-columns-is-layout-7387b849 wp-block-columns-is-layout-flex\">\n<div class=\"wp-block-column is-vertically-aligned-center is-layout-flow wp-block-column-is-layout-flow\">\n<figure class=\"wp-block-image size-full\"><img data-recalc-dims=\"1\" loading=\"lazy\" decoding=\"async\" width=\"467\" height=\"579\" src=\"https:\/\/i0.wp.com\/bno-travel.com\/wp-content\/uploads\/2025\/06\/52200127764_e04c4f3d8d_c-e1751028430750.jpg?resize=467%2C579&#038;ssl=1\" alt=\"Nataci&#xF3;n en Trysil\" class=\"wp-image-2512\" style=\"aspect-ratio:3\/4;object-fit:cover\" srcset=\"https:\/\/i0.wp.com\/bno-travel.com\/wp-content\/uploads\/2025\/06\/52200127764_e04c4f3d8d_c-e1751028430750.jpg?w=467&amp;ssl=1 467w, https:\/\/i0.wp.com\/bno-travel.com\/wp-content\/uploads\/2025\/06\/52200127764_e04c4f3d8d_c-e1751028430750.jpg?resize=242%2C300&amp;ssl=1 242w\" sizes=\"(max-width: 467px) 100vw, 467px\" \/><\/figure>\n<\/div>\n\n\n\n<div class=\"wp-block-column is-vertically-aligned-center is-layout-flow wp-block-column-is-layout-flow\">\n<p class=\"has-text-align-left wp-block-paragraph\">Reserva tus vacaciones con BNO TRAVEL<\/p>\n\n\n\n<p class=\"wp-block-paragraph\">Tanto si est\u00e1s planeando unas vacaciones activas de invierno, una aventura de verano en la monta\u00f1a o una escapada relajante de fin de semana, <strong>BNO TRAVEL<\/strong> puede ayudarte a adaptar una estancia a tus necesidades. Ofrecemos paquetes completos con alojamiento y consejos sobre actividades, como bolos y mucho m\u00e1s.   <\/p>\n\n\n\n<p class=\"wp-block-paragraph\">Reg\u00e1late un soplo de aire fresco. Experimenta <strong>el spa y los ba\u00f1os en Trysil<\/strong>, con ba\u00f1os calientes, vistas a la monta\u00f1a y verdadero bienestar. Ponte en contacto con nosotros hoy mismo para encontrar tu combinaci\u00f3n perfecta de aventura y relajaci\u00f3n.  <\/p>\n\n\n\n<p class=\"wp-block-paragraph\">En cuanto al alojamiento en Trysil, ofrecemos tres \u00e1reas principales<\/p>\n\n\n\n<p class=\"wp-block-paragraph\"><a href=\"https:\/\/bno-travel.com\/es\/?page_id=2682\">Centro de Turismo de Trysil<\/a><\/p>\n\n\n\n<p class=\"wp-block-paragraph\">Es la zona m\u00e1s c\u00e9ntrica y animada de Trysil. Estar\u00e1s al lado de remontes, zonas infantiles, escuelas de esqu\u00ed, tiendas, restaurantes y apr\u00e8s-ski. Perfecta para los que quieren todo a un paso y un ambiente sociable. Apartamentos y hoteles con un alto nivel de confort hacen de \u00e9sta una elecci\u00f3n popular tanto para las vacaciones de invierno como de verano.   <\/p>\n\n\n\n<p class=\"wp-block-paragraph\"><a href=\"https:\/\/bno-travel.com\/es\/?page_id=2735\">Zona de caba\u00f1as de Trysilfjell<\/a><\/p>\n\n\n\n<p class=\"wp-block-paragraph\">Situadas en un entorno boscoso y tranquilo, entre el Centro Tur\u00edstico y el Centro de Alta Monta\u00f1a. Aqu\u00ed encontrar\u00e1s caba\u00f1as tradicionales y modernas caba\u00f1as de monta\u00f1a, muchas de ellas con acceso para esquiadores y hermosas vistas. Una buena elecci\u00f3n para los que desean m\u00e1s intimidad sin dejar de estar cerca de todo lo que ofrecen las monta\u00f1as.  <\/p>\n\n\n\n<p class=\"wp-block-paragraph\"><a href=\"https:\/\/bno-travel.com\/es\/?page_id=2823\">Trysil H\u00f8yfjellssenter \/ Fager\u00e5sen<\/a><\/p>\n\n\n\n<p class=\"wp-block-paragraph\">Esta zona es alta y abierta, con vistas panor\u00e1micas y mucho sol. Aqu\u00ed encontrar\u00e1s pistas aptas para familias, buenas zonas infantiles, alquiler de esqu\u00eds, una tienda de comestibles y un entorno tranquilo. Las caba\u00f1as y apartamentos de esta zona son perfectos para familias con ni\u00f1os y para quienes buscan una experiencia relajante en la monta\u00f1a.  <\/p>\n\n\n\n<p class=\"wp-block-paragraph\">Ponte en contacto con nosotros hoy mismo para planificar tu pr\u00f3xima experiencia en Trysil, \u00a1y no olvides reservar tiempo para una partida de bolos!<\/p>\n<\/div>\n<\/div>\n\n\n\n<div style=\"height:calc( 0.25 * var(u002du002dwpu002du002dstyleu002du002drootu002du002dpadding-right, var(u002du002dwpu002du002dcustomu002du002dgapu002du002dhorizontal)))\" aria-hidden=\"true\" class=\"wp-block-spacer\"><\/div>\n<\/div>\n<\/div>\n\n<div class=\"wp-block-group alignfull is-style-default is-content-justification-center is-layout-constrained wp-container-core-group-is-layout-cdf99998 wp-block-group-is-layout-constrained\" style=\"margin-top:0;margin-bottom:0;padding-top:var(--wp--preset--spacing--40);padding-bottom:var(--wp--preset--spacing--40)\"><\/div>\n\n<p class=\"wp-block-paragraph\"><\/p>\n","protected":false},"excerpt":{"rendered":"<p>Spa y ba\u00f1o en Trysil - Relajaci\u00f3n y bienestar en la monta\u00f1a Trysil no es s\u00f3lo para los que buscan velocidad y emoci\u00f3n, tambi\u00e9n es un destino para los que buscan tranquilidad, bienestar y aut\u00e9ntico ambiente de monta\u00f1a. Con una buena selecci\u00f3n de experiencias de spa y ba\u00f1o tanto para familias como para parejas, Trysil [&hellip;]<\/p>\n","protected":false},"author":260013438,"featured_media":0,"parent":0,"menu_order":0,"comment_status":"closed","ping_status":"closed","template":"","meta":{"_crdt_document":"","footnotes":""},"class_list":["post-4238","page","type-page","status-publish","hentry"],"jetpack_likes_enabled":true,"jetpack_sharing_enabled":true,"jetpack_shortlink":"https:\/\/wp.me\/PgDuwj-16m","jetpack-related-posts":[{"id":4178,"url":"https:\/\/bno-travel.com\/es\/spa-y-banos-en-salen\/","url_meta":{"origin":4238,"position":0},"title":"Spa y ba\u00f1os en S\u00e4len","author":"Jan Terje \u00c5s","date":"18 de julio de 2025","format":false,"excerpt":"Balneario y ba\u00f1os en S\u00e4len - Bienestar y relajaci\u00f3n en un entorno de monta\u00f1a S\u00e4len no es s\u00f3lo esqu\u00ed, ciclismo y actividades al aire libre: tambi\u00e9n es un destino fant\u00e1stico para quienes buscan tranquilidad, recuperaci\u00f3n y aut\u00e9ntica armon\u00eda monta\u00f1esa. Tanto si vienes a pasar un fin de semana rom\u00e1ntico, unas\u2026","rel":"","context":"Entrada similar","block_context":{"text":"Entrada similar","link":""},"img":{"alt_text":"","src":"https:\/\/i0.wp.com\/bno-travel.com\/wp-content\/uploads\/2025\/07\/52200128044_b550a6c33d_c.jpg?resize=350%2C200&ssl=1","width":350,"height":200,"srcset":"https:\/\/i0.wp.com\/bno-travel.com\/wp-content\/uploads\/2025\/07\/52200128044_b550a6c33d_c.jpg?resize=350%2C200&ssl=1 1x, https:\/\/i0.wp.com\/bno-travel.com\/wp-content\/uploads\/2025\/07\/52200128044_b550a6c33d_c.jpg?resize=525%2C300&ssl=1 1.5x, https:\/\/i0.wp.com\/bno-travel.com\/wp-content\/uploads\/2025\/07\/52200128044_b550a6c33d_c.jpg?resize=700%2C400&ssl=1 2x"},"classes":[]},{"id":4068,"url":"https:\/\/bno-travel.com\/fr\/spa-et-bains-a-trysil\/","url_meta":{"origin":4238,"position":1},"title":"Spa et bains \u00e0 Trysil","author":"Jan Terje \u00c5s","date":"18 de julio de 2025","format":false,"excerpt":"Spa et bains \u00e0 Trysil - D\u00e9tente et bien-\u00eatre en montagne Trysil n'est pas seulement pour ceux qui recherchent la vitesse et l'excitation - c'est aussi une destination pour ceux qui recherchent la tranquillit\u00e9, le bien-\u00eatre et l'authenticit\u00e9 de la montagne. Avec un bon choix de spas et de bains\u2026","rel":"","context":"Entrada similar","block_context":{"text":"Entrada similar","link":""},"img":{"alt_text":"","src":"https:\/\/i0.wp.com\/bno-travel.com\/wp-content\/uploads\/2025\/07\/52200128044_b550a6c33d_c.jpg?resize=350%2C200&ssl=1","width":350,"height":200,"srcset":"https:\/\/i0.wp.com\/bno-travel.com\/wp-content\/uploads\/2025\/07\/52200128044_b550a6c33d_c.jpg?resize=350%2C200&ssl=1 1x, https:\/\/i0.wp.com\/bno-travel.com\/wp-content\/uploads\/2025\/07\/52200128044_b550a6c33d_c.jpg?resize=525%2C300&ssl=1 1.5x, https:\/\/i0.wp.com\/bno-travel.com\/wp-content\/uploads\/2025\/07\/52200128044_b550a6c33d_c.jpg?resize=700%2C400&ssl=1 2x"},"classes":[]},{"id":4060,"url":"https:\/\/bno-travel.com\/nl\/spa-en-baden-in-trysil\/","url_meta":{"origin":4238,"position":2},"title":"Spa en baden in Trysil","author":"Jan Terje \u00c5s","date":"18 de julio de 2025","format":false,"excerpt":"Spa en baden in Trysil - Ontspanning en wellness in de bergen Trysil is niet alleen voor wie snelheid en spanning zoekt - het is ook een bestemming voor wie op zoek is naar rust, welzijn en echte gezelligheid in de bergen. Met een ruim aanbod aan spa- en badervaringen\u2026","rel":"","context":"Entrada similar","block_context":{"text":"Entrada similar","link":""},"img":{"alt_text":"","src":"https:\/\/i0.wp.com\/bno-travel.com\/wp-content\/uploads\/2025\/07\/52200128044_b550a6c33d_c.jpg?resize=350%2C200&ssl=1","width":350,"height":200,"srcset":"https:\/\/i0.wp.com\/bno-travel.com\/wp-content\/uploads\/2025\/07\/52200128044_b550a6c33d_c.jpg?resize=350%2C200&ssl=1 1x, https:\/\/i0.wp.com\/bno-travel.com\/wp-content\/uploads\/2025\/07\/52200128044_b550a6c33d_c.jpg?resize=525%2C300&ssl=1 1.5x, https:\/\/i0.wp.com\/bno-travel.com\/wp-content\/uploads\/2025\/07\/52200128044_b550a6c33d_c.jpg?resize=700%2C400&ssl=1 2x"},"classes":[]},{"id":4064,"url":"https:\/\/bno-travel.com\/da\/spa-og-bad-i-trysil\/","url_meta":{"origin":4238,"position":3},"title":"Spa og bad i Trysil","author":"Jan Terje \u00c5s","date":"18 de julio de 2025","format":false,"excerpt":"Spa og bad i Trysil - Afslapning og wellness i fjeldene Trysil er ikke kun for dem, der s\u00f8ger fart og sp\u00e6nding - det er ogs\u00e5 en destination for dem, der s\u00f8ger ro, velv\u00e6re og \u00e6gte fjeldhygge. Med et godt udvalg af spa- og badeoplevelser for b\u00e5de familier og par\u2026","rel":"","context":"Entrada similar","block_context":{"text":"Entrada similar","link":""},"img":{"alt_text":"","src":"https:\/\/i0.wp.com\/bno-travel.com\/wp-content\/uploads\/2025\/07\/52200128044_b550a6c33d_c.jpg?resize=350%2C200&ssl=1","width":350,"height":200,"srcset":"https:\/\/i0.wp.com\/bno-travel.com\/wp-content\/uploads\/2025\/07\/52200128044_b550a6c33d_c.jpg?resize=350%2C200&ssl=1 1x, https:\/\/i0.wp.com\/bno-travel.com\/wp-content\/uploads\/2025\/07\/52200128044_b550a6c33d_c.jpg?resize=525%2C300&ssl=1 1.5x, https:\/\/i0.wp.com\/bno-travel.com\/wp-content\/uploads\/2025\/07\/52200128044_b550a6c33d_c.jpg?resize=700%2C400&ssl=1 2x"},"classes":[]},{"id":4233,"url":"https:\/\/bno-travel.com\/sv\/spa-och-bad-i-trysil\/","url_meta":{"origin":4238,"position":4},"title":"Spa och bad i Trysil","author":"Jan Terje \u00c5s","date":"18 de julio de 2025","format":false,"excerpt":"Spa och bad i Trysil - Avkoppling och v\u00e4lbefinnande i bergen Trysil \u00e4r inte bara f\u00f6r dem som s\u00f6ker fart och sp\u00e4nning - det \u00e4r ocks\u00e5 ett resm\u00e5l f\u00f6r dem som s\u00f6ker lugn, v\u00e4lbefinnande och \u00e4kta fj\u00e4llmys. Med ett bra utbud av spa- och badupplevelser f\u00f6r b\u00e5de familjer och par\u2026","rel":"","context":"Entrada similar","block_context":{"text":"Entrada similar","link":""},"img":{"alt_text":"","src":"https:\/\/i0.wp.com\/bno-travel.com\/wp-content\/uploads\/2025\/07\/52200128044_b550a6c33d_c.jpg?resize=350%2C200&ssl=1","width":350,"height":200,"srcset":"https:\/\/i0.wp.com\/bno-travel.com\/wp-content\/uploads\/2025\/07\/52200128044_b550a6c33d_c.jpg?resize=350%2C200&ssl=1 1x, https:\/\/i0.wp.com\/bno-travel.com\/wp-content\/uploads\/2025\/07\/52200128044_b550a6c33d_c.jpg?resize=525%2C300&ssl=1 1.5x, https:\/\/i0.wp.com\/bno-travel.com\/wp-content\/uploads\/2025\/07\/52200128044_b550a6c33d_c.jpg?resize=700%2C400&ssl=1 2x"},"classes":[]},{"id":3442,"url":"https:\/\/bno-travel.com\/spa-og-bad-i-trysil-varme-bad-og-nyttelse\/","url_meta":{"origin":4238,"position":5},"title":"Spa og bad i Trysil","author":"Jan Terje \u00c5s","date":"18 de julio de 2025","format":false,"excerpt":"Spa og bad i Trysil Avslapning og velv\u00e6re i fjellene \u2013 for deg som vil kombinere aktive dager med varme pauser og ekte avkobling Trysil er ikke bare et reisem\u00e5l for fart og aktivitet, men ogs\u00e5 for ro, velv\u00e6re og gode pusterom i fjellet. Med familievennlige badeopplevelser, varme bassenger og\u2026","rel":"","context":"Entrada similar","block_context":{"text":"Entrada similar","link":""},"img":{"alt_text":"","src":"","width":0,"height":0},"classes":[]}],"_links":{"self":[{"href":"https:\/\/bno-travel.com\/es\/wp-json\/wp\/v2\/pages\/4238","targetHints":{"allow":["GET"]}}],"collection":[{"href":"https:\/\/bno-travel.com\/es\/wp-json\/wp\/v2\/pages"}],"about":[{"href":"https:\/\/bno-travel.com\/es\/wp-json\/wp\/v2\/types\/page"}],"author":[{"embeddable":true,"href":"https:\/\/bno-travel.com\/es\/wp-json\/wp\/v2\/users\/260013438"}],"replies":[{"embeddable":true,"href":"https:\/\/bno-travel.com\/es\/wp-json\/wp\/v2\/comments?post=4238"}],"version-history":[{"count":2,"href":"https:\/\/bno-travel.com\/es\/wp-json\/wp\/v2\/pages\/4238\/revisions"}],"predecessor-version":[{"id":4847,"href":"https:\/\/bno-travel.com\/es\/wp-json\/wp\/v2\/pages\/4238\/revisions\/4847"}],"wp:attachment":[{"href":"https:\/\/bno-travel.com\/es\/wp-json\/wp\/v2\/media?parent=4238"}],"curies":[{"name":"wp","href":"https:\/\/api.w.org\/{rel}","templated":true}]}}