{"id":4242,"date":"2025-07-18T20:48:07","date_gmt":"2025-07-18T18:48:07","guid":{"rendered":"https:\/\/bno-travel.com\/?page_id=4242"},"modified":"2025-07-18T20:48:49","modified_gmt":"2025-07-18T18:48:49","slug":"restaurantes-en-trysil","status":"publish","type":"page","link":"https:\/\/bno-travel.com\/es\/restaurantes-en-trysil\/","title":{"rendered":"Restaurantes en Trysil"},"content":{"rendered":"\n<p class=\"wp-block-paragraph\"><\/p>\n\n<div class=\"wp-block-cover alignfull\" style=\"margin-top:0;margin-bottom:0;padding-top:var(--wp--preset--spacing--20);padding-right:var(--wp--preset--spacing--40);padding-bottom:var(--wp--preset--spacing--20);padding-left:var(--wp--preset--spacing--40);min-height:1052px;aspect-ratio:unset;\"><img data-recalc-dims=\"1\" fetchpriority=\"high\" decoding=\"async\" width=\"799\" height=\"582\" class=\"wp-block-cover__image-background wp-image-3406 size-full\" alt=\"Restauranter i Trysil\" src=\"https:\/\/i0.wp.com\/bno-travel.com\/wp-content\/uploads\/2025\/07\/52200124434_fe05c58713_c.jpg?resize=799%2C582&#038;ssl=1\" data-object-fit=\"cover\" srcset=\"https:\/\/i0.wp.com\/bno-travel.com\/wp-content\/uploads\/2025\/07\/52200124434_fe05c58713_c.jpg?w=799&amp;ssl=1 799w, https:\/\/i0.wp.com\/bno-travel.com\/wp-content\/uploads\/2025\/07\/52200124434_fe05c58713_c.jpg?resize=300%2C219&amp;ssl=1 300w, https:\/\/i0.wp.com\/bno-travel.com\/wp-content\/uploads\/2025\/07\/52200124434_fe05c58713_c.jpg?resize=768%2C559&amp;ssl=1 768w\" sizes=\"(max-width: 799px) 100vw, 799px\" \/><span aria-hidden=\"true\" class=\"wp-block-cover__background has-theme-1-background-color has-background-dim-30 has-background-dim\"><\/span><div class=\"wp-block-cover__inner-container is-layout-flow wp-block-cover-is-layout-flow\">\n<p class=\"wp-block-paragraph\"><\/p>\n\n\n\n<p class=\"wp-block-paragraph\"><\/p>\n\n\n\n<div style=\"height:117px\" aria-hidden=\"true\" class=\"wp-block-spacer\"><\/div>\n\n\n\n<div style=\"height:var(--wp--preset--spacing--50)\" aria-hidden=\"true\" class=\"wp-block-spacer\"><\/div>\n<\/div><\/div>\n\n<div class=\"wp-block-group alignfull is-style-section-3 is-layout-constrained wp-block-group-is-layout-constrained\" style=\"margin-top:0;margin-bottom:0;padding-top:var(--wp--preset--spacing--40);padding-bottom:var(--wp--preset--spacing--40)\">\n<div class=\"wp-block-columns alignwide are-vertically-aligned-center is-layout-flex wp-container-core-columns-is-layout-d9ad523d wp-block-columns-is-layout-flex\">\n<div class=\"wp-block-column is-vertically-aligned-center is-layout-flow wp-block-column-is-layout-flow\">\n<figure class=\"wp-block-image size-full\"><img data-recalc-dims=\"1\" decoding=\"async\" width=\"800\" height=\"449\" src=\"https:\/\/i0.wp.com\/bno-travel.com\/wp-content\/uploads\/2025\/07\/20.06.19_Dronebilder-Sentrum_FULLSIZE-2.jpg?resize=800%2C449&#038;ssl=1\" alt=\"Experiencia Trysil\" class=\"wp-image-3199\" style=\"aspect-ratio:3\/4;object-fit:cover\" title=\"t&#xED;tulo\" srcset=\"https:\/\/i0.wp.com\/bno-travel.com\/wp-content\/uploads\/2025\/07\/20.06.19_Dronebilder-Sentrum_FULLSIZE-2.jpg?w=5464&amp;ssl=1 5464w, https:\/\/i0.wp.com\/bno-travel.com\/wp-content\/uploads\/2025\/07\/20.06.19_Dronebilder-Sentrum_FULLSIZE-2.jpg?resize=300%2C169&amp;ssl=1 300w, https:\/\/i0.wp.com\/bno-travel.com\/wp-content\/uploads\/2025\/07\/20.06.19_Dronebilder-Sentrum_FULLSIZE-2.jpg?resize=1024%2C575&amp;ssl=1 1024w, https:\/\/i0.wp.com\/bno-travel.com\/wp-content\/uploads\/2025\/07\/20.06.19_Dronebilder-Sentrum_FULLSIZE-2.jpg?resize=768%2C432&amp;ssl=1 768w, https:\/\/i0.wp.com\/bno-travel.com\/wp-content\/uploads\/2025\/07\/20.06.19_Dronebilder-Sentrum_FULLSIZE-2.jpg?resize=1536%2C863&amp;ssl=1 1536w, https:\/\/i0.wp.com\/bno-travel.com\/wp-content\/uploads\/2025\/07\/20.06.19_Dronebilder-Sentrum_FULLSIZE-2.jpg?resize=2048%2C1151&amp;ssl=1 2048w, https:\/\/i0.wp.com\/bno-travel.com\/wp-content\/uploads\/2025\/07\/20.06.19_Dronebilder-Sentrum_FULLSIZE-2.jpg?w=1600&amp;ssl=1 1600w, https:\/\/i0.wp.com\/bno-travel.com\/wp-content\/uploads\/2025\/07\/20.06.19_Dronebilder-Sentrum_FULLSIZE-2.jpg?w=2400&amp;ssl=1 2400w\" sizes=\"(max-width: 800px) 100vw, 800px\" \/><\/figure>\n<\/div>\n\n\n\n<div class=\"wp-block-column is-vertically-aligned-center is-content-justification-left is-layout-constrained wp-container-core-column-is-layout-b64f6bf5 wp-block-column-is-layout-constrained\">\n<p class=\"wp-block-paragraph\"><\/p>\n\n\n\n<h2 class=\"wp-block-heading\">Restaurantes y cafeter\u00edas en Trysil - Sabroso todo el a\u00f1o<\/h2>\n\n\n\n<p class=\"wp-block-paragraph\">Trysil ofrece mucho m\u00e1s que fant\u00e1sticas pistas de esqu\u00ed y paisajes monta\u00f1osos. Tanto si visitas la zona en invierno como en verano, podr\u00e1s disfrutar de una <a href=\"https:\/\/www.trysil.com\/spisesteder\/?open=false&amp;pagesize=12\" target=\"_blank\" rel=\"noopener\">rica selecci\u00f3n de restaurantes, cafeter\u00edas y locales apr\u00e8s-ski: de todo, desde gourmet hasta comida r\u00e1pida<\/a>. Hay algo para todos, vivas donde vivas en las monta\u00f1as. Te ofrecemos un resumen de los lugares donde comer en <strong>Trysil Sentrum<\/strong>, <strong>Trysil Turistsenter<\/strong>, <strong>Trysilfjell Hytteomr\u00e5de<\/strong> y <strong>Trysil H\u00f8yfjellssenter \/ Fager\u00e5sen<\/strong>.   <\/p>\n\n\n\n<p class=\"wp-block-paragraph\">Restaurantes en Trysil Sentrum<\/p>\n\n\n\n<p class=\"wp-block-paragraph\">Trysil Sentrum es el coraz\u00f3n de la comunidad local y ofrece varios restaurantes y caf\u00e9s acogedores, perfectos para una pausa para comer o una cena tranquila despu\u00e9s de un d\u00eda en la monta\u00f1a.<\/p>\n\n\n\n<ul class=\"wp-block-list\">\n<li><a href=\"https:\/\/www.trysil.com\/bedrifter\/lokja-as\/lokja\/\" target=\"_blank\" rel=\"noopener\"><strong>L\u00f8kja<\/strong>:<\/a> Un popular restaurante con un men\u00fa noruego moderno y de origen local. Perfecto para parejas y grupos de amigos. <\/li>\n\n\n\n<li><strong>Trysil Hotell - Restaurante Parken<\/strong>: Comida local en un entorno elegante. El men\u00fa cambia cada temporada, centr\u00e1ndose en los ingredientes de origen local. <\/li>\n\n\n\n<li><strong>Restaurante chino<\/strong>: Opciones familiares con comida para llevar y para cenar.<\/li>\n<\/ul>\n\n\n\n<p class=\"wp-block-paragraph\">El centro de Trysil es ideal para quienes quieran combinar la buena comida con las compras, la cultura y actividades como el cine, la bolera o un concierto en el centro cultural Hagelund.<\/p>\n<\/div>\n<\/div>\n<\/div>\n\n<div class=\"wp-block-group alignfull is-style-default is-content-justification-center is-layout-constrained wp-container-core-group-is-layout-69af11d0 wp-block-group-is-layout-constrained\" style=\"margin-top:0;margin-bottom:0;padding-top:var(--wp--preset--spacing--40);padding-bottom:var(--wp--preset--spacing--40)\">\n<div class=\"wp-block-group alignwide is-content-justification-left is-layout-constrained wp-container-core-group-is-layout-54d22900 wp-block-group-is-layout-constrained\">\n<p class=\"wp-block-paragraph\"><\/p>\n<\/div>\n<\/div>\n\n<div class=\"wp-block-group alignfull is-content-justification-center is-layout-constrained wp-block-group-is-layout-constrained\" style=\"margin-top:0;margin-bottom:0;padding-top:var(--wp--preset--spacing--40);padding-bottom:var(--wp--preset--spacing--40)\">\n<div class=\"wp-block-columns alignwide are-vertically-aligned-center is-layout-flex wp-container-core-columns-is-layout-7387b849 wp-block-columns-is-layout-flex\">\n<div class=\"wp-block-column is-vertically-aligned-center is-content-justification-left is-layout-constrained wp-container-core-column-is-layout-b64f6bf5 wp-block-column-is-layout-constrained\">\n<p class=\"wp-block-paragraph\">Restaurantes en Trysil Turistsenter<\/p>\n\n\n\n<p class=\"wp-block-paragraph\">Esta zona es la m\u00e1s animada y popular entre los esquiadores, y tambi\u00e9n alberga varios de los restaurantes m\u00e1s populares de Trysil.<\/p>\n\n\n\n<ul class=\"wp-block-list\">\n<li><strong>Laaven 1790<\/strong>: Un emblem\u00e1tico restaurante apr\u00e8s-ski, conocido por su ambiente y su abundante men\u00fa de hamburguesas, pasta y platos de monta\u00f1a.<\/li>\n\n\n\n<li><strong>Barbacoa<\/strong>: <a href=\"https:\/\/barbacoa.no\/\" target=\"_blank\" rel=\"noopener\">Tex-Mex y platos internacionales<\/a> con un toque fresco - adecuado tanto para familias con ni\u00f1os como para grupos de amigos.<\/li>\n\n\n\n<li><strong>La Paster\u00eda<\/strong>: Restaurante familiar con una gran selecci\u00f3n y mucho espacio, perfecto tanto para comer como para cenar.<\/li>\n\n\n\n<li><strong>Restaurante Hill<\/strong> en Radisson Blu Resort: Experiencias gourmet con vistas a la monta\u00f1a y carta de vinos.<\/li>\n<\/ul>\n\n\n\n<p class=\"wp-block-paragraph\">El centro tur\u00edstico ofrece f\u00e1cil acceso a remontes, tiendas y actividades, y es ideal para quienes quieren tenerlo todo en las inmediaciones.<\/p>\n\n\n\n<p class=\"wp-block-paragraph\">D\u00f3nde comer en Trysilfjell Hytteomr\u00e5de<\/p>\n\n\n\n<p class=\"wp-block-paragraph\">Trysilfjell Hytteomr\u00e5de est\u00e1 situado entre Turistsenteret y H\u00f8yfjellssenteret, con varias caba\u00f1as acogedoras y un entorno tranquilo. Aqu\u00ed encontrar\u00e1s: <\/p>\n\n\n\n<ul class=\"wp-block-list\">\n<li><strong>Restaurante Skihytta<\/strong>: Una joya oculta con vistas al valle. Sirve platos locales y favoritos internacionales. <\/li>\n\n\n\n<li><strong>Knettsetra<\/strong> (cerca): Restaurante de monta\u00f1a situado en el centro de la pista de esqu\u00ed, accesible esquiando o a pie. Men\u00fa tradicional, amplios asientos al aire libre y buen apr\u00e8s ski. <\/li>\n<\/ul>\n\n\n\n<p class=\"wp-block-paragraph\">La zona es perfecta para quienes deseen una experiencia de monta\u00f1a m\u00e1s tradicional, con tranquilidad, ski-in\/ski-out y a poca distancia tanto de las actividades como de los restaurantes.<\/p>\n<\/div>\n\n\n\n<div class=\"wp-block-column is-vertically-aligned-center is-layout-flow wp-block-column-is-layout-flow\">\n<figure class=\"wp-block-image size-full\"><img data-recalc-dims=\"1\" decoding=\"async\" width=\"799\" height=\"582\" src=\"https:\/\/i0.wp.com\/bno-travel.com\/wp-content\/uploads\/2025\/07\/52200124434_fe05c58713_c.jpg?resize=799%2C582&#038;ssl=1\" alt=\"Restaurantes en Trysil\" class=\"wp-image-3406\" style=\"aspect-ratio:3\/4;object-fit:cover\" srcset=\"https:\/\/i0.wp.com\/bno-travel.com\/wp-content\/uploads\/2025\/07\/52200124434_fe05c58713_c.jpg?w=799&amp;ssl=1 799w, https:\/\/i0.wp.com\/bno-travel.com\/wp-content\/uploads\/2025\/07\/52200124434_fe05c58713_c.jpg?resize=300%2C219&amp;ssl=1 300w, https:\/\/i0.wp.com\/bno-travel.com\/wp-content\/uploads\/2025\/07\/52200124434_fe05c58713_c.jpg?resize=768%2C559&amp;ssl=1 768w\" sizes=\"(max-width: 799px) 100vw, 799px\" \/><\/figure>\n<\/div>\n<\/div>\n<\/div>\n\n<div class=\"wp-block-group alignfull is-style-default is-content-justification-center is-layout-constrained wp-container-core-group-is-layout-69af11d0 wp-block-group-is-layout-constrained\" style=\"margin-top:0;margin-bottom:0;padding-top:var(--wp--preset--spacing--40);padding-bottom:var(--wp--preset--spacing--40)\">\n<div class=\"wp-block-group alignfull is-content-justification-center is-layout-constrained wp-container-core-group-is-layout-4853c3a7 wp-block-group-is-layout-constrained\" style=\"margin-top:0;margin-bottom:0;padding-top:calc( 0.5 * var(u002du002dwpu002du002dstyleu002du002drootu002du002dpadding-right, var(u002du002dwpu002du002dcustomu002du002dgapu002du002dhorizontal)));padding-right:var(u002du002dwpu002du002dstyleu002du002drootu002du002dpadding-right, var(u002du002dwpu002du002dcustomu002du002dgapu002du002dhorizontal));padding-bottom:calc( 0.5 * var(u002du002dwpu002du002dstyleu002du002drootu002du002dpadding-right, var(u002du002dwpu002du002dcustomu002du002dgapu002du002dhorizontal)));padding-left:var(u002du002dwpu002du002dstyleu002du002drootu002du002dpadding-left, var(u002du002dwpu002du002dcustomu002du002dgapu002du002dhorizontal))\">\n<div style=\"height:calc( 0.25 * var(u002du002dwpu002du002dstyleu002du002drootu002du002dpadding-right, var(u002du002dwpu002du002dcustomu002du002dgapu002du002dhorizontal)))\" aria-hidden=\"true\" class=\"wp-block-spacer\"><\/div>\n\n\n\n<div class=\"wp-block-columns alignwide is-layout-flex wp-container-core-columns-is-layout-7387b849 wp-block-columns-is-layout-flex\">\n<div class=\"wp-block-column is-vertically-aligned-center is-layout-flow wp-block-column-is-layout-flow\">\n<figure class=\"wp-block-image size-full\"><img data-recalc-dims=\"1\" loading=\"lazy\" decoding=\"async\" width=\"800\" height=\"616\" src=\"https:\/\/i0.wp.com\/bno-travel.com\/wp-content\/uploads\/2025\/07\/52199845033_2c000ed2d7_c.jpg?resize=800%2C616&#038;ssl=1\" alt=\"Skistar Logde Trysil\" class=\"wp-image-3419\" style=\"aspect-ratio:3\/4;object-fit:cover\" srcset=\"https:\/\/i0.wp.com\/bno-travel.com\/wp-content\/uploads\/2025\/07\/52199845033_2c000ed2d7_c.jpg?w=800&amp;ssl=1 800w, https:\/\/i0.wp.com\/bno-travel.com\/wp-content\/uploads\/2025\/07\/52199845033_2c000ed2d7_c.jpg?resize=300%2C231&amp;ssl=1 300w, https:\/\/i0.wp.com\/bno-travel.com\/wp-content\/uploads\/2025\/07\/52199845033_2c000ed2d7_c.jpg?resize=768%2C591&amp;ssl=1 768w\" sizes=\"(max-width: 800px) 100vw, 800px\" \/><\/figure>\n<\/div>\n\n\n\n<div class=\"wp-block-column is-vertically-aligned-center is-layout-flow wp-block-column-is-layout-flow\">\n<p class=\"has-text-align-left wp-block-paragraph\">Restaurantes en Fager\u00e5sen \/ Trysil H\u00f8yfjellssenter<\/p>\n\n\n\n<p class=\"wp-block-paragraph\">El centro de alta monta\u00f1a est\u00e1 situado en lo alto de las monta\u00f1as y es conocido por sus hermosas vistas y su ambiente familiar. Aqu\u00ed encontrar\u00e1s varios restaurantes que combinan el placer de la comida con la tranquilidad de la monta\u00f1a: <\/p>\n\n\n\n<ul class=\"wp-block-list\">\n<li><strong>Fjellroa<\/strong>: Conocido por sus platos caseros y su ambiente acogedor. Magn\u00edfica ubicaci\u00f3n justo en las pistas. <\/li>\n\n\n\n<li>Spiseriet Trysil: Un poco m\u00e1s cerca del remonte, en lo alto de la colina, encontrar\u00e1s <strong>Spiseriet Trysil<\/strong>, un lugar de reuni\u00f3n natural con un men\u00fa de inspiraci\u00f3n italiana.<\/li>\n\n\n\n<li><strong>El SkiStar Lodge Trysil<\/strong>, que goza de una ubicaci\u00f3n c\u00e9ntrica en Fager\u00e5sen, cuenta con el <strong>restaurante Barken<\/strong> y el <strong>restaurante Stabben &amp; Aftersk<\/strong><\/li>\n<\/ul>\n\n\n\n<p class=\"has-text-align-left wp-block-paragraph\">El centro de alta monta\u00f1a es perfecto para quienes buscan tranquilidad y una experiencia cerca de la naturaleza, con buena comida al alcance de la mano.<\/p>\n\n\n\n<p class=\"wp-block-paragraph\">Actividades no alpinas - verano e invierno<\/p>\n\n\n\n<p class=\"wp-block-paragraph\">\u00a1Trysil no es s\u00f3lo para los aficionados al esqu\u00ed! En invierno puedes disfrutar: <\/p>\n\n\n\n<ul class=\"wp-block-list\">\n<li>M\u00e1s de 100 kil\u00f3metros de pistas de esqu\u00ed de fondo<\/li>\n\n\n\n<li>Trineos tirados por perros, raquetas de nieve y pesca en el hielo<\/li>\n\n\n\n<li>Trineo y actividades para ni\u00f1os<\/li>\n\n\n\n<li>Experiencias de spa y bienestar en Radisson Blu y varios resorts de caba\u00f1as<\/li>\n<\/ul>\n\n\n\n<p class=\"wp-block-paragraph\">En verano, Trysil te llama:<\/p>\n\n\n\n<ul class=\"wp-block-list\">\n<li><strong>Trysil Bike Arena<\/strong> - La mejor zona de ciclismo trail de Noruega<\/li>\n\n\n\n<li>Senderismo en monta\u00f1a, expediciones de monta\u00f1a y parque de escalada<\/li>\n\n\n\n<li>Golf, pirag\u00fcismo y pesca en el r\u00edo Trysil<\/li>\n\n\n\n<li>Parques familiares y experiencias en la naturaleza<\/li>\n<\/ul>\n\n\n\n<hr class=\"wp-block-separator has-alpha-channel-opacity\"\/>\n\n\n\n<p class=\"wp-block-paragraph\">Alojamiento con BNO TRAVEL<\/p>\n\n\n\n<p class=\"wp-block-paragraph\">BNO TRAVEL ofrece una amplia gama de <a href=\"https:\/\/bno-travel.com\/es\/alojamiento\/\">alojamientos <\/a>en Trysil: desde modernos apartamentos hasta acogedoras caba\u00f1as y hoteles. Puedes elegir entre zonas como Trysil Turistsenter, H\u00f8yfjellssenteret, Trysilfjell Hytteomr\u00e5de y Trysil Sentrum, todas ellas muy cerca de restaurantes y actividades. <\/p>\n\n\n\n<p class=\"wp-block-paragraph\">Te ayudaremos a encontrar el alojamiento que m\u00e1s te convenga, tanto si viajas solo como en familia o en grupo, y a descubrir todo lo que Trysil tiene que ofrecer, durante todo el a\u00f1o. Y, por supuesto, podemos ayudarte con consejos para que tu estancia en Trysil sea a\u00fan mejor.    <\/p>\n<\/div>\n<\/div>\n\n\n\n<div style=\"height:calc( 0.25 * var(u002du002dwpu002du002dstyleu002du002drootu002du002dpadding-right, var(u002du002dwpu002du002dcustomu002du002dgapu002du002dhorizontal)))\" aria-hidden=\"true\" class=\"wp-block-spacer\"><\/div>\n<\/div>\n<\/div>\n\n<div class=\"wp-block-group alignfull is-style-default is-content-justification-center is-layout-constrained wp-container-core-group-is-layout-cdf99998 wp-block-group-is-layout-constrained\" style=\"margin-top:0;margin-bottom:0;padding-top:var(--wp--preset--spacing--40);padding-bottom:var(--wp--preset--spacing--40)\"><\/div>\n\n<p class=\"wp-block-paragraph\"><\/p>\n","protected":false},"excerpt":{"rendered":"<p>Restaurantes y cafeter\u00edas en Trysil - Sabroso todo el a\u00f1o Trysil ofrece mucho m\u00e1s que fant\u00e1sticas pistas de esqu\u00ed y paisajes monta\u00f1osos. Tanto si visitas la zona en invierno como en verano, podr\u00e1s disfrutar de una rica selecci\u00f3n de restaurantes, cafeter\u00edas y locales apr\u00e8s-ski: de todo, desde gourmet hasta comida r\u00e1pida. Hay algo para todos, [&hellip;]<\/p>\n","protected":false},"author":260013438,"featured_media":0,"parent":0,"menu_order":0,"comment_status":"closed","ping_status":"closed","template":"","meta":{"_crdt_document":"","footnotes":""},"class_list":["post-4242","page","type-page","status-publish","hentry"],"jetpack_likes_enabled":true,"jetpack_sharing_enabled":true,"jetpack_shortlink":"https:\/\/wp.me\/PgDuwj-16q","jetpack-related-posts":[{"id":4102,"url":"https:\/\/bno-travel.com\/pt-pt\/restaurantes-em-trysil\/","url_meta":{"origin":4242,"position":0},"title":"Restaurantes em Trysil","author":"Jan Terje \u00c5s","date":"18 de julio de 2025","format":false,"excerpt":"Restaurantes e lanchonetes em Trysil - Saborosos durante todo o ano Trysil oferece muito mais do que fant\u00e1sticas pistas de esqui e paisagens de montanha. Quer visites a \u00e1rea no inverno ou no ver\u00e3o, podes desfrutar de uma rica sele\u00e7\u00e3o de restaurantes, caf\u00e9s e locais de apr\u00e8s-ski - tudo, desde\u2026","rel":"","context":"Entrada similar","block_context":{"text":"Entrada similar","link":""},"img":{"alt_text":"Opplev Trysil","src":"https:\/\/i0.wp.com\/bno-travel.com\/wp-content\/uploads\/2025\/07\/20.06.19_Dronebilder-Sentrum_FULLSIZE-2.jpg?resize=350%2C200&ssl=1","width":350,"height":200,"srcset":"https:\/\/i0.wp.com\/bno-travel.com\/wp-content\/uploads\/2025\/07\/20.06.19_Dronebilder-Sentrum_FULLSIZE-2.jpg?resize=350%2C200&ssl=1 1x, https:\/\/i0.wp.com\/bno-travel.com\/wp-content\/uploads\/2025\/07\/20.06.19_Dronebilder-Sentrum_FULLSIZE-2.jpg?resize=525%2C300&ssl=1 1.5x, https:\/\/i0.wp.com\/bno-travel.com\/wp-content\/uploads\/2025\/07\/20.06.19_Dronebilder-Sentrum_FULLSIZE-2.jpg?resize=700%2C400&ssl=1 2x, https:\/\/i0.wp.com\/bno-travel.com\/wp-content\/uploads\/2025\/07\/20.06.19_Dronebilder-Sentrum_FULLSIZE-2.jpg?resize=1050%2C600&ssl=1 3x, https:\/\/i0.wp.com\/bno-travel.com\/wp-content\/uploads\/2025\/07\/20.06.19_Dronebilder-Sentrum_FULLSIZE-2.jpg?resize=1400%2C800&ssl=1 4x"},"classes":[]},{"id":2823,"url":"https:\/\/bno-travel.com\/es\/centro-de-alta-montana-de-trysil\/","url_meta":{"origin":4242,"position":1},"title":"Centro de Alta Monta\u00f1a de Trysil","author":"Jan Terje \u00c5s","date":"18 de julio de 2025","format":false,"excerpt":"Trysil H\u00f8yfjellssenter - Fager\u00e5sen \u00a1Bienvenido a la tranquilidad de la monta\u00f1a y a experiencias de esqu\u00ed de primera clase! BNO TRAVEL te da acceso a c\u00f3modas caba\u00f1as y apartamentos en Trysil H\u00f8yfjellssenter \/ Fager\u00e5sen, conocido por su ubicaci\u00f3n a prueba de nieve, su ambiente familiar y sus vistas panor\u00e1micas de\u2026","rel":"","context":"Entrada similar","block_context":{"text":"Entrada similar","link":""},"img":{"alt_text":"Fager\u00e5sen og Trysil H\u00f8yfjellssenter ","src":"https:\/\/i0.wp.com\/bno-travel.com\/wp-content\/uploads\/2025\/07\/10001-Fagerasen1122_006.jpg?resize=350%2C200&ssl=1","width":350,"height":200,"srcset":"https:\/\/i0.wp.com\/bno-travel.com\/wp-content\/uploads\/2025\/07\/10001-Fagerasen1122_006.jpg?resize=350%2C200&ssl=1 1x, https:\/\/i0.wp.com\/bno-travel.com\/wp-content\/uploads\/2025\/07\/10001-Fagerasen1122_006.jpg?resize=525%2C300&ssl=1 1.5x, https:\/\/i0.wp.com\/bno-travel.com\/wp-content\/uploads\/2025\/07\/10001-Fagerasen1122_006.jpg?resize=700%2C400&ssl=1 2x, https:\/\/i0.wp.com\/bno-travel.com\/wp-content\/uploads\/2025\/07\/10001-Fagerasen1122_006.jpg?resize=1050%2C600&ssl=1 3x, https:\/\/i0.wp.com\/bno-travel.com\/wp-content\/uploads\/2025\/07\/10001-Fagerasen1122_006.jpg?resize=1400%2C800&ssl=1 4x"},"classes":[]},{"id":2682,"url":"https:\/\/bno-travel.com\/es\/centro-de-turismo-de-trysil\/","url_meta":{"origin":4242,"position":2},"title":"Centro de Turismo de Trysil","author":"Jan Terje \u00c5s","date":"18 de julio de 2025","format":false,"excerpt":"Trysil - Zona principal Trysil Turistsenter - alojamiento en Trysil con f\u00e1cil acceso a actividades, escuela de esqu\u00ed y alquiler de esqu\u00eds Trysil Turistsenter es una de las zonas m\u00e1s populares para alojarse en Trysil, muy cerca de actividades, servicios y un buen punto de partida tanto para estancias de\u2026","rel":"","context":"Entrada similar","block_context":{"text":"Entrada similar","link":""},"img":{"alt_text":"","src":"","width":0,"height":0},"classes":[]},{"id":2755,"url":"https:\/\/bno-travel.com\/es\/descubre-trysil-todo-el-ano-para-veraneantes-activos\/","url_meta":{"origin":4242,"position":3},"title":"Descubre Trysil: Todo el a\u00f1o para veraneantes activos","author":"Jan Terje \u00c5s","date":"18 de julio de 2025","format":false,"excerpt":"Experiencia Trysil \u2605\u2605\u2605\u2605\u2605 Aqu\u00ed puedes encontrar alojamientos en Trysil Trysil no es s\u00f3lo el mayor destino de esqu\u00ed de Noruega, sino tambi\u00e9n un para\u00edso durante todo el a\u00f1o para hu\u00e9spedes activos, familias y amantes de la naturaleza. Tanto si visitas la monta\u00f1a en busca de velocidad y emoci\u00f3n, como si\u2026","rel":"","context":"Entrada similar","block_context":{"text":"Entrada similar","link":""},"img":{"alt_text":"Opplev Trysil","src":"https:\/\/i0.wp.com\/bno-travel.com\/wp-content\/uploads\/2025\/07\/20.06.19_Dronebilder-Sentrum_FULLSIZE-2.jpg?resize=350%2C200&ssl=1","width":350,"height":200,"srcset":"https:\/\/i0.wp.com\/bno-travel.com\/wp-content\/uploads\/2025\/07\/20.06.19_Dronebilder-Sentrum_FULLSIZE-2.jpg?resize=350%2C200&ssl=1 1x, https:\/\/i0.wp.com\/bno-travel.com\/wp-content\/uploads\/2025\/07\/20.06.19_Dronebilder-Sentrum_FULLSIZE-2.jpg?resize=525%2C300&ssl=1 1.5x, https:\/\/i0.wp.com\/bno-travel.com\/wp-content\/uploads\/2025\/07\/20.06.19_Dronebilder-Sentrum_FULLSIZE-2.jpg?resize=700%2C400&ssl=1 2x, https:\/\/i0.wp.com\/bno-travel.com\/wp-content\/uploads\/2025\/07\/20.06.19_Dronebilder-Sentrum_FULLSIZE-2.jpg?resize=1050%2C600&ssl=1 3x, https:\/\/i0.wp.com\/bno-travel.com\/wp-content\/uploads\/2025\/07\/20.06.19_Dronebilder-Sentrum_FULLSIZE-2.jpg?resize=1400%2C800&ssl=1 4x"},"classes":[]},{"id":4430,"url":"https:\/\/bno-travel.com\/es\/esqui-alpino-en-trysil\/","url_meta":{"origin":4242,"position":4},"title":"Esqu\u00ed alpino en Trysil","author":"Jan Terje \u00c5s","date":"18 de julio de 2025","format":false,"excerpt":"Esqu\u00ed alpino en Trysil - Vive la estaci\u00f3n de esqu\u00ed m\u00e1s grande y popular de Noruega Bienvenido a Trysil, la mayor estaci\u00f3n alpina de Noruega y un aut\u00e9ntico para\u00edso invernal para toda la familia. Con kil\u00f3metros de pistas preparadas, un moderno sistema de remontes, zonas aptas para ni\u00f1os y un\u2026","rel":"","context":"Entrada similar","block_context":{"text":"Entrada similar","link":""},"img":{"alt_text":"Alpint i Trysil","src":"https:\/\/i0.wp.com\/bno-travel.com\/wp-content\/uploads\/2025\/06\/AdobeStock_182554441-e1750784403298.jpeg?resize=350%2C200&ssl=1","width":350,"height":200,"srcset":"https:\/\/i0.wp.com\/bno-travel.com\/wp-content\/uploads\/2025\/06\/AdobeStock_182554441-e1750784403298.jpeg?resize=350%2C200&ssl=1 1x, https:\/\/i0.wp.com\/bno-travel.com\/wp-content\/uploads\/2025\/06\/AdobeStock_182554441-e1750784403298.jpeg?resize=525%2C300&ssl=1 1.5x, https:\/\/i0.wp.com\/bno-travel.com\/wp-content\/uploads\/2025\/06\/AdobeStock_182554441-e1750784403298.jpeg?resize=700%2C400&ssl=1 2x"},"classes":[]}],"_links":{"self":[{"href":"https:\/\/bno-travel.com\/es\/wp-json\/wp\/v2\/pages\/4242","targetHints":{"allow":["GET"]}}],"collection":[{"href":"https:\/\/bno-travel.com\/es\/wp-json\/wp\/v2\/pages"}],"about":[{"href":"https:\/\/bno-travel.com\/es\/wp-json\/wp\/v2\/types\/page"}],"author":[{"embeddable":true,"href":"https:\/\/bno-travel.com\/es\/wp-json\/wp\/v2\/users\/260013438"}],"replies":[{"embeddable":true,"href":"https:\/\/bno-travel.com\/es\/wp-json\/wp\/v2\/comments?post=4242"}],"version-history":[{"count":3,"href":"https:\/\/bno-travel.com\/es\/wp-json\/wp\/v2\/pages\/4242\/revisions"}],"predecessor-version":[{"id":5379,"href":"https:\/\/bno-travel.com\/es\/wp-json\/wp\/v2\/pages\/4242\/revisions\/5379"}],"wp:attachment":[{"href":"https:\/\/bno-travel.com\/es\/wp-json\/wp\/v2\/media?parent=4242"}],"curies":[{"name":"wp","href":"https:\/\/api.w.org\/{rel}","templated":true}]}}