{"id":4436,"date":"2025-07-18T20:28:41","date_gmt":"2025-07-18T18:28:41","guid":{"rendered":"https:\/\/bno-travel.com\/?page_id=4436"},"modified":"2025-07-18T20:29:55","modified_gmt":"2025-07-18T18:29:55","slug":"golf-en-trysil","status":"publish","type":"page","link":"https:\/\/bno-travel.com\/es\/golf-en-trysil\/","title":{"rendered":"Golf en Trysil"},"content":{"rendered":"\n<p class=\"wp-block-paragraph\"><\/p>\n\n<div class=\"wp-block-cover alignfull\" style=\"margin-top:0;margin-bottom:0;padding-top:var(--wp--preset--spacing--20);padding-right:var(--wp--preset--spacing--40);padding-bottom:var(--wp--preset--spacing--20);padding-left:var(--wp--preset--spacing--40);min-height:927px;aspect-ratio:unset;\"><img data-recalc-dims=\"1\" fetchpriority=\"high\" decoding=\"async\" width=\"799\" height=\"532\" class=\"wp-block-cover__image-background wp-image-2278 size-full\" alt=\"Sommer i Trysil\" src=\"https:\/\/i0.wp.com\/bno-travel.com\/wp-content\/uploads\/2025\/06\/19105672288_2155e3dd4c_c.jpg?resize=799%2C532&#038;ssl=1\" style=\"object-position:51% 64%\" data-object-fit=\"cover\" data-object-position=\"51% 64%\" srcset=\"https:\/\/i0.wp.com\/bno-travel.com\/wp-content\/uploads\/2025\/06\/19105672288_2155e3dd4c_c.jpg?w=799&amp;ssl=1 799w, https:\/\/i0.wp.com\/bno-travel.com\/wp-content\/uploads\/2025\/06\/19105672288_2155e3dd4c_c.jpg?resize=300%2C200&amp;ssl=1 300w, https:\/\/i0.wp.com\/bno-travel.com\/wp-content\/uploads\/2025\/06\/19105672288_2155e3dd4c_c.jpg?resize=768%2C511&amp;ssl=1 768w\" sizes=\"(max-width: 799px) 100vw, 799px\" \/><span aria-hidden=\"true\" class=\"wp-block-cover__background has-theme-1-background-color has-background-dim-30 has-background-dim\"><\/span><div class=\"wp-block-cover__inner-container is-layout-flow wp-block-cover-is-layout-flow\">\n<div style=\"height:var(--wp--preset--spacing--50)\" aria-hidden=\"true\" class=\"wp-block-spacer\"><\/div>\n\n\n\n<div style=\"height:var(--wp--preset--spacing--50)\" aria-hidden=\"true\" class=\"wp-block-spacer\"><\/div>\n<\/div><\/div>\n\n<div class=\"wp-block-group alignfull is-style-section-3 is-layout-constrained wp-block-group-is-layout-constrained\" style=\"margin-top:0;margin-bottom:0;padding-top:var(--wp--preset--spacing--40);padding-bottom:var(--wp--preset--spacing--40)\">\n<div class=\"wp-block-columns alignwide are-vertically-aligned-center is-layout-flex wp-container-core-columns-is-layout-d9ad523d wp-block-columns-is-layout-flex\">\n<div class=\"wp-block-column is-vertically-aligned-center is-layout-flow wp-block-column-is-layout-flow\">\n<figure class=\"wp-block-image size-full\"><img data-recalc-dims=\"1\" decoding=\"async\" width=\"532\" height=\"799\" src=\"https:\/\/i0.wp.com\/bno-travel.com\/wp-content\/uploads\/2025\/06\/18670754034_e10bf74a7e_c.jpg?resize=532%2C799&#038;ssl=1\" alt=\"Golf en Trysil\" class=\"wp-image-2265\" style=\"aspect-ratio:3\/4;object-fit:cover\" title=\"t&#xED;tulo\" srcset=\"https:\/\/i0.wp.com\/bno-travel.com\/wp-content\/uploads\/2025\/06\/18670754034_e10bf74a7e_c.jpg?w=532&amp;ssl=1 532w, https:\/\/i0.wp.com\/bno-travel.com\/wp-content\/uploads\/2025\/06\/18670754034_e10bf74a7e_c.jpg?resize=200%2C300&amp;ssl=1 200w\" sizes=\"(max-width: 532px) 100vw, 532px\" \/><\/figure>\n<\/div>\n\n\n\n<div class=\"wp-block-column is-vertically-aligned-center is-content-justification-left is-layout-constrained wp-container-core-column-is-layout-b64f6bf5 wp-block-column-is-layout-constrained\">\n<p class=\"wp-block-paragraph\"><\/p>\n\n\n\n<h2 class=\"wp-block-heading\">Golf en Trysil y Engerdal - Juega con vistas a las monta\u00f1as, los bosques y el silencio<\/h2>\n\n\n\n<p class=\"wp-block-paragraph\">Bienvenido a Trysil y Engerdal: \u00a1un aut\u00e9ntico para\u00edso del golf en un entorno pintoresco! Aqu\u00ed encontrar\u00e1s campos bien mantenidos, vistas espectaculares y un entorno tranquilo que hacen que la experiencia de jugar al golf sea muy especial. Tanto si eres un golfista experimentado como si eres nuevo en este deporte, Trysil y Engerdal ofrecen un juego variado, un gran ambiente y un entorno que se adapta a todos.  <\/p>\n\n\n\n<p class=\"wp-block-paragraph\">BNO TRAVEL puede ayudarte a planificar unas vacaciones de golf completas, con alojamiento, horarios de salida y actividades para toda la familia, todo adaptado a tus deseos.<\/p>\n\n\n\n<p class=\"wp-block-paragraph\">Club de golf y minigolf para toda la familia<\/p>\n\n\n\n<p class=\"wp-block-paragraph\">La casa club de <a href=\"https:\/\/www.trysil.com\/bedrifter\/trysilfjellet-golf-as\/trysilfjellet-golfbane\/\" target=\"_blank\" rel=\"noopener\">Trysil Golfbane<\/a> es algo m\u00e1s que un lugar de encuentro para golfistas. Aqu\u00ed encontrar\u00e1s una <strong>acogedora cafeter\u00eda<\/strong>, vestuarios, tienda de golf y un entorno social donde relajarte despu\u00e9s de la partida. Para las familias con ni\u00f1os, es muy popular <strong>el campo de minigolf<\/strong>, de f\u00e1cil acceso, divertido y con obst\u00e1culos sencillos que lo hacen ameno para todas las edades.  <\/p>\n\n\n\n<p class=\"wp-block-paragraph\">El campo de minigolf tambi\u00e9n est\u00e1 abierto a los que no juegan al golf normal y es un gran descanso despu\u00e9s de montar en bici, hacer senderismo o nadar.<\/p>\n\n\n\n<div class=\"wp-block-buttons is-layout-flex wp-block-buttons-is-layout-flex\"><\/div>\n<\/div>\n<\/div>\n<\/div>\n\n<div class=\"wp-block-group alignfull is-style-default is-content-justification-center is-layout-constrained wp-container-core-group-is-layout-69af11d0 wp-block-group-is-layout-constrained\" style=\"margin-top:0;margin-bottom:0;padding-top:var(--wp--preset--spacing--40);padding-bottom:var(--wp--preset--spacing--40)\">\n<div class=\"wp-block-group alignwide is-content-justification-left is-layout-constrained wp-container-core-group-is-layout-54d22900 wp-block-group-is-layout-constrained\">\n<p class=\"wp-block-paragraph\">Trysil Golfbane est\u00e1 abierto y es accesible tanto para jugadores experimentados como para principiantes novatos. No necesitas tarjeta verde para probar suerte en el campo de pr\u00e1cticas o en el minigolf.   <a href=\"https:\/\/www.trysil.com\/bedrifter\/trysilfjellet-golf-as\/trysil-golfklubb\/\" target=\"_blank\" rel=\"noopener\">Si quieres aprender m\u00e1s, puedes apuntarte a un curso o recibir una clase introductoria de un entrenador certificado por la PGA.<\/a><\/p>\n\n\n\n<p class=\"wp-block-paragraph\">Los ni\u00f1os y los j\u00f3venes tambi\u00e9n son bienvenidos, y durante toda la temporada se ofrecen cursos especiales para ni\u00f1os y actividades para j\u00f3venes. Con un entorno tranquilo y pocas colas, Trysil es el lugar perfecto para aprender este deporte en un entorno seguro e inspirador. <\/p>\n\n\n\n<div class=\"wp-block-buttons is-layout-flex wp-block-buttons-is-layout-flex\"><\/div>\n<\/div>\n<\/div>\n\n<div class=\"wp-block-group alignfull is-content-justification-center is-layout-constrained wp-block-group-is-layout-constrained\" style=\"margin-top:0;margin-bottom:0;padding-top:var(--wp--preset--spacing--40);padding-bottom:var(--wp--preset--spacing--40)\">\n<div class=\"wp-block-columns alignwide are-vertically-aligned-center is-layout-flex wp-container-core-columns-is-layout-7387b849 wp-block-columns-is-layout-flex\">\n<div class=\"wp-block-column is-vertically-aligned-center is-content-justification-left is-layout-constrained wp-container-core-column-is-layout-b64f6bf5 wp-block-column-is-layout-constrained\">\n<h2 class=\"wp-block-heading has-xx-large-font-size\">Datos sobre el campo de golf de Trysil<\/h2>\n\n\n\n<p class=\"wp-block-paragraph\">Trysil Golfbane es un <strong>campo de 18 hoyos de bosque y parque<\/strong>, dise\u00f1ado para seguir el paisaje natural de Trysil. El campo es conocido por su alto nivel, su entorno paisaj\u00edstico y sus variados desaf\u00edos. <\/p>\n\n\n\n<p class=\"wp-block-paragraph\"><strong>He aqu\u00ed algunos aspectos destacados:<\/strong><\/p>\n\n\n\n<ul class=\"wp-block-list\">\n<li>18 hoyos - par 72<\/li>\n\n\n\n<li>Longitud desde el tee blanco: aprox. 6.400 metros <\/li>\n\n\n\n<li>Campo de pr\u00e1cticas y zonas de pr\u00e1cticas para putting y chipping<\/li>\n\n\n\n<li>Alquiler de carritos de golf y moderna tienda profesional<\/li>\n\n\n\n<li>Escuela y cursos de golf para todos los niveles<\/li>\n\n\n\n<li>Temporada: normalmente de mayo a octubre<\/li>\n<\/ul>\n\n\n\n<p class=\"wp-block-paragraph\">El campo est\u00e1 id\u00edlicamente situado junto al r\u00edo Trysilelva, a pocos minutos del centro de Trysil y a corta distancia de las zonas de alojamiento en las monta\u00f1as. Conocido por su buen mantenimiento, sus greenes r\u00e1pidos y su entorno tranquilo, es una delicia tanto para los golfistas como para los espectadores. Come comida local o disfruta del silencio de la monta\u00f1a junto a la chimenea. <\/p>\n\n\n\n<p class=\"has-text-align-left wp-block-paragraph\">Casa club, tienda profesional y minigolf para toda la familia<\/p>\n\n\n\n<p class=\"wp-block-paragraph\">Junto al campo de golf hay una <strong>moderna casa club<\/strong> con vestuarios, duchas, una cafeter\u00eda y una acogedora terraza donde puedes disfrutar de las vistas del campo. La casa club sirve de punto de encuentro social y organiza regularmente torneos y veladas del club. <\/p>\n\n\n\n<div class=\"wp-block-buttons is-layout-flex wp-block-buttons-is-layout-flex\"><\/div>\n<\/div>\n\n\n\n<div class=\"wp-block-column is-vertically-aligned-center is-layout-flow wp-block-column-is-layout-flow\">\n<figure class=\"wp-block-image size-full\"><img data-recalc-dims=\"1\" decoding=\"async\" width=\"799\" height=\"532\" src=\"https:\/\/i0.wp.com\/bno-travel.com\/wp-content\/uploads\/2025\/06\/19105672288_2155e3dd4c_c.jpg?resize=799%2C532&#038;ssl=1\" alt=\"Verano en Trysil\" class=\"wp-image-2278\" style=\"aspect-ratio:3\/4;object-fit:cover\" srcset=\"https:\/\/i0.wp.com\/bno-travel.com\/wp-content\/uploads\/2025\/06\/19105672288_2155e3dd4c_c.jpg?w=799&amp;ssl=1 799w, https:\/\/i0.wp.com\/bno-travel.com\/wp-content\/uploads\/2025\/06\/19105672288_2155e3dd4c_c.jpg?resize=300%2C200&amp;ssl=1 300w, https:\/\/i0.wp.com\/bno-travel.com\/wp-content\/uploads\/2025\/06\/19105672288_2155e3dd4c_c.jpg?resize=768%2C511&amp;ssl=1 768w\" sizes=\"(max-width: 799px) 100vw, 799px\" \/><\/figure>\n<\/div>\n<\/div>\n<\/div>\n\n<div class=\"wp-block-group alignfull is-style-default is-content-justification-center is-layout-constrained wp-container-core-group-is-layout-69af11d0 wp-block-group-is-layout-constrained\" style=\"margin-top:0;margin-bottom:0;padding-top:var(--wp--preset--spacing--40);padding-bottom:var(--wp--preset--spacing--40)\">\n<div class=\"wp-block-group alignfull is-content-justification-center is-layout-constrained wp-container-core-group-is-layout-4853c3a7 wp-block-group-is-layout-constrained\" style=\"margin-top:0;margin-bottom:0;padding-top:calc( 0.5 * var(u002du002dwpu002du002dstyleu002du002drootu002du002dpadding-right, var(u002du002dwpu002du002dcustomu002du002dgapu002du002dhorizontal)));padding-right:var(u002du002dwpu002du002dstyleu002du002drootu002du002dpadding-right, var(u002du002dwpu002du002dcustomu002du002dgapu002du002dhorizontal));padding-bottom:calc( 0.5 * var(u002du002dwpu002du002dstyleu002du002drootu002du002dpadding-right, var(u002du002dwpu002du002dcustomu002du002dgapu002du002dhorizontal)));padding-left:var(u002du002dwpu002du002dstyleu002du002drootu002du002dpadding-left, var(u002du002dwpu002du002dcustomu002du002dgapu002du002dhorizontal))\">\n<div style=\"height:calc( 0.25 * var(u002du002dwpu002du002dstyleu002du002drootu002du002dpadding-right, var(u002du002dwpu002du002dcustomu002du002dgapu002du002dhorizontal)))\" aria-hidden=\"true\" class=\"wp-block-spacer\"><\/div>\n\n\n\n<div class=\"wp-block-columns alignwide is-layout-flex wp-container-core-columns-is-layout-7387b849 wp-block-columns-is-layout-flex\">\n<div class=\"wp-block-column is-vertically-aligned-center is-layout-flow wp-block-column-is-layout-flow\">\n<figure class=\"wp-block-image size-full\"><img data-recalc-dims=\"1\" loading=\"lazy\" decoding=\"async\" width=\"532\" height=\"799\" src=\"https:\/\/i0.wp.com\/bno-travel.com\/wp-content\/uploads\/2025\/06\/18670754034_e10bf74a7e_c.jpg?resize=532%2C799&#038;ssl=1\" alt=\"\" class=\"wp-image-2265\" style=\"aspect-ratio:3\/4;object-fit:cover\" srcset=\"https:\/\/i0.wp.com\/bno-travel.com\/wp-content\/uploads\/2025\/06\/18670754034_e10bf74a7e_c.jpg?w=532&amp;ssl=1 532w, https:\/\/i0.wp.com\/bno-travel.com\/wp-content\/uploads\/2025\/06\/18670754034_e10bf74a7e_c.jpg?resize=200%2C300&amp;ssl=1 200w\" sizes=\"(max-width: 532px) 100vw, 532px\" \/><\/figure>\n<\/div>\n\n\n\n<div class=\"wp-block-column is-vertically-aligned-center is-layout-flow wp-block-column-is-layout-flow\">\n<p class=\"has-text-align-left wp-block-paragraph\"><\/p>\n\n\n\n<p class=\"wp-block-paragraph\"><strong>La Proshop<\/strong> tiene todo lo que necesitas en cuanto a equipamiento, ropa y accesorios de golf, tanto para comprar como para alquilar. Si necesitas ayuda con la t\u00e9cnica o el equipo, nuestro personal experto y nuestros entrenadores est\u00e1n dispuestos a ayudarte. <\/p>\n\n\n\n<p class=\"has-text-align-left wp-block-paragraph\">Justo al lado del campo de pr\u00e1cticas tambi\u00e9n encontrar\u00e1s <strong>un estupendo campo de minigolf<\/strong>, perfecto para los ni\u00f1os o como actividad social para toda la familia. El campo de minigolf tiene 9 divertidos y desafiantes hoyos y est\u00e1 abierto a todos, incluso a los que no juegan al golf habitualmente. <\/p>\n\n\n\n<p class=\"has-text-align-left wp-block-paragraph\">Trysil - M\u00e1s que golf<\/p>\n\n\n\n<p class=\"wp-block-paragraph\">Cuando no est\u00e9s en la pista, Trysil ofrece otras muchas actividades veraniegas: ciclismo de pista en Trysil Bike Arena, senderismo por las monta\u00f1as, pesca, pirag\u00fcismo y equitaci\u00f3n. Despu\u00e9s de un d\u00eda fuera, puedes disfrutar de comida y bebida en los restaurantes locales, relajarte en el balneario o explorar la vida cultural del centro de Trysil. <\/p>\n\n\n\n<p class=\"has-text-align-left wp-block-paragraph\">Si viajas con la familia, tambi\u00e9n hay un parque de escalada, zonas de juegos, oportunidades para nadar y \u00e1reas de actividades para que tus vacaciones sean completas para grandes y peque\u00f1os.<\/p>\n\n\n\n<p class=\"wp-block-paragraph\">Planifica tus vacaciones de golf con BNO TRAVEL<\/p>\n\n\n\n<p class=\"wp-block-paragraph\">BNO TRAVEL te ayuda a planificar la experiencia de golf perfecta en Trysil. Te ayudaremos a personalizar tu viaje con <a href=\"https:\/\/bno-travel.com\/es\/alojamiento\/\">alojamiento<\/a>, green fees, minigolf y actividades, y nos aseguraremos de que saques el m\u00e1ximo partido a tu estancia, tanto si viajas solo, en familia o en grupo. <\/p>\n\n\n\n<p class=\"wp-block-paragraph\"><strong>Reserva hoy mismo tus vacaciones de golf en Trysil<\/strong> y descubre por qu\u00e9 cada vez m\u00e1s gente elige el golf de monta\u00f1a con vistas, aire puro y calidad en todo momento.<\/p>\n\n\n\n<div class=\"wp-block-buttons is-content-justification-center is-layout-flex wp-container-core-buttons-is-layout-3e41869c wp-block-buttons-is-layout-flex\"><\/div>\n<\/div>\n<\/div>\n\n\n\n<div style=\"height:calc( 0.25 * var(u002du002dwpu002du002dstyleu002du002drootu002du002dpadding-right, var(u002du002dwpu002du002dcustomu002du002dgapu002du002dhorizontal)))\" aria-hidden=\"true\" class=\"wp-block-spacer\"><\/div>\n<\/div>\n\n\n\n<div class=\"wp-block-group alignwide is-content-justification-left is-layout-constrained wp-container-core-group-is-layout-54d22900 wp-block-group-is-layout-constrained\">\n<div class=\"wp-block-buttons is-layout-flex wp-block-buttons-is-layout-flex\"><\/div>\n<\/div>\n<\/div>\n\n<div class=\"wp-block-group alignfull is-style-default is-content-justification-center is-layout-constrained wp-container-core-group-is-layout-cdf99998 wp-block-group-is-layout-constrained\" style=\"margin-top:0;margin-bottom:0;padding-top:var(--wp--preset--spacing--40);padding-bottom:var(--wp--preset--spacing--40)\"><\/div>\n\n<p class=\"wp-block-paragraph\"><\/p>\n","protected":false},"excerpt":{"rendered":"<p>Golf en Trysil y Engerdal - Juega con vistas a las monta\u00f1as, los bosques y el silencio Bienvenido a Trysil y Engerdal: \u00a1un aut\u00e9ntico para\u00edso del golf en un entorno pintoresco! Aqu\u00ed encontrar\u00e1s campos bien mantenidos, vistas espectaculares y un entorno tranquilo que hacen que la experiencia de jugar al golf sea muy especial. Tanto [&hellip;]<\/p>\n","protected":false},"author":260013438,"featured_media":0,"parent":0,"menu_order":0,"comment_status":"closed","ping_status":"closed","template":"","meta":{"_crdt_document":"","footnotes":""},"class_list":["post-4436","page","type-page","status-publish","hentry"],"jetpack_likes_enabled":true,"jetpack_sharing_enabled":true,"jetpack_shortlink":"https:\/\/wp.me\/PgDuwj-19y","jetpack-related-posts":[{"id":4338,"url":"https:\/\/bno-travel.com\/fr\/golf-a-trysil\/","url_meta":{"origin":4436,"position":0},"title":"Golf \u00e0 Trysil","author":"Jan Terje \u00c5s","date":"18 de julio de 2025","format":false,"excerpt":"Golf \u00e0 Trysil et Engerdal - Jouer avec vue sur les montagnes, les for\u00eats et le silence Bienvenue \u00e0 Trysil et Engerdal - un v\u00e9ritable paradis du golf dans un environnement pittoresque ! Vous y trouverez des parcours bien entretenus, des vues spectaculaires et un environnement paisible qui vous feront\u2026","rel":"","context":"Entrada similar","block_context":{"text":"Entrada similar","link":""},"img":{"alt_text":"Golf i Trysil","src":"https:\/\/i0.wp.com\/bno-travel.com\/wp-content\/uploads\/2025\/06\/18670754034_e10bf74a7e_c.jpg?resize=350%2C200&ssl=1","width":350,"height":200,"srcset":"https:\/\/i0.wp.com\/bno-travel.com\/wp-content\/uploads\/2025\/06\/18670754034_e10bf74a7e_c.jpg?resize=350%2C200&ssl=1 1x, https:\/\/i0.wp.com\/bno-travel.com\/wp-content\/uploads\/2025\/06\/18670754034_e10bf74a7e_c.jpg?resize=525%2C300&ssl=1 1.5x"},"classes":[]},{"id":3341,"url":"https:\/\/bno-travel.com\/golf-i-trysil-banen-ligger-mellom-skog-og-fjell\/","url_meta":{"origin":4436,"position":1},"title":"Golf i Trysil","author":"Jan Terje \u00c5s","date":"18 de julio de 2025","format":false,"excerpt":"Golf i Trysil og Engerdal Spill med utsikt over fjell, skog og stillhet \u2013 i omgivelser som gj\u00f8r golfoppholdet til mer enn bare en runde p\u00e5 banen Trysil og Engerdal gir deg en golfopplevelse med frisk fjelluft, velholdte baner og en ro som gj\u00f8r hele oppholdet bedre. Her f\u00e5r du\u2026","rel":"","context":"Entrada similar","block_context":{"text":"Entrada similar","link":""},"img":{"alt_text":"","src":"","width":0,"height":0},"classes":[]},{"id":4395,"url":"https:\/\/bno-travel.com\/sv\/golf-i-trysil\/","url_meta":{"origin":4436,"position":2},"title":"Golf i Trysil","author":"Jan Terje \u00c5s","date":"18 de julio de 2025","format":false,"excerpt":"Golf i Trysil och Engerdal - Spela med utsikt \u00f6ver berg, skogar och tystnad V\u00e4lkommen till Trysil och Engerdal - ett riktigt golfparadis i natursk\u00f6na omgivningar! H\u00e4r hittar du v\u00e4lsk\u00f6tta banor, spektakul\u00e4ra vyer och rofyllda omgivningar som g\u00f6r golfupplevelsen till n\u00e5got alldeles extra. Oavsett om du \u00e4r en erfaren golfare\u2026","rel":"","context":"Entrada similar","block_context":{"text":"Entrada similar","link":""},"img":{"alt_text":"Golf i Trysil","src":"https:\/\/i0.wp.com\/bno-travel.com\/wp-content\/uploads\/2025\/06\/18670754034_e10bf74a7e_c.jpg?resize=350%2C200&ssl=1","width":350,"height":200,"srcset":"https:\/\/i0.wp.com\/bno-travel.com\/wp-content\/uploads\/2025\/06\/18670754034_e10bf74a7e_c.jpg?resize=350%2C200&ssl=1 1x, https:\/\/i0.wp.com\/bno-travel.com\/wp-content\/uploads\/2025\/06\/18670754034_e10bf74a7e_c.jpg?resize=525%2C300&ssl=1 1.5x"},"classes":[]},{"id":4308,"url":"https:\/\/bno-travel.com\/nl\/golf-in-trysil\/","url_meta":{"origin":4436,"position":3},"title":"Golf in Trysil","author":"Jan Terje \u00c5s","date":"18 de julio de 2025","format":false,"excerpt":"Golf in Trysil en Engerdal - Speel met uitzicht op bergen, bossen en stilte Welkom in Trysil en Engerdal - een waar golfparadijs in een schilderachtige omgeving! Hier vind je goed onderhouden banen, spectaculaire uitzichten en een rustige omgeving die zorgen voor een heel bijzondere golfervaring. Of je nu een\u2026","rel":"","context":"Entrada similar","block_context":{"text":"Entrada similar","link":""},"img":{"alt_text":"Golf i Trysil","src":"https:\/\/i0.wp.com\/bno-travel.com\/wp-content\/uploads\/2025\/06\/18670754034_e10bf74a7e_c.jpg?resize=350%2C200&ssl=1","width":350,"height":200,"srcset":"https:\/\/i0.wp.com\/bno-travel.com\/wp-content\/uploads\/2025\/06\/18670754034_e10bf74a7e_c.jpg?resize=350%2C200&ssl=1 1x, https:\/\/i0.wp.com\/bno-travel.com\/wp-content\/uploads\/2025\/06\/18670754034_e10bf74a7e_c.jpg?resize=525%2C300&ssl=1 1.5x"},"classes":[]},{"id":4294,"url":"https:\/\/bno-travel.com\/da\/golf-i-trysil\/","url_meta":{"origin":4436,"position":4},"title":"Golf i Trysil","author":"Jan Terje \u00c5s","date":"18 de julio de 2025","format":false,"excerpt":"Golf i Trysil og Engerdal - Spil med udsigt til fjelde, skove og stilhed Velkommen til Trysil og Engerdal - et sandt golfparadis i natursk\u00f8nne omgivelser! Her finder du velholdte baner, spektakul\u00e6re udsigter og rolige omgivelser, som giver en helt s\u00e6rlig golfoplevelse. Uanset om du er en erfaren golfspiller eller\u2026","rel":"","context":"Entrada similar","block_context":{"text":"Entrada similar","link":""},"img":{"alt_text":"Golf i Trysil","src":"https:\/\/i0.wp.com\/bno-travel.com\/wp-content\/uploads\/2025\/06\/18670754034_e10bf74a7e_c.jpg?resize=350%2C200&ssl=1","width":350,"height":200,"srcset":"https:\/\/i0.wp.com\/bno-travel.com\/wp-content\/uploads\/2025\/06\/18670754034_e10bf74a7e_c.jpg?resize=350%2C200&ssl=1 1x, https:\/\/i0.wp.com\/bno-travel.com\/wp-content\/uploads\/2025\/06\/18670754034_e10bf74a7e_c.jpg?resize=525%2C300&ssl=1 1.5x"},"classes":[]},{"id":4302,"url":"https:\/\/bno-travel.com\/is\/golf-i-trysil\/","url_meta":{"origin":4436,"position":5},"title":"Golf \u00ed Trysil","author":"Jan Terje \u00c5s","date":"18 de julio de 2025","format":false,"excerpt":"Golf \u00ed Trysil og Engerdal \u2013 Spila\u00f0u me\u00f0 \u00fats\u00fdni yfir fj\u00f6ll, sk\u00f3ga og \u00fe\u00f6gn Velkomin til Trysil og Engerdal \u2013 sannkalla\u00f0rar golfparad\u00edsar \u00ed fallegu umhverfi! H\u00e9r finnur \u00fe\u00fa vel hirta golfvelli, st\u00f3rkostlegt \u00fats\u00fdni og fri\u00f0s\u00e6lt umhverfi sem veitir einstaka golfupplifun. Hvort sem \u00fe\u00fa ert vanur kylfingur e\u00f0a n\u00fdr \u00ed \u00ed\u00fer\u00f3ttinni,\u2026","rel":"","context":"Entrada similar","block_context":{"text":"Entrada similar","link":""},"img":{"alt_text":"Golf i Trysil","src":"https:\/\/i0.wp.com\/bno-travel.com\/wp-content\/uploads\/2025\/06\/18670754034_e10bf74a7e_c.jpg?resize=350%2C200&ssl=1","width":350,"height":200,"srcset":"https:\/\/i0.wp.com\/bno-travel.com\/wp-content\/uploads\/2025\/06\/18670754034_e10bf74a7e_c.jpg?resize=350%2C200&ssl=1 1x, https:\/\/i0.wp.com\/bno-travel.com\/wp-content\/uploads\/2025\/06\/18670754034_e10bf74a7e_c.jpg?resize=525%2C300&ssl=1 1.5x"},"classes":[]}],"_links":{"self":[{"href":"https:\/\/bno-travel.com\/es\/wp-json\/wp\/v2\/pages\/4436","targetHints":{"allow":["GET"]}}],"collection":[{"href":"https:\/\/bno-travel.com\/es\/wp-json\/wp\/v2\/pages"}],"about":[{"href":"https:\/\/bno-travel.com\/es\/wp-json\/wp\/v2\/types\/page"}],"author":[{"embeddable":true,"href":"https:\/\/bno-travel.com\/es\/wp-json\/wp\/v2\/users\/260013438"}],"replies":[{"embeddable":true,"href":"https:\/\/bno-travel.com\/es\/wp-json\/wp\/v2\/comments?post=4436"}],"version-history":[{"count":4,"href":"https:\/\/bno-travel.com\/es\/wp-json\/wp\/v2\/pages\/4436\/revisions"}],"predecessor-version":[{"id":5240,"href":"https:\/\/bno-travel.com\/es\/wp-json\/wp\/v2\/pages\/4436\/revisions\/5240"}],"wp:attachment":[{"href":"https:\/\/bno-travel.com\/es\/wp-json\/wp\/v2\/media?parent=4436"}],"curies":[{"name":"wp","href":"https:\/\/api.w.org\/{rel}","templated":true}]}}