
{"id":1534,"date":"2025-07-11T07:33:28","date_gmt":"2025-07-11T05:33:28","guid":{"rendered":"https:\/\/bno-travel.com\/?page_id=1534"},"modified":"2025-08-29T13:52:52","modified_gmt":"2025-08-29T11:52:52","slug":"autonvuokraus","status":"publish","type":"page","link":"https:\/\/bno-travel.com\/fi\/autonvuokraus\/","title":{"rendered":"Autonvuokraus"},"content":{"rendered":"\n<div class=\"wp-block-cover alignfull\" style=\"margin-top:0;margin-bottom:0;padding-top:var(--wp--preset--spacing--20);padding-right:var(--wp--preset--spacing--40);padding-bottom:var(--wp--preset--spacing--20);padding-left:var(--wp--preset--spacing--40)\"><img data-recalc-dims=\"1\" fetchpriority=\"high\" decoding=\"async\" width=\"1024\" height=\"341\" class=\"wp-block-cover__image-background wp-image-904 size-large\" alt=\"\" src=\"https:\/\/i0.wp.com\/bno-travel.com\/wp-content\/uploads\/2025\/06\/AdobeStock_460444160.jpeg?resize=1024%2C341&#038;ssl=1\" data-object-fit=\"cover\" srcset=\"https:\/\/i0.wp.com\/bno-travel.com\/wp-content\/uploads\/2025\/06\/AdobeStock_460444160.jpeg?resize=1024%2C341&amp;ssl=1 1024w, https:\/\/i0.wp.com\/bno-travel.com\/wp-content\/uploads\/2025\/06\/AdobeStock_460444160.jpeg?resize=300%2C100&amp;ssl=1 300w, https:\/\/i0.wp.com\/bno-travel.com\/wp-content\/uploads\/2025\/06\/AdobeStock_460444160.jpeg?resize=768%2C256&amp;ssl=1 768w, https:\/\/i0.wp.com\/bno-travel.com\/wp-content\/uploads\/2025\/06\/AdobeStock_460444160.jpeg?resize=1536%2C512&amp;ssl=1 1536w, https:\/\/i0.wp.com\/bno-travel.com\/wp-content\/uploads\/2025\/06\/AdobeStock_460444160.jpeg?resize=2048%2C683&amp;ssl=1 2048w, https:\/\/i0.wp.com\/bno-travel.com\/wp-content\/uploads\/2025\/06\/AdobeStock_460444160.jpeg?w=3000&amp;ssl=1 3000w\" sizes=\"(max-width: 1000px) 100vw, 1000px\" \/><span aria-hidden=\"true\" class=\"wp-block-cover__background has-theme-1-background-color has-background-dim-30 has-background-dim\"><\/span><div class=\"wp-block-cover__inner-container is-layout-flow wp-block-cover-is-layout-flow\">\n<div style=\"height:var(--wp--preset--spacing--50)\" aria-hidden=\"true\" class=\"wp-block-spacer\"><\/div>\n\n\n\n<div class=\"wp-block-group has-global-padding is-layout-constrained wp-block-group-is-layout-constrained\">\n<div class=\"wp-block-buttons is-content-justification-center is-layout-flex wp-container-core-buttons-is-layout-a0cd93e3 wp-block-buttons-is-layout-flex\"><\/div>\n<\/div>\n\n\n\n<div style=\"height:var(--wp--preset--spacing--50)\" aria-hidden=\"true\" class=\"wp-block-spacer\"><\/div>\n<\/div><\/div>\n\n<div class=\"wp-block-group alignfull is-style-section-2 has-global-padding is-content-justification-center is-layout-constrained wp-container-core-group-is-layout-d6182406 wp-block-group-is-layout-constrained\" style=\"margin-top:0;margin-bottom:0;padding-top:var(--wp--preset--spacing--50);padding-bottom:var(--wp--preset--spacing--30)\">\n<h2 class=\"wp-block-heading alignwide wp-container-content-958eb9dc\">autonvuokraus varaus maailmanlaajuisesti  <\/h2>\n\n\n\n<p class=\"wp-block-paragraph\">    <div class=\"bno-ct-wrapper\" data-url=\"https:\/\/partner-whitelabel.cartrawler.com\/?client=413008&#038;tv=536AB478&#038;lang=no&#038;currency=NOK#\/searchcars?lang=no&#038;currency=NOK\">\n        <iframe class=\"bno-ct-iframe\" src=\"https:\/\/partner-whitelabel.cartrawler.com\/?client=413008&#038;tv=536AB478&#038;lang=no&#038;currency=NOK#\/searchcars?lang=no&#038;currency=NOK\" width=\"100%\" height=\"1000\" style=\"border:0;display:block;\" loading=\"eager\" referrerpolicy=\"no-referrer-when-downgrade\"><\/iframe>        <div class=\"bno-ct-fallback\" style=\"display:none;\"><p style=\"text-align:center;margin:1rem 0;\">We could not display the booking engine inside this page (your browser or the provider may block iframes). <a class=\"button\" href=\"https:\/\/partner-whitelabel.cartrawler.com\/?client=413008&#038;tv=536AB478&#038;lang=no&#038;currency=NOK#\/searchcars?lang=no&#038;currency=NOK\" target=\"_blank\" rel=\"noopener nofollow\">Open car hire search<\/a><\/p><\/div>    <\/div>\n    <script>\n    (function(){\n        var w = document.currentScript.closest('.bno-ct-wrapper');\n        if(!w) w = document.querySelector('.bno-ct-wrapper:last-child');\n        if(!w) return;\n        var iframe = w.querySelector('iframe');\n        var fallback = w.querySelector('.bno-ct-fallback');\n        var showed = false;\n\n        function showFallback(){\n            if (fallback && !showed) {\n                iframe.style.display = 'none';\n                fallback.style.display = 'block';\n                showed = true;\n            }\n        }\n\n        var t = setTimeout(showFallback, 4000);\n        iframe.addEventListener('load', function(){ clearTimeout(t); });\n        iframe.addEventListener('error', function(){ showFallback(); });\n    })();\n    <\/script>\n    \n\n<\/p>\n<\/div>\n","protected":false},"excerpt":{"rendered":"<p>autonvuokraus varaus maailmanlaajuisesti<\/p>\n","protected":false},"author":260013438,"featured_media":0,"parent":0,"menu_order":0,"comment_status":"closed","ping_status":"closed","template":"","meta":{"_crdt_document":"","jetpack_post_was_ever_published":false,"footnotes":""},"class_list":["post-1534","page","type-page","status-publish","hentry"],"jetpack_likes_enabled":true,"jetpack_sharing_enabled":true,"jetpack_shortlink":"https:\/\/wp.me\/PgDuwj-oK","jetpack-related-posts":[{"id":2806,"url":"https:\/\/bno-travel.com\/fi\/matkustaminen-tanne-salenfjelletiin\/","url_meta":{"origin":1534,"position":0},"title":"Matkustaminen t\u00e4nne S\u00e4lenfjelletiin","author":"Jan Terje \u00c5s","date":"11.7.2025","format":false,"excerpt":". Miten p\u00e4\u00e4st\u00e4 S\u00e4lenfjelletiin - lent\u00e4en, vuokra-autolla, bussilla, junalla tai omalla autolla? \u2708\ufe0f Lent\u00e4en Oslon lentoasemalle Gardermoen (OSL) Oslon lentoasema on yksi yleisimmist\u00e4 S\u00e4leniin saapuvien matkustajien saapumispaikoista. Sinne on suoria lentoja useista Euroopan suurista kaupungeista. Jatka Gardermoenista S\u00e4leniin: Bussilla: S\u00e4leniin on talvikaudella bussiyhteyksi\u00e4 Oslon alueelta. Matka-ajat vaihtelevat reitist\u00e4 ja yhteyksist\u00e4\u2026","rel":"","context":"Samankaltainen artikkeli","block_context":{"text":"Samankaltainen artikkeli","link":""},"img":{"alt_text":"overnatting i salen","src":"https:\/\/i0.wp.com\/bno-travel.com\/wp-content\/uploads\/2025\/06\/AdobeStock_121113275-e1751307052527.jpeg?resize=350%2C200&ssl=1","width":350,"height":200,"srcset":"https:\/\/i0.wp.com\/bno-travel.com\/wp-content\/uploads\/2025\/06\/AdobeStock_121113275-e1751307052527.jpeg?resize=350%2C200&ssl=1 1x, https:\/\/i0.wp.com\/bno-travel.com\/wp-content\/uploads\/2025\/06\/AdobeStock_121113275-e1751307052527.jpeg?resize=525%2C300&ssl=1 1.5x, https:\/\/i0.wp.com\/bno-travel.com\/wp-content\/uploads\/2025\/06\/AdobeStock_121113275-e1751307052527.jpeg?resize=700%2C400&ssl=1 2x, https:\/\/i0.wp.com\/bno-travel.com\/wp-content\/uploads\/2025\/06\/AdobeStock_121113275-e1751307052527.jpeg?resize=1050%2C600&ssl=1 3x, https:\/\/i0.wp.com\/bno-travel.com\/wp-content\/uploads\/2025\/06\/AdobeStock_121113275-e1751307052527.jpeg?resize=1400%2C800&ssl=1 4x"},"classes":[]},{"id":28329,"url":"https:\/\/bno-travel.com\/fi\/kotisivu\/","url_meta":{"origin":1534,"position":1},"title":"Kotisivu","author":"Jan Terje \u00c5s","date":"3.4.2026","format":false,"excerpt":"Suunnittele matkasi helpommin BNO Travelin avulla L\u00f6yd\u00e4 majoitus valituista kohteista, etsi lentoja l\u00e4helle ja kauas ja varaa vuokra-auto, jotta sinulla on vapaus l\u00e4hte\u00e4 pidemm\u00e4lle. Kaikki yhdess\u00e4 siistiss\u00e4 ja k\u00e4ytt\u00e4j\u00e4yst\u00e4v\u00e4llisess\u00e4 ratkaisussa. Etsi majoitus Etsi lentoja Etsi autonvuokraus Helpompi valinta. Parempi yleiskuva. BNO Travel kokoaa matkan t\u00e4rke\u00e4t osat yhteen ratkaisuun, joka on\u2026","rel":"","context":"Samankaltainen artikkeli","block_context":{"text":"Samankaltainen artikkeli","link":""},"img":{"alt_text":"","src":"","width":0,"height":0},"classes":[]},{"id":1891,"url":"https:\/\/bno-travel.com\/fi\/matkustaminen-tanne-trysiliin\/","url_meta":{"origin":1534,"position":2},"title":"Matkustaminen t\u00e4nne Trysiliin","author":"Jan Terje \u00c5s","date":"11.7.2025","format":false,"excerpt":"Miten p\u00e4\u00e4st\u00e4 Trysiliin - lent\u00e4en, autonvuokrauksella, bussilla, junalla tai omalla autolla? \u2708\ufe0f Lent\u00e4en Oslon Gardermoenin lentokent\u00e4lle (OSL) Oslon lentoasema on Trysil-matkustajien yleisin maahantulopaikka. Sinne on suoria lentoja useista Euroopan suurista kaupungeista. Jatka Gardermoenista Trysiliin: Bussi: Trysilekspressen kulkee talvikaudella useita p\u00e4ivitt\u00e4isi\u00e4 vuoroja. Matka-aika noin 3,5 tuntia. Autonvuokraus: Ajoaika Trysiliin noin 2\u2026","rel":"","context":"Samankaltainen artikkeli","block_context":{"text":"Samankaltainen artikkeli","link":""},"img":{"alt_text":"Trysil Ski resort, skiferie i Trysil,","src":"https:\/\/i0.wp.com\/bno-travel.com\/wp-content\/uploads\/2025\/06\/10001-20191216-Drone0784-scaled-1.jpg?resize=350%2C200&ssl=1","width":350,"height":200,"srcset":"https:\/\/i0.wp.com\/bno-travel.com\/wp-content\/uploads\/2025\/06\/10001-20191216-Drone0784-scaled-1.jpg?resize=350%2C200&ssl=1 1x, https:\/\/i0.wp.com\/bno-travel.com\/wp-content\/uploads\/2025\/06\/10001-20191216-Drone0784-scaled-1.jpg?resize=525%2C300&ssl=1 1.5x, https:\/\/i0.wp.com\/bno-travel.com\/wp-content\/uploads\/2025\/06\/10001-20191216-Drone0784-scaled-1.jpg?resize=700%2C400&ssl=1 2x, https:\/\/i0.wp.com\/bno-travel.com\/wp-content\/uploads\/2025\/06\/10001-20191216-Drone0784-scaled-1.jpg?resize=1050%2C600&ssl=1 3x, https:\/\/i0.wp.com\/bno-travel.com\/wp-content\/uploads\/2025\/06\/10001-20191216-Drone0784-scaled-1.jpg?resize=1400%2C800&ssl=1 4x"},"classes":[]}],"_links":{"self":[{"href":"https:\/\/bno-travel.com\/fi\/wp-json\/wp\/v2\/pages\/1534","targetHints":{"allow":["GET"]}}],"collection":[{"href":"https:\/\/bno-travel.com\/fi\/wp-json\/wp\/v2\/pages"}],"about":[{"href":"https:\/\/bno-travel.com\/fi\/wp-json\/wp\/v2\/types\/page"}],"author":[{"embeddable":true,"href":"https:\/\/bno-travel.com\/fi\/wp-json\/wp\/v2\/users\/260013438"}],"replies":[{"embeddable":true,"href":"https:\/\/bno-travel.com\/fi\/wp-json\/wp\/v2\/comments?post=1534"}],"version-history":[{"count":14,"href":"https:\/\/bno-travel.com\/fi\/wp-json\/wp\/v2\/pages\/1534\/revisions"}],"predecessor-version":[{"id":9142,"href":"https:\/\/bno-travel.com\/fi\/wp-json\/wp\/v2\/pages\/1534\/revisions\/9142"}],"wp:attachment":[{"href":"https:\/\/bno-travel.com\/fi\/wp-json\/wp\/v2\/media?parent=1534"}],"curies":[{"name":"wp","href":"https:\/\/api.w.org\/{rel}","templated":true}]}}