{"id":1891,"date":"2025-07-11T13:55:36","date_gmt":"2025-07-11T11:55:36","guid":{"rendered":"https:\/\/bno-travel.com\/?page_id=1891"},"modified":"2025-07-11T13:56:14","modified_gmt":"2025-07-11T11:56:14","slug":"matkustaminen-tanne-trysiliin","status":"publish","type":"page","link":"https:\/\/bno-travel.com\/fi\/matkustaminen-tanne-trysiliin\/","title":{"rendered":"Matkustaminen t\u00e4nne Trysiliin"},"content":{"rendered":"\n<div class=\"wp-block-group alignfull is-content-justification-center is-layout-constrained wp-block-group-is-layout-constrained\" style=\"margin-top:0;margin-bottom:0;padding-top:var(--wp--preset--spacing--40);padding-bottom:var(--wp--preset--spacing--40)\">\n<figure class=\"wp-block-image alignwide size-full aspect-16\/9\"><img data-recalc-dims=\"1\" fetchpriority=\"high\" decoding=\"async\" width=\"800\" height=\"533\" src=\"https:\/\/i0.wp.com\/bno-travel.com\/wp-content\/uploads\/2025\/06\/10001-20191216-Drone0784-scaled-1.jpg?resize=800%2C533&#038;ssl=1\" alt=\"\" class=\"wp-image-13\" srcset=\"https:\/\/i0.wp.com\/bno-travel.com\/wp-content\/uploads\/2025\/06\/10001-20191216-Drone0784-scaled-1.jpg?w=2560&amp;ssl=1 2560w, https:\/\/i0.wp.com\/bno-travel.com\/wp-content\/uploads\/2025\/06\/10001-20191216-Drone0784-scaled-1.jpg?resize=300%2C200&amp;ssl=1 300w, https:\/\/i0.wp.com\/bno-travel.com\/wp-content\/uploads\/2025\/06\/10001-20191216-Drone0784-scaled-1.jpg?resize=1024%2C682&amp;ssl=1 1024w, https:\/\/i0.wp.com\/bno-travel.com\/wp-content\/uploads\/2025\/06\/10001-20191216-Drone0784-scaled-1.jpg?resize=768%2C512&amp;ssl=1 768w, https:\/\/i0.wp.com\/bno-travel.com\/wp-content\/uploads\/2025\/06\/10001-20191216-Drone0784-scaled-1.jpg?resize=1536%2C1024&amp;ssl=1 1536w, https:\/\/i0.wp.com\/bno-travel.com\/wp-content\/uploads\/2025\/06\/10001-20191216-Drone0784-scaled-1.jpg?resize=2048%2C1365&amp;ssl=1 2048w, https:\/\/i0.wp.com\/bno-travel.com\/wp-content\/uploads\/2025\/06\/10001-20191216-Drone0784-scaled-1.jpg?w=1600&amp;ssl=1 1600w, https:\/\/i0.wp.com\/bno-travel.com\/wp-content\/uploads\/2025\/06\/10001-20191216-Drone0784-scaled-1.jpg?w=2400&amp;ssl=1 2400w\" sizes=\"(max-width: 800px) 100vw, 800px\" \/><\/figure>\n<\/div>\n\n<div class=\"wp-block-group alignfull is-style-section-3 is-content-justification-center is-layout-constrained wp-container-core-group-is-layout-b54e18b3 wp-block-group-is-layout-constrained\" style=\"margin-top:0;margin-bottom:0;padding-top:var(--wp--preset--spacing--50);padding-bottom:var(--wp--preset--spacing--50)\">\n<h2 class=\"wp-block-heading alignwide has-text-align-left\">Miten p\u00e4\u00e4st\u00e4 Trysiliin - lent\u00e4en, autonvuokrauksella, bussilla, junalla tai omalla autolla?<\/h2>\n\n\n\n<p class=\"wp-block-paragraph\"><\/p>\n\n\n\n<div class=\"wp-block-group alignwide is-layout-flow wp-container-core-group-is-layout-a7dce961 wp-block-group-is-layout-flow\">\n<div class=\"wp-block-columns alignwide is-layout-flex wp-container-core-columns-is-layout-cb1de518 wp-block-columns-is-layout-flex\">\n<div class=\"wp-block-column is-layout-flow wp-block-column-is-layout-flow\" style=\"padding-top:24px;padding-bottom:24px\">\n<h3 class=\"wp-block-heading alignwide has-text-align-left is-service-name\">\u2708\ufe0f Lent\u00e4en Oslon Gardermoenin lentokent\u00e4lle (OSL)<\/h3>\n<\/div>\n\n\n\n<div class=\"wp-block-column is-layout-flow wp-block-column-is-layout-flow\">\n<div class=\"wp-block-group alignwide is-layout-flow wp-block-group-is-layout-flow\" style=\"border-bottom-width:1px;padding-top:40px;padding-bottom:40px\">\n<p class=\"is-service-description wp-block-paragraph\"><\/p>\n\n\n\n<p class=\"wp-block-paragraph\">Oslon lentoasema on Trysil-matkustajien yleisin maahantulopaikka. Sinne on suoria lentoja useista Euroopan suurista kaupungeista. <\/p>\n\n\n\n<p class=\"wp-block-paragraph\"><strong>Jatka Gardermoenista Trysiliin:<\/strong><\/p>\n\n\n\n<p class=\"is-service-description wp-block-paragraph\"><strong>Bussi<\/strong>: Trysilekspressen kulkee talvikaudella useita p\u00e4ivitt\u00e4isi\u00e4 vuoroja. Matka-aika noin 3,5 tuntia.  <\/p>\n\n\n\n<p class=\"wp-block-paragraph\"><strong>Autonvuokraus<\/strong>: Ajoaika Trysiliin noin 2 tuntia. <\/p>\n<\/div>\n<\/div>\n<\/div>\n\n\n\n<div class=\"wp-block-columns alignwide is-layout-flex wp-container-core-columns-is-layout-cb1de518 wp-block-columns-is-layout-flex\">\n<div class=\"wp-block-column is-layout-flow wp-block-column-is-layout-flow\" style=\"padding-top:24px;padding-bottom:24px\">\n<h3 class=\"wp-block-heading alignwide has-text-align-left is-service-name\">\u2708\ufe0f Lent\u00e4en kohteeseen Skandinavian Mountains Airport (SCR)<\/h3>\n<\/div>\n\n\n\n<div class=\"wp-block-column is-layout-flow wp-block-column-is-layout-flow\">\n<div class=\"wp-block-group alignwide is-layout-flow wp-block-group-is-layout-flow\" style=\"border-bottom-width:1px;padding-top:40px;padding-bottom:40px\">\n<p class=\"is-service-description wp-block-paragraph\">Skandinavian Mountains Airport sijaitsee vain 45 minuutin p\u00e4\u00e4ss\u00e4 Trysilist\u00e4, ja sielt\u00e4 l\u00e4htee kausilentoja useista Euroopan kaupungeista.<\/p>\n\n\n\n<p class=\"wp-block-paragraph\"><strong>Jatka SCR:st\u00e4 Trysiliin:<\/strong><\/p>\n\n\n\n<p class=\"is-service-description wp-block-paragraph\"><strong>Bussi<\/strong>: Trysiliin saapuville tarjotaan bussikuljetus talvikaudella.<\/p>\n\n\n\n<p class=\"wp-block-paragraph\"><strong>Autonvuokraus<\/strong>: BNO Travelin kautta.<\/p>\n<\/div>\n<\/div>\n<\/div>\n\n\n\n<div class=\"wp-block-columns alignwide is-layout-flex wp-container-core-columns-is-layout-cb1de518 wp-block-columns-is-layout-flex\">\n<div class=\"wp-block-column is-layout-flow wp-block-column-is-layout-flow\" style=\"padding-top:24px;padding-bottom:24px\">\n<h3 class=\"wp-block-heading alignwide has-text-align-left is-service-name\">\ud83d\ude86\ud83d\ude8d Matkustaminen kaupungista toiseen - junalla, bussilla tai autolla.<\/h3>\n<\/div>\n\n\n\n<div class=\"wp-block-column is-layout-flow wp-block-column-is-layout-flow\">\n<div class=\"wp-block-group alignwide is-layout-flow wp-block-group-is-layout-flow\" style=\"border-bottom-width:1px;padding-top:40px;padding-bottom:40px\">\n<p class=\"wp-block-paragraph\"><\/p>\n\n\n\n<h3 class=\"wp-block-heading\"><strong>Tukholmasta<\/strong><\/h3>\n\n\n\n<p class=\"is-service-description wp-block-paragraph\"><strong>Autolla<\/strong>: E18-tiet\u00e4 ja valtatiet\u00e4 62 pitkin noin 5,5-6 tuntia. <\/p>\n\n\n\n<p class=\"wp-block-paragraph\"><strong>Juna ja bussi<\/strong>: <strong>Karlstadiin<\/strong> tai <strong>Hamariin<\/strong>, sitten bussilla Trysiliin. Junat Hamariin kulkevat Oslon kautta. Kokonaismatka-aika: 6-7 tuntia.  <\/p>\n\n\n\n<p class=\"wp-block-paragraph\"><strong>Bussi<\/strong>: Trysilekspressen.<\/p>\n\n\n\n<h3 class=\"wp-block-heading\"><strong>G\u00f6teborgista<\/strong><\/h3>\n\n\n\n<ul class=\"wp-block-list\">\n<li><strong>Juna<\/strong>: Juna Osloon (n. 4 tuntia), sitten juna Hamariin ja bussi Trysiliin.<\/li>\n\n\n\n<li><strong>Bussi<\/strong>: Flixbus tai Vy Osloon, sitten Trysilekspressen.<\/li>\n\n\n\n<li><strong>Autolla<\/strong>: E6:n ja E18:n kautta kohti Elverumia: Noin 6-6,5 tuntia. <\/li>\n<\/ul>\n\n\n\n<h3 class=\"wp-block-heading\"><strong>Helsingist\u00e4<\/strong><\/h3>\n\n\n\n<ul class=\"wp-block-list\">\n<li><strong>Juna ja lautta<\/strong>: Juna Osloon Karlstadin kautta ja bussi Trysiliin.<\/li>\n\n\n\n<li><strong>Bussi<\/strong>: Trysilekspressen: yhdistelm\u00e4 lautta + kaukoliikenteen bussi Osloon, sitten Trysilekspressen.<\/li>\n\n\n\n<li><strong>Autolla<\/strong>: Tukholman kautta ja edelleen kuten edell\u00e4. <\/li>\n<\/ul>\n\n\n\n<h3 class=\"wp-block-heading\"><strong>K\u00f8enhavnista<\/strong><\/h3>\n\n\n\n<p class=\"wp-block-paragraph\"><strong>Junat<\/strong>: Juna G\u00f6teborgiin, edelleen Osloon, sitten juna Hamariin ja bussi Trysiliin.<\/p>\n\n\n\n<p class=\"wp-block-paragraph\"><strong>Bussi<\/strong>: Trysilekspressenill\u00e4.<\/p>\n\n\n\n<p class=\"wp-block-paragraph\"><strong>Autolla<\/strong>: G\u00f6teborg-Oslo: Noin 9-10 tuntia \u00d8resundin sillan ja G\u00f6teborg-Oslon kautta. <\/p>\n\n\n\n<h3 class=\"wp-block-heading\"><strong>Fredrikshavnista<\/strong> (lautta Tanskasta)<\/h3>\n\n\n\n<ul class=\"wp-block-list\">\n<li><strong>Juna<\/strong>: G\u00f6teborgin kautta Osloon, sielt\u00e4 edelleen Trysiliin bussilla tai juna-bussi-yhdistelm\u00e4ll\u00e4.<\/li>\n\n\n\n<li><strong>Bussi<\/strong>: Oslon kautta kulkeva kaukoliikenteen bussi.<\/li>\n\n\n\n<li><strong>Auto<\/strong>: 7-7,5 tuntia. <\/li>\n<\/ul>\n\n\n\n<h3 class=\"wp-block-heading\"><strong>Kielist\u00e4 <\/strong>(lautta Saksasta)<\/h3>\n\n\n\n<p class=\"wp-block-paragraph\"><strong>Juna<\/strong>: K\u00f6\u00f6penhaminaan tai G\u00f6teborgiin, edelleen Osloon, sitten Hamariin ja bussilla Trysiliin.<\/p>\n\n\n\n<p class=\"wp-block-paragraph\"><strong>Bussi<\/strong>: Trysilekspressen: Kaukoliikennelinjat Tanskan ja Ruotsin kautta Osloon, sitten Trysilekspressen.<\/p>\n\n\n\n<p class=\"wp-block-paragraph\"><strong>Autolla<\/strong>: Svinesundin kautta Norjaan. <\/p>\n<\/div>\n<\/div>\n<\/div>\n<\/div>\n<\/div>\n\n<div class=\"wp-block-group alignwide is-layout-flow wp-block-group-is-layout-flow\" style=\"border-bottom-width:1px;padding-top:40px;padding-bottom:40px\">\n<p class=\"is-service-description wp-block-paragraph\"><mark style=\"background-color:rgba(0, 0, 0, 0);color:#000000\" class=\"has-inline-color\">\ud83d\ude99 BNO Travel - matkakumppanisi Trysiliin<\/mark><\/p>\n\n\n\n<p class=\"wp-block-paragraph\">Matkustitpa miten tahansa, me teemme matkastasi helpompaa:<\/p>\n\n\n\n<ul class=\"wp-block-list\">\n<li><strong>Autonvuokraus useissa kohteissa<\/strong><\/li>\n\n\n\n<li><strong>Linja-auto- ja kuljetusvaraukset<\/strong><\/li>\n\n\n\n<li><strong>Neuvonta ja matkasuunnittelu<\/strong><\/li>\n<\/ul>\n\n\n\n<p class=\"wp-block-paragraph\">Ota meihin yhteytt\u00e4 ja kysy apua Trysil-matkasi suhteen!<\/p>\n<\/div>\n\n<p class=\"wp-block-paragraph\"><\/p>\n","protected":false},"excerpt":{"rendered":"<p>Miten p\u00e4\u00e4st\u00e4 Trysiliin - lent\u00e4en, autonvuokrauksella, bussilla, junalla tai omalla autolla? \u2708\ufe0f Lent\u00e4en Oslon Gardermoenin lentokent\u00e4lle (OSL) Oslon lentoasema on Trysil-matkustajien yleisin maahantulopaikka. Sinne on suoria lentoja useista Euroopan suurista kaupungeista. Jatka Gardermoenista Trysiliin: Bussi: Trysilekspressen kulkee talvikaudella useita p\u00e4ivitt\u00e4isi\u00e4 vuoroja. Matka-aika noin 3,5 tuntia. Autonvuokraus: Ajoaika Trysiliin noin 2 tuntia. \u2708\ufe0f Lent\u00e4en kohteeseen Skandinavian [&hellip;]<\/p>\n","protected":false},"author":260013438,"featured_media":0,"parent":0,"menu_order":0,"comment_status":"closed","ping_status":"closed","template":"","meta":{"_crdt_document":"","footnotes":""},"class_list":["post-1891","page","type-page","status-publish","hentry"],"jetpack_likes_enabled":true,"jetpack_sharing_enabled":true,"jetpack_shortlink":"https:\/\/wp.me\/PgDuwj-uv","jetpack-related-posts":[],"_links":{"self":[{"href":"https:\/\/bno-travel.com\/fi\/wp-json\/wp\/v2\/pages\/1891","targetHints":{"allow":["GET"]}}],"collection":[{"href":"https:\/\/bno-travel.com\/fi\/wp-json\/wp\/v2\/pages"}],"about":[{"href":"https:\/\/bno-travel.com\/fi\/wp-json\/wp\/v2\/types\/page"}],"author":[{"embeddable":true,"href":"https:\/\/bno-travel.com\/fi\/wp-json\/wp\/v2\/users\/260013438"}],"replies":[{"embeddable":true,"href":"https:\/\/bno-travel.com\/fi\/wp-json\/wp\/v2\/comments?post=1891"}],"version-history":[{"count":1,"href":"https:\/\/bno-travel.com\/fi\/wp-json\/wp\/v2\/pages\/1891\/revisions"}],"predecessor-version":[{"id":1892,"href":"https:\/\/bno-travel.com\/fi\/wp-json\/wp\/v2\/pages\/1891\/revisions\/1892"}],"wp:attachment":[{"href":"https:\/\/bno-travel.com\/fi\/wp-json\/wp\/v2\/media?parent=1891"}],"curies":[{"name":"wp","href":"https:\/\/api.w.org\/{rel}","templated":true}]}}