{"id":2720,"date":"2025-07-11T13:50:20","date_gmt":"2025-07-11T11:50:20","guid":{"rendered":"https:\/\/bno-travel.com\/?page_id=2720"},"modified":"2025-07-11T13:50:59","modified_gmt":"2025-07-11T11:50:59","slug":"ota-yhteytta","status":"publish","type":"page","link":"https:\/\/bno-travel.com\/fi\/ota-yhteytta\/","title":{"rendered":"Ota yhteytt\u00e4"},"content":{"rendered":"\n<div class=\"wp-block-group alignfull is-layout-constrained wp-container-core-group-is-layout-082b0574 wp-block-group-is-layout-constrained\" style=\"padding-top:var(--wp--preset--spacing--50);padding-bottom:var(--wp--preset--spacing--40)\">\n<div class=\"wp-block-columns alignwide is-layout-flex wp-container-core-columns-is-layout-632e7d69 wp-block-columns-is-layout-flex\">\n<div class=\"wp-block-column is-layout-flow wp-container-core-column-is-layout-5185c3d0 wp-block-column-is-layout-flow\" style=\"flex-basis:50%\">\n<h2 class=\"wp-block-heading\"><\/h2>\n\n\n\n<figure class=\"wp-block-image size-full is-resized\"><img data-recalc-dims=\"1\" fetchpriority=\"high\" decoding=\"async\" width=\"732\" height=\"924\" src=\"https:\/\/i0.wp.com\/bno-travel.com\/wp-content\/uploads\/2025\/06\/AdobeStock_182554441-e1750784403298.jpeg?resize=732%2C924&#038;ssl=1\" alt=\"\" class=\"wp-image-887\" style=\"aspect-ratio:1;object-fit:cover;width:501px;height:auto\" srcset=\"https:\/\/i0.wp.com\/bno-travel.com\/wp-content\/uploads\/2025\/06\/AdobeStock_182554441-e1750784403298.jpeg?w=732&amp;ssl=1 732w, https:\/\/i0.wp.com\/bno-travel.com\/wp-content\/uploads\/2025\/06\/AdobeStock_182554441-e1750784403298.jpeg?resize=238%2C300&amp;ssl=1 238w\" sizes=\"(max-width: 732px) 100vw, 732px\" \/><\/figure>\n<\/div>\n\n\n\n<div class=\"wp-block-column is-layout-flow wp-container-core-column-is-layout-23912308 wp-block-column-is-layout-flow\" style=\"flex-basis:50%\">\n<p class=\"wp-block-paragraph\">Onko sinulla kysytt\u00e4v\u00e4\u00e4 matkustamisesta, varauksista tai palveluistamme? Autamme mielell\u00e4mme! <\/p>\n\n\n\n<p class=\"wp-block-paragraph\"><br\/>T\u00e4yt\u00e4 yhteydenottolomake, l\u00e4het\u00e4 meille s\u00e4hk\u00f6postia tai soita meille, niin otamme sinuun yhteytt\u00e4 mahdollisimman pian.<\/p>\n\n\n<\/div>\n<\/div>\n\n\n\n<div class=\"wp-block-group alignfull has-background-color has-foreground-background-color has-text-color has-background has-link-color wp-elements-7895045338c6009c4bcd780a20e9221e is-layout-flow wp-block-group-is-layout-flow\" style=\"padding-top:0;padding-right:var(--wp--preset--spacing--40);padding-bottom:0;padding-left:var(--wp--preset--spacing--40)\">\n<div class=\"wp-block-jetpack-map is-style-default\" data-map-id=\"jp-map-1\" data-map-provider=\"mapkit\" data-api-key=\"pk.eyJ1IjoiYXV0b21hdHRpYyIsImEiOiJjazVpZjA5aWswYTFvM21sOWtzNW1rNG9lIn0.Gu-sp4wRxnnQB-Qa8CpuZQ\" data-map-style=\"default\" data-blog-id=\"245833491\"><ul><li><a href=\"https:\/\/www.google.com\/maps\/search\/?api=1&amp;query=61.300231,12.2643206\" target=\"_blank\" rel=\"noopener\">Vestmovegen 7, 2420 Trysil, Norja<\/a><\/li><\/ul><\/div>\n<\/div>\n<\/div>\n","protected":false},"excerpt":{"rendered":"<p>Onko sinulla kysytt\u00e4v\u00e4\u00e4 matkustamisesta, varauksista tai palveluistamme? Autamme mielell\u00e4mme! T\u00e4yt\u00e4 yhteydenottolomake, l\u00e4het\u00e4 meille s\u00e4hk\u00f6postia tai soita meille, niin otamme sinuun yhteytt\u00e4 mahdollisimman pian.<\/p>\n","protected":false},"author":260013438,"featured_media":0,"parent":0,"menu_order":0,"comment_status":"closed","ping_status":"closed","template":"","meta":{"_crdt_document":"","footnotes":""},"class_list":["post-2720","page","type-page","status-publish","hentry"],"jetpack_likes_enabled":true,"jetpack_sharing_enabled":true,"jetpack_shortlink":"https:\/\/wp.me\/PgDuwj-HS","jetpack-related-posts":[{"id":11502,"url":"https:\/\/bno-travel.com\/fi\/haluatko-tietaa-lisaa-vuokrauksesta\/","url_meta":{"origin":2720,"position":0},"title":"Haluatko tiet\u00e4\u00e4 lis\u00e4\u00e4 vuokrauksesta?","author":"Jan Terje \u00c5s","date":"29.9.2025","format":false,"excerpt":"Ota yhteytt\u00e4 jo t\u00e4n\u00e4\u00e4n!","rel":"","context":"Samankaltainen artikkeli","block_context":{"text":"Samankaltainen artikkeli","link":""},"img":{"alt_text":"","src":"","width":0,"height":0},"classes":[]},{"id":4557,"url":"https:\/\/bno-travel.com\/fi\/tietosuojakaytanto\/","url_meta":{"origin":2720,"position":1},"title":"Tietosuojak\u00e4yt\u00e4nt\u00f6","author":"Jan Terje \u00c5s","date":"11.7.2025","format":false,"excerpt":"Tietosuojak\u00e4yt\u00e4nt\u00f6 Tietosuojak\u00e4yt\u00e4nt\u00f6 T\u00e4m\u00e4 tietosuojak\u00e4yt\u00e4nt\u00f6 koskee sit\u00e4, miten BNO TRAVEL ker\u00e4\u00e4 ja k\u00e4ytt\u00e4\u00e4 sinua koskevia henkil\u00f6tietoja. K\u00e4yt\u00e4mme ev\u00e4steit\u00e4 bno-travel.com-sivustolla. K\u00e4ytt\u00e4m\u00e4ll\u00e4 verkkosivustoamme ev\u00e4steiden ollessa p\u00e4\u00e4ll\u00e4 selaimessasi (mik\u00e4 on oletusasetus) hyv\u00e4ksyt, ett\u00e4 tallennamme ev\u00e4steit\u00e4 palvelujemme tarjoamiseksi. Voit halutessasi helposti kytke\u00e4 ev\u00e4steet pois p\u00e4\u00e4lt\u00e4 selaimessasi. K\u00e4yt\u00e4mme seuraavia ev\u00e4steit\u00e4: Google Analytics Kun vierailet verkkosivustollamme, tallennamme\u2026","rel":"","context":"Samankaltainen artikkeli","block_context":{"text":"Samankaltainen artikkeli","link":""},"img":{"alt_text":"","src":"","width":0,"height":0},"classes":[]},{"id":34758,"url":"https:\/\/bno-travel.com\/fi\/julkiset-ehdot\/","url_meta":{"origin":2720,"position":2},"title":"Julkiset ehdot","author":"Jan Terje \u00c5s","date":"13.4.2026","format":false,"excerpt":"Kumppanin ehdot ja edellytykset Ammattimaisten majoituskumppaneiden julkiset ehdot ja yhteisty\u00f6periaatteet T\u00e4ll\u00e4 sivulla kuvataan BNO Travelin ja ammattimaisten majoitusliikkeiden v\u00e4lisen yhteisty\u00f6n yleiset periaatteet. Kaupallisesta mallista, yksitt\u00e4isist\u00e4 ehdoista ja kumppanikohtaisista j\u00e4rjestelyist\u00e4 sovitaan erikseen erillisess\u00e4 yhteisty\u00f6sopimuksessa. Lue ehdot ja edellytykset Ota yhteytt\u00e4 Mews-kumppaneille Selke\u00e4t puitteet yhteisty\u00f6lle, liitett\u00e4vyydelle ja jakelulle. T\u00e4m\u00e4 sivu on tarkoitettu\u2026","rel":"","context":"Samankaltainen artikkeli","block_context":{"text":"Samankaltainen artikkeli","link":""},"img":{"alt_text":"","src":"","width":0,"height":0},"classes":[]},{"id":11560,"url":"https:\/\/bno-travel.com\/fi\/isannointi-bno-travel\/","url_meta":{"origin":2720,"position":3},"title":"Is\u00e4nn\u00f6inti - BNO Travel","author":"Jan Terje \u00c5s","date":"29.9.2025","format":false,"excerpt":"Is\u00e4nt\u00e4n\u00e4 BNO Travel: BNO Travel huolehtii n\u00e4kyvyydest\u00e4, varausten tekemisest\u00e4 ja vieraiden hallinnasta, kun taas sin\u00e4 pysyt hallinnassa. BNO Travelin k\u00e4yt\u00f6n edut Alhainen provisio - vain 3 % BNO Travelille (Ota yhteytt\u00e4, niin n\u00e4yt\u00e4mme sinulle laskutoimitukset). Viikoittaiset maksut suoraan tilillesi. T\u00e4ysi m\u00e4\u00e4r\u00e4ysvalta omassa laitteessasi - sin\u00e4 p\u00e4\u00e4t\u00e4t hinnoista, saatavuudesta ja s\u00e4\u00e4nn\u00f6ist\u00e4.\u2026","rel":"","context":"Samankaltainen artikkeli","block_context":{"text":"Samankaltainen artikkeli","link":""},"img":{"alt_text":"Utleie av hytter i Trysil & S\u00e4len","src":"https:\/\/i0.wp.com\/bno-travel.com\/wp-content\/uploads\/2025\/09\/10001-Fagerasen1120_3616.jpg?resize=350%2C200&ssl=1","width":350,"height":200,"srcset":"https:\/\/i0.wp.com\/bno-travel.com\/wp-content\/uploads\/2025\/09\/10001-Fagerasen1120_3616.jpg?resize=350%2C200&ssl=1 1x, https:\/\/i0.wp.com\/bno-travel.com\/wp-content\/uploads\/2025\/09\/10001-Fagerasen1120_3616.jpg?resize=525%2C300&ssl=1 1.5x, https:\/\/i0.wp.com\/bno-travel.com\/wp-content\/uploads\/2025\/09\/10001-Fagerasen1120_3616.jpg?resize=700%2C400&ssl=1 2x, https:\/\/i0.wp.com\/bno-travel.com\/wp-content\/uploads\/2025\/09\/10001-Fagerasen1120_3616.jpg?resize=1050%2C600&ssl=1 3x, https:\/\/i0.wp.com\/bno-travel.com\/wp-content\/uploads\/2025\/09\/10001-Fagerasen1120_3616.jpg?resize=1400%2C800&ssl=1 4x"},"classes":[]},{"id":2806,"url":"https:\/\/bno-travel.com\/fi\/matkustaminen-tanne-salenfjelletiin\/","url_meta":{"origin":2720,"position":4},"title":"Matkustaminen t\u00e4nne S\u00e4lenfjelletiin","author":"Jan Terje \u00c5s","date":"11.7.2025","format":false,"excerpt":". Miten p\u00e4\u00e4st\u00e4 S\u00e4lenfjelletiin - lent\u00e4en, vuokra-autolla, bussilla, junalla tai omalla autolla? \u2708\ufe0f Lent\u00e4en Oslon lentoasemalle Gardermoen (OSL) Oslon lentoasema on yksi yleisimmist\u00e4 S\u00e4leniin saapuvien matkustajien saapumispaikoista. Sinne on suoria lentoja useista Euroopan suurista kaupungeista. Jatka Gardermoenista S\u00e4leniin: Bussilla: S\u00e4leniin on talvikaudella bussiyhteyksi\u00e4 Oslon alueelta. Matka-ajat vaihtelevat reitist\u00e4 ja yhteyksist\u00e4\u2026","rel":"","context":"Samankaltainen artikkeli","block_context":{"text":"Samankaltainen artikkeli","link":""},"img":{"alt_text":"overnatting i salen","src":"https:\/\/i0.wp.com\/bno-travel.com\/wp-content\/uploads\/2025\/06\/AdobeStock_121113275-e1751307052527.jpeg?resize=350%2C200&ssl=1","width":350,"height":200,"srcset":"https:\/\/i0.wp.com\/bno-travel.com\/wp-content\/uploads\/2025\/06\/AdobeStock_121113275-e1751307052527.jpeg?resize=350%2C200&ssl=1 1x, https:\/\/i0.wp.com\/bno-travel.com\/wp-content\/uploads\/2025\/06\/AdobeStock_121113275-e1751307052527.jpeg?resize=525%2C300&ssl=1 1.5x, https:\/\/i0.wp.com\/bno-travel.com\/wp-content\/uploads\/2025\/06\/AdobeStock_121113275-e1751307052527.jpeg?resize=700%2C400&ssl=1 2x, https:\/\/i0.wp.com\/bno-travel.com\/wp-content\/uploads\/2025\/06\/AdobeStock_121113275-e1751307052527.jpeg?resize=1050%2C600&ssl=1 3x, https:\/\/i0.wp.com\/bno-travel.com\/wp-content\/uploads\/2025\/06\/AdobeStock_121113275-e1751307052527.jpeg?resize=1400%2C800&ssl=1 4x"},"classes":[]},{"id":34795,"url":"https:\/\/bno-travel.com\/fi\/bno-kumppani\/","url_meta":{"origin":2720,"position":5},"title":"BNO-kumppani","author":"Jan Terje \u00c5s","date":"13.4.2026","format":false,"excerpt":"Yhteisty\u00f6kumppani BNO Travelin kanssa Jakelu- ja varauskumppani ammattimaisille majoitusliikkeille, jotka k\u00e4ytt\u00e4v\u00e4t Mewsia. BNO Travel on suunniteltu hotelleille, huoneistohotelleille, lomakohteille, m\u00f6kkioperaattoreille, matkakohteiden hallinnointiyrityksille ja muille ammattilaisille, jotka haluavat kohdennetumman ja joustavamman reitin digitaaliseen jakeluun. Kun Mews on osa ty\u00f6nkulkua, on helpompi visualisoida kapasiteettia, vahvistaa l\u00e4sn\u00e4oloa ja luoda saumattomampi varauskokemus sek\u00e4 kumppaneille\u2026","rel":"","context":"Samankaltainen artikkeli","block_context":{"text":"Samankaltainen artikkeli","link":""},"img":{"alt_text":"","src":"","width":0,"height":0},"classes":[]}],"_links":{"self":[{"href":"https:\/\/bno-travel.com\/fi\/wp-json\/wp\/v2\/pages\/2720","targetHints":{"allow":["GET"]}}],"collection":[{"href":"https:\/\/bno-travel.com\/fi\/wp-json\/wp\/v2\/pages"}],"about":[{"href":"https:\/\/bno-travel.com\/fi\/wp-json\/wp\/v2\/types\/page"}],"author":[{"embeddable":true,"href":"https:\/\/bno-travel.com\/fi\/wp-json\/wp\/v2\/users\/260013438"}],"replies":[{"embeddable":true,"href":"https:\/\/bno-travel.com\/fi\/wp-json\/wp\/v2\/comments?post=2720"}],"version-history":[{"count":4,"href":"https:\/\/bno-travel.com\/fi\/wp-json\/wp\/v2\/pages\/2720\/revisions"}],"predecessor-version":[{"id":4970,"href":"https:\/\/bno-travel.com\/fi\/wp-json\/wp\/v2\/pages\/2720\/revisions\/4970"}],"wp:attachment":[{"href":"https:\/\/bno-travel.com\/fi\/wp-json\/wp\/v2\/media?parent=2720"}],"curies":[{"name":"wp","href":"https:\/\/api.w.org\/{rel}","templated":true}]}}