{"id":2806,"date":"2025-07-11T13:54:41","date_gmt":"2025-07-11T11:54:41","guid":{"rendered":"https:\/\/bno-travel.com\/?page_id=2806"},"modified":"2026-04-03T12:39:07","modified_gmt":"2026-04-03T10:39:07","slug":"matkustaminen-tanne-salenfjelletiin","status":"publish","type":"page","link":"https:\/\/bno-travel.com\/fi\/matkustaminen-tanne-salenfjelletiin\/","title":{"rendered":"Matkustaminen t\u00e4nne S\u00e4lenfjelletiin"},"content":{"rendered":"\n<div class=\"wp-block-group alignfull is-content-justification-center is-layout-constrained wp-block-group-is-layout-constrained\" style=\"margin-top:0;margin-bottom:0;padding-top:var(--wp--preset--spacing--40);padding-bottom:var(--wp--preset--spacing--40)\">\n<figure class=\"wp-block-image alignwide size-full aspect-16\/9\"><img data-recalc-dims=\"1\" fetchpriority=\"high\" decoding=\"async\" width=\"800\" height=\"528\" src=\"https:\/\/i0.wp.com\/bno-travel.com\/wp-content\/uploads\/2025\/06\/AdobeStock_121113275-e1751307052527.jpeg?resize=800%2C528&#038;ssl=1\" alt=\"\" class=\"wp-image-2549\" srcset=\"https:\/\/i0.wp.com\/bno-travel.com\/wp-content\/uploads\/2025\/06\/AdobeStock_121113275-e1751307052527.jpeg?w=2545&amp;ssl=1 2545w, https:\/\/i0.wp.com\/bno-travel.com\/wp-content\/uploads\/2025\/06\/AdobeStock_121113275-e1751307052527.jpeg?resize=300%2C198&amp;ssl=1 300w, https:\/\/i0.wp.com\/bno-travel.com\/wp-content\/uploads\/2025\/06\/AdobeStock_121113275-e1751307052527.jpeg?resize=1024%2C676&amp;ssl=1 1024w, https:\/\/i0.wp.com\/bno-travel.com\/wp-content\/uploads\/2025\/06\/AdobeStock_121113275-e1751307052527.jpeg?resize=768%2C507&amp;ssl=1 768w, https:\/\/i0.wp.com\/bno-travel.com\/wp-content\/uploads\/2025\/06\/AdobeStock_121113275-e1751307052527.jpeg?resize=1536%2C1014&amp;ssl=1 1536w, https:\/\/i0.wp.com\/bno-travel.com\/wp-content\/uploads\/2025\/06\/AdobeStock_121113275-e1751307052527.jpeg?resize=2048%2C1352&amp;ssl=1 2048w, https:\/\/i0.wp.com\/bno-travel.com\/wp-content\/uploads\/2025\/06\/AdobeStock_121113275-e1751307052527.jpeg?w=1600&amp;ssl=1 1600w, https:\/\/i0.wp.com\/bno-travel.com\/wp-content\/uploads\/2025\/06\/AdobeStock_121113275-e1751307052527.jpeg?w=2400&amp;ssl=1 2400w\" sizes=\"(max-width: 800px) 100vw, 800px\" \/><figcaption class=\"wp-element-caption\">.<\/figcaption><\/figure>\n<\/div>\n\n<div class=\"wp-block-group alignfull is-style-section-3 is-content-justification-center is-layout-constrained wp-container-core-group-is-layout-b54e18b3 wp-block-group-is-layout-constrained\" style=\"margin-top:0;margin-bottom:0;padding-top:var(--wp--preset--spacing--50);padding-bottom:var(--wp--preset--spacing--50)\">\n<h2 class=\"wp-block-heading has-text-align-left alignwide\">Miten p\u00e4\u00e4st\u00e4 S\u00e4lenfjelletiin - lent\u00e4en, vuokra-autolla, bussilla, junalla tai omalla autolla?<\/h2>\n\n\n\n<p class=\"wp-block-paragraph\"><\/p>\n\n\n\n<div class=\"wp-block-group alignwide is-layout-flow wp-container-core-group-is-layout-a7dce961 wp-block-group-is-layout-flow\">\n<div class=\"wp-block-columns alignwide is-layout-flex wp-container-core-columns-is-layout-cb1de518 wp-block-columns-is-layout-flex\">\n<div class=\"wp-block-column is-layout-flow wp-block-column-is-layout-flow\" style=\"padding-top:24px;padding-bottom:24px\">\n<h3 class=\"wp-block-heading has-text-align-left alignwide is-service-name\">\u2708\ufe0f Lent\u00e4en Oslon lentoasemalle Gardermoen (OSL)<\/h3>\n<\/div>\n\n\n\n<div class=\"wp-block-column is-layout-flow wp-block-column-is-layout-flow\">\n<div class=\"wp-block-group alignwide is-layout-flow wp-block-group-is-layout-flow\" style=\"border-bottom-width:1px;padding-top:40px;padding-bottom:40px\">\n<p class=\"is-service-description wp-block-paragraph\"><\/p>\n\n\n\n<p class=\"wp-block-paragraph\">Oslon lentoasema on yksi yleisimmist\u00e4 S\u00e4leniin saapuvien matkustajien saapumispaikoista. Sinne on suoria lentoja useista Euroopan suurista kaupungeista. <\/p>\n\n\n\n<p class=\"wp-block-paragraph\"><strong>Jatka Gardermoenista S\u00e4leniin:<\/strong><\/p>\n\n\n\n<p class=\"is-service-description wp-block-paragraph\"><strong>Bussilla:<\/strong> S\u00e4leniin on talvikaudella bussiyhteyksi\u00e4 Oslon alueelta. Matka-ajat vaihtelevat reitist\u00e4 ja yhteyksist\u00e4 riippuen. <\/p>\n\n\n\n<p class=\"wp-block-paragraph\"><strong>Autonvuokraus:<\/strong> Autonvuokraus on joustava vaihtoehto matkallesi S\u00e4leniin. Ajoaika Gardermoenista on noin 3,5-4 tuntia, riippuen siit\u00e4, mihin p\u00e4in S\u00e4lenin aluetta haluat matkustaa.  <\/p>\n<\/div>\n<\/div>\n<\/div>\n\n\n\n<div class=\"wp-block-columns alignwide is-layout-flex wp-container-core-columns-is-layout-cb1de518 wp-block-columns-is-layout-flex\">\n<div class=\"wp-block-column is-layout-flow wp-block-column-is-layout-flow\" style=\"padding-top:24px;padding-bottom:24px\">\n<h3 class=\"wp-block-heading has-text-align-left alignwide is-service-name\">\u2708\ufe0f Lent\u00e4en kohteeseen Skandinavian Mountains Airport (SCR)<\/h3>\n<\/div>\n\n\n\n<div class=\"wp-block-column is-layout-flow wp-block-column-is-layout-flow\">\n<div class=\"wp-block-group alignwide is-layout-flow wp-block-group-is-layout-flow\" style=\"border-bottom-width:1px;padding-top:40px;padding-bottom:40px\">\n<p class=\"is-service-description wp-block-paragraph\">Skandinavian Mountains Airport on S\u00e4lenin l\u00e4hin lentokentt\u00e4, ja se on vain 10-15 minuutin p\u00e4\u00e4ss\u00e4 useimmista alueen lomakeskuksista. Lentoasemalle on kausilentoja useista Euroopan kaupungeista.  <\/p>\n\n\n\n<p class=\"wp-block-paragraph\"><strong>Jatka SCR:st\u00e4 S\u00e4leniin:<\/strong><\/p>\n\n\n\n<p class=\"is-service-description wp-block-paragraph\"><strong>Bussikuljetus:<\/strong> S\u00e4lenin alueen majoituspaikkoihin ja hiihtokeskuksiin on talvikaudella k\u00e4ytett\u00e4viss\u00e4 bussikuljetus.<\/p>\n\n\n\n<p class=\"wp-block-paragraph\"><strong>Autonvuokraus:<\/strong> Autovuokraamo: Autonvuokraus on saatavilla niille, jotka haluavat matkustaa vapaasti alueella.<\/p>\n<\/div>\n<\/div>\n<\/div>\n\n\n\n<div class=\"wp-block-columns alignwide is-layout-flex wp-container-core-columns-is-layout-cb1de518 wp-block-columns-is-layout-flex\">\n<div class=\"wp-block-column is-layout-flow wp-block-column-is-layout-flow\" style=\"padding-top:24px;padding-bottom:24px\">\n<h3 class=\"wp-block-heading has-text-align-left alignwide is-service-name\">\ud83d\ude86\ud83d\ude8d Matkustaminen kaupungista toiseen - junalla, bussilla tai autolla<\/h3>\n<\/div>\n\n\n\n<div class=\"wp-block-column is-layout-flow wp-block-column-is-layout-flow\">\n<div class=\"wp-block-group alignwide is-layout-flow wp-block-group-is-layout-flow\" style=\"border-bottom-width:1px;padding-top:40px;padding-bottom:40px\">\n<p class=\"wp-block-paragraph\"><\/p>\n\n\n\n<h3 class=\"wp-block-heading\"><strong>Tukholmasta<\/strong><\/h3>\n\n\n\n<p class=\"is-service-description wp-block-paragraph\"><strong>Autolla:<\/strong> S\u00e4lenin alueesta riippuen noin 5-6 tuntia. <\/p>\n\n\n\n<p class=\"wp-block-paragraph\"><strong>Juna ja bussi:<\/strong> Mora tai Borl\u00e4nge, sitten bussilla S\u00e4leniin: Ota juna Moraan tai Borl\u00e4ngeen ja sielt\u00e4 bussi S\u00e4leniin. Kokonaismatka-aika vaihtelee yhteyksien mukaan. <\/p>\n\n\n\n<p class=\"wp-block-paragraph\"><strong>Bussi:<\/strong> S\u00e4leniin on bussiyhteyksi\u00e4 Tukholmasta, erityisesti talvikaudella.<\/p>\n\n\n\n<h3 class=\"wp-block-heading\"><strong>G\u00f6teborgista<\/strong><\/h3>\n\n\n\n<ul class=\"wp-block-list\">\n<li><strong>Juna:<\/strong> Borl\u00e4nge tai Mora, sitten bussi S\u00e4leniin.<\/li>\n\n\n\n<li><strong>Bussi:<\/strong> Matkusta bussilla Tukholman tai muiden solmukohtien kautta sesongin ja aikataulun mukaan.<\/li>\n\n\n\n<li><strong>Auto:<\/strong> Noin 6-7 tuntia. <\/li>\n<\/ul>\n\n\n\n<h3 class=\"wp-block-heading\"><strong>Helsingist\u00e4<\/strong><\/h3>\n\n\n\n<ul class=\"wp-block-list\">\n<li><strong>Juna ja lautta:<\/strong> Ota lautta Tukholmaan ja matkusta sielt\u00e4 junalla, bussilla tai autolla S\u00e4leniin.<\/li>\n\n\n\n<li><strong>Bussi:<\/strong> Ruotsin kautta kulkeva kaukoliikenteen bussi on mahdollista yhdist\u00e4\u00e4 lauttaan ja kaukoliikenteen bussiin sesongista riippuen.<\/li>\n\n\n\n<li><strong>Autolla:<\/strong> Reitist\u00e4 ja lauttayhteydest\u00e4 riippuen noin 11-13 tuntia. <\/li>\n<\/ul>\n\n\n\n<h3 class=\"wp-block-heading\"><strong>K\u00f8enhavnista<\/strong><\/h3>\n\n\n\n<div class=\"wp-block-group is-nowrap is-layout-flex wp-container-core-group-is-layout-7387b849 wp-block-group-is-layout-flex\">\n<ul class=\"wp-block-list\">\n<li><strong>Juna:<\/strong> Borl\u00e4nge tai Mora, sitten bussi S\u00e4leniin.<\/li>\n\n\n\n<li><strong>Bussi:<\/strong> S\u00e4leniin jatkoyhteys.<\/li>\n\n\n\n<li><strong>Autolla:<\/strong> Juutinrauman sillan kautta ja pohjoisempana Ruotsissa noin 8-10 tuntia. <\/li>\n<\/ul>\n\n\n\n<p class=\"wp-block-paragraph\">.<\/p>\n<\/div>\n\n\n\n<h3 class=\"wp-block-heading\"><strong>Fredrikshavnista<\/strong> (lautta Tanskasta)<\/h3>\n\n\n\n<ul class=\"wp-block-list\">\n<li><strong>Juna:<\/strong> G\u00f6teborgin kautta ja edelleen Ruotsin l\u00e4pi kohti Moraa tai Borl\u00e4ngett\u00e4, sitten bussilla S\u00e4leniin: Juna Frederikshavnista G\u00f6teborgin kautta ja edelleen Ruotsin l\u00e4pi kohti Moraa tai Borl\u00e4ngett\u00e4, sitten bussilla S\u00e4leniin.<\/li>\n\n\n\n<li><strong>Bussi:<\/strong> S\u00e4leniin suuntautuville alueellisille reiteille.<\/li>\n\n\n\n<li><strong>Autolla:<\/strong> Reittivalinnasta riippuen noin 7-8 tuntia. <\/li>\n<\/ul>\n\n\n\n<h3 class=\"wp-block-heading\"><strong>Kielist\u00e4 <\/strong>(lautta Saksasta)<\/h3>\n\n\n\n<ul class=\"wp-block-list\">\n<li><strong>Junat:<\/strong> Juna Tanskan ja Ruotsin kautta, jatkoyhteys Moraan tai Borl\u00e4ngeen ja bussi S\u00e4leniin.<\/li>\n\n\n\n<li><strong>Bussi:<\/strong> Kaukoliikenteen reitit Tanskan ja Ruotsin kautta, jatkoyhteydet S\u00e4leniin.<\/li>\n\n\n\n<li><strong>Autolla:<\/strong> Reitist\u00e4 ja lautan valinnasta riippuen noin 11-13 tuntia. <\/li>\n<\/ul>\n\n\n\n<p class=\"wp-block-paragraph\"><\/p>\n<\/div>\n<\/div>\n<\/div>\n<\/div>\n<\/div>\n\n<div class=\"wp-block-group alignwide is-layout-flow wp-block-group-is-layout-flow\" style=\"border-bottom-width:1px;padding-top:40px;padding-bottom:40px\">\n<p class=\"is-service-description wp-block-paragraph\"><mark style=\"background-color:rgba(0, 0, 0, 0);color:#000000\" class=\"has-inline-color\">\ud83d\ude99 BNO Travel - matkakumppanisi S\u00e4leniss\u00e4<\/mark><\/p>\n\n\n\n<p class=\"wp-block-paragraph\">Matkustitpa miten tahansa, me teemme matkastasi helpompaa:<\/p>\n\n\n\n<ul class=\"wp-block-list\">\n<li><strong>Autonvuokraus useissa kohteissa<\/strong><\/li>\n\n\n\n<li><strong>Linja-auto- ja kuljetusvaraukset<\/strong><\/li>\n\n\n\n<li><strong>Neuvonta ja matkasuunnittelu<\/strong><\/li>\n<\/ul>\n\n\n\n<p class=\"wp-block-paragraph\">Ota meihin yhteytt\u00e4 ja kysy apua S\u00e4lenin matkan suhteen!<\/p>\n<\/div>\n\n<p class=\"wp-block-paragraph\"><\/p>\n","protected":false},"excerpt":{"rendered":"<p>Miten p\u00e4\u00e4st\u00e4 S\u00e4lenfjelletiin - lent\u00e4en, vuokra-autolla, bussilla, junalla tai omalla autolla? \u2708\ufe0f Lent\u00e4en Oslon lentoasemalle Gardermoen (OSL) Oslon lentoasema on yksi yleisimmist\u00e4 S\u00e4leniin saapuvien matkustajien saapumispaikoista. Sinne on suoria lentoja useista Euroopan suurista kaupungeista. Jatka Gardermoenista S\u00e4leniin: Bussilla: S\u00e4leniin on talvikaudella bussiyhteyksi\u00e4 Oslon alueelta. Matka-ajat vaihtelevat reitist\u00e4 ja yhteyksist\u00e4 riippuen. Autonvuokraus: Autonvuokraus on joustava vaihtoehto [&hellip;]<\/p>\n","protected":false},"author":260013438,"featured_media":0,"parent":0,"menu_order":0,"comment_status":"closed","ping_status":"closed","template":"","meta":{"_crdt_document":"","footnotes":""},"class_list":["post-2806","page","type-page","status-publish","hentry"],"jetpack_likes_enabled":true,"jetpack_sharing_enabled":true,"jetpack_shortlink":"https:\/\/wp.me\/PgDuwj-Jg","jetpack-related-posts":[{"id":1891,"url":"https:\/\/bno-travel.com\/fi\/matkustaminen-tanne-trysiliin\/","url_meta":{"origin":2806,"position":0},"title":"Matkustaminen t\u00e4nne Trysiliin","author":"Jan Terje \u00c5s","date":"11.7.2025","format":false,"excerpt":"Miten p\u00e4\u00e4st\u00e4 Trysiliin - lent\u00e4en, autonvuokrauksella, bussilla, junalla tai omalla autolla? \u2708\ufe0f Lent\u00e4en Oslon Gardermoenin lentokent\u00e4lle (OSL) Oslon lentoasema on Trysil-matkustajien yleisin maahantulopaikka. Sinne on suoria lentoja useista Euroopan suurista kaupungeista. Jatka Gardermoenista Trysiliin: Bussi: Trysilekspressen kulkee talvikaudella useita p\u00e4ivitt\u00e4isi\u00e4 vuoroja. Matka-aika noin 3,5 tuntia. Autonvuokraus: Ajoaika Trysiliin noin 2\u2026","rel":"","context":"Samankaltainen artikkeli","block_context":{"text":"Samankaltainen artikkeli","link":""},"img":{"alt_text":"Trysil Ski resort, skiferie i Trysil,","src":"https:\/\/i0.wp.com\/bno-travel.com\/wp-content\/uploads\/2025\/06\/10001-20191216-Drone0784-scaled-1.jpg?resize=350%2C200&ssl=1","width":350,"height":200,"srcset":"https:\/\/i0.wp.com\/bno-travel.com\/wp-content\/uploads\/2025\/06\/10001-20191216-Drone0784-scaled-1.jpg?resize=350%2C200&ssl=1 1x, https:\/\/i0.wp.com\/bno-travel.com\/wp-content\/uploads\/2025\/06\/10001-20191216-Drone0784-scaled-1.jpg?resize=525%2C300&ssl=1 1.5x, https:\/\/i0.wp.com\/bno-travel.com\/wp-content\/uploads\/2025\/06\/10001-20191216-Drone0784-scaled-1.jpg?resize=700%2C400&ssl=1 2x, https:\/\/i0.wp.com\/bno-travel.com\/wp-content\/uploads\/2025\/06\/10001-20191216-Drone0784-scaled-1.jpg?resize=1050%2C600&ssl=1 3x, https:\/\/i0.wp.com\/bno-travel.com\/wp-content\/uploads\/2025\/06\/10001-20191216-Drone0784-scaled-1.jpg?resize=1400%2C800&ssl=1 4x"},"classes":[]},{"id":2811,"url":"https:\/\/bno-travel.com\/fi\/matkasi\/","url_meta":{"origin":2806,"position":1},"title":"Matkasi Trysiliin ja S\u00e4leniin","author":"Jan Terje \u00c5s","date":"11.7.2025","format":false,"excerpt":"L\u00f6yd\u00e4 suosikkipaikkasi Matkasi Trysiliin ja S\u00e4leniin. Haaveiletko vuoristolomasta Trysiliss\u00e4 tai S\u00e4leniss\u00e4? Matkasi BNO Travelin kanssa tarjoaa turvallisen ja joustavan loman Norjan ja Ruotsin suosituimpiin talviurheilukohteisiin. Nauti hiiht\u00e4misest\u00e4, lumesta, luontoel\u00e4myksist\u00e4 ja perheaktiviteeteista - selke\u00e4t matkustusehdot ja kaikki on j\u00e4rjestetty huoletonta lomaa varten. Lomastasi voi tulla unohtumaton oikeilla el\u00e4myksill\u00e4. Matkustaminen n\u00e4ihin kohteisiin\u2026","rel":"","context":"Samankaltainen artikkeli","block_context":{"text":"Samankaltainen artikkeli","link":""},"img":{"alt_text":"Vandring i Trysil Skagsvola - en herlig vandretur for hele familien.","src":"https:\/\/i0.wp.com\/bno-travel.com\/wp-content\/uploads\/2025\/06\/28177379886_c8a50193b0_c.jpg?resize=350%2C200","width":350,"height":200,"srcset":"https:\/\/i0.wp.com\/bno-travel.com\/wp-content\/uploads\/2025\/06\/28177379886_c8a50193b0_c.jpg?resize=350%2C200 1x, https:\/\/i0.wp.com\/bno-travel.com\/wp-content\/uploads\/2025\/06\/28177379886_c8a50193b0_c.jpg?resize=525%2C300 1.5x, https:\/\/i0.wp.com\/bno-travel.com\/wp-content\/uploads\/2025\/06\/28177379886_c8a50193b0_c.jpg?resize=700%2C400 2x"},"classes":[]},{"id":2881,"url":"https:\/\/bno-travel.com\/fi\/tutustu-salenfjelletiin-saletfalet-ympari-vuoden-aktiivilomailijoille\/","url_meta":{"origin":2806,"position":2},"title":"Tutustu S\u00e4lenfjelletiin - seikkailu alkaa t\u00e4\u00e4lt\u00e4","author":"Jan Terje \u00c5s","date":"18.7.2025","format":false,"excerpt":"Tutustu S\u00e4leniin \u2605\u2605\u2605\u2605\u2605 T\u00e4\u00e4lt\u00e4 l\u00f6yd\u00e4t majoitusta S\u00e4leniss\u00e4 Tutustu S\u00e4leniin ja S\u00e4lenfjelletiin, ymp\u00e4rivuotiseen kohteeseen, jossa yhdistyv\u00e4t upea luonto sek\u00e4 monenlaiset aktiviteetit ja el\u00e4mykset. BNO TRAVELin avulla matkustaminen S\u00e4leniin on helppoa ja mukavaa - halusitpa sitten lumisiin talviseikkailuihin tai aurinkoisiin kes\u00e4p\u00e4iviin vuoristossa. Matkustitpa sitten perheen, yst\u00e4vien tai yksin, S\u00e4len on paikka, jossa\u2026","rel":"","context":"Samankaltainen artikkeli","block_context":{"text":"Samankaltainen artikkeli","link":""},"img":{"alt_text":"","src":"https:\/\/i0.wp.com\/bno-travel.com\/wp-content\/uploads\/2025\/06\/2016JH070404.jpg?resize=350%2C200&ssl=1","width":350,"height":200,"srcset":"https:\/\/i0.wp.com\/bno-travel.com\/wp-content\/uploads\/2025\/06\/2016JH070404.jpg?resize=350%2C200&ssl=1 1x, https:\/\/i0.wp.com\/bno-travel.com\/wp-content\/uploads\/2025\/06\/2016JH070404.jpg?resize=525%2C300&ssl=1 1.5x, https:\/\/i0.wp.com\/bno-travel.com\/wp-content\/uploads\/2025\/06\/2016JH070404.jpg?resize=700%2C400&ssl=1 2x, https:\/\/i0.wp.com\/bno-travel.com\/wp-content\/uploads\/2025\/06\/2016JH070404.jpg?resize=1050%2C600&ssl=1 3x, https:\/\/i0.wp.com\/bno-travel.com\/wp-content\/uploads\/2025\/06\/2016JH070404.jpg?resize=1400%2C800&ssl=1 4x"},"classes":[]},{"id":3867,"url":"https:\/\/bno-travel.com\/fi\/ostokset-salenissa\/","url_meta":{"origin":2806,"position":3},"title":"Ostokset S\u00e4leniss\u00e4","author":"Jan Terje \u00c5s","date":"18.7.2025","format":false,"excerpt":"Ostokset S\u00e4leniss\u00e4 - Paikallisia ostosmahdollisuuksia, kahviloita ja vuoristotunnelmaa ymp\u00e4ri vuoden. S\u00e4len tunnetaan ensisijaisesti yhten\u00e4 Pohjoismaiden suurimmista hiihtokohteista, mutta alue tarjoaa my\u00f6s miellytt\u00e4vi\u00e4 ostosmahdollisuuksia ja paikallisia ruokael\u00e4myksi\u00e4, jotka antavat vuoristomatkallesi hieman lis\u00e4pontta. S\u00e4lenin keskusta, Lindvallen ja H\u00f6gfj\u00e4llet tarjoavat laajan valikoiman kauppoja, erikoisliikkeit\u00e4 ja kahviloita - ne sopivat erinomaisesti rauhalliseen p\u00e4iv\u00e4\u00e4n aktiviteettien\u2026","rel":"","context":"Samankaltainen artikkeli","block_context":{"text":"Samankaltainen artikkeli","link":""},"img":{"alt_text":"Shopping i S\u00e4len","src":"https:\/\/i0.wp.com\/bno-travel.com\/wp-content\/uploads\/2025\/07\/AdobeStock_257205476.jpeg?resize=350%2C200&ssl=1","width":350,"height":200,"srcset":"https:\/\/i0.wp.com\/bno-travel.com\/wp-content\/uploads\/2025\/07\/AdobeStock_257205476.jpeg?resize=350%2C200&ssl=1 1x, https:\/\/i0.wp.com\/bno-travel.com\/wp-content\/uploads\/2025\/07\/AdobeStock_257205476.jpeg?resize=525%2C300&ssl=1 1.5x, https:\/\/i0.wp.com\/bno-travel.com\/wp-content\/uploads\/2025\/07\/AdobeStock_257205476.jpeg?resize=700%2C400&ssl=1 2x, https:\/\/i0.wp.com\/bno-travel.com\/wp-content\/uploads\/2025\/07\/AdobeStock_257205476.jpeg?resize=1050%2C600&ssl=1 3x, https:\/\/i0.wp.com\/bno-travel.com\/wp-content\/uploads\/2025\/07\/AdobeStock_257205476.jpeg?resize=1400%2C800&ssl=1 4x"},"classes":[]},{"id":14423,"url":"https:\/\/bno-travel.com\/fi\/vestsidevegen-14\/","url_meta":{"origin":2806,"position":4},"title":"Vestsidevegen 14","author":"Jan Terje \u00c5s","date":"18.12.2025","format":false,"excerpt":"Vestsidevegen 14, Trysilin keskusta Alkaen 990 kr p\u00e4iv\u00e4ss\u00e4 \u2605\u2605\u2605\u2605\u2605 Tarkista vapaat p\u00e4iv\u00e4m\u00e4\u00e4r\u00e4t T\u00e4m\u00e4 on k\u00e4yt\u00e4nn\u00f6llinen ja viihtyis\u00e4 talo aivan Trysilin keskustassa - t\u00e4ydellinen perheille ja kaveriporukoille, jotka haluavat asua mukavasti lyhyen matkan p\u00e4\u00e4ss\u00e4 sek\u00e4 aktiviteeteista ett\u00e4 kaikista palveluista. Voit helposti pys\u00e4k\u00f6id\u00e4 autosi t\u00e4nne saapuessasi ja j\u00e4tt\u00e4\u00e4 sen oleskelusi ajaksi. Talossa\u2026","rel":"","context":"Samankaltainen artikkeli","block_context":{"text":"Samankaltainen artikkeli","link":""},"img":{"alt_text":"","src":"https:\/\/i0.wp.com\/bno-travel.com\/wp-content\/uploads\/2026\/01\/Vestsidevegen-1-1.jpg?resize=350%2C200&ssl=1","width":350,"height":200,"srcset":"https:\/\/i0.wp.com\/bno-travel.com\/wp-content\/uploads\/2026\/01\/Vestsidevegen-1-1.jpg?resize=350%2C200&ssl=1 1x, https:\/\/i0.wp.com\/bno-travel.com\/wp-content\/uploads\/2026\/01\/Vestsidevegen-1-1.jpg?resize=525%2C300&ssl=1 1.5x, https:\/\/i0.wp.com\/bno-travel.com\/wp-content\/uploads\/2026\/01\/Vestsidevegen-1-1.jpg?resize=700%2C400&ssl=1 2x, https:\/\/i0.wp.com\/bno-travel.com\/wp-content\/uploads\/2026\/01\/Vestsidevegen-1-1.jpg?resize=1050%2C600&ssl=1 3x, https:\/\/i0.wp.com\/bno-travel.com\/wp-content\/uploads\/2026\/01\/Vestsidevegen-1-1.jpg?resize=1400%2C800&ssl=1 4x"},"classes":[]}],"_links":{"self":[{"href":"https:\/\/bno-travel.com\/fi\/wp-json\/wp\/v2\/pages\/2806","targetHints":{"allow":["GET"]}}],"collection":[{"href":"https:\/\/bno-travel.com\/fi\/wp-json\/wp\/v2\/pages"}],"about":[{"href":"https:\/\/bno-travel.com\/fi\/wp-json\/wp\/v2\/types\/page"}],"author":[{"embeddable":true,"href":"https:\/\/bno-travel.com\/fi\/wp-json\/wp\/v2\/users\/260013438"}],"replies":[{"embeddable":true,"href":"https:\/\/bno-travel.com\/fi\/wp-json\/wp\/v2\/comments?post=2806"}],"version-history":[{"count":2,"href":"https:\/\/bno-travel.com\/fi\/wp-json\/wp\/v2\/pages\/2806\/revisions"}],"predecessor-version":[{"id":28306,"href":"https:\/\/bno-travel.com\/fi\/wp-json\/wp\/v2\/pages\/2806\/revisions\/28306"}],"wp:attachment":[{"href":"https:\/\/bno-travel.com\/fi\/wp-json\/wp\/v2\/media?parent=2806"}],"curies":[{"name":"wp","href":"https:\/\/api.w.org\/{rel}","templated":true}]}}