{"id":3960,"date":"2025-07-18T20:35:21","date_gmt":"2025-07-18T18:35:21","guid":{"rendered":"https:\/\/bno-travel.com\/?page_id=3960"},"modified":"2025-07-18T20:36:03","modified_gmt":"2025-07-18T18:36:03","slug":"kiipeilypuisto-salenissa","status":"publish","type":"page","link":"https:\/\/bno-travel.com\/fi\/kiipeilypuisto-salenissa\/","title":{"rendered":"Kiipeilypuisto S\u00e4leniss\u00e4"},"content":{"rendered":"\n<p class=\"wp-block-paragraph\"><\/p>\n\n<div class=\"wp-block-cover alignfull\" style=\"margin-top:0;margin-bottom:0;padding-top:var(--wp--preset--spacing--20);padding-right:var(--wp--preset--spacing--40);padding-bottom:var(--wp--preset--spacing--20);padding-left:var(--wp--preset--spacing--40);min-height:917px;aspect-ratio:unset;\"><img data-recalc-dims=\"1\" fetchpriority=\"high\" decoding=\"async\" width=\"800\" height=\"534\" class=\"wp-block-cover__image-background wp-image-2239 size-full\" alt=\"\" src=\"https:\/\/i0.wp.com\/bno-travel.com\/wp-content\/uploads\/2025\/06\/43124442155_8f90996eef_c.jpg?resize=800%2C534&#038;ssl=1\" style=\"object-position:54% 56%\" data-object-fit=\"cover\" data-object-position=\"54% 56%\" srcset=\"https:\/\/i0.wp.com\/bno-travel.com\/wp-content\/uploads\/2025\/06\/43124442155_8f90996eef_c.jpg?w=800&amp;ssl=1 800w, https:\/\/i0.wp.com\/bno-travel.com\/wp-content\/uploads\/2025\/06\/43124442155_8f90996eef_c.jpg?resize=300%2C200&amp;ssl=1 300w, https:\/\/i0.wp.com\/bno-travel.com\/wp-content\/uploads\/2025\/06\/43124442155_8f90996eef_c.jpg?resize=768%2C513&amp;ssl=1 768w\" sizes=\"(max-width: 800px) 100vw, 800px\" \/><span aria-hidden=\"true\" class=\"wp-block-cover__background has-theme-1-background-color has-background-dim-30 has-background-dim\"><\/span><div class=\"wp-block-cover__inner-container is-layout-flow wp-block-cover-is-layout-flow\">\n<div style=\"height:var(--wp--preset--spacing--50)\" aria-hidden=\"true\" class=\"wp-block-spacer\"><\/div>\n\n\n\n<div style=\"height:var(--wp--preset--spacing--50)\" aria-hidden=\"true\" class=\"wp-block-spacer\"><\/div>\n<\/div><\/div>\n\n<div class=\"wp-block-group alignfull is-style-section-3 is-layout-constrained wp-block-group-is-layout-constrained\" style=\"margin-top:0;margin-bottom:0;padding-top:var(--wp--preset--spacing--40);padding-bottom:var(--wp--preset--spacing--40)\">\n<div class=\"wp-block-columns alignwide are-vertically-aligned-center is-layout-flex wp-container-core-columns-is-layout-d9ad523d wp-block-columns-is-layout-flex\">\n<div class=\"wp-block-column is-vertically-aligned-center is-layout-flow wp-block-column-is-layout-flow\">\n<figure class=\"wp-block-image size-full\"><img data-recalc-dims=\"1\" decoding=\"async\" width=\"800\" height=\"534\" src=\"https:\/\/i0.wp.com\/bno-travel.com\/wp-content\/uploads\/2025\/06\/43311668904_2a700093da_c.jpg?resize=800%2C534&#038;ssl=1\" alt=\"Kiipeilypuisto S&#xE4;leniss&#xE4;\" class=\"wp-image-2434\" style=\"aspect-ratio:3\/4;object-fit:cover\" title=\"otsikko\" srcset=\"https:\/\/i0.wp.com\/bno-travel.com\/wp-content\/uploads\/2025\/06\/43311668904_2a700093da_c.jpg?w=800&amp;ssl=1 800w, https:\/\/i0.wp.com\/bno-travel.com\/wp-content\/uploads\/2025\/06\/43311668904_2a700093da_c.jpg?resize=300%2C200&amp;ssl=1 300w, https:\/\/i0.wp.com\/bno-travel.com\/wp-content\/uploads\/2025\/06\/43311668904_2a700093da_c.jpg?resize=768%2C513&amp;ssl=1 768w\" sizes=\"(max-width: 800px) 100vw, 800px\" \/><\/figure>\n<\/div>\n\n\n\n<div class=\"wp-block-column is-vertically-aligned-center is-content-justification-left is-layout-constrained wp-container-core-column-is-layout-b64f6bf5 wp-block-column-is-layout-constrained\">\n<p class=\"wp-block-paragraph\"><\/p>\n\n\n\n<h2 class=\"wp-block-heading\"><strong>Kiipeilypuisto S\u00e4leniss\u00e4 - j\u00e4nnityst\u00e4, mestaruutta ja hauskaa koko perheelle.<\/strong><\/h2>\n\n\n\n<p class=\"wp-block-paragraph\">Tervetuloa <a href=\"https:\/\/www.skistar.com\/sv\/vara-skidorter\/salen\/sommar-i-salen\/aktiviteter\/klatterpark\/\" target=\"_blank\" rel=\"noopener\"><strong>H\u00f6gt &amp; L\u00e5gt S\u00e4leniin<\/strong>, moderniin ja perheyst\u00e4v\u00e4lliseen kiipeilypuistoon<\/a>, joka sijaitsee kauniilla paikalla Svansj\u00f6n rannalla Lindvallenissa. T\u00e4\u00e4lt\u00e4 l\u00f6yd\u00e4t ilmavia k\u00f6ysiratoja, j\u00e4nnitt\u00e4vi\u00e4 puissa kulkevia esteit\u00e4 ja haasteita, jotka sopivat pienille lapsille, teini-ik\u00e4isille, aikuisille ja adrenaliinia etsiville seikkailijoille. <\/p>\n\n\n\n<p class=\"wp-block-paragraph\"><strong>BNO TRAVELin<\/strong> avulla voit helposti suunnitella ja varata aktiiviloman S\u00e4leniss\u00e4, jossa kiipeilypuisto on luonnollinen kohokohta - matkustitpa sitten perheen, yst\u00e4vien tai yrityksen kanssa.<\/p>\n\n\n\n<p class=\"wp-block-paragraph\"><strong>Kokemus kaikenik\u00e4isille<\/strong><\/p>\n\n\n\n<p class=\"wp-block-paragraph\">S\u00e4lenin kiipeilypuistossa on reittej\u00e4, jotka sopivat jo 3-vuotiaille lapsille (80 cm:n korkeudesta alkaen), sek\u00e4 useita reittej\u00e4 nuorille ja aikuisille, jotka haluavat enemm\u00e4n j\u00e4nnityst\u00e4 ja suurempia haasteita. Kiipeilypuistossa yhdistyv\u00e4t mestaruus, liikkuminen ja luontokokemus turvallisella ja hauskalla tavalla. <\/p>\n\n\n\n<p class=\"wp-block-paragraph\">T\u00e4m\u00e4 on ihanteellinen aktiviteetti:<\/p>\n\n\n\n<ul class=\"wp-block-list\">\n<li>Perhelomat<\/li>\n\n\n\n<li>Tiiminrakennus ja yritysmatkat<\/li>\n\n\n\n<li>Yst\u00e4vyysryhm\u00e4t ja polttarit<\/li>\n\n\n\n<li>Aktiiviset pariskunnat ja yksinmatkustajat<\/li>\n<\/ul>\n\n\n\n<p class=\"wp-block-paragraph\">Yhdess\u00e4 kiipe\u00e4minen, omien rajojen haastaminen ja korkeuksissa hallitsemisen kokeminen tarjoavat sek\u00e4 yhteishenke\u00e4 ett\u00e4 hyvi\u00e4 muistoja. S\u00e4lenin kiipeilypuisto on ehdoton valinta kaikille, jotka etsiv\u00e4t aktiivista kes\u00e4kokemusta vuoristossa, hienoja muistoja ja aitoa toveruutta.<\/p>\n<\/div>\n<\/div>\n<\/div>\n\n<div class=\"wp-block-group alignfull is-style-default is-content-justification-center is-layout-constrained wp-container-core-group-is-layout-69af11d0 wp-block-group-is-layout-constrained\" style=\"margin-top:0;margin-bottom:0;padding-top:var(--wp--preset--spacing--40);padding-bottom:var(--wp--preset--spacing--40)\">\n<div class=\"wp-block-group alignwide is-content-justification-left is-layout-constrained wp-container-core-group-is-layout-54d22900 wp-block-group-is-layout-constrained\"><\/div>\n<\/div>\n\n<div class=\"wp-block-group alignfull is-content-justification-center is-layout-constrained wp-block-group-is-layout-constrained\" style=\"margin-top:0;margin-bottom:0;padding-top:var(--wp--preset--spacing--40);padding-bottom:var(--wp--preset--spacing--40)\">\n<div class=\"wp-block-columns alignwide are-vertically-aligned-center is-layout-flex wp-container-core-columns-is-layout-7387b849 wp-block-columns-is-layout-flex\">\n<div class=\"wp-block-column is-vertically-aligned-center is-content-justification-left is-layout-constrained wp-container-core-column-is-layout-b64f6bf5 wp-block-column-is-layout-constrained\">\n<h2 class=\"wp-block-heading has-xx-large-font-size\"><strong>Tietoa S\u00e4lenin kiipeilypuistosta<\/strong><\/h2>\n\n\n\n<p class=\"wp-block-paragraph\">S\u00e4lenin kiipeilypuisto sijaitsee idyllisell\u00e4 paikalla Svansj\u00f6n Lindvallenissa, aivan S\u00e4lenin vuoriston syd\u00e4mess\u00e4. Kiipeilypuisto on osa SkiStarin laajaa kes\u00e4- ja syysaktiviteettivalikoimaa ja tarjoaa j\u00e4nnitt\u00e4v\u00e4n yhdistelm\u00e4n luontoa, liikuntaa ja mestaruutta koko perheelle. T\u00e4\u00e4lt\u00e4 l\u00f6yd\u00e4t mm:  <\/p>\n\n\n\n<ul class=\"wp-block-list\">\n<li>Yli <strong>75 estett\u00e4 ja toimintaa<\/strong> korkealla<\/li>\n\n\n\n<li><strong>9 erilaista kiipeilyreitti\u00e4<\/strong>, jotka soveltuvat eri pituuksille, ik\u00e4isille ja eri taitotasoille.<\/li>\n\n\n\n<li><strong>11 k\u00f6ysirataa<\/strong>, joista kolme leijuu veden yll\u00e4.<\/li>\n\n\n\n<li><strong>Lasten<\/strong> omat <strong>reitit 80 cm korkeudesta alkaen<\/strong> ja vaativampia reittej\u00e4 kokeneille kiipeilij\u00f6ille.<\/li>\n\n\n\n<li>Keskity turvallisuuteen nykyaikaisilla <strong>valjailla ja jatkuvalla kiinnitysj\u00e4rjestelm\u00e4ll\u00e4<\/strong>.<\/li>\n\n\n\n<li>J\u00e4rven rannalla on <strong>terasseja, penkkej\u00e4 ja piknik-alueita<\/strong>.<\/li>\n<\/ul>\n\n\n\n<p class=\"wp-block-paragraph\">Puisto on luokiteltu huolellisesti vaikeusasteen mukaan, jotta kaikki - pienimmist\u00e4 lapsista kiipeilykokemusta omaaviin aikuisiin - l\u00f6yt\u00e4v\u00e4t sopivia haasteita. Voit aloittaa helpoimmilta vihreilt\u00e4 reiteilt\u00e4 ja edet\u00e4 sinisille, punaisille ja mustille reiteille, jotka tarjoavat maksimaalisen korkeuden ja j\u00e4nnityksen. <\/p>\n\n\n\n<p class=\"wp-block-paragraph\"><strong>Lis\u00e4vinkkej\u00e4: S\u00e4lenin kes\u00e4<\/strong><\/p>\n\n\n\n<p class=\"wp-block-paragraph\">Kiipeilypuisto on vain yksi S\u00e4lenin monista kes\u00e4aktiviteeteista! Kun olet t\u00e4\u00e4ll\u00e4, voit my\u00f6s tutustua patikointiin, py\u00f6r\u00e4ilyyn, melontaan ja kalastukseen - kaikki kauniissa ruotsalaisissa vuoristomaisemissa. Niille, jotka etsiv\u00e4t aktiivista lomaa, jossa on sek\u00e4 vauhtia ett\u00e4 rauhaa, S\u00e4len tarjoaa monenlaisia el\u00e4myksi\u00e4.  <\/p>\n<\/div>\n\n\n\n<div class=\"wp-block-column is-vertically-aligned-center is-layout-flow wp-block-column-is-layout-flow\">\n<figure class=\"wp-block-image size-full\"><img data-recalc-dims=\"1\" decoding=\"async\" width=\"800\" height=\"534\" src=\"https:\/\/i0.wp.com\/bno-travel.com\/wp-content\/uploads\/2025\/06\/43124440865_479eca7e07_c.jpg?resize=800%2C534&#038;ssl=1\" alt=\"Kiipeilypuisto Trysiliss&#xE4;\" class=\"wp-image-2421\" style=\"aspect-ratio:3\/4;object-fit:cover\" srcset=\"https:\/\/i0.wp.com\/bno-travel.com\/wp-content\/uploads\/2025\/06\/43124440865_479eca7e07_c.jpg?w=800&amp;ssl=1 800w, https:\/\/i0.wp.com\/bno-travel.com\/wp-content\/uploads\/2025\/06\/43124440865_479eca7e07_c.jpg?resize=300%2C200&amp;ssl=1 300w, https:\/\/i0.wp.com\/bno-travel.com\/wp-content\/uploads\/2025\/06\/43124440865_479eca7e07_c.jpg?resize=768%2C513&amp;ssl=1 768w\" sizes=\"(max-width: 800px) 100vw, 800px\" \/><\/figure>\n<\/div>\n<\/div>\n<\/div>\n\n<div class=\"wp-block-group alignfull is-style-default is-content-justification-center is-layout-constrained wp-container-core-group-is-layout-69af11d0 wp-block-group-is-layout-constrained\" style=\"margin-top:0;margin-bottom:0;padding-top:var(--wp--preset--spacing--40);padding-bottom:var(--wp--preset--spacing--40)\">\n<div class=\"wp-block-group alignfull is-content-justification-center is-layout-constrained wp-container-core-group-is-layout-4853c3a7 wp-block-group-is-layout-constrained\" style=\"margin-top:0;margin-bottom:0;padding-top:calc( 0.5 * var(u002du002dwpu002du002dstyleu002du002drootu002du002dpadding-right, var(u002du002dwpu002du002dcustomu002du002dgapu002du002dhorizontal)));padding-right:var(u002du002dwpu002du002dstyleu002du002drootu002du002dpadding-right, var(u002du002dwpu002du002dcustomu002du002dgapu002du002dhorizontal));padding-bottom:calc( 0.5 * var(u002du002dwpu002du002dstyleu002du002drootu002du002dpadding-right, var(u002du002dwpu002du002dcustomu002du002dgapu002du002dhorizontal)));padding-left:var(u002du002dwpu002du002dstyleu002du002drootu002du002dpadding-left, var(u002du002dwpu002du002dcustomu002du002dgapu002du002dhorizontal))\">\n<div style=\"height:calc( 0.25 * var(u002du002dwpu002du002dstyleu002du002drootu002du002dpadding-right, var(u002du002dwpu002du002dcustomu002du002dgapu002du002dhorizontal)))\" aria-hidden=\"true\" class=\"wp-block-spacer\"><\/div>\n\n\n\n<div class=\"wp-block-columns alignwide is-layout-flex wp-container-core-columns-is-layout-7387b849 wp-block-columns-is-layout-flex\">\n<div class=\"wp-block-column is-vertically-aligned-center is-layout-flow wp-block-column-is-layout-flow\">\n<figure class=\"wp-block-image size-full\"><img data-recalc-dims=\"1\" loading=\"lazy\" decoding=\"async\" width=\"800\" height=\"534\" src=\"https:\/\/i0.wp.com\/bno-travel.com\/wp-content\/uploads\/2025\/07\/20D.jpg?resize=800%2C534&#038;ssl=1\" alt=\"Majoituspaikat S&#xE4;leniss&#xE4;\" class=\"wp-image-5262\" style=\"aspect-ratio:3\/4;object-fit:cover\" srcset=\"https:\/\/i0.wp.com\/bno-travel.com\/wp-content\/uploads\/2025\/07\/20D.jpg?w=1200&amp;ssl=1 1200w, https:\/\/i0.wp.com\/bno-travel.com\/wp-content\/uploads\/2025\/07\/20D.jpg?resize=300%2C200&amp;ssl=1 300w, https:\/\/i0.wp.com\/bno-travel.com\/wp-content\/uploads\/2025\/07\/20D.jpg?resize=1024%2C684&amp;ssl=1 1024w, https:\/\/i0.wp.com\/bno-travel.com\/wp-content\/uploads\/2025\/07\/20D.jpg?resize=768%2C513&amp;ssl=1 768w\" sizes=\"(max-width: 800px) 100vw, 800px\" \/><\/figure>\n<\/div>\n\n\n\n<div class=\"wp-block-column is-vertically-aligned-center is-layout-flow wp-block-column-is-layout-flow\">\n<p class=\"has-text-align-left wp-block-paragraph\"><strong>N\u00e4iss\u00e4 aktiviteeteissa yhdistyv\u00e4t luontokokemus, adrenaliini ja rentoutuminen ainutlaatuisella tavalla.<\/strong><\/p>\n\n\n\n<p class=\"wp-block-paragraph\"><strong>Majoitus S\u00e4leniss\u00e4 - pysy l\u00e4hell\u00e4 aktiviteetteja<\/strong><\/p>\n\n\n\n<p class=\"wp-block-paragraph\"><strong>BNO TRAVEL<\/strong> tarjoaa monipuolisen valikoiman <a href=\"https:\/\/bno-travel.com\/fi\/majoitus\/\">majoitusvaihtoehtoja <\/a>S\u00e4leniss\u00e4, joka sijaitsee Lindvallenissa, H\u00f6gfj\u00e4lletiss\u00e4, Tand\u00e5dalenissa ja Hundfj\u00e4lletiss\u00e4 ja niiden ymp\u00e4rist\u00f6ss\u00e4. T\u00e4\u00e4ll\u00e4 voit valita seuraavista vaihtoehdoista: <\/p>\n\n\n\n<ul class=\"wp-block-list\">\n<li>Modernit m\u00f6kit ja huoneistot, joissa on korkea taso ja lyhyt matka kiipeilypuistoon.<\/li>\n\n\n\n<li>Perheyst\u00e4v\u00e4lliset yksik\u00f6t, joissa on runsaasti tilaa ja k\u00e4yt\u00e4nn\u00f6lliset mukavuudet.<\/li>\n\n\n\n<li>Majoitus rauhallisessa ymp\u00e4rist\u00f6ss\u00e4 - l\u00e4hell\u00e4 vuoria, vesist\u00f6j\u00e4 ja patikointimahdollisuuksia.<\/li>\n<\/ul>\n\n\n\n<p class=\"wp-block-paragraph\">Kaikista majoitusvaihtoehdoista p\u00e4\u00e4set helposti luontoel\u00e4myksiin, vaellusreiteille, py\u00f6r\u00e4ilyreiteille ja aktiviteettialueille. Avullamme l\u00f6yd\u00e4t sinulle parhaiten sopivan majoituksen - etsitp\u00e4 sitten korkeatasoista mukavuutta, budjettiyst\u00e4v\u00e4llist\u00e4 vaihtoehtoa tai jotain silt\u00e4 v\u00e4lilt\u00e4. Kes\u00e4kaudella hinnat ovat usein hyvin edullisia, joten <strong>S\u00e4len on edullinen valinta aktiivilomalle<\/strong>.  <\/p>\n\n\n\n<p class=\"wp-block-paragraph\">Lis\u00e4vinkki: Alue tarjoaa lukemattomia mahdollisuuksia sek\u00e4 rauhallisiin ett\u00e4 haastaviin vaelluksiin kauniissa ruotsalaisessa vuoristoluonnossa.<\/p>\n\n\n\n<p class=\"wp-block-paragraph\"><strong>Suunnittele aktiivinen lomasi BNO TRAVELin kanssa<\/strong><\/p>\n\n\n\n<p class=\"wp-block-paragraph\"><strong>BNO TRAVELilla<\/strong> voit helposti r\u00e4\u00e4t\u00e4l\u00f6id\u00e4 loman, joka on t\u00e4ynn\u00e4 aktiviteetteja, luontoa ja upeita kokemuksia. Me autamme sinua: <\/p>\n\n\n\n<ul class=\"wp-block-list\">\n<li>Kiipeilypuiston ja alueen muiden aktiviteettien varaaminen.<\/li>\n\n\n\n<li>Majoitus kaikkialla S\u00e4lenin alueella<\/li>\n\n\n\n<li>Vinkkej\u00e4 ruokailuun, retkiin ja paikallisiin n\u00e4ht\u00e4vyyksiin<\/li>\n\n\n\n<li>Paikallistuntemus ja henkil\u00f6kohtainen palvelu ennen lomaa ja sen aikana<\/li>\n<\/ul>\n\n\n\n<p class=\"wp-block-paragraph\">S\u00e4len on paljon muutakin kuin talviurheilukeskus - se on ymp\u00e4rivuotinen kohde, jossa luonto, aktiviteetit ja perhe-el\u00e4mykset kohtaavat. Haluatpa sitten kiivet\u00e4 puiden latvoille, uida vuoristoj\u00e4rviss\u00e4, py\u00f6r\u00e4ill\u00e4 poluilla tai vain nauttia vuoristoilman rauhasta ja hiljaisuudesta, l\u00f6yd\u00e4t sen t\u00e4\u00e4lt\u00e4. <\/p>\n<\/div>\n<\/div>\n\n\n\n<div style=\"height:calc( 0.25 * var(u002du002dwpu002du002dstyleu002du002drootu002du002dpadding-right, var(u002du002dwpu002du002dcustomu002du002dgapu002du002dhorizontal)))\" aria-hidden=\"true\" class=\"wp-block-spacer\"><\/div>\n<\/div>\n\n\n\n<div class=\"wp-block-group alignwide is-content-justification-left is-layout-constrained wp-container-core-group-is-layout-54d22900 wp-block-group-is-layout-constrained\"><\/div>\n<\/div>\n\n<div class=\"wp-block-group alignfull is-style-default is-content-justification-center is-layout-constrained wp-container-core-group-is-layout-cdf99998 wp-block-group-is-layout-constrained\" style=\"margin-top:0;margin-bottom:0;padding-top:var(--wp--preset--spacing--40);padding-bottom:var(--wp--preset--spacing--40)\"><\/div>\n\n<p class=\"wp-block-paragraph\"><\/p>\n","protected":false},"excerpt":{"rendered":"<p>Kiipeilypuisto S\u00e4leniss\u00e4 - j\u00e4nnityst\u00e4, mestaruutta ja hauskaa koko perheelle. Tervetuloa H\u00f6gt &amp; L\u00e5gt S\u00e4leniin, moderniin ja perheyst\u00e4v\u00e4lliseen kiipeilypuistoon, joka sijaitsee kauniilla paikalla Svansj\u00f6n rannalla Lindvallenissa. T\u00e4\u00e4lt\u00e4 l\u00f6yd\u00e4t ilmavia k\u00f6ysiratoja, j\u00e4nnitt\u00e4vi\u00e4 puissa kulkevia esteit\u00e4 ja haasteita, jotka sopivat pienille lapsille, teini-ik\u00e4isille, aikuisille ja adrenaliinia etsiville seikkailijoille. BNO TRAVELin avulla voit helposti suunnitella ja varata aktiiviloman S\u00e4leniss\u00e4, [&hellip;]<\/p>\n","protected":false},"author":260013438,"featured_media":0,"parent":0,"menu_order":0,"comment_status":"closed","ping_status":"closed","template":"","meta":{"_crdt_document":"","footnotes":""},"class_list":["post-3960","page","type-page","status-publish","hentry"],"jetpack_likes_enabled":true,"jetpack_sharing_enabled":true,"jetpack_shortlink":"https:\/\/wp.me\/PgDuwj-11S","jetpack-related-posts":[{"id":3873,"url":"https:\/\/bno-travel.com\/fi\/patikointi-salenissa\/","url_meta":{"origin":3960,"position":0},"title":"Patikointi S\u00e4leniss\u00e4","author":"Jan Terje \u00c5s","date":"18.7.2025","format":false,"excerpt":"Patikointi S\u00e4leniss\u00e4 - Vuoristovaelluksia, n\u00e4kymi\u00e4 ja luontokokemuksia kaikille! Tervetuloa S\u00e4leniin - ymp\u00e4rivuotiseen kohteeseen, joka tunnetaan talvella hiiht\u00e4misest\u00e4 ja kes\u00e4ll\u00e4 kauniista vaelluskokemuksista! Kun lumet sulavat ja vuoret vihert\u00e4v\u00e4t, S\u00e4len avaa laajan valikoiman vuoristovaelluksia, huippuretki\u00e4 ja perheyst\u00e4v\u00e4llisi\u00e4 vaelluksia upeassa ruotsalaisessa luonnossa. Etsitp\u00e4 sitten leppoisaa mets\u00e4k\u00e4vely\u00e4, vuoristovaellusta lasten kanssa tai haastavaa huippuretke\u00e4 panoraaman\u00e4kymineen,\u2026","rel":"","context":"Samankaltainen artikkeli","block_context":{"text":"Samankaltainen artikkeli","link":""},"img":{"alt_text":"Vandring i Trysil","src":"https:\/\/i0.wp.com\/bno-travel.com\/wp-content\/uploads\/2025\/06\/27930399740_e3e100021e_c.jpg?resize=350%2C200&ssl=1","width":350,"height":200,"srcset":"https:\/\/i0.wp.com\/bno-travel.com\/wp-content\/uploads\/2025\/06\/27930399740_e3e100021e_c.jpg?resize=350%2C200&ssl=1 1x, https:\/\/i0.wp.com\/bno-travel.com\/wp-content\/uploads\/2025\/06\/27930399740_e3e100021e_c.jpg?resize=525%2C300&ssl=1 1.5x, https:\/\/i0.wp.com\/bno-travel.com\/wp-content\/uploads\/2025\/06\/27930399740_e3e100021e_c.jpg?resize=700%2C400&ssl=1 2x"},"classes":[]},{"id":2881,"url":"https:\/\/bno-travel.com\/fi\/tutustu-salenfjelletiin-saletfalet-ympari-vuoden-aktiivilomailijoille\/","url_meta":{"origin":3960,"position":1},"title":"Tutustu S\u00e4lenfjelletiin - seikkailu alkaa t\u00e4\u00e4lt\u00e4","author":"Jan Terje \u00c5s","date":"18.7.2025","format":false,"excerpt":"Tutustu S\u00e4leniin \u2605\u2605\u2605\u2605\u2605 T\u00e4\u00e4lt\u00e4 l\u00f6yd\u00e4t majoitusta S\u00e4leniss\u00e4 Tutustu S\u00e4leniin ja S\u00e4lenfjelletiin, ymp\u00e4rivuotiseen kohteeseen, jossa yhdistyv\u00e4t upea luonto sek\u00e4 monenlaiset aktiviteetit ja el\u00e4mykset. BNO TRAVELin avulla matkustaminen S\u00e4leniin on helppoa ja mukavaa - halusitpa sitten lumisiin talviseikkailuihin tai aurinkoisiin kes\u00e4p\u00e4iviin vuoristossa. Matkustitpa sitten perheen, yst\u00e4vien tai yksin, S\u00e4len on paikka, jossa\u2026","rel":"","context":"Samankaltainen artikkeli","block_context":{"text":"Samankaltainen artikkeli","link":""},"img":{"alt_text":"","src":"https:\/\/i0.wp.com\/bno-travel.com\/wp-content\/uploads\/2025\/06\/2016JH070404.jpg?resize=350%2C200&ssl=1","width":350,"height":200,"srcset":"https:\/\/i0.wp.com\/bno-travel.com\/wp-content\/uploads\/2025\/06\/2016JH070404.jpg?resize=350%2C200&ssl=1 1x, https:\/\/i0.wp.com\/bno-travel.com\/wp-content\/uploads\/2025\/06\/2016JH070404.jpg?resize=525%2C300&ssl=1 1.5x, https:\/\/i0.wp.com\/bno-travel.com\/wp-content\/uploads\/2025\/06\/2016JH070404.jpg?resize=700%2C400&ssl=1 2x, https:\/\/i0.wp.com\/bno-travel.com\/wp-content\/uploads\/2025\/06\/2016JH070404.jpg?resize=1050%2C600&ssl=1 3x, https:\/\/i0.wp.com\/bno-travel.com\/wp-content\/uploads\/2025\/06\/2016JH070404.jpg?resize=1400%2C800&ssl=1 4x"},"classes":[]},{"id":3911,"url":"https:\/\/bno-travel.com\/fi\/ravintolat-salenissa\/","url_meta":{"origin":3960,"position":2},"title":"Ravintolat S\u00e4leniss\u00e4","author":"Jan Terje \u00c5s","date":"18.7.2025","format":false,"excerpt":"Ravintolat S\u00e4leniss\u00e4 - Makuel\u00e4myksi\u00e4 ymp\u00e4ri vuoden S\u00e4len tunnetaan upeista hiihto- ja py\u00f6r\u00e4ilymahdollisuuksistaan, mutta kohde tarjoaa my\u00f6s monipuolisen ja maukkaan valikoiman ravintoloita, kahviloita ja ruokapaikkoja - ymp\u00e4ri vuoden. Vierailitpa S\u00e4leniss\u00e4 sitten talvella tai kes\u00e4ll\u00e4, l\u00f6yd\u00e4t varmasti jotakin sek\u00e4 makuun ett\u00e4 tilaisuuteen sopivaa. Vuoristoravintoloista n\u00e4k\u00f6alaravintoloihin, leipomoihin, apr\u00e8s ski -ravintoloihin ja gourmet-ruokiin on\u2026","rel":"","context":"Samankaltainen artikkeli","block_context":{"text":"Samankaltainen artikkeli","link":""},"img":{"alt_text":"Restauranter i S\u00e4len","src":"https:\/\/i0.wp.com\/bno-travel.com\/wp-content\/uploads\/2025\/07\/AdobeStock_206047084.jpeg?resize=350%2C200&ssl=1","width":350,"height":200,"srcset":"https:\/\/i0.wp.com\/bno-travel.com\/wp-content\/uploads\/2025\/07\/AdobeStock_206047084.jpeg?resize=350%2C200&ssl=1 1x, https:\/\/i0.wp.com\/bno-travel.com\/wp-content\/uploads\/2025\/07\/AdobeStock_206047084.jpeg?resize=525%2C300&ssl=1 1.5x, https:\/\/i0.wp.com\/bno-travel.com\/wp-content\/uploads\/2025\/07\/AdobeStock_206047084.jpeg?resize=700%2C400&ssl=1 2x, https:\/\/i0.wp.com\/bno-travel.com\/wp-content\/uploads\/2025\/07\/AdobeStock_206047084.jpeg?resize=1050%2C600&ssl=1 3x, https:\/\/i0.wp.com\/bno-travel.com\/wp-content\/uploads\/2025\/07\/AdobeStock_206047084.jpeg?resize=1400%2C800&ssl=1 4x"},"classes":[]},{"id":28662,"url":"https:\/\/bno-travel.com\/fi\/elementor-28637\/","url_meta":{"origin":3960,"position":3},"title":"Elementor #28637","author":"Jan Terje \u00c5s","date":"4.4.2026","format":false,"excerpt":"Matkakohde - S\u00e4len Majoitus S\u00e4leniss\u00e4, jossa on p\u00e4\u00e4sy alueille, jotka sopivat parhaiten oleskeluusi. Tutustu S\u00e4lenin alueisiin, kuten Lindvallen, Tand\u00e5dalen, H\u00f6gfj\u00e4llet ja Hundfj\u00e4llet - ja l\u00f6yd\u00e4 majoitus, jossa sijainti, luonto ja aktiviteetit ovat tasapainossa. Katso alueet kohteessa S\u00e4len Tutustu S\u00e4leniin L\u00f6yd\u00e4 oikea y\u00f6pymispaikka S\u00e4leniss\u00e4 S\u00e4len on yksi Ruotsin tunnetuimmista vuoristokohteista, ja\u2026","rel":"","context":"Samankaltainen artikkeli","block_context":{"text":"Samankaltainen artikkeli","link":""},"img":{"alt_text":"","src":"","width":0,"height":0},"classes":[]},{"id":3835,"url":"https:\/\/bno-travel.com\/fi\/keilailu-salenissa\/","url_meta":{"origin":3960,"position":4},"title":"Keilailu S\u00e4leniss\u00e4","author":"Jan Terje \u00c5s","date":"18.7.2025","format":false,"excerpt":"Keilailu S\u00e4leniss\u00e4 - Hauskoja aktiviteetteja koko perheelle, ymp\u00e4ri vuoden Keilailu on seurallinen ja perheyst\u00e4v\u00e4llinen aktiviteetti, joka on t\u00e4ydellinen tauko hiiht\u00e4misest\u00e4, py\u00f6r\u00e4ilyst\u00e4 tai vaeltamisesta - ja S\u00e4lenist\u00e4 l\u00f6yd\u00e4t modernin keilaradan Lindvallenin keskustasta. Sek\u00e4 lapset ett\u00e4 aikuiset voivat nauttia pelaamisesta ja kilpailemisesta t\u00e4\u00e4ll\u00e4 s\u00e4\u00e4st\u00e4 ja vuodenajasta riippumatta. Experium Bowling sijaitsee suositussa Experium-seikkailukeskuksessa,\u2026","rel":"","context":"Samankaltainen artikkeli","block_context":{"text":"Samankaltainen artikkeli","link":""},"img":{"alt_text":"Bowling i S\u00e4len","src":"https:\/\/i0.wp.com\/bno-travel.com\/wp-content\/uploads\/2025\/07\/bowling-salen-experium-aktiviteter-1.jpg?resize=350%2C200&ssl=1","width":350,"height":200,"srcset":"https:\/\/i0.wp.com\/bno-travel.com\/wp-content\/uploads\/2025\/07\/bowling-salen-experium-aktiviteter-1.jpg?resize=350%2C200&ssl=1 1x, https:\/\/i0.wp.com\/bno-travel.com\/wp-content\/uploads\/2025\/07\/bowling-salen-experium-aktiviteter-1.jpg?resize=525%2C300&ssl=1 1.5x"},"classes":[]},{"id":3930,"url":"https:\/\/bno-travel.com\/fi\/koiran-kelkkailu-salenissa\/","url_meta":{"origin":3960,"position":5},"title":"Koiran kelkkailu S\u00e4leniss\u00e4","author":"Jan Terje \u00c5s","date":"18.7.2025","format":false,"excerpt":"Koirakelkkailu S\u00e4leniss\u00e4 - Koe todellinen talven taika koirajoukkueen takana Tervetuloa S\u00e4leniin - talviparatiisiin, jossa voit paitsi hiiht\u00e4\u00e4, my\u00f6s kokea vuoret aivan uudella tavalla. Koirakelkkailu S\u00e4leniss\u00e4 on maaginen luontokokemus, joka vie sinut hiljaisiin, lumen peitt\u00e4miin metsiin ja avoimiin maisemiin - innokkaan huskyjoukkueen per\u00e4ss\u00e4. T\u00e4m\u00e4 on todellinen talviseikkailu perheille, pariskunnille ja kaveriporukoille\u2026","rel":"","context":"Samankaltainen artikkeli","block_context":{"text":"Samankaltainen artikkeli","link":""},"img":{"alt_text":"Hundekj\u00f8ring i Trysil","src":"https:\/\/i0.wp.com\/bno-travel.com\/wp-content\/uploads\/2025\/07\/AdobeStock_198754456.jpeg?resize=350%2C200&ssl=1","width":350,"height":200,"srcset":"https:\/\/i0.wp.com\/bno-travel.com\/wp-content\/uploads\/2025\/07\/AdobeStock_198754456.jpeg?resize=350%2C200&ssl=1 1x, https:\/\/i0.wp.com\/bno-travel.com\/wp-content\/uploads\/2025\/07\/AdobeStock_198754456.jpeg?resize=525%2C300&ssl=1 1.5x, https:\/\/i0.wp.com\/bno-travel.com\/wp-content\/uploads\/2025\/07\/AdobeStock_198754456.jpeg?resize=700%2C400&ssl=1 2x, https:\/\/i0.wp.com\/bno-travel.com\/wp-content\/uploads\/2025\/07\/AdobeStock_198754456.jpeg?resize=1050%2C600&ssl=1 3x, https:\/\/i0.wp.com\/bno-travel.com\/wp-content\/uploads\/2025\/07\/AdobeStock_198754456.jpeg?resize=1400%2C800&ssl=1 4x"},"classes":[]}],"_links":{"self":[{"href":"https:\/\/bno-travel.com\/fi\/wp-json\/wp\/v2\/pages\/3960","targetHints":{"allow":["GET"]}}],"collection":[{"href":"https:\/\/bno-travel.com\/fi\/wp-json\/wp\/v2\/pages"}],"about":[{"href":"https:\/\/bno-travel.com\/fi\/wp-json\/wp\/v2\/types\/page"}],"author":[{"embeddable":true,"href":"https:\/\/bno-travel.com\/fi\/wp-json\/wp\/v2\/users\/260013438"}],"replies":[{"embeddable":true,"href":"https:\/\/bno-travel.com\/fi\/wp-json\/wp\/v2\/comments?post=3960"}],"version-history":[{"count":3,"href":"https:\/\/bno-travel.com\/fi\/wp-json\/wp\/v2\/pages\/3960\/revisions"}],"predecessor-version":[{"id":5282,"href":"https:\/\/bno-travel.com\/fi\/wp-json\/wp\/v2\/pages\/3960\/revisions\/5282"}],"wp:attachment":[{"href":"https:\/\/bno-travel.com\/fi\/wp-json\/wp\/v2\/media?parent=3960"}],"curies":[{"name":"wp","href":"https:\/\/api.w.org\/{rel}","templated":true}]}}