{"id":4304,"date":"2025-07-18T20:28:41","date_gmt":"2025-07-18T18:28:41","guid":{"rendered":"https:\/\/bno-travel.com\/?page_id=4304"},"modified":"2025-07-18T20:29:55","modified_gmt":"2025-07-18T18:29:55","slug":"golf-trysilissa","status":"publish","type":"page","link":"https:\/\/bno-travel.com\/fi\/golf-trysilissa\/","title":{"rendered":"Golf Trysiliss\u00e4"},"content":{"rendered":"\n<p class=\"wp-block-paragraph\"><\/p>\n\n<div class=\"wp-block-cover alignfull\" style=\"margin-top:0;margin-bottom:0;padding-top:var(--wp--preset--spacing--20);padding-right:var(--wp--preset--spacing--40);padding-bottom:var(--wp--preset--spacing--20);padding-left:var(--wp--preset--spacing--40);min-height:927px;aspect-ratio:unset;\"><img data-recalc-dims=\"1\" fetchpriority=\"high\" decoding=\"async\" width=\"799\" height=\"532\" class=\"wp-block-cover__image-background wp-image-2278 size-full\" alt=\"Sommer i Trysil\" src=\"https:\/\/i0.wp.com\/bno-travel.com\/wp-content\/uploads\/2025\/06\/19105672288_2155e3dd4c_c.jpg?resize=799%2C532&#038;ssl=1\" style=\"object-position:51% 64%\" data-object-fit=\"cover\" data-object-position=\"51% 64%\" srcset=\"https:\/\/i0.wp.com\/bno-travel.com\/wp-content\/uploads\/2025\/06\/19105672288_2155e3dd4c_c.jpg?w=799&amp;ssl=1 799w, https:\/\/i0.wp.com\/bno-travel.com\/wp-content\/uploads\/2025\/06\/19105672288_2155e3dd4c_c.jpg?resize=300%2C200&amp;ssl=1 300w, https:\/\/i0.wp.com\/bno-travel.com\/wp-content\/uploads\/2025\/06\/19105672288_2155e3dd4c_c.jpg?resize=768%2C511&amp;ssl=1 768w\" sizes=\"(max-width: 799px) 100vw, 799px\" \/><span aria-hidden=\"true\" class=\"wp-block-cover__background has-theme-1-background-color has-background-dim-30 has-background-dim\"><\/span><div class=\"wp-block-cover__inner-container is-layout-flow wp-block-cover-is-layout-flow\">\n<div style=\"height:var(--wp--preset--spacing--50)\" aria-hidden=\"true\" class=\"wp-block-spacer\"><\/div>\n\n\n\n<div style=\"height:var(--wp--preset--spacing--50)\" aria-hidden=\"true\" class=\"wp-block-spacer\"><\/div>\n<\/div><\/div>\n\n<div class=\"wp-block-group alignfull is-style-section-3 is-layout-constrained wp-block-group-is-layout-constrained\" style=\"margin-top:0;margin-bottom:0;padding-top:var(--wp--preset--spacing--40);padding-bottom:var(--wp--preset--spacing--40)\">\n<div class=\"wp-block-columns alignwide are-vertically-aligned-center is-layout-flex wp-container-core-columns-is-layout-d9ad523d wp-block-columns-is-layout-flex\">\n<div class=\"wp-block-column is-vertically-aligned-center is-layout-flow wp-block-column-is-layout-flow\">\n<figure class=\"wp-block-image size-full\"><img data-recalc-dims=\"1\" decoding=\"async\" width=\"532\" height=\"799\" src=\"https:\/\/i0.wp.com\/bno-travel.com\/wp-content\/uploads\/2025\/06\/18670754034_e10bf74a7e_c.jpg?resize=532%2C799&#038;ssl=1\" alt=\"Golf Trysiliss&#xE4;\" class=\"wp-image-2265\" style=\"aspect-ratio:3\/4;object-fit:cover\" title=\"otsikko\" srcset=\"https:\/\/i0.wp.com\/bno-travel.com\/wp-content\/uploads\/2025\/06\/18670754034_e10bf74a7e_c.jpg?w=532&amp;ssl=1 532w, https:\/\/i0.wp.com\/bno-travel.com\/wp-content\/uploads\/2025\/06\/18670754034_e10bf74a7e_c.jpg?resize=200%2C300&amp;ssl=1 200w\" sizes=\"(max-width: 532px) 100vw, 532px\" \/><\/figure>\n<\/div>\n\n\n\n<div class=\"wp-block-column is-vertically-aligned-center is-content-justification-left is-layout-constrained wp-container-core-column-is-layout-b64f6bf5 wp-block-column-is-layout-constrained\">\n<p class=\"wp-block-paragraph\"><\/p>\n\n\n\n<h2 class=\"wp-block-heading\">Golf Trysiliss\u00e4 ja Engerdalissa - Pelaa vuoriston\u00e4kymill\u00e4, metsiss\u00e4 ja hiljaisuudessa<\/h2>\n\n\n\n<p class=\"wp-block-paragraph\">Tervetuloa Trysiliin ja Engerdaliin - todellinen golfparatiisi luonnonkauniissa ymp\u00e4rist\u00f6ss\u00e4! T\u00e4\u00e4lt\u00e4 l\u00f6yd\u00e4t hyvin hoidetut kent\u00e4t, upeat n\u00e4kym\u00e4t ja rauhallisen ymp\u00e4rist\u00f6n, jotka tekev\u00e4t golfista aivan erityisen kokemuksen. Olitpa sitten kokenut golffari tai lajin uusi harrastaja, Trysil ja Engerdal tarjoavat monipuolisen pelin, hienon ilmapiirin ja ymp\u00e4rist\u00f6n, joka sopii kaikille.  <\/p>\n\n\n\n<p class=\"wp-block-paragraph\">BNO TRAVEL voi auttaa sinua suunnittelemaan t\u00e4ydellisen golfloman, johon sis\u00e4ltyy majoitus, tiiausajat ja perheyst\u00e4v\u00e4llisi\u00e4 aktiviteetteja - kaikki r\u00e4\u00e4t\u00e4l\u00f6ity toiveittesi mukaan.<\/p>\n\n\n\n<p class=\"wp-block-paragraph\">Golfklubitalo ja minigolf koko perheelle<\/p>\n\n\n\n<p class=\"wp-block-paragraph\"><a href=\"https:\/\/www.trysil.com\/bedrifter\/trysilfjellet-golf-as\/trysilfjellet-golfbane\/\" target=\"_blank\" rel=\"noopener\">Trysil Golfbanen<\/a> klubitalo on enemm\u00e4n kuin vain golfareiden kohtaamispaikka. T\u00e4\u00e4lt\u00e4 l\u00f6yd\u00e4t <strong>viihtyis\u00e4n kahvilan<\/strong>, pukuhuoneet, pro shopin ja sosiaalisen ymp\u00e4rist\u00f6n, jossa voit rentoutua kierroksen j\u00e4lkeen. Lapsiperheiden suosiossa on <strong>minigolfrata<\/strong>, joka on helposti saavutettavissa, hauska ja jossa on yksinkertaisia esteit\u00e4, jotka tekev\u00e4t siit\u00e4 hauskan kaikenik\u00e4isille.  <\/p>\n\n\n\n<p class=\"wp-block-paragraph\">Minigolfkentt\u00e4 on avoinna my\u00f6s niille, jotka eiv\u00e4t pelaa tavallista golfia, ja se on loistava tauko py\u00f6r\u00e4ilyn, patikoinnin tai uinnin j\u00e4lkeen.<\/p>\n\n\n\n<div class=\"wp-block-buttons is-layout-flex wp-block-buttons-is-layout-flex\"><\/div>\n<\/div>\n<\/div>\n<\/div>\n\n<div class=\"wp-block-group alignfull is-style-default is-content-justification-center is-layout-constrained wp-container-core-group-is-layout-69af11d0 wp-block-group-is-layout-constrained\" style=\"margin-top:0;margin-bottom:0;padding-top:var(--wp--preset--spacing--40);padding-bottom:var(--wp--preset--spacing--40)\">\n<div class=\"wp-block-group alignwide is-content-justification-left is-layout-constrained wp-container-core-group-is-layout-54d22900 wp-block-group-is-layout-constrained\">\n<p class=\"wp-block-paragraph\">Trysil Golfbane on avoin ja helppok\u00e4ytt\u00f6inen sek\u00e4 kokeneille pelaajille ett\u00e4 tuoreille aloittelijoille. Et tarvitse green cardia kokeillaksesi k\u00e4tt\u00e4si driving range- tai minigolfkent\u00e4ll\u00e4.   <a href=\"https:\/\/www.trysil.com\/bedrifter\/trysilfjellet-golf-as\/trysil-golfklubb\/\" target=\"_blank\" rel=\"noopener\">Jos haluat oppia lis\u00e4\u00e4, voit ilmoittautua kurssille tai saada tutustumistunnin PGA-sertifioidulta kouluttajalta.<\/a><\/p>\n\n\n\n<p class=\"wp-block-paragraph\">My\u00f6s lapset ja nuoret ovat tervetulleita, ja koko kauden ajan j\u00e4rjestet\u00e4\u00e4n erityisi\u00e4 lastenkursseja ja junioritoimintaa. Rauhallisessa ymp\u00e4rist\u00f6ss\u00e4 ja harvojen jonojen ansiosta Trysil on t\u00e4ydellinen paikka oppia lajia turvallisessa ja innostavassa ymp\u00e4rist\u00f6ss\u00e4. <\/p>\n\n\n\n<div class=\"wp-block-buttons is-layout-flex wp-block-buttons-is-layout-flex\"><\/div>\n<\/div>\n<\/div>\n\n<div class=\"wp-block-group alignfull is-content-justification-center is-layout-constrained wp-block-group-is-layout-constrained\" style=\"margin-top:0;margin-bottom:0;padding-top:var(--wp--preset--spacing--40);padding-bottom:var(--wp--preset--spacing--40)\">\n<div class=\"wp-block-columns alignwide are-vertically-aligned-center is-layout-flex wp-container-core-columns-is-layout-7387b849 wp-block-columns-is-layout-flex\">\n<div class=\"wp-block-column is-vertically-aligned-center is-content-justification-left is-layout-constrained wp-container-core-column-is-layout-b64f6bf5 wp-block-column-is-layout-constrained\">\n<h2 class=\"wp-block-heading has-xx-large-font-size\">Tietoja Trysil Golf Course<\/h2>\n\n\n\n<p class=\"wp-block-paragraph\">Trysil Golfbane on <strong>18-reik\u00e4inen mets\u00e4- ja puistokentt\u00e4<\/strong>, joka on suunniteltu Trysilin luonnonmaisemaa my\u00f6t\u00e4ilev\u00e4ksi. Kentt\u00e4 on tunnettu korkeasta tasostaan, luonnonkauniista ymp\u00e4rist\u00f6st\u00e4\u00e4n ja monipuolisista haasteistaan. <\/p>\n\n\n\n<p class=\"wp-block-paragraph\"><strong>T\u00e4ss\u00e4 muutamia kohokohtia:<\/strong><\/p>\n\n\n\n<ul class=\"wp-block-list\">\n<li>18 reik\u00e4\u00e4 - par 72<\/li>\n\n\n\n<li>Pituus valkoiselta tiilt\u00e4: noin 6 400 metri\u00e4. <\/li>\n\n\n\n<li>Driving range ja harjoitusalueet puttausta ja chippausta varten<\/li>\n\n\n\n<li>Golfk\u00e4rryjen vuokraus ja moderni pro shop<\/li>\n\n\n\n<li>Golfkoulu ja kurssit kaikille tasoille<\/li>\n\n\n\n<li>Kausi: yleens\u00e4 toukokuusta lokakuuhun<\/li>\n<\/ul>\n\n\n\n<p class=\"wp-block-paragraph\">Kentt\u00e4 sijaitsee idyllisell\u00e4 paikalla Trysilelva-joen varrella, vain muutaman minuutin p\u00e4\u00e4ss\u00e4 Trysilin keskustasta ja lyhyen matkan p\u00e4\u00e4ss\u00e4 vuoristossa sijaitsevista majoitusalueista. Tunnettu hyv\u00e4st\u00e4 hoidostaan, nopeista viheri\u00f6ist\u00e4\u00e4n ja rauhallisesta ymp\u00e4rist\u00f6st\u00e4\u00e4n, se on ilo sek\u00e4 golfaajille ett\u00e4 katsojille. sy\u00f6 paikallista ruokaa tai nauti vuoriston hiljaisuudesta takkatulen \u00e4\u00e4rell\u00e4. <\/p>\n\n\n\n<p class=\"has-text-align-left wp-block-paragraph\">Klubitalo, pro shop ja minigolf koko perheelle.<\/p>\n\n\n\n<p class=\"wp-block-paragraph\">Golfkent\u00e4n vieress\u00e4 on <strong>moderni klubitalo<\/strong>, jossa on pukuhuoneet, suihkut, kahvila ja viihtyis\u00e4 terassi, josta voit nauttia kent\u00e4n n\u00e4kymist\u00e4. Klubitalo toimii sosiaalisena kokoontumispaikkana, ja siell\u00e4 j\u00e4rjestet\u00e4\u00e4n s\u00e4\u00e4nn\u00f6llisesti turnauksia ja klubi-iltoja. <\/p>\n\n\n\n<div class=\"wp-block-buttons is-layout-flex wp-block-buttons-is-layout-flex\"><\/div>\n<\/div>\n\n\n\n<div class=\"wp-block-column is-vertically-aligned-center is-layout-flow wp-block-column-is-layout-flow\">\n<figure class=\"wp-block-image size-full\"><img data-recalc-dims=\"1\" decoding=\"async\" width=\"799\" height=\"532\" src=\"https:\/\/i0.wp.com\/bno-travel.com\/wp-content\/uploads\/2025\/06\/19105672288_2155e3dd4c_c.jpg?resize=799%2C532&#038;ssl=1\" alt=\"Kes&#xE4; Trysiliss&#xE4;\" class=\"wp-image-2278\" style=\"aspect-ratio:3\/4;object-fit:cover\" srcset=\"https:\/\/i0.wp.com\/bno-travel.com\/wp-content\/uploads\/2025\/06\/19105672288_2155e3dd4c_c.jpg?w=799&amp;ssl=1 799w, https:\/\/i0.wp.com\/bno-travel.com\/wp-content\/uploads\/2025\/06\/19105672288_2155e3dd4c_c.jpg?resize=300%2C200&amp;ssl=1 300w, https:\/\/i0.wp.com\/bno-travel.com\/wp-content\/uploads\/2025\/06\/19105672288_2155e3dd4c_c.jpg?resize=768%2C511&amp;ssl=1 768w\" sizes=\"(max-width: 799px) 100vw, 799px\" \/><\/figure>\n<\/div>\n<\/div>\n<\/div>\n\n<div class=\"wp-block-group alignfull is-style-default is-content-justification-center is-layout-constrained wp-container-core-group-is-layout-69af11d0 wp-block-group-is-layout-constrained\" style=\"margin-top:0;margin-bottom:0;padding-top:var(--wp--preset--spacing--40);padding-bottom:var(--wp--preset--spacing--40)\">\n<div class=\"wp-block-group alignfull is-content-justification-center is-layout-constrained wp-container-core-group-is-layout-4853c3a7 wp-block-group-is-layout-constrained\" style=\"margin-top:0;margin-bottom:0;padding-top:calc( 0.5 * var(u002du002dwpu002du002dstyleu002du002drootu002du002dpadding-right, var(u002du002dwpu002du002dcustomu002du002dgapu002du002dhorizontal)));padding-right:var(u002du002dwpu002du002dstyleu002du002drootu002du002dpadding-right, var(u002du002dwpu002du002dcustomu002du002dgapu002du002dhorizontal));padding-bottom:calc( 0.5 * var(u002du002dwpu002du002dstyleu002du002drootu002du002dpadding-right, var(u002du002dwpu002du002dcustomu002du002dgapu002du002dhorizontal)));padding-left:var(u002du002dwpu002du002dstyleu002du002drootu002du002dpadding-left, var(u002du002dwpu002du002dcustomu002du002dgapu002du002dhorizontal))\">\n<div style=\"height:calc( 0.25 * var(u002du002dwpu002du002dstyleu002du002drootu002du002dpadding-right, var(u002du002dwpu002du002dcustomu002du002dgapu002du002dhorizontal)))\" aria-hidden=\"true\" class=\"wp-block-spacer\"><\/div>\n\n\n\n<div class=\"wp-block-columns alignwide is-layout-flex wp-container-core-columns-is-layout-7387b849 wp-block-columns-is-layout-flex\">\n<div class=\"wp-block-column is-vertically-aligned-center is-layout-flow wp-block-column-is-layout-flow\">\n<figure class=\"wp-block-image size-full\"><img data-recalc-dims=\"1\" loading=\"lazy\" decoding=\"async\" width=\"532\" height=\"799\" src=\"https:\/\/i0.wp.com\/bno-travel.com\/wp-content\/uploads\/2025\/06\/18670754034_e10bf74a7e_c.jpg?resize=532%2C799&#038;ssl=1\" alt=\"\" class=\"wp-image-2265\" style=\"aspect-ratio:3\/4;object-fit:cover\" srcset=\"https:\/\/i0.wp.com\/bno-travel.com\/wp-content\/uploads\/2025\/06\/18670754034_e10bf74a7e_c.jpg?w=532&amp;ssl=1 532w, https:\/\/i0.wp.com\/bno-travel.com\/wp-content\/uploads\/2025\/06\/18670754034_e10bf74a7e_c.jpg?resize=200%2C300&amp;ssl=1 200w\" sizes=\"(max-width: 532px) 100vw, 532px\" \/><\/figure>\n<\/div>\n\n\n\n<div class=\"wp-block-column is-vertically-aligned-center is-layout-flow wp-block-column-is-layout-flow\">\n<p class=\"has-text-align-left wp-block-paragraph\"><\/p>\n\n\n\n<p class=\"wp-block-paragraph\"><strong>Proshopissa<\/strong> on kaikki mit\u00e4 tarvitset golfvarusteiden, -vaatteiden ja -tarvikkeiden osalta - sek\u00e4 ostettavaksi ett\u00e4 vuokrattavaksi. Jos tarvitset apua tekniikan tai varusteiden kanssa, asiantunteva henkil\u00f6kuntamme ja kouluttajamme ovat valmiina auttamaan. <\/p>\n\n\n\n<p class=\"has-text-align-left wp-block-paragraph\">Aivan driving range -kent\u00e4n vieress\u00e4 on my\u00f6s <strong>hieno minigolfrata<\/strong> - t\u00e4ydellinen lapsille tai koko perheen sosiaaliseksi aktiviteetiksi. Minigolfradalla on 9 hauskaa ja haastavaa reik\u00e4\u00e4, ja se on avoin kaikille, my\u00f6s niille, jotka eiv\u00e4t pelaa tavallista golfia. <\/p>\n\n\n\n<p class=\"has-text-align-left wp-block-paragraph\">Trysil - Enemm\u00e4n kuin golf<\/p>\n\n\n\n<p class=\"wp-block-paragraph\">Kun et ole radalla, Trysil tarjoaa kes\u00e4isin monia muita aktiviteetteja: polkupy\u00f6r\u00e4ily\u00e4 Trysil Bike Arenalla, patikointia vuoristossa, kalastusta, melontaa ja ratsastusta. Ulkoilup\u00e4iv\u00e4n j\u00e4lkeen voit nauttia ruokaa ja juomaa paikallisissa ravintoloissa, rentoutua kylpyl\u00e4ss\u00e4 tai tutustua Trysilin keskustan kulttuuriel\u00e4m\u00e4\u00e4n. <\/p>\n\n\n\n<p class=\"has-text-align-left wp-block-paragraph\">Jos matkustat perheen kanssa, tarjolla on my\u00f6s kiipeilypuisto, leikkikentti\u00e4, uintimahdollisuuksia ja aktiviteettialueita, jotka tekev\u00e4t lomastasi t\u00e4ydellisen niin pienille kuin suurillekin.<\/p>\n\n\n\n<p class=\"wp-block-paragraph\">Suunnittele golflomasi BNO TRAVELin kanssa<\/p>\n\n\n\n<p class=\"wp-block-paragraph\">BNO TRAVEL auttaa sinua suunnittelemaan t\u00e4ydellisen golfkokemuksen Trysiliss\u00e4. Autamme sinua r\u00e4\u00e4t\u00e4l\u00f6im\u00e4\u00e4n matkasi <a href=\"https:\/\/bno-travel.com\/fi\/majoitus\/\">majoituksen<\/a>, greenfeen, minigolfin ja aktiviteettien suhteen - ja varmistamme, ett\u00e4 saat kaiken irti lomastasi, matkustitpa sitten yksin, perheen kanssa tai osana ryhm\u00e4\u00e4. <\/p>\n\n\n\n<p class=\"wp-block-paragraph\"><strong>Varaa golflomasi Trysiliin jo t\u00e4n\u00e4\u00e4n<\/strong> - ja ota selv\u00e4\u00e4, miksi yh\u00e4 useammat ihmiset valitsevat vuoristogolfin, jossa on n\u00e4kym\u00e4t, raikas ilma ja laatu joka vaiheessa.<\/p>\n\n\n\n<div class=\"wp-block-buttons is-content-justification-center is-layout-flex wp-container-core-buttons-is-layout-3e41869c wp-block-buttons-is-layout-flex\"><\/div>\n<\/div>\n<\/div>\n\n\n\n<div style=\"height:calc( 0.25 * var(u002du002dwpu002du002dstyleu002du002drootu002du002dpadding-right, var(u002du002dwpu002du002dcustomu002du002dgapu002du002dhorizontal)))\" aria-hidden=\"true\" class=\"wp-block-spacer\"><\/div>\n<\/div>\n\n\n\n<div class=\"wp-block-group alignwide is-content-justification-left is-layout-constrained wp-container-core-group-is-layout-54d22900 wp-block-group-is-layout-constrained\">\n<div class=\"wp-block-buttons is-layout-flex wp-block-buttons-is-layout-flex\"><\/div>\n<\/div>\n<\/div>\n\n<div class=\"wp-block-group alignfull is-style-default is-content-justification-center is-layout-constrained wp-container-core-group-is-layout-cdf99998 wp-block-group-is-layout-constrained\" style=\"margin-top:0;margin-bottom:0;padding-top:var(--wp--preset--spacing--40);padding-bottom:var(--wp--preset--spacing--40)\"><\/div>\n\n<p class=\"wp-block-paragraph\"><\/p>\n","protected":false},"excerpt":{"rendered":"<p>Golf Trysiliss\u00e4 ja Engerdalissa - Pelaa vuoriston\u00e4kymill\u00e4, metsiss\u00e4 ja hiljaisuudessa Tervetuloa Trysiliin ja Engerdaliin - todellinen golfparatiisi luonnonkauniissa ymp\u00e4rist\u00f6ss\u00e4! T\u00e4\u00e4lt\u00e4 l\u00f6yd\u00e4t hyvin hoidetut kent\u00e4t, upeat n\u00e4kym\u00e4t ja rauhallisen ymp\u00e4rist\u00f6n, jotka tekev\u00e4t golfista aivan erityisen kokemuksen. Olitpa sitten kokenut golffari tai lajin uusi harrastaja, Trysil ja Engerdal tarjoavat monipuolisen pelin, hienon ilmapiirin ja ymp\u00e4rist\u00f6n, joka sopii [&hellip;]<\/p>\n","protected":false},"author":260013438,"featured_media":0,"parent":0,"menu_order":0,"comment_status":"closed","ping_status":"closed","template":"","meta":{"_crdt_document":"","footnotes":""},"class_list":["post-4304","page","type-page","status-publish","hentry"],"jetpack_likes_enabled":true,"jetpack_sharing_enabled":true,"jetpack_shortlink":"https:\/\/wp.me\/PgDuwj-17q","jetpack-related-posts":[{"id":2831,"url":"https:\/\/bno-travel.com\/fi\/tutustu-trysiliin-trysilys-ympari-vuoden-aktiivilomailijoille\/","url_meta":{"origin":4304,"position":0},"title":"Tutustu Trysiliin: Trysilys: Ymp\u00e4ri vuoden aktiivilomailijoille","author":"Jan Terje \u00c5s","date":"18.7.2025","format":false,"excerpt":"Kokemus Trysil \u2605\u2605\u2605\u2605\u2605 T\u00e4\u00e4lt\u00e4 l\u00f6yd\u00e4t majoitusta Trysil Trysil ei ole vain Norjan suurin hiihtokohde, vaan se on my\u00f6s ymp\u00e4rivuotinen paratiisi aktiivisille vieraille, perheille ja luonnon yst\u00e4ville. Vierailitpa vuorella vauhtia ja j\u00e4nnityst\u00e4, rentoutumista tai laadukasta perheaikaa etsim\u00e4ss\u00e4, l\u00f6yd\u00e4t varmasti juuri sinulle sopivia el\u00e4myksi\u00e4. Kun tukikohtanasi on BNO TRAVEL, p\u00e4\u00e4set helposti monenlaisiin\u2026","rel":"","context":"Samankaltainen artikkeli","block_context":{"text":"Samankaltainen artikkeli","link":""},"img":{"alt_text":"Opplev Trysil","src":"https:\/\/i0.wp.com\/bno-travel.com\/wp-content\/uploads\/2025\/07\/20.06.19_Dronebilder-Sentrum_FULLSIZE-2.jpg?resize=350%2C200&ssl=1","width":350,"height":200,"srcset":"https:\/\/i0.wp.com\/bno-travel.com\/wp-content\/uploads\/2025\/07\/20.06.19_Dronebilder-Sentrum_FULLSIZE-2.jpg?resize=350%2C200&ssl=1 1x, https:\/\/i0.wp.com\/bno-travel.com\/wp-content\/uploads\/2025\/07\/20.06.19_Dronebilder-Sentrum_FULLSIZE-2.jpg?resize=525%2C300&ssl=1 1.5x, https:\/\/i0.wp.com\/bno-travel.com\/wp-content\/uploads\/2025\/07\/20.06.19_Dronebilder-Sentrum_FULLSIZE-2.jpg?resize=700%2C400&ssl=1 2x, https:\/\/i0.wp.com\/bno-travel.com\/wp-content\/uploads\/2025\/07\/20.06.19_Dronebilder-Sentrum_FULLSIZE-2.jpg?resize=1050%2C600&ssl=1 3x, https:\/\/i0.wp.com\/bno-travel.com\/wp-content\/uploads\/2025\/07\/20.06.19_Dronebilder-Sentrum_FULLSIZE-2.jpg?resize=1400%2C800&ssl=1 4x"},"classes":[]},{"id":4076,"url":"https:\/\/bno-travel.com\/fi\/keilailu-trysilissa\/","url_meta":{"origin":4304,"position":1},"title":"Keilailu Trysiliss\u00e4","author":"Jan Terje \u00c5s","date":"18.7.2025","format":false,"excerpt":"Keilailu Trysiliss\u00e4 - t\u00e4ydellinen aktiviteetti koko perheelle. Keilailu on suosittu ja seurallinen harrastus niin nuorille kuin vanhoillekin, ja Trysilist\u00e4 l\u00f6yd\u00e4t modernin ja viihtyis\u00e4n keilailukeskuksen aivan vuoristokohteen syd\u00e4mest\u00e4. Olitpa Trysiliss\u00e4 lomalla perheen kanssa, yst\u00e4v\u00e4porukalla tai yritysretkell\u00e4, keilailu on loistava vaihtoehto ulkoilma-aktiviteeteille - etenkin sateisina p\u00e4ivin\u00e4 tai miellytt\u00e4v\u00e4n\u00e4 iltaharrastuksena aktiivisen p\u00e4iv\u00e4n j\u00e4lkeen.\u2026","rel":"","context":"Samankaltainen artikkeli","block_context":{"text":"Samankaltainen artikkeli","link":""},"img":{"alt_text":"Bowling i Trysil","src":"https:\/\/i0.wp.com\/bno-travel.com\/wp-content\/uploads\/2025\/06\/52198855347_f963be3dbf_c.jpg?resize=350%2C200&ssl=1","width":350,"height":200,"srcset":"https:\/\/i0.wp.com\/bno-travel.com\/wp-content\/uploads\/2025\/06\/52198855347_f963be3dbf_c.jpg?resize=350%2C200&ssl=1 1x, https:\/\/i0.wp.com\/bno-travel.com\/wp-content\/uploads\/2025\/06\/52198855347_f963be3dbf_c.jpg?resize=525%2C300&ssl=1 1.5x, https:\/\/i0.wp.com\/bno-travel.com\/wp-content\/uploads\/2025\/06\/52198855347_f963be3dbf_c.jpg?resize=700%2C400&ssl=1 2x"},"classes":[]},{"id":4179,"url":"https:\/\/bno-travel.com\/fi\/patikointi-trysilissa\/","url_meta":{"origin":4304,"position":2},"title":"Patikointi Trysiliss\u00e4","author":"Jan Terje \u00c5s","date":"18.7.2025","format":false,"excerpt":"Patikointi Trysiliss\u00e4 - Upeat vaellukset, huiput ja luontokokemukset Tervetuloa Trysiliin - ymp\u00e4rivuotiseen kohteeseen, joka tarjoaa paljon muutakin kuin lunta ja laskettelua! Kun vuoret vihert\u00e4v\u00e4t ja ilma on l\u00e4mmin, Trysil avautuu monenlaisille vaelluksille, huippuretkille ja j\u00e4nnitt\u00e4ville luontoel\u00e4myksille. Etsitp\u00e4 sitten leppoisaa mets\u00e4k\u00e4vely\u00e4, perheyst\u00e4v\u00e4llist\u00e4 sauvak\u00e4vely\u00e4 tai haastavaa huippuretke\u00e4 upeilla n\u00e4k\u00f6aloilla, Trysilist\u00e4 l\u00f6yd\u00e4t tarvitsemasi.\u2026","rel":"","context":"Samankaltainen artikkeli","block_context":{"text":"Samankaltainen artikkeli","link":""},"img":{"alt_text":"Vandring i Trysil","src":"https:\/\/i0.wp.com\/bno-travel.com\/wp-content\/uploads\/2025\/06\/27930399740_e3e100021e_c.jpg?resize=350%2C200&ssl=1","width":350,"height":200,"srcset":"https:\/\/i0.wp.com\/bno-travel.com\/wp-content\/uploads\/2025\/06\/27930399740_e3e100021e_c.jpg?resize=350%2C200&ssl=1 1x, https:\/\/i0.wp.com\/bno-travel.com\/wp-content\/uploads\/2025\/06\/27930399740_e3e100021e_c.jpg?resize=525%2C300&ssl=1 1.5x, https:\/\/i0.wp.com\/bno-travel.com\/wp-content\/uploads\/2025\/06\/27930399740_e3e100021e_c.jpg?resize=700%2C400&ssl=1 2x"},"classes":[]},{"id":4103,"url":"https:\/\/bno-travel.com\/fi\/ravintolat-trysilissa\/","url_meta":{"origin":4304,"position":3},"title":"Ravintolat Trysiliss\u00e4","author":"Jan Terje \u00c5s","date":"18.7.2025","format":false,"excerpt":"Ravintolat ja ruokapaikat Trysiliss\u00e4 - Makuel\u00e4myksi\u00e4 ymp\u00e4ri vuoden Trysil tarjoaa paljon muutakin kuin upeita laskettelurinteit\u00e4 ja vuoristomaisemia. Vierailitpa alueella talvella tai kes\u00e4ll\u00e4, voit nauttia runsaasta valikoimasta ravintoloita, kahviloita ja apr\u00e8s-ski-paikkoja - kaikkea gourmet-ravintoloista pikaruokaan. Jokaiselle l\u00f6ytyy jotakin, asuitpa miss\u00e4 tahansa vuoristossa. Annamme sinulle yleiskatsauksen ruokapaikoista Trysil Sentrumissa, Trysil Turistsenteriss\u00e4, Trysilfjell\u2026","rel":"","context":"Samankaltainen artikkeli","block_context":{"text":"Samankaltainen artikkeli","link":""},"img":{"alt_text":"Skistar Logde Trysil","src":"https:\/\/i0.wp.com\/bno-travel.com\/wp-content\/uploads\/2025\/07\/52199845033_2c000ed2d7_c.jpg?resize=350%2C200&ssl=1","width":350,"height":200,"srcset":"https:\/\/i0.wp.com\/bno-travel.com\/wp-content\/uploads\/2025\/07\/52199845033_2c000ed2d7_c.jpg?resize=350%2C200&ssl=1 1x, https:\/\/i0.wp.com\/bno-travel.com\/wp-content\/uploads\/2025\/07\/52199845033_2c000ed2d7_c.jpg?resize=525%2C300&ssl=1 1.5x, https:\/\/i0.wp.com\/bno-travel.com\/wp-content\/uploads\/2025\/07\/52199845033_2c000ed2d7_c.jpg?resize=700%2C400&ssl=1 2x"},"classes":[]},{"id":4073,"url":"https:\/\/bno-travel.com\/fi\/kylpylat-ja-kylpylat-trysilissa\/","url_meta":{"origin":4304,"position":4},"title":"Kylpyl\u00e4t ja kylpyl\u00e4t Trysiliss\u00e4","author":"Jan Terje \u00c5s","date":"18.7.2025","format":false,"excerpt":"Kylpyl\u00e4t ja kylpyl\u00e4t Trysiliss\u00e4 - Rentoutumista ja hyvinvointia vuoristossa Trysil ei ole vain nopeutta ja j\u00e4nnityst\u00e4 etsiville - se on my\u00f6s kohde niille, jotka etsiv\u00e4t rauhaa, hyvinvointia ja aitoa vuoristomaisuutta. Trysiliss\u00e4 on hyv\u00e4 valikoima kylpyl\u00e4- ja kylpyl\u00e4hetki\u00e4 sek\u00e4 perheille ett\u00e4 pariskunnille, ja se on t\u00e4ydellinen paikka yhdist\u00e4\u00e4 aktiiviset p\u00e4iv\u00e4t rentoutumiseen\u2026","rel":"","context":"Samankaltainen artikkeli","block_context":{"text":"Samankaltainen artikkeli","link":""},"img":{"alt_text":"Spa og bad i Trysil","src":"https:\/\/i0.wp.com\/bno-travel.com\/wp-content\/uploads\/2025\/07\/52199820901_706171c188_c.jpg?resize=350%2C200&ssl=1","width":350,"height":200,"srcset":"https:\/\/i0.wp.com\/bno-travel.com\/wp-content\/uploads\/2025\/07\/52199820901_706171c188_c.jpg?resize=350%2C200&ssl=1 1x, https:\/\/i0.wp.com\/bno-travel.com\/wp-content\/uploads\/2025\/07\/52199820901_706171c188_c.jpg?resize=525%2C300&ssl=1 1.5x, https:\/\/i0.wp.com\/bno-travel.com\/wp-content\/uploads\/2025\/07\/52199820901_706171c188_c.jpg?resize=700%2C400&ssl=1 2x"},"classes":[]},{"id":2904,"url":"https:\/\/bno-travel.com\/fi\/alppihiihto-trysilissa-2\/","url_meta":{"origin":4304,"position":5},"title":"Alppihiihto Trysiliss\u00e4 - Norjan suurin hiihtokohde","author":"Jan Terje \u00c5s","date":"18.7.2025","format":false,"excerpt":"Nauti upeista p\u00e4ivist\u00e4 rinteiss\u00e4 Alpintin kanssa Trysiliss\u00e4 \u2605\u2605\u2605\u2605 varaa majoitus nyt Trysil on Norjan suurin ja t\u00e4ydellisin hiihtokohde, jossa on 69 rinnett\u00e4, 32 hissi\u00e4 ja monipuolisia maastoja koko perheelle. Nyt Trysilin hiihtokeskus saa uutta vauhtia, kun Trysilin ensimm\u00e4inen gondolihissi avataan! Majoitu BNO TRAVELin kautta ski-in\/ski-out-j\u00e4rjestelyin, ja saat rinteet, lasten alueet\u2026","rel":"","context":"Samankaltainen artikkeli","block_context":{"text":"Samankaltainen artikkeli","link":""},"img":{"alt_text":"","src":"https:\/\/i0.wp.com\/bno-travel.com\/wp-content\/uploads\/2025\/06\/BTO_JAP9543.jpg?resize=350%2C200&ssl=1","width":350,"height":200,"srcset":"https:\/\/i0.wp.com\/bno-travel.com\/wp-content\/uploads\/2025\/06\/BTO_JAP9543.jpg?resize=350%2C200&ssl=1 1x, https:\/\/i0.wp.com\/bno-travel.com\/wp-content\/uploads\/2025\/06\/BTO_JAP9543.jpg?resize=525%2C300&ssl=1 1.5x, https:\/\/i0.wp.com\/bno-travel.com\/wp-content\/uploads\/2025\/06\/BTO_JAP9543.jpg?resize=700%2C400&ssl=1 2x, https:\/\/i0.wp.com\/bno-travel.com\/wp-content\/uploads\/2025\/06\/BTO_JAP9543.jpg?resize=1050%2C600&ssl=1 3x, https:\/\/i0.wp.com\/bno-travel.com\/wp-content\/uploads\/2025\/06\/BTO_JAP9543.jpg?resize=1400%2C800&ssl=1 4x"},"classes":[]}],"_links":{"self":[{"href":"https:\/\/bno-travel.com\/fi\/wp-json\/wp\/v2\/pages\/4304","targetHints":{"allow":["GET"]}}],"collection":[{"href":"https:\/\/bno-travel.com\/fi\/wp-json\/wp\/v2\/pages"}],"about":[{"href":"https:\/\/bno-travel.com\/fi\/wp-json\/wp\/v2\/types\/page"}],"author":[{"embeddable":true,"href":"https:\/\/bno-travel.com\/fi\/wp-json\/wp\/v2\/users\/260013438"}],"replies":[{"embeddable":true,"href":"https:\/\/bno-travel.com\/fi\/wp-json\/wp\/v2\/comments?post=4304"}],"version-history":[{"count":4,"href":"https:\/\/bno-travel.com\/fi\/wp-json\/wp\/v2\/pages\/4304\/revisions"}],"predecessor-version":[{"id":5239,"href":"https:\/\/bno-travel.com\/fi\/wp-json\/wp\/v2\/pages\/4304\/revisions\/5239"}],"wp:attachment":[{"href":"https:\/\/bno-travel.com\/fi\/wp-json\/wp\/v2\/media?parent=4304"}],"curies":[{"name":"wp","href":"https:\/\/api.w.org\/{rel}","templated":true}]}}