{"id":4329,"date":"2025-10-11T13:38:52","date_gmt":"2025-10-11T11:38:52","guid":{"rendered":"https:\/\/bno-travel.com\/?page_id=4329"},"modified":"2025-10-11T13:39:20","modified_gmt":"2025-10-11T11:39:20","slug":"moottorikelkat-trysil","status":"publish","type":"page","link":"https:\/\/bno-travel.com\/fi\/moottorikelkat-trysil\/","title":{"rendered":"Moottorikelkat Trysil"},"content":{"rendered":"\n<p class=\"wp-block-paragraph\"><\/p>\n\n<div class=\"wp-block-cover alignfull\" style=\"margin-top:0;margin-bottom:0;padding-top:var(--wp--preset--spacing--20);padding-right:var(--wp--preset--spacing--40);padding-bottom:var(--wp--preset--spacing--20);padding-left:var(--wp--preset--spacing--40);min-height:916px;aspect-ratio:unset;\"><img data-recalc-dims=\"1\" fetchpriority=\"high\" decoding=\"async\" width=\"800\" height=\"534\" class=\"wp-block-cover__image-background wp-image-3280 size-large\" alt=\"Sn\u00f8scooter i Trysil\" src=\"https:\/\/i0.wp.com\/bno-travel.com\/wp-content\/uploads\/2025\/07\/10000-4718.jpg?resize=800%2C534&#038;ssl=1\" style=\"object-position:49% 68%\" data-object-fit=\"cover\" data-object-position=\"49% 68%\" srcset=\"https:\/\/i0.wp.com\/bno-travel.com\/wp-content\/uploads\/2025\/07\/10000-4718.jpg?resize=1024%2C683&amp;ssl=1 1024w, https:\/\/i0.wp.com\/bno-travel.com\/wp-content\/uploads\/2025\/07\/10000-4718.jpg?resize=300%2C200&amp;ssl=1 300w, https:\/\/i0.wp.com\/bno-travel.com\/wp-content\/uploads\/2025\/07\/10000-4718.jpg?resize=768%2C512&amp;ssl=1 768w, https:\/\/i0.wp.com\/bno-travel.com\/wp-content\/uploads\/2025\/07\/10000-4718.jpg?resize=1536%2C1024&amp;ssl=1 1536w, https:\/\/i0.wp.com\/bno-travel.com\/wp-content\/uploads\/2025\/07\/10000-4718.jpg?resize=2048%2C1365&amp;ssl=1 2048w, https:\/\/i0.wp.com\/bno-travel.com\/wp-content\/uploads\/2025\/07\/10000-4718.jpg?w=1600&amp;ssl=1 1600w, https:\/\/i0.wp.com\/bno-travel.com\/wp-content\/uploads\/2025\/07\/10000-4718.jpg?w=2400&amp;ssl=1 2400w\" sizes=\"(max-width: 800px) 100vw, 800px\" \/><span aria-hidden=\"true\" class=\"wp-block-cover__background has-theme-1-background-color has-background-dim-30 has-background-dim\"><\/span><div class=\"wp-block-cover__inner-container is-layout-flow wp-block-cover-is-layout-flow\">\n<div style=\"height:var(--wp--preset--spacing--50)\" aria-hidden=\"true\" class=\"wp-block-spacer\"><\/div>\n\n\n\n<div class=\"wp-block-group is-layout-constrained wp-block-group-is-layout-constrained\">\n<p class=\"has-text-align-center wp-block-paragraph\"><\/p>\n\n\n\n<div class=\"wp-block-buttons is-content-justification-center is-layout-flex wp-container-core-buttons-is-layout-3e41869c wp-block-buttons-is-layout-flex\"><\/div>\n<\/div>\n\n\n\n<div style=\"height:var(--wp--preset--spacing--50)\" aria-hidden=\"true\" class=\"wp-block-spacer\"><\/div>\n<\/div><\/div>\n\n<div class=\"wp-block-group alignfull is-style-section-3 is-layout-constrained wp-block-group-is-layout-constrained\" style=\"margin-top:0;margin-bottom:0;padding-top:var(--wp--preset--spacing--40);padding-bottom:var(--wp--preset--spacing--40)\">\n<div class=\"wp-block-columns alignwide are-vertically-aligned-center is-layout-flex wp-container-core-columns-is-layout-d9ad523d wp-block-columns-is-layout-flex\">\n<div class=\"wp-block-column is-vertically-aligned-center is-layout-flow wp-block-column-is-layout-flow\">\n<figure class=\"wp-block-image size-full\"><img data-recalc-dims=\"1\" decoding=\"async\" width=\"800\" height=\"533\" src=\"https:\/\/i0.wp.com\/bno-travel.com\/wp-content\/uploads\/2025\/07\/10001-4897.jpg?resize=800%2C533&#038;ssl=1\" alt=\"Moottorikelkat Trysiliss&#xE4; ja Engerdalissa\" class=\"wp-image-3293\" style=\"aspect-ratio:3\/4;object-fit:cover\" title=\"otsikko\" srcset=\"https:\/\/i0.wp.com\/bno-travel.com\/wp-content\/uploads\/2025\/07\/10001-4897.jpg?w=5025&amp;ssl=1 5025w, https:\/\/i0.wp.com\/bno-travel.com\/wp-content\/uploads\/2025\/07\/10001-4897.jpg?resize=300%2C200&amp;ssl=1 300w, https:\/\/i0.wp.com\/bno-travel.com\/wp-content\/uploads\/2025\/07\/10001-4897.jpg?resize=1024%2C683&amp;ssl=1 1024w, https:\/\/i0.wp.com\/bno-travel.com\/wp-content\/uploads\/2025\/07\/10001-4897.jpg?resize=768%2C512&amp;ssl=1 768w, https:\/\/i0.wp.com\/bno-travel.com\/wp-content\/uploads\/2025\/07\/10001-4897.jpg?resize=1536%2C1024&amp;ssl=1 1536w, https:\/\/i0.wp.com\/bno-travel.com\/wp-content\/uploads\/2025\/07\/10001-4897.jpg?resize=2048%2C1365&amp;ssl=1 2048w, https:\/\/i0.wp.com\/bno-travel.com\/wp-content\/uploads\/2025\/07\/10001-4897.jpg?w=1600&amp;ssl=1 1600w, https:\/\/i0.wp.com\/bno-travel.com\/wp-content\/uploads\/2025\/07\/10001-4897.jpg?w=2400&amp;ssl=1 2400w\" sizes=\"(max-width: 800px) 100vw, 800px\" \/><\/figure>\n<\/div>\n\n\n\n<div class=\"wp-block-column is-vertically-aligned-center is-content-justification-left is-layout-constrained wp-container-core-column-is-layout-b64f6bf5 wp-block-column-is-layout-constrained\">\n<p class=\"wp-block-paragraph\"><\/p>\n\n\n\n<h2 class=\"wp-block-heading\">Moottorikelkkailu Trysiliss\u00e4 ja Engerdalissa - vauhdikkaita seikkailuja Norjan villiin luontoon<\/h2>\n\n\n\n<p class=\"wp-block-paragraph\">Tervetuloa Trysiliin ja Engerdaliin - kahteen Norjan kauneimpaan moottorikelkkailualueeseen, jossa voit kokea todellisen talviseikkailun moottorikelkalla! T\u00e4\u00e4lt\u00e4 l\u00f6yd\u00e4t kilometreitt\u00e4in viitoitettuja reittej\u00e4, ammattitaitoisia opastettuja retki\u00e4 ja mahdollisuuden vuokrata moottorikelkka p\u00e4iv\u00e4ksi tai viikonlopuksi. Etsitp\u00e4 sitten vauhtia, luontoel\u00e4myksi\u00e4 tai haluat vain kokeilla jotain uutta - moottorikelkkailu on loistava vaihtoehto hiiht\u00e4miselle ja lumilautailulle.  <\/p>\n\n\n\n<p class=\"wp-block-paragraph\"><strong>BNO TRAVEL<\/strong> auttaa sinua suunnittelemaan moottorikelkkamatkasi alusta loppuun - majoituksen, moottorikelkan vuokrauksen, oppaan ja kuljetuksen. Kaikki on j\u00e4rjestetty niin, ett\u00e4 saat turvallisen, hauskan ja unohtumattoman kokemuksen talvisilla vuorilla.   <\/p>\n\n\n\n<p class=\"wp-block-paragraph\">Kolme aluetta, joihin voi tutustua moottorikelkalla<\/p>\n\n\n\n<p class=\"wp-block-paragraph\">1. Engerdalin moottorikelkkareitit<\/p>\n\n\n\n<p class=\"wp-block-paragraph\">Norjan laajin moottorikelkkareittiverkosto. Reitit kulkevat metsien, vuorten ja j\u00e4rvien halki - upeat n\u00e4kym\u00e4t ja hyvin j\u00e4rjestetty ajo. <\/p>\n\n\n\n<p class=\"wp-block-paragraph\">2. Drevsj\u00f8 ja Femund<\/p>\n\n\n\n<p class=\"wp-block-paragraph\">Moottorikelkkaretket kansallisen romanttisen vuoristoluonnon l\u00e4pi ja l\u00e4hell\u00e4 Femundsmarkaa. Sopii niille, jotka etsiv\u00e4t pitk\u00e4n matkan retki\u00e4 ja er\u00e4maaluonnetta. <\/p>\n\n\n\n<p class=\"wp-block-paragraph\">3. Trysilin l\u00e4hialue<\/p>\n\n\n\n<p class=\"wp-block-paragraph\">J\u00e4rjestetyt opastetut retket Trysilfjelletin l\u00e4hell\u00e4. T\u00e4ydellinen niille, jotka haluavat yhdist\u00e4\u00e4 hiihtoloman uuteen ja erilaiseen talviaktiviteettiin. <\/p>\n\n\n\n<div class=\"wp-block-buttons is-layout-flex wp-block-buttons-is-layout-flex\"><\/div>\n<\/div>\n<\/div>\n<\/div>\n\n<div class=\"wp-block-group alignfull is-style-default is-content-justification-center is-layout-constrained wp-container-core-group-is-layout-69af11d0 wp-block-group-is-layout-constrained\" style=\"margin-top:0;margin-bottom:0;padding-top:var(--wp--preset--spacing--40);padding-bottom:var(--wp--preset--spacing--40)\">\n<div class=\"wp-block-group alignwide is-content-justification-left is-layout-constrained wp-container-core-group-is-layout-54d22900 wp-block-group-is-layout-constrained\">\n<p class=\"wp-block-paragraph\">Moottorikelkkaretket ja <a href=\"https:\/\/www.trysilbb.no\/#forside\" target=\"_blank\" rel=\"noopener\">moottorikelkan vuokraus<\/a><\/p>\n\n\n\n<p class=\"wp-block-paragraph\">Voit valita seuraavista vaihtoehdoista:<\/p>\n\n\n\n<ul class=\"wp-block-list\">\n<li>1-4 tunnin <strong>opastetut kierrokset<\/strong> <\/li>\n\n\n\n<li><strong>Kokop\u00e4iv\u00e4kokemukset<\/strong>, joihin sis\u00e4ltyy ruokataukoja ja pys\u00e4hdyksi\u00e4 n\u00e4k\u00f6alapaikoilla.<\/li>\n\n\n\n<li><strong>Skootterin vuokraus<\/strong>, jossa voit ajaa itse merkityill\u00e4 reiteill\u00e4 (Engerdalissa).<\/li>\n\n\n\n<li>Yhdistelm\u00e4paketit, joihin sis\u00e4ltyy <strong>j\u00e4\u00e4kalastus, lounas er\u00e4maassa tai majoitus.<\/strong><\/li>\n<\/ul>\n\n\n\n<p class=\"wp-block-paragraph\">Kaikki retket alkavat vakiintuneilta tukikohdilta, joilla on hyv\u00e4t tilat ja pys\u00e4k\u00f6intimahdollisuus. BNO TRAVEL tekee yhteisty\u00f6t\u00e4 luotettavien paikallisten toimijoiden kanssa skootterien vuokrausta ja opastusta varten. <\/p>\n\n\n\n<div class=\"wp-block-buttons is-layout-flex wp-block-buttons-is-layout-flex\"><\/div>\n<\/div>\n<\/div>\n\n<div class=\"wp-block-group alignfull is-content-justification-center is-layout-constrained wp-block-group-is-layout-constrained\" style=\"margin-top:0;margin-bottom:0;padding-top:var(--wp--preset--spacing--40);padding-bottom:var(--wp--preset--spacing--40)\">\n<div class=\"wp-block-columns alignwide are-vertically-aligned-center is-layout-flex wp-container-core-columns-is-layout-7387b849 wp-block-columns-is-layout-flex\">\n<div class=\"wp-block-column is-vertically-aligned-center is-content-justification-left is-layout-constrained wp-container-core-column-is-layout-b64f6bf5 wp-block-column-is-layout-constrained\">\n<h2 class=\"wp-block-heading has-xx-large-font-size\">Faktoja moottorikelkkailukokemuksista Trysiliss\u00e4 ja Engerdalissa<\/h2>\n\n\n\n<p class=\"wp-block-paragraph\">Trysil ja erityisesti naapurikunta Engerdal ovat tunnettuja laillisista ja hyvin j\u00e4rjestetyist\u00e4 moottorikelkkareiteist\u00e4\u00e4n. T\u00e4ss\u00e4 muutamia kohokohtia: <\/p>\n\n\n\n<ul class=\"wp-block-list\">\n<li><strong>Yli 300 km merkittyj\u00e4 moottorikelkkareittej\u00e4<\/strong> Engerdalissa.<\/li>\n\n\n\n<li><strong>J\u00e4rjestetyt moottorikelkkaretket<\/strong> kokeneiden oppaiden kanssa<\/li>\n\n\n\n<li><strong>Moottorikelkan vuokraus<\/strong> sek\u00e4 p\u00e4iv\u00e4- ett\u00e4 viikonloppuvuokrauksena.<\/li>\n\n\n\n<li><strong>Turvalliset reitit<\/strong> vuoristossa, metsiss\u00e4 ja j\u00e4\u00e4tyneiden vesien yli<\/li>\n\n\n\n<li><strong>Aloittelijoille sopivia<\/strong>, mutta my\u00f6s haastavia reittej\u00e4 kokeneille kuljettajille.<\/li>\n\n\n\n<li><strong>Matkustajavaihtoehto<\/strong>, t\u00e4ydellinen pariskunnille tai vanhemmille lasten kanssa.<\/li>\n<\/ul>\n\n\n\n<p class=\"wp-block-paragraph\">Kaikki ajo tapahtuu hyv\u00e4ksytyill\u00e4 moottorikelkkareiteill\u00e4, ja turvavarusteet sis\u00e4ltyv\u00e4t vuokraan. Tarvitset voimassa olevan auton ajokortin (B-luokka), ja koulutusta annetaan tarvittaessa.Gondoli tarjoaa mukavan, s\u00e4\u00e4lt\u00e4 suojatun kuljetuksen laaksosta huipulle - t\u00e4ydellinen vaihtoehto sek\u00e4 hiihtoharrastajille ett\u00e4 perheille. Gondoli vahvistaa yhteytt\u00e4 vuoren eri osien v\u00e4lill\u00e4 ja parantaa lomakeskuksen sujuvuutta erityisesti sesonkiaikana.  <\/p>\n\n\n\n<p class=\"wp-block-paragraph\">Trysil ja Engerdal - muutakin kuin hiihtoa<\/p>\n\n\n\n<p class=\"wp-block-paragraph\">Moottorikelkat ovat loistava vaihtoehto tai lis\u00e4 klassisille talviaktiviteeteille, kuten hiiht\u00e4miselle ja lumilautailulle. Koe vuoret uudella tavalla - vauhtia, j\u00e4nnityst\u00e4 ja kosketusta luontoon. Retken j\u00e4lkeen voit rentoutua kuumassa saunassa, sy\u00f6d\u00e4 paikallista ruokaa tai nauttia vuoriston hiljaisuudesta takkatulen \u00e4\u00e4rell\u00e4.  <\/p>\n\n\n\n<div class=\"wp-block-buttons is-layout-flex wp-block-buttons-is-layout-flex\"><\/div>\n<\/div>\n\n\n\n<div class=\"wp-block-column is-vertically-aligned-center is-layout-flow wp-block-column-is-layout-flow\">\n<figure class=\"wp-block-image size-full\"><img data-recalc-dims=\"1\" decoding=\"async\" width=\"800\" height=\"533\" src=\"https:\/\/i0.wp.com\/bno-travel.com\/wp-content\/uploads\/2025\/07\/10001-4880.jpg?resize=800%2C533&#038;ssl=1\" alt=\"Opastettu moottorikelkkaretki vauhdilla ja hauskasti\" class=\"wp-image-3309\" style=\"aspect-ratio:3\/4;object-fit:cover\" srcset=\"https:\/\/i0.wp.com\/bno-travel.com\/wp-content\/uploads\/2025\/07\/10001-4880.jpg?w=3699&amp;ssl=1 3699w, https:\/\/i0.wp.com\/bno-travel.com\/wp-content\/uploads\/2025\/07\/10001-4880.jpg?resize=300%2C200&amp;ssl=1 300w, https:\/\/i0.wp.com\/bno-travel.com\/wp-content\/uploads\/2025\/07\/10001-4880.jpg?resize=1024%2C683&amp;ssl=1 1024w, https:\/\/i0.wp.com\/bno-travel.com\/wp-content\/uploads\/2025\/07\/10001-4880.jpg?resize=768%2C512&amp;ssl=1 768w, https:\/\/i0.wp.com\/bno-travel.com\/wp-content\/uploads\/2025\/07\/10001-4880.jpg?resize=1536%2C1024&amp;ssl=1 1536w, https:\/\/i0.wp.com\/bno-travel.com\/wp-content\/uploads\/2025\/07\/10001-4880.jpg?resize=2048%2C1365&amp;ssl=1 2048w, https:\/\/i0.wp.com\/bno-travel.com\/wp-content\/uploads\/2025\/07\/10001-4880.jpg?w=1600&amp;ssl=1 1600w, https:\/\/i0.wp.com\/bno-travel.com\/wp-content\/uploads\/2025\/07\/10001-4880.jpg?w=2400&amp;ssl=1 2400w\" sizes=\"(max-width: 800px) 100vw, 800px\" \/><\/figure>\n<\/div>\n<\/div>\n<\/div>\n\n<div class=\"wp-block-group alignfull is-style-default is-content-justification-center is-layout-constrained wp-container-core-group-is-layout-69af11d0 wp-block-group-is-layout-constrained\" style=\"margin-top:0;margin-bottom:0;padding-top:var(--wp--preset--spacing--40);padding-bottom:var(--wp--preset--spacing--40)\">\n<div class=\"wp-block-group alignfull is-content-justification-center is-layout-constrained wp-container-core-group-is-layout-81aa85af wp-block-group-is-layout-constrained\" style=\"margin-top:0;margin-bottom:0;padding-top:calc( 0.5 * var(--wp--style--root--padding-right, var(--wp--custom--gap--horizontal)));padding-right:var(--wp--style--root--padding-right, var(--wp--custom--gap--horizontal));padding-bottom:calc( 0.5 * var(--wp--style--root--padding-right, var(--wp--custom--gap--horizontal)));padding-left:var(--wp--style--root--padding-left, var(--wp--custom--gap--horizontal))\">\n<div style=\"height:calc( 0.25 * var(--wp--style--root--padding-right, var(--wp--custom--gap--horizontal)))\" aria-hidden=\"true\" class=\"wp-block-spacer\"><\/div>\n\n\n\n<div class=\"wp-block-columns alignwide is-layout-flex wp-container-core-columns-is-layout-7387b849 wp-block-columns-is-layout-flex\">\n<div class=\"wp-block-column is-vertically-aligned-center is-layout-flow wp-block-column-is-layout-flow\">\n<figure class=\"wp-block-image size-full\"><img data-recalc-dims=\"1\" decoding=\"async\" src=\"https:\/\/i0.wp.com\/bno-travel.com\/wp-content\/uploads\/2025\/07\/IMG_3633-%E2%80%93-Kopi.jpg?w=800&#038;ssl=1\" alt=\"Huone 726 yhdistettyn&#xE4; moottorikelkan kanssa\" class=\"wp-image-3324\" style=\"aspect-ratio:3\/4;object-fit:cover\"\/><\/figure>\n<\/div>\n\n\n\n<div class=\"wp-block-column is-vertically-aligned-center is-layout-flow wp-block-column-is-layout-flow\">\n<p class=\"has-text-align-left wp-block-paragraph\">Ainutlaatuinen majoitus yhdistettyn\u00e4 moottorikelkkaan (tulossa pian)<\/p>\n\n\n\n<p class=\"wp-block-paragraph\">Pian voit kokea jotain t\u00e4ysin ainutlaatuista Engerdalissa! <strong>Huone 726<\/strong> on uusi ja eksklusiivinen majoituskokemus, joka on vuokrattavissa - keskell\u00e4 luontoa ja aivan moottorikelkkareittien varrella. N\u00e4m\u00e4 ovat er\u00e4maahan sijoitettuja hotellihuoneita, joissa yhdistyv\u00e4t mukavuus ja todellinen luonnonl\u00e4heisyys. <\/p>\n\n\n\n<p class=\"wp-block-paragraph\">T\u00e4\u00e4ll\u00e4 saat <strong>hotellin standardin, jossa on oma kylpyhuone, pehme\u00e4t s\u00e4ngyt, sauna ja n\u00e4kym\u00e4t mets\u00e4\u00e4n<\/strong>, sek\u00e4 suoran p\u00e4\u00e4syn moottorikelkkareiteille ja talviseikkailuihin. T\u00e4ydellinen niille, jotka haluavat kokea vuoret eri tavalla - olitpa sitten matkalla tytt\u00f6yst\u00e4v\u00e4si tai yst\u00e4vien kanssa tai haluat vain rentoutua. <\/p>\n\n\n\n<p class=\"has-text-align-left wp-block-paragraph\"><strong>Huoneessa 726<\/strong> saat rauhallisuutta, ylellisyytt\u00e4 ja todellisen er\u00e4maatunnelman samassa paketissa. Pian voit varata t\u00e4m\u00e4n erityisen huoneen BNO TRAVELin kautta - ja kokea Engerdalin tavalla, jota et koskaan unohda. <\/p>\n\n\n\n<p class=\"has-text-align-left wp-block-paragraph\">Suunnittele moottorikelkkamatkasi BNO TRAVELin kanssa<\/p>\n\n\n\n<p class=\"wp-block-paragraph\">BNO TRAVEL r\u00e4\u00e4t\u00e4l\u00f6i moottorikelkkael\u00e4myksi\u00e4 yksil\u00f6ille, pariskunnille, perheille ja ryhmille. Autamme sinua varaamaan moottorikelkan, oppaan ja <a href=\"https:\/\/bno-travel.com\/fi\/majoitus\/\">majoituksen<\/a> - ja voit olla varma, ett\u00e4 olemme valmiina auttamaan sinua. <\/p>\n\n\n\n<p class=\"has-text-align-left wp-block-paragraph\"><strong>Varaa moottorikelkkaretki Trysiliin ja Engerdaliin jo t\u00e4n\u00e4\u00e4n<\/strong> ja koe tavallisuudesta poikkeava talviaktiviteetti!<\/p>\n\n\n\n<div class=\"wp-block-buttons is-content-justification-center is-layout-flex wp-container-core-buttons-is-layout-3e41869c wp-block-buttons-is-layout-flex\"><\/div>\n<\/div>\n<\/div>\n\n\n\n<div style=\"height:calc( 0.25 * var(--wp--style--root--padding-right, var(--wp--custom--gap--horizontal)))\" aria-hidden=\"true\" class=\"wp-block-spacer\"><\/div>\n<\/div>\n\n\n\n<div class=\"wp-block-group alignwide is-content-justification-left is-layout-constrained wp-container-core-group-is-layout-54d22900 wp-block-group-is-layout-constrained\">\n<div class=\"wp-block-buttons is-layout-flex wp-block-buttons-is-layout-flex\"><\/div>\n<\/div>\n<\/div>\n\n<div class=\"wp-block-group alignfull is-style-default is-content-justification-center is-layout-constrained wp-container-core-group-is-layout-cdf99998 wp-block-group-is-layout-constrained\" style=\"margin-top:0;margin-bottom:0;padding-top:var(--wp--preset--spacing--40);padding-bottom:var(--wp--preset--spacing--40)\"><\/div>\n\n<p class=\"wp-block-paragraph\"><\/p>\n","protected":false},"excerpt":{"rendered":"<p>Moottorikelkkailu Trysiliss\u00e4 ja Engerdalissa - vauhdikkaita seikkailuja Norjan villiin luontoon Tervetuloa Trysiliin ja Engerdaliin - kahteen Norjan kauneimpaan moottorikelkkailualueeseen, jossa voit kokea todellisen talviseikkailun moottorikelkalla! T\u00e4\u00e4lt\u00e4 l\u00f6yd\u00e4t kilometreitt\u00e4in viitoitettuja reittej\u00e4, ammattitaitoisia opastettuja retki\u00e4 ja mahdollisuuden vuokrata moottorikelkka p\u00e4iv\u00e4ksi tai viikonlopuksi. Etsitp\u00e4 sitten vauhtia, luontoel\u00e4myksi\u00e4 tai haluat vain kokeilla jotain uutta - moottorikelkkailu on loistava vaihtoehto [&hellip;]<\/p>\n","protected":false},"author":260013438,"featured_media":0,"parent":0,"menu_order":0,"comment_status":"closed","ping_status":"closed","template":"","meta":{"_crdt_document":"","footnotes":""},"class_list":["post-4329","page","type-page","status-publish","hentry"],"jetpack_likes_enabled":true,"jetpack_sharing_enabled":true,"jetpack_shortlink":"https:\/\/wp.me\/PgDuwj-17P","jetpack-related-posts":[{"id":4017,"url":"https:\/\/bno-travel.com\/fi\/moottorikelkat-salen\/","url_meta":{"origin":4329,"position":0},"title":"Moottorikelkat S\u00e4len","author":"Jan Terje \u00c5s","date":"18.7.2025","format":false,"excerpt":"Moottorikelkkailu S\u00e4leniss\u00e4 - Vauhdikkaita seikkailuja aidossa ruotsalaisessa vuoristoluonnossa Tervetuloa S\u00e4leniin - yhteen Ruotsin suosituimmista talvikohteista, jossa voit paitsi hiiht\u00e4\u00e4 my\u00f6s kokea adrenaliinia ja vapautta moottorikelkalla! T\u00e4\u00e4lt\u00e4 l\u00f6yd\u00e4t hyv\u00e4ksytyt moottorikelkkareitit, kauniit vuoristomaisemat ja mahdollisuuden osallistua opastetuille retkille turvallisessa ja luonnonkauniissa ymp\u00e4rist\u00f6ss\u00e4. Etsitp\u00e4 sitten j\u00e4nnityst\u00e4, n\u00e4kymi\u00e4 tai haluat vain kokeilla jotain uutta,\u2026","rel":"","context":"Samankaltainen artikkeli","block_context":{"text":"Samankaltainen artikkeli","link":""},"img":{"alt_text":"Sn\u00f8scooter BNO TRAVEL","src":"https:\/\/i0.wp.com\/bno-travel.com\/wp-content\/uploads\/2025\/07\/10000-5116.jpg?resize=350%2C200&ssl=1","width":350,"height":200,"srcset":"https:\/\/i0.wp.com\/bno-travel.com\/wp-content\/uploads\/2025\/07\/10000-5116.jpg?resize=350%2C200&ssl=1 1x, https:\/\/i0.wp.com\/bno-travel.com\/wp-content\/uploads\/2025\/07\/10000-5116.jpg?resize=525%2C300&ssl=1 1.5x, https:\/\/i0.wp.com\/bno-travel.com\/wp-content\/uploads\/2025\/07\/10000-5116.jpg?resize=700%2C400&ssl=1 2x, https:\/\/i0.wp.com\/bno-travel.com\/wp-content\/uploads\/2025\/07\/10000-5116.jpg?resize=1050%2C600&ssl=1 3x, https:\/\/i0.wp.com\/bno-travel.com\/wp-content\/uploads\/2025\/07\/10000-5116.jpg?resize=1400%2C800&ssl=1 4x"},"classes":[]},{"id":2831,"url":"https:\/\/bno-travel.com\/fi\/tutustu-trysiliin-trysilys-ympari-vuoden-aktiivilomailijoille\/","url_meta":{"origin":4329,"position":1},"title":"Tutustu Trysiliin: Trysilys: Ymp\u00e4ri vuoden aktiivilomailijoille","author":"Jan Terje \u00c5s","date":"18.7.2025","format":false,"excerpt":"Kokemus Trysil \u2605\u2605\u2605\u2605\u2605 T\u00e4\u00e4lt\u00e4 l\u00f6yd\u00e4t majoitusta Trysil Trysil ei ole vain Norjan suurin hiihtokohde, vaan se on my\u00f6s ymp\u00e4rivuotinen paratiisi aktiivisille vieraille, perheille ja luonnon yst\u00e4ville. Vierailitpa vuorella vauhtia ja j\u00e4nnityst\u00e4, rentoutumista tai laadukasta perheaikaa etsim\u00e4ss\u00e4, l\u00f6yd\u00e4t varmasti juuri sinulle sopivia el\u00e4myksi\u00e4. Kun tukikohtanasi on BNO TRAVEL, p\u00e4\u00e4set helposti monenlaisiin\u2026","rel":"","context":"Samankaltainen artikkeli","block_context":{"text":"Samankaltainen artikkeli","link":""},"img":{"alt_text":"Opplev Trysil","src":"https:\/\/i0.wp.com\/bno-travel.com\/wp-content\/uploads\/2025\/07\/20.06.19_Dronebilder-Sentrum_FULLSIZE-2.jpg?resize=350%2C200&ssl=1","width":350,"height":200,"srcset":"https:\/\/i0.wp.com\/bno-travel.com\/wp-content\/uploads\/2025\/07\/20.06.19_Dronebilder-Sentrum_FULLSIZE-2.jpg?resize=350%2C200&ssl=1 1x, https:\/\/i0.wp.com\/bno-travel.com\/wp-content\/uploads\/2025\/07\/20.06.19_Dronebilder-Sentrum_FULLSIZE-2.jpg?resize=525%2C300&ssl=1 1.5x, https:\/\/i0.wp.com\/bno-travel.com\/wp-content\/uploads\/2025\/07\/20.06.19_Dronebilder-Sentrum_FULLSIZE-2.jpg?resize=700%2C400&ssl=1 2x, https:\/\/i0.wp.com\/bno-travel.com\/wp-content\/uploads\/2025\/07\/20.06.19_Dronebilder-Sentrum_FULLSIZE-2.jpg?resize=1050%2C600&ssl=1 3x, https:\/\/i0.wp.com\/bno-travel.com\/wp-content\/uploads\/2025\/07\/20.06.19_Dronebilder-Sentrum_FULLSIZE-2.jpg?resize=1400%2C800&ssl=1 4x"},"classes":[]},{"id":28397,"url":"https:\/\/bno-travel.com\/overnatting-i-trysil\/","url_meta":{"origin":4329,"position":2},"title":"overnatting-i-trysil","author":"Jan Terje \u00c5s","date":"4.4.2026","format":false,"excerpt":"Destinasjon \u00b7 Trysil Overnatting i Trysil med tilgang til omr\u00e5dene som passer best for reisen din Utforsk omr\u00e5der i Trysil som Trysil Turistsenter, Trysil Sentrum, Trysilfjell Hytteomr\u00e5de og Fager\u00e5sen \/ Trysil H\u00f8yfjellssenter \u2013 og finn et opphold som passer reisen din. Se omr\u00e5der i Trysil Oppdag Trysil Finn riktig omr\u00e5de\u2026","rel":"","context":"Samankaltainen artikkeli","block_context":{"text":"Samankaltainen artikkeli","link":""},"img":{"alt_text":"","src":"","width":0,"height":0},"classes":[]},{"id":2698,"url":"https:\/\/bno-travel.com\/en\/trysil-turistsenter\/","url_meta":{"origin":4329,"position":3},"title":"Trysil Turistsenter","author":"Jan Terje \u00c5s","date":"18.7.2025","format":false,"excerpt":"Trysil \u00b7 Main area Trysil Turistsenter \u2013 accommodation in Trysil with easy access to activities, ski school, and ski rental Trysil Turistsenter is one of the most popular areas for accommodation in Trysil, with close access to activities, services, and an excellent base for both winter and summer stays. View\u2026","rel":"","context":"Samankaltainen artikkeli","block_context":{"text":"Samankaltainen artikkeli","link":""},"img":{"alt_text":"","src":"","width":0,"height":0},"classes":[]},{"id":28442,"url":"https:\/\/bno-travel.com\/is\/elementor-28397\/","url_meta":{"origin":4329,"position":4},"title":"Elementor #28397","author":"Jan Terje \u00c5s","date":"4.4.2026","format":false,"excerpt":"\u00c1fangasta\u00f0ur \u00b7 Trysil Gisting \u00ed Trysil me\u00f0 a\u00f0gangi a\u00f0 sv\u00e6\u00f0unum sem henta fer\u00f0 \u00feinni best Sko\u00f0a\u00f0u sv\u00e6\u00f0i \u00ed Trysil eins og Trysil Turistsenter, Trysil Sentrum, Trysilfjell Hytteomr\u00e5de og Fager\u00e5sen \/ Trysil H\u00f8yfjellssenter \u2013 og finndu gistingu sem hentar fer\u00f0 \u00feinni. Sj\u00e1 sv\u00e6\u00f0i \u00ed Trysil Uppg\u00f6tva\u00f0u Trysil Finndu r\u00e9tta sv\u00e6\u00f0i\u00f0 fyrir\u2026","rel":"","context":"Samankaltainen artikkeli","block_context":{"text":"Samankaltainen artikkeli","link":""},"img":{"alt_text":"","src":"","width":0,"height":0},"classes":[]},{"id":28457,"url":"https:\/\/bno-travel.com\/pl\/elementor-28397\/","url_meta":{"origin":4329,"position":5},"title":"Elementor #28397","author":"Jan Terje \u00c5s","date":"4.4.2026","format":false,"excerpt":"Miejsce docelowe - Trysil Zakwaterowanie w Trysil z dost\u0119pem do obszar\u00f3w najbardziej odpowiednich do podr\u00f3\u017cy Trysil - odkryj takie miejsca jak Trysil Turistsenter, Trysil Sentrum, Trysilfjell Hytteomr\u00e5de i Fager\u00e5sen \/ Trysil H\u00f8yfjellssenter i znajd\u017a nocleg odpowiedni dla Twojej podr\u00f3\u017cy. Zobacz obszary w Trysil Odkryj Trysil Znajd\u017a odpowiedni obszar dla zakwaterowania\u2026","rel":"","context":"Samankaltainen artikkeli","block_context":{"text":"Samankaltainen artikkeli","link":""},"img":{"alt_text":"","src":"","width":0,"height":0},"classes":[]}],"_links":{"self":[{"href":"https:\/\/bno-travel.com\/fi\/wp-json\/wp\/v2\/pages\/4329","targetHints":{"allow":["GET"]}}],"collection":[{"href":"https:\/\/bno-travel.com\/fi\/wp-json\/wp\/v2\/pages"}],"about":[{"href":"https:\/\/bno-travel.com\/fi\/wp-json\/wp\/v2\/types\/page"}],"author":[{"embeddable":true,"href":"https:\/\/bno-travel.com\/fi\/wp-json\/wp\/v2\/users\/260013438"}],"replies":[{"embeddable":true,"href":"https:\/\/bno-travel.com\/fi\/wp-json\/wp\/v2\/comments?post=4329"}],"version-history":[{"count":3,"href":"https:\/\/bno-travel.com\/fi\/wp-json\/wp\/v2\/pages\/4329\/revisions"}],"predecessor-version":[{"id":11711,"href":"https:\/\/bno-travel.com\/fi\/wp-json\/wp\/v2\/pages\/4329\/revisions\/11711"}],"wp:attachment":[{"href":"https:\/\/bno-travel.com\/fi\/wp-json\/wp\/v2\/media?parent=4329"}],"curies":[{"name":"wp","href":"https:\/\/api.w.org\/{rel}","templated":true}]}}