{"id":1618,"date":"2025-08-29T12:34:24","date_gmt":"2025-08-29T10:34:24","guid":{"rendered":"https:\/\/bno-travel.com\/?page_id=1618"},"modified":"2025-08-29T13:52:58","modified_gmt":"2025-08-29T11:52:58","slug":"location-de-voitures","status":"publish","type":"page","link":"https:\/\/bno-travel.com\/fr\/location-de-voitures\/","title":{"rendered":"Location de voitures"},"content":{"rendered":"\n<div class=\"wp-block-cover alignfull\" style=\"margin-top:0;margin-bottom:0;padding-top:var(--wp--preset--spacing--20);padding-right:var(--wp--preset--spacing--40);padding-bottom:var(--wp--preset--spacing--20);padding-left:var(--wp--preset--spacing--40)\"><img data-recalc-dims=\"1\" fetchpriority=\"high\" decoding=\"async\" width=\"800\" height=\"266\" class=\"wp-block-cover__image-background wp-image-904 size-large\" alt=\"\" src=\"https:\/\/i0.wp.com\/bno-travel.com\/wp-content\/uploads\/2025\/06\/AdobeStock_460444160.jpeg?resize=800%2C266&#038;ssl=1\" data-object-fit=\"cover\" srcset=\"https:\/\/i0.wp.com\/bno-travel.com\/wp-content\/uploads\/2025\/06\/AdobeStock_460444160.jpeg?resize=1024%2C341&amp;ssl=1 1024w, https:\/\/i0.wp.com\/bno-travel.com\/wp-content\/uploads\/2025\/06\/AdobeStock_460444160.jpeg?resize=300%2C100&amp;ssl=1 300w, https:\/\/i0.wp.com\/bno-travel.com\/wp-content\/uploads\/2025\/06\/AdobeStock_460444160.jpeg?resize=768%2C256&amp;ssl=1 768w, https:\/\/i0.wp.com\/bno-travel.com\/wp-content\/uploads\/2025\/06\/AdobeStock_460444160.jpeg?resize=1536%2C512&amp;ssl=1 1536w, https:\/\/i0.wp.com\/bno-travel.com\/wp-content\/uploads\/2025\/06\/AdobeStock_460444160.jpeg?resize=2048%2C683&amp;ssl=1 2048w, https:\/\/i0.wp.com\/bno-travel.com\/wp-content\/uploads\/2025\/06\/AdobeStock_460444160.jpeg?w=1600&amp;ssl=1 1600w, https:\/\/i0.wp.com\/bno-travel.com\/wp-content\/uploads\/2025\/06\/AdobeStock_460444160.jpeg?w=2400&amp;ssl=1 2400w\" sizes=\"(max-width: 800px) 100vw, 800px\" \/><span aria-hidden=\"true\" class=\"wp-block-cover__background has-theme-1-background-color has-background-dim-30 has-background-dim\"><\/span><div class=\"wp-block-cover__inner-container is-layout-flow wp-block-cover-is-layout-flow\">\n<div style=\"height:var(--wp--preset--spacing--50)\" aria-hidden=\"true\" class=\"wp-block-spacer\"><\/div>\n\n\n\n<div class=\"wp-block-group is-layout-constrained wp-block-group-is-layout-constrained\">\n<div class=\"wp-block-buttons is-content-justification-center is-layout-flex wp-container-core-buttons-is-layout-3e41869c wp-block-buttons-is-layout-flex\"><\/div>\n<\/div>\n\n\n\n<div style=\"height:var(--wp--preset--spacing--50)\" aria-hidden=\"true\" class=\"wp-block-spacer\"><\/div>\n<\/div><\/div>\n\n<div class=\"wp-block-group alignfull is-style-section-2 is-content-justification-center is-layout-constrained wp-container-core-group-is-layout-49f605c9 wp-block-group-is-layout-constrained\" style=\"margin-top:0;margin-bottom:0;padding-top:var(--wp--preset--spacing--50);padding-bottom:var(--wp--preset--spacing--30)\">\n<h2 class=\"wp-block-heading alignwide wp-container-content-958eb9dc\">R\u00e9servation de voitures de location dans le monde entier  <\/h2>\n\n\n\n<p class=\"wp-block-paragraph\">[bno_cartrawler mode=\u00a0\u00bbhosted\u00a0\u00bb locale=\u00a0\u00bbno\u00a0\u00bb lang=\u00a0\u00bbno\u00a0\u00bb currency=\u00a0\u00bbNOK\u00a0\u00bb pickupid=\u00a0\u00bb4410&Prime; returnid=\u00a0\u00bb4410&Prime; pickupdate=\u00a0\u00bb2025-08-30T10:00&Prime; returndate=\u00a0\u00bb2025-08-31T10:00&Prime; residenceid=\u00a0\u00bbNO\u00a0\u00bb age=\u00a0\u00bb30&Prime;]\n\n<\/p>\n<\/div>\n","protected":false},"excerpt":{"rendered":"<p>R\u00e9servation de voitures de location dans le monde entier [bno_cartrawler mode=\u00a0\u00bbhosted\u00a0\u00bb locale=\u00a0\u00bbno\u00a0\u00bb lang=\u00a0\u00bbno\u00a0\u00bb currency=\u00a0\u00bbNOK\u00a0\u00bb pickupid=\u00a0\u00bb4410&Prime; returnid=\u00a0\u00bb4410&Prime; pickupdate=\u00a0\u00bb2025-08-30T10:00&Prime; returndate=\u00a0\u00bb2025-08-31T10:00&Prime; residenceid=\u00a0\u00bbNO\u00a0\u00bb age=\u00a0\u00bb30&Prime;]<\/p>\n","protected":false},"author":260013438,"featured_media":0,"parent":0,"menu_order":0,"comment_status":"closed","ping_status":"closed","template":"","meta":{"_crdt_document":"","footnotes":""},"class_list":["post-1618","page","type-page","status-publish","hentry"],"jetpack_likes_enabled":true,"jetpack_sharing_enabled":true,"jetpack_shortlink":"https:\/\/wp.me\/PgDuwj-q6","jetpack-related-posts":[{"id":2803,"url":"https:\/\/bno-travel.com\/fr\/se-rendre-a-salenfjellet\/","url_meta":{"origin":1618,"position":0},"title":"Se rendre \u00e0 S\u00e4lenfjellet","author":"Jan Terje \u00c5s","date":"11 juillet 2025","format":false,"excerpt":". Comment se rendre \u00e0 S\u00e4lenfjellet - en avion, en voiture de location, en bus, en train ou en voiture priv\u00e9e \u2708\ufe0f En avion jusqu'\u00e0 l'a\u00e9roport d'Oslo Gardermoen (OSL) L'a\u00e9roport d'Oslo est l'un des points d'entr\u00e9e les plus courants pour les voyageurs \u00e0 destination de S\u00e4len. Il existe des vols\u2026","rel":"","context":"Article similaire","block_context":{"text":"Article similaire","link":""},"img":{"alt_text":"overnatting i salen","src":"https:\/\/i0.wp.com\/bno-travel.com\/wp-content\/uploads\/2025\/06\/AdobeStock_121113275-e1751307052527.jpeg?resize=350%2C200&ssl=1","width":350,"height":200,"srcset":"https:\/\/i0.wp.com\/bno-travel.com\/wp-content\/uploads\/2025\/06\/AdobeStock_121113275-e1751307052527.jpeg?resize=350%2C200&ssl=1 1x, https:\/\/i0.wp.com\/bno-travel.com\/wp-content\/uploads\/2025\/06\/AdobeStock_121113275-e1751307052527.jpeg?resize=525%2C300&ssl=1 1.5x, https:\/\/i0.wp.com\/bno-travel.com\/wp-content\/uploads\/2025\/06\/AdobeStock_121113275-e1751307052527.jpeg?resize=700%2C400&ssl=1 2x, https:\/\/i0.wp.com\/bno-travel.com\/wp-content\/uploads\/2025\/06\/AdobeStock_121113275-e1751307052527.jpeg?resize=1050%2C600&ssl=1 3x, https:\/\/i0.wp.com\/bno-travel.com\/wp-content\/uploads\/2025\/06\/AdobeStock_121113275-e1751307052527.jpeg?resize=1400%2C800&ssl=1 4x"},"classes":[]},{"id":1889,"url":"https:\/\/bno-travel.com\/fr\/voyager-ici-a-trysil\/","url_meta":{"origin":1618,"position":1},"title":"Voyager ici \u00e0 Trysil","author":"Jan Terje \u00c5s","date":"11 juillet 2025","format":false,"excerpt":"Comment se rendre \u00e0 Trysil - en avion, en voiture de location, en bus, en train ou en voiture priv\u00e9e \u2708\ufe0f En avion jusqu'\u00e0 l'a\u00e9roport d'Oslo Gardermoen (OSL) L'a\u00e9roport d'Oslo est le point d'entr\u00e9e le plus courant pour les voyageurs de Trysil. Il existe des vols directs en provenance de\u2026","rel":"","context":"Article similaire","block_context":{"text":"Article similaire","link":""},"img":{"alt_text":"Trysil Ski resort, skiferie i Trysil,","src":"https:\/\/i0.wp.com\/bno-travel.com\/wp-content\/uploads\/2025\/06\/10001-20191216-Drone0784-scaled-1.jpg?resize=350%2C200&ssl=1","width":350,"height":200,"srcset":"https:\/\/i0.wp.com\/bno-travel.com\/wp-content\/uploads\/2025\/06\/10001-20191216-Drone0784-scaled-1.jpg?resize=350%2C200&ssl=1 1x, https:\/\/i0.wp.com\/bno-travel.com\/wp-content\/uploads\/2025\/06\/10001-20191216-Drone0784-scaled-1.jpg?resize=525%2C300&ssl=1 1.5x, https:\/\/i0.wp.com\/bno-travel.com\/wp-content\/uploads\/2025\/06\/10001-20191216-Drone0784-scaled-1.jpg?resize=700%2C400&ssl=1 2x, https:\/\/i0.wp.com\/bno-travel.com\/wp-content\/uploads\/2025\/06\/10001-20191216-Drone0784-scaled-1.jpg?resize=1050%2C600&ssl=1 3x, https:\/\/i0.wp.com\/bno-travel.com\/wp-content\/uploads\/2025\/06\/10001-20191216-Drone0784-scaled-1.jpg?resize=1400%2C800&ssl=1 4x"},"classes":[]},{"id":28323,"url":"https:\/\/bno-travel.com\/fr\/","url_meta":{"origin":1618,"position":2},"title":"Page d&rsquo;accueil","author":"Jan Terje \u00c5s","date":"3 avril 2026","format":false,"excerpt":"Planifiez votre voyage plus facilement avec BNO Travel Trouvez un h\u00e9bergement dans les destinations s\u00e9lectionn\u00e9es, recherchez des vols pour des voyages proches ou lointains et r\u00e9servez une voiture de location pour vous donner la libert\u00e9 d'aller plus loin. Le tout en une seule solution claire et conviviale. Trouver un logement\u2026","rel":"","context":"Article similaire","block_context":{"text":"Article similaire","link":""},"img":{"alt_text":"","src":"","width":0,"height":0},"classes":[]},{"id":4247,"url":"https:\/\/bno-travel.com\/fr\/motoneiges-a-salen\/","url_meta":{"origin":1618,"position":3},"title":"Motoneiges \u00e0 S\u00e4len","author":"Jan Terje \u00c5s","date":"18 juillet 2025","format":false,"excerpt":"Motoneige \u00e0 S\u00e4len - Des aventures rapides dans la vraie nature des montagnes su\u00e9doises Bienvenue \u00e0 S\u00e4len, l'une des destinations hivernales les plus populaires de Su\u00e8de, o\u00f9 vous pouvez non seulement skier, mais aussi faire l'exp\u00e9rience de l'adr\u00e9naline et de la libert\u00e9 en motoneige! Vous y trouverez des pistes de\u2026","rel":"","context":"Article similaire","block_context":{"text":"Article similaire","link":""},"img":{"alt_text":"Sn\u00f8scooter BNO TRAVEL","src":"https:\/\/i0.wp.com\/bno-travel.com\/wp-content\/uploads\/2025\/07\/10000-5116.jpg?resize=350%2C200&ssl=1","width":350,"height":200,"srcset":"https:\/\/i0.wp.com\/bno-travel.com\/wp-content\/uploads\/2025\/07\/10000-5116.jpg?resize=350%2C200&ssl=1 1x, https:\/\/i0.wp.com\/bno-travel.com\/wp-content\/uploads\/2025\/07\/10000-5116.jpg?resize=525%2C300&ssl=1 1.5x, https:\/\/i0.wp.com\/bno-travel.com\/wp-content\/uploads\/2025\/07\/10000-5116.jpg?resize=700%2C400&ssl=1 2x, https:\/\/i0.wp.com\/bno-travel.com\/wp-content\/uploads\/2025\/07\/10000-5116.jpg?resize=1050%2C600&ssl=1 3x, https:\/\/i0.wp.com\/bno-travel.com\/wp-content\/uploads\/2025\/07\/10000-5116.jpg?resize=1400%2C800&ssl=1 4x"},"classes":[]},{"id":6091,"url":"https:\/\/bno-travel.com\/fr\/resultats-de-la-recherche\/","url_meta":{"origin":1618,"position":4},"title":"R\u00e9servation page 2","author":"Jan Terje \u00c5s","date":"31 juillet 2025","format":false,"excerpt":"Recherche de cabines disponibles... Vous serez imm\u00e9diatement redirig\u00e9 vers la page des r\u00e9sultats de Mews.","rel":"","context":"Article similaire","block_context":{"text":"Article similaire","link":""},"img":{"alt_text":"","src":"","width":0,"height":0},"classes":[]}],"_links":{"self":[{"href":"https:\/\/bno-travel.com\/fr\/wp-json\/wp\/v2\/pages\/1618","targetHints":{"allow":["GET"]}}],"collection":[{"href":"https:\/\/bno-travel.com\/fr\/wp-json\/wp\/v2\/pages"}],"about":[{"href":"https:\/\/bno-travel.com\/fr\/wp-json\/wp\/v2\/types\/page"}],"author":[{"embeddable":true,"href":"https:\/\/bno-travel.com\/fr\/wp-json\/wp\/v2\/users\/260013438"}],"replies":[{"embeddable":true,"href":"https:\/\/bno-travel.com\/fr\/wp-json\/wp\/v2\/comments?post=1618"}],"version-history":[{"count":14,"href":"https:\/\/bno-travel.com\/fr\/wp-json\/wp\/v2\/pages\/1618\/revisions"}],"predecessor-version":[{"id":9146,"href":"https:\/\/bno-travel.com\/fr\/wp-json\/wp\/v2\/pages\/1618\/revisions\/9146"}],"wp:attachment":[{"href":"https:\/\/bno-travel.com\/fr\/wp-json\/wp\/v2\/media?parent=1618"}],"curies":[{"name":"wp","href":"https:\/\/api.w.org\/{rel}","templated":true}]}}