{"id":1889,"date":"2025-07-11T13:55:36","date_gmt":"2025-07-11T11:55:36","guid":{"rendered":"https:\/\/bno-travel.com\/?page_id=1889"},"modified":"2025-07-11T13:56:14","modified_gmt":"2025-07-11T11:56:14","slug":"voyager-ici-a-trysil","status":"publish","type":"page","link":"https:\/\/bno-travel.com\/fr\/voyager-ici-a-trysil\/","title":{"rendered":"Voyager ici \u00e0 Trysil"},"content":{"rendered":"\n<div class=\"wp-block-group alignfull is-content-justification-center is-layout-constrained wp-block-group-is-layout-constrained\" style=\"margin-top:0;margin-bottom:0;padding-top:var(--wp--preset--spacing--40);padding-bottom:var(--wp--preset--spacing--40)\">\n<figure class=\"wp-block-image alignwide size-full aspect-16\/9\"><img data-recalc-dims=\"1\" fetchpriority=\"high\" decoding=\"async\" width=\"800\" height=\"533\" src=\"https:\/\/i0.wp.com\/bno-travel.com\/wp-content\/uploads\/2025\/06\/10001-20191216-Drone0784-scaled-1.jpg?resize=800%2C533&#038;ssl=1\" alt=\"\" class=\"wp-image-13\" srcset=\"https:\/\/i0.wp.com\/bno-travel.com\/wp-content\/uploads\/2025\/06\/10001-20191216-Drone0784-scaled-1.jpg?w=2560&amp;ssl=1 2560w, https:\/\/i0.wp.com\/bno-travel.com\/wp-content\/uploads\/2025\/06\/10001-20191216-Drone0784-scaled-1.jpg?resize=300%2C200&amp;ssl=1 300w, https:\/\/i0.wp.com\/bno-travel.com\/wp-content\/uploads\/2025\/06\/10001-20191216-Drone0784-scaled-1.jpg?resize=1024%2C682&amp;ssl=1 1024w, https:\/\/i0.wp.com\/bno-travel.com\/wp-content\/uploads\/2025\/06\/10001-20191216-Drone0784-scaled-1.jpg?resize=768%2C512&amp;ssl=1 768w, https:\/\/i0.wp.com\/bno-travel.com\/wp-content\/uploads\/2025\/06\/10001-20191216-Drone0784-scaled-1.jpg?resize=1536%2C1024&amp;ssl=1 1536w, https:\/\/i0.wp.com\/bno-travel.com\/wp-content\/uploads\/2025\/06\/10001-20191216-Drone0784-scaled-1.jpg?resize=2048%2C1365&amp;ssl=1 2048w, https:\/\/i0.wp.com\/bno-travel.com\/wp-content\/uploads\/2025\/06\/10001-20191216-Drone0784-scaled-1.jpg?w=1600&amp;ssl=1 1600w, https:\/\/i0.wp.com\/bno-travel.com\/wp-content\/uploads\/2025\/06\/10001-20191216-Drone0784-scaled-1.jpg?w=2400&amp;ssl=1 2400w\" sizes=\"(max-width: 800px) 100vw, 800px\" \/><\/figure>\n<\/div>\n\n<div class=\"wp-block-group alignfull is-style-section-3 is-content-justification-center is-layout-constrained wp-container-core-group-is-layout-b54e18b3 wp-block-group-is-layout-constrained\" style=\"margin-top:0;margin-bottom:0;padding-top:var(--wp--preset--spacing--50);padding-bottom:var(--wp--preset--spacing--50)\">\n<h2 class=\"wp-block-heading alignwide has-text-align-left\">Comment se rendre \u00e0 Trysil - en avion, en voiture de location, en bus, en train ou en voiture priv\u00e9e<\/h2>\n\n\n\n<p class=\"wp-block-paragraph\"><\/p>\n\n\n\n<div class=\"wp-block-group alignwide is-layout-flow wp-container-core-group-is-layout-a7dce961 wp-block-group-is-layout-flow\">\n<div class=\"wp-block-columns alignwide is-layout-flex wp-container-core-columns-is-layout-cb1de518 wp-block-columns-is-layout-flex\">\n<div class=\"wp-block-column is-layout-flow wp-block-column-is-layout-flow\" style=\"padding-top:24px;padding-bottom:24px\">\n<h3 class=\"wp-block-heading alignwide has-text-align-left is-service-name\">\u2708\ufe0f En avion jusqu&rsquo;\u00e0 l&rsquo;a\u00e9roport d&rsquo;Oslo Gardermoen (OSL)<\/h3>\n<\/div>\n\n\n\n<div class=\"wp-block-column is-layout-flow wp-block-column-is-layout-flow\">\n<div class=\"wp-block-group alignwide is-layout-flow wp-block-group-is-layout-flow\" style=\"border-bottom-width:1px;padding-top:40px;padding-bottom:40px\">\n<p class=\"is-service-description wp-block-paragraph\"><\/p>\n\n\n\n<p class=\"wp-block-paragraph\">L&rsquo;a\u00e9roport d&rsquo;Oslo est le point d&rsquo;entr\u00e9e le plus courant pour les voyageurs de Trysil. Il existe des vols directs en provenance de plusieurs grandes villes europ\u00e9ennes. <\/p>\n\n\n\n<p class=\"wp-block-paragraph\"><strong>Continuez vers Trysil depuis Gardermoen :<\/strong><\/p>\n\n\n\n<p class=\"is-service-description wp-block-paragraph\"><strong>Bus<\/strong>: Trysilekspressen propose plusieurs d\u00e9parts quotidiens pendant la saison hivernale. Dur\u00e9e du trajet : environ 3,5 heures.  <\/p>\n\n\n\n<p class=\"wp-block-paragraph\"><strong>Location de voiture<\/strong>: BNO Travel propose la location d&rsquo;une voiture avec prise en charge \u00e0 l&rsquo;a\u00e9roport. Le trajet jusqu&rsquo;\u00e0 Trysil dure environ 2 heures. <\/p>\n<\/div>\n<\/div>\n<\/div>\n\n\n\n<div class=\"wp-block-columns alignwide is-layout-flex wp-container-core-columns-is-layout-cb1de518 wp-block-columns-is-layout-flex\">\n<div class=\"wp-block-column is-layout-flow wp-block-column-is-layout-flow\" style=\"padding-top:24px;padding-bottom:24px\">\n<h3 class=\"wp-block-heading alignwide has-text-align-left is-service-name\">\u2708\ufe0f En avion jusqu&rsquo;\u00e0 l&rsquo;a\u00e9roport Scandinavian Mountains (SCR)<\/h3>\n<\/div>\n\n\n\n<div class=\"wp-block-column is-layout-flow wp-block-column-is-layout-flow\">\n<div class=\"wp-block-group alignwide is-layout-flow wp-block-group-is-layout-flow\" style=\"border-bottom-width:1px;padding-top:40px;padding-bottom:40px\">\n<p class=\"is-service-description wp-block-paragraph\">L&rsquo;a\u00e9roport Scandinavian Mountains est situ\u00e9 \u00e0 45 minutes de Trysil et propose des d\u00e9parts saisonniers depuis plusieurs villes europ\u00e9ennes.<\/p>\n\n\n\n<p class=\"wp-block-paragraph\"><strong>Continuer vers Trysil \u00e0 partir de SCR :<\/strong><\/p>\n\n\n\n<p class=\"is-service-description wp-block-paragraph\"><strong>Bus<\/strong>: Une navette vers Trysil est propos\u00e9e pour les arriv\u00e9es durant la saison hivernale.<\/p>\n\n\n\n<p class=\"wp-block-paragraph\"><strong>Location de voiture<\/strong>: R\u00e9servez votre voiture de location aupr\u00e8s de BNO Travel.<\/p>\n<\/div>\n<\/div>\n<\/div>\n\n\n\n<div class=\"wp-block-columns alignwide is-layout-flex wp-container-core-columns-is-layout-cb1de518 wp-block-columns-is-layout-flex\">\n<div class=\"wp-block-column is-layout-flow wp-block-column-is-layout-flow\" style=\"padding-top:24px;padding-bottom:24px\">\n<h3 class=\"wp-block-heading alignwide has-text-align-left is-service-name\">\ud83d\ude86\ud83d\ude8d Voyager d&rsquo;une ville \u00e0 l&rsquo;autre - en train, en bus ou en voiture<\/h3>\n<\/div>\n\n\n\n<div class=\"wp-block-column is-layout-flow wp-block-column-is-layout-flow\">\n<div class=\"wp-block-group alignwide is-layout-flow wp-block-group-is-layout-flow\" style=\"border-bottom-width:1px;padding-top:40px;padding-bottom:40px\">\n<p class=\"wp-block-paragraph\"><\/p>\n\n\n\n<h3 class=\"wp-block-heading\"><strong>Depuis Stockholm<\/strong><\/h3>\n\n\n\n<p class=\"is-service-description wp-block-paragraph\"><strong>En voiture<\/strong>: Environ 5,5-6 heures par l&rsquo;E18 et la route nationale 62. <\/p>\n\n\n\n<p class=\"wp-block-paragraph\"><strong>Train et bus<\/strong>: Prenez le train jusqu&rsquo;\u00e0 <strong>Karlstad<\/strong> ou <strong>Hamar<\/strong>, puis le bus jusqu&rsquo;\u00e0 Trysil. Les trains pour Hamar passent par Oslo. Dur\u00e9e totale du voyage : 6-7 heures.  <\/p>\n\n\n\n<p class=\"wp-block-paragraph\"><strong>Bus<\/strong>: Flixbus jusqu&rsquo;\u00e0 Oslo, puis Trysilekspressen.<\/p>\n\n\n\n<h3 class=\"wp-block-heading\"><strong>De G\u00f6teborg<\/strong><\/h3>\n\n\n\n<ul class=\"wp-block-list\">\n<li><strong>En train<\/strong>: Train jusqu&rsquo;\u00e0 Oslo (environ 4 heures), puis train jusqu&rsquo;\u00e0 Hamar et bus jusqu&rsquo;\u00e0 Trysil.<\/li>\n\n\n\n<li><strong>Bus<\/strong>: Flixbus ou Vy jusqu&rsquo;\u00e0 Oslo, puis Trysilekspressen.<\/li>\n\n\n\n<li><strong>En voiture<\/strong>: Environ 6-6,5 heures via l&rsquo;E6 et l&rsquo;E18 en direction d&rsquo;Elverum. <\/li>\n<\/ul>\n\n\n\n<h3 class=\"wp-block-heading\"><strong>Depuis Helsinki<\/strong><\/h3>\n\n\n\n<ul class=\"wp-block-list\">\n<li><strong>Train et ferry<\/strong>: Prenez un ferry pour Stockholm ou Turku, un train pour Oslo via Karlstad et un bus pour Trysil.<\/li>\n\n\n\n<li><strong>Bus<\/strong>: Combinaison de ferry + bus longue distance jusqu&rsquo;\u00e0 Oslo, puis Trysilekspressen.<\/li>\n\n\n\n<li><strong>En voiture<\/strong>: Environ 12-13 heures via Stockholm et ensuite comme indiqu\u00e9 ci-dessus. <\/li>\n<\/ul>\n\n\n\n<h3 class=\"wp-block-heading\"><strong>Depuis K\u00f8enhavn<\/strong><\/h3>\n\n\n\n<p class=\"wp-block-paragraph\"><strong>Trains<\/strong>: Train jusqu&rsquo;\u00e0 G\u00f6teborg, puis jusqu&rsquo;\u00e0 Oslo, puis train jusqu&rsquo;\u00e0 Hamar et bus jusqu&rsquo;\u00e0 Trysil.<\/p>\n\n\n\n<p class=\"wp-block-paragraph\"><strong>Bus<\/strong>: Bus longue distance jusqu&rsquo;\u00e0 Oslo, puis Trysilekspressen.<\/p>\n\n\n\n<p class=\"wp-block-paragraph\"><strong>En voiture<\/strong>: Environ 9-10 heures par le pont d&rsquo;\u00d8resund et G\u00f6teborg-Oslo. <\/p>\n\n\n\n<h3 class=\"wp-block-heading\"><strong>Depuis Fredrikshavn<\/strong> (ferry du Danemark)<\/h3>\n\n\n\n<ul class=\"wp-block-list\">\n<li><strong>Train<\/strong>: Train de Frederikshavn \u00e0 Oslo via G\u00f6teborg, puis Trysil en bus ou en combinaison train\/bus.<\/li>\n\n\n\n<li><strong>Bus<\/strong>: Bus longue distance via Oslo.<\/li>\n\n\n\n<li><strong>En voiture<\/strong>: Environ 7-7,5 heures. <\/li>\n<\/ul>\n\n\n\n<h3 class=\"wp-block-heading\"><strong>Depuis Kiel <\/strong>(ferry depuis l&rsquo;Allemagne)<\/h3>\n\n\n\n<p class=\"wp-block-paragraph\"><strong>En train<\/strong>: Train pour Copenhague ou G\u00f6teborg, puis Oslo, Hamar et bus pour Trysil.<\/p>\n\n\n\n<p class=\"wp-block-paragraph\"><strong>Bus<\/strong>: Lignes longue distance via le Danemark et la Su\u00e8de jusqu&rsquo;\u00e0 Oslo, puis Trysilekspressen.<\/p>\n\n\n\n<p class=\"wp-block-paragraph\"><strong>En voiture<\/strong>: Environ 12-13 heures en passant par le Danemark et en entrant en Norv\u00e8ge par Svinesund. <\/p>\n<\/div>\n<\/div>\n<\/div>\n<\/div>\n<\/div>\n\n<div class=\"wp-block-group alignwide is-layout-flow wp-block-group-is-layout-flow\" style=\"border-bottom-width:1px;padding-top:40px;padding-bottom:40px\">\n<p class=\"is-service-description wp-block-paragraph\"><mark style=\"background-color:rgba(0, 0, 0, 0);color:#000000\" class=\"has-inline-color\">\ud83d\ude99 BNO Travel - votre partenaire de voyage \u00e0 Trysil<\/mark><\/p>\n\n\n\n<p class=\"wp-block-paragraph\">Quelle que soit la mani\u00e8re dont vous choisissez de voyager, nous vous facilitons la t\u00e2che :<\/p>\n\n\n\n<ul class=\"wp-block-list\">\n<li><strong>Location de voitures dans de multiples destinations<\/strong><\/li>\n\n\n\n<li><strong>R\u00e9servation de bus et de transports<\/strong><\/li>\n\n\n\n<li><strong>Conseils et organisation de voyages<\/strong><\/li>\n<\/ul>\n\n\n\n<p class=\"wp-block-paragraph\">Contactez-nous pour obtenir de l&rsquo;aide pour votre voyage \u00e0 Trysil !<\/p>\n<\/div>\n\n<p class=\"wp-block-paragraph\"><\/p>\n","protected":false},"excerpt":{"rendered":"<p>Comment se rendre \u00e0 Trysil - en avion, en voiture de location, en bus, en train ou en voiture priv\u00e9e \u2708\ufe0f En avion jusqu&rsquo;\u00e0 l&rsquo;a\u00e9roport d&rsquo;Oslo Gardermoen (OSL) L&rsquo;a\u00e9roport d&rsquo;Oslo est le point d&rsquo;entr\u00e9e le plus courant pour les voyageurs de Trysil. Il existe des vols directs en provenance de plusieurs grandes villes europ\u00e9ennes. Continuez [&hellip;]<\/p>\n","protected":false},"author":260013438,"featured_media":0,"parent":0,"menu_order":0,"comment_status":"closed","ping_status":"closed","template":"","meta":{"_crdt_document":"","footnotes":""},"class_list":["post-1889","page","type-page","status-publish","hentry"],"jetpack_likes_enabled":true,"jetpack_sharing_enabled":true,"jetpack_shortlink":"https:\/\/wp.me\/PgDuwj-ut","jetpack-related-posts":[{"id":2764,"url":"https:\/\/bno-travel.com\/fr\/centre-de-haute-montagne-de-trysil\/","url_meta":{"origin":1889,"position":0},"title":"Centre de haute montagne de Trysil","author":"Jan Terje \u00c5s","date":"18 juillet 2025","format":false,"excerpt":"Trysil H\u00f8yfjellssenter - Fager\u00e5sen Bienvenue \u00e0 la tranquillit\u00e9 de la montagne et aux exp\u00e9riences de ski de premi\u00e8re classe ! BNO TRAVEL vous donne acc\u00e8s \u00e0 des chalets et appartements confortables \u00e0 Trysil H\u00f8yfjellssenter \/ Fager\u00e5sen, connu pour son emplacement \u00e0 l'abri de la neige, son atmosph\u00e8re familiale et ses\u2026","rel":"","context":"Article similaire","block_context":{"text":"Article similaire","link":""},"img":{"alt_text":"Fager\u00e5sen og Trysil H\u00f8yfjellssenter ","src":"https:\/\/i0.wp.com\/bno-travel.com\/wp-content\/uploads\/2025\/07\/10001-Fagerasen1122_006.jpg?resize=350%2C200&ssl=1","width":350,"height":200,"srcset":"https:\/\/i0.wp.com\/bno-travel.com\/wp-content\/uploads\/2025\/07\/10001-Fagerasen1122_006.jpg?resize=350%2C200&ssl=1 1x, https:\/\/i0.wp.com\/bno-travel.com\/wp-content\/uploads\/2025\/07\/10001-Fagerasen1122_006.jpg?resize=525%2C300&ssl=1 1.5x, https:\/\/i0.wp.com\/bno-travel.com\/wp-content\/uploads\/2025\/07\/10001-Fagerasen1122_006.jpg?resize=700%2C400&ssl=1 2x, https:\/\/i0.wp.com\/bno-travel.com\/wp-content\/uploads\/2025\/07\/10001-Fagerasen1122_006.jpg?resize=1050%2C600&ssl=1 3x, https:\/\/i0.wp.com\/bno-travel.com\/wp-content\/uploads\/2025\/07\/10001-Fagerasen1122_006.jpg?resize=1400%2C800&ssl=1 4x"},"classes":[]},{"id":11780,"url":"https:\/\/bno-travel.com\/litunet-721b-7-lits\/","url_meta":{"origin":1889,"position":1},"title":"Litunet 721B -7 lits","author":"Jan Terje \u00c5s","date":"23 octobre 2025","format":false,"excerpt":"Fagerh\u00f8y, Trysil H\u00f8yfjellssenter A partir de 990 kr par jour \u2605\u2605\u2605\u2605 V\u00e9rifiez les dates disponibles Bienvenue au Litunet 721B - une cabane spacieuse et familiale au c\u0153ur de Trysil. Litunet 721B est un chalet familial moderne et confortable de plain-pied avec trois chambres, un salon, une cuisine et une salle\u2026","rel":"","context":"Article similaire","block_context":{"text":"Article similaire","link":""},"img":{"alt_text":"","src":"https:\/\/i0.wp.com\/bno-travel.com\/wp-content\/uploads\/2025\/10\/litunet-721-trysil.png?resize=350%2C200&ssl=1","width":350,"height":200,"srcset":"https:\/\/i0.wp.com\/bno-travel.com\/wp-content\/uploads\/2025\/10\/litunet-721-trysil.png?resize=350%2C200&ssl=1 1x, https:\/\/i0.wp.com\/bno-travel.com\/wp-content\/uploads\/2025\/10\/litunet-721-trysil.png?resize=525%2C300&ssl=1 1.5x, https:\/\/i0.wp.com\/bno-travel.com\/wp-content\/uploads\/2025\/10\/litunet-721-trysil.png?resize=700%2C400&ssl=1 2x, https:\/\/i0.wp.com\/bno-travel.com\/wp-content\/uploads\/2025\/10\/litunet-721-trysil.png?resize=1050%2C600&ssl=1 3x, https:\/\/i0.wp.com\/bno-travel.com\/wp-content\/uploads\/2025\/10\/litunet-721-trysil.png?resize=1400%2C800&ssl=1 4x"},"classes":[]},{"id":5828,"url":"https:\/\/bno-travel.com\/fr\/fagerhoy-1181\/","url_meta":{"origin":1889,"position":2},"title":"Fagerh\u00f8y 1181","author":"Jan Terje \u00c5s","date":"21 juillet 2025","format":false,"excerpt":"Fagerh\u00f8y, Trysil H\u00f8yfjellssenter A partir de 990 kr par jour \u2605\u2605\u2605\u2605 V\u00e9rifiez les dates disponibles Bienvenue \u00e0 Fagerh\u00f8y, une spacieuse maison de vacances familiale Fagerh\u00f8y 1181 est un spacieux chalet familial de 113 m\u00b2 avec 10 lits, 3 chambres, 2 salons et 2 salles de bains - dont une avec\u2026","rel":"","context":"Article similaire","block_context":{"text":"Article similaire","link":""},"img":{"alt_text":"Fagerh\u00f8y - 10 sengs hytte","src":"https:\/\/i0.wp.com\/bno-travel.com\/wp-content\/uploads\/2025\/07\/Fagerhoy2-09-1.jpg?resize=350%2C200&ssl=1","width":350,"height":200,"srcset":"https:\/\/i0.wp.com\/bno-travel.com\/wp-content\/uploads\/2025\/07\/Fagerhoy2-09-1.jpg?resize=350%2C200&ssl=1 1x, https:\/\/i0.wp.com\/bno-travel.com\/wp-content\/uploads\/2025\/07\/Fagerhoy2-09-1.jpg?resize=525%2C300&ssl=1 1.5x, https:\/\/i0.wp.com\/bno-travel.com\/wp-content\/uploads\/2025\/07\/Fagerhoy2-09-1.jpg?resize=700%2C400&ssl=1 2x, https:\/\/i0.wp.com\/bno-travel.com\/wp-content\/uploads\/2025\/07\/Fagerhoy2-09-1.jpg?resize=1050%2C600&ssl=1 3x, https:\/\/i0.wp.com\/bno-travel.com\/wp-content\/uploads\/2025\/07\/Fagerhoy2-09-1.jpg?resize=1400%2C800&ssl=1 4x"},"classes":[]},{"id":2696,"url":"https:\/\/bno-travel.com\/fr\/centre-touristique-de-trysil\/","url_meta":{"origin":1889,"position":3},"title":"Centre touristique de Trysil","author":"Jan Terje \u00c5s","date":"18 juillet 2025","format":false,"excerpt":"Trysil - Zone principale Trysil Turistsenter - h\u00e9bergement \u00e0 Trysil avec acc\u00e8s facile aux activit\u00e9s, \u00e0 l'\u00e9cole de ski et \u00e0 la location de skis. Le Trysil Turistsenter est l'un des lieux d'h\u00e9bergement les plus populaires de Trysil. Il se trouve \u00e0 proximit\u00e9 des activit\u00e9s et des services et constitue\u2026","rel":"","context":"Article similaire","block_context":{"text":"Article similaire","link":""},"img":{"alt_text":"","src":"","width":0,"height":0},"classes":[]},{"id":2847,"url":"https:\/\/bno-travel.com\/fr\/votre-voyage\/","url_meta":{"origin":1889,"position":4},"title":"Votre voyage \u00e0 Trysil et S\u00e4len","author":"Jan Terje \u00c5s","date":"11 juillet 2025","format":false,"excerpt":"Trouvez votre lieu de pr\u00e9dilection Votre voyage \u00e0 Trysil et S\u00e4len. Vous r\u00eavez de vacances \u00e0 la montagne \u00e0 Trysil ou \u00e0 S\u00e4len ? Votre voyage avec BNO Travel vous offre des vacances s\u00fbres et flexibles vers les destinations de sports d'hiver les plus populaires de Norv\u00e8ge et de Su\u00e8de.\u2026","rel":"","context":"Article similaire","block_context":{"text":"Article similaire","link":""},"img":{"alt_text":"Vandring i Trysil Skagsvola - en herlig vandretur for hele familien.","src":"https:\/\/i0.wp.com\/bno-travel.com\/wp-content\/uploads\/2025\/06\/28177379886_c8a50193b0_c.jpg?resize=350%2C200","width":350,"height":200,"srcset":"https:\/\/i0.wp.com\/bno-travel.com\/wp-content\/uploads\/2025\/06\/28177379886_c8a50193b0_c.jpg?resize=350%2C200 1x, https:\/\/i0.wp.com\/bno-travel.com\/wp-content\/uploads\/2025\/06\/28177379886_c8a50193b0_c.jpg?resize=525%2C300 1.5x, https:\/\/i0.wp.com\/bno-travel.com\/wp-content\/uploads\/2025\/06\/28177379886_c8a50193b0_c.jpg?resize=700%2C400 2x"},"classes":[]}],"_links":{"self":[{"href":"https:\/\/bno-travel.com\/fr\/wp-json\/wp\/v2\/pages\/1889","targetHints":{"allow":["GET"]}}],"collection":[{"href":"https:\/\/bno-travel.com\/fr\/wp-json\/wp\/v2\/pages"}],"about":[{"href":"https:\/\/bno-travel.com\/fr\/wp-json\/wp\/v2\/types\/page"}],"author":[{"embeddable":true,"href":"https:\/\/bno-travel.com\/fr\/wp-json\/wp\/v2\/users\/260013438"}],"replies":[{"embeddable":true,"href":"https:\/\/bno-travel.com\/fr\/wp-json\/wp\/v2\/comments?post=1889"}],"version-history":[{"count":1,"href":"https:\/\/bno-travel.com\/fr\/wp-json\/wp\/v2\/pages\/1889\/revisions"}],"predecessor-version":[{"id":1890,"href":"https:\/\/bno-travel.com\/fr\/wp-json\/wp\/v2\/pages\/1889\/revisions\/1890"}],"wp:attachment":[{"href":"https:\/\/bno-travel.com\/fr\/wp-json\/wp\/v2\/media?parent=1889"}],"curies":[{"name":"wp","href":"https:\/\/api.w.org\/{rel}","templated":true}]}}