{"id":2718,"date":"2025-07-11T13:50:20","date_gmt":"2025-07-11T11:50:20","guid":{"rendered":"https:\/\/bno-travel.com\/?page_id=2718"},"modified":"2025-07-11T13:50:59","modified_gmt":"2025-07-11T11:50:59","slug":"contactez-nous","status":"publish","type":"page","link":"https:\/\/bno-travel.com\/fr\/contactez-nous\/","title":{"rendered":"Contactez nous"},"content":{"rendered":"\n<div class=\"wp-block-group alignfull is-layout-constrained wp-container-core-group-is-layout-082b0574 wp-block-group-is-layout-constrained\" style=\"padding-top:var(--wp--preset--spacing--50);padding-bottom:var(--wp--preset--spacing--40)\">\n<div class=\"wp-block-columns alignwide is-layout-flex wp-container-core-columns-is-layout-632e7d69 wp-block-columns-is-layout-flex\">\n<div class=\"wp-block-column is-layout-flow wp-container-core-column-is-layout-5185c3d0 wp-block-column-is-layout-flow\" style=\"flex-basis:50%\">\n<h2 class=\"wp-block-heading\"><\/h2>\n\n\n\n<figure class=\"wp-block-image size-full is-resized\"><img data-recalc-dims=\"1\" fetchpriority=\"high\" decoding=\"async\" width=\"732\" height=\"924\" src=\"https:\/\/i0.wp.com\/bno-travel.com\/wp-content\/uploads\/2025\/06\/AdobeStock_182554441-e1750784403298.jpeg?resize=732%2C924&#038;ssl=1\" alt=\"\" class=\"wp-image-887\" style=\"aspect-ratio:1;object-fit:cover;width:501px;height:auto\" srcset=\"https:\/\/i0.wp.com\/bno-travel.com\/wp-content\/uploads\/2025\/06\/AdobeStock_182554441-e1750784403298.jpeg?w=732&amp;ssl=1 732w, https:\/\/i0.wp.com\/bno-travel.com\/wp-content\/uploads\/2025\/06\/AdobeStock_182554441-e1750784403298.jpeg?resize=238%2C300&amp;ssl=1 238w\" sizes=\"(max-width: 732px) 100vw, 732px\" \/><\/figure>\n<\/div>\n\n\n\n<div class=\"wp-block-column is-layout-flow wp-container-core-column-is-layout-23912308 wp-block-column-is-layout-flow\" style=\"flex-basis:50%\">\n<p class=\"wp-block-paragraph\">Vous avez des questions sur les voyages, les r\u00e9servations ou nos services ? Nous nous ferons un plaisir de vous aider ! <\/p>\n\n\n\n<p class=\"wp-block-paragraph\"><br\/>Remplissez le formulaire de contact, envoyez-nous un courriel ou appelez-nous et nous vous r\u00e9pondrons dans les plus brefs d\u00e9lais.<\/p>\n\n\n<\/div>\n<\/div>\n\n\n\n<div class=\"wp-block-group alignfull has-background-color has-foreground-background-color has-text-color has-background has-link-color wp-elements-072e2eb7ec926888c33ed89b75e422ea is-layout-flow wp-block-group-is-layout-flow\" style=\"padding-top:0;padding-right:var(--wp--preset--spacing--40);padding-bottom:0;padding-left:var(--wp--preset--spacing--40)\">\n<div class=\"wp-block-jetpack-map is-style-default\" data-map-id=\"jp-map-1\" data-map-provider=\"mapkit\" data-api-key=\"pk.eyJ1IjoiYXV0b21hdHRpYyIsImEiOiJjazVpZjA5aWswYTFvM21sOWtzNW1rNG9lIn0.Gu-sp4wRxnnQB-Qa8CpuZQ\" data-map-style=\"default\" data-blog-id=\"245833491\"><ul><li><a href=\"https:\/\/www.google.com\/maps\/search\/?api=1&amp;query=61.300231,12.2643206\" target=\"_blank\" rel=\"noopener\">Vestmovegen 7, 2420 Trysil, Norv\u00e8ge<\/a><\/li><\/ul><\/div>\n<\/div>\n<\/div>\n","protected":false},"excerpt":{"rendered":"<p>Vous avez des questions sur les voyages, les r\u00e9servations ou nos services ? Nous nous ferons un plaisir de vous aider ! Remplissez le formulaire de contact, envoyez-nous un courriel ou appelez-nous et nous vous r\u00e9pondrons dans les plus brefs d\u00e9lais.<\/p>\n","protected":false},"author":260013438,"featured_media":0,"parent":0,"menu_order":0,"comment_status":"closed","ping_status":"closed","template":"","meta":{"_crdt_document":"","footnotes":""},"class_list":["post-2718","page","type-page","status-publish","hentry"],"jetpack_likes_enabled":true,"jetpack_sharing_enabled":true,"jetpack_shortlink":"https:\/\/wp.me\/PgDuwj-HQ","jetpack-related-posts":[{"id":11555,"url":"https:\/\/bno-travel.com\/fr\/hebergement-bno-travel\/","url_meta":{"origin":2718,"position":0},"title":"H\u00e9bergement - BNO Travel","author":"Jan Terje \u00c5s","date":"29 septembre 2025","format":false,"excerpt":"Organis\u00e9 par BNO Travel : BNO Travel se charge de la visibilit\u00e9, de la r\u00e9servation et de la gestion des clients, tandis que vous gardez le contr\u00f4le. Les avantages de l'utilisation de BNO Travel Faible commission - seulement 3% pour BNO Travel (contactez-nous et nous vous montrerons les calculs) Paiements\u2026","rel":"","context":"Article similaire","block_context":{"text":"Article similaire","link":""},"img":{"alt_text":"Utleie av hytter i Trysil & S\u00e4len","src":"https:\/\/i0.wp.com\/bno-travel.com\/wp-content\/uploads\/2025\/09\/10001-Fagerasen1120_3616.jpg?resize=350%2C200&ssl=1","width":350,"height":200,"srcset":"https:\/\/i0.wp.com\/bno-travel.com\/wp-content\/uploads\/2025\/09\/10001-Fagerasen1120_3616.jpg?resize=350%2C200&ssl=1 1x, https:\/\/i0.wp.com\/bno-travel.com\/wp-content\/uploads\/2025\/09\/10001-Fagerasen1120_3616.jpg?resize=525%2C300&ssl=1 1.5x, https:\/\/i0.wp.com\/bno-travel.com\/wp-content\/uploads\/2025\/09\/10001-Fagerasen1120_3616.jpg?resize=700%2C400&ssl=1 2x, https:\/\/i0.wp.com\/bno-travel.com\/wp-content\/uploads\/2025\/09\/10001-Fagerasen1120_3616.jpg?resize=1050%2C600&ssl=1 3x, https:\/\/i0.wp.com\/bno-travel.com\/wp-content\/uploads\/2025\/09\/10001-Fagerasen1120_3616.jpg?resize=1400%2C800&ssl=1 4x"},"classes":[]},{"id":4561,"url":"https:\/\/bno-travel.com\/fr\/politique-de-confidentialite\/","url_meta":{"origin":2718,"position":1},"title":"Politique de confidentialit\u00e9","author":"Jan Terje \u00c5s","date":"11 juillet 2025","format":false,"excerpt":"Politique de confidentialit\u00e9 Politique de confidentialit\u00e9 Cette politique de confidentialit\u00e9 concerne la mani\u00e8re dont BNO TRAVEL recueille et utilise les donn\u00e9es personnelles vous concernant. Nous utilisons des cookies sur bno-travel.com. En utilisant notre site web avec des cookies activ\u00e9s dans votre navigateur (ce qui est le cas par d\u00e9faut), vous\u2026","rel":"","context":"Article similaire","block_context":{"text":"Article similaire","link":""},"img":{"alt_text":"","src":"","width":0,"height":0},"classes":[]},{"id":4068,"url":"https:\/\/bno-travel.com\/fr\/spa-et-bains-a-trysil\/","url_meta":{"origin":2718,"position":2},"title":"Spa et bains \u00e0 Trysil","author":"Jan Terje \u00c5s","date":"18 juillet 2025","format":false,"excerpt":"Spa et bains \u00e0 Trysil - D\u00e9tente et bien-\u00eatre en montagne Trysil n'est pas seulement pour ceux qui recherchent la vitesse et l'excitation - c'est aussi une destination pour ceux qui recherchent la tranquillit\u00e9, le bien-\u00eatre et l'authenticit\u00e9 de la montagne. Avec un bon choix de spas et de bains\u2026","rel":"","context":"Article similaire","block_context":{"text":"Article similaire","link":""},"img":{"alt_text":"Spa og bad i Trysil","src":"https:\/\/i0.wp.com\/bno-travel.com\/wp-content\/uploads\/2025\/07\/52199820901_706171c188_c.jpg?resize=350%2C200&ssl=1","width":350,"height":200,"srcset":"https:\/\/i0.wp.com\/bno-travel.com\/wp-content\/uploads\/2025\/07\/52199820901_706171c188_c.jpg?resize=350%2C200&ssl=1 1x, https:\/\/i0.wp.com\/bno-travel.com\/wp-content\/uploads\/2025\/07\/52199820901_706171c188_c.jpg?resize=525%2C300&ssl=1 1.5x, https:\/\/i0.wp.com\/bno-travel.com\/wp-content\/uploads\/2025\/07\/52199820901_706171c188_c.jpg?resize=700%2C400&ssl=1 2x"},"classes":[]},{"id":1931,"url":"https:\/\/bno-travel.com\/fr\/nous-transportons-votre-appareil\/","url_meta":{"origin":2718,"position":3},"title":"Nous organisons votre unit\u00e9 \u00e0 Trysil et S\u00e4lenfjellet","author":"Jan Terje \u00c5s","date":"11 juillet 2025","format":false,"excerpt":"Nous changeons la fa\u00e7on dont la location fonctionne \u00e0 Trysil et \u00e0 S\u00e4len Location et courtage de chalets et d'appartements \u00e0 Trysil et \u00e0 S\u00e4len : nous changeons le mode de fonctionnement Comment proc\u00e9der ? Si vous louez aujourd'hui votre chalet ou votre appartement \u00e0 Trysil ou \u00e0 S\u00e4len, vous\u2026","rel":"","context":"Article similaire","block_context":{"text":"Article similaire","link":""},"img":{"alt_text":"","src":"https:\/\/i0.wp.com\/bno-travel.com\/wp-content\/uploads\/2025\/06\/Eierside-2.jpg?resize=350%2C200&ssl=1","width":350,"height":200,"srcset":"https:\/\/i0.wp.com\/bno-travel.com\/wp-content\/uploads\/2025\/06\/Eierside-2.jpg?resize=350%2C200&ssl=1 1x, https:\/\/i0.wp.com\/bno-travel.com\/wp-content\/uploads\/2025\/06\/Eierside-2.jpg?resize=525%2C300&ssl=1 1.5x, https:\/\/i0.wp.com\/bno-travel.com\/wp-content\/uploads\/2025\/06\/Eierside-2.jpg?resize=700%2C400&ssl=1 2x"},"classes":[]},{"id":34802,"url":"https:\/\/bno-travel.com\/fr\/conditions-publiques\/","url_meta":{"origin":2718,"position":4},"title":"Conditions publiques","author":"Jan Terje \u00c5s","date":"13 avril 2026","format":false,"excerpt":"Conditions g\u00e9n\u00e9rales d'utilisation des partenaires Conditions publiques et principes de coop\u00e9ration pour les partenaires de l'h\u00e9bergement professionnel Cette page d\u00e9crit les principes g\u00e9n\u00e9raux de la coop\u00e9ration entre BNO Travel et les op\u00e9rateurs professionnels de l'h\u00e9bergement. Le mod\u00e8le commercial, les conditions individuelles et les dispositions propres \u00e0 chaque partenaire font l'objet\u2026","rel":"","context":"Article similaire","block_context":{"text":"Article similaire","link":""},"img":{"alt_text":"","src":"","width":0,"height":0},"classes":[]},{"id":1889,"url":"https:\/\/bno-travel.com\/fr\/voyager-ici-a-trysil\/","url_meta":{"origin":2718,"position":5},"title":"Voyager ici \u00e0 Trysil","author":"Jan Terje \u00c5s","date":"11 juillet 2025","format":false,"excerpt":"Comment se rendre \u00e0 Trysil - en avion, en voiture de location, en bus, en train ou en voiture priv\u00e9e \u2708\ufe0f En avion jusqu'\u00e0 l'a\u00e9roport d'Oslo Gardermoen (OSL) L'a\u00e9roport d'Oslo est le point d'entr\u00e9e le plus courant pour les voyageurs de Trysil. Il existe des vols directs en provenance de\u2026","rel":"","context":"Article similaire","block_context":{"text":"Article similaire","link":""},"img":{"alt_text":"Trysil Ski resort, skiferie i Trysil,","src":"https:\/\/i0.wp.com\/bno-travel.com\/wp-content\/uploads\/2025\/06\/10001-20191216-Drone0784-scaled-1.jpg?resize=350%2C200&ssl=1","width":350,"height":200,"srcset":"https:\/\/i0.wp.com\/bno-travel.com\/wp-content\/uploads\/2025\/06\/10001-20191216-Drone0784-scaled-1.jpg?resize=350%2C200&ssl=1 1x, https:\/\/i0.wp.com\/bno-travel.com\/wp-content\/uploads\/2025\/06\/10001-20191216-Drone0784-scaled-1.jpg?resize=525%2C300&ssl=1 1.5x, https:\/\/i0.wp.com\/bno-travel.com\/wp-content\/uploads\/2025\/06\/10001-20191216-Drone0784-scaled-1.jpg?resize=700%2C400&ssl=1 2x, https:\/\/i0.wp.com\/bno-travel.com\/wp-content\/uploads\/2025\/06\/10001-20191216-Drone0784-scaled-1.jpg?resize=1050%2C600&ssl=1 3x, https:\/\/i0.wp.com\/bno-travel.com\/wp-content\/uploads\/2025\/06\/10001-20191216-Drone0784-scaled-1.jpg?resize=1400%2C800&ssl=1 4x"},"classes":[]}],"_links":{"self":[{"href":"https:\/\/bno-travel.com\/fr\/wp-json\/wp\/v2\/pages\/2718","targetHints":{"allow":["GET"]}}],"collection":[{"href":"https:\/\/bno-travel.com\/fr\/wp-json\/wp\/v2\/pages"}],"about":[{"href":"https:\/\/bno-travel.com\/fr\/wp-json\/wp\/v2\/types\/page"}],"author":[{"embeddable":true,"href":"https:\/\/bno-travel.com\/fr\/wp-json\/wp\/v2\/users\/260013438"}],"replies":[{"embeddable":true,"href":"https:\/\/bno-travel.com\/fr\/wp-json\/wp\/v2\/comments?post=2718"}],"version-history":[{"count":4,"href":"https:\/\/bno-travel.com\/fr\/wp-json\/wp\/v2\/pages\/2718\/revisions"}],"predecessor-version":[{"id":4968,"href":"https:\/\/bno-travel.com\/fr\/wp-json\/wp\/v2\/pages\/2718\/revisions\/4968"}],"wp:attachment":[{"href":"https:\/\/bno-travel.com\/fr\/wp-json\/wp\/v2\/media?parent=2718"}],"curies":[{"name":"wp","href":"https:\/\/api.w.org\/{rel}","templated":true}]}}