{"id":2803,"date":"2025-07-11T13:54:41","date_gmt":"2025-07-11T11:54:41","guid":{"rendered":"https:\/\/bno-travel.com\/?page_id=2803"},"modified":"2026-04-03T12:39:07","modified_gmt":"2026-04-03T10:39:07","slug":"se-rendre-a-salenfjellet","status":"publish","type":"page","link":"https:\/\/bno-travel.com\/fr\/se-rendre-a-salenfjellet\/","title":{"rendered":"Se rendre \u00e0 S\u00e4lenfjellet"},"content":{"rendered":"\n<div class=\"wp-block-group alignfull is-content-justification-center is-layout-constrained wp-block-group-is-layout-constrained\" style=\"margin-top:0;margin-bottom:0;padding-top:var(--wp--preset--spacing--40);padding-bottom:var(--wp--preset--spacing--40)\">\n<figure class=\"wp-block-image alignwide size-full aspect-16\/9\"><img data-recalc-dims=\"1\" fetchpriority=\"high\" decoding=\"async\" width=\"800\" height=\"528\" src=\"https:\/\/i0.wp.com\/bno-travel.com\/wp-content\/uploads\/2025\/06\/AdobeStock_121113275-e1751307052527.jpeg?resize=800%2C528&#038;ssl=1\" alt=\"\" class=\"wp-image-2549\" srcset=\"https:\/\/i0.wp.com\/bno-travel.com\/wp-content\/uploads\/2025\/06\/AdobeStock_121113275-e1751307052527.jpeg?w=2545&amp;ssl=1 2545w, https:\/\/i0.wp.com\/bno-travel.com\/wp-content\/uploads\/2025\/06\/AdobeStock_121113275-e1751307052527.jpeg?resize=300%2C198&amp;ssl=1 300w, https:\/\/i0.wp.com\/bno-travel.com\/wp-content\/uploads\/2025\/06\/AdobeStock_121113275-e1751307052527.jpeg?resize=1024%2C676&amp;ssl=1 1024w, https:\/\/i0.wp.com\/bno-travel.com\/wp-content\/uploads\/2025\/06\/AdobeStock_121113275-e1751307052527.jpeg?resize=768%2C507&amp;ssl=1 768w, https:\/\/i0.wp.com\/bno-travel.com\/wp-content\/uploads\/2025\/06\/AdobeStock_121113275-e1751307052527.jpeg?resize=1536%2C1014&amp;ssl=1 1536w, https:\/\/i0.wp.com\/bno-travel.com\/wp-content\/uploads\/2025\/06\/AdobeStock_121113275-e1751307052527.jpeg?resize=2048%2C1352&amp;ssl=1 2048w, https:\/\/i0.wp.com\/bno-travel.com\/wp-content\/uploads\/2025\/06\/AdobeStock_121113275-e1751307052527.jpeg?w=1600&amp;ssl=1 1600w, https:\/\/i0.wp.com\/bno-travel.com\/wp-content\/uploads\/2025\/06\/AdobeStock_121113275-e1751307052527.jpeg?w=2400&amp;ssl=1 2400w\" sizes=\"(max-width: 800px) 100vw, 800px\" \/><figcaption class=\"wp-element-caption\">.<\/figcaption><\/figure>\n<\/div>\n\n<div class=\"wp-block-group alignfull is-style-section-3 is-content-justification-center is-layout-constrained wp-container-core-group-is-layout-b54e18b3 wp-block-group-is-layout-constrained\" style=\"margin-top:0;margin-bottom:0;padding-top:var(--wp--preset--spacing--50);padding-bottom:var(--wp--preset--spacing--50)\">\n<h2 class=\"wp-block-heading has-text-align-left alignwide\">Comment se rendre \u00e0 S\u00e4lenfjellet - en avion, en voiture de location, en bus, en train ou en voiture priv\u00e9e<\/h2>\n\n\n\n<p class=\"wp-block-paragraph\"><\/p>\n\n\n\n<div class=\"wp-block-group alignwide is-layout-flow wp-container-core-group-is-layout-a7dce961 wp-block-group-is-layout-flow\">\n<div class=\"wp-block-columns alignwide is-layout-flex wp-container-core-columns-is-layout-cb1de518 wp-block-columns-is-layout-flex\">\n<div class=\"wp-block-column is-layout-flow wp-block-column-is-layout-flow\" style=\"padding-top:24px;padding-bottom:24px\">\n<h3 class=\"wp-block-heading has-text-align-left alignwide is-service-name\">\u2708\ufe0f En avion jusqu&rsquo;\u00e0 l&rsquo;a\u00e9roport d&rsquo;Oslo Gardermoen (OSL)<\/h3>\n<\/div>\n\n\n\n<div class=\"wp-block-column is-layout-flow wp-block-column-is-layout-flow\">\n<div class=\"wp-block-group alignwide is-layout-flow wp-block-group-is-layout-flow\" style=\"border-bottom-width:1px;padding-top:40px;padding-bottom:40px\">\n<p class=\"is-service-description wp-block-paragraph\"><\/p>\n\n\n\n<p class=\"wp-block-paragraph\">L&rsquo;a\u00e9roport d&rsquo;Oslo est l&rsquo;un des points d&rsquo;entr\u00e9e les plus courants pour les voyageurs \u00e0 destination de S\u00e4len. Il existe des vols directs en provenance de plusieurs grandes villes europ\u00e9ennes. <\/p>\n\n\n\n<p class=\"wp-block-paragraph\"><strong>Continuez vers S\u00e4len depuis Gardermoen :<\/strong><\/p>\n\n\n\n<p class=\"is-service-description wp-block-paragraph\"><strong>En bus :<\/strong> Des bus relient la r\u00e9gion d&rsquo;Oslo \u00e0 S\u00e4len pendant la saison hivernale. La dur\u00e9e du trajet varie en fonction de l&rsquo;itin\u00e9raire et des correspondances. <\/p>\n\n\n\n<p class=\"wp-block-paragraph\"><strong>Location de voiture :<\/strong> La location de voiture est une option flexible pour votre voyage \u00e0 S\u00e4len. La dur\u00e9e du trajet depuis Gardermoen est d&rsquo;environ 3,5 \u00e0 4 heures, selon la destination dans la r\u00e9gion de S\u00e4len.  <\/p>\n<\/div>\n<\/div>\n<\/div>\n\n\n\n<div class=\"wp-block-columns alignwide is-layout-flex wp-container-core-columns-is-layout-cb1de518 wp-block-columns-is-layout-flex\">\n<div class=\"wp-block-column is-layout-flow wp-block-column-is-layout-flow\" style=\"padding-top:24px;padding-bottom:24px\">\n<h3 class=\"wp-block-heading has-text-align-left alignwide is-service-name\">\u2708\ufe0f En avion jusqu&rsquo;\u00e0 l&rsquo;a\u00e9roport Scandinavian Mountains (SCR)<\/h3>\n<\/div>\n\n\n\n<div class=\"wp-block-column is-layout-flow wp-block-column-is-layout-flow\">\n<div class=\"wp-block-group alignwide is-layout-flow wp-block-group-is-layout-flow\" style=\"border-bottom-width:1px;padding-top:40px;padding-bottom:40px\">\n<p class=\"is-service-description wp-block-paragraph\">L&rsquo;a\u00e9roport Scandinavian Mountains est l&rsquo;a\u00e9roport le plus proche de S\u00e4len et se trouve \u00e0 seulement 10-15 minutes de la plupart des stations de la r\u00e9gion. L&rsquo;a\u00e9roport propose des d\u00e9parts saisonniers depuis plusieurs villes europ\u00e9ennes.  <\/p>\n\n\n\n<p class=\"wp-block-paragraph\"><strong>Continuer vers S\u00e4len \u00e0 partir de SCR :<\/strong><\/p>\n\n\n\n<p class=\"is-service-description wp-block-paragraph\"><strong>Navette :<\/strong> Une navette est disponible pour les arriv\u00e9es pendant la saison hivernale vers les h\u00e9bergements et les stations de ski de la r\u00e9gion de S\u00e4len.<\/p>\n\n\n\n<p class=\"wp-block-paragraph\"><strong>Location de voitures :<\/strong> La location de voitures est possible pour ceux qui veulent avoir la libert\u00e9 de se d\u00e9placer dans la r\u00e9gion.<\/p>\n<\/div>\n<\/div>\n<\/div>\n\n\n\n<div class=\"wp-block-columns alignwide is-layout-flex wp-container-core-columns-is-layout-cb1de518 wp-block-columns-is-layout-flex\">\n<div class=\"wp-block-column is-layout-flow wp-block-column-is-layout-flow\" style=\"padding-top:24px;padding-bottom:24px\">\n<h3 class=\"wp-block-heading has-text-align-left alignwide is-service-name\">\ud83d\ude86\ud83d\ude8d Voyager de ville en ville - en train, en bus ou en voiture<\/h3>\n<\/div>\n\n\n\n<div class=\"wp-block-column is-layout-flow wp-block-column-is-layout-flow\">\n<div class=\"wp-block-group alignwide is-layout-flow wp-block-group-is-layout-flow\" style=\"border-bottom-width:1px;padding-top:40px;padding-bottom:40px\">\n<p class=\"wp-block-paragraph\"><\/p>\n\n\n\n<h3 class=\"wp-block-heading\"><strong>Depuis Stockholm<\/strong><\/h3>\n\n\n\n<p class=\"is-service-description wp-block-paragraph\"><strong>En voiture :<\/strong> Environ 5-6 heures, selon la partie de S\u00e4len o\u00f9 vous vous rendez. <\/p>\n\n\n\n<p class=\"wp-block-paragraph\"><strong>Train et bus :<\/strong> Prenez un train jusqu&rsquo;\u00e0 Mora ou Borl\u00e4nge, puis un bus jusqu&rsquo;\u00e0 S\u00e4len. La dur\u00e9e totale du trajet varie en fonction des correspondances. <\/p>\n\n\n\n<p class=\"wp-block-paragraph\"><strong>En bus :<\/strong> Des bus relient Stockholm \u00e0 S\u00e4len, surtout en hiver.<\/p>\n\n\n\n<h3 class=\"wp-block-heading\"><strong>De G\u00f6teborg<\/strong><\/h3>\n\n\n\n<ul class=\"wp-block-list\">\n<li><strong>Train :<\/strong> Train jusqu&rsquo;\u00e0 Borl\u00e4nge ou Mora, puis bus jusqu&rsquo;\u00e0 S\u00e4len.<\/li>\n\n\n\n<li><strong>En bus :<\/strong> Voyagez en bus via Stockholm ou d&rsquo;autres centres, en fonction de la saison et des horaires.<\/li>\n\n\n\n<li><strong>Voiture :<\/strong> Environ 6-7 heures. <\/li>\n<\/ul>\n\n\n\n<h3 class=\"wp-block-heading\"><strong>Depuis Helsinki<\/strong><\/h3>\n\n\n\n<ul class=\"wp-block-list\">\n<li><strong>Train et ferry :<\/strong> Prenez le ferry pour Stockholm et de l\u00e0, prenez le train, le bus ou la voiture jusqu&rsquo;\u00e0 S\u00e4len.<\/li>\n\n\n\n<li><strong>Bus :<\/strong> Selon la saison, il est possible de combiner le ferry et le bus longue distance via la Su\u00e8de.<\/li>\n\n\n\n<li><strong>En voiture :<\/strong> Environ 11 \u00e0 13 heures, en fonction de l&rsquo;itin\u00e9raire et de la liaison par ferry. <\/li>\n<\/ul>\n\n\n\n<h3 class=\"wp-block-heading\"><strong>Depuis K\u00f8enhavn<\/strong><\/h3>\n\n\n\n<div class=\"wp-block-group is-nowrap is-layout-flex wp-container-core-group-is-layout-7387b849 wp-block-group-is-layout-flex\">\n<ul class=\"wp-block-list\">\n<li><strong>Train :<\/strong> Train jusqu&rsquo;\u00e0 Stockholm, Borl\u00e4nge ou Mora, puis bus jusqu&rsquo;\u00e0 S\u00e4len.<\/li>\n\n\n\n<li><strong>Bus :<\/strong> Bus longue distance via la Su\u00e8de avec correspondance \u00e0 S\u00e4len.<\/li>\n\n\n\n<li><strong>En voiture :<\/strong> Environ 8 \u00e0 10 heures en passant par le pont de l&rsquo;\u00d8resund et plus au nord en Su\u00e8de. <\/li>\n<\/ul>\n\n\n\n<p class=\"wp-block-paragraph\">.<\/p>\n<\/div>\n\n\n\n<h3 class=\"wp-block-heading\"><strong>Depuis Fredrikshavn<\/strong> (ferry du Danemark)<\/h3>\n\n\n\n<ul class=\"wp-block-list\">\n<li><strong>Train :<\/strong> Train de Frederikshavn via G\u00f6teborg, puis \u00e0 travers la Su\u00e8de vers Mora ou Borl\u00e4nge, puis bus jusqu&rsquo;\u00e0 S\u00e4len.<\/li>\n\n\n\n<li><strong>Bus :<\/strong> Liaisons par bus via la Su\u00e8de avec transfert vers les lignes r\u00e9gionales en direction de S\u00e4len.<\/li>\n\n\n\n<li><strong>En voiture :<\/strong> Environ 7-8 heures, selon l&rsquo;itin\u00e9raire choisi. <\/li>\n<\/ul>\n\n\n\n<h3 class=\"wp-block-heading\"><strong>Depuis Kiel <\/strong>(ferry depuis l&rsquo;Allemagne)<\/h3>\n\n\n\n<ul class=\"wp-block-list\">\n<li><strong>Trains :<\/strong> Trains via le Danemark et la Su\u00e8de, avec correspondance \u00e0 Mora ou Borl\u00e4nge et bus pour S\u00e4len.<\/li>\n\n\n\n<li><strong>Bus :<\/strong> Itin\u00e9raires longue distance via le Danemark et la Su\u00e8de avec des correspondances \u00e0 S\u00e4len.<\/li>\n\n\n\n<li><strong>En voiture :<\/strong> Environ 11 \u00e0 13 heures, selon l&rsquo;itin\u00e9raire et le choix du ferry. <\/li>\n<\/ul>\n\n\n\n<p class=\"wp-block-paragraph\"><\/p>\n<\/div>\n<\/div>\n<\/div>\n<\/div>\n<\/div>\n\n<div class=\"wp-block-group alignwide is-layout-flow wp-block-group-is-layout-flow\" style=\"border-bottom-width:1px;padding-top:40px;padding-bottom:40px\">\n<p class=\"is-service-description wp-block-paragraph\"><mark style=\"background-color:rgba(0, 0, 0, 0);color:#000000\" class=\"has-inline-color\">\ud83d\ude99 BNO Travel - votre partenaire de voyage pour S\u00e4len<\/mark><\/p>\n\n\n\n<p class=\"wp-block-paragraph\">Quelle que soit la mani\u00e8re dont vous choisissez de voyager, nous vous facilitons la t\u00e2che :<\/p>\n\n\n\n<ul class=\"wp-block-list\">\n<li><strong>Location de voitures dans de multiples destinations<\/strong><\/li>\n\n\n\n<li><strong>R\u00e9servation de bus et de transports<\/strong><\/li>\n\n\n\n<li><strong>Conseils et organisation de voyages<\/strong><\/li>\n<\/ul>\n\n\n\n<p class=\"wp-block-paragraph\">Contactez-nous pour obtenir de l&rsquo;aide pour votre voyage \u00e0 S\u00e4len !<\/p>\n<\/div>\n\n<p class=\"wp-block-paragraph\"><\/p>\n","protected":false},"excerpt":{"rendered":"<p>Comment se rendre \u00e0 S\u00e4lenfjellet - en avion, en voiture de location, en bus, en train ou en voiture priv\u00e9e \u2708\ufe0f En avion jusqu&rsquo;\u00e0 l&rsquo;a\u00e9roport d&rsquo;Oslo Gardermoen (OSL) L&rsquo;a\u00e9roport d&rsquo;Oslo est l&rsquo;un des points d&rsquo;entr\u00e9e les plus courants pour les voyageurs \u00e0 destination de S\u00e4len. Il existe des vols directs en provenance de plusieurs grandes [&hellip;]<\/p>\n","protected":false},"author":260013438,"featured_media":0,"parent":0,"menu_order":0,"comment_status":"closed","ping_status":"closed","template":"","meta":{"_crdt_document":"","footnotes":""},"class_list":["post-2803","page","type-page","status-publish","hentry"],"jetpack_likes_enabled":true,"jetpack_sharing_enabled":true,"jetpack_shortlink":"https:\/\/wp.me\/PgDuwj-Jd","jetpack-related-posts":[{"id":2847,"url":"https:\/\/bno-travel.com\/fr\/votre-voyage\/","url_meta":{"origin":2803,"position":0},"title":"Votre voyage \u00e0 Trysil et S\u00e4len","author":"Jan Terje \u00c5s","date":"11 juillet 2025","format":false,"excerpt":"Trouvez votre lieu de pr\u00e9dilection Votre voyage \u00e0 Trysil et S\u00e4len. Vous r\u00eavez de vacances \u00e0 la montagne \u00e0 Trysil ou \u00e0 S\u00e4len ? Votre voyage avec BNO Travel vous offre des vacances s\u00fbres et flexibles vers les destinations de sports d'hiver les plus populaires de Norv\u00e8ge et de Su\u00e8de.\u2026","rel":"","context":"Article similaire","block_context":{"text":"Article similaire","link":""},"img":{"alt_text":"Vandring i Trysil Skagsvola - en herlig vandretur for hele familien.","src":"https:\/\/i0.wp.com\/bno-travel.com\/wp-content\/uploads\/2025\/06\/28177379886_c8a50193b0_c.jpg?resize=350%2C200","width":350,"height":200,"srcset":"https:\/\/i0.wp.com\/bno-travel.com\/wp-content\/uploads\/2025\/06\/28177379886_c8a50193b0_c.jpg?resize=350%2C200 1x, https:\/\/i0.wp.com\/bno-travel.com\/wp-content\/uploads\/2025\/06\/28177379886_c8a50193b0_c.jpg?resize=525%2C300 1.5x, https:\/\/i0.wp.com\/bno-travel.com\/wp-content\/uploads\/2025\/06\/28177379886_c8a50193b0_c.jpg?resize=700%2C400 2x"},"classes":[]},{"id":2862,"url":"https:\/\/bno-travel.com\/en\/salenfjellet\/","url_meta":{"origin":2803,"position":1},"title":"S\u00e4lenfjellet","author":"Jan Terje \u00c5s","date":"30 septembre 2025","format":false,"excerpt":". Lindvallen, H\u00f6gfj\u00e4llet and Tand\u00e5dalen Welcome to snowy adventures and relaxing cabin life in S\u00e4len.With BNO TRAVEL, you stay comfortably in the heart of S\u00e4lenfjellet \u2013 close to Lindvallen, H\u00f6gfj\u00e4llet and Tand\u00e5dalen. The area is known for its wide selection of alpine slopes, family-friendly atmosphere and excellent cross-country conditions. Our\u2026","rel":"","context":"Article similaire","block_context":{"text":"Article similaire","link":""},"img":{"alt_text":"overnatting i salen","src":"https:\/\/i0.wp.com\/bno-travel.com\/wp-content\/uploads\/2025\/06\/AdobeStock_121113275-e1751307052527.jpeg?resize=350%2C200&ssl=1","width":350,"height":200,"srcset":"https:\/\/i0.wp.com\/bno-travel.com\/wp-content\/uploads\/2025\/06\/AdobeStock_121113275-e1751307052527.jpeg?resize=350%2C200&ssl=1 1x, https:\/\/i0.wp.com\/bno-travel.com\/wp-content\/uploads\/2025\/06\/AdobeStock_121113275-e1751307052527.jpeg?resize=525%2C300&ssl=1 1.5x, https:\/\/i0.wp.com\/bno-travel.com\/wp-content\/uploads\/2025\/06\/AdobeStock_121113275-e1751307052527.jpeg?resize=700%2C400&ssl=1 2x, https:\/\/i0.wp.com\/bno-travel.com\/wp-content\/uploads\/2025\/06\/AdobeStock_121113275-e1751307052527.jpeg?resize=1050%2C600&ssl=1 3x, https:\/\/i0.wp.com\/bno-travel.com\/wp-content\/uploads\/2025\/06\/AdobeStock_121113275-e1751307052527.jpeg?resize=1400%2C800&ssl=1 4x"},"classes":[]},{"id":2758,"url":"https:\/\/bno-travel.com\/sv\/salenfjellet\/","url_meta":{"origin":2803,"position":2},"title":"S\u00e4lenfjellet","author":"Jan Terje \u00c5s","date":"30 septembre 2025","format":false,"excerpt":". Lindvallen, H\u00f6gfj\u00e4llet och Tand\u00e5dalen V\u00e4lkommen till sn\u00f6iga \u00e4ventyr och avkopplande stugliv i S\u00e4len!Med BNO TRAVEL kan du bo bekv\u00e4mt i hj\u00e4rtat av S\u00e4lenfjellet - n\u00e4ra Lindvallen, H\u00f6gfj\u00e4llet och Tand\u00e5dalen. Omr\u00e5det \u00e4r k\u00e4nt f\u00f6r sitt breda utbud av alpina backar, familjev\u00e4nliga atmosf\u00e4r och utm\u00e4rkta l\u00e4ngdskid\u00e5kningsf\u00f6rh\u00e5llanden. V\u00e5ra boendeerbjudanden i S\u00e4len: Skidor\u2026","rel":"","context":"Article similaire","block_context":{"text":"Article similaire","link":""},"img":{"alt_text":"overnatting i salen","src":"https:\/\/i0.wp.com\/bno-travel.com\/wp-content\/uploads\/2025\/06\/AdobeStock_121113275-e1751307052527.jpeg?resize=350%2C200&ssl=1","width":350,"height":200,"srcset":"https:\/\/i0.wp.com\/bno-travel.com\/wp-content\/uploads\/2025\/06\/AdobeStock_121113275-e1751307052527.jpeg?resize=350%2C200&ssl=1 1x, https:\/\/i0.wp.com\/bno-travel.com\/wp-content\/uploads\/2025\/06\/AdobeStock_121113275-e1751307052527.jpeg?resize=525%2C300&ssl=1 1.5x, https:\/\/i0.wp.com\/bno-travel.com\/wp-content\/uploads\/2025\/06\/AdobeStock_121113275-e1751307052527.jpeg?resize=700%2C400&ssl=1 2x, https:\/\/i0.wp.com\/bno-travel.com\/wp-content\/uploads\/2025\/06\/AdobeStock_121113275-e1751307052527.jpeg?resize=1050%2C600&ssl=1 3x, https:\/\/i0.wp.com\/bno-travel.com\/wp-content\/uploads\/2025\/06\/AdobeStock_121113275-e1751307052527.jpeg?resize=1400%2C800&ssl=1 4x"},"classes":[]},{"id":2869,"url":"https:\/\/bno-travel.com\/da\/salenfjellet\/","url_meta":{"origin":2803,"position":3},"title":"S\u00e4lenfjellet","author":"Jan Terje \u00c5s","date":"30 septembre 2025","format":false,"excerpt":". Lindvallen, H\u00f6gfj\u00e4llet og Tand\u00e5dalen Velkommen til snefyldte eventyr og et afslappende hytteliv i S\u00e4len!Med BNO TRAVEL kan du bo komfortabelt i hjertet af S\u00e4lenfjellet - t\u00e6t p\u00e5 Lindvallen, H\u00f6gfj\u00e4llet og Tand\u00e5dalen. Omr\u00e5det er kendt for sit brede udvalg af alpine pister, familievenlige atmosf\u00e6re og fremragende langrendsforhold. Vores overnatningstilbud i\u2026","rel":"","context":"Article similaire","block_context":{"text":"Article similaire","link":""},"img":{"alt_text":"overnatting i salen","src":"https:\/\/i0.wp.com\/bno-travel.com\/wp-content\/uploads\/2025\/06\/AdobeStock_121113275-e1751307052527.jpeg?resize=350%2C200&ssl=1","width":350,"height":200,"srcset":"https:\/\/i0.wp.com\/bno-travel.com\/wp-content\/uploads\/2025\/06\/AdobeStock_121113275-e1751307052527.jpeg?resize=350%2C200&ssl=1 1x, https:\/\/i0.wp.com\/bno-travel.com\/wp-content\/uploads\/2025\/06\/AdobeStock_121113275-e1751307052527.jpeg?resize=525%2C300&ssl=1 1.5x, https:\/\/i0.wp.com\/bno-travel.com\/wp-content\/uploads\/2025\/06\/AdobeStock_121113275-e1751307052527.jpeg?resize=700%2C400&ssl=1 2x, https:\/\/i0.wp.com\/bno-travel.com\/wp-content\/uploads\/2025\/06\/AdobeStock_121113275-e1751307052527.jpeg?resize=1050%2C600&ssl=1 3x, https:\/\/i0.wp.com\/bno-travel.com\/wp-content\/uploads\/2025\/06\/AdobeStock_121113275-e1751307052527.jpeg?resize=1400%2C800&ssl=1 4x"},"classes":[]},{"id":2882,"url":"https:\/\/bno-travel.com\/is\/salenfjellet\/","url_meta":{"origin":2803,"position":4},"title":"S\u00e4lenfjellet","author":"Jan Terje \u00c5s","date":"30 septembre 2025","format":false,"excerpt":". Lindvallen, H\u00f6gfj\u00e4llet og Tand\u00e5dalen Velkomin \u00ed snj\u00f3\u00feung \u00e6vint\u00fdri og afslappandi sumarh\u00fasal\u00edf \u00ed S\u00e4len!Me\u00f0 BNO TRAVEL getur \u00fe\u00fa dvali\u00f0 \u00fe\u00e6gilega \u00ed hjarta S\u00e4lenfjellet \u2013 n\u00e1l\u00e6gt Lindvallen, H\u00f6gfj\u00e4llet og Tand\u00e5dalen. Sv\u00e6\u00f0i\u00f0 er \u00feekkt fyrir fj\u00f6lbreytt \u00farval af alpabrekkum, fj\u00f6lskylduv\u00e6nt andr\u00famsloft og g\u00f3\u00f0ar a\u00f0st\u00e6\u00f0ur til g\u00f6ngusk\u00ed\u00f0ai\u00f0kunar. Gistingin okkar b\u00fd\u00f0ur upp \u00e1 \u00ed\u2026","rel":"","context":"Article similaire","block_context":{"text":"Article similaire","link":""},"img":{"alt_text":"overnatting i salen","src":"https:\/\/i0.wp.com\/bno-travel.com\/wp-content\/uploads\/2025\/06\/AdobeStock_121113275-e1751307052527.jpeg?resize=350%2C200&ssl=1","width":350,"height":200,"srcset":"https:\/\/i0.wp.com\/bno-travel.com\/wp-content\/uploads\/2025\/06\/AdobeStock_121113275-e1751307052527.jpeg?resize=350%2C200&ssl=1 1x, https:\/\/i0.wp.com\/bno-travel.com\/wp-content\/uploads\/2025\/06\/AdobeStock_121113275-e1751307052527.jpeg?resize=525%2C300&ssl=1 1.5x, https:\/\/i0.wp.com\/bno-travel.com\/wp-content\/uploads\/2025\/06\/AdobeStock_121113275-e1751307052527.jpeg?resize=700%2C400&ssl=1 2x, https:\/\/i0.wp.com\/bno-travel.com\/wp-content\/uploads\/2025\/06\/AdobeStock_121113275-e1751307052527.jpeg?resize=1050%2C600&ssl=1 3x, https:\/\/i0.wp.com\/bno-travel.com\/wp-content\/uploads\/2025\/06\/AdobeStock_121113275-e1751307052527.jpeg?resize=1400%2C800&ssl=1 4x"},"classes":[]},{"id":2640,"url":"https:\/\/bno-travel.com\/hytter-leiligheter-og-overnatting-i-salenfjellet\/","url_meta":{"origin":2803,"position":5},"title":"S\u00e4lenfjellet","author":"Jan Terje \u00c5s","date":"30 septembre 2025","format":false,"excerpt":". Lindvallen, H\u00f6gfj\u00e4llet og Tand\u00e5dalen Velkommen til sn\u00f8rike eventyr og avslappende hytteliv i S\u00e4len!Med BNO TRAVEL bor du komfortabelt i hjertet av S\u00e4lenfjellet \u2013 n\u00e6r Lindvallen, H\u00f6gfj\u00e4llet og Tand\u00e5dalen. Omr\u00e5det er kjent for sitt brede tilbud av alpinbakker, familievennlig atmosf\u00e6re og gode langrennsforhold. V\u00e5re overnattingstilbud i S\u00e4len: Ski-in\/ski-out: Bo med\u2026","rel":"","context":"Article similaire","block_context":{"text":"Article similaire","link":""},"img":{"alt_text":"overnatting i salen","src":"https:\/\/i0.wp.com\/bno-travel.com\/wp-content\/uploads\/2025\/06\/AdobeStock_121113275-e1751307052527.jpeg?resize=350%2C200&ssl=1","width":350,"height":200,"srcset":"https:\/\/i0.wp.com\/bno-travel.com\/wp-content\/uploads\/2025\/06\/AdobeStock_121113275-e1751307052527.jpeg?resize=350%2C200&ssl=1 1x, https:\/\/i0.wp.com\/bno-travel.com\/wp-content\/uploads\/2025\/06\/AdobeStock_121113275-e1751307052527.jpeg?resize=525%2C300&ssl=1 1.5x, https:\/\/i0.wp.com\/bno-travel.com\/wp-content\/uploads\/2025\/06\/AdobeStock_121113275-e1751307052527.jpeg?resize=700%2C400&ssl=1 2x, https:\/\/i0.wp.com\/bno-travel.com\/wp-content\/uploads\/2025\/06\/AdobeStock_121113275-e1751307052527.jpeg?resize=1050%2C600&ssl=1 3x, https:\/\/i0.wp.com\/bno-travel.com\/wp-content\/uploads\/2025\/06\/AdobeStock_121113275-e1751307052527.jpeg?resize=1400%2C800&ssl=1 4x"},"classes":[]}],"_links":{"self":[{"href":"https:\/\/bno-travel.com\/fr\/wp-json\/wp\/v2\/pages\/2803","targetHints":{"allow":["GET"]}}],"collection":[{"href":"https:\/\/bno-travel.com\/fr\/wp-json\/wp\/v2\/pages"}],"about":[{"href":"https:\/\/bno-travel.com\/fr\/wp-json\/wp\/v2\/types\/page"}],"author":[{"embeddable":true,"href":"https:\/\/bno-travel.com\/fr\/wp-json\/wp\/v2\/users\/260013438"}],"replies":[{"embeddable":true,"href":"https:\/\/bno-travel.com\/fr\/wp-json\/wp\/v2\/comments?post=2803"}],"version-history":[{"count":2,"href":"https:\/\/bno-travel.com\/fr\/wp-json\/wp\/v2\/pages\/2803\/revisions"}],"predecessor-version":[{"id":28304,"href":"https:\/\/bno-travel.com\/fr\/wp-json\/wp\/v2\/pages\/2803\/revisions\/28304"}],"wp:attachment":[{"href":"https:\/\/bno-travel.com\/fr\/wp-json\/wp\/v2\/media?parent=2803"}],"curies":[{"name":"wp","href":"https:\/\/api.w.org\/{rel}","templated":true}]}}