{"id":4121,"date":"2025-07-18T20:48:07","date_gmt":"2025-07-18T18:48:07","guid":{"rendered":"https:\/\/bno-travel.com\/?page_id=4121"},"modified":"2025-07-18T20:48:49","modified_gmt":"2025-07-18T18:48:49","slug":"restaurants-a-trysil","status":"publish","type":"page","link":"https:\/\/bno-travel.com\/fr\/restaurants-a-trysil\/","title":{"rendered":"Restaurants \u00e0 Trysil"},"content":{"rendered":"\n<p class=\"wp-block-paragraph\"><\/p>\n\n<div class=\"wp-block-cover alignfull\" style=\"margin-top:0;margin-bottom:0;padding-top:var(--wp--preset--spacing--20);padding-right:var(--wp--preset--spacing--40);padding-bottom:var(--wp--preset--spacing--20);padding-left:var(--wp--preset--spacing--40);min-height:1052px;aspect-ratio:unset;\"><img data-recalc-dims=\"1\" fetchpriority=\"high\" decoding=\"async\" width=\"799\" height=\"582\" class=\"wp-block-cover__image-background wp-image-3406 size-full\" alt=\"Restauranter i Trysil\" src=\"https:\/\/i0.wp.com\/bno-travel.com\/wp-content\/uploads\/2025\/07\/52200124434_fe05c58713_c.jpg?resize=799%2C582&#038;ssl=1\" data-object-fit=\"cover\" srcset=\"https:\/\/i0.wp.com\/bno-travel.com\/wp-content\/uploads\/2025\/07\/52200124434_fe05c58713_c.jpg?w=799&amp;ssl=1 799w, https:\/\/i0.wp.com\/bno-travel.com\/wp-content\/uploads\/2025\/07\/52200124434_fe05c58713_c.jpg?resize=300%2C219&amp;ssl=1 300w, https:\/\/i0.wp.com\/bno-travel.com\/wp-content\/uploads\/2025\/07\/52200124434_fe05c58713_c.jpg?resize=768%2C559&amp;ssl=1 768w\" sizes=\"(max-width: 799px) 100vw, 799px\" \/><span aria-hidden=\"true\" class=\"wp-block-cover__background has-theme-1-background-color has-background-dim-30 has-background-dim\"><\/span><div class=\"wp-block-cover__inner-container is-layout-flow wp-block-cover-is-layout-flow\">\n<p class=\"wp-block-paragraph\"><\/p>\n\n\n\n<p class=\"wp-block-paragraph\"><\/p>\n\n\n\n<div style=\"height:117px\" aria-hidden=\"true\" class=\"wp-block-spacer\"><\/div>\n\n\n\n<div style=\"height:var(--wp--preset--spacing--50)\" aria-hidden=\"true\" class=\"wp-block-spacer\"><\/div>\n<\/div><\/div>\n\n<div class=\"wp-block-group alignfull is-style-section-3 is-layout-constrained wp-block-group-is-layout-constrained\" style=\"margin-top:0;margin-bottom:0;padding-top:var(--wp--preset--spacing--40);padding-bottom:var(--wp--preset--spacing--40)\">\n<div class=\"wp-block-columns alignwide are-vertically-aligned-center is-layout-flex wp-container-core-columns-is-layout-d9ad523d wp-block-columns-is-layout-flex\">\n<div class=\"wp-block-column is-vertically-aligned-center is-layout-flow wp-block-column-is-layout-flow\">\n<figure class=\"wp-block-image size-full\"><img data-recalc-dims=\"1\" decoding=\"async\" width=\"800\" height=\"449\" src=\"https:\/\/i0.wp.com\/bno-travel.com\/wp-content\/uploads\/2025\/07\/20.06.19_Dronebilder-Sentrum_FULLSIZE-2.jpg?resize=800%2C449&#038;ssl=1\" alt=\"Exp&#xE9;rience Trysil\" class=\"wp-image-3199\" style=\"aspect-ratio:3\/4;object-fit:cover\" title=\"titre\" srcset=\"https:\/\/i0.wp.com\/bno-travel.com\/wp-content\/uploads\/2025\/07\/20.06.19_Dronebilder-Sentrum_FULLSIZE-2.jpg?w=5464&amp;ssl=1 5464w, https:\/\/i0.wp.com\/bno-travel.com\/wp-content\/uploads\/2025\/07\/20.06.19_Dronebilder-Sentrum_FULLSIZE-2.jpg?resize=300%2C169&amp;ssl=1 300w, https:\/\/i0.wp.com\/bno-travel.com\/wp-content\/uploads\/2025\/07\/20.06.19_Dronebilder-Sentrum_FULLSIZE-2.jpg?resize=1024%2C575&amp;ssl=1 1024w, https:\/\/i0.wp.com\/bno-travel.com\/wp-content\/uploads\/2025\/07\/20.06.19_Dronebilder-Sentrum_FULLSIZE-2.jpg?resize=768%2C432&amp;ssl=1 768w, https:\/\/i0.wp.com\/bno-travel.com\/wp-content\/uploads\/2025\/07\/20.06.19_Dronebilder-Sentrum_FULLSIZE-2.jpg?resize=1536%2C863&amp;ssl=1 1536w, https:\/\/i0.wp.com\/bno-travel.com\/wp-content\/uploads\/2025\/07\/20.06.19_Dronebilder-Sentrum_FULLSIZE-2.jpg?resize=2048%2C1151&amp;ssl=1 2048w, https:\/\/i0.wp.com\/bno-travel.com\/wp-content\/uploads\/2025\/07\/20.06.19_Dronebilder-Sentrum_FULLSIZE-2.jpg?w=1600&amp;ssl=1 1600w, https:\/\/i0.wp.com\/bno-travel.com\/wp-content\/uploads\/2025\/07\/20.06.19_Dronebilder-Sentrum_FULLSIZE-2.jpg?w=2400&amp;ssl=1 2400w\" sizes=\"(max-width: 800px) 100vw, 800px\" \/><\/figure>\n<\/div>\n\n\n\n<div class=\"wp-block-column is-vertically-aligned-center is-content-justification-left is-layout-constrained wp-container-core-column-is-layout-b64f6bf5 wp-block-column-is-layout-constrained\">\n<p class=\"wp-block-paragraph\"><\/p>\n\n\n\n<h2 class=\"wp-block-heading\">Restaurants \u00e0 Trysil - Des saveurs tout au long de l&rsquo;ann\u00e9e<\/h2>\n\n\n\n<p class=\"wp-block-paragraph\">Trysil offre bien plus que de fantastiques pistes de ski et des paysages de montagne. Que vous visitiez la r\u00e9gion en hiver ou en \u00e9t\u00e9, vous pouvez profiter d&rsquo;une <a href=\"https:\/\/www.trysil.com\/spisesteder\/?open=false&amp;pagesize=12\" target=\"_blank\" rel=\"noopener\">riche s\u00e9lection de restaurants, de caf\u00e9s et de lieux d&rsquo;apr\u00e8s-ski - de la cuisine gastronomique \u00e0 la restauration rapide<\/a>. Il y en a pour tous les go\u00fbts, quel que soit l&rsquo;endroit o\u00f9 vous vivez dans les montagnes. Nous vous donnons un aper\u00e7u des endroits o\u00f9 manger \u00e0 <strong>Trysil Sentrum<\/strong>, <strong>Trysil Turistsenter<\/strong>, <strong>Trysilfjell Hytteomr\u00e5de<\/strong> et <strong>Trysil H\u00f8yfjellssenter \/ Fager\u00e5sen<\/strong>.   <\/p>\n\n\n\n<p class=\"wp-block-paragraph\">Restaurants \u00e0 Trysil Sentrum<\/p>\n\n\n\n<p class=\"wp-block-paragraph\">Trysil Sentrum est le c\u0153ur de la communaut\u00e9 locale et propose un certain nombre de restaurants et de caf\u00e9s accueillants, parfaits pour une pause d\u00e9jeuner ou un d\u00eener tranquille apr\u00e8s une journ\u00e9e en montagne.<\/p>\n\n\n\n<ul class=\"wp-block-list\">\n<li><a href=\"https:\/\/www.trysil.com\/bedrifter\/lokja-as\/lokja\/\" target=\"_blank\" rel=\"noopener\"><strong>L\u00f8kja<\/strong>:<\/a> un restaurant populaire proposant un menu norv\u00e9gien moderne et local. Id\u00e9al pour les couples et les groupes d&rsquo;amis. <\/li>\n\n\n\n<li><strong>Trysil Hotell - Restaurant Parken<\/strong>: Cuisine locale dans un cadre \u00e9l\u00e9gant. Le menu change selon la saison et met l&rsquo;accent sur les ingr\u00e9dients d&rsquo;origine locale. <\/li>\n\n\n\n<li><strong>Restaurant chinois<\/strong>: Des options familiales avec des plats \u00e0 emporter et des repas.<\/li>\n<\/ul>\n\n\n\n<p class=\"wp-block-paragraph\">Le centre-ville de Trysil est id\u00e9al pour ceux qui veulent combiner la bonne cuisine avec le shopping, la culture et les activit\u00e9s telles que le cin\u00e9ma, le bowling ou un concert au centre culturel Hagelund.<\/p>\n<\/div>\n<\/div>\n<\/div>\n\n<div class=\"wp-block-group alignfull is-style-default is-content-justification-center is-layout-constrained wp-container-core-group-is-layout-69af11d0 wp-block-group-is-layout-constrained\" style=\"margin-top:0;margin-bottom:0;padding-top:var(--wp--preset--spacing--40);padding-bottom:var(--wp--preset--spacing--40)\">\n<div class=\"wp-block-group alignwide is-content-justification-left is-layout-constrained wp-container-core-group-is-layout-54d22900 wp-block-group-is-layout-constrained\">\n<p class=\"wp-block-paragraph\"><\/p>\n<\/div>\n<\/div>\n\n<div class=\"wp-block-group alignfull is-content-justification-center is-layout-constrained wp-block-group-is-layout-constrained\" style=\"margin-top:0;margin-bottom:0;padding-top:var(--wp--preset--spacing--40);padding-bottom:var(--wp--preset--spacing--40)\">\n<div class=\"wp-block-columns alignwide are-vertically-aligned-center is-layout-flex wp-container-core-columns-is-layout-7387b849 wp-block-columns-is-layout-flex\">\n<div class=\"wp-block-column is-vertically-aligned-center is-content-justification-left is-layout-constrained wp-container-core-column-is-layout-b64f6bf5 wp-block-column-is-layout-constrained\">\n<p class=\"wp-block-paragraph\">Restaurants du Trysil Turistsenter<\/p>\n\n\n\n<p class=\"wp-block-paragraph\">Cette zone est la plus anim\u00e9e et la plus populaire aupr\u00e8s des skieurs. Elle abrite \u00e9galement plusieurs des restaurants les plus populaires de Trysil.<\/p>\n\n\n\n<ul class=\"wp-block-list\">\n<li><strong>Laaven 1790<\/strong>: Un apr\u00e8s-ski et un restaurant embl\u00e9matiques, connus pour leur ambiance et leur menu copieux de burgers, de p\u00e2tes et de plats montagnards.<\/li>\n\n\n\n<li><strong>Barbacoa<\/strong>: <a href=\"https:\/\/barbacoa.no\/\" target=\"_blank\" rel=\"noopener\">Tex-Mex et plats internationaux<\/a> avec une touche de fra\u00eecheur. Convient aux familles avec enfants ainsi qu&rsquo;aux groupes d&rsquo;amis.<\/li>\n\n\n\n<li><strong>La Pasteria<\/strong>: Restaurant familial avec un grand choix et beaucoup d&rsquo;espace - parfait pour le d\u00e9jeuner et le d\u00eener.<\/li>\n\n\n\n<li><strong>Hill Restaurant<\/strong> au Radisson Blu Resort : Exp\u00e9riences gastronomiques avec vue sur les montagnes et carte des vins.<\/li>\n<\/ul>\n\n\n\n<p class=\"wp-block-paragraph\">Le centre touristique permet d&rsquo;acc\u00e9der facilement aux remont\u00e9es m\u00e9caniques, aux magasins et aux activit\u00e9s. Il est id\u00e9al pour ceux qui veulent tout avoir \u00e0 proximit\u00e9.<\/p>\n\n\n\n<p class=\"wp-block-paragraph\">O\u00f9 manger \u00e0 Trysilfjell Hytteomr\u00e5de ?<\/p>\n\n\n\n<p class=\"wp-block-paragraph\">Trysilfjell Hytteomr\u00e5de est situ\u00e9 entre Turistsenteret et H\u00f8yfjellssenteret, avec plusieurs cabines confortables et un environnement plus calme. Vous y trouverez <\/p>\n\n\n\n<ul class=\"wp-block-list\">\n<li><strong>Restaurant Skihytta<\/strong>: Un joyau cach\u00e9 surplombant la vall\u00e9e. Il sert des plats locaux et des sp\u00e9cialit\u00e9s internationales. <\/li>\n\n\n\n<li><strong>Knettsetra<\/strong> (\u00e0 proximit\u00e9) : Un restaurant de montagne situ\u00e9 au centre de la piste de ski - accessible \u00e0 ski ou \u00e0 pied. Menu traditionnel, grandes places assises \u00e0 l&rsquo;ext\u00e9rieur et bons apr\u00e8s-skis. <\/li>\n<\/ul>\n\n\n\n<p class=\"wp-block-paragraph\">La r\u00e9gion est id\u00e9ale pour ceux qui souhaitent vivre une exp\u00e9rience montagnarde plus traditionnelle, avec la tranquillit\u00e9, le ski-in\/ski-out et une courte distance des activit\u00e9s et des restaurants.<\/p>\n<\/div>\n\n\n\n<div class=\"wp-block-column is-vertically-aligned-center is-layout-flow wp-block-column-is-layout-flow\">\n<figure class=\"wp-block-image size-full\"><img data-recalc-dims=\"1\" decoding=\"async\" width=\"799\" height=\"582\" src=\"https:\/\/i0.wp.com\/bno-travel.com\/wp-content\/uploads\/2025\/07\/52200124434_fe05c58713_c.jpg?resize=799%2C582&#038;ssl=1\" alt=\"Restaurants &#xE0; Trysil\" class=\"wp-image-3406\" style=\"aspect-ratio:3\/4;object-fit:cover\" srcset=\"https:\/\/i0.wp.com\/bno-travel.com\/wp-content\/uploads\/2025\/07\/52200124434_fe05c58713_c.jpg?w=799&amp;ssl=1 799w, https:\/\/i0.wp.com\/bno-travel.com\/wp-content\/uploads\/2025\/07\/52200124434_fe05c58713_c.jpg?resize=300%2C219&amp;ssl=1 300w, https:\/\/i0.wp.com\/bno-travel.com\/wp-content\/uploads\/2025\/07\/52200124434_fe05c58713_c.jpg?resize=768%2C559&amp;ssl=1 768w\" sizes=\"(max-width: 799px) 100vw, 799px\" \/><\/figure>\n<\/div>\n<\/div>\n<\/div>\n\n<div class=\"wp-block-group alignfull is-style-default is-content-justification-center is-layout-constrained wp-container-core-group-is-layout-69af11d0 wp-block-group-is-layout-constrained\" style=\"margin-top:0;margin-bottom:0;padding-top:var(--wp--preset--spacing--40);padding-bottom:var(--wp--preset--spacing--40)\">\n<div class=\"wp-block-group alignfull is-content-justification-center is-layout-constrained wp-container-core-group-is-layout-4853c3a7 wp-block-group-is-layout-constrained\" style=\"margin-top:0;margin-bottom:0;padding-top:calc( 0.5 * var(u002du002dwpu002du002dstyleu002du002drootu002du002dpadding-right, var(u002du002dwpu002du002dcustomu002du002dgapu002du002dhorizontal)));padding-right:var(u002du002dwpu002du002dstyleu002du002drootu002du002dpadding-right, var(u002du002dwpu002du002dcustomu002du002dgapu002du002dhorizontal));padding-bottom:calc( 0.5 * var(u002du002dwpu002du002dstyleu002du002drootu002du002dpadding-right, var(u002du002dwpu002du002dcustomu002du002dgapu002du002dhorizontal)));padding-left:var(u002du002dwpu002du002dstyleu002du002drootu002du002dpadding-left, var(u002du002dwpu002du002dcustomu002du002dgapu002du002dhorizontal))\">\n<div style=\"height:calc( 0.25 * var(u002du002dwpu002du002dstyleu002du002drootu002du002dpadding-right, var(u002du002dwpu002du002dcustomu002du002dgapu002du002dhorizontal)))\" aria-hidden=\"true\" class=\"wp-block-spacer\"><\/div>\n\n\n\n<div class=\"wp-block-columns alignwide is-layout-flex wp-container-core-columns-is-layout-7387b849 wp-block-columns-is-layout-flex\">\n<div class=\"wp-block-column is-vertically-aligned-center is-layout-flow wp-block-column-is-layout-flow\">\n<figure class=\"wp-block-image size-full\"><img data-recalc-dims=\"1\" loading=\"lazy\" decoding=\"async\" width=\"800\" height=\"616\" src=\"https:\/\/i0.wp.com\/bno-travel.com\/wp-content\/uploads\/2025\/07\/52199845033_2c000ed2d7_c.jpg?resize=800%2C616&#038;ssl=1\" alt=\"Skistar Logde Trysil\" class=\"wp-image-3419\" style=\"aspect-ratio:3\/4;object-fit:cover\" srcset=\"https:\/\/i0.wp.com\/bno-travel.com\/wp-content\/uploads\/2025\/07\/52199845033_2c000ed2d7_c.jpg?w=800&amp;ssl=1 800w, https:\/\/i0.wp.com\/bno-travel.com\/wp-content\/uploads\/2025\/07\/52199845033_2c000ed2d7_c.jpg?resize=300%2C231&amp;ssl=1 300w, https:\/\/i0.wp.com\/bno-travel.com\/wp-content\/uploads\/2025\/07\/52199845033_2c000ed2d7_c.jpg?resize=768%2C591&amp;ssl=1 768w\" sizes=\"(max-width: 800px) 100vw, 800px\" \/><\/figure>\n<\/div>\n\n\n\n<div class=\"wp-block-column is-vertically-aligned-center is-layout-flow wp-block-column-is-layout-flow\">\n<p class=\"has-text-align-left wp-block-paragraph\">Restaurants \u00e0 Fager\u00e5sen \/ Trysil H\u00f8yfjellssenter<\/p>\n\n\n\n<p class=\"wp-block-paragraph\">Le centre de haute montagne est situ\u00e9 plus haut dans les montagnes et est connu pour ses vues magnifiques et son atmosph\u00e8re familiale. Vous y trouverez plusieurs restaurants qui allient le plaisir de la table \u00e0 la tranquillit\u00e9 de la montagne : <\/p>\n\n\n\n<ul class=\"wp-block-list\">\n<li><strong>Fjellroa<\/strong>: Connu pour ses plats faits maison et son atmosph\u00e8re chaleureuse. Superbe emplacement au pied des pistes. <\/li>\n\n\n\n<li>Spiseriet Trysil : Un peu plus pr\u00e8s des remont\u00e9es m\u00e9caniques, en haut de la colline, vous trouverez <strong>Spiseriet Trysil<\/strong>, un lieu de rencontre naturel proposant un menu d&rsquo;inspiration italienne.<\/li>\n\n\n\n<li>Le <strong>SkiStar Lodge Trysil<\/strong>, qui jouit d&rsquo;une situation centrale \u00e0 Fager\u00e5sen, dispose d&rsquo;un <strong>restaurant Barken<\/strong> et d&rsquo;un <strong>restaurant Stabben &amp; Aftersk<\/strong>.<\/li>\n<\/ul>\n\n\n\n<p class=\"has-text-align-left wp-block-paragraph\">Le centre de haute montagne est id\u00e9al pour ceux qui recherchent le calme et la tranquillit\u00e9, une exp\u00e9rience proche de la nature et une bonne cuisine \u00e0 port\u00e9e de main.<\/p>\n\n\n\n<p class=\"wp-block-paragraph\">Activit\u00e9s non alpines - \u00e9t\u00e9 et hiver<\/p>\n\n\n\n<p class=\"wp-block-paragraph\">Trysil n&rsquo;est pas r\u00e9serv\u00e9e aux amateurs de ski ! En hiver, vous pouvez profiter de : <\/p>\n\n\n\n<ul class=\"wp-block-list\">\n<li>Plus de 100 kilom\u00e8tres de pistes de ski de fond<\/li>\n\n\n\n<li>Tra\u00eeneau \u00e0 chiens, raquettes et p\u00eache sur glace<\/li>\n\n\n\n<li>Luge et activit\u00e9s pour les enfants<\/li>\n\n\n\n<li>Exp\u00e9riences de spa et de bien-\u00eatre au Radisson Blu et dans plusieurs centres de vill\u00e9giature en cabine<\/li>\n<\/ul>\n\n\n\n<p class=\"wp-block-paragraph\">En \u00e9t\u00e9, Trysil vous attend :<\/p>\n\n\n\n<ul class=\"wp-block-list\">\n<li><strong>Trysil Bike Arena<\/strong> - La meilleure piste cyclable de Norv\u00e8ge<\/li>\n\n\n\n<li>Randonn\u00e9es en montagne, exp\u00e9ditions en montagne et parc d&rsquo;escalade<\/li>\n\n\n\n<li>Golf, cano\u00eb et p\u00eache dans la rivi\u00e8re Trysil<\/li>\n\n\n\n<li>Parcs familiaux et exp\u00e9riences de la nature<\/li>\n<\/ul>\n\n\n\n<hr class=\"wp-block-separator has-alpha-channel-opacity\"\/>\n\n\n\n<p class=\"wp-block-paragraph\">H\u00e9bergement avec BNO TRAVEL<\/p>\n\n\n\n<p class=\"wp-block-paragraph\">BNO TRAVEL propose un large \u00e9ventail d&rsquo;<a href=\"https:\/\/bno-travel.com\/fr\/hebergement\/\">h\u00e9bergements <\/a>\u00e0 Trysil, des appartements modernes aux cabanes confortables en passant par les h\u00f4tels. Vous pouvez choisir entre des zones telles que Trysil Turistsenter, H\u00f8yfjellssenteret, Trysilfjell Hytteomr\u00e5de et Trysil Sentrum, toutes situ\u00e9es \u00e0 proximit\u00e9 de restaurants et d&rsquo;activit\u00e9s. <\/p>\n\n\n\n<p class=\"wp-block-paragraph\">Nous vous aiderons \u00e0 trouver le logement qui vous convient le mieux, que vous voyagiez seul, en famille ou en groupe, et \u00e0 d\u00e9couvrir tout ce que Trysil a \u00e0 offrir, tout au long de l&rsquo;ann\u00e9e. Et bien s\u00fbr, nous pouvons vous donner des conseils pour rendre votre s\u00e9jour \u00e0 Trysil encore meilleur.    <\/p>\n<\/div>\n<\/div>\n\n\n\n<div style=\"height:calc( 0.25 * var(u002du002dwpu002du002dstyleu002du002drootu002du002dpadding-right, var(u002du002dwpu002du002dcustomu002du002dgapu002du002dhorizontal)))\" aria-hidden=\"true\" class=\"wp-block-spacer\"><\/div>\n<\/div>\n<\/div>\n\n<div class=\"wp-block-group alignfull is-style-default is-content-justification-center is-layout-constrained wp-container-core-group-is-layout-cdf99998 wp-block-group-is-layout-constrained\" style=\"margin-top:0;margin-bottom:0;padding-top:var(--wp--preset--spacing--40);padding-bottom:var(--wp--preset--spacing--40)\"><\/div>\n\n<p class=\"wp-block-paragraph\"><\/p>\n","protected":false},"excerpt":{"rendered":"<p>Restaurants \u00e0 Trysil - Des saveurs tout au long de l&rsquo;ann\u00e9e Trysil offre bien plus que de fantastiques pistes de ski et des paysages de montagne. Que vous visitiez la r\u00e9gion en hiver ou en \u00e9t\u00e9, vous pouvez profiter d&rsquo;une riche s\u00e9lection de restaurants, de caf\u00e9s et de lieux d&rsquo;apr\u00e8s-ski - de la cuisine gastronomique [&hellip;]<\/p>\n","protected":false},"author":260013438,"featured_media":0,"parent":0,"menu_order":0,"comment_status":"closed","ping_status":"closed","template":"","meta":{"_crdt_document":"","footnotes":""},"class_list":["post-4121","page","type-page","status-publish","hentry"],"jetpack_likes_enabled":true,"jetpack_sharing_enabled":true,"jetpack_shortlink":"https:\/\/wp.me\/PgDuwj-14t","jetpack-related-posts":[{"id":4107,"url":"https:\/\/bno-travel.com\/en\/restaurants-in-trysil\/","url_meta":{"origin":4121,"position":0},"title":"Restaurants in Trysil","author":"Jan Terje \u00c5s","date":"18 juillet 2025","format":false,"excerpt":"Restaurants and eateries in Trysil - Tasty all year round Trysil offers far more than fantastic ski slopes and mountain scenery. Whether you visit the area in winter or summer, you can enjoy a rich selection of restaurants, caf\u00e9s and apr\u00e8s-ski venues - everything from gourmet to fast food. There's\u2026","rel":"","context":"Article similaire","block_context":{"text":"Article similaire","link":""},"img":{"alt_text":"Opplev Trysil","src":"https:\/\/i0.wp.com\/bno-travel.com\/wp-content\/uploads\/2025\/07\/20.06.19_Dronebilder-Sentrum_FULLSIZE-2.jpg?resize=350%2C200&ssl=1","width":350,"height":200,"srcset":"https:\/\/i0.wp.com\/bno-travel.com\/wp-content\/uploads\/2025\/07\/20.06.19_Dronebilder-Sentrum_FULLSIZE-2.jpg?resize=350%2C200&ssl=1 1x, https:\/\/i0.wp.com\/bno-travel.com\/wp-content\/uploads\/2025\/07\/20.06.19_Dronebilder-Sentrum_FULLSIZE-2.jpg?resize=525%2C300&ssl=1 1.5x, https:\/\/i0.wp.com\/bno-travel.com\/wp-content\/uploads\/2025\/07\/20.06.19_Dronebilder-Sentrum_FULLSIZE-2.jpg?resize=700%2C400&ssl=1 2x, https:\/\/i0.wp.com\/bno-travel.com\/wp-content\/uploads\/2025\/07\/20.06.19_Dronebilder-Sentrum_FULLSIZE-2.jpg?resize=1050%2C600&ssl=1 3x, https:\/\/i0.wp.com\/bno-travel.com\/wp-content\/uploads\/2025\/07\/20.06.19_Dronebilder-Sentrum_FULLSIZE-2.jpg?resize=1400%2C800&ssl=1 4x"},"classes":[]},{"id":4115,"url":"https:\/\/bno-travel.com\/de\/restaurants-in-trysil\/","url_meta":{"origin":4121,"position":1},"title":"Restaurants in Trysil","author":"Jan Terje \u00c5s","date":"18 juillet 2025","format":false,"excerpt":"Restaurants und Gastst\u00e4tten in Trysil - Das ganze Jahr \u00fcber ein Geschmackserlebnis Trysil bietet weit mehr als fantastische Skipisten und Berglandschaften. Ganz gleich, ob Sie die Gegend im Winter oder im Sommer besuchen, Sie k\u00f6nnen eine reiche Auswahl an Restaurants, Caf\u00e9s und Apr\u00e8s-Ski-Lokalen genie\u00dfen - alles von Gourmet bis Fast\u2026","rel":"","context":"Article similaire","block_context":{"text":"Article similaire","link":""},"img":{"alt_text":"Opplev Trysil","src":"https:\/\/i0.wp.com\/bno-travel.com\/wp-content\/uploads\/2025\/07\/20.06.19_Dronebilder-Sentrum_FULLSIZE-2.jpg?resize=350%2C200&ssl=1","width":350,"height":200,"srcset":"https:\/\/i0.wp.com\/bno-travel.com\/wp-content\/uploads\/2025\/07\/20.06.19_Dronebilder-Sentrum_FULLSIZE-2.jpg?resize=350%2C200&ssl=1 1x, https:\/\/i0.wp.com\/bno-travel.com\/wp-content\/uploads\/2025\/07\/20.06.19_Dronebilder-Sentrum_FULLSIZE-2.jpg?resize=525%2C300&ssl=1 1.5x, https:\/\/i0.wp.com\/bno-travel.com\/wp-content\/uploads\/2025\/07\/20.06.19_Dronebilder-Sentrum_FULLSIZE-2.jpg?resize=700%2C400&ssl=1 2x, https:\/\/i0.wp.com\/bno-travel.com\/wp-content\/uploads\/2025\/07\/20.06.19_Dronebilder-Sentrum_FULLSIZE-2.jpg?resize=1050%2C600&ssl=1 3x, https:\/\/i0.wp.com\/bno-travel.com\/wp-content\/uploads\/2025\/07\/20.06.19_Dronebilder-Sentrum_FULLSIZE-2.jpg?resize=1400%2C800&ssl=1 4x"},"classes":[]},{"id":4110,"url":"https:\/\/bno-travel.com\/nl\/restaurants-in-trysil\/","url_meta":{"origin":4121,"position":2},"title":"Restaurants in Trysil","author":"Jan Terje \u00c5s","date":"18 juillet 2025","format":false,"excerpt":"Restaurants en eetgelegenheden in Trysil - Het hele jaar door smakelijk Trysil biedt veel meer dan fantastische skipistes en berglandschappen. Of je het gebied nu in de winter of in de zomer bezoekt, je kunt genieten van een rijk aanbod aan restaurants, caf\u00e9s en apr\u00e8s-ski gelegenheden - alles van gourmet\u2026","rel":"","context":"Article similaire","block_context":{"text":"Article similaire","link":""},"img":{"alt_text":"Opplev Trysil","src":"https:\/\/i0.wp.com\/bno-travel.com\/wp-content\/uploads\/2025\/07\/20.06.19_Dronebilder-Sentrum_FULLSIZE-2.jpg?resize=350%2C200&ssl=1","width":350,"height":200,"srcset":"https:\/\/i0.wp.com\/bno-travel.com\/wp-content\/uploads\/2025\/07\/20.06.19_Dronebilder-Sentrum_FULLSIZE-2.jpg?resize=350%2C200&ssl=1 1x, https:\/\/i0.wp.com\/bno-travel.com\/wp-content\/uploads\/2025\/07\/20.06.19_Dronebilder-Sentrum_FULLSIZE-2.jpg?resize=525%2C300&ssl=1 1.5x, https:\/\/i0.wp.com\/bno-travel.com\/wp-content\/uploads\/2025\/07\/20.06.19_Dronebilder-Sentrum_FULLSIZE-2.jpg?resize=700%2C400&ssl=1 2x, https:\/\/i0.wp.com\/bno-travel.com\/wp-content\/uploads\/2025\/07\/20.06.19_Dronebilder-Sentrum_FULLSIZE-2.jpg?resize=1050%2C600&ssl=1 3x, https:\/\/i0.wp.com\/bno-travel.com\/wp-content\/uploads\/2025\/07\/20.06.19_Dronebilder-Sentrum_FULLSIZE-2.jpg?resize=1400%2C800&ssl=1 4x"},"classes":[]},{"id":2774,"url":"https:\/\/bno-travel.com\/en\/trysil-hoyfjellssenter\/","url_meta":{"origin":4121,"position":3},"title":"Trysil H\u00f8yfjellssenter","author":"Jan Terje \u00c5s","date":"18 juillet 2025","format":false,"excerpt":"Trysil H\u00f8yfjellssenter - Fager\u00e5sen Welcome to mountain tranquillity and top-class skiing experiences! With BNO TRAVEL you get access to comfortable cabins and apartments at Trysil H\u00f8yfjellssenter \/ Fager\u00e5sen, known for its snow-sure location, family-friendly atmosphere and panoramic views of Trysilfjellet. Our offers at Fager\u00e5sen \/ Trysil H\u00f8yfjellssenter: Ski-in\/ski-out: Direct access\u2026","rel":"","context":"Article similaire","block_context":{"text":"Article similaire","link":""},"img":{"alt_text":"","src":"https:\/\/i0.wp.com\/bno-travel.com\/wp-content\/uploads\/2025\/06\/10001-THG50-006.jpg?resize=350%2C200&ssl=1","width":350,"height":200,"srcset":"https:\/\/i0.wp.com\/bno-travel.com\/wp-content\/uploads\/2025\/06\/10001-THG50-006.jpg?resize=350%2C200&ssl=1 1x, https:\/\/i0.wp.com\/bno-travel.com\/wp-content\/uploads\/2025\/06\/10001-THG50-006.jpg?resize=525%2C300&ssl=1 1.5x, https:\/\/i0.wp.com\/bno-travel.com\/wp-content\/uploads\/2025\/06\/10001-THG50-006.jpg?resize=700%2C400&ssl=1 2x, https:\/\/i0.wp.com\/bno-travel.com\/wp-content\/uploads\/2025\/06\/10001-THG50-006.jpg?resize=1050%2C600&ssl=1 3x, https:\/\/i0.wp.com\/bno-travel.com\/wp-content\/uploads\/2025\/06\/10001-THG50-006.jpg?resize=1400%2C800&ssl=1 4x"},"classes":[]},{"id":2779,"url":"https:\/\/bno-travel.com\/nl\/hooggebergtecentrum-trysil\/","url_meta":{"origin":4121,"position":4},"title":"Hooggebergtecentrum Trysil","author":"Jan Terje \u00c5s","date":"18 juillet 2025","format":false,"excerpt":"Trysil H\u00f8yfjellssenter - Fager\u00e5sen Welkom bij eersteklas bergrust en skibeleving! BNO TRAVEL geeft je toegang tot comfortabele hutten en appartementen in Trysil H\u00f8yfjellssenter \/ Fager\u00e5sen, bekend om zijn sneeuwzekere locatie, gezinsvriendelijke sfeer en panoramisch uitzicht op Trysilfjellet. Onze aanbiedingen bij Fager\u00e5sen \/ Trysil H\u00f8yfjellssenter: Ski-in\/ski-out: Directe toegang tot langlaufen en\u2026","rel":"","context":"Article similaire","block_context":{"text":"Article similaire","link":""},"img":{"alt_text":"","src":"https:\/\/i0.wp.com\/bno-travel.com\/wp-content\/uploads\/2025\/06\/10001-THG50-006.jpg?resize=350%2C200&ssl=1","width":350,"height":200,"srcset":"https:\/\/i0.wp.com\/bno-travel.com\/wp-content\/uploads\/2025\/06\/10001-THG50-006.jpg?resize=350%2C200&ssl=1 1x, https:\/\/i0.wp.com\/bno-travel.com\/wp-content\/uploads\/2025\/06\/10001-THG50-006.jpg?resize=525%2C300&ssl=1 1.5x, https:\/\/i0.wp.com\/bno-travel.com\/wp-content\/uploads\/2025\/06\/10001-THG50-006.jpg?resize=700%2C400&ssl=1 2x, https:\/\/i0.wp.com\/bno-travel.com\/wp-content\/uploads\/2025\/06\/10001-THG50-006.jpg?resize=1050%2C600&ssl=1 3x, https:\/\/i0.wp.com\/bno-travel.com\/wp-content\/uploads\/2025\/06\/10001-THG50-006.jpg?resize=1400%2C800&ssl=1 4x"},"classes":[]}],"_links":{"self":[{"href":"https:\/\/bno-travel.com\/fr\/wp-json\/wp\/v2\/pages\/4121","targetHints":{"allow":["GET"]}}],"collection":[{"href":"https:\/\/bno-travel.com\/fr\/wp-json\/wp\/v2\/pages"}],"about":[{"href":"https:\/\/bno-travel.com\/fr\/wp-json\/wp\/v2\/types\/page"}],"author":[{"embeddable":true,"href":"https:\/\/bno-travel.com\/fr\/wp-json\/wp\/v2\/users\/260013438"}],"replies":[{"embeddable":true,"href":"https:\/\/bno-travel.com\/fr\/wp-json\/wp\/v2\/comments?post=4121"}],"version-history":[{"count":3,"href":"https:\/\/bno-travel.com\/fr\/wp-json\/wp\/v2\/pages\/4121\/revisions"}],"predecessor-version":[{"id":5378,"href":"https:\/\/bno-travel.com\/fr\/wp-json\/wp\/v2\/pages\/4121\/revisions\/5378"}],"wp:attachment":[{"href":"https:\/\/bno-travel.com\/fr\/wp-json\/wp\/v2\/media?parent=4121"}],"curies":[{"name":"wp","href":"https:\/\/api.w.org\/{rel}","templated":true}]}}