{"id":4128,"date":"2025-07-18T20:50:52","date_gmt":"2025-07-18T18:50:52","guid":{"rendered":"https:\/\/bno-travel.com\/?page_id=4128"},"modified":"2025-07-18T20:51:16","modified_gmt":"2025-07-18T18:51:16","slug":"shopping-a-trysil","status":"publish","type":"page","link":"https:\/\/bno-travel.com\/fr\/shopping-a-trysil\/","title":{"rendered":"Shopping \u00e0 Trysil"},"content":{"rendered":"\n<p class=\"wp-block-paragraph\"><\/p>\n\n<div class=\"wp-block-cover alignfull is-light\" style=\"margin-top:0;margin-bottom:0;padding-top:var(--wp--preset--spacing--20);padding-right:var(--wp--preset--spacing--40);padding-bottom:var(--wp--preset--spacing--20);padding-left:var(--wp--preset--spacing--40);min-height:919px;aspect-ratio:unset;\"><img data-recalc-dims=\"1\" fetchpriority=\"high\" decoding=\"async\" width=\"800\" height=\"450\" class=\"wp-block-cover__image-background wp-image-2226 size-full\" alt=\"Shopping i Trysil\" src=\"https:\/\/i0.wp.com\/bno-travel.com\/wp-content\/uploads\/2025\/06\/sentrum_1920.jpg?resize=800%2C450&#038;ssl=1\" style=\"object-position:48% 57%\" data-object-fit=\"cover\" data-object-position=\"48% 57%\" srcset=\"https:\/\/i0.wp.com\/bno-travel.com\/wp-content\/uploads\/2025\/06\/sentrum_1920.jpg?w=1920&amp;ssl=1 1920w, https:\/\/i0.wp.com\/bno-travel.com\/wp-content\/uploads\/2025\/06\/sentrum_1920.jpg?resize=300%2C169&amp;ssl=1 300w, https:\/\/i0.wp.com\/bno-travel.com\/wp-content\/uploads\/2025\/06\/sentrum_1920.jpg?resize=1024%2C576&amp;ssl=1 1024w, https:\/\/i0.wp.com\/bno-travel.com\/wp-content\/uploads\/2025\/06\/sentrum_1920.jpg?resize=768%2C432&amp;ssl=1 768w, https:\/\/i0.wp.com\/bno-travel.com\/wp-content\/uploads\/2025\/06\/sentrum_1920.jpg?resize=1536%2C864&amp;ssl=1 1536w, https:\/\/i0.wp.com\/bno-travel.com\/wp-content\/uploads\/2025\/06\/sentrum_1920.jpg?w=1600&amp;ssl=1 1600w\" sizes=\"(max-width: 800px) 100vw, 800px\" \/><span aria-hidden=\"true\" class=\"wp-block-cover__background has-theme-1-background-color has-background-dim-30 has-background-dim\"><\/span><div class=\"wp-block-cover__inner-container is-layout-flow wp-block-cover-is-layout-flow\">\n<div style=\"height:var(--wp--preset--spacing--50)\" aria-hidden=\"true\" class=\"wp-block-spacer\"><\/div>\n\n\n\n<div style=\"height:var(--wp--preset--spacing--50)\" aria-hidden=\"true\" class=\"wp-block-spacer\"><\/div>\n<\/div><\/div>\n\n<div class=\"wp-block-group alignfull is-style-section-3 is-layout-constrained wp-block-group-is-layout-constrained\" style=\"margin-top:0;margin-bottom:0;padding-top:var(--wp--preset--spacing--40);padding-bottom:var(--wp--preset--spacing--40)\">\n<div class=\"wp-block-columns alignwide are-vertically-aligned-center is-layout-flex wp-container-core-columns-is-layout-d9ad523d wp-block-columns-is-layout-flex\">\n<div class=\"wp-block-column is-vertically-aligned-center is-layout-flow wp-block-column-is-layout-flow\">\n<figure class=\"wp-block-image size-full\"><img data-recalc-dims=\"1\" decoding=\"async\" width=\"800\" height=\"449\" src=\"https:\/\/i0.wp.com\/bno-travel.com\/wp-content\/uploads\/2025\/07\/20.06.19_Dronebilder-Sentrum_FULLSIZE-2.jpg?resize=800%2C449&#038;ssl=1\" alt=\"Exp&#xE9;rience Trysil\" class=\"wp-image-3199\" style=\"aspect-ratio:3\/4;object-fit:cover\" title=\"titre\" srcset=\"https:\/\/i0.wp.com\/bno-travel.com\/wp-content\/uploads\/2025\/07\/20.06.19_Dronebilder-Sentrum_FULLSIZE-2.jpg?w=5464&amp;ssl=1 5464w, https:\/\/i0.wp.com\/bno-travel.com\/wp-content\/uploads\/2025\/07\/20.06.19_Dronebilder-Sentrum_FULLSIZE-2.jpg?resize=300%2C169&amp;ssl=1 300w, https:\/\/i0.wp.com\/bno-travel.com\/wp-content\/uploads\/2025\/07\/20.06.19_Dronebilder-Sentrum_FULLSIZE-2.jpg?resize=1024%2C575&amp;ssl=1 1024w, https:\/\/i0.wp.com\/bno-travel.com\/wp-content\/uploads\/2025\/07\/20.06.19_Dronebilder-Sentrum_FULLSIZE-2.jpg?resize=768%2C432&amp;ssl=1 768w, https:\/\/i0.wp.com\/bno-travel.com\/wp-content\/uploads\/2025\/07\/20.06.19_Dronebilder-Sentrum_FULLSIZE-2.jpg?resize=1536%2C863&amp;ssl=1 1536w, https:\/\/i0.wp.com\/bno-travel.com\/wp-content\/uploads\/2025\/07\/20.06.19_Dronebilder-Sentrum_FULLSIZE-2.jpg?resize=2048%2C1151&amp;ssl=1 2048w, https:\/\/i0.wp.com\/bno-travel.com\/wp-content\/uploads\/2025\/07\/20.06.19_Dronebilder-Sentrum_FULLSIZE-2.jpg?w=1600&amp;ssl=1 1600w, https:\/\/i0.wp.com\/bno-travel.com\/wp-content\/uploads\/2025\/07\/20.06.19_Dronebilder-Sentrum_FULLSIZE-2.jpg?w=2400&amp;ssl=1 2400w\" sizes=\"(max-width: 800px) 100vw, 800px\" \/><\/figure>\n<\/div>\n\n\n\n<div class=\"wp-block-column is-vertically-aligned-center is-content-justification-left is-layout-constrained wp-container-core-column-is-layout-b64f6bf5 wp-block-column-is-layout-constrained\">\n<p class=\"wp-block-paragraph\"><\/p>\n\n\n\n<h2 class=\"wp-block-heading\">Shopping \u00e0 Trysil - D\u00e9couvrez le shopping local et les caf\u00e9s agr\u00e9ables au c\u0153ur du village de montagne.<\/h2>\n\n\n\n<p class=\"wp-block-paragraph\">Trysil est peut-\u00eatre surtout connue pour son ski et ses montagnes, mais au centre du village, vous trouverez \u00e9galement une petite ville charmante et anim\u00e9e, avec tout ce dont vous avez besoin pour des vacances \u00e0 la montagne compl\u00e8tes. Le <strong>centre-ville de Trysil<\/strong> offre un \u00e9ventail \u00e9tonnamment large de boutiques, de caf\u00e9s, de magasins sp\u00e9cialis\u00e9s et de services, parfaits pour les vir\u00e9es shopping, les pauses caf\u00e9 et les journ\u00e9es tranquilles entre deux activit\u00e9s.<\/p>\n\n\n\n<p class=\"wp-block-paragraph\">Ici, vous pouvez faire des achats locaux, simples et personnels - tout ce qui concerne les sports et les loisirs, la mode, la d\u00e9coration int\u00e9rieure et les sp\u00e9cialit\u00e9s locales. Avec une distance de marche entre <a href=\"https:\/\/www.trysil.com\/bedrifter\/trysilsenteret-as\/trysilsenteret-as\/\" target=\"_blank\" rel=\"noopener\">le centre commercial<\/a> et les boutiques agr\u00e9ables du centre-ville et une atmosph\u00e8re tranquille, le centre de Trysil est une pause agr\u00e9able loin des montagnes, en hiver comme en \u00e9t\u00e9. <\/p>\n\n\n\n<p class=\"wp-block-paragraph\"><\/p>\n\n\n\n<div class=\"wp-block-buttons is-layout-flex wp-block-buttons-is-layout-flex\"><\/div>\n<\/div>\n<\/div>\n<\/div>\n\n<div class=\"wp-block-group alignfull is-style-default is-content-justification-center is-layout-constrained wp-container-core-group-is-layout-69af11d0 wp-block-group-is-layout-constrained\" style=\"margin-top:0;margin-bottom:0;padding-top:var(--wp--preset--spacing--40);padding-bottom:var(--wp--preset--spacing--40)\">\n<div class=\"wp-block-group alignwide is-content-justification-left is-layout-constrained wp-container-core-group-is-layout-54d22900 wp-block-group-is-layout-constrained\">\n<p class=\"wp-block-paragraph\"><\/p>\n<\/div>\n<\/div>\n\n<div class=\"wp-block-group alignfull is-content-justification-center is-layout-constrained wp-block-group-is-layout-constrained\" style=\"margin-top:0;margin-bottom:0;padding-top:var(--wp--preset--spacing--40);padding-bottom:var(--wp--preset--spacing--40)\">\n<div class=\"wp-block-columns alignwide are-vertically-aligned-center is-layout-flex wp-container-core-columns-is-layout-7387b849 wp-block-columns-is-layout-flex\">\n<div class=\"wp-block-column is-vertically-aligned-center is-content-justification-left is-layout-constrained wp-container-core-column-is-layout-b64f6bf5 wp-block-column-is-layout-constrained\">\n<h2 class=\"wp-block-heading has-xx-large-font-size\">Commerces et services dans le centre ville de Trysil<\/h2>\n\n\n\n<p class=\"wp-block-paragraph\">Dans le centre-ville de Trysil, vous trouverez des <strong>cha\u00eenes de magasins connues<\/strong> et des <strong>magasins sp\u00e9cialis\u00e9s locaux<\/strong>. Les sports et les loisirs sont tr\u00e8s pr\u00e9sents - parfaits pour ceux qui ont besoin d&rsquo;un \u00e9quipement suppl\u00e9mentaire pour le v\u00e9lo ou la randonn\u00e9e, ou qui veulent renouveler leur garde-robe de ski avec de nouveaux v\u00eatements et de nouvelles chaussures. Il est facile de trouver des \u00e9quipements de qualit\u00e9 pour les activit\u00e9s d&rsquo;hiver et d&rsquo;\u00e9t\u00e9.  <\/p>\n\n\n\n<p class=\"wp-block-paragraph\">Vous y trouverez notamment<\/p>\n\n\n\n<ul class=\"wp-block-list\">\n<li>Magasins de sport proposant des marques de ski, de cyclisme et d&rsquo;activit\u00e9s de plein air<\/li>\n\n\n\n<li>V\u00eatements, mode et chaussures pour adultes et enfants<\/li>\n\n\n\n<li>Magasins d&rsquo;int\u00e9rieur avec artisanat et cadeaux<\/li>\n\n\n\n<li>\u00c9picerie, pharmacie, fleurs et quincaillerie<\/li>\n\n\n\n<li>\u00c9lectronique, coiffure et soins de sant\u00e9<\/li>\n<\/ul>\n\n\n\n<p class=\"wp-block-paragraph\">Vous trouverez \u00e9galement dans le centre-ville le <strong>Trysilsenteret<\/strong>, un petit centre commercial qui regroupe plusieurs magasins sous un m\u00eame toit, ce qui est id\u00e9al pour faire du shopping rapidement et efficacement.<\/p>\n\n\n\n<p class=\"wp-block-paragraph\">Activit\u00e9s dans et autour du centre ville de Trysil<\/p>\n\n\n\n<p class=\"wp-block-paragraph\">Trysil propose \u00e9galement de nombreuses activit\u00e9s en dehors des montagnes, en \u00e9t\u00e9 comme en hiver.<\/p>\n\n\n\n<p class=\"wp-block-paragraph\"><strong>Activit\u00e9s hivernales \u00e0 proximit\u00e9 du centre-ville :<\/strong><\/p>\n\n\n\n<ul class=\"wp-block-list\">\n<li>Les <strong>pistes de ski de fond<\/strong> commencent \u00e0 proximit\u00e9 du centre-ville et permettent d&rsquo;acc\u00e9der facilement \u00e0 la<a href=\"https:\/\/bno-travel.com\/fr\/?page_id=4345\"> nature la plus calme de l&rsquo;hiver.<\/a><\/li>\n\n\n\n<li><strong>Raquettes \u00e0 neige<\/strong> dans les for\u00eats avoisinantes<\/li>\n\n\n\n<li><strong>Luge et aires de jeux en plein air<\/strong> pour les enfants<\/li>\n\n\n\n<li><strong>Tra\u00eeneau \u00e0 chiens<\/strong> et \u00e9quitation organis\u00e9s par des op\u00e9rateurs locaux<\/li>\n<\/ul>\n\n\n\n<p class=\"wp-block-paragraph\"><strong>Activit\u00e9s estivales au d\u00e9part du centre-ville :<\/strong><\/p>\n\n\n\n<ul class=\"wp-block-list\">\n<li><strong>La rivi\u00e8re Trysilelva<\/strong> traverse le centre-ville - id\u00e9ale pour pagayer, p\u00eacher ou se promener sur la rivi\u00e8re.<\/li>\n\n\n\n<li><strong>Pistes cyclables et chemins de randonn\u00e9e<\/strong> pour des d\u00e9placements ais\u00e9s dans la plaine<\/li>\n\n\n\n<li><strong>Des sentiers culturels et des b\u00e2timents historiques<\/strong> pour ceux qui veulent en savoir plus sur l&rsquo;<a href=\"https:\/\/www.trysil.com\/bedrifter\/anno-museum-trysil-og-engerdal\/trysil-bygdetun\/\" target=\"_blank\" rel=\"noopener\">histoire de Trysil.<\/a><\/li>\n\n\n\n<li><strong>Parcs d&rsquo;escalade et zones d&rsquo;activit\u00e9s<\/strong> \u00e0 courte distance en voiture<\/li>\n<\/ul>\n<\/div>\n\n\n\n<div class=\"wp-block-column is-vertically-aligned-center is-layout-flow wp-block-column-is-layout-flow\">\n<figure class=\"wp-block-image size-full\"><img data-recalc-dims=\"1\" decoding=\"async\" width=\"799\" height=\"532\" src=\"https:\/\/i0.wp.com\/bno-travel.com\/wp-content\/uploads\/2025\/06\/19105672288_2155e3dd4c_c.jpg?resize=799%2C532&#038;ssl=1\" alt=\"L'&#xE9;t&#xE9; &#xE0; Trysil\" class=\"wp-image-2278\" style=\"aspect-ratio:3\/4;object-fit:cover\" srcset=\"https:\/\/i0.wp.com\/bno-travel.com\/wp-content\/uploads\/2025\/06\/19105672288_2155e3dd4c_c.jpg?w=799&amp;ssl=1 799w, https:\/\/i0.wp.com\/bno-travel.com\/wp-content\/uploads\/2025\/06\/19105672288_2155e3dd4c_c.jpg?resize=300%2C200&amp;ssl=1 300w, https:\/\/i0.wp.com\/bno-travel.com\/wp-content\/uploads\/2025\/06\/19105672288_2155e3dd4c_c.jpg?resize=768%2C511&amp;ssl=1 768w\" sizes=\"(max-width: 799px) 100vw, 799px\" \/><\/figure>\n<\/div>\n<\/div>\n<\/div>\n\n<div class=\"wp-block-group alignfull is-style-default is-content-justification-center is-layout-constrained wp-container-core-group-is-layout-69af11d0 wp-block-group-is-layout-constrained\" style=\"margin-top:0;margin-bottom:0;padding-top:var(--wp--preset--spacing--40);padding-bottom:var(--wp--preset--spacing--40)\">\n<div class=\"wp-block-group alignfull is-content-justification-center is-layout-constrained wp-container-core-group-is-layout-4853c3a7 wp-block-group-is-layout-constrained\" style=\"margin-top:0;margin-bottom:0;padding-top:calc( 0.5 * var(u002du002dwpu002du002dstyleu002du002drootu002du002dpadding-right, var(u002du002dwpu002du002dcustomu002du002dgapu002du002dhorizontal)));padding-right:var(u002du002dwpu002du002dstyleu002du002drootu002du002dpadding-right, var(u002du002dwpu002du002dcustomu002du002dgapu002du002dhorizontal));padding-bottom:calc( 0.5 * var(u002du002dwpu002du002dstyleu002du002drootu002du002dpadding-right, var(u002du002dwpu002du002dcustomu002du002dgapu002du002dhorizontal)));padding-left:var(u002du002dwpu002du002dstyleu002du002drootu002du002dpadding-left, var(u002du002dwpu002du002dcustomu002du002dgapu002du002dhorizontal))\">\n<div style=\"height:calc( 0.25 * var(u002du002dwpu002du002dstyleu002du002drootu002du002dpadding-right, var(u002du002dwpu002du002dcustomu002du002dgapu002du002dhorizontal)))\" aria-hidden=\"true\" class=\"wp-block-spacer\"><\/div>\n\n\n\n<div class=\"wp-block-columns alignwide is-layout-flex wp-container-core-columns-is-layout-7387b849 wp-block-columns-is-layout-flex\">\n<div class=\"wp-block-column is-vertically-aligned-center is-layout-flow wp-block-column-is-layout-flow\">\n<figure class=\"wp-block-image size-full\"><img data-recalc-dims=\"1\" loading=\"lazy\" decoding=\"async\" width=\"532\" height=\"799\" src=\"https:\/\/i0.wp.com\/bno-travel.com\/wp-content\/uploads\/2025\/06\/18670754034_e10bf74a7e_c.jpg?resize=532%2C799&#038;ssl=1\" alt=\"\" class=\"wp-image-2265\" style=\"aspect-ratio:3\/4;object-fit:cover\" srcset=\"https:\/\/i0.wp.com\/bno-travel.com\/wp-content\/uploads\/2025\/06\/18670754034_e10bf74a7e_c.jpg?w=532&amp;ssl=1 532w, https:\/\/i0.wp.com\/bno-travel.com\/wp-content\/uploads\/2025\/06\/18670754034_e10bf74a7e_c.jpg?resize=200%2C300&amp;ssl=1 200w\" sizes=\"(max-width: 532px) 100vw, 532px\" \/><\/figure>\n<\/div>\n\n\n\n<div class=\"wp-block-column is-vertically-aligned-center is-layout-flow wp-block-column-is-layout-flow\">\n<p class=\"has-text-align-left wp-block-paragraph\"><\/p>\n\n\n\n<p class=\"wp-block-paragraph\">Caf\u00e9s et restaurants - une pause savoureuse dans le centre-ville<\/p>\n\n\n\n<p class=\"wp-block-paragraph\">Lorsque vos sacs de courses sont pleins et que vos jambes ont besoin d&rsquo;une pause, vous trouverez plusieurs <strong>caf\u00e9s et boulangeries<\/strong> accueillants dans le centre-ville. Vous pourrez vous y asseoir avec une tasse de caf\u00e9 fumante, d\u00e9guster des produits fra\u00eechement sortis du four, un bon d\u00e9jeuner ou simplement une douceur dans un cadre agr\u00e9able. <\/p>\n\n\n\n<p class=\"wp-block-paragraph\">Quelques conseils de caf\u00e9s populaires dans le centre ville de Trysil :<\/p>\n\n\n\n<ul class=\"wp-block-list\">\n<li><strong>L\u00f8kja <\/strong>- Un gastropub moderne qui met l&rsquo;accent sur la nourriture et les boissons locales, les concerts et l&rsquo;ambiance chaleureuse.<\/li>\n\n\n\n<li><strong>Fru Skj\u00e6raasen<\/strong> - Combine caf\u00e9, d\u00e9coration d&rsquo;int\u00e9rieur et boutique de cadeaux, id\u00e9al pour une pause agr\u00e9able avec quelque chose d&rsquo;int\u00e9ressant pour la maison.<\/li>\n\n\n\n<li><strong>Parken Bistro &amp; Bar<\/strong> - Excellent pour le petit-d\u00e9jeuner, le d\u00e9jeuner et le d\u00eener, ouvert tous les jours.<\/li>\n\n\n\n<li><strong>Husets Kaf\u00e9<\/strong> - Lieu de rencontre local en plein centre-ville, avec de d\u00e9licieux g\u00e2teaux, du caf\u00e9 et des repas l\u00e9gers. Un choix confortable pour une pause tranquille. <\/li>\n\n\n\n<li><strong>Kremen Konditori<\/strong> - P\u00e2tisserie populaire proposant des p\u00e2tisseries fra\u00eeches. Recommand\u00e9 pour les tentations sucr\u00e9es pendant votre visite <\/li>\n<\/ul>\n\n\n\n<p class=\"wp-block-paragraph\">Flere steder tilbyr ogs\u00e5 lokalmat og spesialprodukter som er fine \u00e5 ta med hjem som suvenirer eller gaver.<\/p>\n\n\n\n<p class=\"wp-block-paragraph\">H\u00e9bergement dans ou \u00e0 proximit\u00e9 du centre ville de Trysil<\/p>\n\n\n\n<p class=\"wp-block-paragraph\">Il existe plusieurs bonnes options d&rsquo;<strong>h\u00e9bergement dans le centre ville de Trysil ou \u00e0 proximit\u00e9<\/strong>. Vous serez proche des magasins, des restaurants et des services, tout en \u00e9tant \u00e0 une courte distance du ski-bus ou des activit\u00e9s estivales. <\/p>\n\n\n\n<p class=\"wp-block-paragraph\">Parmi les <a href=\"https:\/\/bno-travel.com\/fr\/?page_id=2895\">options d&rsquo;h\u00e9bergement<\/a>, citons<\/p>\n\n\n\n<ul class=\"wp-block-list\">\n<li><strong>H\u00f4tels<\/strong> avec confort et petit-d\u00e9jeuner inclus<\/li>\n\n\n\n<li>Location de <strong>chalets<\/strong> et d&rsquo;appartements via BNO TRAVEL pour une exp\u00e9rience plus priv\u00e9e.<\/li>\n\n\n\n<li><\/li>\n<\/ul>\n\n\n\n<p class=\"wp-block-paragraph\">S\u00e9journer \u00e0 proximit\u00e9 du centre-ville vous offre une certaine flexibilit\u00e9, id\u00e9ale pour les familles avec enfants, les groupes d&rsquo;amis ou ceux qui souhaitent allier montagne et commodit\u00e9s.<\/p>\n\n\n\n<hr class=\"wp-block-separator has-alpha-channel-opacity\"\/>\n\n\n\n<h2 class=\"wp-block-heading\">D\u00e9couvrez le shopping et la vie urbaine \u00e0 Trysil avec BNO TRAVEL<\/h2>\n\n\n\n<p class=\"wp-block-paragraph\">Le centre ville de Trysil est plus qu&rsquo;une simple \u00e9tape, c&rsquo;est un lieu de rencontre agr\u00e9able pour le shopping local, la bonne cuisine et les moments de d\u00e9tente. Chez <strong>BNO TRAVEL<\/strong>, nous vous aidons \u00e0 trouver l&rsquo;h\u00e9bergement id\u00e9al et nous vous donnons des conseils sur les exp\u00e9riences \u00e0 vivre. Combinez le shopping avec la nature, les visites de caf\u00e9s avec le ski ou le v\u00e9lo, et d\u00e9couvrez tout ce que Trysil a \u00e0 offrir, tout au long de l&rsquo;ann\u00e9e.  <\/p>\n<\/div>\n<\/div>\n\n\n\n<div style=\"height:calc( 0.25 * var(u002du002dwpu002du002dstyleu002du002drootu002du002dpadding-right, var(u002du002dwpu002du002dcustomu002du002dgapu002du002dhorizontal)))\" aria-hidden=\"true\" class=\"wp-block-spacer\"><\/div>\n<\/div>\n\n\n\n<div class=\"wp-block-group alignwide is-content-justification-left is-layout-constrained wp-container-core-group-is-layout-54d22900 wp-block-group-is-layout-constrained\"><\/div>\n<\/div>\n\n<div class=\"wp-block-group alignfull is-style-default is-content-justification-center is-layout-constrained wp-container-core-group-is-layout-cdf99998 wp-block-group-is-layout-constrained\" style=\"margin-top:0;margin-bottom:0;padding-top:var(--wp--preset--spacing--40);padding-bottom:var(--wp--preset--spacing--40)\"><\/div>\n\n<p class=\"wp-block-paragraph\"><\/p>\n","protected":false},"excerpt":{"rendered":"<p>Shopping \u00e0 Trysil - D\u00e9couvrez le shopping local et les caf\u00e9s agr\u00e9ables au c\u0153ur du village de montagne. Trysil est peut-\u00eatre surtout connue pour son ski et ses montagnes, mais au centre du village, vous trouverez \u00e9galement une petite ville charmante et anim\u00e9e, avec tout ce dont vous avez besoin pour des vacances \u00e0 la [&hellip;]<\/p>\n","protected":false},"author":260013438,"featured_media":0,"parent":0,"menu_order":0,"comment_status":"closed","ping_status":"closed","template":"","meta":{"_crdt_document":"","footnotes":""},"class_list":["post-4128","page","type-page","status-publish","hentry"],"jetpack_likes_enabled":true,"jetpack_sharing_enabled":true,"jetpack_shortlink":"https:\/\/wp.me\/PgDuwj-14A","jetpack-related-posts":[{"id":4140,"url":"https:\/\/bno-travel.com\/da\/shopping-i-trysil\/","url_meta":{"origin":4128,"position":0},"title":"Shopping i Trysil","author":"Jan Terje \u00c5s","date":"18 juillet 2025","format":false,"excerpt":"Shopping i Trysil - Oplev lokal shopping og hyggelige caf\u00e9er i hjertet af fjeldbyen Trysil er m\u00e5ske mest kendt for sit skil\u00f8b og sine bjerge, men i landsbyens centrum finder du ogs\u00e5 en charmerende og levende lille by med alt, hvad du har brug for til en komplet bjergferie. Trysil\u2026","rel":"","context":"Article similaire","block_context":{"text":"Article similaire","link":""},"img":{"alt_text":"Opplev Trysil","src":"https:\/\/i0.wp.com\/bno-travel.com\/wp-content\/uploads\/2025\/07\/20.06.19_Dronebilder-Sentrum_FULLSIZE-2.jpg?resize=350%2C200&ssl=1","width":350,"height":200,"srcset":"https:\/\/i0.wp.com\/bno-travel.com\/wp-content\/uploads\/2025\/07\/20.06.19_Dronebilder-Sentrum_FULLSIZE-2.jpg?resize=350%2C200&ssl=1 1x, https:\/\/i0.wp.com\/bno-travel.com\/wp-content\/uploads\/2025\/07\/20.06.19_Dronebilder-Sentrum_FULLSIZE-2.jpg?resize=525%2C300&ssl=1 1.5x, https:\/\/i0.wp.com\/bno-travel.com\/wp-content\/uploads\/2025\/07\/20.06.19_Dronebilder-Sentrum_FULLSIZE-2.jpg?resize=700%2C400&ssl=1 2x, https:\/\/i0.wp.com\/bno-travel.com\/wp-content\/uploads\/2025\/07\/20.06.19_Dronebilder-Sentrum_FULLSIZE-2.jpg?resize=1050%2C600&ssl=1 3x, https:\/\/i0.wp.com\/bno-travel.com\/wp-content\/uploads\/2025\/07\/20.06.19_Dronebilder-Sentrum_FULLSIZE-2.jpg?resize=1400%2C800&ssl=1 4x"},"classes":[]},{"id":4231,"url":"https:\/\/bno-travel.com\/sv\/shopping-i-trysil\/","url_meta":{"origin":4128,"position":1},"title":"Shopping i Trysil","author":"Jan Terje \u00c5s","date":"18 juillet 2025","format":false,"excerpt":"Shopping i Trysil - Upplev lokal shopping och mysiga caf\u00e9er i hj\u00e4rtat av fj\u00e4llbyn Trysil \u00e4r kanske mest k\u00e4nt f\u00f6r sin skid\u00e5kning och sina berg, men mitt i byn hittar du ocks\u00e5 en charmig och levande sm\u00e5stad med allt du beh\u00f6ver f\u00f6r en komplett fj\u00e4llsemester. Trysil centrum erbjuder ett f\u00f6rv\u00e5nansv\u00e4rt\u2026","rel":"","context":"Article similaire","block_context":{"text":"Article similaire","link":""},"img":{"alt_text":"Opplev Trysil","src":"https:\/\/i0.wp.com\/bno-travel.com\/wp-content\/uploads\/2025\/07\/20.06.19_Dronebilder-Sentrum_FULLSIZE-2.jpg?resize=350%2C200&ssl=1","width":350,"height":200,"srcset":"https:\/\/i0.wp.com\/bno-travel.com\/wp-content\/uploads\/2025\/07\/20.06.19_Dronebilder-Sentrum_FULLSIZE-2.jpg?resize=350%2C200&ssl=1 1x, https:\/\/i0.wp.com\/bno-travel.com\/wp-content\/uploads\/2025\/07\/20.06.19_Dronebilder-Sentrum_FULLSIZE-2.jpg?resize=525%2C300&ssl=1 1.5x, https:\/\/i0.wp.com\/bno-travel.com\/wp-content\/uploads\/2025\/07\/20.06.19_Dronebilder-Sentrum_FULLSIZE-2.jpg?resize=700%2C400&ssl=1 2x, https:\/\/i0.wp.com\/bno-travel.com\/wp-content\/uploads\/2025\/07\/20.06.19_Dronebilder-Sentrum_FULLSIZE-2.jpg?resize=1050%2C600&ssl=1 3x, https:\/\/i0.wp.com\/bno-travel.com\/wp-content\/uploads\/2025\/07\/20.06.19_Dronebilder-Sentrum_FULLSIZE-2.jpg?resize=1400%2C800&ssl=1 4x"},"classes":[]},{"id":3391,"url":"https:\/\/bno-travel.com\/shopping-i-trysil-med-lokal-handel-god-mat-for-alle\/","url_meta":{"origin":4128,"position":2},"title":"Shopping i Trysil","author":"Jan Terje \u00c5s","date":"18 juillet 2025","format":false,"excerpt":"Shopping i Trysil Lokal handel, hyggelige kaf\u00e9er og et sentrum som gir fjellferien en rolig og personlig puls Trysil er mer enn ski, stier og fjell. Midt i bygda finner du et levende sentrum med butikker, kafeer, servicetilbud og sm\u00e5 pauser som gj\u00f8r oppholdet mer komplett. Her kan du handle\u2026","rel":"","context":"Article similaire","block_context":{"text":"Article similaire","link":""},"img":{"alt_text":"","src":"","width":0,"height":0},"classes":[]},{"id":4146,"url":"https:\/\/bno-travel.com\/de\/einkaufen-in-trysil\/","url_meta":{"origin":4128,"position":3},"title":"Einkaufen in Trysil","author":"Jan Terje \u00c5s","date":"18 juillet 2025","format":false,"excerpt":"Shopping in Trysil - Erleben Sie lokale Einkaufsm\u00f6glichkeiten und gem\u00fctliche Caf\u00e9s im Herzen des Bergdorfs Trysil ist vielleicht am besten f\u00fcr seine Skigebiete und Berge bekannt, aber im Zentrum des Dorfes finden Sie auch eine charmante und lebendige Kleinstadt mit allem, was Sie f\u00fcr einen kompletten Bergurlaub brauchen. Das Stadtzentrum\u2026","rel":"","context":"Article similaire","block_context":{"text":"Article similaire","link":""},"img":{"alt_text":"Opplev Trysil","src":"https:\/\/i0.wp.com\/bno-travel.com\/wp-content\/uploads\/2025\/07\/20.06.19_Dronebilder-Sentrum_FULLSIZE-2.jpg?resize=350%2C200&ssl=1","width":350,"height":200,"srcset":"https:\/\/i0.wp.com\/bno-travel.com\/wp-content\/uploads\/2025\/07\/20.06.19_Dronebilder-Sentrum_FULLSIZE-2.jpg?resize=350%2C200&ssl=1 1x, https:\/\/i0.wp.com\/bno-travel.com\/wp-content\/uploads\/2025\/07\/20.06.19_Dronebilder-Sentrum_FULLSIZE-2.jpg?resize=525%2C300&ssl=1 1.5x, https:\/\/i0.wp.com\/bno-travel.com\/wp-content\/uploads\/2025\/07\/20.06.19_Dronebilder-Sentrum_FULLSIZE-2.jpg?resize=700%2C400&ssl=1 2x, https:\/\/i0.wp.com\/bno-travel.com\/wp-content\/uploads\/2025\/07\/20.06.19_Dronebilder-Sentrum_FULLSIZE-2.jpg?resize=1050%2C600&ssl=1 3x, https:\/\/i0.wp.com\/bno-travel.com\/wp-content\/uploads\/2025\/07\/20.06.19_Dronebilder-Sentrum_FULLSIZE-2.jpg?resize=1400%2C800&ssl=1 4x"},"classes":[]},{"id":2099,"url":"https:\/\/bno-travel.com\/opplev-trysil-1-av-norges-storste-skidestinasjoner\/","url_meta":{"origin":4128,"position":4},"title":"Oppdag Trysil: \u00c5ret rundt for aktive feriegjester","author":"Jan Terje \u00c5s","date":"18 juillet 2025","format":false,"excerpt":"Oppdag Trysil Hel\u00e5rsdestinasjonen for aktivitet, natur og minner i fjellet Trysil er stedet der aktive dager, familieopplevelser og roligere stunder m\u00f8tes i ett og samme reisem\u00e5l. Med BNO Travel f\u00e5r du en inspirerende og oversiktlig vei inn til opphold, aktiviteter og opplevelser gjennom hele \u00e5ret. Oppdag Trysil Se aktiviteter Trysil\u2026","rel":"","context":"Article similaire","block_context":{"text":"Article similaire","link":""},"img":{"alt_text":"","src":"","width":0,"height":0},"classes":[]},{"id":35700,"url":"https:\/\/bno-travel.com\/en\/trysil-turistsenter\/","url_meta":{"origin":4128,"position":5},"title":"Trysil Turistsenter","author":"Jan Terje \u00c5s","date":"18 juillet 2025","format":false,"excerpt":"Trysil \u00b7 Main area Trysil Turistsenter \u2013 accommodation in Trysil close to activities, ski school and ski rental Trysil Turistsenter is one of the most popular areas for accommodation in Trysil, with easy access to activities, services and a great base for both winter and summer stays. View units View\u2026","rel":"","context":"Article similaire","block_context":{"text":"Article similaire","link":""},"img":{"alt_text":"","src":"","width":0,"height":0},"classes":[]}],"_links":{"self":[{"href":"https:\/\/bno-travel.com\/fr\/wp-json\/wp\/v2\/pages\/4128","targetHints":{"allow":["GET"]}}],"collection":[{"href":"https:\/\/bno-travel.com\/fr\/wp-json\/wp\/v2\/pages"}],"about":[{"href":"https:\/\/bno-travel.com\/fr\/wp-json\/wp\/v2\/types\/page"}],"author":[{"embeddable":true,"href":"https:\/\/bno-travel.com\/fr\/wp-json\/wp\/v2\/users\/260013438"}],"replies":[{"embeddable":true,"href":"https:\/\/bno-travel.com\/fr\/wp-json\/wp\/v2\/comments?post=4128"}],"version-history":[{"count":2,"href":"https:\/\/bno-travel.com\/fr\/wp-json\/wp\/v2\/pages\/4128\/revisions"}],"predecessor-version":[{"id":4809,"href":"https:\/\/bno-travel.com\/fr\/wp-json\/wp\/v2\/pages\/4128\/revisions\/4809"}],"wp:attachment":[{"href":"https:\/\/bno-travel.com\/fr\/wp-json\/wp\/v2\/media?parent=4128"}],"curies":[{"name":"wp","href":"https:\/\/api.w.org\/{rel}","templated":true}]}}