{"id":4292,"date":"2025-07-18T20:36:15","date_gmt":"2025-07-18T18:36:15","guid":{"rendered":"https:\/\/bno-travel.com\/?page_id=4292"},"modified":"2025-07-18T20:36:40","modified_gmt":"2025-07-18T18:36:40","slug":"parc-descalade-a-trysil","status":"publish","type":"page","link":"https:\/\/bno-travel.com\/fr\/parc-descalade-a-trysil\/","title":{"rendered":"Parc d&rsquo;escalade \u00e0 Trysil"},"content":{"rendered":"\n<p class=\"wp-block-paragraph\"><\/p>\n\n<div class=\"wp-block-cover alignfull\" style=\"margin-top:0;margin-bottom:0;padding-top:var(--wp--preset--spacing--20);padding-right:var(--wp--preset--spacing--40);padding-bottom:var(--wp--preset--spacing--20);padding-left:var(--wp--preset--spacing--40);min-height:906px;aspect-ratio:unset;\"><img data-recalc-dims=\"1\" fetchpriority=\"high\" decoding=\"async\" width=\"800\" height=\"534\" class=\"wp-block-cover__image-background wp-image-2239 size-full\" alt=\"\" src=\"https:\/\/i0.wp.com\/bno-travel.com\/wp-content\/uploads\/2025\/06\/43124442155_8f90996eef_c.jpg?resize=800%2C534&#038;ssl=1\" style=\"object-position:54% 56%\" data-object-fit=\"cover\" data-object-position=\"54% 56%\" srcset=\"https:\/\/i0.wp.com\/bno-travel.com\/wp-content\/uploads\/2025\/06\/43124442155_8f90996eef_c.jpg?w=800&amp;ssl=1 800w, https:\/\/i0.wp.com\/bno-travel.com\/wp-content\/uploads\/2025\/06\/43124442155_8f90996eef_c.jpg?resize=300%2C200&amp;ssl=1 300w, https:\/\/i0.wp.com\/bno-travel.com\/wp-content\/uploads\/2025\/06\/43124442155_8f90996eef_c.jpg?resize=768%2C513&amp;ssl=1 768w\" sizes=\"(max-width: 800px) 100vw, 800px\" \/><span aria-hidden=\"true\" class=\"wp-block-cover__background has-theme-1-background-color has-background-dim-30 has-background-dim\"><\/span><div class=\"wp-block-cover__inner-container is-layout-flow wp-block-cover-is-layout-flow\">\n<div style=\"height:var(--wp--preset--spacing--50)\" aria-hidden=\"true\" class=\"wp-block-spacer\"><\/div>\n\n\n\n<div style=\"height:var(--wp--preset--spacing--50)\" aria-hidden=\"true\" class=\"wp-block-spacer\"><\/div>\n<\/div><\/div>\n\n<div class=\"wp-block-group alignfull is-style-section-3 is-layout-constrained wp-block-group-is-layout-constrained\" style=\"margin-top:0;margin-bottom:0;padding-top:var(--wp--preset--spacing--40);padding-bottom:var(--wp--preset--spacing--40)\">\n<div class=\"wp-block-columns alignwide are-vertically-aligned-center is-layout-flex wp-container-core-columns-is-layout-d9ad523d wp-block-columns-is-layout-flex\">\n<div class=\"wp-block-column is-vertically-aligned-center is-layout-flow wp-block-column-is-layout-flow\">\n<figure class=\"wp-block-image size-full\"><img data-recalc-dims=\"1\" decoding=\"async\" width=\"800\" height=\"534\" src=\"https:\/\/i0.wp.com\/bno-travel.com\/wp-content\/uploads\/2025\/06\/43311668904_2a700093da_c.jpg?resize=800%2C534&#038;ssl=1\" alt=\"\" class=\"wp-image-2434\" style=\"aspect-ratio:3\/4;object-fit:cover\" title=\"titre\" srcset=\"https:\/\/i0.wp.com\/bno-travel.com\/wp-content\/uploads\/2025\/06\/43311668904_2a700093da_c.jpg?w=800&amp;ssl=1 800w, https:\/\/i0.wp.com\/bno-travel.com\/wp-content\/uploads\/2025\/06\/43311668904_2a700093da_c.jpg?resize=300%2C200&amp;ssl=1 300w, https:\/\/i0.wp.com\/bno-travel.com\/wp-content\/uploads\/2025\/06\/43311668904_2a700093da_c.jpg?resize=768%2C513&amp;ssl=1 768w\" sizes=\"(max-width: 800px) 100vw, 800px\" \/><\/figure>\n<\/div>\n\n\n\n<div class=\"wp-block-column is-vertically-aligned-center is-content-justification-left is-layout-constrained wp-container-core-column-is-layout-b64f6bf5 wp-block-column-is-layout-constrained\">\n<p class=\"wp-block-paragraph\"><\/p>\n\n\n\n<h2 class=\"wp-block-heading\">Parc d&rsquo;escalade \u00e0 Trysil - Excitation, ma\u00eetrise et plaisir pour toute la famille<\/h2>\n\n\n\n<p class=\"wp-block-paragraph\">Bienvenue \u00e0 H\u00f8yt &amp; Lavt <strong><a href=\"https:\/\/www.trysil.com\/bedrifter\/skistar-trysil\/hoyt--lavt-klatrepark\/\" target=\"_blank\" rel=\"noopener\">H\u00f8yt &amp; Lavt Trysil<\/a><\/strong>H\u00f8yt &amp; Lavt Trysil est l&rsquo;un des parcs d&rsquo;escalade les plus populaires et les plus modernes de Norv\u00e8ge, au c\u0153ur des for\u00eats pittoresques de Trysil. Vous y trouverez des tyroliennes, des parcours d&rsquo;obstacles dans les arbres et des d\u00e9fis pour les enfants, les adultes et les aventuriers en qu\u00eate d&rsquo;adr\u00e9naline. <\/p>\n\n\n\n<p class=\"wp-block-paragraph\">Avec BNO TRAVEL, vous pouvez facilement planifier et r\u00e9server des vacances actives \u00e0 Trysil, o\u00f9 le parc d&rsquo;escalade sera un point fort - que vous veniez en famille, avec un groupe d&rsquo;amis ou avec des coll\u00e8gues.<\/p>\n\n\n\n<p class=\"wp-block-paragraph\">Une exp\u00e9rience qui convient \u00e0 tous<\/p>\n\n\n\n<p class=\"wp-block-paragraph\"><a href=\"https:\/\/www.trysil.com\/bedrifter\/skistar-trysil\/hoyt--lavt-klatrepark\/\" target=\"_blank\" rel=\"noopener\">H\u00f8yt &amp; Lavt \u00e0 Trysil <\/a>est con\u00e7u pour les jeunes et les moins jeunes - les enfants de 2 ans et plus peuvent grimper des voies s\u00fbres et amusantes, tandis que les jeunes et les adultes peuvent s&rsquo;attaquer \u00e0 des sections plus hautes et plus exigeantes.<\/p>\n\n\n\n<p class=\"wp-block-paragraph\">C&rsquo;est une activit\u00e9 parfaite pour :<\/p>\n\n\n\n<ul class=\"wp-block-list\">\n<li><strong>Vacances en famille<\/strong><\/li>\n\n\n\n<li><strong>Teambuilding et voyages d&rsquo;entreprise<\/strong><\/li>\n\n\n\n<li><strong>Groupes d&rsquo;amis et enterrements de vie de gar\u00e7on<\/strong><\/li>\n\n\n\n<li><strong>Vacances actives pour couples et c\u00e9libataires<\/strong><\/li>\n<\/ul>\n\n\n\n<p class=\"wp-block-paragraph\">Le fait d&rsquo;\u00eatre en hauteur, de d\u00e9fier ses propres limites et de faire l&rsquo;exp\u00e9rience de la ma\u00eetrise avec d&rsquo;autres personnes cr\u00e9e \u00e0 la fois de bons souvenirs et une v\u00e9ritable communaut\u00e9.<\/p>\n\n\n\n<div class=\"wp-block-buttons is-layout-flex wp-block-buttons-is-layout-flex\"><\/div>\n<\/div>\n<\/div>\n<\/div>\n\n<div class=\"wp-block-group alignfull is-style-default is-content-justification-center is-layout-constrained wp-container-core-group-is-layout-69af11d0 wp-block-group-is-layout-constrained\" style=\"margin-top:0;margin-bottom:0;padding-top:var(--wp--preset--spacing--40);padding-bottom:var(--wp--preset--spacing--40)\">\n<div class=\"wp-block-group alignwide is-content-justification-left is-layout-constrained wp-container-core-group-is-layout-54d22900 wp-block-group-is-layout-constrained\">\n<div class=\"wp-block-buttons is-layout-flex wp-block-buttons-is-layout-flex\"><\/div>\n<\/div>\n<\/div>\n\n<div class=\"wp-block-group alignfull is-content-justification-center is-layout-constrained wp-block-group-is-layout-constrained\" style=\"margin-top:0;margin-bottom:0;padding-top:var(--wp--preset--spacing--40);padding-bottom:var(--wp--preset--spacing--40)\">\n<div class=\"wp-block-columns alignwide are-vertically-aligned-center is-layout-flex wp-container-core-columns-is-layout-7387b849 wp-block-columns-is-layout-flex\">\n<div class=\"wp-block-column is-vertically-aligned-center is-content-justification-left is-layout-constrained wp-container-core-column-is-layout-b64f6bf5 wp-block-column-is-layout-constrained\">\n<h2 class=\"wp-block-heading has-xx-large-font-size\">Faits concernant Klatreparken \u00e0 Trysil<\/h2>\n\n\n\n<p class=\"wp-block-paragraph\">Le parc d&rsquo;escalade est situ\u00e9 au centre du Trysil Turistsenter et fait partie de la vaste gamme d&rsquo;activit\u00e9s estivales et automnales de la r\u00e9gion. Vous y trouverez <\/p>\n\n\n\n<ul class=\"wp-block-list\">\n<li><strong>Plus de 130 obstacles et activit\u00e9s dans les arbres<\/strong><\/li>\n\n\n\n<li><strong>10 voies d&rsquo;escalade diff\u00e9rentes<\/strong>, adapt\u00e9es \u00e0 diff\u00e9rentes hauteurs et \u00e0 diff\u00e9rents niveaux de comp\u00e9tence<\/li>\n\n\n\n<li><strong>Ziplines<\/strong> de diff\u00e9rentes longueurs - plusieurs de plus de 100 m\u00e8tres<\/li>\n\n\n\n<li><strong>Pistes<\/strong> d\u00e9di\u00e9es <strong>aux enfants \u00e0 partir de 80 cm de hauteur<\/strong>, et d\u00e9fis pour les plus exp\u00e9riment\u00e9s<\/li>\n\n\n\n<li>L&rsquo;accent est mis sur la s\u00e9curit\u00e9 avec des harnais et des syst\u00e8mes de retenue modernes.<\/li>\n\n\n\n<li>Kiosque, patios et zones de tranquillit\u00e9 pour les pauses et les pique-niques<\/li>\n<\/ul>\n\n\n\n<p class=\"wp-block-paragraph\">Le parc est class\u00e9 par niveau de difficult\u00e9 afin que chacun puisse trouver un parcours adapt\u00e9. Vous pouvez commencer par le parcours vert pour avoir une vue d&rsquo;ensemble et une bonne ma\u00eetrise, et progresser vers les parcours rouge et noir pour un maximum de d\u00e9fis et d&rsquo;\u00e9motions. <\/p>\n\n\n\n<p class=\"wp-block-paragraph\">Conseils suppl\u00e9mentaires : <a href=\"https:\/\/www.trysil.com\/bedrifter\/skistar-trysil\/rafting\/\" target=\"_blank\" rel=\"noopener\">Essayez le rafting et les activit\u00e9s fluviales \u00e0 Trysilelva.<\/a><\/p>\n\n\n\n<p class=\"wp-block-paragraph\">Le parc d&rsquo;escalade n&rsquo;est qu&rsquo;une des nombreuses activit\u00e9s passionnantes de Trysil ! Une fois sur place, n&rsquo;h\u00e9sitez pas \u00e0 d\u00e9couvrir la <strong>Trysilelva<\/strong>, une rivi\u00e8re magnifique et puissante qui offre des activit\u00e9s nautiques passionnantes. <\/p>\n\n\n\n<p class=\"wp-block-paragraph\">Le <strong>rafting \u00e0 Trysil<\/strong> est l&rsquo;une des activit\u00e9s estivales les plus populaires. Les excursions sont dirig\u00e9es par des guides professionnels et conviennent aussi bien aux d\u00e9butants qu&rsquo;\u00e0 ceux qui recherchent de l&rsquo;action. Vous avez le choix entre des excursions familiales tranquilles et des excursions plus difficiles dans des rapides escarp\u00e9s.  <\/p>\n\n\n\n<div class=\"wp-block-buttons is-layout-flex wp-block-buttons-is-layout-flex\"><\/div>\n<\/div>\n\n\n\n<div class=\"wp-block-column is-vertically-aligned-center is-layout-flow wp-block-column-is-layout-flow\">\n<figure class=\"wp-block-image size-full\"><img data-recalc-dims=\"1\" decoding=\"async\" width=\"800\" height=\"534\" src=\"https:\/\/i0.wp.com\/bno-travel.com\/wp-content\/uploads\/2025\/06\/43124440865_479eca7e07_c.jpg?resize=800%2C534&#038;ssl=1\" alt=\"Parc d'escalade &#xE0; Trysil\" class=\"wp-image-2421\" style=\"aspect-ratio:3\/4;object-fit:cover\" srcset=\"https:\/\/i0.wp.com\/bno-travel.com\/wp-content\/uploads\/2025\/06\/43124440865_479eca7e07_c.jpg?w=800&amp;ssl=1 800w, https:\/\/i0.wp.com\/bno-travel.com\/wp-content\/uploads\/2025\/06\/43124440865_479eca7e07_c.jpg?resize=300%2C200&amp;ssl=1 300w, https:\/\/i0.wp.com\/bno-travel.com\/wp-content\/uploads\/2025\/06\/43124440865_479eca7e07_c.jpg?resize=768%2C513&amp;ssl=1 768w\" sizes=\"(max-width: 800px) 100vw, 800px\" \/><\/figure>\n<\/div>\n<\/div>\n<\/div>\n\n<div class=\"wp-block-group alignfull is-style-default is-content-justification-center is-layout-constrained wp-container-core-group-is-layout-69af11d0 wp-block-group-is-layout-constrained\" style=\"margin-top:0;margin-bottom:0;padding-top:var(--wp--preset--spacing--40);padding-bottom:var(--wp--preset--spacing--40)\">\n<div class=\"wp-block-group alignfull is-content-justification-center is-layout-constrained wp-container-core-group-is-layout-4853c3a7 wp-block-group-is-layout-constrained\" style=\"margin-top:0;margin-bottom:0;padding-top:calc( 0.5 * var(u002du002dwpu002du002dstyleu002du002drootu002du002dpadding-right, var(u002du002dwpu002du002dcustomu002du002dgapu002du002dhorizontal)));padding-right:var(u002du002dwpu002du002dstyleu002du002drootu002du002dpadding-right, var(u002du002dwpu002du002dcustomu002du002dgapu002du002dhorizontal));padding-bottom:calc( 0.5 * var(u002du002dwpu002du002dstyleu002du002drootu002du002dpadding-right, var(u002du002dwpu002du002dcustomu002du002dgapu002du002dhorizontal)));padding-left:var(u002du002dwpu002du002dstyleu002du002drootu002du002dpadding-left, var(u002du002dwpu002du002dcustomu002du002dgapu002du002dhorizontal))\">\n<div style=\"height:calc( 0.25 * var(u002du002dwpu002du002dstyleu002du002drootu002du002dpadding-right, var(u002du002dwpu002du002dcustomu002du002dgapu002du002dhorizontal)))\" aria-hidden=\"true\" class=\"wp-block-spacer\"><\/div>\n\n\n\n<div class=\"wp-block-columns alignwide is-layout-flex wp-container-core-columns-is-layout-7387b849 wp-block-columns-is-layout-flex\">\n<div class=\"wp-block-column is-vertically-aligned-center is-layout-flow wp-block-column-is-layout-flow\">\n<figure class=\"wp-block-image size-full\"><img data-recalc-dims=\"1\" loading=\"lazy\" decoding=\"async\" width=\"800\" height=\"530\" src=\"https:\/\/i0.wp.com\/bno-travel.com\/wp-content\/uploads\/2025\/06\/19105869168_e052658c34_c.jpg?resize=800%2C530&#038;ssl=1\" alt=\"Rafting &#xE0; Trysil\" class=\"wp-image-2317\" style=\"aspect-ratio:3\/4;object-fit:cover\" srcset=\"https:\/\/i0.wp.com\/bno-travel.com\/wp-content\/uploads\/2025\/06\/19105869168_e052658c34_c.jpg?w=800&amp;ssl=1 800w, https:\/\/i0.wp.com\/bno-travel.com\/wp-content\/uploads\/2025\/06\/19105869168_e052658c34_c.jpg?resize=300%2C199&amp;ssl=1 300w, https:\/\/i0.wp.com\/bno-travel.com\/wp-content\/uploads\/2025\/06\/19105869168_e052658c34_c.jpg?resize=768%2C509&amp;ssl=1 768w\" sizes=\"(max-width: 800px) 100vw, 800px\" \/><\/figure>\n<\/div>\n\n\n\n<div class=\"wp-block-column is-vertically-aligned-center is-layout-flow wp-block-column-is-layout-flow\">\n<p class=\"has-text-align-left wp-block-paragraph\">D&rsquo;autres activit\u00e9s fluviales sont propos\u00e9es :<\/p>\n\n\n\n<ul class=\"wp-block-list\">\n<li><strong>Descente de rivi\u00e8re et kayak<\/strong><\/li>\n\n\n\n<li><strong>Sites de baignade et promenades en rivi\u00e8re<\/strong><\/li>\n\n\n\n<li><strong>SUP (Stand Up Paddle) dans des zones plus calmes<\/strong><\/li>\n\n\n\n<li><strong>P\u00eache<\/strong> \u00e0 Trysilelva - c\u00e9l\u00e8bre pour la truite et l&rsquo;ombre<\/li>\n<\/ul>\n\n\n\n<p class=\"wp-block-paragraph\">Ces activit\u00e9s combinent l&rsquo;exp\u00e9rience de la nature, l&rsquo;adr\u00e9naline et la relaxation d&rsquo;une mani\u00e8re unique.<\/p>\n\n\n\n<p class=\"wp-block-paragraph\"><a href=\"https:\/\/bno-travel.com\/fr\/?page_id=2895\">H\u00e9bergement \u00e0 Trysil<\/a> - s\u00e9journez pr\u00e8s des activit\u00e9s<\/p>\n\n\n\n<p class=\"wp-block-paragraph\">BNO TRAVEL propose un large \u00e9ventail de <strong>possibilit\u00e9s d&rsquo;h\u00e9bergement \u00e0 Trysil<\/strong>, \u00e0 la fois dans et autour du Trysil Turistsenter et du Trysil H\u00f8yfjellssenter\/Fager\u00e5sen. Vous avez le choix entre <\/p>\n\n\n\n<ul class=\"wp-block-list\">\n<li><strong>Des cabines et des appartements modernes aux normes \u00e9lev\u00e9es, \u00e0 proximit\u00e9 du parc d&rsquo;escalade.<\/strong><\/li>\n\n\n\n<li><strong>Unit\u00e9s adapt\u00e9es aux familles<\/strong> avec de l&rsquo;espace pour plus de personnes et des \u00e9quipements de qualit\u00e9<\/li>\n<\/ul>\n\n\n\n<p class=\"wp-block-paragraph\">Toutes les options d&rsquo;h\u00e9bergement vous donnent acc\u00e8s \u00e0 des exp\u00e9riences de la nature, des sentiers de randonn\u00e9e, des pistes cyclables et des zones d&rsquo;activit\u00e9. Avec notre aide, vous trouverez l&rsquo;endroit qui vous convient le mieux, que vous souhaitiez un niveau de confort \u00e9lev\u00e9, une solution \u00e9conomique ou quelque chose entre les deux. N&rsquo;oubliez pas que les prix de l&rsquo;h\u00e9bergement sont particuli\u00e8rement avantageux en \u00e9t\u00e9. Cela signifie que passer vos vacances \u00e0 Trysil vous permet d&rsquo;en avoir pour votre argent. De nombreuses activit\u00e9s sont bien organis\u00e9es et souvent enti\u00e8rement gratuites. Un conseil : prenez votre v\u00e9lo et vos chaussures de randonn\u00e9e et partez pour Trysil.    <\/p>\n\n\n\n<hr class=\"wp-block-separator has-alpha-channel-opacity\"\/>\n\n\n\n<p class=\"wp-block-paragraph\">Planifiez vos vacances actives avec BNO TRAVEL<\/p>\n\n\n\n<p class=\"wp-block-paragraph\">BNO TRAVEL vous permet d&rsquo;<strong>organiser<\/strong> facilement <strong>des vacances pleines d&rsquo;activit\u00e9s, de nature et d&rsquo;exp\u00e9riences.<\/strong> Nous vous aidons \u00e0 : <\/p>\n\n\n\n<ul class=\"wp-block-list\">\n<li>R\u00e9servation du parc d&rsquo;escalade et d&rsquo;autres activit\u00e9s<\/li>\n\n\n\n<li>H\u00e9bergement dans la r\u00e9gion de Trysil<\/li>\n\n\n\n<li>Conseils sur les lieux de restauration et les activit\u00e9s \u00e0 faire<\/li>\n\n\n\n<li>Connaissance du terrain et service personnalis\u00e9<\/li>\n<\/ul>\n\n\n\n<p class=\"wp-block-paragraph\">Trysil, c&rsquo;est bien plus que du ski : c&rsquo;est une destination o\u00f9 se c\u00f4toient toute l&rsquo;ann\u00e9e la nature, les activit\u00e9s et les exp\u00e9riences familiales. Que vous souhaitiez grimper aux arbres, pagayer dans la rivi\u00e8re, faire du v\u00e9lo dans les montagnes ou simplement profiter de l&rsquo;air frais et de la tranquillit\u00e9 des montagnes, Trysil est l&rsquo;endroit qu&rsquo;il vous faut. <\/p>\n\n\n\n<div class=\"wp-block-buttons is-content-justification-center is-layout-flex wp-container-core-buttons-is-layout-3e41869c wp-block-buttons-is-layout-flex\"><\/div>\n<\/div>\n<\/div>\n\n\n\n<div style=\"height:calc( 0.25 * var(u002du002dwpu002du002dstyleu002du002drootu002du002dpadding-right, var(u002du002dwpu002du002dcustomu002du002dgapu002du002dhorizontal)))\" aria-hidden=\"true\" class=\"wp-block-spacer\"><\/div>\n<\/div>\n\n\n\n<div class=\"wp-block-group alignwide is-content-justification-left is-layout-constrained wp-container-core-group-is-layout-54d22900 wp-block-group-is-layout-constrained\">\n<div class=\"wp-block-buttons is-layout-flex wp-block-buttons-is-layout-flex\"><\/div>\n<\/div>\n<\/div>\n\n<div class=\"wp-block-group alignfull is-style-default is-content-justification-center is-layout-constrained wp-container-core-group-is-layout-cdf99998 wp-block-group-is-layout-constrained\" style=\"margin-top:0;margin-bottom:0;padding-top:var(--wp--preset--spacing--40);padding-bottom:var(--wp--preset--spacing--40)\"><\/div>\n\n<p class=\"wp-block-paragraph\"><\/p>\n","protected":false},"excerpt":{"rendered":"<p>Parc d&rsquo;escalade \u00e0 Trysil - Excitation, ma\u00eetrise et plaisir pour toute la famille Bienvenue \u00e0 H\u00f8yt &amp; Lavt H\u00f8yt &amp; Lavt TrysilH\u00f8yt &amp; Lavt Trysil est l&rsquo;un des parcs d&rsquo;escalade les plus populaires et les plus modernes de Norv\u00e8ge, au c\u0153ur des for\u00eats pittoresques de Trysil. Vous y trouverez des tyroliennes, des parcours d&rsquo;obstacles dans [&hellip;]<\/p>\n","protected":false},"author":260013438,"featured_media":0,"parent":0,"menu_order":0,"comment_status":"closed","ping_status":"closed","template":"","meta":{"_crdt_document":"","footnotes":""},"class_list":["post-4292","page","type-page","status-publish","hentry"],"jetpack_likes_enabled":true,"jetpack_sharing_enabled":true,"jetpack_shortlink":"https:\/\/wp.me\/PgDuwj-17e","jetpack-related-posts":[{"id":3912,"url":"https:\/\/bno-travel.com\/fr\/parc-descalade-a-salen\/","url_meta":{"origin":4292,"position":0},"title":"Parc d&rsquo;escalade \u00e0 S\u00e4len","author":"Jan Terje \u00c5s","date":"18 juillet 2025","format":false,"excerpt":"Parc d'escalade \u00e0 S\u00e4len - Excitation, ma\u00eetrise et plaisir pour toute la famille Bienvenue \u00e0 H\u00f6gt & L\u00e5gt S\u00e4len, un parc d'escalade moderne et familial magnifiquement situ\u00e9 pr\u00e8s de Svansj\u00f6n \u00e0 Lindvallen. Vous y trouverez des tyroliennes a\u00e9riennes, des parcours d'obstacles passionnants dans les arbres et des d\u00e9fis pour les\u2026","rel":"","context":"Article similaire","block_context":{"text":"Article similaire","link":""},"img":{"alt_text":"Overnatting i S\u00e4len","src":"https:\/\/i0.wp.com\/bno-travel.com\/wp-content\/uploads\/2025\/07\/20D.jpg?resize=350%2C200&ssl=1","width":350,"height":200,"srcset":"https:\/\/i0.wp.com\/bno-travel.com\/wp-content\/uploads\/2025\/07\/20D.jpg?resize=350%2C200&ssl=1 1x, https:\/\/i0.wp.com\/bno-travel.com\/wp-content\/uploads\/2025\/07\/20D.jpg?resize=525%2C300&ssl=1 1.5x, https:\/\/i0.wp.com\/bno-travel.com\/wp-content\/uploads\/2025\/07\/20D.jpg?resize=700%2C400&ssl=1 2x, https:\/\/i0.wp.com\/bno-travel.com\/wp-content\/uploads\/2025\/07\/20D.jpg?resize=1050%2C600&ssl=1 3x"},"classes":[]},{"id":2826,"url":"https:\/\/bno-travel.com\/fr\/decouvrez-trysil-toute-lannee-pour-les-vacanciers-actifs\/","url_meta":{"origin":4292,"position":1},"title":"D\u00e9couvrez Trysil : Toute l&rsquo;ann\u00e9e pour les vacanciers actifs","author":"Jan Terje \u00c5s","date":"18 juillet 2025","format":false,"excerpt":"Exp\u00e9rience Trysil \u2605\u2605\u2605\u2605\u2605 Vous trouverez ici des logements \u00e0 Trysil Trysil n'est pas seulement la plus grande destination de ski de Norv\u00e8ge, c'est aussi un paradis tout au long de l'ann\u00e9e pour les vacanciers actifs, les familles et les amoureux de la nature. Que vous visitiez la montagne pour la\u2026","rel":"","context":"Article similaire","block_context":{"text":"Article similaire","link":""},"img":{"alt_text":"Opplev Trysil","src":"https:\/\/i0.wp.com\/bno-travel.com\/wp-content\/uploads\/2025\/07\/20.06.19_Dronebilder-Sentrum_FULLSIZE-2.jpg?resize=350%2C200&ssl=1","width":350,"height":200,"srcset":"https:\/\/i0.wp.com\/bno-travel.com\/wp-content\/uploads\/2025\/07\/20.06.19_Dronebilder-Sentrum_FULLSIZE-2.jpg?resize=350%2C200&ssl=1 1x, https:\/\/i0.wp.com\/bno-travel.com\/wp-content\/uploads\/2025\/07\/20.06.19_Dronebilder-Sentrum_FULLSIZE-2.jpg?resize=525%2C300&ssl=1 1.5x, https:\/\/i0.wp.com\/bno-travel.com\/wp-content\/uploads\/2025\/07\/20.06.19_Dronebilder-Sentrum_FULLSIZE-2.jpg?resize=700%2C400&ssl=1 2x, https:\/\/i0.wp.com\/bno-travel.com\/wp-content\/uploads\/2025\/07\/20.06.19_Dronebilder-Sentrum_FULLSIZE-2.jpg?resize=1050%2C600&ssl=1 3x, https:\/\/i0.wp.com\/bno-travel.com\/wp-content\/uploads\/2025\/07\/20.06.19_Dronebilder-Sentrum_FULLSIZE-2.jpg?resize=1400%2C800&ssl=1 4x"},"classes":[]},{"id":4338,"url":"https:\/\/bno-travel.com\/fr\/golf-a-trysil\/","url_meta":{"origin":4292,"position":2},"title":"Golf \u00e0 Trysil","author":"Jan Terje \u00c5s","date":"18 juillet 2025","format":false,"excerpt":"Golf \u00e0 Trysil et Engerdal - Jouer avec vue sur les montagnes, les for\u00eats et le silence Bienvenue \u00e0 Trysil et Engerdal - un v\u00e9ritable paradis du golf dans un environnement pittoresque ! Vous y trouverez des parcours bien entretenus, des vues spectaculaires et un environnement paisible qui vous feront\u2026","rel":"","context":"Article similaire","block_context":{"text":"Article similaire","link":""},"img":{"alt_text":"Golf i Trysil","src":"https:\/\/i0.wp.com\/bno-travel.com\/wp-content\/uploads\/2025\/06\/18670754034_e10bf74a7e_c.jpg?resize=350%2C200&ssl=1","width":350,"height":200,"srcset":"https:\/\/i0.wp.com\/bno-travel.com\/wp-content\/uploads\/2025\/06\/18670754034_e10bf74a7e_c.jpg?resize=350%2C200&ssl=1 1x, https:\/\/i0.wp.com\/bno-travel.com\/wp-content\/uploads\/2025\/06\/18670754034_e10bf74a7e_c.jpg?resize=525%2C300&ssl=1 1.5x"},"classes":[]},{"id":4121,"url":"https:\/\/bno-travel.com\/fr\/restaurants-a-trysil\/","url_meta":{"origin":4292,"position":3},"title":"Restaurants \u00e0 Trysil","author":"Jan Terje \u00c5s","date":"18 juillet 2025","format":false,"excerpt":"Restaurants \u00e0 Trysil - Des saveurs tout au long de l'ann\u00e9e Trysil offre bien plus que de fantastiques pistes de ski et des paysages de montagne. Que vous visitiez la r\u00e9gion en hiver ou en \u00e9t\u00e9, vous pouvez profiter d'une riche s\u00e9lection de restaurants, de caf\u00e9s et de lieux d'apr\u00e8s-ski\u2026","rel":"","context":"Article similaire","block_context":{"text":"Article similaire","link":""},"img":{"alt_text":"Skistar Logde Trysil","src":"https:\/\/i0.wp.com\/bno-travel.com\/wp-content\/uploads\/2025\/07\/52199845033_2c000ed2d7_c.jpg?resize=350%2C200&ssl=1","width":350,"height":200,"srcset":"https:\/\/i0.wp.com\/bno-travel.com\/wp-content\/uploads\/2025\/07\/52199845033_2c000ed2d7_c.jpg?resize=350%2C200&ssl=1 1x, https:\/\/i0.wp.com\/bno-travel.com\/wp-content\/uploads\/2025\/07\/52199845033_2c000ed2d7_c.jpg?resize=525%2C300&ssl=1 1.5x, https:\/\/i0.wp.com\/bno-travel.com\/wp-content\/uploads\/2025\/07\/52199845033_2c000ed2d7_c.jpg?resize=700%2C400&ssl=1 2x"},"classes":[]},{"id":4175,"url":"https:\/\/bno-travel.com\/fr\/randonnees-a-trysil\/","url_meta":{"origin":4292,"position":4},"title":"Randonn\u00e9es \u00e0 Trysil","author":"Jan Terje \u00c5s","date":"18 juillet 2025","format":false,"excerpt":"Randonn\u00e9es en Trysil - Randonn\u00e9es fantastiques, sommets et exp\u00e9riences de la nature Bienvenue \u00e0 Trysil, une destination ouverte toute l'ann\u00e9e qui offre bien plus que de la neige et du ski ! Lorsque les montagnes verdissent et que l'air est chaud, Trysil s'ouvre \u00e0 un large \u00e9ventail de randonn\u00e9es, d'excursions\u2026","rel":"","context":"Article similaire","block_context":{"text":"Article similaire","link":""},"img":{"alt_text":"Vandring i Trysil","src":"https:\/\/i0.wp.com\/bno-travel.com\/wp-content\/uploads\/2025\/06\/27930399740_e3e100021e_c.jpg?resize=350%2C200&ssl=1","width":350,"height":200,"srcset":"https:\/\/i0.wp.com\/bno-travel.com\/wp-content\/uploads\/2025\/06\/27930399740_e3e100021e_c.jpg?resize=350%2C200&ssl=1 1x, https:\/\/i0.wp.com\/bno-travel.com\/wp-content\/uploads\/2025\/06\/27930399740_e3e100021e_c.jpg?resize=525%2C300&ssl=1 1.5x, https:\/\/i0.wp.com\/bno-travel.com\/wp-content\/uploads\/2025\/06\/27930399740_e3e100021e_c.jpg?resize=700%2C400&ssl=1 2x"},"classes":[]}],"_links":{"self":[{"href":"https:\/\/bno-travel.com\/fr\/wp-json\/wp\/v2\/pages\/4292","targetHints":{"allow":["GET"]}}],"collection":[{"href":"https:\/\/bno-travel.com\/fr\/wp-json\/wp\/v2\/pages"}],"about":[{"href":"https:\/\/bno-travel.com\/fr\/wp-json\/wp\/v2\/types\/page"}],"author":[{"embeddable":true,"href":"https:\/\/bno-travel.com\/fr\/wp-json\/wp\/v2\/users\/260013438"}],"replies":[{"embeddable":true,"href":"https:\/\/bno-travel.com\/fr\/wp-json\/wp\/v2\/comments?post=4292"}],"version-history":[{"count":2,"href":"https:\/\/bno-travel.com\/fr\/wp-json\/wp\/v2\/pages\/4292\/revisions"}],"predecessor-version":[{"id":4727,"href":"https:\/\/bno-travel.com\/fr\/wp-json\/wp\/v2\/pages\/4292\/revisions\/4727"}],"wp:attachment":[{"href":"https:\/\/bno-travel.com\/fr\/wp-json\/wp\/v2\/media?parent=4292"}],"curies":[{"name":"wp","href":"https:\/\/api.w.org\/{rel}","templated":true}]}}