{"id":4323,"date":"2025-10-11T13:38:52","date_gmt":"2025-10-11T11:38:52","guid":{"rendered":"https:\/\/bno-travel.com\/?page_id=4323"},"modified":"2025-10-11T13:39:17","modified_gmt":"2025-10-11T11:39:17","slug":"motoneiges-a-trysil","status":"publish","type":"page","link":"https:\/\/bno-travel.com\/fr\/motoneiges-a-trysil\/","title":{"rendered":"Motoneiges \u00e0 Trysil"},"content":{"rendered":"\n<p class=\"wp-block-paragraph\"><\/p>\n\n<div class=\"wp-block-cover alignfull\" style=\"margin-top:0;margin-bottom:0;padding-top:var(--wp--preset--spacing--20);padding-right:var(--wp--preset--spacing--40);padding-bottom:var(--wp--preset--spacing--20);padding-left:var(--wp--preset--spacing--40);min-height:916px;aspect-ratio:unset;\"><img data-recalc-dims=\"1\" fetchpriority=\"high\" decoding=\"async\" width=\"800\" height=\"534\" class=\"wp-block-cover__image-background wp-image-3280 size-large\" alt=\"Sn\u00f8scooter i Trysil\" src=\"https:\/\/i0.wp.com\/bno-travel.com\/wp-content\/uploads\/2025\/07\/10000-4718.jpg?resize=800%2C534&#038;ssl=1\" style=\"object-position:49% 68%\" data-object-fit=\"cover\" data-object-position=\"49% 68%\" srcset=\"https:\/\/i0.wp.com\/bno-travel.com\/wp-content\/uploads\/2025\/07\/10000-4718.jpg?resize=1024%2C683&amp;ssl=1 1024w, https:\/\/i0.wp.com\/bno-travel.com\/wp-content\/uploads\/2025\/07\/10000-4718.jpg?resize=300%2C200&amp;ssl=1 300w, https:\/\/i0.wp.com\/bno-travel.com\/wp-content\/uploads\/2025\/07\/10000-4718.jpg?resize=768%2C512&amp;ssl=1 768w, https:\/\/i0.wp.com\/bno-travel.com\/wp-content\/uploads\/2025\/07\/10000-4718.jpg?resize=1536%2C1024&amp;ssl=1 1536w, https:\/\/i0.wp.com\/bno-travel.com\/wp-content\/uploads\/2025\/07\/10000-4718.jpg?resize=2048%2C1365&amp;ssl=1 2048w, https:\/\/i0.wp.com\/bno-travel.com\/wp-content\/uploads\/2025\/07\/10000-4718.jpg?w=1600&amp;ssl=1 1600w, https:\/\/i0.wp.com\/bno-travel.com\/wp-content\/uploads\/2025\/07\/10000-4718.jpg?w=2400&amp;ssl=1 2400w\" sizes=\"(max-width: 800px) 100vw, 800px\" \/><span aria-hidden=\"true\" class=\"wp-block-cover__background has-theme-1-background-color has-background-dim-30 has-background-dim\"><\/span><div class=\"wp-block-cover__inner-container is-layout-flow wp-block-cover-is-layout-flow\">\n<div style=\"height:var(--wp--preset--spacing--50)\" aria-hidden=\"true\" class=\"wp-block-spacer\"><\/div>\n\n\n\n<div class=\"wp-block-group is-layout-constrained wp-block-group-is-layout-constrained\">\n<p class=\"has-text-align-center wp-block-paragraph\"><\/p>\n\n\n\n<div class=\"wp-block-buttons is-content-justification-center is-layout-flex wp-container-core-buttons-is-layout-3e41869c wp-block-buttons-is-layout-flex\"><\/div>\n<\/div>\n\n\n\n<div style=\"height:var(--wp--preset--spacing--50)\" aria-hidden=\"true\" class=\"wp-block-spacer\"><\/div>\n<\/div><\/div>\n\n<div class=\"wp-block-group alignfull is-style-section-3 is-layout-constrained wp-block-group-is-layout-constrained\" style=\"margin-top:0;margin-bottom:0;padding-top:var(--wp--preset--spacing--40);padding-bottom:var(--wp--preset--spacing--40)\">\n<div class=\"wp-block-columns alignwide are-vertically-aligned-center is-layout-flex wp-container-core-columns-is-layout-d9ad523d wp-block-columns-is-layout-flex\">\n<div class=\"wp-block-column is-vertically-aligned-center is-layout-flow wp-block-column-is-layout-flow\">\n<figure class=\"wp-block-image size-full\"><img data-recalc-dims=\"1\" decoding=\"async\" width=\"800\" height=\"533\" src=\"https:\/\/i0.wp.com\/bno-travel.com\/wp-content\/uploads\/2025\/07\/10001-4897.jpg?resize=800%2C533&#038;ssl=1\" alt=\"Motoneiges &#xE0; Trysil et Engerdal\" class=\"wp-image-3293\" style=\"aspect-ratio:3\/4;object-fit:cover\" title=\"titre\" srcset=\"https:\/\/i0.wp.com\/bno-travel.com\/wp-content\/uploads\/2025\/07\/10001-4897.jpg?w=5025&amp;ssl=1 5025w, https:\/\/i0.wp.com\/bno-travel.com\/wp-content\/uploads\/2025\/07\/10001-4897.jpg?resize=300%2C200&amp;ssl=1 300w, https:\/\/i0.wp.com\/bno-travel.com\/wp-content\/uploads\/2025\/07\/10001-4897.jpg?resize=1024%2C683&amp;ssl=1 1024w, https:\/\/i0.wp.com\/bno-travel.com\/wp-content\/uploads\/2025\/07\/10001-4897.jpg?resize=768%2C512&amp;ssl=1 768w, https:\/\/i0.wp.com\/bno-travel.com\/wp-content\/uploads\/2025\/07\/10001-4897.jpg?resize=1536%2C1024&amp;ssl=1 1536w, https:\/\/i0.wp.com\/bno-travel.com\/wp-content\/uploads\/2025\/07\/10001-4897.jpg?resize=2048%2C1365&amp;ssl=1 2048w, https:\/\/i0.wp.com\/bno-travel.com\/wp-content\/uploads\/2025\/07\/10001-4897.jpg?w=1600&amp;ssl=1 1600w, https:\/\/i0.wp.com\/bno-travel.com\/wp-content\/uploads\/2025\/07\/10001-4897.jpg?w=2400&amp;ssl=1 2400w\" sizes=\"(max-width: 800px) 100vw, 800px\" \/><\/figure>\n<\/div>\n\n\n\n<div class=\"wp-block-column is-vertically-aligned-center is-content-justification-left is-layout-constrained wp-container-core-column-is-layout-b64f6bf5 wp-block-column-is-layout-constrained\">\n<p class=\"wp-block-paragraph\"><\/p>\n\n\n\n<h2 class=\"wp-block-heading\">Motoneige \u00e0 Trysil et Engerdal - Aventures rapides dans la nature norv\u00e9gienne sauvage<\/h2>\n\n\n\n<p class=\"wp-block-paragraph\">Bienvenue \u00e0 Trysil et Engerdal - deux des plus belles r\u00e9gions de motoneige de Norv\u00e8ge, o\u00f9 vous pourrez vivre une v\u00e9ritable aventure hivernale en motoneige ! Vous y trouverez des kilom\u00e8tres de pistes balis\u00e9es, des visites guid\u00e9es professionnelles et la possibilit\u00e9 de louer une motoneige pour une journ\u00e9e ou un week-end. Que vous soyez \u00e0 la recherche de vitesse, d&rsquo;exp\u00e9riences en pleine nature ou que vous souhaitiez simplement essayer quelque chose de nouveau, la motoneige est une alternative fantastique au ski et au snowboard.  <\/p>\n\n\n\n<p class=\"wp-block-paragraph\"><strong>BNO TRAVEL<\/strong> vous aide \u00e0 planifier votre voyage en motoneige du d\u00e9but \u00e0 la fin - avec l&rsquo;h\u00e9bergement, la location de motoneige, le guide et le transport. Tout est organis\u00e9 pour que vous viviez une exp\u00e9rience s\u00fbre, amusante et inoubliable dans les montagnes hivernales.   <\/p>\n\n\n\n<p class=\"wp-block-paragraph\">Trois zones \u00e0 explorer en motoneige<\/p>\n\n\n\n<p class=\"wp-block-paragraph\">1. Pistes de motoneige d&rsquo;Engerdal<\/p>\n\n\n\n<p class=\"wp-block-paragraph\">Le plus grand r\u00e9seau de pistes de motoneige de Norv\u00e8ge. Les pistes traversent des for\u00eats, des montagnes et des lacs - avec des vues magnifiques et une conduite bien organis\u00e9e. <\/p>\n\n\n\n<p class=\"wp-block-paragraph\">2. Drevsj\u00f8 et Femund<\/p>\n\n\n\n<p class=\"wp-block-paragraph\">Randonn\u00e9es en motoneige \u00e0 travers la nature montagneuse romantique nationale et \u00e0 proximit\u00e9 de Femundsmarka. Convient \u00e0 ceux qui recherchent des circuits longue distance et un caract\u00e8re sauvage. <\/p>\n\n\n\n<p class=\"wp-block-paragraph\">3. Zone voisine de Trysil<\/p>\n\n\n\n<p class=\"wp-block-paragraph\">Visites guid\u00e9es organis\u00e9es pr\u00e8s de Trysilfjellet. Parfaites pour ceux qui veulent combiner des vacances de ski avec une activit\u00e9 hivernale nouvelle et diff\u00e9rente. <\/p>\n\n\n\n<div class=\"wp-block-buttons is-layout-flex wp-block-buttons-is-layout-flex\"><\/div>\n<\/div>\n<\/div>\n<\/div>\n\n<div class=\"wp-block-group alignfull is-style-default is-content-justification-center is-layout-constrained wp-container-core-group-is-layout-69af11d0 wp-block-group-is-layout-constrained\" style=\"margin-top:0;margin-bottom:0;padding-top:var(--wp--preset--spacing--40);padding-bottom:var(--wp--preset--spacing--40)\">\n<div class=\"wp-block-group alignwide is-content-justification-left is-layout-constrained wp-container-core-group-is-layout-54d22900 wp-block-group-is-layout-constrained\">\n<p class=\"wp-block-paragraph\">Excursions en motoneige et <a href=\"https:\/\/www.trysilbb.no\/#forside\" target=\"_blank\" rel=\"noopener\">location de motoneiges<\/a><\/p>\n\n\n\n<p class=\"wp-block-paragraph\">Vous avez le choix entre :<\/p>\n\n\n\n<ul class=\"wp-block-list\">\n<li><strong>Visites guid\u00e9es<\/strong> de 1 \u00e0 4 heures<\/li>\n\n\n\n<li><strong>Exp\u00e9riences d&rsquo;une journ\u00e9e enti\u00e8re<\/strong> avec des pauses repas et des arr\u00eats aux points de vue.<\/li>\n\n\n\n<li><strong>Location de scooters<\/strong> sur des pistes balis\u00e9es (\u00e0 Engerdal)<\/li>\n\n\n\n<li>Forfaits combin\u00e9s avec <strong>p\u00eache sur glace, d\u00e9jeuner en pleine nature ou h\u00e9bergement<\/strong><\/li>\n<\/ul>\n\n\n\n<p class=\"wp-block-paragraph\">Tous les circuits partent d&rsquo;une base bien \u00e9tablie, avec de bonnes installations et un bon parking. BNO TRAVEL travaille avec des op\u00e9rateurs locaux fiables pour la location de scooters et les services de guide. <\/p>\n\n\n\n<div class=\"wp-block-buttons is-layout-flex wp-block-buttons-is-layout-flex\"><\/div>\n<\/div>\n<\/div>\n\n<div class=\"wp-block-group alignfull is-content-justification-center is-layout-constrained wp-block-group-is-layout-constrained\" style=\"margin-top:0;margin-bottom:0;padding-top:var(--wp--preset--spacing--40);padding-bottom:var(--wp--preset--spacing--40)\">\n<div class=\"wp-block-columns alignwide are-vertically-aligned-center is-layout-flex wp-container-core-columns-is-layout-7387b849 wp-block-columns-is-layout-flex\">\n<div class=\"wp-block-column is-vertically-aligned-center is-content-justification-left is-layout-constrained wp-container-core-column-is-layout-b64f6bf5 wp-block-column-is-layout-constrained\">\n<h2 class=\"wp-block-heading has-xx-large-font-size\">Faits concernant les exp\u00e9riences en motoneige \u00e0 Trysil et Engerdal<\/h2>\n\n\n\n<p class=\"wp-block-paragraph\">Trysil et surtout la commune voisine d&rsquo;Engerdal sont connues pour leurs pistes de motoneige l\u00e9gales et bien organis\u00e9es. En voici quelques exemples : <\/p>\n\n\n\n<ul class=\"wp-block-list\">\n<li><strong>Plus de 300 km de pistes de motoneige balis\u00e9es<\/strong> \u00e0 Engerdal<\/li>\n\n\n\n<li><strong>Excursions organis\u00e9es en motoneige<\/strong> avec des guides exp\u00e9riment\u00e9s<\/li>\n\n\n\n<li><strong>Location de motoneiges<\/strong> \u00e0 la journ\u00e9e et au week-end<\/li>\n\n\n\n<li><strong>Sentiers s\u00e9curis\u00e9s<\/strong> en montagne, en for\u00eat et sur l&rsquo;eau gel\u00e9e<\/li>\n\n\n\n<li>Des routes <strong>adapt\u00e9es aux d\u00e9butants<\/strong>, mais aussi des itin\u00e9raires stimulants pour les conducteurs exp\u00e9riment\u00e9s<\/li>\n\n\n\n<li><strong>Option passagers<\/strong>, id\u00e9ale pour les couples ou les parents avec enfants<\/li>\n<\/ul>\n\n\n\n<p class=\"wp-block-paragraph\">La conduite s&rsquo;effectue sur des pistes de motoneige homologu\u00e9es et l&rsquo;\u00e9quipement de s\u00e9curit\u00e9 est inclus dans la location. La t\u00e9l\u00e9cabine offre un moyen de transport confortable et prot\u00e9g\u00e9 contre les intemp\u00e9ries entre la vall\u00e9e et le sommet, ce qui est id\u00e9al pour les amateurs de ski et les familles. La t\u00e9l\u00e9cabine renforcera la connexion entre les diff\u00e9rentes parties de la montagne et am\u00e9liorera la fluidit\u00e9 de la station, en particulier en haute saison.  <\/p>\n\n\n\n<p class=\"wp-block-paragraph\">Trysil et Engerdal - plus que du ski<\/p>\n\n\n\n<p class=\"wp-block-paragraph\">La motoneige est une excellente alternative ou un compl\u00e9ment aux activit\u00e9s hivernales classiques telles que le ski et le snowboard. D\u00e9couvrez les montagnes d&rsquo;une nouvelle mani\u00e8re : vitesse, sensations fortes et contact avec la nature. Apr\u00e8s l&rsquo;excursion, vous pourrez vous d\u00e9tendre dans un sauna chaud, manger des plats locaux ou profiter du silence de la montagne au coin du feu.  <\/p>\n\n\n\n<div class=\"wp-block-buttons is-layout-flex wp-block-buttons-is-layout-flex\"><\/div>\n<\/div>\n\n\n\n<div class=\"wp-block-column is-vertically-aligned-center is-layout-flow wp-block-column-is-layout-flow\">\n<figure class=\"wp-block-image size-full\"><img data-recalc-dims=\"1\" decoding=\"async\" width=\"800\" height=\"533\" src=\"https:\/\/i0.wp.com\/bno-travel.com\/wp-content\/uploads\/2025\/07\/10001-4880.jpg?resize=800%2C533&#038;ssl=1\" alt=\"Excursion guid&#xE9;e en motoneige avec vitesse et plaisir\" class=\"wp-image-3309\" style=\"aspect-ratio:3\/4;object-fit:cover\" srcset=\"https:\/\/i0.wp.com\/bno-travel.com\/wp-content\/uploads\/2025\/07\/10001-4880.jpg?w=3699&amp;ssl=1 3699w, https:\/\/i0.wp.com\/bno-travel.com\/wp-content\/uploads\/2025\/07\/10001-4880.jpg?resize=300%2C200&amp;ssl=1 300w, https:\/\/i0.wp.com\/bno-travel.com\/wp-content\/uploads\/2025\/07\/10001-4880.jpg?resize=1024%2C683&amp;ssl=1 1024w, https:\/\/i0.wp.com\/bno-travel.com\/wp-content\/uploads\/2025\/07\/10001-4880.jpg?resize=768%2C512&amp;ssl=1 768w, https:\/\/i0.wp.com\/bno-travel.com\/wp-content\/uploads\/2025\/07\/10001-4880.jpg?resize=1536%2C1024&amp;ssl=1 1536w, https:\/\/i0.wp.com\/bno-travel.com\/wp-content\/uploads\/2025\/07\/10001-4880.jpg?resize=2048%2C1365&amp;ssl=1 2048w, https:\/\/i0.wp.com\/bno-travel.com\/wp-content\/uploads\/2025\/07\/10001-4880.jpg?w=1600&amp;ssl=1 1600w, https:\/\/i0.wp.com\/bno-travel.com\/wp-content\/uploads\/2025\/07\/10001-4880.jpg?w=2400&amp;ssl=1 2400w\" sizes=\"(max-width: 800px) 100vw, 800px\" \/><\/figure>\n<\/div>\n<\/div>\n<\/div>\n\n<div class=\"wp-block-group alignfull is-style-default is-content-justification-center is-layout-constrained wp-container-core-group-is-layout-69af11d0 wp-block-group-is-layout-constrained\" style=\"margin-top:0;margin-bottom:0;padding-top:var(--wp--preset--spacing--40);padding-bottom:var(--wp--preset--spacing--40)\">\n<div class=\"wp-block-group alignfull is-content-justification-center is-layout-constrained wp-container-core-group-is-layout-81aa85af wp-block-group-is-layout-constrained\" style=\"margin-top:0;margin-bottom:0;padding-top:calc( 0.5 * var(--wp--style--root--padding-right, var(--wp--custom--gap--horizontal)));padding-right:var(--wp--style--root--padding-right, var(--wp--custom--gap--horizontal));padding-bottom:calc( 0.5 * var(--wp--style--root--padding-right, var(--wp--custom--gap--horizontal)));padding-left:var(--wp--style--root--padding-left, var(--wp--custom--gap--horizontal))\">\n<div style=\"height:calc( 0.25 * var(--wp--style--root--padding-right, var(--wp--custom--gap--horizontal)))\" aria-hidden=\"true\" class=\"wp-block-spacer\"><\/div>\n\n\n\n<div class=\"wp-block-columns alignwide is-layout-flex wp-container-core-columns-is-layout-7387b849 wp-block-columns-is-layout-flex\">\n<div class=\"wp-block-column is-vertically-aligned-center is-layout-flow wp-block-column-is-layout-flow\">\n<figure class=\"wp-block-image size-full\"><img data-recalc-dims=\"1\" decoding=\"async\" src=\"https:\/\/i0.wp.com\/bno-travel.com\/wp-content\/uploads\/2025\/07\/IMG_3633-%E2%80%93-Kopi.jpg?w=800&#038;ssl=1\" alt=\"Chambre 726 combin&#xE9;e avec la motoneige\" class=\"wp-image-3324\" style=\"aspect-ratio:3\/4;object-fit:cover\"\/><\/figure>\n<\/div>\n\n\n\n<div class=\"wp-block-column is-vertically-aligned-center is-layout-flow wp-block-column-is-layout-flow\">\n<p class=\"has-text-align-left wp-block-paragraph\">Un h\u00e9bergement unique combin\u00e9 \u00e0 une motoneige (\u00e0 venir)<\/p>\n\n\n\n<p class=\"wp-block-paragraph\">Bient\u00f4t, vous pourrez vivre une exp\u00e9rience tout \u00e0 fait unique \u00e0 Engerdal ! La <strong>chambre 726<\/strong> est une nouvelle exp\u00e9rience d&rsquo;h\u00e9bergement exclusive qui sera disponible \u00e0 la location - en pleine nature et juste \u00e0 c\u00f4t\u00e9 des pistes de motoneige. Il s&rsquo;agit de chambres d&rsquo;h\u00f4tel situ\u00e9es en pleine nature, o\u00f9 vous combinez confort et proximit\u00e9 avec la nature. <\/p>\n\n\n\n<p class=\"wp-block-paragraph\">Ici, vous b\u00e9n\u00e9ficiez du <strong>standard h\u00f4telier avec salle de bain priv\u00e9e, lits moelleux, sauna et vue sur la for\u00eat<\/strong>, ainsi que d&rsquo;un acc\u00e8s direct aux pistes de motoneige et aux aventures hivernales. C&rsquo;est l&rsquo;endroit id\u00e9al pour ceux qui veulent d\u00e9couvrir les montagnes d&rsquo;une mani\u00e8re diff\u00e9rente, que vous voyagiez avec votre petite amie, vos amis ou que vous souhaitiez simplement vous d\u00e9tendre. <\/p>\n\n\n\n<p class=\"has-text-align-left wp-block-paragraph\">Avec la <strong>chambre 726<\/strong>, vous b\u00e9n\u00e9ficiez de la tranquillit\u00e9, du luxe et d&rsquo;une v\u00e9ritable sensation de nature sauvage, le tout dans un seul et m\u00eame ensemble. Bient\u00f4t, vous pourrez r\u00e9server cette chambre tr\u00e8s sp\u00e9ciale via BNO TRAVEL - et vivre l&rsquo;exp\u00e9rience Engerdal comme vous ne l&rsquo;oublierez jamais. <\/p>\n\n\n\n<p class=\"has-text-align-left wp-block-paragraph\">Planifiez votre voyage en motoneige avec BNO TRAVEL<\/p>\n\n\n\n<p class=\"wp-block-paragraph\">BNO TRAVEL personnalise les exp\u00e9riences de motoneige pour les individus, les couples, les familles et les groupes. Nous vous aiderons \u00e0 r\u00e9server votre motoneige, votre guide et votre <a href=\"https:\/\/bno-travel.com\/fr\/hebergement\/\">h\u00e9bergement<\/a> - et vous pouvez \u00eatre s\u00fbr que nous sommes pr\u00eats \u00e0 vous aider. <\/p>\n\n\n\n<p class=\"has-text-align-left wp-block-paragraph\"><strong>R\u00e9servez d\u00e8s aujourd&rsquo;hui votre excursion en motoneige \u00e0 Trysil et Engerdal<\/strong> et vivez une activit\u00e9 hivernale hors du commun !<\/p>\n\n\n\n<div class=\"wp-block-buttons is-content-justification-center is-layout-flex wp-container-core-buttons-is-layout-3e41869c wp-block-buttons-is-layout-flex\"><\/div>\n<\/div>\n<\/div>\n\n\n\n<div style=\"height:calc( 0.25 * var(--wp--style--root--padding-right, var(--wp--custom--gap--horizontal)))\" aria-hidden=\"true\" class=\"wp-block-spacer\"><\/div>\n<\/div>\n\n\n\n<div class=\"wp-block-group alignwide is-content-justification-left is-layout-constrained wp-container-core-group-is-layout-54d22900 wp-block-group-is-layout-constrained\">\n<div class=\"wp-block-buttons is-layout-flex wp-block-buttons-is-layout-flex\"><\/div>\n<\/div>\n<\/div>\n\n<div class=\"wp-block-group alignfull is-style-default is-content-justification-center is-layout-constrained wp-container-core-group-is-layout-cdf99998 wp-block-group-is-layout-constrained\" style=\"margin-top:0;margin-bottom:0;padding-top:var(--wp--preset--spacing--40);padding-bottom:var(--wp--preset--spacing--40)\"><\/div>\n\n<p class=\"wp-block-paragraph\"><\/p>\n","protected":false},"excerpt":{"rendered":"<p>Motoneige \u00e0 Trysil et Engerdal - Aventures rapides dans la nature norv\u00e9gienne sauvage Bienvenue \u00e0 Trysil et Engerdal - deux des plus belles r\u00e9gions de motoneige de Norv\u00e8ge, o\u00f9 vous pourrez vivre une v\u00e9ritable aventure hivernale en motoneige ! Vous y trouverez des kilom\u00e8tres de pistes balis\u00e9es, des visites guid\u00e9es professionnelles et la possibilit\u00e9 de [&hellip;]<\/p>\n","protected":false},"author":260013438,"featured_media":0,"parent":0,"menu_order":0,"comment_status":"closed","ping_status":"closed","template":"","meta":{"_crdt_document":"","footnotes":""},"class_list":["post-4323","page","type-page","status-publish","hentry"],"jetpack_likes_enabled":true,"jetpack_sharing_enabled":true,"jetpack_shortlink":"https:\/\/wp.me\/PgDuwj-17J","jetpack-related-posts":[{"id":2826,"url":"https:\/\/bno-travel.com\/fr\/decouvrez-trysil-toute-lannee-pour-les-vacanciers-actifs\/","url_meta":{"origin":4323,"position":0},"title":"D\u00e9couvrez Trysil : Toute l&rsquo;ann\u00e9e pour les vacanciers actifs","author":"Jan Terje \u00c5s","date":"18 juillet 2025","format":false,"excerpt":"Exp\u00e9rience Trysil \u2605\u2605\u2605\u2605\u2605 Vous trouverez ici des logements \u00e0 Trysil Trysil n'est pas seulement la plus grande destination de ski de Norv\u00e8ge, c'est aussi un paradis tout au long de l'ann\u00e9e pour les vacanciers actifs, les familles et les amoureux de la nature. Que vous visitiez la montagne pour la\u2026","rel":"","context":"Article similaire","block_context":{"text":"Article similaire","link":""},"img":{"alt_text":"Opplev Trysil","src":"https:\/\/i0.wp.com\/bno-travel.com\/wp-content\/uploads\/2025\/07\/20.06.19_Dronebilder-Sentrum_FULLSIZE-2.jpg?resize=350%2C200&ssl=1","width":350,"height":200,"srcset":"https:\/\/i0.wp.com\/bno-travel.com\/wp-content\/uploads\/2025\/07\/20.06.19_Dronebilder-Sentrum_FULLSIZE-2.jpg?resize=350%2C200&ssl=1 1x, https:\/\/i0.wp.com\/bno-travel.com\/wp-content\/uploads\/2025\/07\/20.06.19_Dronebilder-Sentrum_FULLSIZE-2.jpg?resize=525%2C300&ssl=1 1.5x, https:\/\/i0.wp.com\/bno-travel.com\/wp-content\/uploads\/2025\/07\/20.06.19_Dronebilder-Sentrum_FULLSIZE-2.jpg?resize=700%2C400&ssl=1 2x, https:\/\/i0.wp.com\/bno-travel.com\/wp-content\/uploads\/2025\/07\/20.06.19_Dronebilder-Sentrum_FULLSIZE-2.jpg?resize=1050%2C600&ssl=1 3x, https:\/\/i0.wp.com\/bno-travel.com\/wp-content\/uploads\/2025\/07\/20.06.19_Dronebilder-Sentrum_FULLSIZE-2.jpg?resize=1400%2C800&ssl=1 4x"},"classes":[]},{"id":4247,"url":"https:\/\/bno-travel.com\/fr\/motoneiges-a-salen\/","url_meta":{"origin":4323,"position":1},"title":"Motoneiges \u00e0 S\u00e4len","author":"Jan Terje \u00c5s","date":"18 juillet 2025","format":false,"excerpt":"Motoneige \u00e0 S\u00e4len - Des aventures rapides dans la vraie nature des montagnes su\u00e9doises Bienvenue \u00e0 S\u00e4len, l'une des destinations hivernales les plus populaires de Su\u00e8de, o\u00f9 vous pouvez non seulement skier, mais aussi faire l'exp\u00e9rience de l'adr\u00e9naline et de la libert\u00e9 en motoneige! Vous y trouverez des pistes de\u2026","rel":"","context":"Article similaire","block_context":{"text":"Article similaire","link":""},"img":{"alt_text":"Sn\u00f8scooter BNO TRAVEL","src":"https:\/\/i0.wp.com\/bno-travel.com\/wp-content\/uploads\/2025\/07\/10000-5116.jpg?resize=350%2C200&ssl=1","width":350,"height":200,"srcset":"https:\/\/i0.wp.com\/bno-travel.com\/wp-content\/uploads\/2025\/07\/10000-5116.jpg?resize=350%2C200&ssl=1 1x, https:\/\/i0.wp.com\/bno-travel.com\/wp-content\/uploads\/2025\/07\/10000-5116.jpg?resize=525%2C300&ssl=1 1.5x, https:\/\/i0.wp.com\/bno-travel.com\/wp-content\/uploads\/2025\/07\/10000-5116.jpg?resize=700%2C400&ssl=1 2x, https:\/\/i0.wp.com\/bno-travel.com\/wp-content\/uploads\/2025\/07\/10000-5116.jpg?resize=1050%2C600&ssl=1 3x, https:\/\/i0.wp.com\/bno-travel.com\/wp-content\/uploads\/2025\/07\/10000-5116.jpg?resize=1400%2C800&ssl=1 4x"},"classes":[]},{"id":28397,"url":"https:\/\/bno-travel.com\/overnatting-i-trysil\/","url_meta":{"origin":4323,"position":2},"title":"overnatting-i-trysil","author":"Jan Terje \u00c5s","date":"4 avril 2026","format":false,"excerpt":"Destinasjon \u00b7 Trysil Overnatting i Trysil med tilgang til omr\u00e5dene som passer best for reisen din Utforsk omr\u00e5der i Trysil som Trysil Turistsenter, Trysil Sentrum, Trysilfjell Hytteomr\u00e5de og Fager\u00e5sen \/ Trysil H\u00f8yfjellssenter \u2013 og finn et opphold som passer reisen din. Se omr\u00e5der i Trysil Oppdag Trysil Finn riktig omr\u00e5de\u2026","rel":"","context":"Article similaire","block_context":{"text":"Article similaire","link":""},"img":{"alt_text":"","src":"","width":0,"height":0},"classes":[]},{"id":28453,"url":"https:\/\/bno-travel.com\/en\/elementor-28397\/","url_meta":{"origin":4323,"position":3},"title":"Elementor #28397","author":"Jan Terje \u00c5s","date":"4 avril 2026","format":false,"excerpt":"Destination \u00b7 Trysil Accommodation in Trysil with easy access to the areas that best suit your trip Explore areas in Trysil such as Trysil Turistsenter, Trysil Sentrum, Trysilfjell Hytteomr\u00e5de and Fager\u00e5sen \/ Trysil H\u00f8yfjellssenter \u2013 and find the stay that best matches your trip. Explore areas in Trysil Discover Trysil\u2026","rel":"","context":"Article similaire","block_context":{"text":"Article similaire","link":""},"img":{"alt_text":"","src":"","width":0,"height":0},"classes":[]},{"id":2698,"url":"https:\/\/bno-travel.com\/en\/trysil-turistsenter\/","url_meta":{"origin":4323,"position":4},"title":"Trysil Turistsenter","author":"Jan Terje \u00c5s","date":"18 juillet 2025","format":false,"excerpt":"Trysil \u00b7 Main area Trysil Turistsenter \u2013 accommodation in Trysil with easy access to activities, ski school, and ski rental Trysil Turistsenter is one of the most popular areas for accommodation in Trysil, with close access to activities, services, and an excellent base for both winter and summer stays. View\u2026","rel":"","context":"Article similaire","block_context":{"text":"Article similaire","link":""},"img":{"alt_text":"","src":"","width":0,"height":0},"classes":[]},{"id":28442,"url":"https:\/\/bno-travel.com\/is\/elementor-28397\/","url_meta":{"origin":4323,"position":5},"title":"Elementor #28397","author":"Jan Terje \u00c5s","date":"4 avril 2026","format":false,"excerpt":"\u00c1fangasta\u00f0ur \u00b7 Trysil Gisting \u00ed Trysil me\u00f0 a\u00f0gangi a\u00f0 sv\u00e6\u00f0unum sem henta fer\u00f0 \u00feinni best Sko\u00f0a\u00f0u sv\u00e6\u00f0i \u00ed Trysil eins og Trysil Turistsenter, Trysil Sentrum, Trysilfjell Hytteomr\u00e5de og Fager\u00e5sen \/ Trysil H\u00f8yfjellssenter \u2013 og finndu gistingu sem hentar fer\u00f0 \u00feinni. Sj\u00e1 sv\u00e6\u00f0i \u00ed Trysil Uppg\u00f6tva\u00f0u Trysil Finndu r\u00e9tta sv\u00e6\u00f0i\u00f0 fyrir\u2026","rel":"","context":"Article similaire","block_context":{"text":"Article similaire","link":""},"img":{"alt_text":"","src":"","width":0,"height":0},"classes":[]}],"_links":{"self":[{"href":"https:\/\/bno-travel.com\/fr\/wp-json\/wp\/v2\/pages\/4323","targetHints":{"allow":["GET"]}}],"collection":[{"href":"https:\/\/bno-travel.com\/fr\/wp-json\/wp\/v2\/pages"}],"about":[{"href":"https:\/\/bno-travel.com\/fr\/wp-json\/wp\/v2\/types\/page"}],"author":[{"embeddable":true,"href":"https:\/\/bno-travel.com\/fr\/wp-json\/wp\/v2\/users\/260013438"}],"replies":[{"embeddable":true,"href":"https:\/\/bno-travel.com\/fr\/wp-json\/wp\/v2\/comments?post=4323"}],"version-history":[{"count":3,"href":"https:\/\/bno-travel.com\/fr\/wp-json\/wp\/v2\/pages\/4323\/revisions"}],"predecessor-version":[{"id":11708,"href":"https:\/\/bno-travel.com\/fr\/wp-json\/wp\/v2\/pages\/4323\/revisions\/11708"}],"wp:attachment":[{"href":"https:\/\/bno-travel.com\/fr\/wp-json\/wp\/v2\/media?parent=4323"}],"curies":[{"name":"wp","href":"https:\/\/api.w.org\/{rel}","templated":true}]}}