
{"id":4561,"date":"2025-07-11T14:00:02","date_gmt":"2025-07-11T12:00:02","guid":{"rendered":"https:\/\/bno-travel.com\/?page_id=4561"},"modified":"2025-07-11T14:00:04","modified_gmt":"2025-07-11T12:00:04","slug":"politique-de-confidentialite","status":"publish","type":"page","link":"https:\/\/bno-travel.com\/fr\/politique-de-confidentialite\/","title":{"rendered":"Politique de confidentialit\u00e9"},"content":{"rendered":"\n<div class=\"wp-block-group alignfull is-style-default has-global-padding is-content-justification-center is-layout-constrained wp-container-core-group-is-layout-85cd70cc wp-block-group-is-layout-constrained\" style=\"margin-top:0;margin-bottom:0;padding-top:var(--wp--preset--spacing--40);padding-bottom:var(--wp--preset--spacing--70)\">\n<div class=\"wp-block-group alignwide has-global-padding is-layout-constrained wp-block-group-is-layout-constrained\">\n<h2 class=\"wp-block-heading has-text-align-center is-pricing-title\"><strong>Politique de confidentialit\u00e9<\/strong><\/h2>\n\n\n\n<p class=\"has-text-align-center is-pricing-description wp-block-paragraph\"><strong>Politique de confidentialit\u00e9<\/strong><\/p>\n\n\n\n<p class=\"wp-block-paragraph\"><strong>Cette politique de confidentialit\u00e9 concerne la mani\u00e8re dont <\/strong>BNO TRAVEL<strong> recueille et utilise les donn\u00e9es personnelles vous concernant.<\/strong><\/p>\n\n\n\n<p class=\"wp-block-paragraph\"><strong>Nous utilisons des cookies sur bno-travel.com.<\/strong> <strong>En utilisant notre site web avec des cookies activ\u00e9s dans votre navigateur (ce qui est le cas par d\u00e9faut), vous acceptez que nous stockions des cookies pour fournir nos services. Si vous le souhaitez, vous pouvez facilement d\u00e9sactiver les cookies dans votre navigateur. <\/strong><\/p>\n\n\n\n<p class=\"wp-block-paragraph\">Nous utilisons les cookies suivants :<\/p>\n\n\n\n<p class=\"wp-block-paragraph\"><strong>Google Analytics<\/strong><\/p>\n\n\n\n<p class=\"wp-block-paragraph\">Lorsque vous visitez notre site web, nous stockons des informations qui sont utilis\u00e9es pour analyser l&rsquo;utilisation du site web \u00e0 l&rsquo;aide de Google Analytics.<\/p>\n\n\n\n<p class=\"wp-block-paragraph\">Nous utilisons cette analyse pour adapter le contenu et la conception du site web afin de vous permettre de trouver encore plus facilement les informations que vous recherchez.<\/p>\n\n\n\n<p class=\"wp-block-paragraph\">Nous avons \u00e9galement li\u00e9 Google Analytics et Google Ads afin d&rsquo;utiliser les informations stock\u00e9es pour vous proposer les annonces les plus pertinentes dans Google ou dans le r\u00e9seau publicitaire de Google.<\/p>\n\n\n\n<p class=\"wp-block-paragraph\">Les recherches effectu\u00e9es sur le site web sont enregistr\u00e9es dans Google Analytics. Cela nous permet \u00e9galement d&rsquo;adapter le contenu et la conception du site et de vous offrir ainsi une meilleure exp\u00e9rience d&rsquo;utilisation. <\/p>\n\n\n\n<p class=\"wp-block-paragraph\">Google Analytics, un service appartenant \u00e0 Google, met en place plusieurs cookies pour effectuer cette analyse. Voir les <a href=\"https:\/\/policies.google.com\/privacy?hl=no\" target=\"_blank\" rel=\"noreferrer noopener\"><strong>Politique de confidentialit\u00e9 de Google<\/strong><\/a> pour plus d&rsquo;informations. <\/p>\n\n\n\n<p class=\"wp-block-paragraph\"><strong>Pixel Facebook<\/strong><\/p>\n\n\n\n<p class=\"wp-block-paragraph\">Lorsque vous visitez notre site web et que les cookies sont activ\u00e9s dans votre navigateur, des informations sont stock\u00e9es que nous pouvons utiliser dans notre marketing.<\/p>\n\n\n\n<p class=\"wp-block-paragraph\">Le pixel Facebook est utilis\u00e9 pour vous fournir le contenu le plus pertinent sur Facebook, par exemple en vous montrant des publicit\u00e9s susceptibles de vous int\u00e9resser.<\/p>\n\n\n\n<p class=\"wp-block-paragraph\"><strong>Quelles sont les donn\u00e9es personnelles trait\u00e9es et o\u00f9 sont-elles collect\u00e9es ?<\/strong><\/p>\n\n\n\n<p class=\"wp-block-paragraph\"><strong>Donn\u00e9es personnelles dans les messages \u00e9lectroniques<\/strong><\/p>\n\n\n\n<p class=\"wp-block-paragraph\">Si vous nous contactez par e-mail ou par le biais d&rsquo;un formulaire de contact, vous consentez \u00e0 ce que les donn\u00e9es soient utilis\u00e9es pour vous contacter et r\u00e9pondre \u00e0 votre demande.  <\/p>\n\n\n\n<p class=\"wp-block-paragraph\">Ces messages \u00e9lectroniques sont stock\u00e9s dans notre syst\u00e8me, qui est couvert par un <strong>accord de traitement des donn\u00e9es<\/strong> avec notre fournisseur de syst\u00e8me. Les messages \u00e9lectroniques sont supprim\u00e9s apr\u00e8s 60 jours. <\/p>\n\n\n\n<p class=\"wp-block-paragraph\"><strong>Traitement des plaintes et violations de la s\u00e9curit\u00e9<\/strong><\/p>\n\n\n\n<p class=\"wp-block-paragraph\">Si vous avez une plainte \u00e0 formuler concernant le traitement des donn\u00e9es \u00e0 caract\u00e8re personnel, <a href=\"mailto:booking@bno-travel.com?subject=Personvern\">veuillez contacter le directeur g\u00e9n\u00e9ral<\/a>. Vous avez le droit de vous plaindre de notre traitement des donn\u00e9es personnelles aupr\u00e8s de l&rsquo;Autorit\u00e9 norv\u00e9gienne de protection des donn\u00e9es : <a href=\"https:\/\/www.datatilsynet.no\/\" target=\"_blank\" rel=\"noreferrer noopener\"><strong>www.datatilsynet.no<\/strong><\/a>. <\/p>\n\n\n\n<p class=\"wp-block-paragraph\">Toute violation de la s\u00e9curit\u00e9 entra\u00eenant accidentellement ou ill\u00e9galement la destruction, la perte, l&rsquo;alt\u00e9ration, la divulgation non autoris\u00e9e de donn\u00e9es \u00e0 caract\u00e8re personnel transmises, stock\u00e9es ou trait\u00e9es d&rsquo;une autre mani\u00e8re, ou l&rsquo;acc\u00e8s \u00e0 ces donn\u00e9es, est consid\u00e9r\u00e9e comme une violation de la s\u00e9curit\u00e9. En cas de violation, l&rsquo;autorit\u00e9 norv\u00e9gienne de protection des donn\u00e9es (Datatilsynet) sera notifi\u00e9e dans les 72 heures suivant la prise de connaissance de la violation. <\/p>\n\n\n\n<p class=\"wp-block-paragraph\"><strong>Acc\u00e8s et droits \u00e0 vos donn\u00e9es personnelles<\/strong><\/p>\n\n\n\n<p class=\"wp-block-paragraph\">Vous avez le droit de demander l&rsquo;acc\u00e8s aux donn\u00e9es personnelles que BNO TRAVEL d\u00e9tient \u00e0 votre sujet. Vous avez \u00e9galement le droit de demander une correction si ces donn\u00e9es sont incorrectes. Il est important que les informations dont nous disposons \u00e0 votre sujet soient correctes et \u00e0 jour. Si vous remarquez des erreurs, nous vous encourageons \u00e0 nous contacter afin que les informations puissent \u00eatre corrig\u00e9es. Vous pouvez \u00e0 tout moment retirer votre consentement au traitement de vos donn\u00e9es personnelles. Vous pouvez \u00e9galement nous contacter si vous souhaitez que vos donn\u00e9es soient supprim\u00e9es.       <\/p>\n\n\n\n<p class=\"wp-block-paragraph\"><strong>Informations sur le contact<\/strong><\/p>\n\n\n\n<p class=\"wp-block-paragraph\"><a href=\"https:\/\/www.booktrysilonline.com\/kontakt\/\" target=\"_blank\" rel=\"noreferrer noopener\"><strong>Veuillez nous contacter<\/strong><\/a> si vous souhaitez acc\u00e9der \u00e0 ce que nous avons stock\u00e9 sur votre personne.<\/p>\n\n\n\n<p class=\"wp-block-paragraph\"><strong>Responsable du traitement des donn\u00e9es :<\/strong><\/p>\n\n\n\n<p class=\"wp-block-paragraph\">Directeur g\u00e9n\u00e9ral<\/p>\n\n\n\n<p class=\"wp-block-paragraph\">Adresse : BNO TRAVEL, Vestmoveien 7A, 2450 Trysil<\/p>\n\n\n\n<p class=\"wp-block-paragraph\">T\u00e9l\u00e9phone : <a href=\"https:\/\/app.mews.com\/Navigator\/documents\/c84ed54f-f0e0-40ac-8ac1-b0c20090400d?language=nb-NO\" target=\"_blank\" rel=\"noreferrer noopener\"><strong>40 34 16 17<\/strong><\/a><\/p>\n\n\n\n<p class=\"has-text-align-left is-pricing-description wp-block-paragraph\">Courriel : <strong><a href=\"mailto:booking@bno-travel.com\">booking@bno-travel.com<\/a><\/strong><\/p>\n\n\n\n<div class=\"wp-block-group alignfull has-global-padding is-content-justification-center is-layout-constrained wp-container-core-group-is-layout-b7b1c538 wp-block-group-is-layout-constrained\" style=\"margin-top:0;margin-bottom:0;padding-top:var(--wp--preset--spacing--40);padding-right:var(--wp--preset--spacing--40)\">\n<div style=\"height:calc( 0.25 * var(--wp--style--root--padding-right, var(--wp--custom--gap--horizontal)))\" aria-hidden=\"true\" class=\"wp-block-spacer\"><\/div>\n<\/div>\n\n\n\n<p class=\"has-text-align-center is-pricing-description wp-block-paragraph\"><\/p>\n<\/div>\n<\/div>\n\n<p class=\"wp-block-paragraph\"><\/p>\n","protected":false},"excerpt":{"rendered":"<p>Politique de confidentialit\u00e9 Politique de confidentialit\u00e9 Cette politique de confidentialit\u00e9 concerne la mani\u00e8re dont BNO TRAVEL recueille et utilise les donn\u00e9es personnelles vous concernant. Nous utilisons des cookies sur bno-travel.com. En utilisant notre site web avec des cookies activ\u00e9s dans votre navigateur (ce qui est le cas par d\u00e9faut), vous acceptez que nous stockions des [&hellip;]<\/p>\n","protected":false},"author":260013438,"featured_media":0,"parent":0,"menu_order":0,"comment_status":"closed","ping_status":"closed","template":"","meta":{"_crdt_document":"","jetpack_post_was_ever_published":false,"footnotes":""},"class_list":["post-4561","page","type-page","status-publish","hentry"],"jetpack_likes_enabled":true,"jetpack_sharing_enabled":true,"jetpack_shortlink":"https:\/\/wp.me\/PgDuwj-1bz","jetpack-related-posts":[{"id":1905,"url":"https:\/\/bno-travel.com\/fr\/conditions-de-voyage-bno-travel\/","url_meta":{"origin":4561,"position":0},"title":"Conditions de voyage BNO TRAVEL","author":"Jan Terje \u00c5s","date":"11 juillet 2025","format":false,"excerpt":"Les conditions de r\u00e9servation s'appliquent \u00e0 BNO TRAVEL NO-2420 Trysil, org. no , t\u00e9l\u00e9phone (+47) en tant qu'interm\u00e9diaire du bailleur. Les conditions s'appliquent entre BNO TRAVEL, ci-apr\u00e8s d\u00e9nomm\u00e9 le bailleur, et la personne responsable de la location d'un logement aupr\u00e8s de BNO TRAVEL et ses compagnons de voyage, ci-apr\u00e8s d\u00e9nomm\u00e9\u2026","rel":"","context":"Article similaire","block_context":{"text":"Article similaire","link":""},"img":{"alt_text":"","src":"https:\/\/i0.wp.com\/bno-travel.com\/wp-content\/uploads\/2025\/06\/10001-20191216-Drone0747-scaled-1.jpg?resize=350%2C200&ssl=1","width":350,"height":200,"srcset":"https:\/\/i0.wp.com\/bno-travel.com\/wp-content\/uploads\/2025\/06\/10001-20191216-Drone0747-scaled-1.jpg?resize=350%2C200&ssl=1 1x, https:\/\/i0.wp.com\/bno-travel.com\/wp-content\/uploads\/2025\/06\/10001-20191216-Drone0747-scaled-1.jpg?resize=525%2C300&ssl=1 1.5x, https:\/\/i0.wp.com\/bno-travel.com\/wp-content\/uploads\/2025\/06\/10001-20191216-Drone0747-scaled-1.jpg?resize=700%2C400&ssl=1 2x, https:\/\/i0.wp.com\/bno-travel.com\/wp-content\/uploads\/2025\/06\/10001-20191216-Drone0747-scaled-1.jpg?resize=1050%2C600&ssl=1 3x, https:\/\/i0.wp.com\/bno-travel.com\/wp-content\/uploads\/2025\/06\/10001-20191216-Drone0747-scaled-1.jpg?resize=1400%2C800&ssl=1 4x"},"classes":[]},{"id":4345,"url":"https:\/\/bno-travel.com\/fr\/ski-de-fond-a-trysil\/","url_meta":{"origin":4561,"position":1},"title":"Ski de fond \u00e0 Trysil","author":"Jan Terje \u00c5s","date":"18 juillet 2025","format":false,"excerpt":"Ski de fond \u00e0 Trysil - D\u00e9couvrez les pistes de ski de fond les plus belles et les plus vari\u00e9es de Norv\u00e8ge Bienvenue \u00e0 Trysil - un paradis hivernal pour les amateurs de ski de fond ! Avec plus de 100 kilom\u00e8tres de pistes dam\u00e9es, des itin\u00e9raires vari\u00e9s \u00e0 travers\u2026","rel":"","context":"Article similaire","block_context":{"text":"Article similaire","link":""},"img":{"alt_text":"Langrenn i Trysil","src":"https:\/\/i0.wp.com\/bno-travel.com\/wp-content\/uploads\/2025\/07\/IMG_5369-rotated.jpg?resize=350%2C200&ssl=1","width":350,"height":200,"srcset":"https:\/\/i0.wp.com\/bno-travel.com\/wp-content\/uploads\/2025\/07\/IMG_5369-rotated.jpg?resize=350%2C200&ssl=1 1x, https:\/\/i0.wp.com\/bno-travel.com\/wp-content\/uploads\/2025\/07\/IMG_5369-rotated.jpg?resize=525%2C300&ssl=1 1.5x, https:\/\/i0.wp.com\/bno-travel.com\/wp-content\/uploads\/2025\/07\/IMG_5369-rotated.jpg?resize=700%2C400&ssl=1 2x, https:\/\/i0.wp.com\/bno-travel.com\/wp-content\/uploads\/2025\/07\/IMG_5369-rotated.jpg?resize=1050%2C600&ssl=1 3x, https:\/\/i0.wp.com\/bno-travel.com\/wp-content\/uploads\/2025\/07\/IMG_5369-rotated.jpg?resize=1400%2C800&ssl=1 4x"},"classes":[]},{"id":4434,"url":"https:\/\/bno-travel.com\/es\/esqui-de-fondo-en-trysil\/","url_meta":{"origin":4561,"position":2},"title":"Esqu\u00ed de fondo en Trysil","author":"Jan Terje \u00c5s","date":"18 juillet 2025","format":false,"excerpt":"Esqu\u00ed de fondo en Trysil - Experimenta las pistas de fondo m\u00e1s bellas y variadas de Noruega Bienvenido a Trysil, \u00a1un para\u00edso invernal para los amantes del esqu\u00ed de fondo! Con m\u00e1s de 100 kil\u00f3metros de pistas preparadas, rutas variadas por bosques y monta\u00f1as, zonas aptas para familias y magn\u00edficos\u2026","rel":"","context":"Article similaire","block_context":{"text":"Article similaire","link":""},"img":{"alt_text":"","src":"https:\/\/i0.wp.com\/bno-travel.com\/wp-content\/uploads\/2025\/06\/6544924759_b5311e64af_w.jpg?resize=350%2C200&ssl=1","width":350,"height":200},"classes":[]},{"id":4220,"url":"https:\/\/bno-travel.com\/es\/esqui-de-fondo-en-salen\/","url_meta":{"origin":4561,"position":3},"title":"Esqu\u00ed de fondo en S\u00e4len","author":"Jan Terje \u00c5s","date":"18 juillet 2025","format":false,"excerpt":"Esqu\u00ed de fondo en S\u00e4len - Vive el para\u00edso del esqu\u00ed de fondo m\u00e1s atmosf\u00e9rico de Suecia Bienvenido a S\u00e4len, uno de los destinos de esqu\u00ed de fondo m\u00e1s tradicionales y populares de Suecia. Con kil\u00f3metros de pistas preparadas, rutas variadas por extensiones monta\u00f1osas abiertas y bosques m\u00e1gicos, zonas aptas\u2026","rel":"","context":"Article similaire","block_context":{"text":"Article similaire","link":""},"img":{"alt_text":"Langrenn i S\u00e4len","src":"https:\/\/i0.wp.com\/bno-travel.com\/wp-content\/uploads\/2025\/07\/AdobeStock_191977886.jpeg?resize=350%2C200&ssl=1","width":350,"height":200,"srcset":"https:\/\/i0.wp.com\/bno-travel.com\/wp-content\/uploads\/2025\/07\/AdobeStock_191977886.jpeg?resize=350%2C200&ssl=1 1x, https:\/\/i0.wp.com\/bno-travel.com\/wp-content\/uploads\/2025\/07\/AdobeStock_191977886.jpeg?resize=525%2C300&ssl=1 1.5x, https:\/\/i0.wp.com\/bno-travel.com\/wp-content\/uploads\/2025\/07\/AdobeStock_191977886.jpeg?resize=700%2C400&ssl=1 2x, https:\/\/i0.wp.com\/bno-travel.com\/wp-content\/uploads\/2025\/07\/AdobeStock_191977886.jpeg?resize=1050%2C600&ssl=1 3x, https:\/\/i0.wp.com\/bno-travel.com\/wp-content\/uploads\/2025\/07\/AdobeStock_191977886.jpeg?resize=1400%2C800&ssl=1 4x"},"classes":[]},{"id":4031,"url":"https:\/\/bno-travel.com\/fr\/ski-de-fond-a-salen\/","url_meta":{"origin":4561,"position":4},"title":"Ski de fond \u00e0 S\u00e4len","author":"Jan Terje \u00c5s","date":"18 juillet 2025","format":false,"excerpt":"Ski de fond \u00e0 S\u00e4len - D\u00e9couvrez le paradis du ski de fond le plus atmosph\u00e9rique de Su\u00e8de Bienvenue \u00e0 S\u00e4len, l'une des destinations de ski de fond les plus traditionnelles et les plus populaires de Su\u00e8de ! Avec des kilom\u00e8tres de pistes dam\u00e9es, des itin\u00e9raires vari\u00e9s \u00e0 travers des\u2026","rel":"","context":"Article similaire","block_context":{"text":"Article similaire","link":""},"img":{"alt_text":"Langrenn i Salen","src":"https:\/\/i0.wp.com\/bno-travel.com\/wp-content\/uploads\/2025\/07\/AdobeStock_191977886.jpeg?resize=350%2C200&ssl=1","width":350,"height":200,"srcset":"https:\/\/i0.wp.com\/bno-travel.com\/wp-content\/uploads\/2025\/07\/AdobeStock_191977886.jpeg?resize=350%2C200&ssl=1 1x, https:\/\/i0.wp.com\/bno-travel.com\/wp-content\/uploads\/2025\/07\/AdobeStock_191977886.jpeg?resize=525%2C300&ssl=1 1.5x, https:\/\/i0.wp.com\/bno-travel.com\/wp-content\/uploads\/2025\/07\/AdobeStock_191977886.jpeg?resize=700%2C400&ssl=1 2x, https:\/\/i0.wp.com\/bno-travel.com\/wp-content\/uploads\/2025\/07\/AdobeStock_191977886.jpeg?resize=1050%2C600&ssl=1 3x, https:\/\/i0.wp.com\/bno-travel.com\/wp-content\/uploads\/2025\/07\/AdobeStock_191977886.jpeg?resize=1400%2C800&ssl=1 4x"},"classes":[]},{"id":2799,"url":"https:\/\/bno-travel.com\/pt-pt\/viajar-aqui-para-salenfjellet\/","url_meta":{"origin":4561,"position":5},"title":"Viajar aqui para S\u00e4lenfjellet","author":"Jan Terje \u00c5s","date":"11 juillet 2025","format":false,"excerpt":". Como chegar a S\u00e4lenfjellet - de avi\u00e3o, de carro, de autocarro, de comboio ou de carro particular \u2708\ufe0f De avi\u00e3o para Oslo Airport Gardermoen (OSL) O aeroporto de Oslo \u00e9 um dos pontos de entrada mais comuns para quem viaja para S\u00e4len. H\u00e1 voos diretos de v\u00e1rias das principais\u2026","rel":"","context":"Article similaire","block_context":{"text":"Article similaire","link":""},"img":{"alt_text":"overnatting i salen","src":"https:\/\/i0.wp.com\/bno-travel.com\/wp-content\/uploads\/2025\/06\/AdobeStock_121113275-e1751307052527.jpeg?resize=350%2C200&ssl=1","width":350,"height":200,"srcset":"https:\/\/i0.wp.com\/bno-travel.com\/wp-content\/uploads\/2025\/06\/AdobeStock_121113275-e1751307052527.jpeg?resize=350%2C200&ssl=1 1x, https:\/\/i0.wp.com\/bno-travel.com\/wp-content\/uploads\/2025\/06\/AdobeStock_121113275-e1751307052527.jpeg?resize=525%2C300&ssl=1 1.5x, https:\/\/i0.wp.com\/bno-travel.com\/wp-content\/uploads\/2025\/06\/AdobeStock_121113275-e1751307052527.jpeg?resize=700%2C400&ssl=1 2x, https:\/\/i0.wp.com\/bno-travel.com\/wp-content\/uploads\/2025\/06\/AdobeStock_121113275-e1751307052527.jpeg?resize=1050%2C600&ssl=1 3x, https:\/\/i0.wp.com\/bno-travel.com\/wp-content\/uploads\/2025\/06\/AdobeStock_121113275-e1751307052527.jpeg?resize=1400%2C800&ssl=1 4x"},"classes":[]}],"_links":{"self":[{"href":"https:\/\/bno-travel.com\/fr\/wp-json\/wp\/v2\/pages\/4561","targetHints":{"allow":["GET"]}}],"collection":[{"href":"https:\/\/bno-travel.com\/fr\/wp-json\/wp\/v2\/pages"}],"about":[{"href":"https:\/\/bno-travel.com\/fr\/wp-json\/wp\/v2\/types\/page"}],"author":[{"embeddable":true,"href":"https:\/\/bno-travel.com\/fr\/wp-json\/wp\/v2\/users\/260013438"}],"replies":[{"embeddable":true,"href":"https:\/\/bno-travel.com\/fr\/wp-json\/wp\/v2\/comments?post=4561"}],"version-history":[{"count":3,"href":"https:\/\/bno-travel.com\/fr\/wp-json\/wp\/v2\/pages\/4561\/revisions"}],"predecessor-version":[{"id":4569,"href":"https:\/\/bno-travel.com\/fr\/wp-json\/wp\/v2\/pages\/4561\/revisions\/4569"}],"wp:attachment":[{"href":"https:\/\/bno-travel.com\/fr\/wp-json\/wp\/v2\/media?parent=4561"}],"curies":[{"name":"wp","href":"https:\/\/api.w.org\/{rel}","templated":true}]}}